{"id":7348,"date":"2024-02-15T12:01:39","date_gmt":"2024-02-15T11:01:39","guid":{"rendered":"https:\/\/yestothenet.com\/?page_id=7348"},"modified":"2024-02-15T12:06:09","modified_gmt":"2024-02-15T11:06:09","slug":"creation-application-mobile-beni-mellal-azilal","status":"publish","type":"page","link":"https:\/\/yestothenet.com\/es\/creacion-de-aplicacion-movil-beni-mellal-azilal\/","title":{"rendered":"\u2026 Creaci\u00f3n de la aplicaci\u00f3n m\u00f3vil Beni Mellal, Azilal"},"content":{"rendered":"<div data-elementor-type=\"wp-page\" data-elementor-id=\"7348\" class=\"elementor elementor-7348\" data-elementor-post-type=\"page\">\n\t\t\t\t\t\t<section class=\"elementor-section elementor-top-section elementor-element elementor-element-2db1430 elementor-section-content-middle ot-traditional elementor-section-boxed elementor-section-height-default elementor-section-height-default\" data-id=\"2db1430\" data-element_type=\"section\">\n\t\t\t\t\t\t<div class=\"elementor-container elementor-column-gap-default\">\n\t\t\t\t\t<div class=\"elementor-column elementor-col-100 elementor-top-column elementor-element elementor-element-9ca7f6d ot-flex-column-vertical\" data-id=\"9ca7f6d\" data-element_type=\"column\">\n\t\t\t<div class=\"elementor-widget-wrap elementor-element-populated\">\n\t\t\t\t\t\t<section class=\"elementor-section elementor-inner-section elementor-element elementor-element-ae21701 elementor-section-content-top elementor-section-full_width ot-traditional elementor-section-height-default elementor-section-height-default\" data-id=\"ae21701\" data-element_type=\"section\">\n\t\t\t\t\t\t<div class=\"elementor-container elementor-column-gap-extended\">\n\t\t\t\t\t<div class=\"elementor-column elementor-col-50 elementor-inner-column elementor-element elementor-element-78f9ac9 ot-flex-column-vertical\" data-id=\"78f9ac9\" data-element_type=\"column\">\n\t\t\t<div class=\"elementor-widget-wrap elementor-element-populated\">\n\t\t\t\t\t\t<div class=\"elementor-element elementor-element-25eb330 elementor-widget elementor-widget-image\" data-id=\"25eb330\" data-element_type=\"widget\" data-widget_type=\"image.default\">\n\t\t\t\t<div class=\"elementor-widget-container\">\n\t\t\t\t\t\t\t\t\t\t\t\t\t<img fetchpriority=\"high\" decoding=\"async\" width=\"552\" height=\"452\" src=\"https:\/\/yestothenet.com\/wp-content\/uploads\/2024\/02\/Creation-application-Mobile-Beni-mellal-Azilal.png\" class=\"attachment-large size-large wp-image-7351\" alt=\"Creaci\u00f3n de aplicaciones m\u00f3viles Beni mellal, Azilal\" srcset=\"https:\/\/yestothenet.com\/wp-content\/uploads\/2024\/02\/Creation-application-Mobile-Beni-mellal-Azilal.png 552w, https:\/\/yestothenet.com\/wp-content\/uploads\/2024\/02\/Creation-application-Mobile-Beni-mellal-Azilal-300x246.png 300w\" sizes=\"(max-width: 552px) 100vw, 552px\" \/>\t\t\t\t\t\t\t\t\t\t\t\t\t<\/div>\n\t\t\t\t<\/div>\n\t\t\t\t\t<\/div>\n\t\t<\/div>\n\t\t\t\t<div class=\"elementor-column elementor-col-50 elementor-inner-column elementor-element elementor-element-dce0f81 ot-flex-column-vertical\" data-id=\"dce0f81\" data-element_type=\"column\">\n\t\t\t<div class=\"elementor-widget-wrap elementor-element-populated\">\n\t\t\t\t\t\t<div class=\"elementor-element elementor-element-ea79d5e elementor-widget elementor-widget-iheading\" data-id=\"ea79d5e\" data-element_type=\"widget\" data-widget_type=\"iheading.default\">\n\t\t\t\t<div class=\"elementor-widget-container\">\n\t\t\t\t\t<div class=\"ot-heading\">\r\n\t        <h1 class=\"main-heading\">S\u00cd A LA RED \u2013 Creaci\u00f3n de aplicaciones m\u00f3viles Beni mellal, Azilal<\/h1>\t    <\/div>\r\n\t    \t\t<\/div>\n\t\t\t\t<\/div>\n\t\t\t\t<div class=\"elementor-element elementor-element-734d7ce elementor-widget elementor-widget-text-editor\" data-id=\"734d7ce\" data-element_type=\"widget\" data-widget_type=\"text-editor.default\">\n\t\t\t\t<div class=\"elementor-widget-container\">\n\t\t\t\t\t\t\t<p>Debido a que la presencia m\u00f3vil se ha convertido en una necesidad absoluta para cualquier negocio que busque prosperar, su agencia de comunicaciones YES TO THE NET est\u00e1 lista para impulsarlo al \u00e9xito con sus servicios m\u00f3viles. <strong>Creaci\u00f3n de aplicaciones m\u00f3viles Beni mellal, Azilal <\/strong>por encargo.<\/p><p>De hecho, con una experiencia incomparable y un compromiso inquebrantable con la satisfacci\u00f3n del cliente, le ofrecemos un servicio de <strong><a href=\"https:\/\/yestothenet.com\/es\/creacion-de-aplicaciones-moviles\/\">creaci\u00f3n de aplicaciones m\u00f3viles<\/a> Beni Melal, Azilal<\/strong> Soluci\u00f3n llave en mano para conquistar el mercado m\u00f3vil y alcanzar nuevas cotas de \u00e9xito.<\/p><p>La mayor\u00eda de los consumidores acceden a servicios e informaci\u00f3n a trav\u00e9s de sus dispositivos m\u00f3viles. Por lo tanto, contar con una aplicaci\u00f3n m\u00f3vil bien dise\u00f1ada se ha vuelto imprescindible para cualquier empresa que busque mantenerse competitiva. Para m\u00e1s informaci\u00f3n sobre... <strong>Creaci\u00f3n de aplicaciones m\u00f3viles Beni mellal, Azilal<\/strong> No dudes en contactarnos en <a href=\"tel:06 61 26 30 34\"><strong>06 61 26 30 34<\/strong><\/a>.<\/p>\t\t\t\t\t\t<\/div>\n\t\t\t\t<\/div>\n\t\t\t\t\t<\/div>\n\t\t<\/div>\n\t\t\t\t\t<\/div>\n\t\t<\/section>\n\t\t\t\t\t<\/div>\n\t\t<\/div>\n\t\t\t\t\t<\/div>\n\t\t<\/section>\n\t\t\t\t<section class=\"elementor-section elementor-top-section elementor-element elementor-element-30c462d ot-traditional elementor-section-boxed elementor-section-height-default elementor-section-height-default\" data-id=\"30c462d\" data-element_type=\"section\">\n\t\t\t\t\t\t<div class=\"elementor-container elementor-column-gap-default\">\n\t\t\t\t\t<div class=\"elementor-column elementor-col-100 elementor-top-column elementor-element elementor-element-c788162 ot-flex-column-vertical\" data-id=\"c788162\" data-element_type=\"column\">\n\t\t\t<div class=\"elementor-widget-wrap elementor-element-populated\">\n\t\t\t\t\t\t<section class=\"elementor-section elementor-inner-section elementor-element elementor-element-ab020ed elementor-section-full_width elementor-section-content-bottom ot-traditional elementor-section-height-default elementor-section-height-default\" data-id=\"ab020ed\" data-element_type=\"section\" data-settings=\"{&quot;background_background&quot;:&quot;classic&quot;}\">\n\t\t\t\t\t\t\t<div class=\"elementor-background-overlay\"><\/div>\n\t\t\t\t\t\t\t<div class=\"elementor-container elementor-column-gap-extended\">\n\t\t\t\t\t<div class=\"elementor-column elementor-col-50 elementor-inner-column elementor-element elementor-element-ffaaf2a ot-flex-column-vertical\" data-id=\"ffaaf2a\" data-element_type=\"column\">\n\t\t\t<div class=\"elementor-widget-wrap elementor-element-populated\">\n\t\t\t\t\t\t<div class=\"elementor-element elementor-element-5ff7ce1 elementor-widget elementor-widget-iheading\" data-id=\"5ff7ce1\" data-element_type=\"widget\" data-widget_type=\"iheading.default\">\n\t\t\t\t<div class=\"elementor-widget-container\">\n\t\t\t\t\t<div class=\"ot-heading\">\r\n\t        \t            <span>\/\/ Con S\u00cd A LA RED,<\/span>\r\n\t        <h2 class=\"main-heading\">Cont\u00e1ctanos ahora <\/h2>\t    <\/div>\r\n\t    \t\t<\/div>\n\t\t\t\t<\/div>\n\t\t\t\t\t<\/div>\n\t\t<\/div>\n\t\t\t\t<div class=\"elementor-column elementor-col-50 elementor-inner-column elementor-element elementor-element-3fd82f3 ot-flex-column-vertical\" data-id=\"3fd82f3\" data-element_type=\"column\">\n\t\t\t<div class=\"elementor-widget-wrap elementor-element-populated\">\n\t\t\t\t\t\t<div class=\"elementor-element elementor-element-e146430 elementor-align-right elementor-mobile-align-left elementor-widget elementor-widget-button\" data-id=\"e146430\" data-element_type=\"widget\" data-widget_type=\"button.default\">\n\t\t\t\t<div class=\"elementor-widget-container\">\n\t\t\t\t\t<div class=\"elementor-button-wrapper\">\n\t\t\t<a class=\"elementor-button elementor-button-link elementor-size-md\" href=\"https:\/\/yestothenet.com\/es\/contacto\/\">\n\t\t\t\t\t\t<span class=\"elementor-button-content-wrapper\">\n\t\t\t\t\t\t\t\t\t<span class=\"elementor-button-text\">Cont\u00e1ctanos<\/span>\n\t\t\t\t\t<\/span>\n\t\t\t\t\t<\/a>\n\t\t<\/div>\n\t\t\t\t<\/div>\n\t\t\t\t<\/div>\n\t\t\t\t\t<\/div>\n\t\t<\/div>\n\t\t\t\t\t<\/div>\n\t\t<\/section>\n\t\t\t\t\t<\/div>\n\t\t<\/div>\n\t\t\t\t\t<\/div>\n\t\t<\/section>\n\t\t\t\t<section class=\"elementor-section elementor-top-section elementor-element elementor-element-81a82a5 ot-traditional elementor-section-boxed elementor-section-height-default elementor-section-height-default\" data-id=\"81a82a5\" data-element_type=\"section\" data-settings=\"{&quot;background_background&quot;:&quot;classic&quot;}\">\n\t\t\t\t\t\t\t<div class=\"elementor-background-overlay\"><\/div>\n\t\t\t\t\t\t\t<div class=\"elementor-container elementor-column-gap-extended\">\n\t\t\t\t\t<div class=\"elementor-column elementor-col-50 elementor-top-column elementor-element elementor-element-18b89c0 ot-flex-column-vertical\" data-id=\"18b89c0\" data-element_type=\"column\">\n\t\t\t<div class=\"elementor-widget-wrap elementor-element-populated\">\n\t\t\t\t\t\t<section class=\"elementor-section elementor-inner-section elementor-element elementor-element-dd648d0 elementor-section-full_width ot-traditional elementor-section-height-default elementor-section-height-default\" data-id=\"dd648d0\" data-element_type=\"section\">\n\t\t\t\t\t\t<div class=\"elementor-container elementor-column-gap-default\">\n\t\t\t\t\t<div class=\"elementor-column elementor-col-100 elementor-inner-column elementor-element elementor-element-9c59460 ot-flex-column-vertical\" data-id=\"9c59460\" data-element_type=\"column\">\n\t\t\t<div class=\"elementor-widget-wrap elementor-element-populated\">\n\t\t\t\t\t\t<div class=\"elementor-element elementor-element-45e921b elementor-widget elementor-widget-iheading\" data-id=\"45e921b\" data-element_type=\"widget\" data-widget_type=\"iheading.default\">\n\t\t\t\t<div class=\"elementor-widget-container\">\n\t\t\t\t\t<div class=\"ot-heading\">\r\n\t        <h2 class=\"main-heading\">Domine el mercado m\u00f3vil con nuestro servicio de creaci\u00f3n de aplicaciones m\u00f3viles Beni mellal, Azilal<\/h2>\t    <\/div>\r\n\t    \t\t<\/div>\n\t\t\t\t<\/div>\n\t\t\t\t<div class=\"elementor-element elementor-element-9a4497b elementor-widget elementor-widget-text-editor\" data-id=\"9a4497b\" data-element_type=\"widget\" data-widget_type=\"text-editor.default\">\n\t\t\t\t<div class=\"elementor-widget-container\">\n\t\t\t\t\t\t\t<p>Entendemos que cada negocio es \u00fanico, por eso adoptamos un enfoque personalizado para crear cada aplicaci\u00f3n m\u00f3vil. Nuestro equipo de expertos trabaja estrechamente con usted para comprender sus objetivos comerciales, sus necesidades espec\u00edficas y las expectativas de su p\u00fablico objetivo. Al combinar nuestra experiencia t\u00e9cnica con su visi\u00f3n, creamos aplicaciones que reflejan a la perfecci\u00f3n la identidad de su marca y ofrecen una experiencia de usuario excepcional.<\/p><p>En YES TO THE NET, nos apasiona la innovaci\u00f3n y la b\u00fasqueda constante de la excelencia. Nos mantenemos al d\u00eda con las \u00faltimas tecnolog\u00edas y tendencias en desarrollo de aplicaciones m\u00f3viles para garantizar que su aplicaci\u00f3n sea moderna y eficiente. Desde el dise\u00f1o hasta la implementaci\u00f3n, nos comprometemos a ofrecer soluciones tecnol\u00f3gicas superiores que superen sus expectativas.<\/p><p style=\"text-align: center;\"><strong>Optimizado para el \u00e9xito<\/strong><\/p><p>Entendemos la importancia de una mayor visibilidad en el saturado entorno m\u00f3vil actual. Por eso, nos aseguramos de que cada aplicaci\u00f3n que desarrollamos est\u00e9 optimizada para motores de b\u00fasqueda y cumpla con las mejores pr\u00e1cticas de SEO. Con YES TO THE NET, puede estar seguro de que sus clientes potenciales encontrar\u00e1n f\u00e1cilmente su aplicaci\u00f3n, lo que fortalecer\u00e1 su posicionamiento en el mercado.<\/p>\t\t\t\t\t\t<\/div>\n\t\t\t\t<\/div>\n\t\t\t\t\t<\/div>\n\t\t<\/div>\n\t\t\t\t\t<\/div>\n\t\t<\/section>\n\t\t\t\t\t<\/div>\n\t\t<\/div>\n\t\t\t\t<div class=\"elementor-column elementor-col-50 elementor-top-column elementor-element elementor-element-8a09494 ot-flex-column-vertical\" data-id=\"8a09494\" data-element_type=\"column\">\n\t\t\t<div class=\"elementor-widget-wrap elementor-element-populated\">\n\t\t\t\t\t\t<div class=\"elementor-element elementor-element-49ce0c4 elementor-widget elementor-widget-image\" data-id=\"49ce0c4\" data-element_type=\"widget\" data-widget_type=\"image.default\">\n\t\t\t\t<div class=\"elementor-widget-container\">\n\t\t\t\t\t\t\t\t\t\t\t\t\t<img decoding=\"async\" width=\"550\" height=\"411\" src=\"https:\/\/yestothenet.com\/wp-content\/uploads\/2024\/02\/Creation-application-Mobile-Beni-mellal-Azilal-2.png\" class=\"attachment-large size-large wp-image-7352\" alt=\"Creaci\u00f3n de aplicaciones m\u00f3viles Beni mellal, Azilal\" srcset=\"https:\/\/yestothenet.com\/wp-content\/uploads\/2024\/02\/Creation-application-Mobile-Beni-mellal-Azilal-2.png 550w, https:\/\/yestothenet.com\/wp-content\/uploads\/2024\/02\/Creation-application-Mobile-Beni-mellal-Azilal-2-300x224.png 300w\" sizes=\"(max-width: 550px) 100vw, 550px\" \/>\t\t\t\t\t\t\t\t\t\t\t\t\t<\/div>\n\t\t\t\t<\/div>\n\t\t\t\t\t<\/div>\n\t\t<\/div>\n\t\t\t\t\t<\/div>\n\t\t<\/section>\n\t\t\t\t<\/div>","protected":false},"excerpt":{"rendered":"<p>YES TO THE NET \u2013 Cr\u00e9ation application Mobile Beni mellal, Azilal Parce que la pr\u00e9sence mobile est devenue une n\u00e9cessit\u00e9 absolue pour toute entreprise cherchant \u00e0 prosp\u00e9rer, votre agence de communication YES TO THE NET est pr\u00eate \u00e0 vous propulser vers le succ\u00e8s avec ses services de cr\u00e9ation application Mobile Beni mellal, Azilal sur mesure. [&hellip;]<\/p>","protected":false},"author":1,"featured_media":0,"parent":0,"menu_order":0,"comment_status":"closed","ping_status":"closed","template":"","meta":{"footnotes":""},"class_list":["post-7348","page","type-page","status-publish","hentry"],"yoast_head":"<!-- This site is optimized with the Yoast SEO plugin v23.6 - https:\/\/yoast.com\/wordpress\/plugins\/seo\/ -->\n<title>Cr\u00e9ation application Mobile Beni mellal, Azilal \u2013 YES TO THE NET<\/title>\n<meta name=\"description\" content=\"Optimisez votre pr\u00e9sence en ligne avec notre expertise en cr\u00e9ation application Mobile Beni mellal, Azilal. Contactez YES TO THE NET.\" \/>\n<meta name=\"robots\" content=\"index, follow, max-snippet:-1, max-image-preview:large, max-video-preview:-1\" \/>\n<link rel=\"canonical\" href=\"https:\/\/yestothenet.com\/es\/creacion-de-aplicacion-movil-beni-mellal-azilal\/\" \/>\n<meta property=\"og:locale\" content=\"es_ES\" \/>\n<meta property=\"og:type\" content=\"article\" \/>\n<meta property=\"og:title\" content=\"Cr\u00e9ation application Mobile Beni mellal, Azilal \u2013 YES TO THE NET\" \/>\n<meta property=\"og:description\" content=\"Optimisez votre pr\u00e9sence en ligne avec notre expertise en cr\u00e9ation application Mobile Beni mellal, Azilal. Contactez YES TO THE NET.\" \/>\n<meta property=\"og:url\" content=\"https:\/\/yestothenet.com\/es\/creacion-de-aplicacion-movil-beni-mellal-azilal\/\" \/>\n<meta property=\"og:site_name\" content=\"Yes To The Net\" \/>\n<meta property=\"article:publisher\" content=\"https:\/\/www.instagram.com\/yestothenet\/\" \/>\n<meta property=\"article:modified_time\" content=\"2024-02-15T11:06:09+00:00\" \/>\n<meta property=\"og:image\" content=\"https:\/\/yestothenet.com\/wp-content\/uploads\/2024\/02\/Creation-application-Mobile-Beni-mellal-Azilal.png\" \/>\n<meta name=\"twitter:card\" content=\"summary_large_image\" \/>\n<meta name=\"twitter:label1\" content=\"Tiempo de lectura\" \/>\n\t<meta name=\"twitter:data1\" content=\"3 minutos\" \/>\n<script type=\"application\/ld+json\" class=\"yoast-schema-graph\">{\"@context\":\"https:\/\/schema.org\",\"@graph\":[{\"@type\":\"WebPage\",\"@id\":\"https:\/\/yestothenet.com\/creation-application-mobile-beni-mellal-azilal\/\",\"url\":\"https:\/\/yestothenet.com\/creation-application-mobile-beni-mellal-azilal\/\",\"name\":\"Cr\u00e9ation application Mobile Beni mellal, Azilal \u2013 YES TO THE NET\",\"isPartOf\":{\"@id\":\"https:\/\/yestothenet.com\/#website\"},\"primaryImageOfPage\":{\"@id\":\"https:\/\/yestothenet.com\/creation-application-mobile-beni-mellal-azilal\/#primaryimage\"},\"image\":{\"@id\":\"https:\/\/yestothenet.com\/creation-application-mobile-beni-mellal-azilal\/#primaryimage\"},\"thumbnailUrl\":\"https:\/\/yestothenet.com\/wp-content\/uploads\/2024\/02\/Creation-application-Mobile-Beni-mellal-Azilal.png\",\"datePublished\":\"2024-02-15T11:01:39+00:00\",\"dateModified\":\"2024-02-15T11:06:09+00:00\",\"description\":\"Optimisez votre pr\u00e9sence en ligne avec notre expertise en cr\u00e9ation application Mobile Beni mellal, Azilal. Contactez YES TO THE NET.\",\"breadcrumb\":{\"@id\":\"https:\/\/yestothenet.com\/creation-application-mobile-beni-mellal-azilal\/#breadcrumb\"},\"inLanguage\":\"es\",\"potentialAction\":[{\"@type\":\"ReadAction\",\"target\":[\"https:\/\/yestothenet.com\/creation-application-mobile-beni-mellal-azilal\/\"]}]},{\"@type\":\"ImageObject\",\"inLanguage\":\"es\",\"@id\":\"https:\/\/yestothenet.com\/creation-application-mobile-beni-mellal-azilal\/#primaryimage\",\"url\":\"https:\/\/yestothenet.com\/wp-content\/uploads\/2024\/02\/Creation-application-Mobile-Beni-mellal-Azilal.png\",\"contentUrl\":\"https:\/\/yestothenet.com\/wp-content\/uploads\/2024\/02\/Creation-application-Mobile-Beni-mellal-Azilal.png\"},{\"@type\":\"BreadcrumbList\",\"@id\":\"https:\/\/yestothenet.com\/creation-application-mobile-beni-mellal-azilal\/#breadcrumb\",\"itemListElement\":[{\"@type\":\"ListItem\",\"position\":1,\"name\":\"Accueil\",\"item\":\"https:\/\/yestothenet.com\/\"},{\"@type\":\"ListItem\",\"position\":2,\"name\":\"&#8230; Cr\u00e9ation application Mobile Beni mellal, Azilal\"}]},{\"@type\":\"WebSite\",\"@id\":\"https:\/\/yestothenet.com\/#website\",\"url\":\"https:\/\/yestothenet.com\/\",\"name\":\"YES TO THE NET\",\"description\":\"Votre agence de communication \u00e0 Marrakech\",\"publisher\":{\"@id\":\"https:\/\/yestothenet.com\/#organization\"},\"potentialAction\":[{\"@type\":\"SearchAction\",\"target\":{\"@type\":\"EntryPoint\",\"urlTemplate\":\"https:\/\/yestothenet.com\/?s={search_term_string}\"},\"query-input\":{\"@type\":\"PropertyValueSpecification\",\"valueRequired\":true,\"valueName\":\"search_term_string\"}}],\"inLanguage\":\"es\"},{\"@type\":\"Organization\",\"@id\":\"https:\/\/yestothenet.com\/#organization\",\"name\":\"YES TO THE NET\",\"url\":\"https:\/\/yestothenet.com\/\",\"logo\":{\"@type\":\"ImageObject\",\"inLanguage\":\"es\",\"@id\":\"https:\/\/yestothenet.com\/#\/schema\/logo\/image\/\",\"url\":\"https:\/\/yestothenet.com\/wp-content\/uploads\/2024\/02\/cropped-YES_THE_TO_NET-removebg-preview.png\",\"contentUrl\":\"https:\/\/yestothenet.com\/wp-content\/uploads\/2024\/02\/cropped-YES_THE_TO_NET-removebg-preview.png\",\"width\":512,\"height\":512,\"caption\":\"YES TO THE NET\"},\"image\":{\"@id\":\"https:\/\/yestothenet.com\/#\/schema\/logo\/image\/\"},\"sameAs\":[\"https:\/\/www.instagram.com\/yestothenet\/\"]}]}<\/script>\n<!-- \/ Yoast SEO plugin. -->","yoast_head_json":{"title":"Cr\u00e9ation application Mobile Beni mellal, Azilal \u2013 YES TO THE NET","description":"Optimisez votre pr\u00e9sence en ligne avec notre expertise en cr\u00e9ation application Mobile Beni mellal, Azilal. Contactez YES TO THE NET.","robots":{"index":"index","follow":"follow","max-snippet":"max-snippet:-1","max-image-preview":"max-image-preview:large","max-video-preview":"max-video-preview:-1"},"canonical":"https:\/\/yestothenet.com\/es\/creacion-de-aplicacion-movil-beni-mellal-azilal\/","og_locale":"es_ES","og_type":"article","og_title":"Cr\u00e9ation application Mobile Beni mellal, Azilal \u2013 YES TO THE NET","og_description":"Optimisez votre pr\u00e9sence en ligne avec notre expertise en cr\u00e9ation application Mobile Beni mellal, Azilal. Contactez YES TO THE NET.","og_url":"https:\/\/yestothenet.com\/es\/creacion-de-aplicacion-movil-beni-mellal-azilal\/","og_site_name":"Yes To The Net","article_publisher":"https:\/\/www.instagram.com\/yestothenet\/","article_modified_time":"2024-02-15T11:06:09+00:00","og_image":[{"url":"https:\/\/yestothenet.com\/wp-content\/uploads\/2024\/02\/Creation-application-Mobile-Beni-mellal-Azilal.png"}],"twitter_card":"summary_large_image","twitter_misc":{"Tiempo de lectura":"3 minutos"},"schema":{"@context":"https:\/\/schema.org","@graph":[{"@type":"WebPage","@id":"https:\/\/yestothenet.com\/creation-application-mobile-beni-mellal-azilal\/","url":"https:\/\/yestothenet.com\/creation-application-mobile-beni-mellal-azilal\/","name":"Cr\u00e9ation application Mobile Beni mellal, Azilal \u2013 YES TO THE NET","isPartOf":{"@id":"https:\/\/yestothenet.com\/#website"},"primaryImageOfPage":{"@id":"https:\/\/yestothenet.com\/creation-application-mobile-beni-mellal-azilal\/#primaryimage"},"image":{"@id":"https:\/\/yestothenet.com\/creation-application-mobile-beni-mellal-azilal\/#primaryimage"},"thumbnailUrl":"https:\/\/yestothenet.com\/wp-content\/uploads\/2024\/02\/Creation-application-Mobile-Beni-mellal-Azilal.png","datePublished":"2024-02-15T11:01:39+00:00","dateModified":"2024-02-15T11:06:09+00:00","description":"Optimisez votre pr\u00e9sence en ligne avec notre expertise en cr\u00e9ation application Mobile Beni mellal, Azilal. Contactez YES TO THE NET.","breadcrumb":{"@id":"https:\/\/yestothenet.com\/creation-application-mobile-beni-mellal-azilal\/#breadcrumb"},"inLanguage":"es","potentialAction":[{"@type":"ReadAction","target":["https:\/\/yestothenet.com\/creation-application-mobile-beni-mellal-azilal\/"]}]},{"@type":"ImageObject","inLanguage":"es","@id":"https:\/\/yestothenet.com\/creation-application-mobile-beni-mellal-azilal\/#primaryimage","url":"https:\/\/yestothenet.com\/wp-content\/uploads\/2024\/02\/Creation-application-Mobile-Beni-mellal-Azilal.png","contentUrl":"https:\/\/yestothenet.com\/wp-content\/uploads\/2024\/02\/Creation-application-Mobile-Beni-mellal-Azilal.png"},{"@type":"BreadcrumbList","@id":"https:\/\/yestothenet.com\/creation-application-mobile-beni-mellal-azilal\/#breadcrumb","itemListElement":[{"@type":"ListItem","position":1,"name":"Accueil","item":"https:\/\/yestothenet.com\/"},{"@type":"ListItem","position":2,"name":"&#8230; Cr\u00e9ation application Mobile Beni mellal, Azilal"}]},{"@type":"WebSite","@id":"https:\/\/yestothenet.com\/#website","url":"https:\/\/yestothenet.com\/","name":"YES TO THE NET","description":"Votre agence de communication \u00e0 Marrakech","publisher":{"@id":"https:\/\/yestothenet.com\/#organization"},"potentialAction":[{"@type":"SearchAction","target":{"@type":"EntryPoint","urlTemplate":"https:\/\/yestothenet.com\/?s={search_term_string}"},"query-input":{"@type":"PropertyValueSpecification","valueRequired":true,"valueName":"search_term_string"}}],"inLanguage":"es"},{"@type":"Organization","@id":"https:\/\/yestothenet.com\/#organization","name":"YES TO THE NET","url":"https:\/\/yestothenet.com\/","logo":{"@type":"ImageObject","inLanguage":"es","@id":"https:\/\/yestothenet.com\/#\/schema\/logo\/image\/","url":"https:\/\/yestothenet.com\/wp-content\/uploads\/2024\/02\/cropped-YES_THE_TO_NET-removebg-preview.png","contentUrl":"https:\/\/yestothenet.com\/wp-content\/uploads\/2024\/02\/cropped-YES_THE_TO_NET-removebg-preview.png","width":512,"height":512,"caption":"YES TO THE NET"},"image":{"@id":"https:\/\/yestothenet.com\/#\/schema\/logo\/image\/"},"sameAs":["https:\/\/www.instagram.com\/yestothenet\/"]}]}},"_links":{"self":[{"href":"https:\/\/yestothenet.com\/es\/wp-json\/wp\/v2\/pages\/7348","targetHints":{"allow":["GET"]}}],"collection":[{"href":"https:\/\/yestothenet.com\/es\/wp-json\/wp\/v2\/pages"}],"about":[{"href":"https:\/\/yestothenet.com\/es\/wp-json\/wp\/v2\/types\/page"}],"author":[{"embeddable":true,"href":"https:\/\/yestothenet.com\/es\/wp-json\/wp\/v2\/users\/1"}],"replies":[{"embeddable":true,"href":"https:\/\/yestothenet.com\/es\/wp-json\/wp\/v2\/comments?post=7348"}],"version-history":[{"count":4,"href":"https:\/\/yestothenet.com\/es\/wp-json\/wp\/v2\/pages\/7348\/revisions"}],"predecessor-version":[{"id":7355,"href":"https:\/\/yestothenet.com\/es\/wp-json\/wp\/v2\/pages\/7348\/revisions\/7355"}],"wp:attachment":[{"href":"https:\/\/yestothenet.com\/es\/wp-json\/wp\/v2\/media?parent=7348"}],"curies":[{"name":"wp","href":"https:\/\/api.w.org\/{rel}","templated":true}]}}