{"id":7333,"date":"2024-02-12T11:22:51","date_gmt":"2024-02-12T10:22:51","guid":{"rendered":"https:\/\/yestothenet.com\/?page_id=7333"},"modified":"2024-02-12T11:28:49","modified_gmt":"2024-02-12T10:28:49","slug":"creation-application-mobile-laayoune-dakhla","status":"publish","type":"page","link":"https:\/\/yestothenet.com\/es\/creacion-de-la-aplicacion-movil-laayoune-dakhla\/","title":{"rendered":"\u2026 Creaci\u00f3n de aplicaci\u00f3n m\u00f3vil Laayoune, Dakhla"},"content":{"rendered":"<div data-elementor-type=\"wp-page\" data-elementor-id=\"7333\" class=\"elementor elementor-7333\" data-elementor-post-type=\"page\">\n\t\t\t\t\t\t<section class=\"elementor-section elementor-top-section elementor-element elementor-element-2db1430 elementor-section-content-middle ot-traditional elementor-section-boxed elementor-section-height-default elementor-section-height-default\" data-id=\"2db1430\" data-element_type=\"section\">\n\t\t\t\t\t\t<div class=\"elementor-container elementor-column-gap-default\">\n\t\t\t\t\t<div class=\"elementor-column elementor-col-100 elementor-top-column elementor-element elementor-element-9ca7f6d ot-flex-column-vertical\" data-id=\"9ca7f6d\" data-element_type=\"column\">\n\t\t\t<div class=\"elementor-widget-wrap elementor-element-populated\">\n\t\t\t\t\t\t<section class=\"elementor-section elementor-inner-section elementor-element elementor-element-ae21701 elementor-section-content-top elementor-section-full_width ot-traditional elementor-section-height-default elementor-section-height-default\" data-id=\"ae21701\" data-element_type=\"section\">\n\t\t\t\t\t\t<div class=\"elementor-container elementor-column-gap-extended\">\n\t\t\t\t\t<div class=\"elementor-column elementor-col-50 elementor-inner-column elementor-element elementor-element-78f9ac9 ot-flex-column-vertical\" data-id=\"78f9ac9\" data-element_type=\"column\">\n\t\t\t<div class=\"elementor-widget-wrap elementor-element-populated\">\n\t\t\t\t\t\t<div class=\"elementor-element elementor-element-25eb330 elementor-widget elementor-widget-image\" data-id=\"25eb330\" data-element_type=\"widget\" data-widget_type=\"image.default\">\n\t\t\t\t<div class=\"elementor-widget-container\">\n\t\t\t\t\t\t\t\t\t\t\t\t\t<img fetchpriority=\"high\" decoding=\"async\" width=\"680\" height=\"452\" src=\"https:\/\/yestothenet.com\/wp-content\/uploads\/2024\/02\/YES-TO-THE-NET-Creation-application-Mobile-Laayoune-Dakhla.webp\" class=\"attachment-large size-large wp-image-7336\" alt=\"S\u00cd A LA RED Creaci\u00f3n de aplicaciones m\u00f3viles El Aai\u00fan, Dakhla\" srcset=\"https:\/\/yestothenet.com\/wp-content\/uploads\/2024\/02\/YES-TO-THE-NET-Creation-application-Mobile-Laayoune-Dakhla.webp 680w, https:\/\/yestothenet.com\/wp-content\/uploads\/2024\/02\/YES-TO-THE-NET-Creation-application-Mobile-Laayoune-Dakhla-300x199.webp 300w\" sizes=\"(max-width: 680px) 100vw, 680px\" \/>\t\t\t\t\t\t\t\t\t\t\t\t\t<\/div>\n\t\t\t\t<\/div>\n\t\t\t\t\t<\/div>\n\t\t<\/div>\n\t\t\t\t<div class=\"elementor-column elementor-col-50 elementor-inner-column elementor-element elementor-element-dce0f81 ot-flex-column-vertical\" data-id=\"dce0f81\" data-element_type=\"column\">\n\t\t\t<div class=\"elementor-widget-wrap elementor-element-populated\">\n\t\t\t\t\t\t<div class=\"elementor-element elementor-element-ea79d5e elementor-widget elementor-widget-iheading\" data-id=\"ea79d5e\" data-element_type=\"widget\" data-widget_type=\"iheading.default\">\n\t\t\t\t<div class=\"elementor-widget-container\">\n\t\t\t\t\t<div class=\"ot-heading\">\r\n\t        <h1 class=\"main-heading\">S\u00cd A LA RED \u2013 Experto en creaci\u00f3n de aplicaciones m\u00f3viles El Aai\u00fan, Dakhla<\/h1>\t    <\/div>\r\n\t    \t\t<\/div>\n\t\t\t\t<\/div>\n\t\t\t\t<div class=\"elementor-element elementor-element-734d7ce elementor-widget elementor-widget-text-editor\" data-id=\"734d7ce\" data-element_type=\"widget\" data-widget_type=\"text-editor.default\">\n\t\t\t\t<div class=\"elementor-widget-container\">\n\t\t\t\t\t\t\t<p>Est\u00e1s buscando un especialista en <strong>Creaci\u00f3n de una aplicaci\u00f3n m\u00f3vil en Laayoune, Dakhla<\/strong>\u00a0Contacte con su agencia de comunicaci\u00f3n YES TO THE NET. Nuestra misi\u00f3n principal es brindar a nuestros clientes soluciones digitales innovadoras que no solo cautiven a su p\u00fablico objetivo, sino que tambi\u00e9n impulsen el crecimiento de su negocio.<\/p><p>All\u00e1 <strong><a href=\"https:\/\/yestothenet.com\/es\/creacion-de-aplicaciones-moviles\/\">creaci\u00f3n de aplicaciones m\u00f3viles<\/a> El Aai\u00fan, Dajla<\/strong> La tecnolog\u00eda m\u00f3vil no se trata solo de mantenerse al d\u00eda con las \u00faltimas tendencias tecnol\u00f3gicas; se trata de crear una experiencia de usuario (UX) inmersiva que refleje la esencia de su marca y satisfaga las necesidades espec\u00edficas de sus clientes. Le garantizamos un servicio a la altura de sus expectativas.<\/p><p>Al elegir nuestros servicios para el <strong>Creaci\u00f3n de una aplicaci\u00f3n m\u00f3vil en Laayoune, Dakhla<\/strong>Est\u00e1 invirtiendo en una soluci\u00f3n que no solo mejora su presencia en l\u00ednea, sino que tambi\u00e9n impulsa el crecimiento de su negocio a largo plazo. Para m\u00e1s informaci\u00f3n sobre nuestro servicio, no dude en contactarnos. <a href=\"tel:06 61 26 30 34\"><strong>06 61 26 30 34<\/strong><\/a>.<\/p>\t\t\t\t\t\t<\/div>\n\t\t\t\t<\/div>\n\t\t\t\t\t<\/div>\n\t\t<\/div>\n\t\t\t\t\t<\/div>\n\t\t<\/section>\n\t\t\t\t\t<\/div>\n\t\t<\/div>\n\t\t\t\t\t<\/div>\n\t\t<\/section>\n\t\t\t\t<section class=\"elementor-section elementor-top-section elementor-element elementor-element-30c462d ot-traditional elementor-section-boxed elementor-section-height-default elementor-section-height-default\" data-id=\"30c462d\" data-element_type=\"section\">\n\t\t\t\t\t\t<div class=\"elementor-container elementor-column-gap-default\">\n\t\t\t\t\t<div class=\"elementor-column elementor-col-100 elementor-top-column elementor-element elementor-element-c788162 ot-flex-column-vertical\" data-id=\"c788162\" data-element_type=\"column\">\n\t\t\t<div class=\"elementor-widget-wrap elementor-element-populated\">\n\t\t\t\t\t\t<section class=\"elementor-section elementor-inner-section elementor-element elementor-element-ab020ed elementor-section-full_width elementor-section-content-bottom ot-traditional elementor-section-height-default elementor-section-height-default\" data-id=\"ab020ed\" data-element_type=\"section\" data-settings=\"{&quot;background_background&quot;:&quot;classic&quot;}\">\n\t\t\t\t\t\t\t<div class=\"elementor-background-overlay\"><\/div>\n\t\t\t\t\t\t\t<div class=\"elementor-container elementor-column-gap-extended\">\n\t\t\t\t\t<div class=\"elementor-column elementor-col-50 elementor-inner-column elementor-element elementor-element-ffaaf2a ot-flex-column-vertical\" data-id=\"ffaaf2a\" data-element_type=\"column\">\n\t\t\t<div class=\"elementor-widget-wrap elementor-element-populated\">\n\t\t\t\t\t\t<div class=\"elementor-element elementor-element-5ff7ce1 elementor-widget elementor-widget-iheading\" data-id=\"5ff7ce1\" data-element_type=\"widget\" data-widget_type=\"iheading.default\">\n\t\t\t\t<div class=\"elementor-widget-container\">\n\t\t\t\t\t<div class=\"ot-heading\">\r\n\t        \t            <span>\/\/ Con S\u00cd A LA RED,<\/span>\r\n\t        <h2 class=\"main-heading\">Cont\u00e1ctanos ahora <\/h2>\t    <\/div>\r\n\t    \t\t<\/div>\n\t\t\t\t<\/div>\n\t\t\t\t\t<\/div>\n\t\t<\/div>\n\t\t\t\t<div class=\"elementor-column elementor-col-50 elementor-inner-column elementor-element elementor-element-3fd82f3 ot-flex-column-vertical\" data-id=\"3fd82f3\" data-element_type=\"column\">\n\t\t\t<div class=\"elementor-widget-wrap elementor-element-populated\">\n\t\t\t\t\t\t<div class=\"elementor-element elementor-element-e146430 elementor-align-right elementor-mobile-align-left elementor-widget elementor-widget-button\" data-id=\"e146430\" data-element_type=\"widget\" data-widget_type=\"button.default\">\n\t\t\t\t<div class=\"elementor-widget-container\">\n\t\t\t\t\t<div class=\"elementor-button-wrapper\">\n\t\t\t<a class=\"elementor-button elementor-button-link elementor-size-md\" href=\"https:\/\/yestothenet.com\/es\/contacto\/\">\n\t\t\t\t\t\t<span class=\"elementor-button-content-wrapper\">\n\t\t\t\t\t\t\t\t\t<span class=\"elementor-button-text\">Cont\u00e1ctanos<\/span>\n\t\t\t\t\t<\/span>\n\t\t\t\t\t<\/a>\n\t\t<\/div>\n\t\t\t\t<\/div>\n\t\t\t\t<\/div>\n\t\t\t\t\t<\/div>\n\t\t<\/div>\n\t\t\t\t\t<\/div>\n\t\t<\/section>\n\t\t\t\t\t<\/div>\n\t\t<\/div>\n\t\t\t\t\t<\/div>\n\t\t<\/section>\n\t\t\t\t<section class=\"elementor-section elementor-top-section elementor-element elementor-element-81a82a5 ot-traditional elementor-section-boxed elementor-section-height-default elementor-section-height-default\" data-id=\"81a82a5\" data-element_type=\"section\" data-settings=\"{&quot;background_background&quot;:&quot;classic&quot;}\">\n\t\t\t\t\t\t\t<div class=\"elementor-background-overlay\"><\/div>\n\t\t\t\t\t\t\t<div class=\"elementor-container elementor-column-gap-extended\">\n\t\t\t\t\t<div class=\"elementor-column elementor-col-50 elementor-top-column elementor-element elementor-element-18b89c0 ot-flex-column-vertical\" data-id=\"18b89c0\" data-element_type=\"column\">\n\t\t\t<div class=\"elementor-widget-wrap elementor-element-populated\">\n\t\t\t\t\t\t<section class=\"elementor-section elementor-inner-section elementor-element elementor-element-dd648d0 elementor-section-full_width ot-traditional elementor-section-height-default elementor-section-height-default\" data-id=\"dd648d0\" data-element_type=\"section\">\n\t\t\t\t\t\t<div class=\"elementor-container elementor-column-gap-default\">\n\t\t\t\t\t<div class=\"elementor-column elementor-col-100 elementor-inner-column elementor-element elementor-element-9c59460 ot-flex-column-vertical\" data-id=\"9c59460\" data-element_type=\"column\">\n\t\t\t<div class=\"elementor-widget-wrap elementor-element-populated\">\n\t\t\t\t\t\t<div class=\"elementor-element elementor-element-45e921b elementor-widget elementor-widget-iheading\" data-id=\"45e921b\" data-element_type=\"widget\" data-widget_type=\"iheading.default\">\n\t\t\t\t<div class=\"elementor-widget-container\">\n\t\t\t\t\t<div class=\"ot-heading\">\r\n\t        <h2 class=\"main-heading\">Transforma tu visi\u00f3n en realidad con YES TO THE NET: creaci\u00f3n de aplicaciones m\u00f3viles innovadoras en El Aai\u00fan y Dajla<\/h2>\t    <\/div>\r\n\t    \t\t<\/div>\n\t\t\t\t<\/div>\n\t\t\t\t<div class=\"elementor-element elementor-element-9a4497b elementor-widget elementor-widget-text-editor\" data-id=\"9a4497b\" data-element_type=\"widget\" data-widget_type=\"text-editor.default\">\n\t\t\t\t<div class=\"elementor-widget-container\">\n\t\t\t\t\t\t\t<p>Al utilizar nuestro servicio de creaci\u00f3n de aplicaciones m\u00f3viles, usted se beneficia de una serie de ventajas, a saber:<\/p><p style=\"text-align: center;\"><strong>Experiencia tecnol\u00f3gica:<\/strong><\/p><p>Con un equipo de expertos en desarrollo de aplicaciones m\u00f3viles, dominamos las \u00faltimas tecnolog\u00edas y frameworks, como iOS, Android, Flutter y React Native, entre otros. Esto nos permite crear aplicaciones de alto rendimiento, seguras y escalables que funcionan a la perfecci\u00f3n en todos los dispositivos y sistemas operativos.<\/p><p style=\"text-align: center;\"><strong>Enfoque centrado en el usuario:<\/strong><\/p><p>Creemos que la clave del \u00e9xito de una aplicaci\u00f3n reside en una experiencia de usuario excepcional. Nuestro proceso de dise\u00f1o UX\/UI busca crear interfaces intuitivas y atractivas que faciliten la interacci\u00f3n del usuario con su aplicaci\u00f3n, aumentando as\u00ed la satisfacci\u00f3n y la fidelizaci\u00f3n del cliente.<\/p><p style=\"text-align: center;\"><strong>Estrategias innovadoras de monetizaci\u00f3n:<\/strong><\/p><p>En YES TO THE NET, vamos m\u00e1s all\u00e1 del desarrollo de apps, ayud\u00e1ndote a desarrollar estrategias de monetizaci\u00f3n efectivas. Ya sea con modelos de suscripci\u00f3n, publicidad en la app o funciones premium, te ayudamos a maximizar tus ingresos y a ofrecer un gran valor a tus usuarios.<\/p><p style=\"text-align: center;\"><strong>An\u00e1lisis y optimizaci\u00f3n basados en datos:<\/strong><\/p><p>Utilizando herramientas de an\u00e1lisis avanzadas, rastreamos el rendimiento de su aplicaci\u00f3n en tiempo real, lo que nos permite optimizar continuamente la experiencia del usuario, mejorar las funciones y aumentar la participaci\u00f3n del usuario.<\/p><p style=\"text-align: center;\"><strong>Soporte y mantenimiento continuo:<\/strong><\/p><p>Nuestro compromiso con nuestros clientes no termina tras el lanzamiento de la app. YES TO THE NET ofrece soporte y mantenimiento continuos para garantizar que su app se mantenga al d\u00eda con las \u00faltimas tendencias tecnol\u00f3gicas y los requisitos del mercado.<\/p>\t\t\t\t\t\t<\/div>\n\t\t\t\t<\/div>\n\t\t\t\t\t<\/div>\n\t\t<\/div>\n\t\t\t\t\t<\/div>\n\t\t<\/section>\n\t\t\t\t\t<\/div>\n\t\t<\/div>\n\t\t\t\t<div class=\"elementor-column elementor-col-50 elementor-top-column elementor-element elementor-element-8a09494 ot-flex-column-vertical\" data-id=\"8a09494\" data-element_type=\"column\">\n\t\t\t<div class=\"elementor-widget-wrap elementor-element-populated\">\n\t\t\t\t\t\t<div class=\"elementor-element elementor-element-49ce0c4 elementor-widget elementor-widget-image\" data-id=\"49ce0c4\" data-element_type=\"widget\" data-widget_type=\"image.default\">\n\t\t\t\t<div class=\"elementor-widget-container\">\n\t\t\t\t\t\t\t\t\t\t\t\t\t<img decoding=\"async\" width=\"552\" height=\"452\" src=\"https:\/\/yestothenet.com\/wp-content\/uploads\/2024\/02\/YES-TO-THE-NET-Creation-application-Mobile-Laayoune-Dakhla-1.png\" class=\"attachment-large size-large wp-image-7337\" alt=\"S\u00cd A LA RED Creaci\u00f3n de aplicaciones m\u00f3viles El Aai\u00fan, Dakhla\" srcset=\"https:\/\/yestothenet.com\/wp-content\/uploads\/2024\/02\/YES-TO-THE-NET-Creation-application-Mobile-Laayoune-Dakhla-1.png 552w, https:\/\/yestothenet.com\/wp-content\/uploads\/2024\/02\/YES-TO-THE-NET-Creation-application-Mobile-Laayoune-Dakhla-1-300x246.png 300w\" sizes=\"(max-width: 552px) 100vw, 552px\" \/>\t\t\t\t\t\t\t\t\t\t\t\t\t<\/div>\n\t\t\t\t<\/div>\n\t\t\t\t\t<\/div>\n\t\t<\/div>\n\t\t\t\t\t<\/div>\n\t\t<\/section>\n\t\t\t\t<\/div>","protected":false},"excerpt":{"rendered":"<p>YES TO THE NET \u2013 Expert en cr\u00e9ation application Mobile Laayoune, Dakhla Vous \u00eates \u00e0 la recherche d\u2019un sp\u00e9cialiste en cr\u00e9ation application Mobile Laayoune, Dakhla\u00a0? Adressez-vous \u00e0 votre agence de communication YES TO THE NET. Notre mission principale est de fournir \u00e0 nos clients des solutions digitales innovantes qui non seulement captivent leur audience cible [&hellip;]<\/p>","protected":false},"author":1,"featured_media":0,"parent":0,"menu_order":0,"comment_status":"closed","ping_status":"closed","template":"","meta":{"footnotes":""},"class_list":["post-7333","page","type-page","status-publish","hentry"],"yoast_head":"<!-- This site is optimized with the Yoast SEO plugin v23.6 - https:\/\/yoast.com\/wordpress\/plugins\/seo\/ -->\n<title>Cr\u00e9ation application Mobile Laayoune, Dakhla \u2013 YES TO THE NET<\/title>\n<meta name=\"description\" content=\"YES TO THE NET sp\u00e9cialis\u00e9e en cr\u00e9ation application Mobile Laayoune, Dakhla, transformant votre vision en solutions num\u00e9riques sur mesure.\" \/>\n<meta name=\"robots\" content=\"index, follow, max-snippet:-1, max-image-preview:large, max-video-preview:-1\" \/>\n<link rel=\"canonical\" href=\"https:\/\/yestothenet.com\/es\/creacion-de-la-aplicacion-movil-laayoune-dakhla\/\" \/>\n<meta property=\"og:locale\" content=\"es_ES\" \/>\n<meta property=\"og:type\" content=\"article\" \/>\n<meta property=\"og:title\" content=\"Cr\u00e9ation application Mobile Laayoune, Dakhla \u2013 YES TO THE NET\" \/>\n<meta property=\"og:description\" content=\"YES TO THE NET sp\u00e9cialis\u00e9e en cr\u00e9ation application Mobile Laayoune, Dakhla, transformant votre vision en solutions num\u00e9riques sur mesure.\" \/>\n<meta property=\"og:url\" content=\"https:\/\/yestothenet.com\/es\/creacion-de-la-aplicacion-movil-laayoune-dakhla\/\" \/>\n<meta property=\"og:site_name\" content=\"Yes To The Net\" \/>\n<meta property=\"article:publisher\" content=\"https:\/\/www.instagram.com\/yestothenet\/\" \/>\n<meta property=\"article:modified_time\" content=\"2024-02-12T10:28:49+00:00\" \/>\n<meta property=\"og:image\" content=\"https:\/\/yestothenet.com\/wp-content\/uploads\/2024\/02\/YES-TO-THE-NET-Creation-application-Mobile-Laayoune-Dakhla.webp\" \/>\n<meta name=\"twitter:card\" content=\"summary_large_image\" \/>\n<meta name=\"twitter:label1\" content=\"Tiempo de lectura\" \/>\n\t<meta name=\"twitter:data1\" content=\"3 minutos\" \/>\n<script type=\"application\/ld+json\" class=\"yoast-schema-graph\">{\"@context\":\"https:\/\/schema.org\",\"@graph\":[{\"@type\":\"WebPage\",\"@id\":\"https:\/\/yestothenet.com\/creation-application-mobile-laayoune-dakhla\/\",\"url\":\"https:\/\/yestothenet.com\/creation-application-mobile-laayoune-dakhla\/\",\"name\":\"Cr\u00e9ation application Mobile Laayoune, Dakhla \u2013 YES TO THE NET\",\"isPartOf\":{\"@id\":\"https:\/\/yestothenet.com\/#website\"},\"primaryImageOfPage\":{\"@id\":\"https:\/\/yestothenet.com\/creation-application-mobile-laayoune-dakhla\/#primaryimage\"},\"image\":{\"@id\":\"https:\/\/yestothenet.com\/creation-application-mobile-laayoune-dakhla\/#primaryimage\"},\"thumbnailUrl\":\"https:\/\/yestothenet.com\/wp-content\/uploads\/2024\/02\/YES-TO-THE-NET-Creation-application-Mobile-Laayoune-Dakhla.webp\",\"datePublished\":\"2024-02-12T10:22:51+00:00\",\"dateModified\":\"2024-02-12T10:28:49+00:00\",\"description\":\"YES TO THE NET sp\u00e9cialis\u00e9e en cr\u00e9ation application Mobile Laayoune, Dakhla, transformant votre vision en solutions num\u00e9riques sur mesure.\",\"breadcrumb\":{\"@id\":\"https:\/\/yestothenet.com\/creation-application-mobile-laayoune-dakhla\/#breadcrumb\"},\"inLanguage\":\"es\",\"potentialAction\":[{\"@type\":\"ReadAction\",\"target\":[\"https:\/\/yestothenet.com\/creation-application-mobile-laayoune-dakhla\/\"]}]},{\"@type\":\"ImageObject\",\"inLanguage\":\"es\",\"@id\":\"https:\/\/yestothenet.com\/creation-application-mobile-laayoune-dakhla\/#primaryimage\",\"url\":\"https:\/\/yestothenet.com\/wp-content\/uploads\/2024\/02\/YES-TO-THE-NET-Creation-application-Mobile-Laayoune-Dakhla.webp\",\"contentUrl\":\"https:\/\/yestothenet.com\/wp-content\/uploads\/2024\/02\/YES-TO-THE-NET-Creation-application-Mobile-Laayoune-Dakhla.webp\"},{\"@type\":\"BreadcrumbList\",\"@id\":\"https:\/\/yestothenet.com\/creation-application-mobile-laayoune-dakhla\/#breadcrumb\",\"itemListElement\":[{\"@type\":\"ListItem\",\"position\":1,\"name\":\"Accueil\",\"item\":\"https:\/\/yestothenet.com\/\"},{\"@type\":\"ListItem\",\"position\":2,\"name\":\"&#8230; Cr\u00e9ation application Mobile Laayoune, Dakhla\"}]},{\"@type\":\"WebSite\",\"@id\":\"https:\/\/yestothenet.com\/#website\",\"url\":\"https:\/\/yestothenet.com\/\",\"name\":\"YES TO THE NET\",\"description\":\"Votre agence de communication \u00e0 Marrakech\",\"publisher\":{\"@id\":\"https:\/\/yestothenet.com\/#organization\"},\"potentialAction\":[{\"@type\":\"SearchAction\",\"target\":{\"@type\":\"EntryPoint\",\"urlTemplate\":\"https:\/\/yestothenet.com\/?s={search_term_string}\"},\"query-input\":{\"@type\":\"PropertyValueSpecification\",\"valueRequired\":true,\"valueName\":\"search_term_string\"}}],\"inLanguage\":\"es\"},{\"@type\":\"Organization\",\"@id\":\"https:\/\/yestothenet.com\/#organization\",\"name\":\"YES TO THE NET\",\"url\":\"https:\/\/yestothenet.com\/\",\"logo\":{\"@type\":\"ImageObject\",\"inLanguage\":\"es\",\"@id\":\"https:\/\/yestothenet.com\/#\/schema\/logo\/image\/\",\"url\":\"https:\/\/yestothenet.com\/wp-content\/uploads\/2024\/02\/cropped-YES_THE_TO_NET-removebg-preview.png\",\"contentUrl\":\"https:\/\/yestothenet.com\/wp-content\/uploads\/2024\/02\/cropped-YES_THE_TO_NET-removebg-preview.png\",\"width\":512,\"height\":512,\"caption\":\"YES TO THE NET\"},\"image\":{\"@id\":\"https:\/\/yestothenet.com\/#\/schema\/logo\/image\/\"},\"sameAs\":[\"https:\/\/www.instagram.com\/yestothenet\/\"]}]}<\/script>\n<!-- \/ Yoast SEO plugin. -->","yoast_head_json":{"title":"Cr\u00e9ation application Mobile Laayoune, Dakhla \u2013 YES TO THE NET","description":"YES TO THE NET sp\u00e9cialis\u00e9e en cr\u00e9ation application Mobile Laayoune, Dakhla, transformant votre vision en solutions num\u00e9riques sur mesure.","robots":{"index":"index","follow":"follow","max-snippet":"max-snippet:-1","max-image-preview":"max-image-preview:large","max-video-preview":"max-video-preview:-1"},"canonical":"https:\/\/yestothenet.com\/es\/creacion-de-la-aplicacion-movil-laayoune-dakhla\/","og_locale":"es_ES","og_type":"article","og_title":"Cr\u00e9ation application Mobile Laayoune, Dakhla \u2013 YES TO THE NET","og_description":"YES TO THE NET sp\u00e9cialis\u00e9e en cr\u00e9ation application Mobile Laayoune, Dakhla, transformant votre vision en solutions num\u00e9riques sur mesure.","og_url":"https:\/\/yestothenet.com\/es\/creacion-de-la-aplicacion-movil-laayoune-dakhla\/","og_site_name":"Yes To The Net","article_publisher":"https:\/\/www.instagram.com\/yestothenet\/","article_modified_time":"2024-02-12T10:28:49+00:00","og_image":[{"url":"https:\/\/yestothenet.com\/wp-content\/uploads\/2024\/02\/YES-TO-THE-NET-Creation-application-Mobile-Laayoune-Dakhla.webp"}],"twitter_card":"summary_large_image","twitter_misc":{"Tiempo de lectura":"3 minutos"},"schema":{"@context":"https:\/\/schema.org","@graph":[{"@type":"WebPage","@id":"https:\/\/yestothenet.com\/creation-application-mobile-laayoune-dakhla\/","url":"https:\/\/yestothenet.com\/creation-application-mobile-laayoune-dakhla\/","name":"Cr\u00e9ation application Mobile Laayoune, Dakhla \u2013 YES TO THE NET","isPartOf":{"@id":"https:\/\/yestothenet.com\/#website"},"primaryImageOfPage":{"@id":"https:\/\/yestothenet.com\/creation-application-mobile-laayoune-dakhla\/#primaryimage"},"image":{"@id":"https:\/\/yestothenet.com\/creation-application-mobile-laayoune-dakhla\/#primaryimage"},"thumbnailUrl":"https:\/\/yestothenet.com\/wp-content\/uploads\/2024\/02\/YES-TO-THE-NET-Creation-application-Mobile-Laayoune-Dakhla.webp","datePublished":"2024-02-12T10:22:51+00:00","dateModified":"2024-02-12T10:28:49+00:00","description":"YES TO THE NET sp\u00e9cialis\u00e9e en cr\u00e9ation application Mobile Laayoune, Dakhla, transformant votre vision en solutions num\u00e9riques sur mesure.","breadcrumb":{"@id":"https:\/\/yestothenet.com\/creation-application-mobile-laayoune-dakhla\/#breadcrumb"},"inLanguage":"es","potentialAction":[{"@type":"ReadAction","target":["https:\/\/yestothenet.com\/creation-application-mobile-laayoune-dakhla\/"]}]},{"@type":"ImageObject","inLanguage":"es","@id":"https:\/\/yestothenet.com\/creation-application-mobile-laayoune-dakhla\/#primaryimage","url":"https:\/\/yestothenet.com\/wp-content\/uploads\/2024\/02\/YES-TO-THE-NET-Creation-application-Mobile-Laayoune-Dakhla.webp","contentUrl":"https:\/\/yestothenet.com\/wp-content\/uploads\/2024\/02\/YES-TO-THE-NET-Creation-application-Mobile-Laayoune-Dakhla.webp"},{"@type":"BreadcrumbList","@id":"https:\/\/yestothenet.com\/creation-application-mobile-laayoune-dakhla\/#breadcrumb","itemListElement":[{"@type":"ListItem","position":1,"name":"Accueil","item":"https:\/\/yestothenet.com\/"},{"@type":"ListItem","position":2,"name":"&#8230; Cr\u00e9ation application Mobile Laayoune, Dakhla"}]},{"@type":"WebSite","@id":"https:\/\/yestothenet.com\/#website","url":"https:\/\/yestothenet.com\/","name":"YES TO THE NET","description":"Votre agence de communication \u00e0 Marrakech","publisher":{"@id":"https:\/\/yestothenet.com\/#organization"},"potentialAction":[{"@type":"SearchAction","target":{"@type":"EntryPoint","urlTemplate":"https:\/\/yestothenet.com\/?s={search_term_string}"},"query-input":{"@type":"PropertyValueSpecification","valueRequired":true,"valueName":"search_term_string"}}],"inLanguage":"es"},{"@type":"Organization","@id":"https:\/\/yestothenet.com\/#organization","name":"YES TO THE NET","url":"https:\/\/yestothenet.com\/","logo":{"@type":"ImageObject","inLanguage":"es","@id":"https:\/\/yestothenet.com\/#\/schema\/logo\/image\/","url":"https:\/\/yestothenet.com\/wp-content\/uploads\/2024\/02\/cropped-YES_THE_TO_NET-removebg-preview.png","contentUrl":"https:\/\/yestothenet.com\/wp-content\/uploads\/2024\/02\/cropped-YES_THE_TO_NET-removebg-preview.png","width":512,"height":512,"caption":"YES TO THE NET"},"image":{"@id":"https:\/\/yestothenet.com\/#\/schema\/logo\/image\/"},"sameAs":["https:\/\/www.instagram.com\/yestothenet\/"]}]}},"_links":{"self":[{"href":"https:\/\/yestothenet.com\/es\/wp-json\/wp\/v2\/pages\/7333","targetHints":{"allow":["GET"]}}],"collection":[{"href":"https:\/\/yestothenet.com\/es\/wp-json\/wp\/v2\/pages"}],"about":[{"href":"https:\/\/yestothenet.com\/es\/wp-json\/wp\/v2\/types\/page"}],"author":[{"embeddable":true,"href":"https:\/\/yestothenet.com\/es\/wp-json\/wp\/v2\/users\/1"}],"replies":[{"embeddable":true,"href":"https:\/\/yestothenet.com\/es\/wp-json\/wp\/v2\/comments?post=7333"}],"version-history":[{"count":4,"href":"https:\/\/yestothenet.com\/es\/wp-json\/wp\/v2\/pages\/7333\/revisions"}],"predecessor-version":[{"id":7340,"href":"https:\/\/yestothenet.com\/es\/wp-json\/wp\/v2\/pages\/7333\/revisions\/7340"}],"wp:attachment":[{"href":"https:\/\/yestothenet.com\/es\/wp-json\/wp\/v2\/media?parent=7333"}],"curies":[{"name":"wp","href":"https:\/\/api.w.org\/{rel}","templated":true}]}}