{"id":7236,"date":"2024-01-24T12:34:35","date_gmt":"2024-01-24T11:34:35","guid":{"rendered":"https:\/\/yestothenet.com\/?page_id=7236"},"modified":"2024-07-18T11:07:17","modified_gmt":"2024-07-18T09:07:17","slug":"referencement-naturel-seo-safi","status":"publish","type":"page","link":"https:\/\/yestothenet.com\/es\/referenciacion-natural-seo-safi\/","title":{"rendered":"\u2026 Referenciaci\u00f3n SEO Natural Safi"},"content":{"rendered":"<div data-elementor-type=\"wp-page\" data-elementor-id=\"7236\" class=\"elementor elementor-7236\" data-elementor-post-type=\"page\">\n\t\t\t\t\t\t<section class=\"elementor-section elementor-top-section elementor-element elementor-element-2db1430 elementor-section-content-middle ot-traditional elementor-section-boxed elementor-section-height-default elementor-section-height-default\" data-id=\"2db1430\" data-element_type=\"section\">\n\t\t\t\t\t\t<div class=\"elementor-container elementor-column-gap-default\">\n\t\t\t\t\t<div class=\"elementor-column elementor-col-100 elementor-top-column elementor-element elementor-element-9ca7f6d ot-flex-column-vertical\" data-id=\"9ca7f6d\" data-element_type=\"column\">\n\t\t\t<div class=\"elementor-widget-wrap elementor-element-populated\">\n\t\t\t\t\t\t<section class=\"elementor-section elementor-inner-section elementor-element elementor-element-ae21701 elementor-section-content-top elementor-section-full_width ot-traditional elementor-section-height-default elementor-section-height-default\" data-id=\"ae21701\" data-element_type=\"section\">\n\t\t\t\t\t\t<div class=\"elementor-container elementor-column-gap-extended\">\n\t\t\t\t\t<div class=\"elementor-column elementor-col-50 elementor-inner-column elementor-element elementor-element-78f9ac9 ot-flex-column-vertical\" data-id=\"78f9ac9\" data-element_type=\"column\">\n\t\t\t<div class=\"elementor-widget-wrap elementor-element-populated\">\n\t\t\t\t\t\t<div class=\"elementor-element elementor-element-25eb330 elementor-widget elementor-widget-image\" data-id=\"25eb330\" data-element_type=\"widget\" data-widget_type=\"image.default\">\n\t\t\t\t<div class=\"elementor-widget-container\">\n\t\t\t\t\t\t\t\t\t\t\t\t\t<img fetchpriority=\"high\" decoding=\"async\" width=\"1024\" height=\"1024\" src=\"https:\/\/yestothenet.com\/wp-content\/uploads\/2024\/01\/referencement-naturel-SEO-Safi-Chichaoua-Ben-Guerir-Settat.webp\" class=\"attachment-large size-large wp-image-7239\" alt=\"SEO natural Safi\" srcset=\"https:\/\/yestothenet.com\/wp-content\/uploads\/2024\/01\/referencement-naturel-SEO-Safi-Chichaoua-Ben-Guerir-Settat.webp 1024w, https:\/\/yestothenet.com\/wp-content\/uploads\/2024\/01\/referencement-naturel-SEO-Safi-Chichaoua-Ben-Guerir-Settat-300x300.webp 300w, https:\/\/yestothenet.com\/wp-content\/uploads\/2024\/01\/referencement-naturel-SEO-Safi-Chichaoua-Ben-Guerir-Settat-150x150.webp 150w, https:\/\/yestothenet.com\/wp-content\/uploads\/2024\/01\/referencement-naturel-SEO-Safi-Chichaoua-Ben-Guerir-Settat-768x768.webp 768w, https:\/\/yestothenet.com\/wp-content\/uploads\/2024\/01\/referencement-naturel-SEO-Safi-Chichaoua-Ben-Guerir-Settat-720x720.webp 720w\" sizes=\"(max-width: 1024px) 100vw, 1024px\" \/>\t\t\t\t\t\t\t\t\t\t\t\t\t<\/div>\n\t\t\t\t<\/div>\n\t\t\t\t\t<\/div>\n\t\t<\/div>\n\t\t\t\t<div class=\"elementor-column elementor-col-50 elementor-inner-column elementor-element elementor-element-dce0f81 ot-flex-column-vertical\" data-id=\"dce0f81\" data-element_type=\"column\">\n\t\t\t<div class=\"elementor-widget-wrap elementor-element-populated\">\n\t\t\t\t\t\t<div class=\"elementor-element elementor-element-ea79d5e elementor-widget elementor-widget-iheading\" data-id=\"ea79d5e\" data-element_type=\"widget\" data-widget_type=\"iheading.default\">\n\t\t\t\t<div class=\"elementor-widget-container\">\n\t\t\t\t\t<div class=\"ot-heading\">\r\n\t        <h1 class=\"main-heading\">S\u00cd A LA RED \u2013 SEO Natural Safi<\/h1>\t    <\/div>\r\n\t    \t\t<\/div>\n\t\t\t\t<\/div>\n\t\t\t\t<div class=\"elementor-element elementor-element-734d7ce elementor-widget elementor-widget-text-editor\" data-id=\"734d7ce\" data-element_type=\"widget\" data-widget_type=\"text-editor.default\">\n\t\t\t\t<div class=\"elementor-widget-container\">\n\t\t\t\t\t\t\t<p>Necesitas un especialista en <strong>SEO natural Safi\u00a0<\/strong>En YES TO THE NET, entendemos la importancia de ser visibles y accesibles en l\u00ednea. Nuestra agencia de comunicaci\u00f3n es reconocida por su profesionalismo y experiencia en marketing digital.<\/p><p>Nuestro servicio de <strong><span style=\"color: #33cccc;\"><a style=\"color: #33cccc;\" href=\"https:\/\/yestothenet.com\/es\/referenciamiento-seo-natural\/\">referenciamiento SEO natural<\/a><\/span> Safi <\/strong>Est\u00e1 dise\u00f1ado para impulsar su negocio a los primeros puestos de los resultados de b\u00fasqueda, conect\u00e1ndolo con su p\u00fablico objetivo de forma efectiva y duradera. Garantizamos resultados que cumplen con sus expectativas.<\/p><p>El SEO no se trata solo de palabras clave y enlaces. Es una estrategia compleja que requiere un profundo conocimiento de los algoritmos de los motores de b\u00fasqueda, las tendencias del mercado y el comportamiento del usuario. Nuestro equipo de expertos en <strong>SEO natural Safi<\/strong>\u00a0Tiene la experiencia y los conocimientos necesarios para garantizar que su sitio web no solo siga las tendencias, sino que se anticipe a ellas. No dude en contactarnos. <span style=\"color: #33cccc;\"><a style=\"color: #33cccc;\" href=\"tel:06 61 26 30 34\"><strong>06 61 26 30 34<\/strong><\/a><\/span>.<\/p>\t\t\t\t\t\t<\/div>\n\t\t\t\t<\/div>\n\t\t\t\t\t<\/div>\n\t\t<\/div>\n\t\t\t\t\t<\/div>\n\t\t<\/section>\n\t\t\t\t\t<\/div>\n\t\t<\/div>\n\t\t\t\t\t<\/div>\n\t\t<\/section>\n\t\t\t\t<section class=\"elementor-section elementor-top-section elementor-element elementor-element-30c462d ot-traditional elementor-section-boxed elementor-section-height-default elementor-section-height-default\" data-id=\"30c462d\" data-element_type=\"section\">\n\t\t\t\t\t\t<div class=\"elementor-container elementor-column-gap-default\">\n\t\t\t\t\t<div class=\"elementor-column elementor-col-100 elementor-top-column elementor-element elementor-element-c788162 ot-flex-column-vertical\" data-id=\"c788162\" data-element_type=\"column\">\n\t\t\t<div class=\"elementor-widget-wrap elementor-element-populated\">\n\t\t\t\t\t\t<section class=\"elementor-section elementor-inner-section elementor-element elementor-element-ab020ed elementor-section-full_width elementor-section-content-bottom ot-traditional elementor-section-height-default elementor-section-height-default\" data-id=\"ab020ed\" data-element_type=\"section\" data-settings=\"{&quot;background_background&quot;:&quot;classic&quot;}\">\n\t\t\t\t\t\t\t<div class=\"elementor-background-overlay\"><\/div>\n\t\t\t\t\t\t\t<div class=\"elementor-container elementor-column-gap-extended\">\n\t\t\t\t\t<div class=\"elementor-column elementor-col-50 elementor-inner-column elementor-element elementor-element-ffaaf2a ot-flex-column-vertical\" data-id=\"ffaaf2a\" data-element_type=\"column\">\n\t\t\t<div class=\"elementor-widget-wrap elementor-element-populated\">\n\t\t\t\t\t\t<div class=\"elementor-element elementor-element-5ff7ce1 elementor-widget elementor-widget-iheading\" data-id=\"5ff7ce1\" data-element_type=\"widget\" data-widget_type=\"iheading.default\">\n\t\t\t\t<div class=\"elementor-widget-container\">\n\t\t\t\t\t<div class=\"ot-heading\">\r\n\t        \t            <span>\/\/ Con S\u00cd A LA RED,<\/span>\r\n\t        <h2 class=\"main-heading\">Revoluciona tu presencia online <\/h2>\t    <\/div>\r\n\t    \t\t<\/div>\n\t\t\t\t<\/div>\n\t\t\t\t\t<\/div>\n\t\t<\/div>\n\t\t\t\t<div class=\"elementor-column elementor-col-50 elementor-inner-column elementor-element elementor-element-3fd82f3 ot-flex-column-vertical\" data-id=\"3fd82f3\" data-element_type=\"column\">\n\t\t\t<div class=\"elementor-widget-wrap elementor-element-populated\">\n\t\t\t\t\t\t<div class=\"elementor-element elementor-element-e146430 elementor-align-right elementor-mobile-align-left elementor-widget elementor-widget-button\" data-id=\"e146430\" data-element_type=\"widget\" data-widget_type=\"button.default\">\n\t\t\t\t<div class=\"elementor-widget-container\">\n\t\t\t\t\t<div class=\"elementor-button-wrapper\">\n\t\t\t<a class=\"elementor-button elementor-button-link elementor-size-md\" href=\"https:\/\/yestothenet.com\/es\/contacto\/\">\n\t\t\t\t\t\t<span class=\"elementor-button-content-wrapper\">\n\t\t\t\t\t\t\t\t\t<span class=\"elementor-button-text\">Cont\u00e1ctanos<\/span>\n\t\t\t\t\t<\/span>\n\t\t\t\t\t<\/a>\n\t\t<\/div>\n\t\t\t\t<\/div>\n\t\t\t\t<\/div>\n\t\t\t\t\t<\/div>\n\t\t<\/div>\n\t\t\t\t\t<\/div>\n\t\t<\/section>\n\t\t\t\t\t<\/div>\n\t\t<\/div>\n\t\t\t\t\t<\/div>\n\t\t<\/section>\n\t\t\t\t<section class=\"elementor-section elementor-top-section elementor-element elementor-element-81a82a5 ot-traditional elementor-section-boxed elementor-section-height-default elementor-section-height-default\" data-id=\"81a82a5\" data-element_type=\"section\" data-settings=\"{&quot;background_background&quot;:&quot;classic&quot;}\">\n\t\t\t\t\t\t\t<div class=\"elementor-background-overlay\"><\/div>\n\t\t\t\t\t\t\t<div class=\"elementor-container elementor-column-gap-extended\">\n\t\t\t\t\t<div class=\"elementor-column elementor-col-50 elementor-top-column elementor-element elementor-element-18b89c0 ot-flex-column-vertical\" data-id=\"18b89c0\" data-element_type=\"column\">\n\t\t\t<div class=\"elementor-widget-wrap elementor-element-populated\">\n\t\t\t\t\t\t<section class=\"elementor-section elementor-inner-section elementor-element elementor-element-dd648d0 elementor-section-full_width ot-traditional elementor-section-height-default elementor-section-height-default\" data-id=\"dd648d0\" data-element_type=\"section\">\n\t\t\t\t\t\t<div class=\"elementor-container elementor-column-gap-default\">\n\t\t\t\t\t<div class=\"elementor-column elementor-col-100 elementor-inner-column elementor-element elementor-element-9c59460 ot-flex-column-vertical\" data-id=\"9c59460\" data-element_type=\"column\">\n\t\t\t<div class=\"elementor-widget-wrap elementor-element-populated\">\n\t\t\t\t\t\t<div class=\"elementor-element elementor-element-45e921b elementor-widget elementor-widget-iheading\" data-id=\"45e921b\" data-element_type=\"widget\" data-widget_type=\"iheading.default\">\n\t\t\t\t<div class=\"elementor-widget-container\">\n\t\t\t\t\t<div class=\"ot-heading\">\r\n\t        <h2 class=\"main-heading\">Haz que tu negocio brille en l\u00ednea con nuestro servicio SEO natural Safi<\/h2>\t    <\/div>\r\n\t    \t\t<\/div>\n\t\t\t\t<\/div>\n\t\t\t\t<div class=\"elementor-element elementor-element-9a4497b elementor-widget elementor-widget-text-editor\" data-id=\"9a4497b\" data-element_type=\"widget\" data-widget_type=\"text-editor.default\">\n\t\t\t\t<div class=\"elementor-widget-container\">\n\t\t\t\t\t\t\t<p>En YES TO THE NET, entendemos que cada negocio es \u00fanico. Por eso, no seguimos una f\u00f3rmula est\u00e1ndar. Creamos estrategias de SEO personalizadas que tienen en cuenta tu mercado objetivo, tus objetivos comerciales y tu identidad de marca. Tanto si eres una startup innovadora como si tienes una empresa consolidada, nuestro enfoque personalizado garantiza que tu presencia online est\u00e9 optimizada para alcanzar tu \u00e9xito.<\/p><p>Nuestro compromiso con la calidad y los resultados a largo plazo se refleja en nuestro enfoque SEO. Utilizamos m\u00e9todos probados y \u00e9ticos para mejorar su posicionamiento en buscadores, aumentar el tr\u00e1fico de su sitio web y fortalecer su presencia online. Con YES TO THE NET, no solo se beneficia de una mejora inmediata de su visibilidad online, sino tambi\u00e9n de una estrategia sostenible que impulsa el crecimiento continuo de su negocio.<\/p><p>Creemos en construir relaciones duraderas con nuestros clientes. En YES TO THE NET, la transparencia es primordial. Siempre estar\u00e1 informado sobre las estrategias utilizadas, el progreso alcanzado y los resultados obtenidos. Trabajamos estrechamente con usted para garantizar que nuestras estrategias de SEO est\u00e9n totalmente alineadas con sus objetivos comerciales.<\/p>\t\t\t\t\t\t<\/div>\n\t\t\t\t<\/div>\n\t\t\t\t\t<\/div>\n\t\t<\/div>\n\t\t\t\t\t<\/div>\n\t\t<\/section>\n\t\t\t\t\t<\/div>\n\t\t<\/div>\n\t\t\t\t<div class=\"elementor-column elementor-col-50 elementor-top-column elementor-element elementor-element-8a09494 ot-flex-column-vertical\" data-id=\"8a09494\" data-element_type=\"column\">\n\t\t\t<div class=\"elementor-widget-wrap elementor-element-populated\">\n\t\t\t\t\t\t<div class=\"elementor-element elementor-element-49ce0c4 elementor-widget elementor-widget-image\" data-id=\"49ce0c4\" data-element_type=\"widget\" data-widget_type=\"image.default\">\n\t\t\t\t<div class=\"elementor-widget-container\">\n\t\t\t\t\t\t\t\t\t\t\t\t\t<img decoding=\"async\" width=\"319\" height=\"158\" src=\"https:\/\/yestothenet.com\/wp-content\/uploads\/2024\/01\/referencement-naturel-SEO-Safi-Chichaoua-Ben-Guerir-Settat-ok.png\" class=\"attachment-large size-large wp-image-7241\" alt=\"SEO natural Safi\" srcset=\"https:\/\/yestothenet.com\/wp-content\/uploads\/2024\/01\/referencement-naturel-SEO-Safi-Chichaoua-Ben-Guerir-Settat-ok.png 319w, https:\/\/yestothenet.com\/wp-content\/uploads\/2024\/01\/referencement-naturel-SEO-Safi-Chichaoua-Ben-Guerir-Settat-ok-300x149.png 300w\" sizes=\"(max-width: 319px) 100vw, 319px\" \/>\t\t\t\t\t\t\t\t\t\t\t\t\t<\/div>\n\t\t\t\t<\/div>\n\t\t\t\t\t<\/div>\n\t\t<\/div>\n\t\t\t\t\t<\/div>\n\t\t<\/section>\n\t\t\t\t<\/div>","protected":false},"excerpt":{"rendered":"<p>YES TO THE NET \u2013 R\u00e9f\u00e9rencement naturel SEO Safi Vous avez besoin d\u2019un sp\u00e9cialiste en r\u00e9f\u00e9rencement naturel SEO Safi\u00a0? Chez YES TO THE NET, nous comprenons l&rsquo;importance d&rsquo;\u00eatre visible et accessible sur Internet. En effet, Notre agence de communication est reconnue pour son professionnalisme et son expertise dans le domaine de marketing digital. Notre service [&hellip;]<\/p>","protected":false},"author":1,"featured_media":0,"parent":0,"menu_order":0,"comment_status":"closed","ping_status":"closed","template":"","meta":{"footnotes":""},"class_list":["post-7236","page","type-page","status-publish","hentry"],"yoast_head":"<!-- This site is optimized with the Yoast SEO plugin v23.6 - https:\/\/yoast.com\/wordpress\/plugins\/seo\/ -->\n<title>R\u00e9f\u00e9rencement naturel SEO Safi - YES TO THE NET<\/title>\n<meta name=\"description\" content=\"Boostez votre entreprise avec YES TO THE NET : expert en R\u00e9f\u00e9rencement naturel SEO Safi et en cr\u00e9ation site web.\" \/>\n<meta name=\"robots\" content=\"index, follow, max-snippet:-1, max-image-preview:large, max-video-preview:-1\" \/>\n<link rel=\"canonical\" href=\"https:\/\/yestothenet.com\/es\/referenciacion-natural-seo-safi\/\" \/>\n<meta property=\"og:locale\" content=\"es_ES\" \/>\n<meta property=\"og:type\" content=\"article\" \/>\n<meta property=\"og:title\" content=\"R\u00e9f\u00e9rencement naturel SEO Safi - YES TO THE NET\" \/>\n<meta property=\"og:description\" content=\"Boostez votre entreprise avec YES TO THE NET : expert en R\u00e9f\u00e9rencement naturel SEO Safi et en cr\u00e9ation site web.\" \/>\n<meta property=\"og:url\" content=\"https:\/\/yestothenet.com\/es\/referenciacion-natural-seo-safi\/\" \/>\n<meta property=\"og:site_name\" content=\"Yes To The Net\" \/>\n<meta property=\"article:publisher\" content=\"https:\/\/www.instagram.com\/yestothenet\/\" \/>\n<meta property=\"article:modified_time\" content=\"2024-07-18T09:07:17+00:00\" \/>\n<meta property=\"og:image\" content=\"https:\/\/yestothenet.com\/wp-content\/uploads\/2024\/01\/referencement-naturel-SEO-Safi-Chichaoua-Ben-Guerir-Settat.webp\" \/>\n<meta name=\"twitter:card\" content=\"summary_large_image\" \/>\n<meta name=\"twitter:label1\" content=\"Tiempo de lectura\" \/>\n\t<meta name=\"twitter:data1\" content=\"3 minutos\" \/>\n<script type=\"application\/ld+json\" class=\"yoast-schema-graph\">{\"@context\":\"https:\/\/schema.org\",\"@graph\":[{\"@type\":\"WebPage\",\"@id\":\"https:\/\/yestothenet.com\/referencement-naturel-seo-safi\/\",\"url\":\"https:\/\/yestothenet.com\/referencement-naturel-seo-safi\/\",\"name\":\"R\u00e9f\u00e9rencement naturel SEO Safi - YES TO THE NET\",\"isPartOf\":{\"@id\":\"https:\/\/yestothenet.com\/#website\"},\"primaryImageOfPage\":{\"@id\":\"https:\/\/yestothenet.com\/referencement-naturel-seo-safi\/#primaryimage\"},\"image\":{\"@id\":\"https:\/\/yestothenet.com\/referencement-naturel-seo-safi\/#primaryimage\"},\"thumbnailUrl\":\"https:\/\/yestothenet.com\/wp-content\/uploads\/2024\/01\/referencement-naturel-SEO-Safi-Chichaoua-Ben-Guerir-Settat.webp\",\"datePublished\":\"2024-01-24T11:34:35+00:00\",\"dateModified\":\"2024-07-18T09:07:17+00:00\",\"description\":\"Boostez votre entreprise avec YES TO THE NET : expert en R\u00e9f\u00e9rencement naturel SEO Safi et en cr\u00e9ation site web.\",\"breadcrumb\":{\"@id\":\"https:\/\/yestothenet.com\/referencement-naturel-seo-safi\/#breadcrumb\"},\"inLanguage\":\"es\",\"potentialAction\":[{\"@type\":\"ReadAction\",\"target\":[\"https:\/\/yestothenet.com\/referencement-naturel-seo-safi\/\"]}]},{\"@type\":\"ImageObject\",\"inLanguage\":\"es\",\"@id\":\"https:\/\/yestothenet.com\/referencement-naturel-seo-safi\/#primaryimage\",\"url\":\"https:\/\/yestothenet.com\/wp-content\/uploads\/2024\/01\/referencement-naturel-SEO-Safi-Chichaoua-Ben-Guerir-Settat.webp\",\"contentUrl\":\"https:\/\/yestothenet.com\/wp-content\/uploads\/2024\/01\/referencement-naturel-SEO-Safi-Chichaoua-Ben-Guerir-Settat.webp\"},{\"@type\":\"BreadcrumbList\",\"@id\":\"https:\/\/yestothenet.com\/referencement-naturel-seo-safi\/#breadcrumb\",\"itemListElement\":[{\"@type\":\"ListItem\",\"position\":1,\"name\":\"Accueil\",\"item\":\"https:\/\/yestothenet.com\/\"},{\"@type\":\"ListItem\",\"position\":2,\"name\":\"&#8230; R\u00e9f\u00e9rencement naturel SEO Safi\"}]},{\"@type\":\"WebSite\",\"@id\":\"https:\/\/yestothenet.com\/#website\",\"url\":\"https:\/\/yestothenet.com\/\",\"name\":\"YES TO THE NET\",\"description\":\"Votre agence de communication \u00e0 Marrakech\",\"publisher\":{\"@id\":\"https:\/\/yestothenet.com\/#organization\"},\"potentialAction\":[{\"@type\":\"SearchAction\",\"target\":{\"@type\":\"EntryPoint\",\"urlTemplate\":\"https:\/\/yestothenet.com\/?s={search_term_string}\"},\"query-input\":{\"@type\":\"PropertyValueSpecification\",\"valueRequired\":true,\"valueName\":\"search_term_string\"}}],\"inLanguage\":\"es\"},{\"@type\":\"Organization\",\"@id\":\"https:\/\/yestothenet.com\/#organization\",\"name\":\"YES TO THE NET\",\"url\":\"https:\/\/yestothenet.com\/\",\"logo\":{\"@type\":\"ImageObject\",\"inLanguage\":\"es\",\"@id\":\"https:\/\/yestothenet.com\/#\/schema\/logo\/image\/\",\"url\":\"https:\/\/yestothenet.com\/wp-content\/uploads\/2024\/02\/cropped-YES_THE_TO_NET-removebg-preview.png\",\"contentUrl\":\"https:\/\/yestothenet.com\/wp-content\/uploads\/2024\/02\/cropped-YES_THE_TO_NET-removebg-preview.png\",\"width\":512,\"height\":512,\"caption\":\"YES TO THE NET\"},\"image\":{\"@id\":\"https:\/\/yestothenet.com\/#\/schema\/logo\/image\/\"},\"sameAs\":[\"https:\/\/www.instagram.com\/yestothenet\/\"]}]}<\/script>\n<!-- \/ Yoast SEO plugin. -->","yoast_head_json":{"title":"R\u00e9f\u00e9rencement naturel SEO Safi - YES TO THE NET","description":"Boostez votre entreprise avec YES TO THE NET : expert en R\u00e9f\u00e9rencement naturel SEO Safi et en cr\u00e9ation site web.","robots":{"index":"index","follow":"follow","max-snippet":"max-snippet:-1","max-image-preview":"max-image-preview:large","max-video-preview":"max-video-preview:-1"},"canonical":"https:\/\/yestothenet.com\/es\/referenciacion-natural-seo-safi\/","og_locale":"es_ES","og_type":"article","og_title":"R\u00e9f\u00e9rencement naturel SEO Safi - YES TO THE NET","og_description":"Boostez votre entreprise avec YES TO THE NET : expert en R\u00e9f\u00e9rencement naturel SEO Safi et en cr\u00e9ation site web.","og_url":"https:\/\/yestothenet.com\/es\/referenciacion-natural-seo-safi\/","og_site_name":"Yes To The Net","article_publisher":"https:\/\/www.instagram.com\/yestothenet\/","article_modified_time":"2024-07-18T09:07:17+00:00","og_image":[{"url":"https:\/\/yestothenet.com\/wp-content\/uploads\/2024\/01\/referencement-naturel-SEO-Safi-Chichaoua-Ben-Guerir-Settat.webp"}],"twitter_card":"summary_large_image","twitter_misc":{"Tiempo de lectura":"3 minutos"},"schema":{"@context":"https:\/\/schema.org","@graph":[{"@type":"WebPage","@id":"https:\/\/yestothenet.com\/referencement-naturel-seo-safi\/","url":"https:\/\/yestothenet.com\/referencement-naturel-seo-safi\/","name":"R\u00e9f\u00e9rencement naturel SEO Safi - YES TO THE NET","isPartOf":{"@id":"https:\/\/yestothenet.com\/#website"},"primaryImageOfPage":{"@id":"https:\/\/yestothenet.com\/referencement-naturel-seo-safi\/#primaryimage"},"image":{"@id":"https:\/\/yestothenet.com\/referencement-naturel-seo-safi\/#primaryimage"},"thumbnailUrl":"https:\/\/yestothenet.com\/wp-content\/uploads\/2024\/01\/referencement-naturel-SEO-Safi-Chichaoua-Ben-Guerir-Settat.webp","datePublished":"2024-01-24T11:34:35+00:00","dateModified":"2024-07-18T09:07:17+00:00","description":"Boostez votre entreprise avec YES TO THE NET : expert en R\u00e9f\u00e9rencement naturel SEO Safi et en cr\u00e9ation site web.","breadcrumb":{"@id":"https:\/\/yestothenet.com\/referencement-naturel-seo-safi\/#breadcrumb"},"inLanguage":"es","potentialAction":[{"@type":"ReadAction","target":["https:\/\/yestothenet.com\/referencement-naturel-seo-safi\/"]}]},{"@type":"ImageObject","inLanguage":"es","@id":"https:\/\/yestothenet.com\/referencement-naturel-seo-safi\/#primaryimage","url":"https:\/\/yestothenet.com\/wp-content\/uploads\/2024\/01\/referencement-naturel-SEO-Safi-Chichaoua-Ben-Guerir-Settat.webp","contentUrl":"https:\/\/yestothenet.com\/wp-content\/uploads\/2024\/01\/referencement-naturel-SEO-Safi-Chichaoua-Ben-Guerir-Settat.webp"},{"@type":"BreadcrumbList","@id":"https:\/\/yestothenet.com\/referencement-naturel-seo-safi\/#breadcrumb","itemListElement":[{"@type":"ListItem","position":1,"name":"Accueil","item":"https:\/\/yestothenet.com\/"},{"@type":"ListItem","position":2,"name":"&#8230; R\u00e9f\u00e9rencement naturel SEO Safi"}]},{"@type":"WebSite","@id":"https:\/\/yestothenet.com\/#website","url":"https:\/\/yestothenet.com\/","name":"YES TO THE NET","description":"Votre agence de communication \u00e0 Marrakech","publisher":{"@id":"https:\/\/yestothenet.com\/#organization"},"potentialAction":[{"@type":"SearchAction","target":{"@type":"EntryPoint","urlTemplate":"https:\/\/yestothenet.com\/?s={search_term_string}"},"query-input":{"@type":"PropertyValueSpecification","valueRequired":true,"valueName":"search_term_string"}}],"inLanguage":"es"},{"@type":"Organization","@id":"https:\/\/yestothenet.com\/#organization","name":"YES TO THE NET","url":"https:\/\/yestothenet.com\/","logo":{"@type":"ImageObject","inLanguage":"es","@id":"https:\/\/yestothenet.com\/#\/schema\/logo\/image\/","url":"https:\/\/yestothenet.com\/wp-content\/uploads\/2024\/02\/cropped-YES_THE_TO_NET-removebg-preview.png","contentUrl":"https:\/\/yestothenet.com\/wp-content\/uploads\/2024\/02\/cropped-YES_THE_TO_NET-removebg-preview.png","width":512,"height":512,"caption":"YES TO THE NET"},"image":{"@id":"https:\/\/yestothenet.com\/#\/schema\/logo\/image\/"},"sameAs":["https:\/\/www.instagram.com\/yestothenet\/"]}]}},"_links":{"self":[{"href":"https:\/\/yestothenet.com\/es\/wp-json\/wp\/v2\/pages\/7236","targetHints":{"allow":["GET"]}}],"collection":[{"href":"https:\/\/yestothenet.com\/es\/wp-json\/wp\/v2\/pages"}],"about":[{"href":"https:\/\/yestothenet.com\/es\/wp-json\/wp\/v2\/types\/page"}],"author":[{"embeddable":true,"href":"https:\/\/yestothenet.com\/es\/wp-json\/wp\/v2\/users\/1"}],"replies":[{"embeddable":true,"href":"https:\/\/yestothenet.com\/es\/wp-json\/wp\/v2\/comments?post=7236"}],"version-history":[{"count":11,"href":"https:\/\/yestothenet.com\/es\/wp-json\/wp\/v2\/pages\/7236\/revisions"}],"predecessor-version":[{"id":8534,"href":"https:\/\/yestothenet.com\/es\/wp-json\/wp\/v2\/pages\/7236\/revisions\/8534"}],"wp:attachment":[{"href":"https:\/\/yestothenet.com\/es\/wp-json\/wp\/v2\/media?parent=7236"}],"curies":[{"name":"wp","href":"https:\/\/api.w.org\/{rel}","templated":true}]}}