{"id":7191,"date":"2024-01-23T11:20:45","date_gmt":"2024-01-23T10:20:45","guid":{"rendered":"https:\/\/yestothenet.com\/?page_id=7191"},"modified":"2024-01-23T11:36:43","modified_gmt":"2024-01-23T10:36:43","slug":"creation-application-mobile-agadir-essaouira-taroudant","status":"publish","type":"page","link":"https:\/\/yestothenet.com\/es\/creacion-de-una-aplicacion-movil-agadir-essaouira-taroudant\/","title":{"rendered":"\u2026 Creaci\u00f3n de aplicaciones m\u00f3viles Agadir, Essaouira, Taroudant"},"content":{"rendered":"<div data-elementor-type=\"wp-page\" data-elementor-id=\"7191\" class=\"elementor elementor-7191\" data-elementor-post-type=\"page\">\n\t\t\t\t\t\t<section class=\"elementor-section elementor-top-section elementor-element elementor-element-2db1430 elementor-section-content-middle ot-traditional elementor-section-boxed elementor-section-height-default elementor-section-height-default\" data-id=\"2db1430\" data-element_type=\"section\">\n\t\t\t\t\t\t<div class=\"elementor-container elementor-column-gap-default\">\n\t\t\t\t\t<div class=\"elementor-column elementor-col-100 elementor-top-column elementor-element elementor-element-9ca7f6d ot-flex-column-vertical\" data-id=\"9ca7f6d\" data-element_type=\"column\">\n\t\t\t<div class=\"elementor-widget-wrap elementor-element-populated\">\n\t\t\t\t\t\t<section class=\"elementor-section elementor-inner-section elementor-element elementor-element-ae21701 elementor-section-content-top elementor-section-full_width ot-traditional elementor-section-height-default elementor-section-height-default\" data-id=\"ae21701\" data-element_type=\"section\">\n\t\t\t\t\t\t<div class=\"elementor-container elementor-column-gap-extended\">\n\t\t\t\t\t<div class=\"elementor-column elementor-col-50 elementor-inner-column elementor-element elementor-element-78f9ac9 ot-flex-column-vertical\" data-id=\"78f9ac9\" data-element_type=\"column\">\n\t\t\t<div class=\"elementor-widget-wrap elementor-element-populated\">\n\t\t\t\t\t\t<div class=\"elementor-element elementor-element-25eb330 elementor-widget elementor-widget-image\" data-id=\"25eb330\" data-element_type=\"widget\" data-widget_type=\"image.default\">\n\t\t\t\t<div class=\"elementor-widget-container\">\n\t\t\t\t\t\t\t\t\t\t\t\t\t<img fetchpriority=\"high\" decoding=\"async\" width=\"680\" height=\"452\" src=\"https:\/\/yestothenet.com\/wp-content\/uploads\/2024\/01\/Creation-application-Mobile-Agadir-Essaouira-Taroudant-1.webp\" class=\"attachment-large size-large wp-image-7198\" alt=\"Creaci\u00f3n de aplicaciones m\u00f3viles Agadir, Essaouira, Taroudant\" srcset=\"https:\/\/yestothenet.com\/wp-content\/uploads\/2024\/01\/Creation-application-Mobile-Agadir-Essaouira-Taroudant-1.webp 680w, https:\/\/yestothenet.com\/wp-content\/uploads\/2024\/01\/Creation-application-Mobile-Agadir-Essaouira-Taroudant-1-300x199.webp 300w\" sizes=\"(max-width: 680px) 100vw, 680px\" \/>\t\t\t\t\t\t\t\t\t\t\t\t\t<\/div>\n\t\t\t\t<\/div>\n\t\t\t\t\t<\/div>\n\t\t<\/div>\n\t\t\t\t<div class=\"elementor-column elementor-col-50 elementor-inner-column elementor-element elementor-element-dce0f81 ot-flex-column-vertical\" data-id=\"dce0f81\" data-element_type=\"column\">\n\t\t\t<div class=\"elementor-widget-wrap elementor-element-populated\">\n\t\t\t\t\t\t<div class=\"elementor-element elementor-element-ea79d5e elementor-widget elementor-widget-iheading\" data-id=\"ea79d5e\" data-element_type=\"widget\" data-widget_type=\"iheading.default\">\n\t\t\t\t<div class=\"elementor-widget-container\">\n\t\t\t\t\t<div class=\"ot-heading\">\r\n\t        <h1 class=\"main-heading\">S\u00cd A LA RED \u2013 Creaci\u00f3n de aplicaciones m\u00f3viles Agadir, Essaouira, Taroudant<\/h1>\t    <\/div>\r\n\t    \t\t<\/div>\n\t\t\t\t<\/div>\n\t\t\t\t<div class=\"elementor-element elementor-element-734d7ce elementor-widget elementor-widget-text-editor\" data-id=\"734d7ce\" data-element_type=\"widget\" data-widget_type=\"text-editor.default\">\n\t\t\t\t<div class=\"elementor-widget-container\">\n\t\t\t\t\t\t\t<p>Necesitas un especialista en <strong>Creaci\u00f3n de aplicaciones m\u00f3viles Agadir, Essaouira, Taroudant\u00a0<\/strong>Su agencia de comunicaciones, YES TO THE NET, es la direcci\u00f3n a la que acudir para todas sus necesidades de desarrollo web y m\u00f3vil, SEO, SEA, estrategia de marketing, dise\u00f1o gr\u00e1fico y outsourcing de TI.<\/p><p>Nuestro proceso de <strong><span style=\"color: #33cccc;\"><a style=\"color: #33cccc;\" href=\"https:\/\/yestothenet.com\/es\/creacion-de-aplicaciones-moviles\/\">creaci\u00f3n de aplicaciones m\u00f3viles<\/a><\/span> Agadir, Esauira, Tarudant<\/strong> Siempre comenzamos escuchando atentamente sus necesidades espec\u00edficas. Nuestro equipo de expertos trabaja estrechamente con usted para transformar su visi\u00f3n en una aplicaci\u00f3n m\u00f3vil funcional, est\u00e9ticamente atractiva e intuitiva. Ya sea una startup innovadora o una empresa consolidada, dise\u00f1amos soluciones que reflejan la identidad de su marca y cumplen con sus objetivos comerciales.<\/p><p>La innovaci\u00f3n es la base de nuestro enfoque. Al utilizar las \u00faltimas tecnolog\u00edas y seguir las tendencias emergentes del sector, garantizamos que su aplicaci\u00f3n no solo est\u00e9 actualizada, sino tambi\u00e9n preparada para el futuro. Desde inteligencia artificial y aprendizaje autom\u00e1tico hasta interfaces de usuario interactivas, integramos funciones avanzadas para ofrecer un servicio de <strong>Creaci\u00f3n de aplicaciones m\u00f3viles Agadir, Essaouira, Taroudant<\/strong> incomparable. No dude en contactarnos en <span style=\"color: #33cccc;\"><a style=\"color: #33cccc;\" href=\"tel:06 61 26 30 34\"><strong>06 61 26 30 34<\/strong><\/a><\/span>.<\/p>\t\t\t\t\t\t<\/div>\n\t\t\t\t<\/div>\n\t\t\t\t\t<\/div>\n\t\t<\/div>\n\t\t\t\t\t<\/div>\n\t\t<\/section>\n\t\t\t\t\t<\/div>\n\t\t<\/div>\n\t\t\t\t\t<\/div>\n\t\t<\/section>\n\t\t\t\t<section class=\"elementor-section elementor-top-section elementor-element elementor-element-30c462d ot-traditional elementor-section-boxed elementor-section-height-default elementor-section-height-default\" data-id=\"30c462d\" data-element_type=\"section\">\n\t\t\t\t\t\t<div class=\"elementor-container elementor-column-gap-default\">\n\t\t\t\t\t<div class=\"elementor-column elementor-col-100 elementor-top-column elementor-element elementor-element-c788162 ot-flex-column-vertical\" data-id=\"c788162\" data-element_type=\"column\">\n\t\t\t<div class=\"elementor-widget-wrap elementor-element-populated\">\n\t\t\t\t\t\t<section class=\"elementor-section elementor-inner-section elementor-element elementor-element-ab020ed elementor-section-full_width elementor-section-content-bottom ot-traditional elementor-section-height-default elementor-section-height-default\" data-id=\"ab020ed\" data-element_type=\"section\" data-settings=\"{&quot;background_background&quot;:&quot;classic&quot;}\">\n\t\t\t\t\t\t\t<div class=\"elementor-background-overlay\"><\/div>\n\t\t\t\t\t\t\t<div class=\"elementor-container elementor-column-gap-extended\">\n\t\t\t\t\t<div class=\"elementor-column elementor-col-50 elementor-inner-column elementor-element elementor-element-ffaaf2a ot-flex-column-vertical\" data-id=\"ffaaf2a\" data-element_type=\"column\">\n\t\t\t<div class=\"elementor-widget-wrap elementor-element-populated\">\n\t\t\t\t\t\t<div class=\"elementor-element elementor-element-5ff7ce1 elementor-widget elementor-widget-iheading\" data-id=\"5ff7ce1\" data-element_type=\"widget\" data-widget_type=\"iheading.default\">\n\t\t\t\t<div class=\"elementor-widget-container\">\n\t\t\t\t\t<div class=\"ot-heading\">\r\n\t        \t            <span>\/\/ Con S\u00cd A LA RED,<\/span>\r\n\t        <h2 class=\"main-heading\">Revoluciona tu presencia online <\/h2>\t    <\/div>\r\n\t    \t\t<\/div>\n\t\t\t\t<\/div>\n\t\t\t\t\t<\/div>\n\t\t<\/div>\n\t\t\t\t<div class=\"elementor-column elementor-col-50 elementor-inner-column elementor-element elementor-element-3fd82f3 ot-flex-column-vertical\" data-id=\"3fd82f3\" data-element_type=\"column\">\n\t\t\t<div class=\"elementor-widget-wrap elementor-element-populated\">\n\t\t\t\t\t\t<div class=\"elementor-element elementor-element-e146430 elementor-align-right elementor-mobile-align-left elementor-widget elementor-widget-button\" data-id=\"e146430\" data-element_type=\"widget\" data-widget_type=\"button.default\">\n\t\t\t\t<div class=\"elementor-widget-container\">\n\t\t\t\t\t<div class=\"elementor-button-wrapper\">\n\t\t\t<a class=\"elementor-button elementor-button-link elementor-size-md\" href=\"https:\/\/yestothenet.com\/es\/contacto\/\">\n\t\t\t\t\t\t<span class=\"elementor-button-content-wrapper\">\n\t\t\t\t\t\t\t\t\t<span class=\"elementor-button-text\">Cont\u00e1ctanos<\/span>\n\t\t\t\t\t<\/span>\n\t\t\t\t\t<\/a>\n\t\t<\/div>\n\t\t\t\t<\/div>\n\t\t\t\t<\/div>\n\t\t\t\t\t<\/div>\n\t\t<\/div>\n\t\t\t\t\t<\/div>\n\t\t<\/section>\n\t\t\t\t\t<\/div>\n\t\t<\/div>\n\t\t\t\t\t<\/div>\n\t\t<\/section>\n\t\t\t\t<section class=\"elementor-section elementor-top-section elementor-element elementor-element-81a82a5 ot-traditional elementor-section-boxed elementor-section-height-default elementor-section-height-default\" data-id=\"81a82a5\" data-element_type=\"section\" data-settings=\"{&quot;background_background&quot;:&quot;classic&quot;}\">\n\t\t\t\t\t\t\t<div class=\"elementor-background-overlay\"><\/div>\n\t\t\t\t\t\t\t<div class=\"elementor-container elementor-column-gap-extended\">\n\t\t\t\t\t<div class=\"elementor-column elementor-col-50 elementor-top-column elementor-element elementor-element-18b89c0 ot-flex-column-vertical\" data-id=\"18b89c0\" data-element_type=\"column\">\n\t\t\t<div class=\"elementor-widget-wrap elementor-element-populated\">\n\t\t\t\t\t\t<section class=\"elementor-section elementor-inner-section elementor-element elementor-element-dd648d0 elementor-section-full_width ot-traditional elementor-section-height-default elementor-section-height-default\" data-id=\"dd648d0\" data-element_type=\"section\">\n\t\t\t\t\t\t<div class=\"elementor-container elementor-column-gap-default\">\n\t\t\t\t\t<div class=\"elementor-column elementor-col-100 elementor-inner-column elementor-element elementor-element-9c59460 ot-flex-column-vertical\" data-id=\"9c59460\" data-element_type=\"column\">\n\t\t\t<div class=\"elementor-widget-wrap elementor-element-populated\">\n\t\t\t\t\t\t<div class=\"elementor-element elementor-element-45e921b elementor-widget elementor-widget-iheading\" data-id=\"45e921b\" data-element_type=\"widget\" data-widget_type=\"iheading.default\">\n\t\t\t\t<div class=\"elementor-widget-container\">\n\t\t\t\t\t<div class=\"ot-heading\">\r\n\t        <h2 class=\"main-heading\">Transforme su visi\u00f3n en realidad con nuestros expertos en creaci\u00f3n de aplicaciones m\u00f3viles en Agadir, Essaouira, Taroudant<\/h2>\t    <\/div>\r\n\t    \t\t<\/div>\n\t\t\t\t<\/div>\n\t\t\t\t<div class=\"elementor-element elementor-element-9a4497b elementor-widget elementor-widget-text-editor\" data-id=\"9a4497b\" data-element_type=\"widget\" data-widget_type=\"text-editor.default\">\n\t\t\t\t<div class=\"elementor-widget-container\">\n\t\t\t\t\t\t\t<p>Al elegir YES TO THE NET para crear tu aplicaci\u00f3n m\u00f3vil, eliges un equipo apasionado e innovador, dedicado a tu \u00e9xito. \u00danete a nosotros en esta emocionante aventura y d\u00e9janos ayudarte a dar el gran salto hacia la era digital.<\/p><p style=\"text-align: center;\"><strong>Un dise\u00f1o que causa impresi\u00f3n<\/strong><\/p><p>Una aplicaci\u00f3n exitosa es aquella que impacta desde el primer clic. Nuestro equipo de dise\u00f1adores talentosos garantiza que cada aspecto de su aplicaci\u00f3n, desde la interfaz hasta la experiencia de usuario, sea visualmente atractivo, f\u00e1cil de navegar y est\u00e9 alineado con su marca. Prestamos una atenci\u00f3n meticulosa al detalle para garantizar que su aplicaci\u00f3n destaque en un mercado competitivo.<\/p><p style=\"text-align: center;\"><strong>Desarrollo \u00e1gil y eficiente<\/strong><\/p><p>En YES TO THE NET, adoptamos una metodolog\u00eda \u00e1gil para el desarrollo de aplicaciones m\u00f3viles. Esto significa que usted participa en cada paso del proceso. Las actualizaciones e iteraciones peri\u00f3dicas garantizan que la aplicaci\u00f3n evolucione seg\u00fan sus expectativas, respetando los plazos y el presupuesto.<\/p><p style=\"text-align: center;\"><strong>Soporte y mantenimiento continuos<\/strong><\/p><p>Nuestro compromiso contigo no termina con el lanzamiento de la app. Ofrecemos soporte y mantenimiento continuos para garantizar que tu app se mantenga en buen estado de funcionamiento, segura y actualizada. Nuestro equipo siempre est\u00e1 disponible para realizar cambios y actualizaciones, y para asegurar que tu app evolucione con tu negocio.<\/p><p style=\"text-align: center;\"><strong>Una asociaci\u00f3n para el \u00e9xito<\/strong><\/p><p>En YES TO THE NET, no somos solo un proveedor de servicios, sino un aliado para su \u00e9xito. Entendemos la importancia de una aplicaci\u00f3n m\u00f3vil en la estrategia de negocio de una empresa moderna y nos comprometemos a convertir su idea en una realidad lucrativa.<\/p>\t\t\t\t\t\t<\/div>\n\t\t\t\t<\/div>\n\t\t\t\t\t<\/div>\n\t\t<\/div>\n\t\t\t\t\t<\/div>\n\t\t<\/section>\n\t\t\t\t\t<\/div>\n\t\t<\/div>\n\t\t\t\t<div class=\"elementor-column elementor-col-50 elementor-top-column elementor-element elementor-element-8a09494 ot-flex-column-vertical\" data-id=\"8a09494\" data-element_type=\"column\">\n\t\t\t<div class=\"elementor-widget-wrap elementor-element-populated\">\n\t\t\t\t\t\t<div class=\"elementor-element elementor-element-49ce0c4 elementor-widget elementor-widget-image\" data-id=\"49ce0c4\" data-element_type=\"widget\" data-widget_type=\"image.default\">\n\t\t\t\t<div class=\"elementor-widget-container\">\n\t\t\t\t\t\t\t\t\t\t\t\t\t<img decoding=\"async\" width=\"552\" height=\"452\" src=\"https:\/\/yestothenet.com\/wp-content\/uploads\/2024\/01\/Creation-application-Mobile-Agadir-Essaouira-Taroudant.png\" class=\"attachment-large size-large wp-image-7197\" alt=\"Creaci\u00f3n de aplicaciones m\u00f3viles Agadir, Essaouira, Taroudant\" srcset=\"https:\/\/yestothenet.com\/wp-content\/uploads\/2024\/01\/Creation-application-Mobile-Agadir-Essaouira-Taroudant.png 552w, https:\/\/yestothenet.com\/wp-content\/uploads\/2024\/01\/Creation-application-Mobile-Agadir-Essaouira-Taroudant-300x246.png 300w\" sizes=\"(max-width: 552px) 100vw, 552px\" \/>\t\t\t\t\t\t\t\t\t\t\t\t\t<\/div>\n\t\t\t\t<\/div>\n\t\t\t\t\t<\/div>\n\t\t<\/div>\n\t\t\t\t\t<\/div>\n\t\t<\/section>\n\t\t\t\t<\/div>","protected":false},"excerpt":{"rendered":"<p>YES TO THE NET \u2013 Cr\u00e9ation application Mobile Agadir, Essaouira, Taroudant Vous avez besoin d\u2019un sp\u00e9cialiste en cr\u00e9ation application Mobile Agadir, Essaouira, Taroudant\u00a0? Votre agence de communication, YES TO THE NET, est l\u2019adresse de r\u00e9f\u00e9rence pour tous vos besoins en d\u00e9veloppement Web et mobile, SEO, SEA, strat\u00e9gie marketing, conception graphique et outsourcing IT. Notre processus [&hellip;]<\/p>","protected":false},"author":1,"featured_media":0,"parent":0,"menu_order":0,"comment_status":"closed","ping_status":"closed","template":"","meta":{"footnotes":""},"class_list":["post-7191","page","type-page","status-publish","hentry"],"yoast_head":"<!-- This site is optimized with the Yoast SEO plugin v23.6 - https:\/\/yoast.com\/wordpress\/plugins\/seo\/ -->\n<title>Cr\u00e9ation application Mobile Agadir, Essaouira, Taroudant<\/title>\n<meta name=\"description\" content=\"Optez pour YES TO THE NET pour la cr\u00e9ation application Mobile Agadir, Essaouira, Taroudant innovantes, personnalis\u00e9es et tourn\u00e9es vers l&#039;avenir.\" \/>\n<meta name=\"robots\" content=\"index, follow, max-snippet:-1, max-image-preview:large, max-video-preview:-1\" \/>\n<link rel=\"canonical\" href=\"https:\/\/yestothenet.com\/es\/creacion-de-una-aplicacion-movil-agadir-essaouira-taroudant\/\" \/>\n<meta property=\"og:locale\" content=\"es_ES\" \/>\n<meta property=\"og:type\" content=\"article\" \/>\n<meta property=\"og:title\" content=\"Cr\u00e9ation application Mobile Agadir, Essaouira, Taroudant\" \/>\n<meta property=\"og:description\" content=\"Optez pour YES TO THE NET pour la cr\u00e9ation application Mobile Agadir, Essaouira, Taroudant innovantes, personnalis\u00e9es et tourn\u00e9es vers l&#039;avenir.\" \/>\n<meta property=\"og:url\" content=\"https:\/\/yestothenet.com\/es\/creacion-de-una-aplicacion-movil-agadir-essaouira-taroudant\/\" \/>\n<meta property=\"og:site_name\" content=\"Yes To The Net\" \/>\n<meta property=\"article:publisher\" content=\"https:\/\/www.instagram.com\/yestothenet\/\" \/>\n<meta property=\"article:modified_time\" content=\"2024-01-23T10:36:43+00:00\" \/>\n<meta property=\"og:image\" content=\"https:\/\/yestothenet.com\/wp-content\/uploads\/2024\/01\/Creation-application-Mobile-Agadir-Essaouira-Taroudant-1.webp\" \/>\n<meta name=\"twitter:card\" content=\"summary_large_image\" \/>\n<meta name=\"twitter:label1\" content=\"Tiempo de lectura\" \/>\n\t<meta name=\"twitter:data1\" content=\"3 minutos\" \/>\n<script type=\"application\/ld+json\" class=\"yoast-schema-graph\">{\"@context\":\"https:\/\/schema.org\",\"@graph\":[{\"@type\":\"WebPage\",\"@id\":\"https:\/\/yestothenet.com\/creation-application-mobile-agadir-essaouira-taroudant\/\",\"url\":\"https:\/\/yestothenet.com\/creation-application-mobile-agadir-essaouira-taroudant\/\",\"name\":\"Cr\u00e9ation application Mobile Agadir, Essaouira, Taroudant\",\"isPartOf\":{\"@id\":\"https:\/\/yestothenet.com\/#website\"},\"primaryImageOfPage\":{\"@id\":\"https:\/\/yestothenet.com\/creation-application-mobile-agadir-essaouira-taroudant\/#primaryimage\"},\"image\":{\"@id\":\"https:\/\/yestothenet.com\/creation-application-mobile-agadir-essaouira-taroudant\/#primaryimage\"},\"thumbnailUrl\":\"https:\/\/yestothenet.com\/wp-content\/uploads\/2024\/01\/Creation-application-Mobile-Agadir-Essaouira-Taroudant-1.webp\",\"datePublished\":\"2024-01-23T10:20:45+00:00\",\"dateModified\":\"2024-01-23T10:36:43+00:00\",\"description\":\"Optez pour YES TO THE NET pour la cr\u00e9ation application Mobile Agadir, Essaouira, Taroudant innovantes, personnalis\u00e9es et tourn\u00e9es vers l'avenir.\",\"breadcrumb\":{\"@id\":\"https:\/\/yestothenet.com\/creation-application-mobile-agadir-essaouira-taroudant\/#breadcrumb\"},\"inLanguage\":\"es\",\"potentialAction\":[{\"@type\":\"ReadAction\",\"target\":[\"https:\/\/yestothenet.com\/creation-application-mobile-agadir-essaouira-taroudant\/\"]}]},{\"@type\":\"ImageObject\",\"inLanguage\":\"es\",\"@id\":\"https:\/\/yestothenet.com\/creation-application-mobile-agadir-essaouira-taroudant\/#primaryimage\",\"url\":\"https:\/\/yestothenet.com\/wp-content\/uploads\/2024\/01\/Creation-application-Mobile-Agadir-Essaouira-Taroudant-1.webp\",\"contentUrl\":\"https:\/\/yestothenet.com\/wp-content\/uploads\/2024\/01\/Creation-application-Mobile-Agadir-Essaouira-Taroudant-1.webp\"},{\"@type\":\"BreadcrumbList\",\"@id\":\"https:\/\/yestothenet.com\/creation-application-mobile-agadir-essaouira-taroudant\/#breadcrumb\",\"itemListElement\":[{\"@type\":\"ListItem\",\"position\":1,\"name\":\"Accueil\",\"item\":\"https:\/\/yestothenet.com\/\"},{\"@type\":\"ListItem\",\"position\":2,\"name\":\"&#8230; Cr\u00e9ation application Mobile Agadir, Essaouira, Taroudant\"}]},{\"@type\":\"WebSite\",\"@id\":\"https:\/\/yestothenet.com\/#website\",\"url\":\"https:\/\/yestothenet.com\/\",\"name\":\"YES TO THE NET\",\"description\":\"Votre agence de communication \u00e0 Marrakech\",\"publisher\":{\"@id\":\"https:\/\/yestothenet.com\/#organization\"},\"potentialAction\":[{\"@type\":\"SearchAction\",\"target\":{\"@type\":\"EntryPoint\",\"urlTemplate\":\"https:\/\/yestothenet.com\/?s={search_term_string}\"},\"query-input\":{\"@type\":\"PropertyValueSpecification\",\"valueRequired\":true,\"valueName\":\"search_term_string\"}}],\"inLanguage\":\"es\"},{\"@type\":\"Organization\",\"@id\":\"https:\/\/yestothenet.com\/#organization\",\"name\":\"YES TO THE NET\",\"url\":\"https:\/\/yestothenet.com\/\",\"logo\":{\"@type\":\"ImageObject\",\"inLanguage\":\"es\",\"@id\":\"https:\/\/yestothenet.com\/#\/schema\/logo\/image\/\",\"url\":\"https:\/\/yestothenet.com\/wp-content\/uploads\/2024\/02\/cropped-YES_THE_TO_NET-removebg-preview.png\",\"contentUrl\":\"https:\/\/yestothenet.com\/wp-content\/uploads\/2024\/02\/cropped-YES_THE_TO_NET-removebg-preview.png\",\"width\":512,\"height\":512,\"caption\":\"YES TO THE NET\"},\"image\":{\"@id\":\"https:\/\/yestothenet.com\/#\/schema\/logo\/image\/\"},\"sameAs\":[\"https:\/\/www.instagram.com\/yestothenet\/\"]}]}<\/script>\n<!-- \/ Yoast SEO plugin. -->","yoast_head_json":{"title":"Cr\u00e9ation application Mobile Agadir, Essaouira, Taroudant","description":"Optez pour YES TO THE NET pour la cr\u00e9ation application Mobile Agadir, Essaouira, Taroudant innovantes, personnalis\u00e9es et tourn\u00e9es vers l'avenir.","robots":{"index":"index","follow":"follow","max-snippet":"max-snippet:-1","max-image-preview":"max-image-preview:large","max-video-preview":"max-video-preview:-1"},"canonical":"https:\/\/yestothenet.com\/es\/creacion-de-una-aplicacion-movil-agadir-essaouira-taroudant\/","og_locale":"es_ES","og_type":"article","og_title":"Cr\u00e9ation application Mobile Agadir, Essaouira, Taroudant","og_description":"Optez pour YES TO THE NET pour la cr\u00e9ation application Mobile Agadir, Essaouira, Taroudant innovantes, personnalis\u00e9es et tourn\u00e9es vers l'avenir.","og_url":"https:\/\/yestothenet.com\/es\/creacion-de-una-aplicacion-movil-agadir-essaouira-taroudant\/","og_site_name":"Yes To The Net","article_publisher":"https:\/\/www.instagram.com\/yestothenet\/","article_modified_time":"2024-01-23T10:36:43+00:00","og_image":[{"url":"https:\/\/yestothenet.com\/wp-content\/uploads\/2024\/01\/Creation-application-Mobile-Agadir-Essaouira-Taroudant-1.webp"}],"twitter_card":"summary_large_image","twitter_misc":{"Tiempo de lectura":"3 minutos"},"schema":{"@context":"https:\/\/schema.org","@graph":[{"@type":"WebPage","@id":"https:\/\/yestothenet.com\/creation-application-mobile-agadir-essaouira-taroudant\/","url":"https:\/\/yestothenet.com\/creation-application-mobile-agadir-essaouira-taroudant\/","name":"Cr\u00e9ation application Mobile Agadir, Essaouira, Taroudant","isPartOf":{"@id":"https:\/\/yestothenet.com\/#website"},"primaryImageOfPage":{"@id":"https:\/\/yestothenet.com\/creation-application-mobile-agadir-essaouira-taroudant\/#primaryimage"},"image":{"@id":"https:\/\/yestothenet.com\/creation-application-mobile-agadir-essaouira-taroudant\/#primaryimage"},"thumbnailUrl":"https:\/\/yestothenet.com\/wp-content\/uploads\/2024\/01\/Creation-application-Mobile-Agadir-Essaouira-Taroudant-1.webp","datePublished":"2024-01-23T10:20:45+00:00","dateModified":"2024-01-23T10:36:43+00:00","description":"Optez pour YES TO THE NET pour la cr\u00e9ation application Mobile Agadir, Essaouira, Taroudant innovantes, personnalis\u00e9es et tourn\u00e9es vers l'avenir.","breadcrumb":{"@id":"https:\/\/yestothenet.com\/creation-application-mobile-agadir-essaouira-taroudant\/#breadcrumb"},"inLanguage":"es","potentialAction":[{"@type":"ReadAction","target":["https:\/\/yestothenet.com\/creation-application-mobile-agadir-essaouira-taroudant\/"]}]},{"@type":"ImageObject","inLanguage":"es","@id":"https:\/\/yestothenet.com\/creation-application-mobile-agadir-essaouira-taroudant\/#primaryimage","url":"https:\/\/yestothenet.com\/wp-content\/uploads\/2024\/01\/Creation-application-Mobile-Agadir-Essaouira-Taroudant-1.webp","contentUrl":"https:\/\/yestothenet.com\/wp-content\/uploads\/2024\/01\/Creation-application-Mobile-Agadir-Essaouira-Taroudant-1.webp"},{"@type":"BreadcrumbList","@id":"https:\/\/yestothenet.com\/creation-application-mobile-agadir-essaouira-taroudant\/#breadcrumb","itemListElement":[{"@type":"ListItem","position":1,"name":"Accueil","item":"https:\/\/yestothenet.com\/"},{"@type":"ListItem","position":2,"name":"&#8230; Cr\u00e9ation application Mobile Agadir, Essaouira, Taroudant"}]},{"@type":"WebSite","@id":"https:\/\/yestothenet.com\/#website","url":"https:\/\/yestothenet.com\/","name":"YES TO THE NET","description":"Votre agence de communication \u00e0 Marrakech","publisher":{"@id":"https:\/\/yestothenet.com\/#organization"},"potentialAction":[{"@type":"SearchAction","target":{"@type":"EntryPoint","urlTemplate":"https:\/\/yestothenet.com\/?s={search_term_string}"},"query-input":{"@type":"PropertyValueSpecification","valueRequired":true,"valueName":"search_term_string"}}],"inLanguage":"es"},{"@type":"Organization","@id":"https:\/\/yestothenet.com\/#organization","name":"YES TO THE NET","url":"https:\/\/yestothenet.com\/","logo":{"@type":"ImageObject","inLanguage":"es","@id":"https:\/\/yestothenet.com\/#\/schema\/logo\/image\/","url":"https:\/\/yestothenet.com\/wp-content\/uploads\/2024\/02\/cropped-YES_THE_TO_NET-removebg-preview.png","contentUrl":"https:\/\/yestothenet.com\/wp-content\/uploads\/2024\/02\/cropped-YES_THE_TO_NET-removebg-preview.png","width":512,"height":512,"caption":"YES TO THE NET"},"image":{"@id":"https:\/\/yestothenet.com\/#\/schema\/logo\/image\/"},"sameAs":["https:\/\/www.instagram.com\/yestothenet\/"]}]}},"_links":{"self":[{"href":"https:\/\/yestothenet.com\/es\/wp-json\/wp\/v2\/pages\/7191","targetHints":{"allow":["GET"]}}],"collection":[{"href":"https:\/\/yestothenet.com\/es\/wp-json\/wp\/v2\/pages"}],"about":[{"href":"https:\/\/yestothenet.com\/es\/wp-json\/wp\/v2\/types\/page"}],"author":[{"embeddable":true,"href":"https:\/\/yestothenet.com\/es\/wp-json\/wp\/v2\/users\/1"}],"replies":[{"embeddable":true,"href":"https:\/\/yestothenet.com\/es\/wp-json\/wp\/v2\/comments?post=7191"}],"version-history":[{"count":7,"href":"https:\/\/yestothenet.com\/es\/wp-json\/wp\/v2\/pages\/7191\/revisions"}],"predecessor-version":[{"id":7201,"href":"https:\/\/yestothenet.com\/es\/wp-json\/wp\/v2\/pages\/7191\/revisions\/7201"}],"wp:attachment":[{"href":"https:\/\/yestothenet.com\/es\/wp-json\/wp\/v2\/media?parent=7191"}],"curies":[{"name":"wp","href":"https:\/\/api.w.org\/{rel}","templated":true}]}}