{"id":7153,"date":"2024-01-18T15:22:39","date_gmt":"2024-01-18T14:22:39","guid":{"rendered":"https:\/\/yestothenet.com\/?page_id=7153"},"modified":"2024-01-18T15:32:35","modified_gmt":"2024-01-18T14:32:35","slug":"creation-application-web-fes-meknes-tanger-tetouan","status":"publish","type":"page","link":"https:\/\/yestothenet.com\/es\/creacion-de-aplicaciones-web-en-fez-meknes-tanger-tetuan\/","title":{"rendered":"\u2026 Creaci\u00f3n de aplicaciones web en Fez, Meknes, T\u00e1nger, Tetu\u00e1n"},"content":{"rendered":"<div data-elementor-type=\"wp-page\" data-elementor-id=\"7153\" class=\"elementor elementor-7153\" data-elementor-post-type=\"page\">\n\t\t\t\t\t\t<section class=\"elementor-section elementor-top-section elementor-element elementor-element-2db1430 elementor-section-content-middle ot-traditional elementor-section-boxed elementor-section-height-default elementor-section-height-default\" data-id=\"2db1430\" data-element_type=\"section\">\n\t\t\t\t\t\t<div class=\"elementor-container elementor-column-gap-default\">\n\t\t\t\t\t<div class=\"elementor-column elementor-col-100 elementor-top-column elementor-element elementor-element-9ca7f6d ot-flex-column-vertical\" data-id=\"9ca7f6d\" data-element_type=\"column\">\n\t\t\t<div class=\"elementor-widget-wrap elementor-element-populated\">\n\t\t\t\t\t\t<section class=\"elementor-section elementor-inner-section elementor-element elementor-element-ae21701 elementor-section-content-top elementor-section-full_width ot-traditional elementor-section-height-default elementor-section-height-default\" data-id=\"ae21701\" data-element_type=\"section\">\n\t\t\t\t\t\t<div class=\"elementor-container elementor-column-gap-extended\">\n\t\t\t\t\t<div class=\"elementor-column elementor-col-50 elementor-inner-column elementor-element elementor-element-78f9ac9 ot-flex-column-vertical\" data-id=\"78f9ac9\" data-element_type=\"column\">\n\t\t\t<div class=\"elementor-widget-wrap elementor-element-populated\">\n\t\t\t\t\t\t<div class=\"elementor-element elementor-element-25eb330 elementor-widget elementor-widget-image\" data-id=\"25eb330\" data-element_type=\"widget\" data-widget_type=\"image.default\">\n\t\t\t\t<div class=\"elementor-widget-container\">\n\t\t\t\t\t\t\t\t\t\t\t\t\t<img fetchpriority=\"high\" decoding=\"async\" width=\"550\" height=\"411\" src=\"https:\/\/yestothenet.com\/wp-content\/uploads\/2024\/01\/Creation-application-Web-Fes-Meknes-Tanger-Tetouan-1.png\" class=\"attachment-large size-large wp-image-7159\" alt=\"Creaci\u00f3n de aplicaciones web en Fez, Meknes, T\u00e1nger y Tetu\u00e1n\" srcset=\"https:\/\/yestothenet.com\/wp-content\/uploads\/2024\/01\/Creation-application-Web-Fes-Meknes-Tanger-Tetouan-1.png 550w, https:\/\/yestothenet.com\/wp-content\/uploads\/2024\/01\/Creation-application-Web-Fes-Meknes-Tanger-Tetouan-1-300x224.png 300w\" sizes=\"(max-width: 550px) 100vw, 550px\" \/>\t\t\t\t\t\t\t\t\t\t\t\t\t<\/div>\n\t\t\t\t<\/div>\n\t\t\t\t\t<\/div>\n\t\t<\/div>\n\t\t\t\t<div class=\"elementor-column elementor-col-50 elementor-inner-column elementor-element elementor-element-dce0f81 ot-flex-column-vertical\" data-id=\"dce0f81\" data-element_type=\"column\">\n\t\t\t<div class=\"elementor-widget-wrap elementor-element-populated\">\n\t\t\t\t\t\t<div class=\"elementor-element elementor-element-ea79d5e elementor-widget elementor-widget-iheading\" data-id=\"ea79d5e\" data-element_type=\"widget\" data-widget_type=\"iheading.default\">\n\t\t\t\t<div class=\"elementor-widget-container\">\n\t\t\t\t\t<div class=\"ot-heading\">\r\n\t        <h1 class=\"main-heading\">S\u00cd A LA RED \u2013 Creaci\u00f3n de aplicaciones web Fez, Meknes, T\u00e1nger, Tetu\u00e1n<\/h1>\t    <\/div>\r\n\t    \t\t<\/div>\n\t\t\t\t<\/div>\n\t\t\t\t<div class=\"elementor-element elementor-element-734d7ce elementor-widget elementor-widget-text-editor\" data-id=\"734d7ce\" data-element_type=\"widget\" data-widget_type=\"text-editor.default\">\n\t\t\t\t<div class=\"elementor-widget-container\">\n\t\t\t\t\t\t\t<p>\u00bfBuscas una revoluci\u00f3n para tu presencia online? Nuestro servicio <strong>Creaci\u00f3n de aplicaciones web en Fez, Meknes, T\u00e1nger, Tetu\u00e1n <\/strong>Es la soluci\u00f3n ideal para usted. Nuestra agencia de comunicaci\u00f3n YES TO THE NET es reconocida por su profesionalismo y experiencia en marketing digital.<\/p><p>Nuestra misi\u00f3n es brindar soluciones a medida que no solo satisfagan las necesidades espec\u00edficas de nuestros clientes, sino que tambi\u00e9n los impulsen al \u00e9xito. Con un equipo de expertos en... <strong><span style=\"color: #33cccc;\"><a style=\"color: #33cccc;\" href=\"https:\/\/yestothenet.com\/es\/creacion-de-aplicaciones-web\/\">creaci\u00f3n de aplicaciones web<\/a><\/span> Fez, Mequinez, T\u00e1nger, Tetu\u00e1n<\/strong> Apasionados por la innovaci\u00f3n y la tecnolog\u00eda, estamos listos para asumir cualquier desaf\u00edo para ayudarte a alcanzar tus objetivos.<\/p><p>Con nuestro enfoque personalizado, experiencia tecnol\u00f3gica y compromiso con la satisfacci\u00f3n del cliente, estamos listos para transformar sus visiones en realidades digitales exitosas. Cont\u00e1ctenos hoy mismo. <span style=\"color: #33cccc;\"><a style=\"color: #33cccc;\" href=\"tel:06 61 26 30 34\"><strong>06 61 26 30 34<\/strong><\/a><\/span> Para m\u00e1s informaci\u00f3n sobre nuestro servicio <strong>Creaci\u00f3n de aplicaciones web en Fez, Meknes, T\u00e1nger<\/strong>.<\/p>\t\t\t\t\t\t<\/div>\n\t\t\t\t<\/div>\n\t\t\t\t\t<\/div>\n\t\t<\/div>\n\t\t\t\t\t<\/div>\n\t\t<\/section>\n\t\t\t\t\t<\/div>\n\t\t<\/div>\n\t\t\t\t\t<\/div>\n\t\t<\/section>\n\t\t\t\t<section class=\"elementor-section elementor-top-section elementor-element elementor-element-30c462d ot-traditional elementor-section-boxed elementor-section-height-default elementor-section-height-default\" data-id=\"30c462d\" data-element_type=\"section\">\n\t\t\t\t\t\t<div class=\"elementor-container elementor-column-gap-default\">\n\t\t\t\t\t<div class=\"elementor-column elementor-col-100 elementor-top-column elementor-element elementor-element-c788162 ot-flex-column-vertical\" data-id=\"c788162\" data-element_type=\"column\">\n\t\t\t<div class=\"elementor-widget-wrap elementor-element-populated\">\n\t\t\t\t\t\t<section class=\"elementor-section elementor-inner-section elementor-element elementor-element-ab020ed elementor-section-full_width elementor-section-content-bottom ot-traditional elementor-section-height-default elementor-section-height-default\" data-id=\"ab020ed\" data-element_type=\"section\" data-settings=\"{&quot;background_background&quot;:&quot;classic&quot;}\">\n\t\t\t\t\t\t\t<div class=\"elementor-background-overlay\"><\/div>\n\t\t\t\t\t\t\t<div class=\"elementor-container elementor-column-gap-extended\">\n\t\t\t\t\t<div class=\"elementor-column elementor-col-50 elementor-inner-column elementor-element elementor-element-ffaaf2a ot-flex-column-vertical\" data-id=\"ffaaf2a\" data-element_type=\"column\">\n\t\t\t<div class=\"elementor-widget-wrap elementor-element-populated\">\n\t\t\t\t\t\t<div class=\"elementor-element elementor-element-5ff7ce1 elementor-widget elementor-widget-iheading\" data-id=\"5ff7ce1\" data-element_type=\"widget\" data-widget_type=\"iheading.default\">\n\t\t\t\t<div class=\"elementor-widget-container\">\n\t\t\t\t\t<div class=\"ot-heading\">\r\n\t        \t            <span>\/\/ Con S\u00cd A LA RED,<\/span>\r\n\t        <h2 class=\"main-heading\">Revoluciona tu presencia online <\/h2>\t    <\/div>\r\n\t    \t\t<\/div>\n\t\t\t\t<\/div>\n\t\t\t\t\t<\/div>\n\t\t<\/div>\n\t\t\t\t<div class=\"elementor-column elementor-col-50 elementor-inner-column elementor-element elementor-element-3fd82f3 ot-flex-column-vertical\" data-id=\"3fd82f3\" data-element_type=\"column\">\n\t\t\t<div class=\"elementor-widget-wrap elementor-element-populated\">\n\t\t\t\t\t\t<div class=\"elementor-element elementor-element-e146430 elementor-align-right elementor-mobile-align-left elementor-widget elementor-widget-button\" data-id=\"e146430\" data-element_type=\"widget\" data-widget_type=\"button.default\">\n\t\t\t\t<div class=\"elementor-widget-container\">\n\t\t\t\t\t<div class=\"elementor-button-wrapper\">\n\t\t\t<a class=\"elementor-button elementor-button-link elementor-size-md\" href=\"https:\/\/yestothenet.com\/es\/contacto\/\">\n\t\t\t\t\t\t<span class=\"elementor-button-content-wrapper\">\n\t\t\t\t\t\t\t\t\t<span class=\"elementor-button-text\">Cont\u00e1ctanos<\/span>\n\t\t\t\t\t<\/span>\n\t\t\t\t\t<\/a>\n\t\t<\/div>\n\t\t\t\t<\/div>\n\t\t\t\t<\/div>\n\t\t\t\t\t<\/div>\n\t\t<\/div>\n\t\t\t\t\t<\/div>\n\t\t<\/section>\n\t\t\t\t\t<\/div>\n\t\t<\/div>\n\t\t\t\t\t<\/div>\n\t\t<\/section>\n\t\t\t\t<section class=\"elementor-section elementor-top-section elementor-element elementor-element-81a82a5 ot-traditional elementor-section-boxed elementor-section-height-default elementor-section-height-default\" data-id=\"81a82a5\" data-element_type=\"section\" data-settings=\"{&quot;background_background&quot;:&quot;classic&quot;}\">\n\t\t\t\t\t\t\t<div class=\"elementor-background-overlay\"><\/div>\n\t\t\t\t\t\t\t<div class=\"elementor-container elementor-column-gap-extended\">\n\t\t\t\t\t<div class=\"elementor-column elementor-col-50 elementor-top-column elementor-element elementor-element-18b89c0 ot-flex-column-vertical\" data-id=\"18b89c0\" data-element_type=\"column\">\n\t\t\t<div class=\"elementor-widget-wrap elementor-element-populated\">\n\t\t\t\t\t\t<section class=\"elementor-section elementor-inner-section elementor-element elementor-element-dd648d0 elementor-section-full_width ot-traditional elementor-section-height-default elementor-section-height-default\" data-id=\"dd648d0\" data-element_type=\"section\">\n\t\t\t\t\t\t<div class=\"elementor-container elementor-column-gap-default\">\n\t\t\t\t\t<div class=\"elementor-column elementor-col-100 elementor-inner-column elementor-element elementor-element-9c59460 ot-flex-column-vertical\" data-id=\"9c59460\" data-element_type=\"column\">\n\t\t\t<div class=\"elementor-widget-wrap elementor-element-populated\">\n\t\t\t\t\t\t<div class=\"elementor-element elementor-element-45e921b elementor-widget elementor-widget-iheading\" data-id=\"45e921b\" data-element_type=\"widget\" data-widget_type=\"iheading.default\">\n\t\t\t\t<div class=\"elementor-widget-container\">\n\t\t\t\t\t<div class=\"ot-heading\">\r\n\t        <h2 class=\"main-heading\">Contacte con su socio para un servicio de creaci\u00f3n de aplicaciones web a medida en Fez, Meknes, T\u00e1nger, Tetu\u00e1n <\/h2>\t    <\/div>\r\n\t    \t\t<\/div>\n\t\t\t\t<\/div>\n\t\t\t\t<div class=\"elementor-element elementor-element-9a4497b elementor-widget elementor-widget-text-editor\" data-id=\"9a4497b\" data-element_type=\"widget\" data-widget_type=\"text-editor.default\">\n\t\t\t\t<div class=\"elementor-widget-container\">\n\t\t\t\t\t\t\t<p>En YES TO THE NET, creemos que cada proyecto es \u00fanico. Nuestro enfoque se adapta a la perfecci\u00f3n a su visi\u00f3n y requisitos espec\u00edficos. Comenzamos cada proyecto con un an\u00e1lisis exhaustivo de necesidades, seguido de la planificaci\u00f3n y el dise\u00f1o de una estrategia a medida. Nuestros desarrolladores, dise\u00f1adores y gestores de proyectos colaboran estrechamente con usted durante todo el proceso de creaci\u00f3n para garantizar que la aplicaci\u00f3n final supere sus expectativas. Tanto si se trata de una startup innovadora como de una empresa consolidada, tenemos la experiencia y la pasi\u00f3n para transformar sus ideas en una realidad digital cautivadora.<\/p><p style=\"text-align: center;\"><strong>Tecnolog\u00edas de vanguardia para soluciones avanzadas<\/strong><\/p><p>La innovaci\u00f3n es la esencia de YES TO THE NET. Utilizamos las \u00faltimas tecnolog\u00edas y pr\u00e1cticas de desarrollo para garantizar que su aplicaci\u00f3n web no solo sea est\u00e9ticamente atractiva, sino tambi\u00e9n funcional, segura y f\u00e1cil de usar. Nuestro equipo domina una amplia gama de lenguajes de programaci\u00f3n, frameworks y herramientas de desarrollo, lo que nos permite crear aplicaciones robustas y escalables. Adem\u00e1s, nuestra experiencia en SEO y marketing digital garantiza que su aplicaci\u00f3n no solo exista, sino que destaque y llegue eficazmente a su p\u00fablico objetivo en el mercado online.<\/p>\t\t\t\t\t\t<\/div>\n\t\t\t\t<\/div>\n\t\t\t\t\t<\/div>\n\t\t<\/div>\n\t\t\t\t\t<\/div>\n\t\t<\/section>\n\t\t\t\t\t<\/div>\n\t\t<\/div>\n\t\t\t\t<div class=\"elementor-column elementor-col-50 elementor-top-column elementor-element elementor-element-8a09494 ot-flex-column-vertical\" data-id=\"8a09494\" data-element_type=\"column\">\n\t\t\t<div class=\"elementor-widget-wrap elementor-element-populated\">\n\t\t\t\t\t\t<div class=\"elementor-element elementor-element-49ce0c4 elementor-widget elementor-widget-image\" data-id=\"49ce0c4\" data-element_type=\"widget\" data-widget_type=\"image.default\">\n\t\t\t\t<div class=\"elementor-widget-container\">\n\t\t\t\t\t\t\t\t\t\t\t\t\t<img decoding=\"async\" width=\"1024\" height=\"536\" src=\"https:\/\/yestothenet.com\/wp-content\/uploads\/2024\/01\/Creation-application-Web-Fes-Meknes-Tanger-Tetouan-1024x536.png\" class=\"attachment-large size-large wp-image-7160\" alt=\"Creaci\u00f3n de aplicaciones web en Fez, Meknes, T\u00e1nger y Tetu\u00e1n\" srcset=\"https:\/\/yestothenet.com\/wp-content\/uploads\/2024\/01\/Creation-application-Web-Fes-Meknes-Tanger-Tetouan-1024x536.png 1024w, https:\/\/yestothenet.com\/wp-content\/uploads\/2024\/01\/Creation-application-Web-Fes-Meknes-Tanger-Tetouan-300x157.png 300w, https:\/\/yestothenet.com\/wp-content\/uploads\/2024\/01\/Creation-application-Web-Fes-Meknes-Tanger-Tetouan-768x402.png 768w, https:\/\/yestothenet.com\/wp-content\/uploads\/2024\/01\/Creation-application-Web-Fes-Meknes-Tanger-Tetouan-720x377.png 720w, https:\/\/yestothenet.com\/wp-content\/uploads\/2024\/01\/Creation-application-Web-Fes-Meknes-Tanger-Tetouan.png 1170w\" sizes=\"(max-width: 1024px) 100vw, 1024px\" \/>\t\t\t\t\t\t\t\t\t\t\t\t\t<\/div>\n\t\t\t\t<\/div>\n\t\t\t\t\t<\/div>\n\t\t<\/div>\n\t\t\t\t\t<\/div>\n\t\t<\/section>\n\t\t\t\t<\/div>","protected":false},"excerpt":{"rendered":"<p>YES TO THE NET \u2013 Cr\u00e9ation application Web Fes, Meknes, Tanger, Tetouan \u00cates-vous en qu\u00eate d&rsquo;une r\u00e9volution pour votre pr\u00e9sence en ligne ? Notre service de cr\u00e9ation application Web Fes, Meknes, Tanger, Tetouan est la solution optimale pour vous. Notre agence de communication YES TO THE NET est reconnue pour son professionnalisme et son expertise [&hellip;]<\/p>","protected":false},"author":1,"featured_media":0,"parent":0,"menu_order":0,"comment_status":"closed","ping_status":"closed","template":"","meta":{"footnotes":""},"class_list":["post-7153","page","type-page","status-publish","hentry"],"yoast_head":"<!-- This site is optimized with the Yoast SEO plugin v23.6 - https:\/\/yoast.com\/wordpress\/plugins\/seo\/ -->\n<title>Cr\u00e9ation application Web Fes, Meknes, Tanger, Tetouan<\/title>\n<meta name=\"description\" content=\"R\u00e9volutionnez votre pr\u00e9sence en ligne avec le service sur mesure de cr\u00e9ation application Web Fes, Meknes, Tanger, Tetouan de YES TO THE NET.\" \/>\n<meta name=\"robots\" content=\"index, follow, max-snippet:-1, max-image-preview:large, max-video-preview:-1\" \/>\n<link rel=\"canonical\" href=\"https:\/\/yestothenet.com\/es\/creacion-de-aplicaciones-web-en-fez-meknes-tanger-tetuan\/\" \/>\n<meta property=\"og:locale\" content=\"es_ES\" \/>\n<meta property=\"og:type\" content=\"article\" \/>\n<meta property=\"og:title\" content=\"Cr\u00e9ation application Web Fes, Meknes, Tanger, Tetouan\" \/>\n<meta property=\"og:description\" content=\"R\u00e9volutionnez votre pr\u00e9sence en ligne avec le service sur mesure de cr\u00e9ation application Web Fes, Meknes, Tanger, Tetouan de YES TO THE NET.\" \/>\n<meta property=\"og:url\" content=\"https:\/\/yestothenet.com\/es\/creacion-de-aplicaciones-web-en-fez-meknes-tanger-tetuan\/\" \/>\n<meta property=\"og:site_name\" content=\"Yes To The Net\" \/>\n<meta property=\"article:publisher\" content=\"https:\/\/www.instagram.com\/yestothenet\/\" \/>\n<meta property=\"article:modified_time\" content=\"2024-01-18T14:32:35+00:00\" \/>\n<meta property=\"og:image\" content=\"https:\/\/yestothenet.com\/wp-content\/uploads\/2024\/01\/Creation-application-Web-Fes-Meknes-Tanger-Tetouan-1.png\" \/>\n<meta name=\"twitter:card\" content=\"summary_large_image\" \/>\n<meta name=\"twitter:label1\" content=\"Tiempo de lectura\" \/>\n\t<meta name=\"twitter:data1\" content=\"3 minutos\" \/>\n<script type=\"application\/ld+json\" class=\"yoast-schema-graph\">{\"@context\":\"https:\/\/schema.org\",\"@graph\":[{\"@type\":\"WebPage\",\"@id\":\"https:\/\/yestothenet.com\/creation-application-web-fes-meknes-tanger-tetouan\/\",\"url\":\"https:\/\/yestothenet.com\/creation-application-web-fes-meknes-tanger-tetouan\/\",\"name\":\"Cr\u00e9ation application Web Fes, Meknes, Tanger, Tetouan\",\"isPartOf\":{\"@id\":\"https:\/\/yestothenet.com\/#website\"},\"primaryImageOfPage\":{\"@id\":\"https:\/\/yestothenet.com\/creation-application-web-fes-meknes-tanger-tetouan\/#primaryimage\"},\"image\":{\"@id\":\"https:\/\/yestothenet.com\/creation-application-web-fes-meknes-tanger-tetouan\/#primaryimage\"},\"thumbnailUrl\":\"https:\/\/yestothenet.com\/wp-content\/uploads\/2024\/01\/Creation-application-Web-Fes-Meknes-Tanger-Tetouan-1.png\",\"datePublished\":\"2024-01-18T14:22:39+00:00\",\"dateModified\":\"2024-01-18T14:32:35+00:00\",\"description\":\"R\u00e9volutionnez votre pr\u00e9sence en ligne avec le service sur mesure de cr\u00e9ation application Web Fes, Meknes, Tanger, Tetouan de YES TO THE NET.\",\"breadcrumb\":{\"@id\":\"https:\/\/yestothenet.com\/creation-application-web-fes-meknes-tanger-tetouan\/#breadcrumb\"},\"inLanguage\":\"es\",\"potentialAction\":[{\"@type\":\"ReadAction\",\"target\":[\"https:\/\/yestothenet.com\/creation-application-web-fes-meknes-tanger-tetouan\/\"]}]},{\"@type\":\"ImageObject\",\"inLanguage\":\"es\",\"@id\":\"https:\/\/yestothenet.com\/creation-application-web-fes-meknes-tanger-tetouan\/#primaryimage\",\"url\":\"https:\/\/yestothenet.com\/wp-content\/uploads\/2024\/01\/Creation-application-Web-Fes-Meknes-Tanger-Tetouan-1.png\",\"contentUrl\":\"https:\/\/yestothenet.com\/wp-content\/uploads\/2024\/01\/Creation-application-Web-Fes-Meknes-Tanger-Tetouan-1.png\"},{\"@type\":\"BreadcrumbList\",\"@id\":\"https:\/\/yestothenet.com\/creation-application-web-fes-meknes-tanger-tetouan\/#breadcrumb\",\"itemListElement\":[{\"@type\":\"ListItem\",\"position\":1,\"name\":\"Accueil\",\"item\":\"https:\/\/yestothenet.com\/\"},{\"@type\":\"ListItem\",\"position\":2,\"name\":\"&#8230; Cr\u00e9ation application Web Fes, Meknes, Tanger, Tetouan\"}]},{\"@type\":\"WebSite\",\"@id\":\"https:\/\/yestothenet.com\/#website\",\"url\":\"https:\/\/yestothenet.com\/\",\"name\":\"YES TO THE NET\",\"description\":\"Votre agence de communication \u00e0 Marrakech\",\"publisher\":{\"@id\":\"https:\/\/yestothenet.com\/#organization\"},\"potentialAction\":[{\"@type\":\"SearchAction\",\"target\":{\"@type\":\"EntryPoint\",\"urlTemplate\":\"https:\/\/yestothenet.com\/?s={search_term_string}\"},\"query-input\":{\"@type\":\"PropertyValueSpecification\",\"valueRequired\":true,\"valueName\":\"search_term_string\"}}],\"inLanguage\":\"es\"},{\"@type\":\"Organization\",\"@id\":\"https:\/\/yestothenet.com\/#organization\",\"name\":\"YES TO THE NET\",\"url\":\"https:\/\/yestothenet.com\/\",\"logo\":{\"@type\":\"ImageObject\",\"inLanguage\":\"es\",\"@id\":\"https:\/\/yestothenet.com\/#\/schema\/logo\/image\/\",\"url\":\"https:\/\/yestothenet.com\/wp-content\/uploads\/2024\/02\/cropped-YES_THE_TO_NET-removebg-preview.png\",\"contentUrl\":\"https:\/\/yestothenet.com\/wp-content\/uploads\/2024\/02\/cropped-YES_THE_TO_NET-removebg-preview.png\",\"width\":512,\"height\":512,\"caption\":\"YES TO THE NET\"},\"image\":{\"@id\":\"https:\/\/yestothenet.com\/#\/schema\/logo\/image\/\"},\"sameAs\":[\"https:\/\/www.instagram.com\/yestothenet\/\"]}]}<\/script>\n<!-- \/ Yoast SEO plugin. -->","yoast_head_json":{"title":"Cr\u00e9ation application Web Fes, Meknes, Tanger, Tetouan","description":"R\u00e9volutionnez votre pr\u00e9sence en ligne avec le service sur mesure de cr\u00e9ation application Web Fes, Meknes, Tanger, Tetouan de YES TO THE NET.","robots":{"index":"index","follow":"follow","max-snippet":"max-snippet:-1","max-image-preview":"max-image-preview:large","max-video-preview":"max-video-preview:-1"},"canonical":"https:\/\/yestothenet.com\/es\/creacion-de-aplicaciones-web-en-fez-meknes-tanger-tetuan\/","og_locale":"es_ES","og_type":"article","og_title":"Cr\u00e9ation application Web Fes, Meknes, Tanger, Tetouan","og_description":"R\u00e9volutionnez votre pr\u00e9sence en ligne avec le service sur mesure de cr\u00e9ation application Web Fes, Meknes, Tanger, Tetouan de YES TO THE NET.","og_url":"https:\/\/yestothenet.com\/es\/creacion-de-aplicaciones-web-en-fez-meknes-tanger-tetuan\/","og_site_name":"Yes To The Net","article_publisher":"https:\/\/www.instagram.com\/yestothenet\/","article_modified_time":"2024-01-18T14:32:35+00:00","og_image":[{"url":"https:\/\/yestothenet.com\/wp-content\/uploads\/2024\/01\/Creation-application-Web-Fes-Meknes-Tanger-Tetouan-1.png"}],"twitter_card":"summary_large_image","twitter_misc":{"Tiempo de lectura":"3 minutos"},"schema":{"@context":"https:\/\/schema.org","@graph":[{"@type":"WebPage","@id":"https:\/\/yestothenet.com\/creation-application-web-fes-meknes-tanger-tetouan\/","url":"https:\/\/yestothenet.com\/creation-application-web-fes-meknes-tanger-tetouan\/","name":"Cr\u00e9ation application Web Fes, Meknes, Tanger, Tetouan","isPartOf":{"@id":"https:\/\/yestothenet.com\/#website"},"primaryImageOfPage":{"@id":"https:\/\/yestothenet.com\/creation-application-web-fes-meknes-tanger-tetouan\/#primaryimage"},"image":{"@id":"https:\/\/yestothenet.com\/creation-application-web-fes-meknes-tanger-tetouan\/#primaryimage"},"thumbnailUrl":"https:\/\/yestothenet.com\/wp-content\/uploads\/2024\/01\/Creation-application-Web-Fes-Meknes-Tanger-Tetouan-1.png","datePublished":"2024-01-18T14:22:39+00:00","dateModified":"2024-01-18T14:32:35+00:00","description":"R\u00e9volutionnez votre pr\u00e9sence en ligne avec le service sur mesure de cr\u00e9ation application Web Fes, Meknes, Tanger, Tetouan de YES TO THE NET.","breadcrumb":{"@id":"https:\/\/yestothenet.com\/creation-application-web-fes-meknes-tanger-tetouan\/#breadcrumb"},"inLanguage":"es","potentialAction":[{"@type":"ReadAction","target":["https:\/\/yestothenet.com\/creation-application-web-fes-meknes-tanger-tetouan\/"]}]},{"@type":"ImageObject","inLanguage":"es","@id":"https:\/\/yestothenet.com\/creation-application-web-fes-meknes-tanger-tetouan\/#primaryimage","url":"https:\/\/yestothenet.com\/wp-content\/uploads\/2024\/01\/Creation-application-Web-Fes-Meknes-Tanger-Tetouan-1.png","contentUrl":"https:\/\/yestothenet.com\/wp-content\/uploads\/2024\/01\/Creation-application-Web-Fes-Meknes-Tanger-Tetouan-1.png"},{"@type":"BreadcrumbList","@id":"https:\/\/yestothenet.com\/creation-application-web-fes-meknes-tanger-tetouan\/#breadcrumb","itemListElement":[{"@type":"ListItem","position":1,"name":"Accueil","item":"https:\/\/yestothenet.com\/"},{"@type":"ListItem","position":2,"name":"&#8230; Cr\u00e9ation application Web Fes, Meknes, Tanger, Tetouan"}]},{"@type":"WebSite","@id":"https:\/\/yestothenet.com\/#website","url":"https:\/\/yestothenet.com\/","name":"YES TO THE NET","description":"Votre agence de communication \u00e0 Marrakech","publisher":{"@id":"https:\/\/yestothenet.com\/#organization"},"potentialAction":[{"@type":"SearchAction","target":{"@type":"EntryPoint","urlTemplate":"https:\/\/yestothenet.com\/?s={search_term_string}"},"query-input":{"@type":"PropertyValueSpecification","valueRequired":true,"valueName":"search_term_string"}}],"inLanguage":"es"},{"@type":"Organization","@id":"https:\/\/yestothenet.com\/#organization","name":"YES TO THE NET","url":"https:\/\/yestothenet.com\/","logo":{"@type":"ImageObject","inLanguage":"es","@id":"https:\/\/yestothenet.com\/#\/schema\/logo\/image\/","url":"https:\/\/yestothenet.com\/wp-content\/uploads\/2024\/02\/cropped-YES_THE_TO_NET-removebg-preview.png","contentUrl":"https:\/\/yestothenet.com\/wp-content\/uploads\/2024\/02\/cropped-YES_THE_TO_NET-removebg-preview.png","width":512,"height":512,"caption":"YES TO THE NET"},"image":{"@id":"https:\/\/yestothenet.com\/#\/schema\/logo\/image\/"},"sameAs":["https:\/\/www.instagram.com\/yestothenet\/"]}]}},"_links":{"self":[{"href":"https:\/\/yestothenet.com\/es\/wp-json\/wp\/v2\/pages\/7153","targetHints":{"allow":["GET"]}}],"collection":[{"href":"https:\/\/yestothenet.com\/es\/wp-json\/wp\/v2\/pages"}],"about":[{"href":"https:\/\/yestothenet.com\/es\/wp-json\/wp\/v2\/types\/page"}],"author":[{"embeddable":true,"href":"https:\/\/yestothenet.com\/es\/wp-json\/wp\/v2\/users\/1"}],"replies":[{"embeddable":true,"href":"https:\/\/yestothenet.com\/es\/wp-json\/wp\/v2\/comments?post=7153"}],"version-history":[{"count":7,"href":"https:\/\/yestothenet.com\/es\/wp-json\/wp\/v2\/pages\/7153\/revisions"}],"predecessor-version":[{"id":7163,"href":"https:\/\/yestothenet.com\/es\/wp-json\/wp\/v2\/pages\/7153\/revisions\/7163"}],"wp:attachment":[{"href":"https:\/\/yestothenet.com\/es\/wp-json\/wp\/v2\/media?parent=7153"}],"curies":[{"name":"wp","href":"https:\/\/api.w.org\/{rel}","templated":true}]}}