{"id":6733,"date":"2023-12-18T16:35:32","date_gmt":"2023-12-18T15:35:32","guid":{"rendered":"https:\/\/yestothenet.com\/?page_id=6733"},"modified":"2024-03-05T12:45:28","modified_gmt":"2024-03-05T11:45:28","slug":"reference-alcon","status":"publish","type":"page","link":"https:\/\/yestothenet.com\/es\/referencia-de-alcon\/","title":{"rendered":"Referencia ALCON"},"content":{"rendered":"<div data-elementor-type=\"wp-page\" data-elementor-id=\"6733\" class=\"elementor elementor-6733\" data-elementor-post-type=\"page\">\n\t\t\t\t\t\t<section class=\"elementor-section elementor-top-section elementor-element elementor-element-64547a2 ot-traditional elementor-section-boxed elementor-section-height-default elementor-section-height-default\" data-id=\"64547a2\" data-element_type=\"section\">\n\t\t\t\t\t\t<div class=\"elementor-container elementor-column-gap-default\">\n\t\t\t\t\t<div class=\"elementor-column elementor-col-100 elementor-top-column elementor-element elementor-element-9056a01 ot-flex-column-vertical\" data-id=\"9056a01\" data-element_type=\"column\">\n\t\t\t<div class=\"elementor-widget-wrap elementor-element-populated\">\n\t\t\t\t\t\t<div class=\"elementor-element elementor-element-89421e8 elementor-widget elementor-widget-button\" data-id=\"89421e8\" data-element_type=\"widget\" data-widget_type=\"button.default\">\n\t\t\t\t<div class=\"elementor-widget-container\">\n\t\t\t\t\t<div class=\"elementor-button-wrapper\">\n\t\t\t<a class=\"elementor-button elementor-button-link elementor-size-lg\" href=\"https:\/\/yestothenet.com\/es\/referencias\/\">\n\t\t\t\t\t\t<span class=\"elementor-button-content-wrapper\">\n\t\t\t\t\t\t<span class=\"elementor-button-icon\">\n\t\t\t\t<i aria-hidden=\"true\" class=\"fas fa-angle-left\"><\/i>\t\t\t<\/span>\n\t\t\t\t\t\t\t\t<\/span>\n\t\t\t\t\t<\/a>\n\t\t<\/div>\n\t\t\t\t<\/div>\n\t\t\t\t<\/div>\n\t\t\t\t\t<\/div>\n\t\t<\/div>\n\t\t\t\t\t<\/div>\n\t\t<\/section>\n\t\t\t\t<section class=\"elementor-section elementor-top-section elementor-element elementor-element-e3ad48e ot-traditional elementor-section-boxed elementor-section-height-default elementor-section-height-default\" data-id=\"e3ad48e\" data-element_type=\"section\">\n\t\t\t\t\t\t<div class=\"elementor-container elementor-column-gap-default\">\n\t\t\t\t\t<div class=\"elementor-column elementor-col-100 elementor-top-column elementor-element elementor-element-d02fae9 ot-flex-column-vertical\" data-id=\"d02fae9\" data-element_type=\"column\">\n\t\t\t<div class=\"elementor-widget-wrap elementor-element-populated\">\n\t\t\t\t\t\t<div class=\"elementor-element elementor-element-972ad14 elementor-widget elementor-widget-iheading\" data-id=\"972ad14\" data-element_type=\"widget\" data-widget_type=\"iheading.default\">\n\t\t\t\t<div class=\"elementor-widget-container\">\n\t\t\t\t\t<div class=\"ot-heading\">\r\n\t        <h1 class=\"main-heading\">Air Optix Colors: una campa\u00f1a de lanzamiento din\u00e1mica para ALCON<\/h1>\t    <\/div>\r\n\t    \t\t<\/div>\n\t\t\t\t<\/div>\n\t\t\t\t\t<\/div>\n\t\t<\/div>\n\t\t\t\t\t<\/div>\n\t\t<\/section>\n\t\t\t\t<section class=\"elementor-section elementor-top-section elementor-element elementor-element-d7f7c5b ot-traditional elementor-section-boxed elementor-section-height-default elementor-section-height-default\" data-id=\"d7f7c5b\" data-element_type=\"section\">\n\t\t\t\t\t\t<div class=\"elementor-container elementor-column-gap-default\">\n\t\t\t\t\t<div class=\"elementor-column elementor-col-100 elementor-top-column elementor-element elementor-element-71d971e ot-flex-column-vertical\" data-id=\"71d971e\" data-element_type=\"column\">\n\t\t\t<div class=\"elementor-widget-wrap elementor-element-populated\">\n\t\t\t\t\t\t<div class=\"elementor-element elementor-element-ddc38a7 elementor-widget elementor-widget-text-editor\" data-id=\"ddc38a7\" data-element_type=\"widget\" data-widget_type=\"text-editor.default\">\n\t\t\t\t<div class=\"elementor-widget-container\">\n\t\t\t\t\t\t\t<p>Para el lanzamiento de la l\u00ednea de productos Air Optix Colors de ALCON, l\u00edder en el sector de los laboratorios m\u00e9dicos, nuestra agencia se encarg\u00f3 de dise\u00f1ar e implementar una campa\u00f1a de lanzamiento integral, dirigida principalmente a profesionales (B2B) y centrada en el SEO para \u00f3pticos as\u00ed como en la generaci\u00f3n de tr\u00e1fico en \u00f3pticas.<\/p>\t\t\t\t\t\t<\/div>\n\t\t\t\t<\/div>\n\t\t\t\t\t<\/div>\n\t\t<\/div>\n\t\t\t\t\t<\/div>\n\t\t<\/section>\n\t\t\t\t<section class=\"elementor-section elementor-top-section elementor-element elementor-element-627c9fe ot-traditional elementor-section-boxed elementor-section-height-default elementor-section-height-default\" data-id=\"627c9fe\" data-element_type=\"section\">\n\t\t\t\t\t\t<div class=\"elementor-container elementor-column-gap-default\">\n\t\t\t\t\t<div class=\"elementor-column elementor-col-100 elementor-top-column elementor-element elementor-element-80365e5 ot-flex-column-vertical\" data-id=\"80365e5\" data-element_type=\"column\">\n\t\t\t<div class=\"elementor-widget-wrap elementor-element-populated\">\n\t\t\t\t\t\t<div class=\"elementor-element elementor-element-c2965ca elementor-widget elementor-widget-image\" data-id=\"c2965ca\" data-element_type=\"widget\" data-widget_type=\"image.default\">\n\t\t\t\t<div class=\"elementor-widget-container\">\n\t\t\t\t\t\t\t\t\t\t\t\t\t<img fetchpriority=\"high\" decoding=\"async\" width=\"1024\" height=\"361\" src=\"https:\/\/yestothenet.com\/wp-content\/uploads\/2023\/12\/Mailing-Alcon-A5-v2d-copie_page-0001-1024x361.jpg\" class=\"attachment-large size-large wp-image-6736\" alt=\"\" srcset=\"https:\/\/yestothenet.com\/wp-content\/uploads\/2023\/12\/Mailing-Alcon-A5-v2d-copie_page-0001-1024x361.jpg 1024w, https:\/\/yestothenet.com\/wp-content\/uploads\/2023\/12\/Mailing-Alcon-A5-v2d-copie_page-0001-300x106.jpg 300w, https:\/\/yestothenet.com\/wp-content\/uploads\/2023\/12\/Mailing-Alcon-A5-v2d-copie_page-0001-768x271.jpg 768w, https:\/\/yestothenet.com\/wp-content\/uploads\/2023\/12\/Mailing-Alcon-A5-v2d-copie_page-0001-1536x542.jpg 1536w, https:\/\/yestothenet.com\/wp-content\/uploads\/2023\/12\/Mailing-Alcon-A5-v2d-copie_page-0001-2048x722.jpg 2048w, https:\/\/yestothenet.com\/wp-content\/uploads\/2023\/12\/Mailing-Alcon-A5-v2d-copie_page-0001-720x254.jpg 720w\" sizes=\"(max-width: 1024px) 100vw, 1024px\" \/>\t\t\t\t\t\t\t\t\t\t\t\t\t<\/div>\n\t\t\t\t<\/div>\n\t\t\t\t\t<\/div>\n\t\t<\/div>\n\t\t\t\t\t<\/div>\n\t\t<\/section>\n\t\t\t\t<section class=\"elementor-section elementor-top-section elementor-element elementor-element-2db1430 elementor-section-content-middle ot-traditional elementor-section-boxed elementor-section-height-default elementor-section-height-default\" data-id=\"2db1430\" data-element_type=\"section\">\n\t\t\t\t\t\t<div class=\"elementor-container elementor-column-gap-default\">\n\t\t\t\t\t<div class=\"elementor-column elementor-col-100 elementor-top-column elementor-element elementor-element-9ca7f6d ot-flex-column-vertical\" data-id=\"9ca7f6d\" data-element_type=\"column\">\n\t\t\t<div class=\"elementor-widget-wrap elementor-element-populated\">\n\t\t\t\t\t\t<section class=\"elementor-section elementor-inner-section elementor-element elementor-element-ae21701 elementor-section-content-top elementor-section-full_width ot-traditional elementor-section-height-default elementor-section-height-default\" data-id=\"ae21701\" data-element_type=\"section\">\n\t\t\t\t\t\t<div class=\"elementor-container elementor-column-gap-extended\">\n\t\t\t\t\t<div class=\"elementor-column elementor-col-50 elementor-inner-column elementor-element elementor-element-78f9ac9 ot-flex-column-vertical\" data-id=\"78f9ac9\" data-element_type=\"column\">\n\t\t\t<div class=\"elementor-widget-wrap elementor-element-populated\">\n\t\t\t\t\t\t<div class=\"elementor-element elementor-element-25eb330 elementor-widget__width-initial elementor-widget elementor-widget-image\" data-id=\"25eb330\" data-element_type=\"widget\" data-widget_type=\"image.default\">\n\t\t\t\t<div class=\"elementor-widget-container\">\n\t\t\t\t\t\t\t\t\t\t\t\t\t<img decoding=\"async\" width=\"1024\" height=\"1536\" src=\"https:\/\/yestothenet.com\/wp-content\/uploads\/2023\/12\/Alcon_landpage_opticien-v2-copie-1024x1536.jpg\" class=\"attachment-1536x1536 size-1536x1536 wp-image-6735\" alt=\"\" srcset=\"https:\/\/yestothenet.com\/wp-content\/uploads\/2023\/12\/Alcon_landpage_opticien-v2-copie-1024x1536.jpg 1024w, https:\/\/yestothenet.com\/wp-content\/uploads\/2023\/12\/Alcon_landpage_opticien-v2-copie-200x300.jpg 200w, https:\/\/yestothenet.com\/wp-content\/uploads\/2023\/12\/Alcon_landpage_opticien-v2-copie-683x1024.jpg 683w, https:\/\/yestothenet.com\/wp-content\/uploads\/2023\/12\/Alcon_landpage_opticien-v2-copie-768x1151.jpg 768w, https:\/\/yestothenet.com\/wp-content\/uploads\/2023\/12\/Alcon_landpage_opticien-v2-copie-1366x2048.jpg 1366w, https:\/\/yestothenet.com\/wp-content\/uploads\/2023\/12\/Alcon_landpage_opticien-v2-copie-720x1079.jpg 720w, https:\/\/yestothenet.com\/wp-content\/uploads\/2023\/12\/Alcon_landpage_opticien-v2-copie.jpg 1368w\" sizes=\"(max-width: 1024px) 100vw, 1024px\" \/>\t\t\t\t\t\t\t\t\t\t\t\t\t<\/div>\n\t\t\t\t<\/div>\n\t\t\t\t\t<\/div>\n\t\t<\/div>\n\t\t\t\t<div class=\"elementor-column elementor-col-50 elementor-inner-column elementor-element elementor-element-dce0f81 ot-flex-column-vertical\" data-id=\"dce0f81\" data-element_type=\"column\">\n\t\t\t<div class=\"elementor-widget-wrap elementor-element-populated\">\n\t\t\t\t\t\t<div class=\"elementor-element elementor-element-734d7ce elementor-widget__width-initial elementor-widget elementor-widget-text-editor\" data-id=\"734d7ce\" data-element_type=\"widget\" data-widget_type=\"text-editor.default\">\n\t\t\t\t<div class=\"elementor-widget-container\">\n\t\t\t\t\t\t\t<p style=\"text-align: center;\"><strong>Estrategia de lanzamiento B2B:<\/strong><\/p><p>Desarrollamos una estrategia B2B integral para presentar la nueva gama Air Optix Colors a los profesionales de la \u00f3ptica. Esta estrategia incluy\u00f3 presentaciones de productos, materiales promocionales personalizados y formaci\u00f3n para \u00f3pticos.<\/p><p style=\"text-align: center;\"><strong>Listado de \u00d3pticos:<\/strong><\/p><p>Una parte crucial de nuestra misi\u00f3n fue la recomendaci\u00f3n eficaz de \u00f3pticas para garantizar una amplia distribuci\u00f3n y una visibilidad \u00f3ptima de los productos Air Optix Colors. Utilizamos herramientas de geolocalizaci\u00f3n y campa\u00f1as dirigidas para conectar a los consumidores con los puntos de venta m\u00e1s cercanos.<\/p><p style=\"text-align: center;\"><strong>Venta y Generaci\u00f3n de Tr\u00e1fico:<\/strong><\/p><p>Para impulsar las ventas y aumentar el tr\u00e1fico en las \u00f3pticas, implementamos atractivas campa\u00f1as publicitarias y promociones de incentivo. Estas acciones se dise\u00f1aron para animar a los consumidores a visitar las tiendas y probar la nueva l\u00ednea de productos.<\/p><p style=\"text-align: center;\"><strong>Campa\u00f1as multicanal:<\/strong><\/p><p>Implementamos una serie de campa\u00f1as multicanal, utilizando medios digitales y tradicionales, para maximizar el alcance y la efectividad de la campa\u00f1a de lanzamiento. Estas campa\u00f1as incluyeron publicidad en l\u00ednea, publicaciones en redes sociales, correos electr\u00f3nicos personalizados y eventos en tiendas.<\/p>\t\t\t\t\t\t<\/div>\n\t\t\t\t<\/div>\n\t\t\t\t\t<\/div>\n\t\t<\/div>\n\t\t\t\t\t<\/div>\n\t\t<\/section>\n\t\t\t\t\t<\/div>\n\t\t<\/div>\n\t\t\t\t\t<\/div>\n\t\t<\/section>\n\t\t\t\t<section class=\"elementor-section elementor-top-section elementor-element elementor-element-81fe63d ot-traditional elementor-section-boxed elementor-section-height-default elementor-section-height-default\" data-id=\"81fe63d\" data-element_type=\"section\">\n\t\t\t\t\t\t<div class=\"elementor-container elementor-column-gap-default\">\n\t\t\t\t\t<div class=\"elementor-column elementor-col-100 elementor-top-column elementor-element elementor-element-19da567 ot-flex-column-vertical\" data-id=\"19da567\" data-element_type=\"column\">\n\t\t\t<div class=\"elementor-widget-wrap elementor-element-populated\">\n\t\t\t\t\t\t<div class=\"elementor-element elementor-element-2e1a0dd elementor-widget elementor-widget-image\" data-id=\"2e1a0dd\" data-element_type=\"widget\" data-widget_type=\"image.default\">\n\t\t\t\t<div class=\"elementor-widget-container\">\n\t\t\t\t\t\t\t\t\t\t\t\t\t<img decoding=\"async\" width=\"1024\" height=\"361\" src=\"https:\/\/yestothenet.com\/wp-content\/uploads\/2023\/12\/Mailing-Alcon-A5-v2d-copie_page-0002-1024x361.jpg\" class=\"attachment-large size-large wp-image-6737\" alt=\"\" srcset=\"https:\/\/yestothenet.com\/wp-content\/uploads\/2023\/12\/Mailing-Alcon-A5-v2d-copie_page-0002-1024x361.jpg 1024w, https:\/\/yestothenet.com\/wp-content\/uploads\/2023\/12\/Mailing-Alcon-A5-v2d-copie_page-0002-300x106.jpg 300w, https:\/\/yestothenet.com\/wp-content\/uploads\/2023\/12\/Mailing-Alcon-A5-v2d-copie_page-0002-768x271.jpg 768w, https:\/\/yestothenet.com\/wp-content\/uploads\/2023\/12\/Mailing-Alcon-A5-v2d-copie_page-0002-1536x542.jpg 1536w, https:\/\/yestothenet.com\/wp-content\/uploads\/2023\/12\/Mailing-Alcon-A5-v2d-copie_page-0002-2048x722.jpg 2048w, https:\/\/yestothenet.com\/wp-content\/uploads\/2023\/12\/Mailing-Alcon-A5-v2d-copie_page-0002-720x254.jpg 720w\" sizes=\"(max-width: 1024px) 100vw, 1024px\" \/>\t\t\t\t\t\t\t\t\t\t\t\t\t<\/div>\n\t\t\t\t<\/div>\n\t\t\t\t\t<\/div>\n\t\t<\/div>\n\t\t\t\t\t<\/div>\n\t\t<\/section>\n\t\t\t\t<section class=\"elementor-section elementor-top-section elementor-element elementor-element-2fc82e1 ot-traditional elementor-section-boxed elementor-section-height-default elementor-section-height-default\" data-id=\"2fc82e1\" data-element_type=\"section\">\n\t\t\t\t\t\t<div class=\"elementor-container elementor-column-gap-default\">\n\t\t\t\t\t<div class=\"elementor-column elementor-col-100 elementor-top-column elementor-element elementor-element-b63cfa8 ot-flex-column-vertical\" data-id=\"b63cfa8\" data-element_type=\"column\">\n\t\t\t<div class=\"elementor-widget-wrap elementor-element-populated\">\n\t\t\t\t\t\t<div class=\"elementor-element elementor-element-477e19b elementor-widget elementor-widget-text-editor\" data-id=\"477e19b\" data-element_type=\"widget\" data-widget_type=\"text-editor.default\">\n\t\t\t\t<div class=\"elementor-widget-container\">\n\t\t\t\t\t\t\t<p>El lanzamiento de la gama Air Optix Colors ha sido un \u00e9xito rotundo, con una r\u00e1pida adopci\u00f3n por parte de los \u00f3pticos y una respuesta entusiasta de los consumidores. Hemos observado un aumento significativo en el tr\u00e1fico de tiendas, as\u00ed como una fuerte demanda de los productos. Las opiniones de \u00f3pticos y consumidores han sido sumamente positivas, destacando la calidad y el atractivo de los nuevos productos.<\/p><p><strong>Conclusi\u00f3n :<\/strong><\/p><p>Este proyecto con ALCON demostr\u00f3 nuestra experiencia en la creaci\u00f3n de campa\u00f1as efectivas de lanzamiento de productos y nuestra capacidad para generar un impacto significativo en el sector m\u00e9dico. Estamos orgullosos de nuestra colaboraci\u00f3n con ALCON y del \u00e9xito de la gama Air Optix Colors.<\/p>\t\t\t\t\t\t<\/div>\n\t\t\t\t<\/div>\n\t\t\t\t\t<\/div>\n\t\t<\/div>\n\t\t\t\t\t<\/div>\n\t\t<\/section>\n\t\t\t\t<section class=\"elementor-section elementor-top-section elementor-element elementor-element-6281c33 ot-traditional elementor-section-boxed elementor-section-height-default elementor-section-height-default\" data-id=\"6281c33\" data-element_type=\"section\">\n\t\t\t\t\t\t<div class=\"elementor-container elementor-column-gap-default\">\n\t\t\t\t\t<div class=\"elementor-column elementor-col-100 elementor-top-column elementor-element elementor-element-eaff4bc ot-flex-column-vertical\" data-id=\"eaff4bc\" data-element_type=\"column\">\n\t\t\t<div class=\"elementor-widget-wrap elementor-element-populated\">\n\t\t\t\t\t\t<div class=\"elementor-element elementor-element-df8e2c4 elementor-widget elementor-widget-image\" data-id=\"df8e2c4\" data-element_type=\"widget\" data-widget_type=\"image.default\">\n\t\t\t\t<div class=\"elementor-widget-container\">\n\t\t\t\t\t\t\t\t\t\t\t\t\t<img loading=\"lazy\" decoding=\"async\" width=\"1024\" height=\"361\" src=\"https:\/\/yestothenet.com\/wp-content\/uploads\/2023\/12\/Mailing-Alcon-A5-v2d-copie_page-0003-1024x361.jpg\" class=\"attachment-large size-large wp-image-6738\" alt=\"\" srcset=\"https:\/\/yestothenet.com\/wp-content\/uploads\/2023\/12\/Mailing-Alcon-A5-v2d-copie_page-0003-1024x361.jpg 1024w, https:\/\/yestothenet.com\/wp-content\/uploads\/2023\/12\/Mailing-Alcon-A5-v2d-copie_page-0003-300x106.jpg 300w, https:\/\/yestothenet.com\/wp-content\/uploads\/2023\/12\/Mailing-Alcon-A5-v2d-copie_page-0003-768x271.jpg 768w, https:\/\/yestothenet.com\/wp-content\/uploads\/2023\/12\/Mailing-Alcon-A5-v2d-copie_page-0003-1536x542.jpg 1536w, https:\/\/yestothenet.com\/wp-content\/uploads\/2023\/12\/Mailing-Alcon-A5-v2d-copie_page-0003-2048x722.jpg 2048w, https:\/\/yestothenet.com\/wp-content\/uploads\/2023\/12\/Mailing-Alcon-A5-v2d-copie_page-0003-720x254.jpg 720w\" sizes=\"(max-width: 1024px) 100vw, 1024px\" \/>\t\t\t\t\t\t\t\t\t\t\t\t\t<\/div>\n\t\t\t\t<\/div>\n\t\t\t\t\t<\/div>\n\t\t<\/div>\n\t\t\t\t\t<\/div>\n\t\t<\/section>\n\t\t\t\t<\/div>","protected":false},"excerpt":{"rendered":"<p>Air Optix Colors : Une Campagne de Lancement Dynamique pour ALCON Pour le lancement de la gamme de produits Air Optix Colors d&rsquo;ALCON, un leader dans le secteur des laboratoires m\u00e9dicaux, notre agence a \u00e9t\u00e9 charg\u00e9e de concevoir et de mettre en \u0153uvre une campagne de lancement exhaustive, ciblant principalement les professionnels (B2B) et ax\u00e9e [&hellip;]<\/p>","protected":false},"author":1,"featured_media":0,"parent":0,"menu_order":0,"comment_status":"closed","ping_status":"closed","template":"","meta":{"footnotes":""},"class_list":["post-6733","page","type-page","status-publish","hentry"],"yoast_head":"<!-- This site is optimized with the Yoast SEO plugin v23.6 - https:\/\/yoast.com\/wordpress\/plugins\/seo\/ -->\n<title>Nos r\u00e9f\u00e9rences ALCON \u2013 L&#039;agence YES TO THE NET<\/title>\n<meta name=\"description\" content=\"D\u00e9couvrez nos r\u00e9f\u00e9rences de la marque ALCON. Sollicitez de savoir-faire de votre agence de communication YES TO THE NET.\" \/>\n<meta name=\"robots\" content=\"index, follow, max-snippet:-1, max-image-preview:large, max-video-preview:-1\" \/>\n<link rel=\"canonical\" href=\"https:\/\/yestothenet.com\/es\/referencia-de-alcon\/\" \/>\n<meta property=\"og:locale\" content=\"es_ES\" \/>\n<meta property=\"og:type\" content=\"article\" \/>\n<meta property=\"og:title\" content=\"Nos r\u00e9f\u00e9rences ALCON \u2013 L&#039;agence YES TO THE NET\" \/>\n<meta property=\"og:description\" content=\"D\u00e9couvrez nos r\u00e9f\u00e9rences de la marque ALCON. Sollicitez de savoir-faire de votre agence de communication YES TO THE NET.\" \/>\n<meta property=\"og:url\" content=\"https:\/\/yestothenet.com\/es\/referencia-de-alcon\/\" \/>\n<meta property=\"og:site_name\" content=\"Yes To The Net\" \/>\n<meta property=\"article:publisher\" content=\"https:\/\/www.instagram.com\/yestothenet\/\" \/>\n<meta property=\"article:modified_time\" content=\"2024-03-05T11:45:28+00:00\" \/>\n<meta property=\"og:image\" content=\"https:\/\/yestothenet.com\/wp-content\/uploads\/2023\/12\/Mailing-Alcon-A5-v2d-copie_page-0001-1024x361.jpg\" \/>\n<meta name=\"twitter:card\" content=\"summary_large_image\" \/>\n<meta name=\"twitter:label1\" content=\"Tiempo de lectura\" \/>\n\t<meta name=\"twitter:data1\" content=\"3 minutos\" \/>\n<script type=\"application\/ld+json\" class=\"yoast-schema-graph\">{\"@context\":\"https:\/\/schema.org\",\"@graph\":[{\"@type\":\"WebPage\",\"@id\":\"https:\/\/yestothenet.com\/reference-alcon\/\",\"url\":\"https:\/\/yestothenet.com\/reference-alcon\/\",\"name\":\"Nos r\u00e9f\u00e9rences ALCON \u2013 L'agence YES TO THE NET\",\"isPartOf\":{\"@id\":\"https:\/\/yestothenet.com\/#website\"},\"primaryImageOfPage\":{\"@id\":\"https:\/\/yestothenet.com\/reference-alcon\/#primaryimage\"},\"image\":{\"@id\":\"https:\/\/yestothenet.com\/reference-alcon\/#primaryimage\"},\"thumbnailUrl\":\"https:\/\/yestothenet.com\/wp-content\/uploads\/2023\/12\/Mailing-Alcon-A5-v2d-copie_page-0001-1024x361.jpg\",\"datePublished\":\"2023-12-18T15:35:32+00:00\",\"dateModified\":\"2024-03-05T11:45:28+00:00\",\"description\":\"D\u00e9couvrez nos r\u00e9f\u00e9rences de la marque ALCON. Sollicitez de savoir-faire de votre agence de communication YES TO THE NET.\",\"breadcrumb\":{\"@id\":\"https:\/\/yestothenet.com\/reference-alcon\/#breadcrumb\"},\"inLanguage\":\"es\",\"potentialAction\":[{\"@type\":\"ReadAction\",\"target\":[\"https:\/\/yestothenet.com\/reference-alcon\/\"]}]},{\"@type\":\"ImageObject\",\"inLanguage\":\"es\",\"@id\":\"https:\/\/yestothenet.com\/reference-alcon\/#primaryimage\",\"url\":\"https:\/\/yestothenet.com\/wp-content\/uploads\/2023\/12\/Mailing-Alcon-A5-v2d-copie_page-0001-1024x361.jpg\",\"contentUrl\":\"https:\/\/yestothenet.com\/wp-content\/uploads\/2023\/12\/Mailing-Alcon-A5-v2d-copie_page-0001-1024x361.jpg\"},{\"@type\":\"BreadcrumbList\",\"@id\":\"https:\/\/yestothenet.com\/reference-alcon\/#breadcrumb\",\"itemListElement\":[{\"@type\":\"ListItem\",\"position\":1,\"name\":\"Accueil\",\"item\":\"https:\/\/yestothenet.com\/\"},{\"@type\":\"ListItem\",\"position\":2,\"name\":\"r\u00e9f\u00e9rence ALCON\"}]},{\"@type\":\"WebSite\",\"@id\":\"https:\/\/yestothenet.com\/#website\",\"url\":\"https:\/\/yestothenet.com\/\",\"name\":\"YES TO THE NET\",\"description\":\"Votre agence de communication \u00e0 Marrakech\",\"publisher\":{\"@id\":\"https:\/\/yestothenet.com\/#organization\"},\"potentialAction\":[{\"@type\":\"SearchAction\",\"target\":{\"@type\":\"EntryPoint\",\"urlTemplate\":\"https:\/\/yestothenet.com\/?s={search_term_string}\"},\"query-input\":{\"@type\":\"PropertyValueSpecification\",\"valueRequired\":true,\"valueName\":\"search_term_string\"}}],\"inLanguage\":\"es\"},{\"@type\":\"Organization\",\"@id\":\"https:\/\/yestothenet.com\/#organization\",\"name\":\"YES TO THE NET\",\"url\":\"https:\/\/yestothenet.com\/\",\"logo\":{\"@type\":\"ImageObject\",\"inLanguage\":\"es\",\"@id\":\"https:\/\/yestothenet.com\/#\/schema\/logo\/image\/\",\"url\":\"https:\/\/yestothenet.com\/wp-content\/uploads\/2024\/02\/cropped-YES_THE_TO_NET-removebg-preview.png\",\"contentUrl\":\"https:\/\/yestothenet.com\/wp-content\/uploads\/2024\/02\/cropped-YES_THE_TO_NET-removebg-preview.png\",\"width\":512,\"height\":512,\"caption\":\"YES TO THE NET\"},\"image\":{\"@id\":\"https:\/\/yestothenet.com\/#\/schema\/logo\/image\/\"},\"sameAs\":[\"https:\/\/www.instagram.com\/yestothenet\/\"]}]}<\/script>\n<!-- \/ Yoast SEO plugin. -->","yoast_head_json":{"title":"Nos r\u00e9f\u00e9rences ALCON \u2013 L'agence YES TO THE NET","description":"D\u00e9couvrez nos r\u00e9f\u00e9rences de la marque ALCON. Sollicitez de savoir-faire de votre agence de communication YES TO THE NET.","robots":{"index":"index","follow":"follow","max-snippet":"max-snippet:-1","max-image-preview":"max-image-preview:large","max-video-preview":"max-video-preview:-1"},"canonical":"https:\/\/yestothenet.com\/es\/referencia-de-alcon\/","og_locale":"es_ES","og_type":"article","og_title":"Nos r\u00e9f\u00e9rences ALCON \u2013 L'agence YES TO THE NET","og_description":"D\u00e9couvrez nos r\u00e9f\u00e9rences de la marque ALCON. Sollicitez de savoir-faire de votre agence de communication YES TO THE NET.","og_url":"https:\/\/yestothenet.com\/es\/referencia-de-alcon\/","og_site_name":"Yes To The Net","article_publisher":"https:\/\/www.instagram.com\/yestothenet\/","article_modified_time":"2024-03-05T11:45:28+00:00","og_image":[{"url":"https:\/\/yestothenet.com\/wp-content\/uploads\/2023\/12\/Mailing-Alcon-A5-v2d-copie_page-0001-1024x361.jpg"}],"twitter_card":"summary_large_image","twitter_misc":{"Tiempo de lectura":"3 minutos"},"schema":{"@context":"https:\/\/schema.org","@graph":[{"@type":"WebPage","@id":"https:\/\/yestothenet.com\/reference-alcon\/","url":"https:\/\/yestothenet.com\/reference-alcon\/","name":"Nos r\u00e9f\u00e9rences ALCON \u2013 L'agence YES TO THE NET","isPartOf":{"@id":"https:\/\/yestothenet.com\/#website"},"primaryImageOfPage":{"@id":"https:\/\/yestothenet.com\/reference-alcon\/#primaryimage"},"image":{"@id":"https:\/\/yestothenet.com\/reference-alcon\/#primaryimage"},"thumbnailUrl":"https:\/\/yestothenet.com\/wp-content\/uploads\/2023\/12\/Mailing-Alcon-A5-v2d-copie_page-0001-1024x361.jpg","datePublished":"2023-12-18T15:35:32+00:00","dateModified":"2024-03-05T11:45:28+00:00","description":"D\u00e9couvrez nos r\u00e9f\u00e9rences de la marque ALCON. Sollicitez de savoir-faire de votre agence de communication YES TO THE NET.","breadcrumb":{"@id":"https:\/\/yestothenet.com\/reference-alcon\/#breadcrumb"},"inLanguage":"es","potentialAction":[{"@type":"ReadAction","target":["https:\/\/yestothenet.com\/reference-alcon\/"]}]},{"@type":"ImageObject","inLanguage":"es","@id":"https:\/\/yestothenet.com\/reference-alcon\/#primaryimage","url":"https:\/\/yestothenet.com\/wp-content\/uploads\/2023\/12\/Mailing-Alcon-A5-v2d-copie_page-0001-1024x361.jpg","contentUrl":"https:\/\/yestothenet.com\/wp-content\/uploads\/2023\/12\/Mailing-Alcon-A5-v2d-copie_page-0001-1024x361.jpg"},{"@type":"BreadcrumbList","@id":"https:\/\/yestothenet.com\/reference-alcon\/#breadcrumb","itemListElement":[{"@type":"ListItem","position":1,"name":"Accueil","item":"https:\/\/yestothenet.com\/"},{"@type":"ListItem","position":2,"name":"r\u00e9f\u00e9rence ALCON"}]},{"@type":"WebSite","@id":"https:\/\/yestothenet.com\/#website","url":"https:\/\/yestothenet.com\/","name":"YES TO THE NET","description":"Votre agence de communication \u00e0 Marrakech","publisher":{"@id":"https:\/\/yestothenet.com\/#organization"},"potentialAction":[{"@type":"SearchAction","target":{"@type":"EntryPoint","urlTemplate":"https:\/\/yestothenet.com\/?s={search_term_string}"},"query-input":{"@type":"PropertyValueSpecification","valueRequired":true,"valueName":"search_term_string"}}],"inLanguage":"es"},{"@type":"Organization","@id":"https:\/\/yestothenet.com\/#organization","name":"YES TO THE NET","url":"https:\/\/yestothenet.com\/","logo":{"@type":"ImageObject","inLanguage":"es","@id":"https:\/\/yestothenet.com\/#\/schema\/logo\/image\/","url":"https:\/\/yestothenet.com\/wp-content\/uploads\/2024\/02\/cropped-YES_THE_TO_NET-removebg-preview.png","contentUrl":"https:\/\/yestothenet.com\/wp-content\/uploads\/2024\/02\/cropped-YES_THE_TO_NET-removebg-preview.png","width":512,"height":512,"caption":"YES TO THE NET"},"image":{"@id":"https:\/\/yestothenet.com\/#\/schema\/logo\/image\/"},"sameAs":["https:\/\/www.instagram.com\/yestothenet\/"]}]}},"_links":{"self":[{"href":"https:\/\/yestothenet.com\/es\/wp-json\/wp\/v2\/pages\/6733","targetHints":{"allow":["GET"]}}],"collection":[{"href":"https:\/\/yestothenet.com\/es\/wp-json\/wp\/v2\/pages"}],"about":[{"href":"https:\/\/yestothenet.com\/es\/wp-json\/wp\/v2\/types\/page"}],"author":[{"embeddable":true,"href":"https:\/\/yestothenet.com\/es\/wp-json\/wp\/v2\/users\/1"}],"replies":[{"embeddable":true,"href":"https:\/\/yestothenet.com\/es\/wp-json\/wp\/v2\/comments?post=6733"}],"version-history":[{"count":10,"href":"https:\/\/yestothenet.com\/es\/wp-json\/wp\/v2\/pages\/6733\/revisions"}],"predecessor-version":[{"id":7436,"href":"https:\/\/yestothenet.com\/es\/wp-json\/wp\/v2\/pages\/6733\/revisions\/7436"}],"wp:attachment":[{"href":"https:\/\/yestothenet.com\/es\/wp-json\/wp\/v2\/media?parent=6733"}],"curies":[{"name":"wp","href":"https:\/\/api.w.org\/{rel}","templated":true}]}}