{"id":6722,"date":"2023-12-18T16:29:23","date_gmt":"2023-12-18T15:29:23","guid":{"rendered":"https:\/\/yestothenet.com\/?page_id=6722"},"modified":"2024-03-05T12:46:01","modified_gmt":"2024-03-05T11:46:01","slug":"reference-e-leclerc","status":"publish","type":"page","link":"https:\/\/yestothenet.com\/es\/reference-e-leclerc\/","title":{"rendered":"Referencia de E. Leclerc"},"content":{"rendered":"<div data-elementor-type=\"wp-page\" data-elementor-id=\"6722\" class=\"elementor elementor-6722\" data-elementor-post-type=\"page\">\n\t\t\t\t\t\t<section class=\"elementor-section elementor-top-section elementor-element elementor-element-d65a323 ot-traditional elementor-section-boxed elementor-section-height-default elementor-section-height-default\" data-id=\"d65a323\" data-element_type=\"section\">\n\t\t\t\t\t\t<div class=\"elementor-container elementor-column-gap-default\">\n\t\t\t\t\t<div class=\"elementor-column elementor-col-100 elementor-top-column elementor-element elementor-element-fb90fae ot-flex-column-vertical\" data-id=\"fb90fae\" data-element_type=\"column\">\n\t\t\t<div class=\"elementor-widget-wrap elementor-element-populated\">\n\t\t\t\t\t\t<div class=\"elementor-element elementor-element-3c5cc04 elementor-widget elementor-widget-button\" data-id=\"3c5cc04\" data-element_type=\"widget\" data-widget_type=\"button.default\">\n\t\t\t\t<div class=\"elementor-widget-container\">\n\t\t\t\t\t<div class=\"elementor-button-wrapper\">\n\t\t\t<a class=\"elementor-button elementor-button-link elementor-size-lg\" href=\"https:\/\/yestothenet.com\/es\/referencias\/\">\n\t\t\t\t\t\t<span class=\"elementor-button-content-wrapper\">\n\t\t\t\t\t\t<span class=\"elementor-button-icon\">\n\t\t\t\t<i aria-hidden=\"true\" class=\"fas fa-angle-left\"><\/i>\t\t\t<\/span>\n\t\t\t\t\t\t\t\t<\/span>\n\t\t\t\t\t<\/a>\n\t\t<\/div>\n\t\t\t\t<\/div>\n\t\t\t\t<\/div>\n\t\t\t\t\t<\/div>\n\t\t<\/div>\n\t\t\t\t\t<\/div>\n\t\t<\/section>\n\t\t\t\t<section class=\"elementor-section elementor-top-section elementor-element elementor-element-e3ad48e ot-traditional elementor-section-boxed elementor-section-height-default elementor-section-height-default\" data-id=\"e3ad48e\" data-element_type=\"section\">\n\t\t\t\t\t\t<div class=\"elementor-container elementor-column-gap-default\">\n\t\t\t\t\t<div class=\"elementor-column elementor-col-100 elementor-top-column elementor-element elementor-element-d02fae9 ot-flex-column-vertical\" data-id=\"d02fae9\" data-element_type=\"column\">\n\t\t\t<div class=\"elementor-widget-wrap elementor-element-populated\">\n\t\t\t\t\t\t<div class=\"elementor-element elementor-element-972ad14 elementor-widget elementor-widget-iheading\" data-id=\"972ad14\" data-element_type=\"widget\" data-widget_type=\"iheading.default\">\n\t\t\t\t<div class=\"elementor-widget-container\">\n\t\t\t\t\t<div class=\"ot-heading\">\r\n\t        <h1 class=\"main-heading\">PRO E.Leclerc : R\u00e9volutionner la Distribution en H\u00f4tellerie et Restauration avec une Plateforme E-commerce Innovante<\/h1>\t    <\/div>\r\n\t    \t\t<\/div>\n\t\t\t\t<\/div>\n\t\t\t\t\t<\/div>\n\t\t<\/div>\n\t\t\t\t\t<\/div>\n\t\t<\/section>\n\t\t\t\t<section class=\"elementor-section elementor-top-section elementor-element elementor-element-56cf71e ot-traditional elementor-section-boxed elementor-section-height-default elementor-section-height-default\" data-id=\"56cf71e\" data-element_type=\"section\">\n\t\t\t\t\t\t<div class=\"elementor-container elementor-column-gap-default\">\n\t\t\t\t\t<div class=\"elementor-column elementor-col-100 elementor-top-column elementor-element elementor-element-a3370b8 ot-flex-column-vertical\" data-id=\"a3370b8\" data-element_type=\"column\">\n\t\t\t<div class=\"elementor-widget-wrap elementor-element-populated\">\n\t\t\t\t\t\t<div class=\"elementor-element elementor-element-ffe6258 elementor-widget elementor-widget-image\" data-id=\"ffe6258\" data-element_type=\"widget\" data-widget_type=\"image.default\">\n\t\t\t\t<div class=\"elementor-widget-container\">\n\t\t\t\t\t\t\t\t\t\t\t\t\t<img fetchpriority=\"high\" decoding=\"async\" width=\"768\" height=\"554\" src=\"https:\/\/yestothenet.com\/wp-content\/uploads\/2023\/12\/CONNEXION-1-2-768x554.jpg\" class=\"attachment-medium_large size-medium_large wp-image-6724\" alt=\"\" srcset=\"https:\/\/yestothenet.com\/wp-content\/uploads\/2023\/12\/CONNEXION-1-2-768x554.jpg 768w, https:\/\/yestothenet.com\/wp-content\/uploads\/2023\/12\/CONNEXION-1-2-300x216.jpg 300w, https:\/\/yestothenet.com\/wp-content\/uploads\/2023\/12\/CONNEXION-1-2-1024x739.jpg 1024w, https:\/\/yestothenet.com\/wp-content\/uploads\/2023\/12\/CONNEXION-1-2-1536x1108.jpg 1536w, https:\/\/yestothenet.com\/wp-content\/uploads\/2023\/12\/CONNEXION-1-2-720x519.jpg 720w, https:\/\/yestothenet.com\/wp-content\/uploads\/2023\/12\/CONNEXION-1-2.jpg 1600w\" sizes=\"(max-width: 768px) 100vw, 768px\" \/>\t\t\t\t\t\t\t\t\t\t\t\t\t<\/div>\n\t\t\t\t<\/div>\n\t\t\t\t\t<\/div>\n\t\t<\/div>\n\t\t\t\t\t<\/div>\n\t\t<\/section>\n\t\t\t\t<section class=\"elementor-section elementor-top-section elementor-element elementor-element-d7f7c5b ot-traditional elementor-section-boxed elementor-section-height-default elementor-section-height-default\" data-id=\"d7f7c5b\" data-element_type=\"section\">\n\t\t\t\t\t\t<div class=\"elementor-container elementor-column-gap-default\">\n\t\t\t\t\t<div class=\"elementor-column elementor-col-100 elementor-top-column elementor-element elementor-element-71d971e ot-flex-column-vertical\" data-id=\"71d971e\" data-element_type=\"column\">\n\t\t\t<div class=\"elementor-widget-wrap elementor-element-populated\">\n\t\t\t\t\t\t<div class=\"elementor-element elementor-element-ddc38a7 elementor-widget elementor-widget-text-editor\" data-id=\"ddc38a7\" data-element_type=\"widget\" data-widget_type=\"text-editor.default\">\n\t\t\t\t<div class=\"elementor-widget-container\">\n\t\t\t\t\t\t\t<p>Dans un partenariat strat\u00e9gique avec E. LECLERC, l&rsquo;un des leaders dans le domaine de la distribution, notre agence a relev\u00e9 le d\u00e9fi de d\u00e9velopper une plateforme e-commerce r\u00e9volutionnaire, sp\u00e9cialement con\u00e7ue pour les professionnels de l&rsquo;h\u00f4tellerie et de la restauration.<\/p>\t\t\t\t\t\t<\/div>\n\t\t\t\t<\/div>\n\t\t\t\t\t<\/div>\n\t\t<\/div>\n\t\t\t\t\t<\/div>\n\t\t<\/section>\n\t\t\t\t<section class=\"elementor-section elementor-top-section elementor-element elementor-element-2db1430 elementor-section-content-middle ot-traditional elementor-section-boxed elementor-section-height-default elementor-section-height-default\" data-id=\"2db1430\" data-element_type=\"section\">\n\t\t\t\t\t\t<div class=\"elementor-container elementor-column-gap-default\">\n\t\t\t\t\t<div class=\"elementor-column elementor-col-100 elementor-top-column elementor-element elementor-element-9ca7f6d ot-flex-column-vertical\" data-id=\"9ca7f6d\" data-element_type=\"column\">\n\t\t\t<div class=\"elementor-widget-wrap elementor-element-populated\">\n\t\t\t\t\t\t<section class=\"elementor-section elementor-inner-section elementor-element elementor-element-ae21701 elementor-section-content-top elementor-section-full_width ot-traditional elementor-section-height-default elementor-section-height-default\" data-id=\"ae21701\" data-element_type=\"section\">\n\t\t\t\t\t\t<div class=\"elementor-container elementor-column-gap-extended\">\n\t\t\t\t\t<div class=\"elementor-column elementor-col-50 elementor-inner-column elementor-element elementor-element-78f9ac9 ot-flex-column-vertical\" data-id=\"78f9ac9\" data-element_type=\"column\">\n\t\t\t<div class=\"elementor-widget-wrap elementor-element-populated\">\n\t\t\t\t\t\t<div class=\"elementor-element elementor-element-25eb330 elementor-widget__width-initial elementor-widget elementor-widget-image\" data-id=\"25eb330\" data-element_type=\"widget\" data-widget_type=\"image.default\">\n\t\t\t\t<div class=\"elementor-widget-container\">\n\t\t\t\t\t\t\t\t\t\t\t\t\t<img decoding=\"async\" width=\"727\" height=\"1536\" src=\"https:\/\/yestothenet.com\/wp-content\/uploads\/2023\/12\/HP_CONNECT\u0090-1-727x1536.jpg\" class=\"attachment-1536x1536 size-1536x1536 wp-image-6725\" alt=\"\" srcset=\"https:\/\/yestothenet.com\/wp-content\/uploads\/2023\/12\/HP_CONNECT\u0090-1-727x1536.jpg 727w, https:\/\/yestothenet.com\/wp-content\/uploads\/2023\/12\/HP_CONNECT\u0090-1-142x300.jpg 142w, https:\/\/yestothenet.com\/wp-content\/uploads\/2023\/12\/HP_CONNECT\u0090-1-485x1024.jpg 485w, https:\/\/yestothenet.com\/wp-content\/uploads\/2023\/12\/HP_CONNECT\u0090-1-768x1622.jpg 768w, https:\/\/yestothenet.com\/wp-content\/uploads\/2023\/12\/HP_CONNECT\u0090-1-969x2048.jpg 969w, https:\/\/yestothenet.com\/wp-content\/uploads\/2023\/12\/HP_CONNECT\u0090-1-720x1521.jpg 720w, https:\/\/yestothenet.com\/wp-content\/uploads\/2023\/12\/HP_CONNECT\u0090-1-scaled.jpg 1212w\" sizes=\"(max-width: 727px) 100vw, 727px\" \/>\t\t\t\t\t\t\t\t\t\t\t\t\t<\/div>\n\t\t\t\t<\/div>\n\t\t\t\t\t<\/div>\n\t\t<\/div>\n\t\t\t\t<div class=\"elementor-column elementor-col-50 elementor-inner-column elementor-element elementor-element-dce0f81 ot-flex-column-vertical\" data-id=\"dce0f81\" data-element_type=\"column\">\n\t\t\t<div class=\"elementor-widget-wrap elementor-element-populated\">\n\t\t\t\t\t\t<div class=\"elementor-element elementor-element-734d7ce elementor-widget__width-initial elementor-widget elementor-widget-text-editor\" data-id=\"734d7ce\" data-element_type=\"widget\" data-widget_type=\"text-editor.default\">\n\t\t\t\t<div class=\"elementor-widget-container\">\n\t\t\t\t\t\t\t<p>Notre Mission :<\/p><p style=\"text-align: center;\"><strong>D\u00e9veloppement d&rsquo;une Plateforme E-commerce Compl\u00e8te :<\/strong><\/p><p>Nous avons con\u00e7u et d\u00e9velopp\u00e9 une plateforme e-commerce intuitive, offrant un acc\u00e8s facile et rapide \u00e0 une large gamme de produits, depuis les articles ultra-frais et frais jusqu&rsquo;aux fournitures diverses. L&rsquo;objectif \u00e9tait de cr\u00e9er un guichet unique pour tous les besoins des professionnels de la restauration.<\/p><p style=\"text-align: center;\"><strong>Exp\u00e9rience Utilisateur Optimis\u00e9e :<\/strong><\/p><p>L&rsquo;accent a \u00e9t\u00e9 mis sur l&rsquo;exp\u00e9rience utilisateur, avec une interface conviviale et des fonctionnalit\u00e9s avanc\u00e9es telles que la recherche personnalis\u00e9e, les recommandations de produits et un syst\u00e8me de commande simplifi\u00e9. Cette approche visait \u00e0 maximiser la facilit\u00e9 d&rsquo;utilisation et l&rsquo;efficacit\u00e9 pour les utilisateurs professionnels.<\/p><p style=\"text-align: center;\"><strong>Gestion des Segments de Produits :<\/strong><\/p><p>Notre \u00e9quipe a travaill\u00e9 m\u00e9ticuleusement pour assurer une pr\u00e9sentation claire et organis\u00e9e des divers segments de produits, permettant aux utilisateurs de naviguer facilement entre les diff\u00e9rentes cat\u00e9gories et de trouver rapidement ce dont ils ont besoin.<\/p><p style=\"text-align: center;\"><strong>Strat\u00e9gie de Marketing Num\u00e9rique :<\/strong><\/p><p>Nous avons \u00e9labor\u00e9 une strat\u00e9gie de marketing num\u00e9rique pour promouvoir la plateforme, en utilisant des campagnes cibl\u00e9es pour atteindre les professionnels de l&rsquo;h\u00f4tellerie et de la restauration. Cette strat\u00e9gie comprenait le r\u00e9f\u00e9rencement SEO, le marketing par e-mail, et les campagnes sur les r\u00e9seaux sociaux.<\/p><p style=\"text-align: center;\"><strong>Impacto y resultados:<\/strong><\/p><p>La plateforme PRO E.Leclerc a transform\u00e9 la mani\u00e8re dont les professionnels de la restauration s&rsquo;approvisionnent, en apportant efficacit\u00e9, commodit\u00e9 et diversit\u00e9 de produits. Le lancement de la plateforme a \u00e9t\u00e9 accueilli avec enthousiasme, g\u00e9n\u00e9rant un trafic important et une augmentation significative des commandes en ligne. Le feedback des utilisateurs a \u00e9t\u00e9 extr\u00eamement positif, soulignant la facilit\u00e9 d&rsquo;utilisation et la vari\u00e9t\u00e9 des produits disponibles.<\/p>\t\t\t\t\t\t<\/div>\n\t\t\t\t<\/div>\n\t\t\t\t\t<\/div>\n\t\t<\/div>\n\t\t\t\t\t<\/div>\n\t\t<\/section>\n\t\t\t\t\t<\/div>\n\t\t<\/div>\n\t\t\t\t\t<\/div>\n\t\t<\/section>\n\t\t\t\t<section class=\"elementor-section elementor-top-section elementor-element elementor-element-7d88b95 ot-traditional elementor-section-boxed elementor-section-height-default elementor-section-height-default\" data-id=\"7d88b95\" data-element_type=\"section\">\n\t\t\t\t\t\t<div class=\"elementor-container elementor-column-gap-default\">\n\t\t\t\t\t<div class=\"elementor-column elementor-col-100 elementor-top-column elementor-element elementor-element-7f6e146 ot-flex-column-vertical\" data-id=\"7f6e146\" data-element_type=\"column\">\n\t\t\t<div class=\"elementor-widget-wrap elementor-element-populated\">\n\t\t\t\t\t\t<div class=\"elementor-element elementor-element-86ca570 elementor-widget elementor-widget-text-editor\" data-id=\"86ca570\" data-element_type=\"widget\" data-widget_type=\"text-editor.default\">\n\t\t\t\t<div class=\"elementor-widget-container\">\n\t\t\t\t\t\t\t<p>Ce projet a non seulement renforc\u00e9 la position d&rsquo;E. LECLERC dans le secteur de la distribution aux professionnels de la restauration, mais a \u00e9galement d\u00e9montr\u00e9 notre capacit\u00e9 \u00e0 cr\u00e9er des solutions e-commerce sophistiqu\u00e9es et \u00e0 les int\u00e9grer dans une strat\u00e9gie marketing num\u00e9rique efficace. Nous sommes fiers de notre collaboration avec E. LECLERC et nous r\u00e9jouissons de l&rsquo;impact continu de cette initiative innovante.<\/p>\t\t\t\t\t\t<\/div>\n\t\t\t\t<\/div>\n\t\t\t\t\t<\/div>\n\t\t<\/div>\n\t\t\t\t\t<\/div>\n\t\t<\/section>\n\t\t\t\t<section class=\"elementor-section elementor-top-section elementor-element elementor-element-0df023e ot-traditional elementor-section-boxed elementor-section-height-default elementor-section-height-default\" data-id=\"0df023e\" data-element_type=\"section\">\n\t\t\t\t\t\t<div class=\"elementor-container elementor-column-gap-default\">\n\t\t\t\t\t<div class=\"elementor-column elementor-col-100 elementor-top-column elementor-element elementor-element-133f94d ot-flex-column-vertical\" data-id=\"133f94d\" data-element_type=\"column\">\n\t\t\t<div class=\"elementor-widget-wrap elementor-element-populated\">\n\t\t\t\t\t\t<div class=\"elementor-element elementor-element-b9d2dd6 elementor-widget elementor-widget-image\" data-id=\"b9d2dd6\" data-element_type=\"widget\" data-widget_type=\"image.default\">\n\t\t\t\t<div class=\"elementor-widget-container\">\n\t\t\t\t\t\t\t\t\t\t\t\t\t<img decoding=\"async\" width=\"768\" height=\"757\" src=\"https:\/\/yestothenet.com\/wp-content\/uploads\/2023\/12\/INSCRIPTION-2-2-768x757.jpg\" class=\"attachment-medium_large size-medium_large wp-image-6726\" alt=\"\" srcset=\"https:\/\/yestothenet.com\/wp-content\/uploads\/2023\/12\/INSCRIPTION-2-2-768x757.jpg 768w, https:\/\/yestothenet.com\/wp-content\/uploads\/2023\/12\/INSCRIPTION-2-2-300x296.jpg 300w, https:\/\/yestothenet.com\/wp-content\/uploads\/2023\/12\/INSCRIPTION-2-2-1024x1010.jpg 1024w, https:\/\/yestothenet.com\/wp-content\/uploads\/2023\/12\/INSCRIPTION-2-2-1536x1515.jpg 1536w, https:\/\/yestothenet.com\/wp-content\/uploads\/2023\/12\/INSCRIPTION-2-2-720x710.jpg 720w, https:\/\/yestothenet.com\/wp-content\/uploads\/2023\/12\/INSCRIPTION-2-2.jpg 1600w\" sizes=\"(max-width: 768px) 100vw, 768px\" \/>\t\t\t\t\t\t\t\t\t\t\t\t\t<\/div>\n\t\t\t\t<\/div>\n\t\t\t\t\t<\/div>\n\t\t<\/div>\n\t\t\t\t\t<\/div>\n\t\t<\/section>\n\t\t\t\t<\/div>","protected":false},"excerpt":{"rendered":"<p>PRO E.Leclerc : R\u00e9volutionner la Distribution en H\u00f4tellerie et Restauration avec une Plateforme E-commerce Innovante Dans un partenariat strat\u00e9gique avec E. LECLERC, l&rsquo;un des leaders dans le domaine de la distribution, notre agence a relev\u00e9 le d\u00e9fi de d\u00e9velopper une plateforme e-commerce r\u00e9volutionnaire, sp\u00e9cialement con\u00e7ue pour les professionnels de l&rsquo;h\u00f4tellerie et de la restauration. Notre [&hellip;]<\/p>","protected":false},"author":1,"featured_media":0,"parent":0,"menu_order":0,"comment_status":"closed","ping_status":"closed","template":"","meta":{"footnotes":""},"class_list":["post-6722","page","type-page","status-publish","hentry"],"yoast_head":"<!-- This site is optimized with the Yoast SEO plugin v23.6 - https:\/\/yoast.com\/wordpress\/plugins\/seo\/ -->\n<title>Nos r\u00e9f\u00e9rences E.Leclerc \u2013 L&#039;agence YES TO THE NET<\/title>\n<meta name=\"description\" content=\"D\u00e9couvrez nos r\u00e9f\u00e9rences de la marque E.Leclerc. Sollicitez de savoir-faire de votre agence de communication YES TO THE NET.\" \/>\n<meta name=\"robots\" content=\"index, follow, max-snippet:-1, max-image-preview:large, max-video-preview:-1\" \/>\n<link rel=\"canonical\" href=\"https:\/\/yestothenet.com\/es\/reference-e-leclerc\/\" \/>\n<meta property=\"og:locale\" content=\"es_ES\" \/>\n<meta property=\"og:type\" content=\"article\" \/>\n<meta property=\"og:title\" content=\"Nos r\u00e9f\u00e9rences E.Leclerc \u2013 L&#039;agence YES TO THE NET\" \/>\n<meta property=\"og:description\" content=\"D\u00e9couvrez nos r\u00e9f\u00e9rences de la marque E.Leclerc. Sollicitez de savoir-faire de votre agence de communication YES TO THE NET.\" \/>\n<meta property=\"og:url\" content=\"https:\/\/yestothenet.com\/es\/reference-e-leclerc\/\" \/>\n<meta property=\"og:site_name\" content=\"Yes To The Net\" \/>\n<meta property=\"article:publisher\" content=\"https:\/\/www.instagram.com\/yestothenet\/\" \/>\n<meta property=\"article:modified_time\" content=\"2024-03-05T11:46:01+00:00\" \/>\n<meta property=\"og:image\" content=\"https:\/\/yestothenet.com\/wp-content\/uploads\/2023\/12\/CONNEXION-1-2-768x554.jpg\" \/>\n<meta name=\"twitter:card\" content=\"summary_large_image\" \/>\n<meta name=\"twitter:label1\" content=\"Tiempo de lectura\" \/>\n\t<meta name=\"twitter:data1\" content=\"3 minutos\" \/>\n<script type=\"application\/ld+json\" class=\"yoast-schema-graph\">{\"@context\":\"https:\/\/schema.org\",\"@graph\":[{\"@type\":\"WebPage\",\"@id\":\"https:\/\/yestothenet.com\/reference-e-leclerc\/\",\"url\":\"https:\/\/yestothenet.com\/reference-e-leclerc\/\",\"name\":\"Nos r\u00e9f\u00e9rences E.Leclerc \u2013 L'agence YES TO THE NET\",\"isPartOf\":{\"@id\":\"https:\/\/yestothenet.com\/#website\"},\"primaryImageOfPage\":{\"@id\":\"https:\/\/yestothenet.com\/reference-e-leclerc\/#primaryimage\"},\"image\":{\"@id\":\"https:\/\/yestothenet.com\/reference-e-leclerc\/#primaryimage\"},\"thumbnailUrl\":\"https:\/\/yestothenet.com\/wp-content\/uploads\/2023\/12\/CONNEXION-1-2-768x554.jpg\",\"datePublished\":\"2023-12-18T15:29:23+00:00\",\"dateModified\":\"2024-03-05T11:46:01+00:00\",\"description\":\"D\u00e9couvrez nos r\u00e9f\u00e9rences de la marque E.Leclerc. Sollicitez de savoir-faire de votre agence de communication YES TO THE NET.\",\"breadcrumb\":{\"@id\":\"https:\/\/yestothenet.com\/reference-e-leclerc\/#breadcrumb\"},\"inLanguage\":\"es\",\"potentialAction\":[{\"@type\":\"ReadAction\",\"target\":[\"https:\/\/yestothenet.com\/reference-e-leclerc\/\"]}]},{\"@type\":\"ImageObject\",\"inLanguage\":\"es\",\"@id\":\"https:\/\/yestothenet.com\/reference-e-leclerc\/#primaryimage\",\"url\":\"https:\/\/yestothenet.com\/wp-content\/uploads\/2023\/12\/CONNEXION-1-2-768x554.jpg\",\"contentUrl\":\"https:\/\/yestothenet.com\/wp-content\/uploads\/2023\/12\/CONNEXION-1-2-768x554.jpg\"},{\"@type\":\"BreadcrumbList\",\"@id\":\"https:\/\/yestothenet.com\/reference-e-leclerc\/#breadcrumb\",\"itemListElement\":[{\"@type\":\"ListItem\",\"position\":1,\"name\":\"Accueil\",\"item\":\"https:\/\/yestothenet.com\/\"},{\"@type\":\"ListItem\",\"position\":2,\"name\":\"r\u00e9f\u00e9rence E.Leclerc\"}]},{\"@type\":\"WebSite\",\"@id\":\"https:\/\/yestothenet.com\/#website\",\"url\":\"https:\/\/yestothenet.com\/\",\"name\":\"YES TO THE NET\",\"description\":\"Votre agence de communication \u00e0 Marrakech\",\"publisher\":{\"@id\":\"https:\/\/yestothenet.com\/#organization\"},\"potentialAction\":[{\"@type\":\"SearchAction\",\"target\":{\"@type\":\"EntryPoint\",\"urlTemplate\":\"https:\/\/yestothenet.com\/?s={search_term_string}\"},\"query-input\":{\"@type\":\"PropertyValueSpecification\",\"valueRequired\":true,\"valueName\":\"search_term_string\"}}],\"inLanguage\":\"es\"},{\"@type\":\"Organization\",\"@id\":\"https:\/\/yestothenet.com\/#organization\",\"name\":\"YES TO THE NET\",\"url\":\"https:\/\/yestothenet.com\/\",\"logo\":{\"@type\":\"ImageObject\",\"inLanguage\":\"es\",\"@id\":\"https:\/\/yestothenet.com\/#\/schema\/logo\/image\/\",\"url\":\"https:\/\/yestothenet.com\/wp-content\/uploads\/2024\/02\/cropped-YES_THE_TO_NET-removebg-preview.png\",\"contentUrl\":\"https:\/\/yestothenet.com\/wp-content\/uploads\/2024\/02\/cropped-YES_THE_TO_NET-removebg-preview.png\",\"width\":512,\"height\":512,\"caption\":\"YES TO THE NET\"},\"image\":{\"@id\":\"https:\/\/yestothenet.com\/#\/schema\/logo\/image\/\"},\"sameAs\":[\"https:\/\/www.instagram.com\/yestothenet\/\"]}]}<\/script>\n<!-- \/ Yoast SEO plugin. -->","yoast_head_json":{"title":"Nos r\u00e9f\u00e9rences E.Leclerc \u2013 L'agence YES TO THE NET","description":"D\u00e9couvrez nos r\u00e9f\u00e9rences de la marque E.Leclerc. Sollicitez de savoir-faire de votre agence de communication YES TO THE NET.","robots":{"index":"index","follow":"follow","max-snippet":"max-snippet:-1","max-image-preview":"max-image-preview:large","max-video-preview":"max-video-preview:-1"},"canonical":"https:\/\/yestothenet.com\/es\/reference-e-leclerc\/","og_locale":"es_ES","og_type":"article","og_title":"Nos r\u00e9f\u00e9rences E.Leclerc \u2013 L'agence YES TO THE NET","og_description":"D\u00e9couvrez nos r\u00e9f\u00e9rences de la marque E.Leclerc. Sollicitez de savoir-faire de votre agence de communication YES TO THE NET.","og_url":"https:\/\/yestothenet.com\/es\/reference-e-leclerc\/","og_site_name":"Yes To The Net","article_publisher":"https:\/\/www.instagram.com\/yestothenet\/","article_modified_time":"2024-03-05T11:46:01+00:00","og_image":[{"url":"https:\/\/yestothenet.com\/wp-content\/uploads\/2023\/12\/CONNEXION-1-2-768x554.jpg"}],"twitter_card":"summary_large_image","twitter_misc":{"Tiempo de lectura":"3 minutos"},"schema":{"@context":"https:\/\/schema.org","@graph":[{"@type":"WebPage","@id":"https:\/\/yestothenet.com\/reference-e-leclerc\/","url":"https:\/\/yestothenet.com\/reference-e-leclerc\/","name":"Nos r\u00e9f\u00e9rences E.Leclerc \u2013 L'agence YES TO THE NET","isPartOf":{"@id":"https:\/\/yestothenet.com\/#website"},"primaryImageOfPage":{"@id":"https:\/\/yestothenet.com\/reference-e-leclerc\/#primaryimage"},"image":{"@id":"https:\/\/yestothenet.com\/reference-e-leclerc\/#primaryimage"},"thumbnailUrl":"https:\/\/yestothenet.com\/wp-content\/uploads\/2023\/12\/CONNEXION-1-2-768x554.jpg","datePublished":"2023-12-18T15:29:23+00:00","dateModified":"2024-03-05T11:46:01+00:00","description":"D\u00e9couvrez nos r\u00e9f\u00e9rences de la marque E.Leclerc. Sollicitez de savoir-faire de votre agence de communication YES TO THE NET.","breadcrumb":{"@id":"https:\/\/yestothenet.com\/reference-e-leclerc\/#breadcrumb"},"inLanguage":"es","potentialAction":[{"@type":"ReadAction","target":["https:\/\/yestothenet.com\/reference-e-leclerc\/"]}]},{"@type":"ImageObject","inLanguage":"es","@id":"https:\/\/yestothenet.com\/reference-e-leclerc\/#primaryimage","url":"https:\/\/yestothenet.com\/wp-content\/uploads\/2023\/12\/CONNEXION-1-2-768x554.jpg","contentUrl":"https:\/\/yestothenet.com\/wp-content\/uploads\/2023\/12\/CONNEXION-1-2-768x554.jpg"},{"@type":"BreadcrumbList","@id":"https:\/\/yestothenet.com\/reference-e-leclerc\/#breadcrumb","itemListElement":[{"@type":"ListItem","position":1,"name":"Accueil","item":"https:\/\/yestothenet.com\/"},{"@type":"ListItem","position":2,"name":"r\u00e9f\u00e9rence E.Leclerc"}]},{"@type":"WebSite","@id":"https:\/\/yestothenet.com\/#website","url":"https:\/\/yestothenet.com\/","name":"YES TO THE NET","description":"Votre agence de communication \u00e0 Marrakech","publisher":{"@id":"https:\/\/yestothenet.com\/#organization"},"potentialAction":[{"@type":"SearchAction","target":{"@type":"EntryPoint","urlTemplate":"https:\/\/yestothenet.com\/?s={search_term_string}"},"query-input":{"@type":"PropertyValueSpecification","valueRequired":true,"valueName":"search_term_string"}}],"inLanguage":"es"},{"@type":"Organization","@id":"https:\/\/yestothenet.com\/#organization","name":"YES TO THE NET","url":"https:\/\/yestothenet.com\/","logo":{"@type":"ImageObject","inLanguage":"es","@id":"https:\/\/yestothenet.com\/#\/schema\/logo\/image\/","url":"https:\/\/yestothenet.com\/wp-content\/uploads\/2024\/02\/cropped-YES_THE_TO_NET-removebg-preview.png","contentUrl":"https:\/\/yestothenet.com\/wp-content\/uploads\/2024\/02\/cropped-YES_THE_TO_NET-removebg-preview.png","width":512,"height":512,"caption":"YES TO THE NET"},"image":{"@id":"https:\/\/yestothenet.com\/#\/schema\/logo\/image\/"},"sameAs":["https:\/\/www.instagram.com\/yestothenet\/"]}]}},"_links":{"self":[{"href":"https:\/\/yestothenet.com\/es\/wp-json\/wp\/v2\/pages\/6722","targetHints":{"allow":["GET"]}}],"collection":[{"href":"https:\/\/yestothenet.com\/es\/wp-json\/wp\/v2\/pages"}],"about":[{"href":"https:\/\/yestothenet.com\/es\/wp-json\/wp\/v2\/types\/page"}],"author":[{"embeddable":true,"href":"https:\/\/yestothenet.com\/es\/wp-json\/wp\/v2\/users\/1"}],"replies":[{"embeddable":true,"href":"https:\/\/yestothenet.com\/es\/wp-json\/wp\/v2\/comments?post=6722"}],"version-history":[{"count":10,"href":"https:\/\/yestothenet.com\/es\/wp-json\/wp\/v2\/pages\/6722\/revisions"}],"predecessor-version":[{"id":7445,"href":"https:\/\/yestothenet.com\/es\/wp-json\/wp\/v2\/pages\/6722\/revisions\/7445"}],"wp:attachment":[{"href":"https:\/\/yestothenet.com\/es\/wp-json\/wp\/v2\/media?parent=6722"}],"curies":[{"name":"wp","href":"https:\/\/api.w.org\/{rel}","templated":true}]}}