{"id":6699,"date":"2023-12-18T16:05:27","date_gmt":"2023-12-18T15:05:27","guid":{"rendered":"https:\/\/yestothenet.com\/?page_id=6699"},"modified":"2024-03-05T12:44:03","modified_gmt":"2024-03-05T11:44:03","slug":"reference-panofrance","status":"publish","type":"page","link":"https:\/\/yestothenet.com\/es\/referencia-de-panofrance\/","title":{"rendered":"Referencia de PanoFrance"},"content":{"rendered":"<div data-elementor-type=\"wp-page\" data-elementor-id=\"6699\" class=\"elementor elementor-6699\" data-elementor-post-type=\"page\">\n\t\t\t\t\t\t<section class=\"elementor-section elementor-top-section elementor-element elementor-element-b5bfc17 ot-traditional elementor-section-boxed elementor-section-height-default elementor-section-height-default\" data-id=\"b5bfc17\" data-element_type=\"section\">\n\t\t\t\t\t\t<div class=\"elementor-container elementor-column-gap-default\">\n\t\t\t\t\t<div class=\"elementor-column elementor-col-100 elementor-top-column elementor-element elementor-element-d7c3cd6 ot-flex-column-vertical\" data-id=\"d7c3cd6\" data-element_type=\"column\">\n\t\t\t<div class=\"elementor-widget-wrap elementor-element-populated\">\n\t\t\t\t\t\t<div class=\"elementor-element elementor-element-3b3cd83 elementor-widget elementor-widget-button\" data-id=\"3b3cd83\" data-element_type=\"widget\" data-widget_type=\"button.default\">\n\t\t\t\t<div class=\"elementor-widget-container\">\n\t\t\t\t\t<div class=\"elementor-button-wrapper\">\n\t\t\t<a class=\"elementor-button elementor-button-link elementor-size-lg\" href=\"https:\/\/yestothenet.com\/es\/referencias\/\">\n\t\t\t\t\t\t<span class=\"elementor-button-content-wrapper\">\n\t\t\t\t\t\t<span class=\"elementor-button-icon\">\n\t\t\t\t<i aria-hidden=\"true\" class=\"fas fa-angle-left\"><\/i>\t\t\t<\/span>\n\t\t\t\t\t\t\t\t<\/span>\n\t\t\t\t\t<\/a>\n\t\t<\/div>\n\t\t\t\t<\/div>\n\t\t\t\t<\/div>\n\t\t\t\t\t<\/div>\n\t\t<\/div>\n\t\t\t\t\t<\/div>\n\t\t<\/section>\n\t\t\t\t<section class=\"elementor-section elementor-top-section elementor-element elementor-element-e3ad48e ot-traditional elementor-section-boxed elementor-section-height-default elementor-section-height-default\" data-id=\"e3ad48e\" data-element_type=\"section\">\n\t\t\t\t\t\t<div class=\"elementor-container elementor-column-gap-default\">\n\t\t\t\t\t<div class=\"elementor-column elementor-col-100 elementor-top-column elementor-element elementor-element-d02fae9 ot-flex-column-vertical\" data-id=\"d02fae9\" data-element_type=\"column\">\n\t\t\t<div class=\"elementor-widget-wrap elementor-element-populated\">\n\t\t\t\t\t\t<div class=\"elementor-element elementor-element-972ad14 elementor-widget elementor-widget-iheading\" data-id=\"972ad14\" data-element_type=\"widget\" data-widget_type=\"iheading.default\">\n\t\t\t\t<div class=\"elementor-widget-container\">\n\t\t\t\t\t<div class=\"ot-heading\">\r\n\t        <h1 class=\"main-heading\">PanoFrance: Reinventando la comunicaci\u00f3n en la distribuci\u00f3n de la construcci\u00f3n<\/h1>\t    <\/div>\r\n\t    \t\t<\/div>\n\t\t\t\t<\/div>\n\t\t\t\t\t<\/div>\n\t\t<\/div>\n\t\t\t\t\t<\/div>\n\t\t<\/section>\n\t\t\t\t<section class=\"elementor-section elementor-top-section elementor-element elementor-element-d7f7c5b ot-traditional elementor-section-boxed elementor-section-height-default elementor-section-height-default\" data-id=\"d7f7c5b\" data-element_type=\"section\">\n\t\t\t\t\t\t<div class=\"elementor-container elementor-column-gap-default\">\n\t\t\t\t\t<div class=\"elementor-column elementor-col-100 elementor-top-column elementor-element elementor-element-71d971e ot-flex-column-vertical\" data-id=\"71d971e\" data-element_type=\"column\">\n\t\t\t<div class=\"elementor-widget-wrap elementor-element-populated\">\n\t\t\t\t\t\t<div class=\"elementor-element elementor-element-ddc38a7 elementor-widget elementor-widget-text-editor\" data-id=\"ddc38a7\" data-element_type=\"widget\" data-widget_type=\"text-editor.default\">\n\t\t\t\t<div class=\"elementor-widget-container\">\n\t\t\t\t\t\t\t<p>Nuestra colaboraci\u00f3n con BOIS &amp; MAT\u00c9RIAUX en su proyecto PanoFrance fue una aventura estimulante e innovadora. Nuestra misi\u00f3n consist\u00eda en desarrollar una serie de campa\u00f1as publicitarias, mejorar la presencia digital de la empresa en sitios web profesionales y redes sociales, promover las ventas y apoyar a las redes de distribuci\u00f3n del sector de la construcci\u00f3n.<\/p>\t\t\t\t\t\t<\/div>\n\t\t\t\t<\/div>\n\t\t\t\t\t<\/div>\n\t\t<\/div>\n\t\t\t\t\t<\/div>\n\t\t<\/section>\n\t\t\t\t<section class=\"elementor-section elementor-top-section elementor-element elementor-element-2db1430 elementor-section-content-middle ot-traditional elementor-section-boxed elementor-section-height-default elementor-section-height-default\" data-id=\"2db1430\" data-element_type=\"section\">\n\t\t\t\t\t\t<div class=\"elementor-container elementor-column-gap-default\">\n\t\t\t\t\t<div class=\"elementor-column elementor-col-100 elementor-top-column elementor-element elementor-element-9ca7f6d ot-flex-column-vertical\" data-id=\"9ca7f6d\" data-element_type=\"column\">\n\t\t\t<div class=\"elementor-widget-wrap elementor-element-populated\">\n\t\t\t\t\t\t<section class=\"elementor-section elementor-inner-section elementor-element elementor-element-ae21701 elementor-section-content-top elementor-section-full_width ot-traditional elementor-section-height-default elementor-section-height-default\" data-id=\"ae21701\" data-element_type=\"section\">\n\t\t\t\t\t\t<div class=\"elementor-container elementor-column-gap-extended\">\n\t\t\t\t\t<div class=\"elementor-column elementor-col-50 elementor-inner-column elementor-element elementor-element-78f9ac9 ot-flex-column-vertical\" data-id=\"78f9ac9\" data-element_type=\"column\">\n\t\t\t<div class=\"elementor-widget-wrap elementor-element-populated\">\n\t\t\t\t\t\t<div class=\"elementor-element elementor-element-25eb330 elementor-widget__width-initial elementor-widget elementor-widget-image\" data-id=\"25eb330\" data-element_type=\"widget\" data-widget_type=\"image.default\">\n\t\t\t\t<div class=\"elementor-widget-container\">\n\t\t\t\t\t\t\t\t\t\t\t\t\t<img fetchpriority=\"high\" decoding=\"async\" width=\"999\" height=\"1362\" src=\"https:\/\/yestothenet.com\/wp-content\/uploads\/2023\/12\/BRIPNF_Flyer_LeProgramme_1485x210_Nov2019_HD-copie_page-0001-1.jpg\" class=\"attachment-1536x1536 size-1536x1536 wp-image-6702\" alt=\"\" srcset=\"https:\/\/yestothenet.com\/wp-content\/uploads\/2023\/12\/BRIPNF_Flyer_LeProgramme_1485x210_Nov2019_HD-copie_page-0001-1.jpg 999w, https:\/\/yestothenet.com\/wp-content\/uploads\/2023\/12\/BRIPNF_Flyer_LeProgramme_1485x210_Nov2019_HD-copie_page-0001-1-220x300.jpg 220w, https:\/\/yestothenet.com\/wp-content\/uploads\/2023\/12\/BRIPNF_Flyer_LeProgramme_1485x210_Nov2019_HD-copie_page-0001-1-751x1024.jpg 751w, https:\/\/yestothenet.com\/wp-content\/uploads\/2023\/12\/BRIPNF_Flyer_LeProgramme_1485x210_Nov2019_HD-copie_page-0001-1-768x1047.jpg 768w, https:\/\/yestothenet.com\/wp-content\/uploads\/2023\/12\/BRIPNF_Flyer_LeProgramme_1485x210_Nov2019_HD-copie_page-0001-1-720x982.jpg 720w\" sizes=\"(max-width: 999px) 100vw, 999px\" \/>\t\t\t\t\t\t\t\t\t\t\t\t\t<\/div>\n\t\t\t\t<\/div>\n\t\t\t\t\t<\/div>\n\t\t<\/div>\n\t\t\t\t<div class=\"elementor-column elementor-col-50 elementor-inner-column elementor-element elementor-element-dce0f81 ot-flex-column-vertical\" data-id=\"dce0f81\" data-element_type=\"column\">\n\t\t\t<div class=\"elementor-widget-wrap elementor-element-populated\">\n\t\t\t\t\t\t<div class=\"elementor-element elementor-element-734d7ce elementor-widget__width-initial elementor-widget elementor-widget-text-editor\" data-id=\"734d7ce\" data-element_type=\"widget\" data-widget_type=\"text-editor.default\">\n\t\t\t\t<div class=\"elementor-widget-container\">\n\t\t\t\t\t\t\t<p style=\"text-align: center;\"><strong>Campa\u00f1as publicitarias a medida:<\/strong><\/p><p>Dise\u00f1amos campa\u00f1as publicitarias dirigidas directamente a los profesionales de la construcci\u00f3n. Mediante una combinaci\u00f3n de medios tradicionales y digitales, logramos maximizar la visibilidad de BOIS &amp; MAT\u00c9RIAUX y comunicar eficazmente su valor a\u00f1adido en el sector.<\/p><p style=\"text-align: center;\"><strong>Creaci\u00f3n y optimizaci\u00f3n digital:<\/strong><\/p><p>La creaci\u00f3n de sitios web y la gesti\u00f3n profesional de redes sociales fueron fundamentales para nuestra estrategia digital. Desarrollamos contenido relevante y atractivo para consolidar a BOIS &amp; MATERIALS como una empresa l\u00edder en el sector de la distribuci\u00f3n de la construcci\u00f3n, mejorando as\u00ed su visibilidad y reputaci\u00f3n online.<\/p><p style=\"text-align: center;\"><strong>Promoci\u00f3n de ventas:<\/strong><\/p><p>Mediante campa\u00f1as promocionales espec\u00edficas e iniciativas de marketing directo, impulsamos las ventas y aumentamos el inter\u00e9s en los productos y servicios de BOIS &amp; MAT\u00c9RIAUX. Nos centramos en crear promociones atractivas que impulsaran la acci\u00f3n y fomentaran la fidelizaci\u00f3n del cliente.<\/p>\t\t\t\t\t\t<\/div>\n\t\t\t\t<\/div>\n\t\t\t\t\t<\/div>\n\t\t<\/div>\n\t\t\t\t\t<\/div>\n\t\t<\/section>\n\t\t\t\t\t<\/div>\n\t\t<\/div>\n\t\t\t\t\t<\/div>\n\t\t<\/section>\n\t\t\t\t<section class=\"elementor-section elementor-top-section elementor-element elementor-element-bdb0ffc ot-traditional elementor-section-boxed elementor-section-height-default elementor-section-height-default\" data-id=\"bdb0ffc\" data-element_type=\"section\">\n\t\t\t\t\t\t<div class=\"elementor-container elementor-column-gap-default\">\n\t\t\t\t\t<div class=\"elementor-column elementor-col-50 elementor-top-column elementor-element elementor-element-9cc0bda ot-flex-column-vertical\" data-id=\"9cc0bda\" data-element_type=\"column\">\n\t\t\t<div class=\"elementor-widget-wrap elementor-element-populated\">\n\t\t\t\t\t\t<div class=\"elementor-element elementor-element-29b9a5b elementor-widget elementor-widget-text-editor\" data-id=\"29b9a5b\" data-element_type=\"widget\" data-widget_type=\"text-editor.default\">\n\t\t\t\t<div class=\"elementor-widget-container\">\n\t\t\t\t\t\t\t<p style=\"text-align: center;\"><strong>Animaci\u00f3n de red:<\/strong><\/p><p>La participaci\u00f3n de nuestras redes de distribuci\u00f3n ha sido un aspecto clave de nuestro trabajo. Hemos implementado eventos, capacitaciones y comunicaciones regulares para mantener la participaci\u00f3n de los distribuidores y fortalecer su conexi\u00f3n con la marca BOIS &amp; MAT\u00c9RIAUX.<\/p><p style=\"text-align: center;\"><strong>Impacto y resultados:<\/strong><\/p><p>La campa\u00f1a de PanoFrance increment\u00f3 significativamente el conocimiento y la presencia de BOIS &amp; MAT\u00c9RIAUX en el sector de la distribuci\u00f3n de la construcci\u00f3n. Observamos un aumento notable en la interacci\u00f3n con los clientes, una mejor visibilidad en l\u00ednea y un crecimiento de las ventas. Los comentarios positivos de clientes y distribuidores demuestran la eficacia de nuestras estrategias.<\/p><p style=\"text-align: center;\"><strong>Conclusi\u00f3n<\/strong> :<\/p><p>Este proyecto demostr\u00f3 nuestra capacidad para combinar creatividad, estrategia digital y t\u00e9cnicas de ventas para obtener resultados tangibles en un sector exigente. Nos enorgullece haber apoyado a BOIS &amp; MAT\u00c9RIAUX en este desarrollo y esperamos futuras colaboraciones fruct\u00edferas.<\/p>\t\t\t\t\t\t<\/div>\n\t\t\t\t<\/div>\n\t\t\t\t\t<\/div>\n\t\t<\/div>\n\t\t\t\t<div class=\"elementor-column elementor-col-50 elementor-top-column elementor-element elementor-element-fc7e229 ot-flex-column-vertical\" data-id=\"fc7e229\" data-element_type=\"column\">\n\t\t\t<div class=\"elementor-widget-wrap elementor-element-populated\">\n\t\t\t\t\t\t<div class=\"elementor-element elementor-element-85fe059 elementor-widget__width-initial elementor-widget elementor-widget-image\" data-id=\"85fe059\" data-element_type=\"widget\" data-widget_type=\"image.default\">\n\t\t\t\t<div class=\"elementor-widget-container\">\n\t\t\t\t\t\t\t\t\t\t\t\t\t<img decoding=\"async\" width=\"999\" height=\"1362\" src=\"https:\/\/yestothenet.com\/wp-content\/uploads\/2023\/12\/BRIPNF_Flyer_LeProgramme_1485x210_Nov2019_HD-copie_page-0002.jpg\" class=\"attachment-1536x1536 size-1536x1536 wp-image-6703\" alt=\"\" srcset=\"https:\/\/yestothenet.com\/wp-content\/uploads\/2023\/12\/BRIPNF_Flyer_LeProgramme_1485x210_Nov2019_HD-copie_page-0002.jpg 999w, https:\/\/yestothenet.com\/wp-content\/uploads\/2023\/12\/BRIPNF_Flyer_LeProgramme_1485x210_Nov2019_HD-copie_page-0002-220x300.jpg 220w, https:\/\/yestothenet.com\/wp-content\/uploads\/2023\/12\/BRIPNF_Flyer_LeProgramme_1485x210_Nov2019_HD-copie_page-0002-751x1024.jpg 751w, https:\/\/yestothenet.com\/wp-content\/uploads\/2023\/12\/BRIPNF_Flyer_LeProgramme_1485x210_Nov2019_HD-copie_page-0002-768x1047.jpg 768w, https:\/\/yestothenet.com\/wp-content\/uploads\/2023\/12\/BRIPNF_Flyer_LeProgramme_1485x210_Nov2019_HD-copie_page-0002-720x982.jpg 720w\" sizes=\"(max-width: 999px) 100vw, 999px\" \/>\t\t\t\t\t\t\t\t\t\t\t\t\t<\/div>\n\t\t\t\t<\/div>\n\t\t\t\t\t<\/div>\n\t\t<\/div>\n\t\t\t\t\t<\/div>\n\t\t<\/section>\n\t\t\t\t<\/div>","protected":false},"excerpt":{"rendered":"<p>PanoFrance : R\u00e9inventer la Communication dans la Distribution BTP Notre collaboration avec BOIS &amp; MAT\u00c9RIAUX pour leur projet PanoFrance a \u00e9t\u00e9 une aventure stimulante et innovante. Notre mission \u00e9tait de d\u00e9velopper une s\u00e9rie de campagnes publicitaires, d&rsquo;enrichir la pr\u00e9sence num\u00e9rique sur les sites et les r\u00e9seaux sociaux professionnels, de promouvoir les ventes et d&rsquo;animer les [&hellip;]<\/p>","protected":false},"author":1,"featured_media":0,"parent":0,"menu_order":0,"comment_status":"closed","ping_status":"closed","template":"","meta":{"footnotes":""},"class_list":["post-6699","page","type-page","status-publish","hentry"],"yoast_head":"<!-- This site is optimized with the Yoast SEO plugin v23.6 - https:\/\/yoast.com\/wordpress\/plugins\/seo\/ -->\n<title>Nos r\u00e9f\u00e9rences PanoFrance \u2013 L&#039;agence YES TO THE NET<\/title>\n<meta name=\"description\" content=\"D\u00e9couvrez nos r\u00e9f\u00e9rences de la marque PanoFrance. Sollicitez de savoir-faire de votre agence de communication YES TO THE NET.\" \/>\n<meta name=\"robots\" content=\"index, follow, max-snippet:-1, max-image-preview:large, max-video-preview:-1\" \/>\n<link rel=\"canonical\" href=\"https:\/\/yestothenet.com\/es\/referencia-de-panofrance\/\" \/>\n<meta property=\"og:locale\" content=\"es_ES\" \/>\n<meta property=\"og:type\" content=\"article\" \/>\n<meta property=\"og:title\" content=\"Nos r\u00e9f\u00e9rences PanoFrance \u2013 L&#039;agence YES TO THE NET\" \/>\n<meta property=\"og:description\" content=\"D\u00e9couvrez nos r\u00e9f\u00e9rences de la marque PanoFrance. Sollicitez de savoir-faire de votre agence de communication YES TO THE NET.\" \/>\n<meta property=\"og:url\" content=\"https:\/\/yestothenet.com\/es\/referencia-de-panofrance\/\" \/>\n<meta property=\"og:site_name\" content=\"Yes To The Net\" \/>\n<meta property=\"article:publisher\" content=\"https:\/\/www.instagram.com\/yestothenet\/\" \/>\n<meta property=\"article:modified_time\" content=\"2024-03-05T11:44:03+00:00\" \/>\n<meta property=\"og:image\" content=\"https:\/\/yestothenet.com\/wp-content\/uploads\/2023\/12\/BRIPNF_Flyer_LeProgramme_1485x210_Nov2019_HD-copie_page-0001-1.jpg\" \/>\n<meta name=\"twitter:card\" content=\"summary_large_image\" \/>\n<meta name=\"twitter:label1\" content=\"Tiempo de lectura\" \/>\n\t<meta name=\"twitter:data1\" content=\"3 minutos\" \/>\n<script type=\"application\/ld+json\" class=\"yoast-schema-graph\">{\"@context\":\"https:\/\/schema.org\",\"@graph\":[{\"@type\":\"WebPage\",\"@id\":\"https:\/\/yestothenet.com\/reference-panofrance\/\",\"url\":\"https:\/\/yestothenet.com\/reference-panofrance\/\",\"name\":\"Nos r\u00e9f\u00e9rences PanoFrance \u2013 L'agence YES TO THE NET\",\"isPartOf\":{\"@id\":\"https:\/\/yestothenet.com\/#website\"},\"primaryImageOfPage\":{\"@id\":\"https:\/\/yestothenet.com\/reference-panofrance\/#primaryimage\"},\"image\":{\"@id\":\"https:\/\/yestothenet.com\/reference-panofrance\/#primaryimage\"},\"thumbnailUrl\":\"https:\/\/yestothenet.com\/wp-content\/uploads\/2023\/12\/BRIPNF_Flyer_LeProgramme_1485x210_Nov2019_HD-copie_page-0001-1.jpg\",\"datePublished\":\"2023-12-18T15:05:27+00:00\",\"dateModified\":\"2024-03-05T11:44:03+00:00\",\"description\":\"D\u00e9couvrez nos r\u00e9f\u00e9rences de la marque PanoFrance. Sollicitez de savoir-faire de votre agence de communication YES TO THE NET.\",\"breadcrumb\":{\"@id\":\"https:\/\/yestothenet.com\/reference-panofrance\/#breadcrumb\"},\"inLanguage\":\"es\",\"potentialAction\":[{\"@type\":\"ReadAction\",\"target\":[\"https:\/\/yestothenet.com\/reference-panofrance\/\"]}]},{\"@type\":\"ImageObject\",\"inLanguage\":\"es\",\"@id\":\"https:\/\/yestothenet.com\/reference-panofrance\/#primaryimage\",\"url\":\"https:\/\/yestothenet.com\/wp-content\/uploads\/2023\/12\/BRIPNF_Flyer_LeProgramme_1485x210_Nov2019_HD-copie_page-0001-1.jpg\",\"contentUrl\":\"https:\/\/yestothenet.com\/wp-content\/uploads\/2023\/12\/BRIPNF_Flyer_LeProgramme_1485x210_Nov2019_HD-copie_page-0001-1.jpg\"},{\"@type\":\"BreadcrumbList\",\"@id\":\"https:\/\/yestothenet.com\/reference-panofrance\/#breadcrumb\",\"itemListElement\":[{\"@type\":\"ListItem\",\"position\":1,\"name\":\"Accueil\",\"item\":\"https:\/\/yestothenet.com\/\"},{\"@type\":\"ListItem\",\"position\":2,\"name\":\"r\u00e9f\u00e9rence PanoFrance\"}]},{\"@type\":\"WebSite\",\"@id\":\"https:\/\/yestothenet.com\/#website\",\"url\":\"https:\/\/yestothenet.com\/\",\"name\":\"YES TO THE NET\",\"description\":\"Votre agence de communication \u00e0 Marrakech\",\"publisher\":{\"@id\":\"https:\/\/yestothenet.com\/#organization\"},\"potentialAction\":[{\"@type\":\"SearchAction\",\"target\":{\"@type\":\"EntryPoint\",\"urlTemplate\":\"https:\/\/yestothenet.com\/?s={search_term_string}\"},\"query-input\":{\"@type\":\"PropertyValueSpecification\",\"valueRequired\":true,\"valueName\":\"search_term_string\"}}],\"inLanguage\":\"es\"},{\"@type\":\"Organization\",\"@id\":\"https:\/\/yestothenet.com\/#organization\",\"name\":\"YES TO THE NET\",\"url\":\"https:\/\/yestothenet.com\/\",\"logo\":{\"@type\":\"ImageObject\",\"inLanguage\":\"es\",\"@id\":\"https:\/\/yestothenet.com\/#\/schema\/logo\/image\/\",\"url\":\"https:\/\/yestothenet.com\/wp-content\/uploads\/2024\/02\/cropped-YES_THE_TO_NET-removebg-preview.png\",\"contentUrl\":\"https:\/\/yestothenet.com\/wp-content\/uploads\/2024\/02\/cropped-YES_THE_TO_NET-removebg-preview.png\",\"width\":512,\"height\":512,\"caption\":\"YES TO THE NET\"},\"image\":{\"@id\":\"https:\/\/yestothenet.com\/#\/schema\/logo\/image\/\"},\"sameAs\":[\"https:\/\/www.instagram.com\/yestothenet\/\"]}]}<\/script>\n<!-- \/ Yoast SEO plugin. -->","yoast_head_json":{"title":"Nos r\u00e9f\u00e9rences PanoFrance \u2013 L'agence YES TO THE NET","description":"D\u00e9couvrez nos r\u00e9f\u00e9rences de la marque PanoFrance. Sollicitez de savoir-faire de votre agence de communication YES TO THE NET.","robots":{"index":"index","follow":"follow","max-snippet":"max-snippet:-1","max-image-preview":"max-image-preview:large","max-video-preview":"max-video-preview:-1"},"canonical":"https:\/\/yestothenet.com\/es\/referencia-de-panofrance\/","og_locale":"es_ES","og_type":"article","og_title":"Nos r\u00e9f\u00e9rences PanoFrance \u2013 L'agence YES TO THE NET","og_description":"D\u00e9couvrez nos r\u00e9f\u00e9rences de la marque PanoFrance. Sollicitez de savoir-faire de votre agence de communication YES TO THE NET.","og_url":"https:\/\/yestothenet.com\/es\/referencia-de-panofrance\/","og_site_name":"Yes To The Net","article_publisher":"https:\/\/www.instagram.com\/yestothenet\/","article_modified_time":"2024-03-05T11:44:03+00:00","og_image":[{"url":"https:\/\/yestothenet.com\/wp-content\/uploads\/2023\/12\/BRIPNF_Flyer_LeProgramme_1485x210_Nov2019_HD-copie_page-0001-1.jpg"}],"twitter_card":"summary_large_image","twitter_misc":{"Tiempo de lectura":"3 minutos"},"schema":{"@context":"https:\/\/schema.org","@graph":[{"@type":"WebPage","@id":"https:\/\/yestothenet.com\/reference-panofrance\/","url":"https:\/\/yestothenet.com\/reference-panofrance\/","name":"Nos r\u00e9f\u00e9rences PanoFrance \u2013 L'agence YES TO THE NET","isPartOf":{"@id":"https:\/\/yestothenet.com\/#website"},"primaryImageOfPage":{"@id":"https:\/\/yestothenet.com\/reference-panofrance\/#primaryimage"},"image":{"@id":"https:\/\/yestothenet.com\/reference-panofrance\/#primaryimage"},"thumbnailUrl":"https:\/\/yestothenet.com\/wp-content\/uploads\/2023\/12\/BRIPNF_Flyer_LeProgramme_1485x210_Nov2019_HD-copie_page-0001-1.jpg","datePublished":"2023-12-18T15:05:27+00:00","dateModified":"2024-03-05T11:44:03+00:00","description":"D\u00e9couvrez nos r\u00e9f\u00e9rences de la marque PanoFrance. Sollicitez de savoir-faire de votre agence de communication YES TO THE NET.","breadcrumb":{"@id":"https:\/\/yestothenet.com\/reference-panofrance\/#breadcrumb"},"inLanguage":"es","potentialAction":[{"@type":"ReadAction","target":["https:\/\/yestothenet.com\/reference-panofrance\/"]}]},{"@type":"ImageObject","inLanguage":"es","@id":"https:\/\/yestothenet.com\/reference-panofrance\/#primaryimage","url":"https:\/\/yestothenet.com\/wp-content\/uploads\/2023\/12\/BRIPNF_Flyer_LeProgramme_1485x210_Nov2019_HD-copie_page-0001-1.jpg","contentUrl":"https:\/\/yestothenet.com\/wp-content\/uploads\/2023\/12\/BRIPNF_Flyer_LeProgramme_1485x210_Nov2019_HD-copie_page-0001-1.jpg"},{"@type":"BreadcrumbList","@id":"https:\/\/yestothenet.com\/reference-panofrance\/#breadcrumb","itemListElement":[{"@type":"ListItem","position":1,"name":"Accueil","item":"https:\/\/yestothenet.com\/"},{"@type":"ListItem","position":2,"name":"r\u00e9f\u00e9rence PanoFrance"}]},{"@type":"WebSite","@id":"https:\/\/yestothenet.com\/#website","url":"https:\/\/yestothenet.com\/","name":"YES TO THE NET","description":"Votre agence de communication \u00e0 Marrakech","publisher":{"@id":"https:\/\/yestothenet.com\/#organization"},"potentialAction":[{"@type":"SearchAction","target":{"@type":"EntryPoint","urlTemplate":"https:\/\/yestothenet.com\/?s={search_term_string}"},"query-input":{"@type":"PropertyValueSpecification","valueRequired":true,"valueName":"search_term_string"}}],"inLanguage":"es"},{"@type":"Organization","@id":"https:\/\/yestothenet.com\/#organization","name":"YES TO THE NET","url":"https:\/\/yestothenet.com\/","logo":{"@type":"ImageObject","inLanguage":"es","@id":"https:\/\/yestothenet.com\/#\/schema\/logo\/image\/","url":"https:\/\/yestothenet.com\/wp-content\/uploads\/2024\/02\/cropped-YES_THE_TO_NET-removebg-preview.png","contentUrl":"https:\/\/yestothenet.com\/wp-content\/uploads\/2024\/02\/cropped-YES_THE_TO_NET-removebg-preview.png","width":512,"height":512,"caption":"YES TO THE NET"},"image":{"@id":"https:\/\/yestothenet.com\/#\/schema\/logo\/image\/"},"sameAs":["https:\/\/www.instagram.com\/yestothenet\/"]}]}},"_links":{"self":[{"href":"https:\/\/yestothenet.com\/es\/wp-json\/wp\/v2\/pages\/6699","targetHints":{"allow":["GET"]}}],"collection":[{"href":"https:\/\/yestothenet.com\/es\/wp-json\/wp\/v2\/pages"}],"about":[{"href":"https:\/\/yestothenet.com\/es\/wp-json\/wp\/v2\/types\/page"}],"author":[{"embeddable":true,"href":"https:\/\/yestothenet.com\/es\/wp-json\/wp\/v2\/users\/1"}],"replies":[{"embeddable":true,"href":"https:\/\/yestothenet.com\/es\/wp-json\/wp\/v2\/comments?post=6699"}],"version-history":[{"count":10,"href":"https:\/\/yestothenet.com\/es\/wp-json\/wp\/v2\/pages\/6699\/revisions"}],"predecessor-version":[{"id":7421,"href":"https:\/\/yestothenet.com\/es\/wp-json\/wp\/v2\/pages\/6699\/revisions\/7421"}],"wp:attachment":[{"href":"https:\/\/yestothenet.com\/es\/wp-json\/wp\/v2\/media?parent=6699"}],"curies":[{"name":"wp","href":"https:\/\/api.w.org\/{rel}","templated":true}]}}