{"id":6406,"date":"2023-12-12T21:05:31","date_gmt":"2023-12-12T20:05:31","guid":{"rendered":"https:\/\/yestothenet.com\/?page_id=6406"},"modified":"2023-12-12T21:10:40","modified_gmt":"2023-12-12T20:10:40","slug":"conception-graphique-marrakech-safi-chichaoua-ben-guerir-settat","status":"publish","type":"page","link":"https:\/\/yestothenet.com\/es\/conception-graphique-marrakech-safi-chichaoua-ben-guerir-settat\/","title":{"rendered":"&#8230; Conception graphique Marrakech, Safi, Chichaoua, Ben Guerir, Settat"},"content":{"rendered":"<div data-elementor-type=\"wp-page\" data-elementor-id=\"6406\" class=\"elementor elementor-6406\" data-elementor-post-type=\"page\">\n\t\t\t\t\t\t<section class=\"elementor-section elementor-top-section elementor-element elementor-element-2db1430 elementor-section-content-middle ot-traditional elementor-section-boxed elementor-section-height-default elementor-section-height-default\" data-id=\"2db1430\" data-element_type=\"section\">\n\t\t\t\t\t\t<div class=\"elementor-container elementor-column-gap-default\">\n\t\t\t\t\t<div class=\"elementor-column elementor-col-100 elementor-top-column elementor-element elementor-element-9ca7f6d ot-flex-column-vertical\" data-id=\"9ca7f6d\" data-element_type=\"column\">\n\t\t\t<div class=\"elementor-widget-wrap elementor-element-populated\">\n\t\t\t\t\t\t<section class=\"elementor-section elementor-inner-section elementor-element elementor-element-ae21701 elementor-section-content-top elementor-section-full_width ot-traditional elementor-section-height-default elementor-section-height-default\" data-id=\"ae21701\" data-element_type=\"section\">\n\t\t\t\t\t\t<div class=\"elementor-container elementor-column-gap-extended\">\n\t\t\t\t\t<div class=\"elementor-column elementor-col-50 elementor-inner-column elementor-element elementor-element-78f9ac9 ot-flex-column-vertical\" data-id=\"78f9ac9\" data-element_type=\"column\">\n\t\t\t<div class=\"elementor-widget-wrap elementor-element-populated\">\n\t\t\t\t\t\t<div class=\"elementor-element elementor-element-25eb330 elementor-widget elementor-widget-image\" data-id=\"25eb330\" data-element_type=\"widget\" data-widget_type=\"image.default\">\n\t\t\t\t<div class=\"elementor-widget-container\">\n\t\t\t\t\t\t\t\t\t\t\t\t\t<img fetchpriority=\"high\" decoding=\"async\" width=\"531\" height=\"359\" src=\"https:\/\/yestothenet.com\/wp-content\/uploads\/2023\/12\/Conception-graphique-Marrakech-Safi-Chichaoua-Ben-Guerir-Settat.jpg\" class=\"attachment-large size-large wp-image-6409\" alt=\"Conception graphique Marrakech, Safi, Chichaoua, Ben Guerir, Settat\" srcset=\"https:\/\/yestothenet.com\/wp-content\/uploads\/2023\/12\/Conception-graphique-Marrakech-Safi-Chichaoua-Ben-Guerir-Settat.jpg 531w, https:\/\/yestothenet.com\/wp-content\/uploads\/2023\/12\/Conception-graphique-Marrakech-Safi-Chichaoua-Ben-Guerir-Settat-300x203.jpg 300w\" sizes=\"(max-width: 531px) 100vw, 531px\" \/>\t\t\t\t\t\t\t\t\t\t\t\t\t<\/div>\n\t\t\t\t<\/div>\n\t\t\t\t\t<\/div>\n\t\t<\/div>\n\t\t\t\t<div class=\"elementor-column elementor-col-50 elementor-inner-column elementor-element elementor-element-dce0f81 ot-flex-column-vertical\" data-id=\"dce0f81\" data-element_type=\"column\">\n\t\t\t<div class=\"elementor-widget-wrap elementor-element-populated\">\n\t\t\t\t\t\t<div class=\"elementor-element elementor-element-ea79d5e elementor-widget elementor-widget-iheading\" data-id=\"ea79d5e\" data-element_type=\"widget\" data-widget_type=\"iheading.default\">\n\t\t\t\t<div class=\"elementor-widget-container\">\n\t\t\t\t\t<div class=\"ot-heading\">\r\n\t        <h1 class=\"main-heading\">\nYES TO THE NET \u2013 Conception graphique Marrakech, Safi, Chichaoua, Ben Guerir, Settat<\/h1>\t    <\/div>\r\n\t    \t\t<\/div>\n\t\t\t\t<\/div>\n\t\t\t\t<div class=\"elementor-element elementor-element-734d7ce elementor-widget elementor-widget-text-editor\" data-id=\"734d7ce\" data-element_type=\"widget\" data-widget_type=\"text-editor.default\">\n\t\t\t\t<div class=\"elementor-widget-container\">\n\t\t\t\t\t\t\t<p>Dans un monde o\u00f9 l\u2019image est reine, chaque entreprise se doit de pr\u00e9senter une identit\u00e9 visuelle percutante et m\u00e9morable. YES TO THE NET, votre agence de communication d\u00e9di\u00e9e, comprend l\u2019importance cruciale d\u2019une <strong>conception graphique Marrakech, Safi, Chichaoua, Ben Guerir, Settat <\/strong>de qualit\u00e9 pour vous d\u00e9marquer dans l\u2019oc\u00e9an num\u00e9rique.<\/p><p>Sp\u00e9cialis\u00e9s dans la cr\u00e9ation d\u2019identit\u00e9s visuelles uniques et attrayantes, nous sommes le partenaire id\u00e9al pour transformer vos visions en r\u00e9alit\u00e9 visuelle.<\/p><p>Notre \u00e9quipe d&rsquo;experts en <strong><span style=\"color: #33cccc;\"><a style=\"color: #33cccc;\" href=\"https:\/\/yestothenet.com\/es\/diseno-grafico\/\">dise\u00f1o gr\u00e1fico<\/a><\/span> Marrakech, Saf\u00ed, Chichaoua, Ben Guerir, Settat<\/strong> est passionn\u00e9e par l\u2019innovation et la cr\u00e9ativit\u00e9. Nous combinons expertise technique et sensibilit\u00e9 artistique pour produire des designs qui captent non seulement l&rsquo;attention mais aussi l&rsquo;imagination.<\/p><p>Pour en apprendre plus sur notre service de <strong>conception graphique Marrakech, Safi, Chichaoua, Ben Guerir, Settat<\/strong> o para concertar una cita, ll\u00e1manos al <span style=\"color: #33cccc;\"><a style=\"color: #33cccc;\" href=\"tel:06 61 26 30 34\"><strong>06 61 26 30 34<\/strong><\/a><\/span> o complete el formulario de contacto. Nos pondremos en contacto con usted lo antes posible.<\/p>\t\t\t\t\t\t<\/div>\n\t\t\t\t<\/div>\n\t\t\t\t\t<\/div>\n\t\t<\/div>\n\t\t\t\t\t<\/div>\n\t\t<\/section>\n\t\t\t\t\t<\/div>\n\t\t<\/div>\n\t\t\t\t\t<\/div>\n\t\t<\/section>\n\t\t\t\t<section class=\"elementor-section elementor-top-section elementor-element elementor-element-30c462d ot-traditional elementor-section-boxed elementor-section-height-default elementor-section-height-default\" data-id=\"30c462d\" data-element_type=\"section\">\n\t\t\t\t\t\t<div class=\"elementor-container elementor-column-gap-default\">\n\t\t\t\t\t<div class=\"elementor-column elementor-col-100 elementor-top-column elementor-element elementor-element-c788162 ot-flex-column-vertical\" data-id=\"c788162\" data-element_type=\"column\">\n\t\t\t<div class=\"elementor-widget-wrap elementor-element-populated\">\n\t\t\t\t\t\t<section class=\"elementor-section elementor-inner-section elementor-element elementor-element-ab020ed elementor-section-full_width elementor-section-content-bottom ot-traditional elementor-section-height-default elementor-section-height-default\" data-id=\"ab020ed\" data-element_type=\"section\" data-settings=\"{&quot;background_background&quot;:&quot;classic&quot;}\">\n\t\t\t\t\t\t\t<div class=\"elementor-background-overlay\"><\/div>\n\t\t\t\t\t\t\t<div class=\"elementor-container elementor-column-gap-extended\">\n\t\t\t\t\t<div class=\"elementor-column elementor-col-50 elementor-inner-column elementor-element elementor-element-ffaaf2a ot-flex-column-vertical\" data-id=\"ffaaf2a\" data-element_type=\"column\">\n\t\t\t<div class=\"elementor-widget-wrap elementor-element-populated\">\n\t\t\t\t\t\t<div class=\"elementor-element elementor-element-5ff7ce1 elementor-widget elementor-widget-iheading\" data-id=\"5ff7ce1\" data-element_type=\"widget\" data-widget_type=\"iheading.default\">\n\t\t\t\t<div class=\"elementor-widget-container\">\n\t\t\t\t\t<div class=\"ot-heading\">\r\n\t        \t            <span>\/\/ En S\u00ed a la Red,<\/span>\r\n\t        <h2 class=\"main-heading\">Optimice su presencia online.<\/h2>\t    <\/div>\r\n\t    \t\t<\/div>\n\t\t\t\t<\/div>\n\t\t\t\t\t<\/div>\n\t\t<\/div>\n\t\t\t\t<div class=\"elementor-column elementor-col-50 elementor-inner-column elementor-element elementor-element-3fd82f3 ot-flex-column-vertical\" data-id=\"3fd82f3\" data-element_type=\"column\">\n\t\t\t<div class=\"elementor-widget-wrap elementor-element-populated\">\n\t\t\t\t\t\t<div class=\"elementor-element elementor-element-e146430 elementor-align-right elementor-mobile-align-left elementor-widget elementor-widget-button\" data-id=\"e146430\" data-element_type=\"widget\" data-widget_type=\"button.default\">\n\t\t\t\t<div class=\"elementor-widget-container\">\n\t\t\t\t\t<div class=\"elementor-button-wrapper\">\n\t\t\t<a class=\"elementor-button elementor-button-link elementor-size-md\" href=\"https:\/\/yestothenet.com\/es\/contacto\/\">\n\t\t\t\t\t\t<span class=\"elementor-button-content-wrapper\">\n\t\t\t\t\t\t\t\t\t<span class=\"elementor-button-text\">Cont\u00e1ctanos<\/span>\n\t\t\t\t\t<\/span>\n\t\t\t\t\t<\/a>\n\t\t<\/div>\n\t\t\t\t<\/div>\n\t\t\t\t<\/div>\n\t\t\t\t\t<\/div>\n\t\t<\/div>\n\t\t\t\t\t<\/div>\n\t\t<\/section>\n\t\t\t\t\t<\/div>\n\t\t<\/div>\n\t\t\t\t\t<\/div>\n\t\t<\/section>\n\t\t\t\t<section class=\"elementor-section elementor-top-section elementor-element elementor-element-81a82a5 ot-traditional elementor-section-boxed elementor-section-height-default elementor-section-height-default\" data-id=\"81a82a5\" data-element_type=\"section\" data-settings=\"{&quot;background_background&quot;:&quot;classic&quot;}\">\n\t\t\t\t\t\t\t<div class=\"elementor-background-overlay\"><\/div>\n\t\t\t\t\t\t\t<div class=\"elementor-container elementor-column-gap-extended\">\n\t\t\t\t\t<div class=\"elementor-column elementor-col-50 elementor-top-column elementor-element elementor-element-18b89c0 ot-flex-column-vertical\" data-id=\"18b89c0\" data-element_type=\"column\">\n\t\t\t<div class=\"elementor-widget-wrap elementor-element-populated\">\n\t\t\t\t\t\t<div class=\"elementor-element elementor-element-45e921b elementor-widget elementor-widget-iheading\" data-id=\"45e921b\" data-element_type=\"widget\" data-widget_type=\"iheading.default\">\n\t\t\t\t<div class=\"elementor-widget-container\">\n\t\t\t\t\t<div class=\"ot-heading\">\r\n\t        <h2 class=\"main-heading\">Contactez votre partenaire en Conception graphique Marrakech, Safi, Chichaoua, Ben Guerir, Settat<\/h2>\t    <\/div>\r\n\t    \t\t<\/div>\n\t\t\t\t<\/div>\n\t\t\t\t<section class=\"elementor-section elementor-inner-section elementor-element elementor-element-dd648d0 elementor-section-full_width ot-traditional elementor-section-height-default elementor-section-height-default\" data-id=\"dd648d0\" data-element_type=\"section\">\n\t\t\t\t\t\t<div class=\"elementor-container elementor-column-gap-default\">\n\t\t\t\t\t<div class=\"elementor-column elementor-col-100 elementor-inner-column elementor-element elementor-element-9c59460 ot-flex-column-vertical\" data-id=\"9c59460\" data-element_type=\"column\">\n\t\t\t<div class=\"elementor-widget-wrap elementor-element-populated\">\n\t\t\t\t\t\t<div class=\"elementor-element elementor-element-9a4497b elementor-widget elementor-widget-text-editor\" data-id=\"9a4497b\" data-element_type=\"widget\" data-widget_type=\"text-editor.default\">\n\t\t\t\t<div class=\"elementor-widget-container\">\n\t\t\t\t\t\t\t<p>Chez YES TO THE NET, nous croyons que chaque projet est unique. C\u2019est pourquoi nous adoptons une approche personnalis\u00e9e, travaillant \u00e9troitement avec vous pour comprendre vos objectifs, votre march\u00e9 cible et votre message de marque.<\/p><p>Nous offrons une gamme compl\u00e8te de services de conception graphique, incluant le design de logos, la cr\u00e9ation de brochures, l\u2019\u00e9laboration d\u2019identit\u00e9s de marque, la conception de sites web, et plus encore. Nos cr\u00e9ations ne se contentent pas d\u2019\u00eatre esth\u00e9tiquement plaisantes &#8211; elles sont strat\u00e9giquement con\u00e7ues pour renforcer votre pr\u00e9sence sur le march\u00e9 et pour communiquer efficacement votre message \u00e0 votre public.<\/p><p>Investir dans des services de conception graphique professionnels est essentiel dans le climat commercial actuel. Un design de qualit\u00e9 am\u00e9liore la reconnaissance de votre marque, renforce la fid\u00e9lit\u00e9 des clients et peut m\u00eame influencer les d\u00e9cisions d&rsquo;achat. Chez YES TO THE NET, nous nous engageons \u00e0 cr\u00e9er des designs qui non seulement refl\u00e8tent votre marque mais qui aussi la propulsent vers de nouveaux sommets.<\/p><p>Laissez YES TO THE NET transformer vos id\u00e9es en une r\u00e9alit\u00e9 visuelle captivante. Contactez-nous d\u00e8s aujourd&rsquo;hui pour discuter de vos projets de conception graphique et d\u00e9couvrez comment nous pouvons aider votre marque \u00e0 briller dans le monde num\u00e9rique. Votre succ\u00e8s visuel commence ici \u2013 dites oui \u00e0 la cr\u00e9ativit\u00e9, dites YES TO THE NET.<\/p>\t\t\t\t\t\t<\/div>\n\t\t\t\t<\/div>\n\t\t\t\t\t<\/div>\n\t\t<\/div>\n\t\t\t\t\t<\/div>\n\t\t<\/section>\n\t\t\t\t\t<\/div>\n\t\t<\/div>\n\t\t\t\t<div class=\"elementor-column elementor-col-50 elementor-top-column elementor-element elementor-element-8a09494 ot-flex-column-vertical\" data-id=\"8a09494\" data-element_type=\"column\">\n\t\t\t<div class=\"elementor-widget-wrap elementor-element-populated\">\n\t\t\t\t\t\t<div class=\"elementor-element elementor-element-49ce0c4 elementor-widget elementor-widget-image\" data-id=\"49ce0c4\" data-element_type=\"widget\" data-widget_type=\"image.default\">\n\t\t\t\t<div class=\"elementor-widget-container\">\n\t\t\t\t\t\t\t\t\t\t\t\t\t<img decoding=\"async\" width=\"528\" height=\"352\" src=\"https:\/\/yestothenet.com\/wp-content\/uploads\/2023\/12\/Conception-graphique-Marrakech-Safi-Chichaoua-Ben-Guerir-Settat-1.png\" class=\"attachment-1536x1536 size-1536x1536 wp-image-6411\" alt=\"Conception graphique Marrakech, Safi, Chichaoua, Ben Guerir, Settat\" srcset=\"https:\/\/yestothenet.com\/wp-content\/uploads\/2023\/12\/Conception-graphique-Marrakech-Safi-Chichaoua-Ben-Guerir-Settat-1.png 528w, https:\/\/yestothenet.com\/wp-content\/uploads\/2023\/12\/Conception-graphique-Marrakech-Safi-Chichaoua-Ben-Guerir-Settat-1-300x200.png 300w\" sizes=\"(max-width: 528px) 100vw, 528px\" \/>\t\t\t\t\t\t\t\t\t\t\t\t\t<\/div>\n\t\t\t\t<\/div>\n\t\t\t\t\t<\/div>\n\t\t<\/div>\n\t\t\t\t\t<\/div>\n\t\t<\/section>\n\t\t\t\t<\/div>","protected":false},"excerpt":{"rendered":"<p>YES TO THE NET \u2013 Conception graphique Marrakech, Safi, Chichaoua, Ben Guerir, Settat Dans un monde o\u00f9 l\u2019image est reine, chaque entreprise se doit de pr\u00e9senter une identit\u00e9 visuelle percutante et m\u00e9morable. YES TO THE NET, votre agence de communication d\u00e9di\u00e9e, comprend l\u2019importance cruciale d\u2019une conception graphique Marrakech, Safi, Chichaoua, Ben Guerir, Settat de qualit\u00e9 [&hellip;]<\/p>","protected":false},"author":1,"featured_media":0,"parent":0,"menu_order":0,"comment_status":"closed","ping_status":"closed","template":"","meta":{"footnotes":""},"class_list":["post-6406","page","type-page","status-publish","hentry"],"yoast_head":"<!-- This site is optimized with the Yoast SEO plugin v23.6 - https:\/\/yoast.com\/wordpress\/plugins\/seo\/ -->\n<title>Conception graphique Marrakech, Safi, Chichaoua, Ben Guerir, Settat<\/title>\n<meta name=\"description\" content=\"D\u00e9couvrez YES TO THE NET, votre agence de conception graphique Marrakech, Safi, Chichaoua, Ben Guerir, Settat innovante.\" \/>\n<meta name=\"robots\" content=\"index, follow, max-snippet:-1, max-image-preview:large, max-video-preview:-1\" \/>\n<link rel=\"canonical\" href=\"https:\/\/yestothenet.com\/es\/conception-graphique-marrakech-safi-chichaoua-ben-guerir-settat\/\" \/>\n<meta property=\"og:locale\" content=\"es_ES\" \/>\n<meta property=\"og:type\" content=\"article\" \/>\n<meta property=\"og:title\" content=\"Conception graphique Marrakech, Safi, Chichaoua, Ben Guerir, Settat\" \/>\n<meta property=\"og:description\" content=\"D\u00e9couvrez YES TO THE NET, votre agence de conception graphique Marrakech, Safi, Chichaoua, Ben Guerir, Settat innovante.\" \/>\n<meta property=\"og:url\" content=\"https:\/\/yestothenet.com\/es\/conception-graphique-marrakech-safi-chichaoua-ben-guerir-settat\/\" \/>\n<meta property=\"og:site_name\" content=\"Yes To The Net\" \/>\n<meta property=\"article:publisher\" content=\"https:\/\/www.instagram.com\/yestothenet\/\" \/>\n<meta property=\"article:modified_time\" content=\"2023-12-12T20:10:40+00:00\" \/>\n<meta property=\"og:image\" content=\"https:\/\/yestothenet.com\/wp-content\/uploads\/2023\/12\/Conception-graphique-Marrakech-Safi-Chichaoua-Ben-Guerir-Settat.jpg\" \/>\n<meta name=\"twitter:card\" content=\"summary_large_image\" \/>\n<meta name=\"twitter:label1\" content=\"Tiempo de lectura\" \/>\n\t<meta name=\"twitter:data1\" content=\"3 minutos\" \/>\n<script type=\"application\/ld+json\" class=\"yoast-schema-graph\">{\"@context\":\"https:\/\/schema.org\",\"@graph\":[{\"@type\":\"WebPage\",\"@id\":\"https:\/\/yestothenet.com\/conception-graphique-marrakech-safi-chichaoua-ben-guerir-settat\/\",\"url\":\"https:\/\/yestothenet.com\/conception-graphique-marrakech-safi-chichaoua-ben-guerir-settat\/\",\"name\":\"Conception graphique Marrakech, Safi, Chichaoua, Ben Guerir, Settat\",\"isPartOf\":{\"@id\":\"https:\/\/yestothenet.com\/#website\"},\"primaryImageOfPage\":{\"@id\":\"https:\/\/yestothenet.com\/conception-graphique-marrakech-safi-chichaoua-ben-guerir-settat\/#primaryimage\"},\"image\":{\"@id\":\"https:\/\/yestothenet.com\/conception-graphique-marrakech-safi-chichaoua-ben-guerir-settat\/#primaryimage\"},\"thumbnailUrl\":\"https:\/\/yestothenet.com\/wp-content\/uploads\/2023\/12\/Conception-graphique-Marrakech-Safi-Chichaoua-Ben-Guerir-Settat.jpg\",\"datePublished\":\"2023-12-12T20:05:31+00:00\",\"dateModified\":\"2023-12-12T20:10:40+00:00\",\"description\":\"D\u00e9couvrez YES TO THE NET, votre agence de conception graphique Marrakech, Safi, Chichaoua, Ben Guerir, Settat innovante.\",\"breadcrumb\":{\"@id\":\"https:\/\/yestothenet.com\/conception-graphique-marrakech-safi-chichaoua-ben-guerir-settat\/#breadcrumb\"},\"inLanguage\":\"es\",\"potentialAction\":[{\"@type\":\"ReadAction\",\"target\":[\"https:\/\/yestothenet.com\/conception-graphique-marrakech-safi-chichaoua-ben-guerir-settat\/\"]}]},{\"@type\":\"ImageObject\",\"inLanguage\":\"es\",\"@id\":\"https:\/\/yestothenet.com\/conception-graphique-marrakech-safi-chichaoua-ben-guerir-settat\/#primaryimage\",\"url\":\"https:\/\/yestothenet.com\/wp-content\/uploads\/2023\/12\/Conception-graphique-Marrakech-Safi-Chichaoua-Ben-Guerir-Settat.jpg\",\"contentUrl\":\"https:\/\/yestothenet.com\/wp-content\/uploads\/2023\/12\/Conception-graphique-Marrakech-Safi-Chichaoua-Ben-Guerir-Settat.jpg\"},{\"@type\":\"BreadcrumbList\",\"@id\":\"https:\/\/yestothenet.com\/conception-graphique-marrakech-safi-chichaoua-ben-guerir-settat\/#breadcrumb\",\"itemListElement\":[{\"@type\":\"ListItem\",\"position\":1,\"name\":\"Accueil\",\"item\":\"https:\/\/yestothenet.com\/\"},{\"@type\":\"ListItem\",\"position\":2,\"name\":\"&#8230; Conception graphique Marrakech, Safi, Chichaoua, Ben Guerir, Settat\"}]},{\"@type\":\"WebSite\",\"@id\":\"https:\/\/yestothenet.com\/#website\",\"url\":\"https:\/\/yestothenet.com\/\",\"name\":\"YES TO THE NET\",\"description\":\"Votre agence de communication \u00e0 Marrakech\",\"publisher\":{\"@id\":\"https:\/\/yestothenet.com\/#organization\"},\"potentialAction\":[{\"@type\":\"SearchAction\",\"target\":{\"@type\":\"EntryPoint\",\"urlTemplate\":\"https:\/\/yestothenet.com\/?s={search_term_string}\"},\"query-input\":{\"@type\":\"PropertyValueSpecification\",\"valueRequired\":true,\"valueName\":\"search_term_string\"}}],\"inLanguage\":\"es\"},{\"@type\":\"Organization\",\"@id\":\"https:\/\/yestothenet.com\/#organization\",\"name\":\"YES TO THE NET\",\"url\":\"https:\/\/yestothenet.com\/\",\"logo\":{\"@type\":\"ImageObject\",\"inLanguage\":\"es\",\"@id\":\"https:\/\/yestothenet.com\/#\/schema\/logo\/image\/\",\"url\":\"https:\/\/yestothenet.com\/wp-content\/uploads\/2024\/02\/cropped-YES_THE_TO_NET-removebg-preview.png\",\"contentUrl\":\"https:\/\/yestothenet.com\/wp-content\/uploads\/2024\/02\/cropped-YES_THE_TO_NET-removebg-preview.png\",\"width\":512,\"height\":512,\"caption\":\"YES TO THE NET\"},\"image\":{\"@id\":\"https:\/\/yestothenet.com\/#\/schema\/logo\/image\/\"},\"sameAs\":[\"https:\/\/www.instagram.com\/yestothenet\/\"]}]}<\/script>\n<!-- \/ Yoast SEO plugin. -->","yoast_head_json":{"title":"Conception graphique Marrakech, Safi, Chichaoua, Ben Guerir, Settat","description":"D\u00e9couvrez YES TO THE NET, votre agence de conception graphique Marrakech, Safi, Chichaoua, Ben Guerir, Settat innovante.","robots":{"index":"index","follow":"follow","max-snippet":"max-snippet:-1","max-image-preview":"max-image-preview:large","max-video-preview":"max-video-preview:-1"},"canonical":"https:\/\/yestothenet.com\/es\/conception-graphique-marrakech-safi-chichaoua-ben-guerir-settat\/","og_locale":"es_ES","og_type":"article","og_title":"Conception graphique Marrakech, Safi, Chichaoua, Ben Guerir, Settat","og_description":"D\u00e9couvrez YES TO THE NET, votre agence de conception graphique Marrakech, Safi, Chichaoua, Ben Guerir, Settat innovante.","og_url":"https:\/\/yestothenet.com\/es\/conception-graphique-marrakech-safi-chichaoua-ben-guerir-settat\/","og_site_name":"Yes To The Net","article_publisher":"https:\/\/www.instagram.com\/yestothenet\/","article_modified_time":"2023-12-12T20:10:40+00:00","og_image":[{"url":"https:\/\/yestothenet.com\/wp-content\/uploads\/2023\/12\/Conception-graphique-Marrakech-Safi-Chichaoua-Ben-Guerir-Settat.jpg"}],"twitter_card":"summary_large_image","twitter_misc":{"Tiempo de lectura":"3 minutos"},"schema":{"@context":"https:\/\/schema.org","@graph":[{"@type":"WebPage","@id":"https:\/\/yestothenet.com\/conception-graphique-marrakech-safi-chichaoua-ben-guerir-settat\/","url":"https:\/\/yestothenet.com\/conception-graphique-marrakech-safi-chichaoua-ben-guerir-settat\/","name":"Conception graphique Marrakech, Safi, Chichaoua, Ben Guerir, Settat","isPartOf":{"@id":"https:\/\/yestothenet.com\/#website"},"primaryImageOfPage":{"@id":"https:\/\/yestothenet.com\/conception-graphique-marrakech-safi-chichaoua-ben-guerir-settat\/#primaryimage"},"image":{"@id":"https:\/\/yestothenet.com\/conception-graphique-marrakech-safi-chichaoua-ben-guerir-settat\/#primaryimage"},"thumbnailUrl":"https:\/\/yestothenet.com\/wp-content\/uploads\/2023\/12\/Conception-graphique-Marrakech-Safi-Chichaoua-Ben-Guerir-Settat.jpg","datePublished":"2023-12-12T20:05:31+00:00","dateModified":"2023-12-12T20:10:40+00:00","description":"D\u00e9couvrez YES TO THE NET, votre agence de conception graphique Marrakech, Safi, Chichaoua, Ben Guerir, Settat innovante.","breadcrumb":{"@id":"https:\/\/yestothenet.com\/conception-graphique-marrakech-safi-chichaoua-ben-guerir-settat\/#breadcrumb"},"inLanguage":"es","potentialAction":[{"@type":"ReadAction","target":["https:\/\/yestothenet.com\/conception-graphique-marrakech-safi-chichaoua-ben-guerir-settat\/"]}]},{"@type":"ImageObject","inLanguage":"es","@id":"https:\/\/yestothenet.com\/conception-graphique-marrakech-safi-chichaoua-ben-guerir-settat\/#primaryimage","url":"https:\/\/yestothenet.com\/wp-content\/uploads\/2023\/12\/Conception-graphique-Marrakech-Safi-Chichaoua-Ben-Guerir-Settat.jpg","contentUrl":"https:\/\/yestothenet.com\/wp-content\/uploads\/2023\/12\/Conception-graphique-Marrakech-Safi-Chichaoua-Ben-Guerir-Settat.jpg"},{"@type":"BreadcrumbList","@id":"https:\/\/yestothenet.com\/conception-graphique-marrakech-safi-chichaoua-ben-guerir-settat\/#breadcrumb","itemListElement":[{"@type":"ListItem","position":1,"name":"Accueil","item":"https:\/\/yestothenet.com\/"},{"@type":"ListItem","position":2,"name":"&#8230; Conception graphique Marrakech, Safi, Chichaoua, Ben Guerir, Settat"}]},{"@type":"WebSite","@id":"https:\/\/yestothenet.com\/#website","url":"https:\/\/yestothenet.com\/","name":"YES TO THE NET","description":"Votre agence de communication \u00e0 Marrakech","publisher":{"@id":"https:\/\/yestothenet.com\/#organization"},"potentialAction":[{"@type":"SearchAction","target":{"@type":"EntryPoint","urlTemplate":"https:\/\/yestothenet.com\/?s={search_term_string}"},"query-input":{"@type":"PropertyValueSpecification","valueRequired":true,"valueName":"search_term_string"}}],"inLanguage":"es"},{"@type":"Organization","@id":"https:\/\/yestothenet.com\/#organization","name":"YES TO THE NET","url":"https:\/\/yestothenet.com\/","logo":{"@type":"ImageObject","inLanguage":"es","@id":"https:\/\/yestothenet.com\/#\/schema\/logo\/image\/","url":"https:\/\/yestothenet.com\/wp-content\/uploads\/2024\/02\/cropped-YES_THE_TO_NET-removebg-preview.png","contentUrl":"https:\/\/yestothenet.com\/wp-content\/uploads\/2024\/02\/cropped-YES_THE_TO_NET-removebg-preview.png","width":512,"height":512,"caption":"YES TO THE NET"},"image":{"@id":"https:\/\/yestothenet.com\/#\/schema\/logo\/image\/"},"sameAs":["https:\/\/www.instagram.com\/yestothenet\/"]}]}},"_links":{"self":[{"href":"https:\/\/yestothenet.com\/es\/wp-json\/wp\/v2\/pages\/6406","targetHints":{"allow":["GET"]}}],"collection":[{"href":"https:\/\/yestothenet.com\/es\/wp-json\/wp\/v2\/pages"}],"about":[{"href":"https:\/\/yestothenet.com\/es\/wp-json\/wp\/v2\/types\/page"}],"author":[{"embeddable":true,"href":"https:\/\/yestothenet.com\/es\/wp-json\/wp\/v2\/users\/1"}],"replies":[{"embeddable":true,"href":"https:\/\/yestothenet.com\/es\/wp-json\/wp\/v2\/comments?post=6406"}],"version-history":[{"count":7,"href":"https:\/\/yestothenet.com\/es\/wp-json\/wp\/v2\/pages\/6406\/revisions"}],"predecessor-version":[{"id":6417,"href":"https:\/\/yestothenet.com\/es\/wp-json\/wp\/v2\/pages\/6406\/revisions\/6417"}],"wp:attachment":[{"href":"https:\/\/yestothenet.com\/es\/wp-json\/wp\/v2\/media?parent=6406"}],"curies":[{"name":"wp","href":"https:\/\/api.w.org\/{rel}","templated":true}]}}