{"id":6332,"date":"2023-12-07T12:06:45","date_gmt":"2023-12-07T11:06:45","guid":{"rendered":"https:\/\/yestothenet.com\/?page_id=6332"},"modified":"2024-08-26T15:06:38","modified_gmt":"2024-08-26T13:06:38","slug":"plan-site","status":"publish","type":"page","link":"https:\/\/yestothenet.com\/es\/plan-site\/","title":{"rendered":"Mapa del sitio"},"content":{"rendered":"<div data-elementor-type=\"wp-page\" data-elementor-id=\"6332\" class=\"elementor elementor-6332\" data-elementor-post-type=\"page\">\n\t\t\t\t\t\t<section class=\"elementor-section elementor-top-section elementor-element elementor-element-138251b ot-traditional elementor-section-boxed elementor-section-height-default elementor-section-height-default\" data-id=\"138251b\" data-element_type=\"section\">\n\t\t\t\t\t\t<div class=\"elementor-container elementor-column-gap-default\">\n\t\t\t\t\t<div class=\"elementor-column elementor-col-100 elementor-top-column elementor-element elementor-element-1b04217 ot-flex-column-vertical\" data-id=\"1b04217\" data-element_type=\"column\">\n\t\t\t<div class=\"elementor-widget-wrap elementor-element-populated\">\n\t\t\t\t\t\t<section class=\"elementor-section elementor-inner-section elementor-element elementor-element-ff8267e elementor-section-full_width elementor-section-content-bottom ot-traditional elementor-section-height-default elementor-section-height-default\" data-id=\"ff8267e\" data-element_type=\"section\" data-settings=\"{&quot;background_background&quot;:&quot;classic&quot;}\">\n\t\t\t\t\t\t\t<div class=\"elementor-background-overlay\"><\/div>\n\t\t\t\t\t\t\t<div class=\"elementor-container elementor-column-gap-extended\">\n\t\t\t\t\t<div class=\"elementor-column elementor-col-50 elementor-inner-column elementor-element elementor-element-9e0fbef ot-flex-column-vertical\" data-id=\"9e0fbef\" data-element_type=\"column\">\n\t\t\t<div class=\"elementor-widget-wrap elementor-element-populated\">\n\t\t\t\t\t\t<div class=\"elementor-element elementor-element-875a79c elementor-widget elementor-widget-iheading\" data-id=\"875a79c\" data-element_type=\"widget\" data-widget_type=\"iheading.default\">\n\t\t\t\t<div class=\"elementor-widget-container\">\n\t\t\t\t\t<div class=\"ot-heading\">\r\n\t        <h1 class=\"main-heading\">Mapa del sitio:<\/h1>\t    <\/div>\r\n\t    \t\t<\/div>\n\t\t\t\t<\/div>\n\t\t\t\t\t<\/div>\n\t\t<\/div>\n\t\t\t\t<div class=\"elementor-column elementor-col-50 elementor-inner-column elementor-element elementor-element-3a82f24 ot-flex-column-vertical\" data-id=\"3a82f24\" data-element_type=\"column\">\n\t\t\t<div class=\"elementor-widget-wrap\">\n\t\t\t\t\t\t\t<\/div>\n\t\t<\/div>\n\t\t\t\t\t<\/div>\n\t\t<\/section>\n\t\t\t\t\t<\/div>\n\t\t<\/div>\n\t\t\t\t\t<\/div>\n\t\t<\/section>\n\t\t\t\t<section class=\"elementor-section elementor-top-section elementor-element elementor-element-998542c ot-traditional elementor-section-boxed elementor-section-height-default elementor-section-height-default\" data-id=\"998542c\" data-element_type=\"section\">\n\t\t\t\t\t\t<div class=\"elementor-container elementor-column-gap-default\">\n\t\t\t\t\t<div class=\"elementor-column elementor-col-100 elementor-top-column elementor-element elementor-element-0717c0a ot-flex-column-vertical\" data-id=\"0717c0a\" data-element_type=\"column\">\n\t\t\t<div class=\"elementor-widget-wrap elementor-element-populated\">\n\t\t\t\t\t\t<div class=\"elementor-element elementor-element-0f469e1 elementor-widget elementor-widget-text-editor\" data-id=\"0f469e1\" data-element_type=\"widget\" data-widget_type=\"text-editor.default\">\n\t\t\t\t<div class=\"elementor-widget-container\">\n\t\t\t\t\t\t\t<h2>Pages :<\/h2><ul class=\"wsp-pages-list\"><li class=\"page_item page-item-2451\"><span style=\"color: #000000;\"><a style=\"color: #000000;\" href=\"http:\/\/yestothenet.com\/es\/\">bienvenido<\/a><\/span><\/li><li class=\"page_item page-item-5103\"><span style=\"color: #000000;\"><a style=\"color: #000000;\" href=\"http:\/\/yestothenet.com\/es\/agencia-web-en-marrakech\/\">Agencia<\/a><\/span><\/li><li><span style=\"color: #000000;\"><a style=\"color: #000000;\" href=\"http:\/\/yestothenet.com\/es\/creacion-de-sitios-web\/\">Sitio web<\/a><\/span><\/li><li class=\"page_item page-item-5215\"><span style=\"color: #000000;\"><a style=\"color: #000000;\" href=\"https:\/\/yestothenet.com\/es\/creacion-de-aplicaciones-web\/\">Aplicaci\u00f3n web<\/a><\/span><\/li><li><span style=\"color: #000000;\"><a style=\"color: #000000;\" href=\"https:\/\/yestothenet.com\/es\/creacion-de-aplicaciones-moviles\/\">Application mobile\u00a0<\/a><\/span><\/li><li><span style=\"color: #000000;\"><a style=\"color: #000000;\" href=\"https:\/\/yestothenet.com\/es\/referenciamiento-seo-natural\/\">Referencia natural<\/a><\/span><\/li><li><span style=\"color: #000000;\"><a style=\"color: #000000;\" href=\"https:\/\/yestothenet.com\/es\/seo-sea-pagado\/\">Referencias pagadas<\/a><\/span><\/li><li><span style=\"color: #000000;\"><a style=\"color: #000000;\" href=\"http:\/\/yestothenet.com\/es\/diseno-grafico\/\">Dise\u00f1o gr\u00e1fico<\/a><\/span><\/li><li class=\"page_item page-item-5213\"><span style=\"color: #000000;\"><a style=\"color: #000000;\" href=\"http:\/\/yestothenet.com\/es\/gestion-comunitaria\/\">Gesti\u00f3n comunitaria<\/a><\/span><\/li><li><span style=\"color: #000000;\"><a style=\"color: #000000;\" href=\"http:\/\/yestothenet.com\/es\/subcontratacion-de-ti\/\">Subcontrataci\u00f3n de TI<\/a><\/span><\/li><li><span style=\"color: #000000;\"><a style=\"color: #000000;\" href=\"https:\/\/yestothenet.com\/es\/agencia-web-offshore-en-marruecos\/\">Agence web offshore<\/a><\/span><\/li><li><span style=\"color: #000000;\"><a style=\"color: #000000;\" href=\"https:\/\/yestothenet.com\/es\/referencias\/\">Nuestras referencias<\/a><\/span><\/li><li class=\"page_item page-item-5233\"><span style=\"color: #000000;\"><a style=\"color: #000000;\" href=\"http:\/\/yestothenet.com\/es\/contacto\/\">Contacto<\/a><\/span><\/li><\/ul>\t\t\t\t\t\t<\/div>\n\t\t\t\t<\/div>\n\t\t\t\t\t<\/div>\n\t\t<\/div>\n\t\t\t\t\t<\/div>\n\t\t<\/section>\n\t\t\t\t<section class=\"elementor-section elementor-top-section elementor-element elementor-element-5e53336 ot-traditional elementor-section-boxed elementor-section-height-default elementor-section-height-default\" data-id=\"5e53336\" data-element_type=\"section\">\n\t\t\t\t\t\t<div class=\"elementor-container elementor-column-gap-default\">\n\t\t\t\t\t<div class=\"elementor-column elementor-col-100 elementor-top-column elementor-element elementor-element-150ab8f ot-flex-column-vertical\" data-id=\"150ab8f\" data-element_type=\"column\">\n\t\t\t<div class=\"elementor-widget-wrap elementor-element-populated\">\n\t\t\t\t\t\t<div class=\"elementor-element elementor-element-0ff7839 elementor-widget elementor-widget-text-editor\" data-id=\"0ff7839\" data-element_type=\"widget\" data-widget_type=\"text-editor.default\">\n\t\t\t\t<div class=\"elementor-widget-container\">\n\t\t\t\t\t\t\t<h2><span style=\"color: #000000;\">LP<\/span><\/h2>\n<ul class=\"wsp-pages-list\">\n \t<li class=\"page_item page-item-5715\"><a href=\"https:\/\/yestothenet.com\/es\/agencia-de-comunicaciones-de-agadir\/\">Agencia de comunicaciones de Agadir<\/a><\/li>\n \t<li><a href=\"https:\/\/yestothenet.com\/es\/agencia-de-comunicaciones-gueliz\/\">Agencia de comunicaciones Gu\u00e9liz<\/a><\/li>\n \t<li class=\"page_item page-item-5782\"><a href=\"https:\/\/yestothenet.com\/es\/agencia-de-comunicaciones-beni-mellal\/\">Agencia de comunicaciones Beni Mellal<\/a><\/li>\n \t<li class=\"page_item page-item-5792\"><a href=\"https:\/\/yestothenet.com\/es\/agence-de-communication-casablanca\/\">Agencia de comunicaciones de Casablanca<\/a><\/li>\n \t<li class=\"page_item page-item-5807\"><a href=\"https:\/\/yestothenet.com\/es\/agencia-de-comunicaciones-fes\/\">Agencia de comunicaciones de Fez<\/a><\/li>\n \t<li class=\"page_item page-item-5737\"><a href=\"https:\/\/yestothenet.com\/es\/agence-de-communication-laayoune\/\">Agencia de Comunicaci\u00f3n de El Aai\u00fan<\/a><\/li>\n \t<li class=\"page_item page-item-5692\"><a href=\"https:\/\/yestothenet.com\/es\/agencia-de-comunicaciones-safi\/\">Agencia de comunicaciones Safi<\/a><\/li>\n \t<li class=\"page_item page-item-5814\"><a href=\"https:\/\/yestothenet.com\/es\/agencia-de-comunicaciones-de-rabat\/\">Agencia de comunicaciones de Rabat<\/a><\/li>\n \t<li><a href=\"https:\/\/yestothenet.com\/es\/agencia-de-comunicacion-ben-guerir\/\">Agencia de Comunicaciones Ben Guerir<\/a><\/li>\n \t<li><a href=\"https:\/\/yestothenet.com\/es\/agencia-de-comunicaciones-settat\/\">Agencia de comunicaciones Settat<\/a><\/li>\n \t<li><a href=\"https:\/\/yestothenet.com\/es\/agencia-de-comunicaciones-chichaoua\/\">Agencia de comunicaciones Chichaoua<\/a><\/li>\n \t<li><a href=\"https:\/\/yestothenet.com\/es\/agencia-de-comunicacion-de-esauira\/\">Agencia de comunicaci\u00f3n de Esauira<\/a><\/li>\n \t<li><a href=\"https:\/\/yestothenet.com\/es\/agencia-de-comunicaciones-de-dakhla\/\">Agencia de Comunicaci\u00f3n de Dakhla<\/a><\/li>\n \t<li><a href=\"https:\/\/yestothenet.com\/es\/agence-de-communication-berrechid\/\">Agencia de Comunicaci\u00f3n Berrechid<\/a><\/li>\n \t<li><a href=\"https:\/\/yestothenet.com\/es\/agencia-de-comunicaciones-azilal\/\">Agencia de comunicaciones Azilal\u00a0<\/a><\/li>\n \t<li><a href=\"https:\/\/yestothenet.com\/es\/agencia-de-comunicaciones-el-jadida\/\">Agencia de Comunicaciones El Jadida<\/a><\/li>\n \t<li><a href=\"https:\/\/yestothenet.com\/es\/agencia-de-comunicaciones-kenitra\/\">Agencia de comunicaciones Kenitra<\/a><\/li>\n \t<li><a href=\"https:\/\/yestothenet.com\/es\/agence-de-communication-taroudant\/\">Agencia de comunicaci\u00f3n de Tarudant<\/a><\/li>\n \t<li><a href=\"https:\/\/yestothenet.com\/es\/agencia-de-comunicaciones-de-meknes\/\">Agencia de comunicaciones de Meknes<\/a><\/li>\n \t<li><a href=\"https:\/\/yestothenet.com\/es\/agencia-de-comunicaciones-de-tanger\/\">Agencia de comunicaciones de T\u00e1nger<\/a><\/li>\n \t<li><a href=\"https:\/\/yestothenet.com\/es\/agencia-de-comunicaciones-de-tetuan\/\">Agencia de comunicaciones de Tetu\u00e1n<\/a><\/li>\n \t<li class=\"page_item page-item-5938\"><span style=\"color: #000000;\"><a style=\"color: #000000;\" href=\"https:\/\/yestothenet.com\/es\/creacion-de-sitio-web-agadir-essaouira-taroudant\/\">Creaci\u00f3n de sitios web Agadir, Essaouira, Taroudant<\/a><\/span><\/li>\n \t<li class=\"page_item page-item-5930\"><span style=\"color: #000000;\"><a style=\"color: #000000;\" href=\"https:\/\/yestothenet.com\/es\/creacion-de-sitio-web-marrakech-safi-chichaoua-ben-guerir-settat\/\">Creaci\u00f3n de sitios web Marrakech, Safi, Chichaoua, Ben Guerir, Settat<\/a><\/span><\/li>\n \t<li class=\"page_item page-item-5983\"><span style=\"color: #000000;\"><a style=\"color: #000000;\" href=\"https:\/\/yestothenet.com\/es\/creation-site-web-beni-mellal-azilal\/\">Cr\u00e9ation site web Beni mellal, Azilal<\/a><\/span><\/li>\n \t<li class=\"page_item page-item-6020\"><span style=\"color: #000000;\"><a style=\"color: #000000;\" href=\"https:\/\/yestothenet.com\/es\/creacion-pagina-web-casablanca-berrchid-el-jadida\/\">Creaci\u00f3n de sitio web Casablanca, Berrchid, El Jadida<\/a><\/span><\/li>\n \t<li class=\"page_item page-item-6091\"><span style=\"color: #000000;\"><a style=\"color: #000000;\" href=\"https:\/\/yestothenet.com\/es\/creation-site-web-fes-meknes-tanger-tetouan\/\">Cr\u00e9ation site web Fes, Meknes, Tanger, Tetouan<\/a><\/span><\/li>\n \t<li class=\"page_item page-item-5948\"><span style=\"color: #000000;\"><a style=\"color: #000000;\" href=\"https:\/\/yestothenet.com\/es\/creacion-de-sitio-web-el-aaiun-dajla\/\">Cr\u00e9ation site web Laayoune, Dakhla<\/a><\/span><\/li>\n \t<li class=\"page_item page-item-6084\"><span style=\"color: #000000;\"><a style=\"color: #000000;\" href=\"https:\/\/yestothenet.com\/es\/creacion-de-sitios-web-en-rabat-kenitra\/\">Cr\u00e9ation site web Rabat, Kenitra<\/a><\/span><\/li>\n \t<li class=\"page_item page-item-5864\"><span style=\"color: #000000;\"><a style=\"color: #000000;\" href=\"https:\/\/yestothenet.com\/es\/seo-agadir-esauira-taroudant\/\">SEO Agadir, Essaouira, Tarudant<\/a><\/span><\/li>\n \t<li class=\"page_item page-item-5888\"><span style=\"color: #000000;\"><a style=\"color: #000000;\" href=\"https:\/\/yestothenet.com\/es\/seo-beni-mellal-azilal\/\">SEO Beni mellal, Azilal<\/a><\/span><\/li>\n \t<li class=\"page_item page-item-5897\"><span style=\"color: #000000;\"><a style=\"color: #000000;\" href=\"https:\/\/yestothenet.com\/es\/seo-casablanca-berrchid-el-jadida\/\">SEO Casablanca, Berrchid, El Yadida<\/a><\/span><\/li>\n \t<li class=\"page_item page-item-5913\"><span style=\"color: #000000;\"><a style=\"color: #000000;\" href=\"https:\/\/yestothenet.com\/es\/seo-fez-meknes-tanger-tetuan\/\">SEO Fez, Mequinez, T\u00e1nger, Tetu\u00e1n<\/a><\/span><\/li>\n \t<li class=\"page_item page-item-5880\"><span style=\"color: #000000;\"><a style=\"color: #000000;\" href=\"https:\/\/yestothenet.com\/es\/seo-laayoune-dakhla\/\">SEO El Aai\u00fan, Dajla<\/a><\/span><\/li>\n \t<li class=\"page_item page-item-5856\"><span style=\"color: #000000;\"><a style=\"color: #000000;\" href=\"https:\/\/yestothenet.com\/es\/seo-marrakech-safi-chichaoua-ben-guerir-settat\/\">SEO Marrakech, Safi, Chichaoua, Ben Guerir, Settat<\/a><\/span><\/li>\n \t<li class=\"page_item page-item-5906\"><span style=\"color: #000000;\"><a style=\"color: #000000;\" href=\"https:\/\/yestothenet.com\/es\/seo-rabat-kenitra\/\">SEO Rabat, Kenitra<\/a><\/span><\/li>\n \t<li><span style=\"color: #000000;\"><a style=\"color: #000000;\" href=\"https:\/\/yestothenet.com\/es\/agencia-web-marrakech-safi-chichaoua-ben-guerir-settat\/\">Agencia web Marrakech, Safi, Chichaoua, Ben Guerir, Settat<\/a><\/span><\/li>\n \t<li><span style=\"color: #000000;\"><a style=\"color: #000000;\" href=\"https:\/\/yestothenet.com\/es\/agencia-web-agadir-essaouira-taroudant\/\">Agence Web Agadir, Essaouira, Taroudant<\/a><\/span><\/li>\n \t<li><span style=\"color: #000000;\"><a style=\"color: #000000;\" href=\"https:\/\/yestothenet.com\/es\/agencia-web-laayoune-dakhla\/\">Agence Web Laayoune, Dakhla<\/a><\/span><\/li>\n \t<li><span style=\"color: #000000;\"><a style=\"color: #000000;\" href=\"https:\/\/yestothenet.com\/es\/agencia-web-beni-mellal-azilal\/\">Beni Mellal, Agencia Web Azilal<\/a><\/span><\/li>\n \t<li><span style=\"color: #000000;\"><a style=\"color: #000000;\" href=\"https:\/\/yestothenet.com\/es\/agencia-web-casablanca-berrchid-el-jadida\/\">Agence Web Casablanca, Berrchid, El jadida<\/a><\/span><\/li>\n \t<li><span style=\"color: #000000;\"><a style=\"color: #000000;\" href=\"https:\/\/yestothenet.com\/es\/agencia-web-rabat-kenitra\/\">Agence Web Rabat, Kenitra<\/a><\/span><\/li>\n \t<li><span style=\"color: #000000;\"><a style=\"color: #000000;\" href=\"https:\/\/yestothenet.com\/es\/agencia-web-fez-meknes-tanger-tetuan\/\">Agence Web Fes, Meknes, Tanger, Tetouan<\/a><\/span><\/li>\n \t<li><span style=\"color: #000000;\"><a style=\"color: #000000;\" href=\"https:\/\/yestothenet.com\/es\/creacion-de-la-aplicacion-web-marrakech-safi-chichaoua-ben-guerir-settat\/\">Creaci\u00f3n de aplicaciones web en Marrakech, Safi, Chichaoua, Ben Guerir, Settat.<\/a><\/span><\/li>\n \t<li><span style=\"color: #000000;\"><a style=\"color: #000000;\" href=\"https:\/\/yestothenet.com\/es\/creacion-de-una-aplicacion-web-en-agadir-essaouira-taroudant\/\">Cr\u00e9ation application Web Agadir, Essaouira, Taroudant<\/a><\/span><\/li>\n \t<li><span style=\"color: #000000;\"><a style=\"color: #000000;\" href=\"https:\/\/yestothenet.com\/es\/creation-application-web-laayoune-dakhla\/\">Cr\u00e9ation application Web Laayoune, Dakhla<\/a><\/span><\/li>\n \t<li><span style=\"color: #000000;\"><a style=\"color: #000000;\" href=\"https:\/\/yestothenet.com\/es\/creacion-de-aplicacion-web-beni-mellal-azilal\/\">Cr\u00e9ation application Web Beni mellal, Azilal<\/a><\/span><\/li>\n \t<li><span style=\"color: #000000;\"><a style=\"color: #000000;\" href=\"https:\/\/yestothenet.com\/es\/creation-application-web-casablanca-berrchid-el-jadida\/\">Cr\u00e9ation application Web Casablanca, Berrchid, El jadida<\/a><\/span><\/li>\n \t<li><span style=\"color: #000000;\"><a style=\"color: #000000;\" href=\"https:\/\/yestothenet.com\/es\/creacion-de-una-aplicacion-web-en-rabat-kenitra\/\">Cr\u00e9ation application Web Rabat, Kenitra<\/a><\/span><\/li>\n \t<li><span style=\"color: #000000;\"><a style=\"color: #000000;\" href=\"https:\/\/yestothenet.com\/es\/creacion-de-aplicaciones-web-en-fez-meknes-tanger-tetuan\/\">Creaci\u00f3n de aplicaciones web en Fez, Meknes, T\u00e1nger y Tetu\u00e1n<\/a><\/span><\/li>\n \t<li><span style=\"color: #000000;\"><a style=\"color: #000000;\" href=\"https:\/\/yestothenet.com\/es\/creacion-de-la-aplicacion-movil-marrakech-safi-chichaoua-ben-guerir-settat\/\">Creaci\u00f3n de aplicaciones m\u00f3viles en Marrakech, Safi, Chichaoua, Ben Guerir, Settat<\/a><\/span><\/li>\n \t<li><span style=\"color: #000000;\"><a style=\"color: #000000;\" href=\"https:\/\/yestothenet.com\/es\/creacion-de-una-aplicacion-movil-agadir-essaouira-taroudant\/\">Creaci\u00f3n de aplicaciones m\u00f3viles Agadir, Essaouira, Taroudant<\/a><\/span><\/li>\n \t<li><span style=\"color: #000000;\"><a style=\"color: #000000;\" href=\"https:\/\/yestothenet.com\/es\/creacion-de-la-aplicacion-movil-laayoune-dakhla\/\">Cr\u00e9ation application Mobile Laayoune, Dakhla<\/a><\/span><\/li>\n \t<li><span style=\"color: #000000;\"><a style=\"color: #000000;\" href=\"https:\/\/yestothenet.com\/es\/creacion-de-aplicacion-movil-beni-mellal-azilal\/\">Creaci\u00f3n de aplicaciones m\u00f3viles Beni mellal, Azilal<\/a><\/span><\/li>\n \t<li><span style=\"color: #000000;\"><a style=\"color: #000000;\" href=\"https:\/\/yestothenet.com\/es\/referenciacion-natural-seo-safi\/\">R\u00e9f\u00e9rencement naturel SEO Safi<\/a><\/span><\/li>\n \t<li><span style=\"color: #000000;\"><a style=\"color: #000000;\" href=\"https:\/\/yestothenet.com\/es\/seo-natural-en-agadir\/\">SEO natural Agadir<\/a><\/span><\/li>\n \t<li><span style=\"color: #000000;\"><a style=\"color: #000000;\" href=\"https:\/\/yestothenet.com\/es\/seo-natural-en-el-aaiun\/\">Referenciaci\u00f3n SEO natural en El Aai\u00fan<\/a><\/span><\/li>\n<\/ul>\t\t\t\t\t\t<\/div>\n\t\t\t\t<\/div>\n\t\t\t\t\t<\/div>\n\t\t<\/div>\n\t\t\t\t\t<\/div>\n\t\t<\/section>\n\t\t\t\t<\/div>","protected":false},"excerpt":{"rendered":"<p>Plan de site : Pages : accueil Agence Site web Application Web Application mobile\u00a0 R\u00e9f\u00e9rencement naturel R\u00e9f\u00e9rencement payant Conception graphique Community management Outsourcing IT Agence web offshore Nos r\u00e9f\u00e9rences Contact LP Agence de communication Agadir Agence de communication Gu\u00e9liz Agence de communication Beni mellal Agence de communication Casablanca Agence de communication Fes Agence de communication [&hellip;]<\/p>","protected":false},"author":1,"featured_media":0,"parent":0,"menu_order":0,"comment_status":"closed","ping_status":"closed","template":"","meta":{"footnotes":""},"class_list":["post-6332","page","type-page","status-publish","hentry"],"yoast_head":"<!-- This site is optimized with the Yoast SEO plugin v23.6 - https:\/\/yoast.com\/wordpress\/plugins\/seo\/ -->\n<title>Plan site - Yes To The Net<\/title>\n<meta name=\"robots\" content=\"index, follow, max-snippet:-1, max-image-preview:large, max-video-preview:-1\" \/>\n<link rel=\"canonical\" href=\"https:\/\/yestothenet.com\/es\/plan-site\/\" \/>\n<meta property=\"og:locale\" content=\"es_ES\" \/>\n<meta property=\"og:type\" content=\"article\" \/>\n<meta property=\"og:title\" content=\"Plan site - Yes To The Net\" \/>\n<meta property=\"og:description\" content=\"Plan de site : Pages : accueil Agence Site web Application Web Application mobile\u00a0 R\u00e9f\u00e9rencement naturel R\u00e9f\u00e9rencement payant Conception graphique Community management Outsourcing IT Agence web offshore Nos r\u00e9f\u00e9rences Contact LP Agence de communication Agadir Agence de communication Gu\u00e9liz Agence de communication Beni mellal Agence de communication Casablanca Agence de communication Fes Agence de communication [&hellip;]\" \/>\n<meta property=\"og:url\" content=\"https:\/\/yestothenet.com\/es\/plan-site\/\" \/>\n<meta property=\"og:site_name\" content=\"Yes To The Net\" \/>\n<meta property=\"article:publisher\" content=\"https:\/\/www.instagram.com\/yestothenet\/\" \/>\n<meta property=\"article:modified_time\" content=\"2024-08-26T13:06:38+00:00\" \/>\n<meta property=\"og:image\" content=\"https:\/\/yestothenet.com\/wp-content\/uploads\/2020\/09\/YES-THE-TO-NET-1.jpeg\" \/>\n\t<meta property=\"og:image:width\" content=\"1280\" \/>\n\t<meta property=\"og:image:height\" content=\"536\" \/>\n\t<meta property=\"og:image:type\" content=\"image\/jpeg\" \/>\n<meta name=\"twitter:card\" content=\"summary_large_image\" \/>\n<meta name=\"twitter:label1\" content=\"Tiempo de lectura\" \/>\n\t<meta name=\"twitter:data1\" content=\"2 minutos\" \/>\n<script type=\"application\/ld+json\" class=\"yoast-schema-graph\">{\"@context\":\"https:\/\/schema.org\",\"@graph\":[{\"@type\":\"WebPage\",\"@id\":\"https:\/\/yestothenet.com\/plan-site\/\",\"url\":\"https:\/\/yestothenet.com\/plan-site\/\",\"name\":\"Plan site - Yes To The Net\",\"isPartOf\":{\"@id\":\"https:\/\/yestothenet.com\/#website\"},\"datePublished\":\"2023-12-07T11:06:45+00:00\",\"dateModified\":\"2024-08-26T13:06:38+00:00\",\"breadcrumb\":{\"@id\":\"https:\/\/yestothenet.com\/plan-site\/#breadcrumb\"},\"inLanguage\":\"es\",\"potentialAction\":[{\"@type\":\"ReadAction\",\"target\":[\"https:\/\/yestothenet.com\/plan-site\/\"]}]},{\"@type\":\"BreadcrumbList\",\"@id\":\"https:\/\/yestothenet.com\/plan-site\/#breadcrumb\",\"itemListElement\":[{\"@type\":\"ListItem\",\"position\":1,\"name\":\"Accueil\",\"item\":\"https:\/\/yestothenet.com\/\"},{\"@type\":\"ListItem\",\"position\":2,\"name\":\"Plan site\"}]},{\"@type\":\"WebSite\",\"@id\":\"https:\/\/yestothenet.com\/#website\",\"url\":\"https:\/\/yestothenet.com\/\",\"name\":\"YES TO THE NET\",\"description\":\"Votre agence de communication \u00e0 Marrakech\",\"publisher\":{\"@id\":\"https:\/\/yestothenet.com\/#organization\"},\"potentialAction\":[{\"@type\":\"SearchAction\",\"target\":{\"@type\":\"EntryPoint\",\"urlTemplate\":\"https:\/\/yestothenet.com\/?s={search_term_string}\"},\"query-input\":{\"@type\":\"PropertyValueSpecification\",\"valueRequired\":true,\"valueName\":\"search_term_string\"}}],\"inLanguage\":\"es\"},{\"@type\":\"Organization\",\"@id\":\"https:\/\/yestothenet.com\/#organization\",\"name\":\"YES TO THE NET\",\"url\":\"https:\/\/yestothenet.com\/\",\"logo\":{\"@type\":\"ImageObject\",\"inLanguage\":\"es\",\"@id\":\"https:\/\/yestothenet.com\/#\/schema\/logo\/image\/\",\"url\":\"https:\/\/yestothenet.com\/wp-content\/uploads\/2024\/02\/cropped-YES_THE_TO_NET-removebg-preview.png\",\"contentUrl\":\"https:\/\/yestothenet.com\/wp-content\/uploads\/2024\/02\/cropped-YES_THE_TO_NET-removebg-preview.png\",\"width\":512,\"height\":512,\"caption\":\"YES TO THE NET\"},\"image\":{\"@id\":\"https:\/\/yestothenet.com\/#\/schema\/logo\/image\/\"},\"sameAs\":[\"https:\/\/www.instagram.com\/yestothenet\/\"]}]}<\/script>\n<!-- \/ Yoast SEO plugin. -->","yoast_head_json":{"title":"Plan site - Yes To The Net","robots":{"index":"index","follow":"follow","max-snippet":"max-snippet:-1","max-image-preview":"max-image-preview:large","max-video-preview":"max-video-preview:-1"},"canonical":"https:\/\/yestothenet.com\/es\/plan-site\/","og_locale":"es_ES","og_type":"article","og_title":"Plan site - Yes To The Net","og_description":"Plan de site : Pages : accueil Agence Site web Application Web Application mobile\u00a0 R\u00e9f\u00e9rencement naturel R\u00e9f\u00e9rencement payant Conception graphique Community management Outsourcing IT Agence web offshore Nos r\u00e9f\u00e9rences Contact LP Agence de communication Agadir Agence de communication Gu\u00e9liz Agence de communication Beni mellal Agence de communication Casablanca Agence de communication Fes Agence de communication [&hellip;]","og_url":"https:\/\/yestothenet.com\/es\/plan-site\/","og_site_name":"Yes To The Net","article_publisher":"https:\/\/www.instagram.com\/yestothenet\/","article_modified_time":"2024-08-26T13:06:38+00:00","og_image":[{"width":1280,"height":536,"url":"https:\/\/yestothenet.com\/wp-content\/uploads\/2020\/09\/YES-THE-TO-NET-1.jpeg","type":"image\/jpeg"}],"twitter_card":"summary_large_image","twitter_misc":{"Tiempo de lectura":"2 minutos"},"schema":{"@context":"https:\/\/schema.org","@graph":[{"@type":"WebPage","@id":"https:\/\/yestothenet.com\/plan-site\/","url":"https:\/\/yestothenet.com\/plan-site\/","name":"Plan site - Yes To The Net","isPartOf":{"@id":"https:\/\/yestothenet.com\/#website"},"datePublished":"2023-12-07T11:06:45+00:00","dateModified":"2024-08-26T13:06:38+00:00","breadcrumb":{"@id":"https:\/\/yestothenet.com\/plan-site\/#breadcrumb"},"inLanguage":"es","potentialAction":[{"@type":"ReadAction","target":["https:\/\/yestothenet.com\/plan-site\/"]}]},{"@type":"BreadcrumbList","@id":"https:\/\/yestothenet.com\/plan-site\/#breadcrumb","itemListElement":[{"@type":"ListItem","position":1,"name":"Accueil","item":"https:\/\/yestothenet.com\/"},{"@type":"ListItem","position":2,"name":"Plan site"}]},{"@type":"WebSite","@id":"https:\/\/yestothenet.com\/#website","url":"https:\/\/yestothenet.com\/","name":"YES TO THE NET","description":"Votre agence de communication \u00e0 Marrakech","publisher":{"@id":"https:\/\/yestothenet.com\/#organization"},"potentialAction":[{"@type":"SearchAction","target":{"@type":"EntryPoint","urlTemplate":"https:\/\/yestothenet.com\/?s={search_term_string}"},"query-input":{"@type":"PropertyValueSpecification","valueRequired":true,"valueName":"search_term_string"}}],"inLanguage":"es"},{"@type":"Organization","@id":"https:\/\/yestothenet.com\/#organization","name":"YES TO THE NET","url":"https:\/\/yestothenet.com\/","logo":{"@type":"ImageObject","inLanguage":"es","@id":"https:\/\/yestothenet.com\/#\/schema\/logo\/image\/","url":"https:\/\/yestothenet.com\/wp-content\/uploads\/2024\/02\/cropped-YES_THE_TO_NET-removebg-preview.png","contentUrl":"https:\/\/yestothenet.com\/wp-content\/uploads\/2024\/02\/cropped-YES_THE_TO_NET-removebg-preview.png","width":512,"height":512,"caption":"YES TO THE NET"},"image":{"@id":"https:\/\/yestothenet.com\/#\/schema\/logo\/image\/"},"sameAs":["https:\/\/www.instagram.com\/yestothenet\/"]}]}},"_links":{"self":[{"href":"https:\/\/yestothenet.com\/es\/wp-json\/wp\/v2\/pages\/6332","targetHints":{"allow":["GET"]}}],"collection":[{"href":"https:\/\/yestothenet.com\/es\/wp-json\/wp\/v2\/pages"}],"about":[{"href":"https:\/\/yestothenet.com\/es\/wp-json\/wp\/v2\/types\/page"}],"author":[{"embeddable":true,"href":"https:\/\/yestothenet.com\/es\/wp-json\/wp\/v2\/users\/1"}],"replies":[{"embeddable":true,"href":"https:\/\/yestothenet.com\/es\/wp-json\/wp\/v2\/comments?post=6332"}],"version-history":[{"count":100,"href":"https:\/\/yestothenet.com\/es\/wp-json\/wp\/v2\/pages\/6332\/revisions"}],"predecessor-version":[{"id":8910,"href":"https:\/\/yestothenet.com\/es\/wp-json\/wp\/v2\/pages\/6332\/revisions\/8910"}],"wp:attachment":[{"href":"https:\/\/yestothenet.com\/es\/wp-json\/wp\/v2\/media?parent=6332"}],"curies":[{"name":"wp","href":"https:\/\/api.w.org\/{rel}","templated":true}]}}