{"id":6236,"date":"2023-12-04T14:42:45","date_gmt":"2023-12-04T13:42:45","guid":{"rendered":"https:\/\/yestothenet.com\/?page_id=6236"},"modified":"2024-03-05T12:44:53","modified_gmt":"2024-03-05T11:44:53","slug":"reference-nike","status":"publish","type":"page","link":"https:\/\/yestothenet.com\/es\/referencia-de-nike\/","title":{"rendered":"Referencia de Nike"},"content":{"rendered":"<div data-elementor-type=\"wp-page\" data-elementor-id=\"6236\" class=\"elementor elementor-6236\" data-elementor-post-type=\"page\">\n\t\t\t\t\t\t<section class=\"elementor-section elementor-top-section elementor-element elementor-element-bee6386 ot-traditional elementor-section-boxed elementor-section-height-default elementor-section-height-default\" data-id=\"bee6386\" data-element_type=\"section\">\n\t\t\t\t\t\t<div class=\"elementor-container elementor-column-gap-default\">\n\t\t\t\t\t<div class=\"elementor-column elementor-col-100 elementor-top-column elementor-element elementor-element-0799d09 ot-flex-column-vertical\" data-id=\"0799d09\" data-element_type=\"column\">\n\t\t\t<div class=\"elementor-widget-wrap elementor-element-populated\">\n\t\t\t\t\t\t<div class=\"elementor-element elementor-element-532727b elementor-widget elementor-widget-button\" data-id=\"532727b\" data-element_type=\"widget\" data-widget_type=\"button.default\">\n\t\t\t\t<div class=\"elementor-widget-container\">\n\t\t\t\t\t<div class=\"elementor-button-wrapper\">\n\t\t\t<a class=\"elementor-button elementor-button-link elementor-size-lg\" href=\"https:\/\/yestothenet.com\/es\/referencias\/\">\n\t\t\t\t\t\t<span class=\"elementor-button-content-wrapper\">\n\t\t\t\t\t\t<span class=\"elementor-button-icon\">\n\t\t\t\t<i aria-hidden=\"true\" class=\"fas fa-angle-left\"><\/i>\t\t\t<\/span>\n\t\t\t\t\t\t\t\t<\/span>\n\t\t\t\t\t<\/a>\n\t\t<\/div>\n\t\t\t\t<\/div>\n\t\t\t\t<\/div>\n\t\t\t\t\t<\/div>\n\t\t<\/div>\n\t\t\t\t\t<\/div>\n\t\t<\/section>\n\t\t\t\t<section class=\"elementor-section elementor-top-section elementor-element elementor-element-e3ad48e ot-traditional elementor-section-boxed elementor-section-height-default elementor-section-height-default\" data-id=\"e3ad48e\" data-element_type=\"section\">\n\t\t\t\t\t\t<div class=\"elementor-container elementor-column-gap-default\">\n\t\t\t\t\t<div class=\"elementor-column elementor-col-100 elementor-top-column elementor-element elementor-element-d02fae9 ot-flex-column-vertical\" data-id=\"d02fae9\" data-element_type=\"column\">\n\t\t\t<div class=\"elementor-widget-wrap elementor-element-populated\">\n\t\t\t\t\t\t<div class=\"elementor-element elementor-element-972ad14 elementor-widget elementor-widget-iheading\" data-id=\"972ad14\" data-element_type=\"widget\" data-widget_type=\"iheading.default\">\n\t\t\t\t<div class=\"elementor-widget-container\">\n\t\t\t\t\t<div class=\"ot-heading\">\r\n\t        <h1 class=\"main-heading\">Nike: Revoluci\u00f3n digital en la ropa deportiva<\/h1>\t    <\/div>\r\n\t    \t\t<\/div>\n\t\t\t\t<\/div>\n\t\t\t\t\t<\/div>\n\t\t<\/div>\n\t\t\t\t\t<\/div>\n\t\t<\/section>\n\t\t\t\t<section class=\"elementor-section elementor-top-section elementor-element elementor-element-d198b53 ot-traditional elementor-section-boxed elementor-section-height-default elementor-section-height-default\" data-id=\"d198b53\" data-element_type=\"section\">\n\t\t\t\t\t\t<div class=\"elementor-container elementor-column-gap-default\">\n\t\t\t\t\t<div class=\"elementor-column elementor-col-100 elementor-top-column elementor-element elementor-element-ce2546a ot-flex-column-vertical\" data-id=\"ce2546a\" data-element_type=\"column\">\n\t\t\t<div class=\"elementor-widget-wrap elementor-element-populated\">\n\t\t\t\t\t\t<div class=\"elementor-element elementor-element-b05d7d1 elementor-widget elementor-widget-image\" data-id=\"b05d7d1\" data-element_type=\"widget\" data-widget_type=\"image.default\">\n\t\t\t\t<div class=\"elementor-widget-container\">\n\t\t\t\t\t\t\t\t\t\t\t\t\t<img fetchpriority=\"high\" decoding=\"async\" width=\"768\" height=\"595\" src=\"https:\/\/yestothenet.com\/wp-content\/uploads\/2023\/12\/7_HOME_connexion-copie-768x595.jpg\" class=\"attachment-medium_large size-medium_large wp-image-6238\" alt=\"\" srcset=\"https:\/\/yestothenet.com\/wp-content\/uploads\/2023\/12\/7_HOME_connexion-copie-768x595.jpg 768w, https:\/\/yestothenet.com\/wp-content\/uploads\/2023\/12\/7_HOME_connexion-copie-300x233.jpg 300w, https:\/\/yestothenet.com\/wp-content\/uploads\/2023\/12\/7_HOME_connexion-copie-1024x794.jpg 1024w, https:\/\/yestothenet.com\/wp-content\/uploads\/2023\/12\/7_HOME_connexion-copie-1536x1190.jpg 1536w, https:\/\/yestothenet.com\/wp-content\/uploads\/2023\/12\/7_HOME_connexion-copie-720x558.jpg 720w, https:\/\/yestothenet.com\/wp-content\/uploads\/2023\/12\/7_HOME_connexion-copie.jpg 1600w\" sizes=\"(max-width: 768px) 100vw, 768px\" \/>\t\t\t\t\t\t\t\t\t\t\t\t\t<\/div>\n\t\t\t\t<\/div>\n\t\t\t\t\t<\/div>\n\t\t<\/div>\n\t\t\t\t\t<\/div>\n\t\t<\/section>\n\t\t\t\t<section class=\"elementor-section elementor-top-section elementor-element elementor-element-2db1430 elementor-section-content-middle ot-traditional elementor-section-boxed elementor-section-height-default elementor-section-height-default\" data-id=\"2db1430\" data-element_type=\"section\">\n\t\t\t\t\t\t<div class=\"elementor-container elementor-column-gap-default\">\n\t\t\t\t\t<div class=\"elementor-column elementor-col-100 elementor-top-column elementor-element elementor-element-9ca7f6d ot-flex-column-vertical\" data-id=\"9ca7f6d\" data-element_type=\"column\">\n\t\t\t<div class=\"elementor-widget-wrap elementor-element-populated\">\n\t\t\t\t\t\t<section class=\"elementor-section elementor-inner-section elementor-element elementor-element-ae21701 elementor-section-content-top elementor-section-full_width ot-traditional elementor-section-height-default elementor-section-height-default\" data-id=\"ae21701\" data-element_type=\"section\">\n\t\t\t\t\t\t<div class=\"elementor-container elementor-column-gap-extended\">\n\t\t\t\t\t<div class=\"elementor-column elementor-col-50 elementor-inner-column elementor-element elementor-element-78f9ac9 ot-flex-column-vertical\" data-id=\"78f9ac9\" data-element_type=\"column\">\n\t\t\t<div class=\"elementor-widget-wrap elementor-element-populated\">\n\t\t\t\t\t\t<div class=\"elementor-element elementor-element-25eb330 elementor-widget__width-initial elementor-widget elementor-widget-image\" data-id=\"25eb330\" data-element_type=\"widget\" data-widget_type=\"image.default\">\n\t\t\t\t<div class=\"elementor-widget-container\">\n\t\t\t\t\t\t\t\t\t\t\t\t\t<img decoding=\"async\" width=\"1536\" height=\"1190\" src=\"https:\/\/yestothenet.com\/wp-content\/uploads\/2023\/12\/9_ESPACE_PERSO-copie-1536x1190.jpg\" class=\"attachment-1536x1536 size-1536x1536 wp-image-6262\" alt=\"\" srcset=\"https:\/\/yestothenet.com\/wp-content\/uploads\/2023\/12\/9_ESPACE_PERSO-copie-1536x1190.jpg 1536w, https:\/\/yestothenet.com\/wp-content\/uploads\/2023\/12\/9_ESPACE_PERSO-copie-300x233.jpg 300w, https:\/\/yestothenet.com\/wp-content\/uploads\/2023\/12\/9_ESPACE_PERSO-copie-1024x794.jpg 1024w, https:\/\/yestothenet.com\/wp-content\/uploads\/2023\/12\/9_ESPACE_PERSO-copie-768x595.jpg 768w, https:\/\/yestothenet.com\/wp-content\/uploads\/2023\/12\/9_ESPACE_PERSO-copie-720x558.jpg 720w, https:\/\/yestothenet.com\/wp-content\/uploads\/2023\/12\/9_ESPACE_PERSO-copie.jpg 1600w\" sizes=\"(max-width: 1536px) 100vw, 1536px\" \/>\t\t\t\t\t\t\t\t\t\t\t\t\t<\/div>\n\t\t\t\t<\/div>\n\t\t\t\t\t<\/div>\n\t\t<\/div>\n\t\t\t\t<div class=\"elementor-column elementor-col-50 elementor-inner-column elementor-element elementor-element-dce0f81 ot-flex-column-vertical\" data-id=\"dce0f81\" data-element_type=\"column\">\n\t\t\t<div class=\"elementor-widget-wrap elementor-element-populated\">\n\t\t\t\t\t\t<div class=\"elementor-element elementor-element-734d7ce elementor-widget__width-initial elementor-widget elementor-widget-text-editor\" data-id=\"734d7ce\" data-element_type=\"widget\" data-widget_type=\"text-editor.default\">\n\t\t\t\t<div class=\"elementor-widget-container\">\n\t\t\t\t\t\t\t<p>Tuvimos el inmenso honor de colaborar con <strong>Nike<\/strong>, l\u00edder mundial en ropa deportiva. Nuestra misi\u00f3n era ambiciosa: transformar y revitalizar los gimnasios europeos a trav\u00e9s de... <strong>plataforma digital<\/strong> Innovador, centrado en la <strong>B2B digital<\/strong>.<\/p><p>Nuestro equipo dise\u00f1\u00f3 una soluci\u00f3n digital a medida que act\u00faa como puente entre Nike y los gimnasios. Esta plataforma ha demostrado ser una herramienta invaluable para impulsar las interacciones entre las marcas y los gerentes de gimnasios. Ofrece una interfaz intuitiva que permite a los gimnasios solicitar f\u00e1cilmente equipo deportivo de alta calidad, a la vez que se benefician de asesoramiento personalizado y promociones exclusivas.<\/p>\t\t\t\t\t\t<\/div>\n\t\t\t\t<\/div>\n\t\t\t\t\t<\/div>\n\t\t<\/div>\n\t\t\t\t\t<\/div>\n\t\t<\/section>\n\t\t\t\t\t<\/div>\n\t\t<\/div>\n\t\t\t\t\t<\/div>\n\t\t<\/section>\n\t\t\t\t<section class=\"elementor-section elementor-top-section elementor-element elementor-element-bdb0ffc ot-traditional elementor-section-boxed elementor-section-height-default elementor-section-height-default\" data-id=\"bdb0ffc\" data-element_type=\"section\">\n\t\t\t\t\t\t<div class=\"elementor-container elementor-column-gap-default\">\n\t\t\t\t\t<div class=\"elementor-column elementor-col-50 elementor-top-column elementor-element elementor-element-9cc0bda ot-flex-column-vertical\" data-id=\"9cc0bda\" data-element_type=\"column\">\n\t\t\t<div class=\"elementor-widget-wrap elementor-element-populated\">\n\t\t\t\t\t\t<div class=\"elementor-element elementor-element-29b9a5b elementor-widget elementor-widget-text-editor\" data-id=\"29b9a5b\" data-element_type=\"widget\" data-widget_type=\"text-editor.default\">\n\t\t\t\t<div class=\"elementor-widget-container\">\n\t\t\t\t\t\t\t<p>El proyecto fue una aut\u00e9ntica aventura tecnol\u00f3gica y comercial. Tuvimos que afrontar las diversas necesidades del mercado europeo, garantizando al mismo tiempo una experiencia de usuario fluida y atractiva. Gracias a nuestra experiencia digital y a nuestro profundo conocimiento de Nike y las necesidades de sus clientes, pudimos crear una soluci\u00f3n que no solo cumpli\u00f3, sino que super\u00f3 las expectativas.<\/p><p>\u00bfEl resultado? Una plataforma revolucionaria que fortalece la conexi\u00f3n entre Nike y los profesionales del deporte, a la vez que ofrece una experiencia enriquecida y personalizada a los gimnasios. Este logro demuestra nuestro compromiso con la innovaci\u00f3n y con la entrega de soluciones digitales de vanguardia que satisfacen con precisi\u00f3n las necesidades de nuestros clientes.<\/p><p>En la casa de <strong>S\u00cd A LA RED<\/strong>Estamos orgullosos de esta exitosa colaboraci\u00f3n con Nike y esperamos continuar nuestra b\u00fasqueda de la excelencia en el campo de la transformaci\u00f3n digital.<\/p>\t\t\t\t\t\t<\/div>\n\t\t\t\t<\/div>\n\t\t\t\t\t<\/div>\n\t\t<\/div>\n\t\t\t\t<div class=\"elementor-column elementor-col-50 elementor-top-column elementor-element elementor-element-c0a88e5 ot-flex-column-vertical\" data-id=\"c0a88e5\" data-element_type=\"column\">\n\t\t\t<div class=\"elementor-widget-wrap elementor-element-populated\">\n\t\t\t\t\t\t<div class=\"elementor-element elementor-element-7a799de elementor-widget__width-initial elementor-widget-mobile__width-initial elementor-hidden-tablet elementor-hidden-mobile elementor-widget elementor-widget-image\" data-id=\"7a799de\" data-element_type=\"widget\" data-widget_type=\"image.default\">\n\t\t\t\t<div class=\"elementor-widget-container\">\n\t\t\t\t\t\t\t\t\t\t\t\t\t<img decoding=\"async\" width=\"600\" height=\"827\" src=\"https:\/\/yestothenet.com\/wp-content\/uploads\/2023\/12\/3_MAIL_NIKE_B-copie.jpg\" class=\"attachment-large size-large wp-image-6239\" alt=\"\" srcset=\"https:\/\/yestothenet.com\/wp-content\/uploads\/2023\/12\/3_MAIL_NIKE_B-copie.jpg 600w, https:\/\/yestothenet.com\/wp-content\/uploads\/2023\/12\/3_MAIL_NIKE_B-copie-218x300.jpg 218w\" sizes=\"(max-width: 600px) 100vw, 600px\" \/>\t\t\t\t\t\t\t\t\t\t\t\t\t<\/div>\n\t\t\t\t<\/div>\n\t\t\t\t\t<\/div>\n\t\t<\/div>\n\t\t\t\t\t<\/div>\n\t\t<\/section>\n\t\t\t\t<section class=\"elementor-section elementor-top-section elementor-element elementor-element-761e987 ot-traditional elementor-section-boxed elementor-section-height-default elementor-section-height-default\" data-id=\"761e987\" data-element_type=\"section\">\n\t\t\t\t\t\t<div class=\"elementor-container elementor-column-gap-default\">\n\t\t\t\t\t<div class=\"elementor-column elementor-col-100 elementor-top-column elementor-element elementor-element-78fdeac ot-flex-column-vertical\" data-id=\"78fdeac\" data-element_type=\"column\">\n\t\t\t<div class=\"elementor-widget-wrap elementor-element-populated\">\n\t\t\t\t\t\t<div class=\"elementor-element elementor-element-c34caf1 elementor-widget elementor-widget-image\" data-id=\"c34caf1\" data-element_type=\"widget\" data-widget_type=\"image.default\">\n\t\t\t\t<div class=\"elementor-widget-container\">\n\t\t\t\t\t\t\t\t\t\t\t\t\t<img loading=\"lazy\" decoding=\"async\" width=\"768\" height=\"595\" src=\"https:\/\/yestothenet.com\/wp-content\/uploads\/2023\/12\/8_PAGE_LOGIN-copie-768x595.jpg\" class=\"attachment-medium_large size-medium_large wp-image-6240\" alt=\"\" srcset=\"https:\/\/yestothenet.com\/wp-content\/uploads\/2023\/12\/8_PAGE_LOGIN-copie-768x595.jpg 768w, https:\/\/yestothenet.com\/wp-content\/uploads\/2023\/12\/8_PAGE_LOGIN-copie-300x233.jpg 300w, https:\/\/yestothenet.com\/wp-content\/uploads\/2023\/12\/8_PAGE_LOGIN-copie-1024x794.jpg 1024w, https:\/\/yestothenet.com\/wp-content\/uploads\/2023\/12\/8_PAGE_LOGIN-copie-1536x1190.jpg 1536w, https:\/\/yestothenet.com\/wp-content\/uploads\/2023\/12\/8_PAGE_LOGIN-copie-720x558.jpg 720w, https:\/\/yestothenet.com\/wp-content\/uploads\/2023\/12\/8_PAGE_LOGIN-copie.jpg 1600w\" sizes=\"(max-width: 768px) 100vw, 768px\" \/>\t\t\t\t\t\t\t\t\t\t\t\t\t<\/div>\n\t\t\t\t<\/div>\n\t\t\t\t\t<\/div>\n\t\t<\/div>\n\t\t\t\t\t<\/div>\n\t\t<\/section>\n\t\t\t\t<\/div>","protected":false},"excerpt":{"rendered":"<p>Nike : R\u00e9volution num\u00e9rique dans le Sportswear Nous avons eu l&rsquo;immense honneur de collaborer avec Nike, un leader mondial dans le domaine du sportswear. Notre mission \u00e9tait ambitieuse : transformer et animer les salles de sport europ\u00e9ennes gr\u00e2ce \u00e0 une plateforme num\u00e9rique innovante, ax\u00e9e sur le digitale B2B. Notre \u00e9quipe a con\u00e7u une solution digitale [&hellip;]<\/p>","protected":false},"author":1,"featured_media":0,"parent":0,"menu_order":0,"comment_status":"closed","ping_status":"closed","template":"","meta":{"footnotes":""},"class_list":["post-6236","page","type-page","status-publish","hentry"],"yoast_head":"<!-- This site is optimized with the Yoast SEO plugin v23.6 - https:\/\/yoast.com\/wordpress\/plugins\/seo\/ -->\n<title>Nos r\u00e9f\u00e9rences Nike \u2013 L&#039;agence YES TO THE NET<\/title>\n<meta name=\"description\" content=\"D\u00e9couvrez nos r\u00e9f\u00e9rences de la marque Nike. Sollicitez de savoir-faire de votre agence de communication YES TO THE NET.\" \/>\n<meta name=\"robots\" content=\"index, follow, max-snippet:-1, max-image-preview:large, max-video-preview:-1\" \/>\n<link rel=\"canonical\" href=\"https:\/\/yestothenet.com\/es\/referencia-de-nike\/\" \/>\n<meta property=\"og:locale\" content=\"es_ES\" \/>\n<meta property=\"og:type\" content=\"article\" \/>\n<meta property=\"og:title\" content=\"Nos r\u00e9f\u00e9rences Nike \u2013 L&#039;agence YES TO THE NET\" \/>\n<meta property=\"og:description\" content=\"D\u00e9couvrez nos r\u00e9f\u00e9rences de la marque Nike. Sollicitez de savoir-faire de votre agence de communication YES TO THE NET.\" \/>\n<meta property=\"og:url\" content=\"https:\/\/yestothenet.com\/es\/referencia-de-nike\/\" \/>\n<meta property=\"og:site_name\" content=\"Yes To The Net\" \/>\n<meta property=\"article:publisher\" content=\"https:\/\/www.instagram.com\/yestothenet\/\" \/>\n<meta property=\"article:modified_time\" content=\"2024-03-05T11:44:53+00:00\" \/>\n<meta property=\"og:image\" content=\"https:\/\/yestothenet.com\/wp-content\/uploads\/2023\/12\/7_HOME_connexion-copie-768x595.jpg\" \/>\n<meta name=\"twitter:card\" content=\"summary_large_image\" \/>\n<meta name=\"twitter:label1\" content=\"Tiempo de lectura\" \/>\n\t<meta name=\"twitter:data1\" content=\"3 minutos\" \/>\n<script type=\"application\/ld+json\" class=\"yoast-schema-graph\">{\"@context\":\"https:\/\/schema.org\",\"@graph\":[{\"@type\":\"WebPage\",\"@id\":\"https:\/\/yestothenet.com\/reference-nike\/\",\"url\":\"https:\/\/yestothenet.com\/reference-nike\/\",\"name\":\"Nos r\u00e9f\u00e9rences Nike \u2013 L'agence YES TO THE NET\",\"isPartOf\":{\"@id\":\"https:\/\/yestothenet.com\/#website\"},\"primaryImageOfPage\":{\"@id\":\"https:\/\/yestothenet.com\/reference-nike\/#primaryimage\"},\"image\":{\"@id\":\"https:\/\/yestothenet.com\/reference-nike\/#primaryimage\"},\"thumbnailUrl\":\"https:\/\/yestothenet.com\/wp-content\/uploads\/2023\/12\/7_HOME_connexion-copie-768x595.jpg\",\"datePublished\":\"2023-12-04T13:42:45+00:00\",\"dateModified\":\"2024-03-05T11:44:53+00:00\",\"description\":\"D\u00e9couvrez nos r\u00e9f\u00e9rences de la marque Nike. Sollicitez de savoir-faire de votre agence de communication YES TO THE NET.\",\"breadcrumb\":{\"@id\":\"https:\/\/yestothenet.com\/reference-nike\/#breadcrumb\"},\"inLanguage\":\"es\",\"potentialAction\":[{\"@type\":\"ReadAction\",\"target\":[\"https:\/\/yestothenet.com\/reference-nike\/\"]}]},{\"@type\":\"ImageObject\",\"inLanguage\":\"es\",\"@id\":\"https:\/\/yestothenet.com\/reference-nike\/#primaryimage\",\"url\":\"https:\/\/yestothenet.com\/wp-content\/uploads\/2023\/12\/7_HOME_connexion-copie-768x595.jpg\",\"contentUrl\":\"https:\/\/yestothenet.com\/wp-content\/uploads\/2023\/12\/7_HOME_connexion-copie-768x595.jpg\"},{\"@type\":\"BreadcrumbList\",\"@id\":\"https:\/\/yestothenet.com\/reference-nike\/#breadcrumb\",\"itemListElement\":[{\"@type\":\"ListItem\",\"position\":1,\"name\":\"Accueil\",\"item\":\"https:\/\/yestothenet.com\/\"},{\"@type\":\"ListItem\",\"position\":2,\"name\":\"r\u00e9f\u00e9rence nike\"}]},{\"@type\":\"WebSite\",\"@id\":\"https:\/\/yestothenet.com\/#website\",\"url\":\"https:\/\/yestothenet.com\/\",\"name\":\"YES TO THE NET\",\"description\":\"Votre agence de communication \u00e0 Marrakech\",\"publisher\":{\"@id\":\"https:\/\/yestothenet.com\/#organization\"},\"potentialAction\":[{\"@type\":\"SearchAction\",\"target\":{\"@type\":\"EntryPoint\",\"urlTemplate\":\"https:\/\/yestothenet.com\/?s={search_term_string}\"},\"query-input\":{\"@type\":\"PropertyValueSpecification\",\"valueRequired\":true,\"valueName\":\"search_term_string\"}}],\"inLanguage\":\"es\"},{\"@type\":\"Organization\",\"@id\":\"https:\/\/yestothenet.com\/#organization\",\"name\":\"YES TO THE NET\",\"url\":\"https:\/\/yestothenet.com\/\",\"logo\":{\"@type\":\"ImageObject\",\"inLanguage\":\"es\",\"@id\":\"https:\/\/yestothenet.com\/#\/schema\/logo\/image\/\",\"url\":\"https:\/\/yestothenet.com\/wp-content\/uploads\/2024\/02\/cropped-YES_THE_TO_NET-removebg-preview.png\",\"contentUrl\":\"https:\/\/yestothenet.com\/wp-content\/uploads\/2024\/02\/cropped-YES_THE_TO_NET-removebg-preview.png\",\"width\":512,\"height\":512,\"caption\":\"YES TO THE NET\"},\"image\":{\"@id\":\"https:\/\/yestothenet.com\/#\/schema\/logo\/image\/\"},\"sameAs\":[\"https:\/\/www.instagram.com\/yestothenet\/\"]}]}<\/script>\n<!-- \/ Yoast SEO plugin. -->","yoast_head_json":{"title":"Nos r\u00e9f\u00e9rences Nike \u2013 L'agence YES TO THE NET","description":"D\u00e9couvrez nos r\u00e9f\u00e9rences de la marque Nike. Sollicitez de savoir-faire de votre agence de communication YES TO THE NET.","robots":{"index":"index","follow":"follow","max-snippet":"max-snippet:-1","max-image-preview":"max-image-preview:large","max-video-preview":"max-video-preview:-1"},"canonical":"https:\/\/yestothenet.com\/es\/referencia-de-nike\/","og_locale":"es_ES","og_type":"article","og_title":"Nos r\u00e9f\u00e9rences Nike \u2013 L'agence YES TO THE NET","og_description":"D\u00e9couvrez nos r\u00e9f\u00e9rences de la marque Nike. Sollicitez de savoir-faire de votre agence de communication YES TO THE NET.","og_url":"https:\/\/yestothenet.com\/es\/referencia-de-nike\/","og_site_name":"Yes To The Net","article_publisher":"https:\/\/www.instagram.com\/yestothenet\/","article_modified_time":"2024-03-05T11:44:53+00:00","og_image":[{"url":"https:\/\/yestothenet.com\/wp-content\/uploads\/2023\/12\/7_HOME_connexion-copie-768x595.jpg"}],"twitter_card":"summary_large_image","twitter_misc":{"Tiempo de lectura":"3 minutos"},"schema":{"@context":"https:\/\/schema.org","@graph":[{"@type":"WebPage","@id":"https:\/\/yestothenet.com\/reference-nike\/","url":"https:\/\/yestothenet.com\/reference-nike\/","name":"Nos r\u00e9f\u00e9rences Nike \u2013 L'agence YES TO THE NET","isPartOf":{"@id":"https:\/\/yestothenet.com\/#website"},"primaryImageOfPage":{"@id":"https:\/\/yestothenet.com\/reference-nike\/#primaryimage"},"image":{"@id":"https:\/\/yestothenet.com\/reference-nike\/#primaryimage"},"thumbnailUrl":"https:\/\/yestothenet.com\/wp-content\/uploads\/2023\/12\/7_HOME_connexion-copie-768x595.jpg","datePublished":"2023-12-04T13:42:45+00:00","dateModified":"2024-03-05T11:44:53+00:00","description":"D\u00e9couvrez nos r\u00e9f\u00e9rences de la marque Nike. Sollicitez de savoir-faire de votre agence de communication YES TO THE NET.","breadcrumb":{"@id":"https:\/\/yestothenet.com\/reference-nike\/#breadcrumb"},"inLanguage":"es","potentialAction":[{"@type":"ReadAction","target":["https:\/\/yestothenet.com\/reference-nike\/"]}]},{"@type":"ImageObject","inLanguage":"es","@id":"https:\/\/yestothenet.com\/reference-nike\/#primaryimage","url":"https:\/\/yestothenet.com\/wp-content\/uploads\/2023\/12\/7_HOME_connexion-copie-768x595.jpg","contentUrl":"https:\/\/yestothenet.com\/wp-content\/uploads\/2023\/12\/7_HOME_connexion-copie-768x595.jpg"},{"@type":"BreadcrumbList","@id":"https:\/\/yestothenet.com\/reference-nike\/#breadcrumb","itemListElement":[{"@type":"ListItem","position":1,"name":"Accueil","item":"https:\/\/yestothenet.com\/"},{"@type":"ListItem","position":2,"name":"r\u00e9f\u00e9rence nike"}]},{"@type":"WebSite","@id":"https:\/\/yestothenet.com\/#website","url":"https:\/\/yestothenet.com\/","name":"YES TO THE NET","description":"Votre agence de communication \u00e0 Marrakech","publisher":{"@id":"https:\/\/yestothenet.com\/#organization"},"potentialAction":[{"@type":"SearchAction","target":{"@type":"EntryPoint","urlTemplate":"https:\/\/yestothenet.com\/?s={search_term_string}"},"query-input":{"@type":"PropertyValueSpecification","valueRequired":true,"valueName":"search_term_string"}}],"inLanguage":"es"},{"@type":"Organization","@id":"https:\/\/yestothenet.com\/#organization","name":"YES TO THE NET","url":"https:\/\/yestothenet.com\/","logo":{"@type":"ImageObject","inLanguage":"es","@id":"https:\/\/yestothenet.com\/#\/schema\/logo\/image\/","url":"https:\/\/yestothenet.com\/wp-content\/uploads\/2024\/02\/cropped-YES_THE_TO_NET-removebg-preview.png","contentUrl":"https:\/\/yestothenet.com\/wp-content\/uploads\/2024\/02\/cropped-YES_THE_TO_NET-removebg-preview.png","width":512,"height":512,"caption":"YES TO THE NET"},"image":{"@id":"https:\/\/yestothenet.com\/#\/schema\/logo\/image\/"},"sameAs":["https:\/\/www.instagram.com\/yestothenet\/"]}]}},"_links":{"self":[{"href":"https:\/\/yestothenet.com\/es\/wp-json\/wp\/v2\/pages\/6236","targetHints":{"allow":["GET"]}}],"collection":[{"href":"https:\/\/yestothenet.com\/es\/wp-json\/wp\/v2\/pages"}],"about":[{"href":"https:\/\/yestothenet.com\/es\/wp-json\/wp\/v2\/types\/page"}],"author":[{"embeddable":true,"href":"https:\/\/yestothenet.com\/es\/wp-json\/wp\/v2\/users\/1"}],"replies":[{"embeddable":true,"href":"https:\/\/yestothenet.com\/es\/wp-json\/wp\/v2\/comments?post=6236"}],"version-history":[{"count":40,"href":"https:\/\/yestothenet.com\/es\/wp-json\/wp\/v2\/pages\/6236\/revisions"}],"predecessor-version":[{"id":7430,"href":"https:\/\/yestothenet.com\/es\/wp-json\/wp\/v2\/pages\/6236\/revisions\/7430"}],"wp:attachment":[{"href":"https:\/\/yestothenet.com\/es\/wp-json\/wp\/v2\/media?parent=6236"}],"curies":[{"name":"wp","href":"https:\/\/api.w.org\/{rel}","templated":true}]}}