{"id":6199,"date":"2023-12-04T12:17:49","date_gmt":"2023-12-04T11:17:49","guid":{"rendered":"https:\/\/yestothenet.com\/?page_id=6199"},"modified":"2023-12-04T12:24:39","modified_gmt":"2023-12-04T11:24:39","slug":"agence-web-casablanca-berrchid-el-jadida","status":"publish","type":"page","link":"https:\/\/yestothenet.com\/es\/agencia-web-casablanca-berrchid-el-jadida\/","title":{"rendered":"\u2026Agencia web Casablanca, Berrchid, El Yadida"},"content":{"rendered":"<div data-elementor-type=\"wp-page\" data-elementor-id=\"6199\" class=\"elementor elementor-6199\" data-elementor-post-type=\"page\">\n\t\t\t\t\t\t<section class=\"elementor-section elementor-top-section elementor-element elementor-element-2db1430 elementor-section-content-middle ot-traditional elementor-section-boxed elementor-section-height-default elementor-section-height-default\" data-id=\"2db1430\" data-element_type=\"section\">\n\t\t\t\t\t\t<div class=\"elementor-container elementor-column-gap-default\">\n\t\t\t\t\t<div class=\"elementor-column elementor-col-100 elementor-top-column elementor-element elementor-element-9ca7f6d ot-flex-column-vertical\" data-id=\"9ca7f6d\" data-element_type=\"column\">\n\t\t\t<div class=\"elementor-widget-wrap elementor-element-populated\">\n\t\t\t\t\t\t<section class=\"elementor-section elementor-inner-section elementor-element elementor-element-ae21701 elementor-section-content-top elementor-section-full_width ot-traditional elementor-section-height-default elementor-section-height-default\" data-id=\"ae21701\" data-element_type=\"section\">\n\t\t\t\t\t\t<div class=\"elementor-container elementor-column-gap-extended\">\n\t\t\t\t\t<div class=\"elementor-column elementor-col-50 elementor-inner-column elementor-element elementor-element-78f9ac9 ot-flex-column-vertical\" data-id=\"78f9ac9\" data-element_type=\"column\">\n\t\t\t<div class=\"elementor-widget-wrap elementor-element-populated\">\n\t\t\t\t\t\t<div class=\"elementor-element elementor-element-25eb330 elementor-widget elementor-widget-image\" data-id=\"25eb330\" data-element_type=\"widget\" data-widget_type=\"image.default\">\n\t\t\t\t<div class=\"elementor-widget-container\">\n\t\t\t\t\t\t\t\t\t\t\t\t\t<img fetchpriority=\"high\" decoding=\"async\" width=\"500\" height=\"500\" src=\"https:\/\/yestothenet.com\/wp-content\/uploads\/2023\/12\/agence-Web-Casablanca-Berrchid-El-jadida.webp\" class=\"attachment-large size-large wp-image-6202\" alt=\"Agencia web Casablanca, Berrchid, El Yadida\" srcset=\"https:\/\/yestothenet.com\/wp-content\/uploads\/2023\/12\/agence-Web-Casablanca-Berrchid-El-jadida.webp 500w, https:\/\/yestothenet.com\/wp-content\/uploads\/2023\/12\/agence-Web-Casablanca-Berrchid-El-jadida-300x300.webp 300w, https:\/\/yestothenet.com\/wp-content\/uploads\/2023\/12\/agence-Web-Casablanca-Berrchid-El-jadida-150x150.webp 150w\" sizes=\"(max-width: 500px) 100vw, 500px\" \/>\t\t\t\t\t\t\t\t\t\t\t\t\t<\/div>\n\t\t\t\t<\/div>\n\t\t\t\t\t<\/div>\n\t\t<\/div>\n\t\t\t\t<div class=\"elementor-column elementor-col-50 elementor-inner-column elementor-element elementor-element-dce0f81 ot-flex-column-vertical\" data-id=\"dce0f81\" data-element_type=\"column\">\n\t\t\t<div class=\"elementor-widget-wrap elementor-element-populated\">\n\t\t\t\t\t\t<div class=\"elementor-element elementor-element-ea79d5e elementor-widget elementor-widget-iheading\" data-id=\"ea79d5e\" data-element_type=\"widget\" data-widget_type=\"iheading.default\">\n\t\t\t\t<div class=\"elementor-widget-container\">\n\t\t\t\t\t<div class=\"ot-heading\">\r\n\t        <h1 class=\"main-heading\">\nS\u00cd A LA RED \u2013 Su agencia web Casablanca, Berrchid, El Jadida<\/h1>\t    <\/div>\r\n\t    \t\t<\/div>\n\t\t\t\t<\/div>\n\t\t\t\t<div class=\"elementor-element elementor-element-734d7ce elementor-widget elementor-widget-text-editor\" data-id=\"734d7ce\" data-element_type=\"widget\" data-widget_type=\"text-editor.default\">\n\t\t\t\t<div class=\"elementor-widget-container\">\n\t\t\t\t\t\t\t<p>Est\u00e1s buscando una <strong>Agencia web Casablanca, Berrchid, El Yadida<\/strong>\u00a0? S\u00cd A LA RED est\u00e1 dirigido a profesionales de todos los sectores de actividad.<\/p><p>Hoy en d\u00eda, la ausencia de presencia en l\u00ednea es sin\u00f3nimo de invisibilidad en el mercado. Un sitio web cuidadosamente dise\u00f1ado se convierte en un escaparate siempre abierto, ofreciendo acceso universal en cualquier momento. Esta accesibilidad permanente no es solo cuesti\u00f3n de visibilidad; un sitio web eficaz puede ofrecer muchas ventajas adicionales.<\/p><p>NUESTRO <strong><span style=\"color: #33cccc;\"><a style=\"color: #33cccc;\" href=\"https:\/\/yestothenet.com\/es\/agencia-web-en-marrakech\/\">agencia web<\/a><\/span> Casablanca, Berrchid, El Yadida<\/strong>\u00a0Ofrece una gama completa de servicios para aumentar su credibilidad y el conocimiento de su marca. En un mundo donde la primera impresi\u00f3n suele formarse en l\u00ednea, un sitio web profesional y bien estructurado es crucial para generar confianza. Refleja la calidad y fiabilidad de su negocio o marca.<\/p><p>Para conocer m\u00e1s sobre los diferentes servicios de nuestros <strong>Agencia web Casablanca, Berrchid, El Yadida<\/strong> o para concertar una cita, ll\u00e1manos al <span style=\"color: #33cccc;\"><a style=\"color: #33cccc;\" href=\"tel:06 61 26 30 34\"><strong>06 61 26 30 34<\/strong><\/a><\/span> o complete el formulario de contacto. Nos pondremos en contacto con usted lo antes posible.<\/p>\t\t\t\t\t\t<\/div>\n\t\t\t\t<\/div>\n\t\t\t\t\t<\/div>\n\t\t<\/div>\n\t\t\t\t\t<\/div>\n\t\t<\/section>\n\t\t\t\t\t<\/div>\n\t\t<\/div>\n\t\t\t\t\t<\/div>\n\t\t<\/section>\n\t\t\t\t<section class=\"elementor-section elementor-top-section elementor-element elementor-element-30c462d ot-traditional elementor-section-boxed elementor-section-height-default elementor-section-height-default\" data-id=\"30c462d\" data-element_type=\"section\">\n\t\t\t\t\t\t<div class=\"elementor-container elementor-column-gap-default\">\n\t\t\t\t\t<div class=\"elementor-column elementor-col-100 elementor-top-column elementor-element elementor-element-c788162 ot-flex-column-vertical\" data-id=\"c788162\" data-element_type=\"column\">\n\t\t\t<div class=\"elementor-widget-wrap elementor-element-populated\">\n\t\t\t\t\t\t<section class=\"elementor-section elementor-inner-section elementor-element elementor-element-ab020ed elementor-section-full_width elementor-section-content-bottom ot-traditional elementor-section-height-default elementor-section-height-default\" data-id=\"ab020ed\" data-element_type=\"section\" data-settings=\"{&quot;background_background&quot;:&quot;classic&quot;}\">\n\t\t\t\t\t\t\t<div class=\"elementor-background-overlay\"><\/div>\n\t\t\t\t\t\t\t<div class=\"elementor-container elementor-column-gap-extended\">\n\t\t\t\t\t<div class=\"elementor-column elementor-col-50 elementor-inner-column elementor-element elementor-element-ffaaf2a ot-flex-column-vertical\" data-id=\"ffaaf2a\" data-element_type=\"column\">\n\t\t\t<div class=\"elementor-widget-wrap elementor-element-populated\">\n\t\t\t\t\t\t<div class=\"elementor-element elementor-element-5ff7ce1 elementor-widget elementor-widget-iheading\" data-id=\"5ff7ce1\" data-element_type=\"widget\" data-widget_type=\"iheading.default\">\n\t\t\t\t<div class=\"elementor-widget-container\">\n\t\t\t\t\t<div class=\"ot-heading\">\r\n\t        \t            <span>\/\/ En S\u00ed a la Red,<\/span>\r\n\t        <h2 class=\"main-heading\">Aumente su presencia en l\u00ednea.<\/h2>\t    <\/div>\r\n\t    \t\t<\/div>\n\t\t\t\t<\/div>\n\t\t\t\t\t<\/div>\n\t\t<\/div>\n\t\t\t\t<div class=\"elementor-column elementor-col-50 elementor-inner-column elementor-element elementor-element-3fd82f3 ot-flex-column-vertical\" data-id=\"3fd82f3\" data-element_type=\"column\">\n\t\t\t<div class=\"elementor-widget-wrap elementor-element-populated\">\n\t\t\t\t\t\t<div class=\"elementor-element elementor-element-e146430 elementor-align-right elementor-mobile-align-left elementor-widget elementor-widget-button\" data-id=\"e146430\" data-element_type=\"widget\" data-widget_type=\"button.default\">\n\t\t\t\t<div class=\"elementor-widget-container\">\n\t\t\t\t\t<div class=\"elementor-button-wrapper\">\n\t\t\t<a class=\"elementor-button elementor-button-link elementor-size-md\" href=\"https:\/\/yestothenet.com\/es\/contacto\/\">\n\t\t\t\t\t\t<span class=\"elementor-button-content-wrapper\">\n\t\t\t\t\t\t\t\t\t<span class=\"elementor-button-text\">Cont\u00e1ctanos<\/span>\n\t\t\t\t\t<\/span>\n\t\t\t\t\t<\/a>\n\t\t<\/div>\n\t\t\t\t<\/div>\n\t\t\t\t<\/div>\n\t\t\t\t\t<\/div>\n\t\t<\/div>\n\t\t\t\t\t<\/div>\n\t\t<\/section>\n\t\t\t\t\t<\/div>\n\t\t<\/div>\n\t\t\t\t\t<\/div>\n\t\t<\/section>\n\t\t\t\t<section class=\"elementor-section elementor-top-section elementor-element elementor-element-81a82a5 ot-traditional elementor-section-boxed elementor-section-height-default elementor-section-height-default\" data-id=\"81a82a5\" data-element_type=\"section\" data-settings=\"{&quot;background_background&quot;:&quot;classic&quot;}\">\n\t\t\t\t\t\t\t<div class=\"elementor-background-overlay\"><\/div>\n\t\t\t\t\t\t\t<div class=\"elementor-container elementor-column-gap-extended\">\n\t\t\t\t\t<div class=\"elementor-column elementor-col-50 elementor-top-column elementor-element elementor-element-18b89c0 ot-flex-column-vertical\" data-id=\"18b89c0\" data-element_type=\"column\">\n\t\t\t<div class=\"elementor-widget-wrap elementor-element-populated\">\n\t\t\t\t\t\t<div class=\"elementor-element elementor-element-45e921b elementor-widget elementor-widget-iheading\" data-id=\"45e921b\" data-element_type=\"widget\" data-widget_type=\"iheading.default\">\n\t\t\t\t<div class=\"elementor-widget-container\">\n\t\t\t\t\t<div class=\"ot-heading\">\r\n\t        <h2 class=\"main-heading\">Aproveche la experiencia de nuestra agencia web de Casablanca, Berrchid, El Jadida en la creaci\u00f3n de sitios web<\/h2>\t    <\/div>\r\n\t    \t\t<\/div>\n\t\t\t\t<\/div>\n\t\t\t\t<section class=\"elementor-section elementor-inner-section elementor-element elementor-element-dd648d0 elementor-section-full_width ot-traditional elementor-section-height-default elementor-section-height-default\" data-id=\"dd648d0\" data-element_type=\"section\">\n\t\t\t\t\t\t<div class=\"elementor-container elementor-column-gap-default\">\n\t\t\t\t\t<div class=\"elementor-column elementor-col-100 elementor-inner-column elementor-element elementor-element-9c59460 ot-flex-column-vertical\" data-id=\"9c59460\" data-element_type=\"column\">\n\t\t\t<div class=\"elementor-widget-wrap elementor-element-populated\">\n\t\t\t\t\t\t<div class=\"elementor-element elementor-element-9a4497b elementor-widget elementor-widget-text-editor\" data-id=\"9a4497b\" data-element_type=\"widget\" data-widget_type=\"text-editor.default\">\n\t\t\t\t<div class=\"elementor-widget-container\">\n\t\t\t\t\t\t\t<p>Un sitio web optimizado puede fortalecer la interacci\u00f3n y la fidelizaci\u00f3n de los clientes. Al ofrecer una experiencia de usuario fluida, informaci\u00f3n relevante e interacciones atractivas, puede crear una conexi\u00f3n m\u00e1s profunda con su audiencia. Esto incluye facilitar la retroalimentaci\u00f3n, ofrecer contenido interactivo y educativo, y hacer que los clientes se sientan escuchados y valorados.<br \/>Un sitio web eficaz te permite ampliar tu alcance e influencia en el mercado. Con las estrategias adecuadas de SEO y marketing de contenidos, tu sitio puede llegar a un p\u00fablico m\u00e1s amplio, trascendiendo fronteras geogr\u00e1ficas. Esto te abre nuevas oportunidades de mercado, permiti\u00e9ndote llegar a clientes potenciales que de otro modo no habr\u00edas podido alcanzar.<br \/>En resumen, un sitio web bien dise\u00f1ado es una herramienta poderosa que va m\u00e1s all\u00e1 de la mera visibilidad en l\u00ednea. Es esencial para construir una marca s\u00f3lida, fidelizar a una base de clientes comprometida y expandir su alcance en el vasto mundo digital.<\/p>\t\t\t\t\t\t<\/div>\n\t\t\t\t<\/div>\n\t\t\t\t\t<\/div>\n\t\t<\/div>\n\t\t\t\t\t<\/div>\n\t\t<\/section>\n\t\t\t\t\t<\/div>\n\t\t<\/div>\n\t\t\t\t<div class=\"elementor-column elementor-col-50 elementor-top-column elementor-element elementor-element-8a09494 ot-flex-column-vertical\" data-id=\"8a09494\" data-element_type=\"column\">\n\t\t\t<div class=\"elementor-widget-wrap elementor-element-populated\">\n\t\t\t\t\t\t<div class=\"elementor-element elementor-element-49ce0c4 elementor-widget elementor-widget-image\" data-id=\"49ce0c4\" data-element_type=\"widget\" data-widget_type=\"image.default\">\n\t\t\t\t<div class=\"elementor-widget-container\">\n\t\t\t\t\t\t\t\t\t\t\t\t\t<img decoding=\"async\" width=\"1024\" height=\"1024\" src=\"https:\/\/yestothenet.com\/wp-content\/uploads\/2023\/12\/agence-Web-Casablanca-Berrchid-El-jadida-1024x1024.png\" class=\"attachment-large size-large wp-image-6203\" alt=\"Agencia web Casablanca, Berrchid, El Yadida\" srcset=\"https:\/\/yestothenet.com\/wp-content\/uploads\/2023\/12\/agence-Web-Casablanca-Berrchid-El-jadida-1024x1024.png 1024w, https:\/\/yestothenet.com\/wp-content\/uploads\/2023\/12\/agence-Web-Casablanca-Berrchid-El-jadida-300x300.png 300w, https:\/\/yestothenet.com\/wp-content\/uploads\/2023\/12\/agence-Web-Casablanca-Berrchid-El-jadida-150x150.png 150w, https:\/\/yestothenet.com\/wp-content\/uploads\/2023\/12\/agence-Web-Casablanca-Berrchid-El-jadida-768x768.png 768w, https:\/\/yestothenet.com\/wp-content\/uploads\/2023\/12\/agence-Web-Casablanca-Berrchid-El-jadida-720x720.png 720w, https:\/\/yestothenet.com\/wp-content\/uploads\/2023\/12\/agence-Web-Casablanca-Berrchid-El-jadida.png 1200w\" sizes=\"(max-width: 1024px) 100vw, 1024px\" \/>\t\t\t\t\t\t\t\t\t\t\t\t\t<\/div>\n\t\t\t\t<\/div>\n\t\t\t\t\t<\/div>\n\t\t<\/div>\n\t\t\t\t\t<\/div>\n\t\t<\/section>\n\t\t\t\t<\/div>","protected":false},"excerpt":{"rendered":"<p>YES TO THE NET \u2013 Votre agence Web Casablanca, Berrchid, El jadida Vous \u00eates \u00e0 la recherche d\u2019une agence Web Casablanca, Berrchid, El jadida\u00a0? YES TO THE NET s&rsquo;adresse aux professionnels de tous les secteurs d&rsquo;activit\u00e9. Aujourd&rsquo;hui, l&rsquo;absence d&rsquo;une pr\u00e9sence en ligne est synonyme d&rsquo;invisibilit\u00e9 sur le march\u00e9. Un site web, lorsqu&rsquo;il est con\u00e7u avec [&hellip;]<\/p>","protected":false},"author":1,"featured_media":0,"parent":0,"menu_order":0,"comment_status":"closed","ping_status":"closed","template":"","meta":{"footnotes":""},"class_list":["post-6199","page","type-page","status-publish","hentry"],"yoast_head":"<!-- This site is optimized with the Yoast SEO plugin v23.6 - https:\/\/yoast.com\/wordpress\/plugins\/seo\/ -->\n<title>Agence Web Casablanca, Berrchid, El jadida \u2013 YES TO THE NET<\/title>\n<meta name=\"description\" content=\"Besoin d\u2019une agence Web Casablanca, Berrchid, El jadida ? Sollicitez l\u2019expertise de votre agence de communication YES TO THE NET.\" \/>\n<meta name=\"robots\" content=\"index, follow, max-snippet:-1, max-image-preview:large, max-video-preview:-1\" \/>\n<link rel=\"canonical\" href=\"https:\/\/yestothenet.com\/es\/agencia-web-casablanca-berrchid-el-jadida\/\" \/>\n<meta property=\"og:locale\" content=\"es_ES\" \/>\n<meta property=\"og:type\" content=\"article\" \/>\n<meta property=\"og:title\" content=\"Agence Web Casablanca, Berrchid, El jadida \u2013 YES TO THE NET\" \/>\n<meta property=\"og:description\" content=\"Besoin d\u2019une agence Web Casablanca, Berrchid, El jadida ? Sollicitez l\u2019expertise de votre agence de communication YES TO THE NET.\" \/>\n<meta property=\"og:url\" content=\"https:\/\/yestothenet.com\/es\/agencia-web-casablanca-berrchid-el-jadida\/\" \/>\n<meta property=\"og:site_name\" content=\"Yes To The Net\" \/>\n<meta property=\"article:publisher\" content=\"https:\/\/www.instagram.com\/yestothenet\/\" \/>\n<meta property=\"article:modified_time\" content=\"2023-12-04T11:24:39+00:00\" \/>\n<meta property=\"og:image\" content=\"https:\/\/yestothenet.com\/wp-content\/uploads\/2023\/12\/agence-Web-Casablanca-Berrchid-El-jadida.webp\" \/>\n<meta name=\"twitter:card\" content=\"summary_large_image\" \/>\n<meta name=\"twitter:label1\" content=\"Tiempo de lectura\" \/>\n\t<meta name=\"twitter:data1\" content=\"3 minutos\" \/>\n<script type=\"application\/ld+json\" class=\"yoast-schema-graph\">{\"@context\":\"https:\/\/schema.org\",\"@graph\":[{\"@type\":\"WebPage\",\"@id\":\"https:\/\/yestothenet.com\/agence-web-casablanca-berrchid-el-jadida\/\",\"url\":\"https:\/\/yestothenet.com\/agence-web-casablanca-berrchid-el-jadida\/\",\"name\":\"Agence Web Casablanca, Berrchid, El jadida \u2013 YES TO THE NET\",\"isPartOf\":{\"@id\":\"https:\/\/yestothenet.com\/#website\"},\"primaryImageOfPage\":{\"@id\":\"https:\/\/yestothenet.com\/agence-web-casablanca-berrchid-el-jadida\/#primaryimage\"},\"image\":{\"@id\":\"https:\/\/yestothenet.com\/agence-web-casablanca-berrchid-el-jadida\/#primaryimage\"},\"thumbnailUrl\":\"https:\/\/yestothenet.com\/wp-content\/uploads\/2023\/12\/agence-Web-Casablanca-Berrchid-El-jadida.webp\",\"datePublished\":\"2023-12-04T11:17:49+00:00\",\"dateModified\":\"2023-12-04T11:24:39+00:00\",\"description\":\"Besoin d\u2019une agence Web Casablanca, Berrchid, El jadida ? Sollicitez l\u2019expertise de votre agence de communication YES TO THE NET.\",\"breadcrumb\":{\"@id\":\"https:\/\/yestothenet.com\/agence-web-casablanca-berrchid-el-jadida\/#breadcrumb\"},\"inLanguage\":\"es\",\"potentialAction\":[{\"@type\":\"ReadAction\",\"target\":[\"https:\/\/yestothenet.com\/agence-web-casablanca-berrchid-el-jadida\/\"]}]},{\"@type\":\"ImageObject\",\"inLanguage\":\"es\",\"@id\":\"https:\/\/yestothenet.com\/agence-web-casablanca-berrchid-el-jadida\/#primaryimage\",\"url\":\"https:\/\/yestothenet.com\/wp-content\/uploads\/2023\/12\/agence-Web-Casablanca-Berrchid-El-jadida.webp\",\"contentUrl\":\"https:\/\/yestothenet.com\/wp-content\/uploads\/2023\/12\/agence-Web-Casablanca-Berrchid-El-jadida.webp\"},{\"@type\":\"BreadcrumbList\",\"@id\":\"https:\/\/yestothenet.com\/agence-web-casablanca-berrchid-el-jadida\/#breadcrumb\",\"itemListElement\":[{\"@type\":\"ListItem\",\"position\":1,\"name\":\"Accueil\",\"item\":\"https:\/\/yestothenet.com\/\"},{\"@type\":\"ListItem\",\"position\":2,\"name\":\"&#8230; Agence Web Casablanca, Berrchid, El jadida\"}]},{\"@type\":\"WebSite\",\"@id\":\"https:\/\/yestothenet.com\/#website\",\"url\":\"https:\/\/yestothenet.com\/\",\"name\":\"YES TO THE NET\",\"description\":\"Votre agence de communication \u00e0 Marrakech\",\"publisher\":{\"@id\":\"https:\/\/yestothenet.com\/#organization\"},\"potentialAction\":[{\"@type\":\"SearchAction\",\"target\":{\"@type\":\"EntryPoint\",\"urlTemplate\":\"https:\/\/yestothenet.com\/?s={search_term_string}\"},\"query-input\":{\"@type\":\"PropertyValueSpecification\",\"valueRequired\":true,\"valueName\":\"search_term_string\"}}],\"inLanguage\":\"es\"},{\"@type\":\"Organization\",\"@id\":\"https:\/\/yestothenet.com\/#organization\",\"name\":\"YES TO THE NET\",\"url\":\"https:\/\/yestothenet.com\/\",\"logo\":{\"@type\":\"ImageObject\",\"inLanguage\":\"es\",\"@id\":\"https:\/\/yestothenet.com\/#\/schema\/logo\/image\/\",\"url\":\"https:\/\/yestothenet.com\/wp-content\/uploads\/2024\/02\/cropped-YES_THE_TO_NET-removebg-preview.png\",\"contentUrl\":\"https:\/\/yestothenet.com\/wp-content\/uploads\/2024\/02\/cropped-YES_THE_TO_NET-removebg-preview.png\",\"width\":512,\"height\":512,\"caption\":\"YES TO THE NET\"},\"image\":{\"@id\":\"https:\/\/yestothenet.com\/#\/schema\/logo\/image\/\"},\"sameAs\":[\"https:\/\/www.instagram.com\/yestothenet\/\"]}]}<\/script>\n<!-- \/ Yoast SEO plugin. -->","yoast_head_json":{"title":"Agence Web Casablanca, Berrchid, El jadida \u2013 YES TO THE NET","description":"Besoin d\u2019une agence Web Casablanca, Berrchid, El jadida ? Sollicitez l\u2019expertise de votre agence de communication YES TO THE NET.","robots":{"index":"index","follow":"follow","max-snippet":"max-snippet:-1","max-image-preview":"max-image-preview:large","max-video-preview":"max-video-preview:-1"},"canonical":"https:\/\/yestothenet.com\/es\/agencia-web-casablanca-berrchid-el-jadida\/","og_locale":"es_ES","og_type":"article","og_title":"Agence Web Casablanca, Berrchid, El jadida \u2013 YES TO THE NET","og_description":"Besoin d\u2019une agence Web Casablanca, Berrchid, El jadida ? Sollicitez l\u2019expertise de votre agence de communication YES TO THE NET.","og_url":"https:\/\/yestothenet.com\/es\/agencia-web-casablanca-berrchid-el-jadida\/","og_site_name":"Yes To The Net","article_publisher":"https:\/\/www.instagram.com\/yestothenet\/","article_modified_time":"2023-12-04T11:24:39+00:00","og_image":[{"url":"https:\/\/yestothenet.com\/wp-content\/uploads\/2023\/12\/agence-Web-Casablanca-Berrchid-El-jadida.webp"}],"twitter_card":"summary_large_image","twitter_misc":{"Tiempo de lectura":"3 minutos"},"schema":{"@context":"https:\/\/schema.org","@graph":[{"@type":"WebPage","@id":"https:\/\/yestothenet.com\/agence-web-casablanca-berrchid-el-jadida\/","url":"https:\/\/yestothenet.com\/agence-web-casablanca-berrchid-el-jadida\/","name":"Agence Web Casablanca, Berrchid, El jadida \u2013 YES TO THE NET","isPartOf":{"@id":"https:\/\/yestothenet.com\/#website"},"primaryImageOfPage":{"@id":"https:\/\/yestothenet.com\/agence-web-casablanca-berrchid-el-jadida\/#primaryimage"},"image":{"@id":"https:\/\/yestothenet.com\/agence-web-casablanca-berrchid-el-jadida\/#primaryimage"},"thumbnailUrl":"https:\/\/yestothenet.com\/wp-content\/uploads\/2023\/12\/agence-Web-Casablanca-Berrchid-El-jadida.webp","datePublished":"2023-12-04T11:17:49+00:00","dateModified":"2023-12-04T11:24:39+00:00","description":"Besoin d\u2019une agence Web Casablanca, Berrchid, El jadida ? Sollicitez l\u2019expertise de votre agence de communication YES TO THE NET.","breadcrumb":{"@id":"https:\/\/yestothenet.com\/agence-web-casablanca-berrchid-el-jadida\/#breadcrumb"},"inLanguage":"es","potentialAction":[{"@type":"ReadAction","target":["https:\/\/yestothenet.com\/agence-web-casablanca-berrchid-el-jadida\/"]}]},{"@type":"ImageObject","inLanguage":"es","@id":"https:\/\/yestothenet.com\/agence-web-casablanca-berrchid-el-jadida\/#primaryimage","url":"https:\/\/yestothenet.com\/wp-content\/uploads\/2023\/12\/agence-Web-Casablanca-Berrchid-El-jadida.webp","contentUrl":"https:\/\/yestothenet.com\/wp-content\/uploads\/2023\/12\/agence-Web-Casablanca-Berrchid-El-jadida.webp"},{"@type":"BreadcrumbList","@id":"https:\/\/yestothenet.com\/agence-web-casablanca-berrchid-el-jadida\/#breadcrumb","itemListElement":[{"@type":"ListItem","position":1,"name":"Accueil","item":"https:\/\/yestothenet.com\/"},{"@type":"ListItem","position":2,"name":"&#8230; Agence Web Casablanca, Berrchid, El jadida"}]},{"@type":"WebSite","@id":"https:\/\/yestothenet.com\/#website","url":"https:\/\/yestothenet.com\/","name":"YES TO THE NET","description":"Votre agence de communication \u00e0 Marrakech","publisher":{"@id":"https:\/\/yestothenet.com\/#organization"},"potentialAction":[{"@type":"SearchAction","target":{"@type":"EntryPoint","urlTemplate":"https:\/\/yestothenet.com\/?s={search_term_string}"},"query-input":{"@type":"PropertyValueSpecification","valueRequired":true,"valueName":"search_term_string"}}],"inLanguage":"es"},{"@type":"Organization","@id":"https:\/\/yestothenet.com\/#organization","name":"YES TO THE NET","url":"https:\/\/yestothenet.com\/","logo":{"@type":"ImageObject","inLanguage":"es","@id":"https:\/\/yestothenet.com\/#\/schema\/logo\/image\/","url":"https:\/\/yestothenet.com\/wp-content\/uploads\/2024\/02\/cropped-YES_THE_TO_NET-removebg-preview.png","contentUrl":"https:\/\/yestothenet.com\/wp-content\/uploads\/2024\/02\/cropped-YES_THE_TO_NET-removebg-preview.png","width":512,"height":512,"caption":"YES TO THE NET"},"image":{"@id":"https:\/\/yestothenet.com\/#\/schema\/logo\/image\/"},"sameAs":["https:\/\/www.instagram.com\/yestothenet\/"]}]}},"_links":{"self":[{"href":"https:\/\/yestothenet.com\/es\/wp-json\/wp\/v2\/pages\/6199","targetHints":{"allow":["GET"]}}],"collection":[{"href":"https:\/\/yestothenet.com\/es\/wp-json\/wp\/v2\/pages"}],"about":[{"href":"https:\/\/yestothenet.com\/es\/wp-json\/wp\/v2\/types\/page"}],"author":[{"embeddable":true,"href":"https:\/\/yestothenet.com\/es\/wp-json\/wp\/v2\/users\/1"}],"replies":[{"embeddable":true,"href":"https:\/\/yestothenet.com\/es\/wp-json\/wp\/v2\/comments?post=6199"}],"version-history":[{"count":4,"href":"https:\/\/yestothenet.com\/es\/wp-json\/wp\/v2\/pages\/6199\/revisions"}],"predecessor-version":[{"id":6206,"href":"https:\/\/yestothenet.com\/es\/wp-json\/wp\/v2\/pages\/6199\/revisions\/6206"}],"wp:attachment":[{"href":"https:\/\/yestothenet.com\/es\/wp-json\/wp\/v2\/media?parent=6199"}],"curies":[{"name":"wp","href":"https:\/\/api.w.org\/{rel}","templated":true}]}}