{"id":6139,"date":"2023-11-28T13:25:48","date_gmt":"2023-11-28T12:25:48","guid":{"rendered":"https:\/\/yestothenet.com\/?page_id=6139"},"modified":"2023-11-28T13:32:39","modified_gmt":"2023-11-28T12:32:39","slug":"agence-web-laayoune-dakhla","status":"publish","type":"page","link":"https:\/\/yestothenet.com\/es\/agencia-web-laayoune-dakhla\/","title":{"rendered":"\u2026Agencia web El Aai\u00fan, Dajla"},"content":{"rendered":"<div data-elementor-type=\"wp-page\" data-elementor-id=\"6139\" class=\"elementor elementor-6139\" data-elementor-post-type=\"page\">\n\t\t\t\t\t\t<section class=\"elementor-section elementor-top-section elementor-element elementor-element-2db1430 elementor-section-content-middle ot-traditional elementor-section-boxed elementor-section-height-default elementor-section-height-default\" data-id=\"2db1430\" data-element_type=\"section\">\n\t\t\t\t\t\t<div class=\"elementor-container elementor-column-gap-default\">\n\t\t\t\t\t<div class=\"elementor-column elementor-col-100 elementor-top-column elementor-element elementor-element-9ca7f6d ot-flex-column-vertical\" data-id=\"9ca7f6d\" data-element_type=\"column\">\n\t\t\t<div class=\"elementor-widget-wrap elementor-element-populated\">\n\t\t\t\t\t\t<section class=\"elementor-section elementor-inner-section elementor-element elementor-element-ae21701 elementor-section-content-top elementor-section-full_width ot-traditional elementor-section-height-default elementor-section-height-default\" data-id=\"ae21701\" data-element_type=\"section\">\n\t\t\t\t\t\t<div class=\"elementor-container elementor-column-gap-extended\">\n\t\t\t\t\t<div class=\"elementor-column elementor-col-50 elementor-inner-column elementor-element elementor-element-78f9ac9 ot-flex-column-vertical\" data-id=\"78f9ac9\" data-element_type=\"column\">\n\t\t\t<div class=\"elementor-widget-wrap elementor-element-populated\">\n\t\t\t\t\t\t<div class=\"elementor-element elementor-element-25eb330 elementor-widget elementor-widget-image\" data-id=\"25eb330\" data-element_type=\"widget\" data-widget_type=\"image.default\">\n\t\t\t\t<div class=\"elementor-widget-container\">\n\t\t\t\t\t\t\t\t\t\t\t\t\t<img fetchpriority=\"high\" decoding=\"async\" width=\"800\" height=\"800\" src=\"https:\/\/yestothenet.com\/wp-content\/uploads\/2023\/11\/agence-Web-Laayoune-Dakhla.png\" class=\"attachment-large size-large wp-image-6142\" alt=\"Agencia web Laayoune, Dakhla\" srcset=\"https:\/\/yestothenet.com\/wp-content\/uploads\/2023\/11\/agence-Web-Laayoune-Dakhla.png 800w, https:\/\/yestothenet.com\/wp-content\/uploads\/2023\/11\/agence-Web-Laayoune-Dakhla-300x300.png 300w, https:\/\/yestothenet.com\/wp-content\/uploads\/2023\/11\/agence-Web-Laayoune-Dakhla-150x150.png 150w, https:\/\/yestothenet.com\/wp-content\/uploads\/2023\/11\/agence-Web-Laayoune-Dakhla-768x768.png 768w, https:\/\/yestothenet.com\/wp-content\/uploads\/2023\/11\/agence-Web-Laayoune-Dakhla-720x720.png 720w\" sizes=\"(max-width: 800px) 100vw, 800px\" \/>\t\t\t\t\t\t\t\t\t\t\t\t\t<\/div>\n\t\t\t\t<\/div>\n\t\t\t\t\t<\/div>\n\t\t<\/div>\n\t\t\t\t<div class=\"elementor-column elementor-col-50 elementor-inner-column elementor-element elementor-element-dce0f81 ot-flex-column-vertical\" data-id=\"dce0f81\" data-element_type=\"column\">\n\t\t\t<div class=\"elementor-widget-wrap elementor-element-populated\">\n\t\t\t\t\t\t<div class=\"elementor-element elementor-element-ea79d5e elementor-widget elementor-widget-iheading\" data-id=\"ea79d5e\" data-element_type=\"widget\" data-widget_type=\"iheading.default\">\n\t\t\t\t<div class=\"elementor-widget-container\">\n\t\t\t\t\t<div class=\"ot-heading\">\r\n\t        <h1 class=\"main-heading\">\nYES TO THE NET es su agencia web en El Aai\u00fan y Dakhla.<\/h1>\t    <\/div>\r\n\t    \t\t<\/div>\n\t\t\t\t<\/div>\n\t\t\t\t<div class=\"elementor-element elementor-element-734d7ce elementor-widget elementor-widget-text-editor\" data-id=\"734d7ce\" data-element_type=\"widget\" data-widget_type=\"text-editor.default\">\n\t\t\t\t<div class=\"elementor-widget-container\">\n\t\t\t\t\t\t\t<p>Quieres estar presente en l\u00ednea y necesitas una <strong>Agencia web Laayoune, Dakhla\u00a0<\/strong>YES TO THE NET es el profesional que necesitas.<\/p><p>Porque una fuerte presencia en l\u00ednea es crucial para el \u00e9xito de cualquier negocio. Nuestra <strong><span style=\"color: #33cccc;\"><a style=\"color: #33cccc;\" href=\"https:\/\/yestothenet.com\/es\/agencia-web-en-marrakech\/\">agencia web<\/a><\/span> El Aai\u00fan, Dajla\u00a0<\/strong>Ofrecemos soluciones a medida para hacer realidad tu visi\u00f3n digital. Con un equipo de expertos en dise\u00f1o web, desarrollo de aplicaciones, SEO, SEA y marketing digital, estamos aqu\u00ed para impulsarte a la cima.<\/p><p>Nuestro excelente servicio no termina con la entrega de su proyecto. Ofrecemos una atenci\u00f3n al cliente inigualable, garantizando que su experiencia con nosotros sea... <strong>Agencia web Laayoune, Dakhla\u00a0<\/strong>Sea lo m\u00e1s fluido y productivo posible.<\/p><p>Nuestro compromiso con la excelencia y el trato personalizado nos distinguen. Cont\u00e1ctenos en <span style=\"color: #33cccc;\"><a style=\"color: #33cccc;\" href=\"tel:06 61 26 30 34\"><strong>06 61 26 30 34<\/strong><\/a><\/span> para transformar su presencia online y llevar su negocio al siguiente nivel.<\/p>\t\t\t\t\t\t<\/div>\n\t\t\t\t<\/div>\n\t\t\t\t\t<\/div>\n\t\t<\/div>\n\t\t\t\t\t<\/div>\n\t\t<\/section>\n\t\t\t\t\t<\/div>\n\t\t<\/div>\n\t\t\t\t\t<\/div>\n\t\t<\/section>\n\t\t\t\t<section class=\"elementor-section elementor-top-section elementor-element elementor-element-30c462d ot-traditional elementor-section-boxed elementor-section-height-default elementor-section-height-default\" data-id=\"30c462d\" data-element_type=\"section\">\n\t\t\t\t\t\t<div class=\"elementor-container elementor-column-gap-default\">\n\t\t\t\t\t<div class=\"elementor-column elementor-col-100 elementor-top-column elementor-element elementor-element-c788162 ot-flex-column-vertical\" data-id=\"c788162\" data-element_type=\"column\">\n\t\t\t<div class=\"elementor-widget-wrap elementor-element-populated\">\n\t\t\t\t\t\t<section class=\"elementor-section elementor-inner-section elementor-element elementor-element-ab020ed elementor-section-full_width elementor-section-content-bottom ot-traditional elementor-section-height-default elementor-section-height-default\" data-id=\"ab020ed\" data-element_type=\"section\" data-settings=\"{&quot;background_background&quot;:&quot;classic&quot;}\">\n\t\t\t\t\t\t\t<div class=\"elementor-background-overlay\"><\/div>\n\t\t\t\t\t\t\t<div class=\"elementor-container elementor-column-gap-extended\">\n\t\t\t\t\t<div class=\"elementor-column elementor-col-50 elementor-inner-column elementor-element elementor-element-ffaaf2a ot-flex-column-vertical\" data-id=\"ffaaf2a\" data-element_type=\"column\">\n\t\t\t<div class=\"elementor-widget-wrap elementor-element-populated\">\n\t\t\t\t\t\t<div class=\"elementor-element elementor-element-5ff7ce1 elementor-widget elementor-widget-iheading\" data-id=\"5ff7ce1\" data-element_type=\"widget\" data-widget_type=\"iheading.default\">\n\t\t\t\t<div class=\"elementor-widget-container\">\n\t\t\t\t\t<div class=\"ot-heading\">\r\n\t        \t            <span>\/\/ En S\u00ed a la Red,<\/span>\r\n\t        <h2 class=\"main-heading\">Optimice su presencia online.<\/h2>\t    <\/div>\r\n\t    \t\t<\/div>\n\t\t\t\t<\/div>\n\t\t\t\t\t<\/div>\n\t\t<\/div>\n\t\t\t\t<div class=\"elementor-column elementor-col-50 elementor-inner-column elementor-element elementor-element-3fd82f3 ot-flex-column-vertical\" data-id=\"3fd82f3\" data-element_type=\"column\">\n\t\t\t<div class=\"elementor-widget-wrap elementor-element-populated\">\n\t\t\t\t\t\t<div class=\"elementor-element elementor-element-e146430 elementor-align-right elementor-mobile-align-left elementor-widget elementor-widget-button\" data-id=\"e146430\" data-element_type=\"widget\" data-widget_type=\"button.default\">\n\t\t\t\t<div class=\"elementor-widget-container\">\n\t\t\t\t\t<div class=\"elementor-button-wrapper\">\n\t\t\t<a class=\"elementor-button elementor-button-link elementor-size-md\" href=\"https:\/\/yestothenet.com\/es\/contacto\/\">\n\t\t\t\t\t\t<span class=\"elementor-button-content-wrapper\">\n\t\t\t\t\t\t\t\t\t<span class=\"elementor-button-text\">Cont\u00e1ctanos<\/span>\n\t\t\t\t\t<\/span>\n\t\t\t\t\t<\/a>\n\t\t<\/div>\n\t\t\t\t<\/div>\n\t\t\t\t<\/div>\n\t\t\t\t\t<\/div>\n\t\t<\/div>\n\t\t\t\t\t<\/div>\n\t\t<\/section>\n\t\t\t\t\t<\/div>\n\t\t<\/div>\n\t\t\t\t\t<\/div>\n\t\t<\/section>\n\t\t\t\t<section class=\"elementor-section elementor-top-section elementor-element elementor-element-81a82a5 ot-traditional elementor-section-boxed elementor-section-height-default elementor-section-height-default\" data-id=\"81a82a5\" data-element_type=\"section\" data-settings=\"{&quot;background_background&quot;:&quot;classic&quot;}\">\n\t\t\t\t\t\t\t<div class=\"elementor-background-overlay\"><\/div>\n\t\t\t\t\t\t\t<div class=\"elementor-container elementor-column-gap-extended\">\n\t\t\t\t\t<div class=\"elementor-column elementor-col-50 elementor-top-column elementor-element elementor-element-18b89c0 ot-flex-column-vertical\" data-id=\"18b89c0\" data-element_type=\"column\">\n\t\t\t<div class=\"elementor-widget-wrap elementor-element-populated\">\n\t\t\t\t\t\t<div class=\"elementor-element elementor-element-45e921b elementor-widget elementor-widget-iheading\" data-id=\"45e921b\" data-element_type=\"widget\" data-widget_type=\"iheading.default\">\n\t\t\t\t<div class=\"elementor-widget-container\">\n\t\t\t\t\t<div class=\"ot-heading\">\r\n\t        <h2 class=\"main-heading\">Impulsa tu presencia online con nuestra agencia web en El Aai\u00fan y Dajla<\/h2>\t    <\/div>\r\n\t    \t\t<\/div>\n\t\t\t\t<\/div>\n\t\t\t\t<section class=\"elementor-section elementor-inner-section elementor-element elementor-element-dd648d0 elementor-section-full_width ot-traditional elementor-section-height-default elementor-section-height-default\" data-id=\"dd648d0\" data-element_type=\"section\">\n\t\t\t\t\t\t<div class=\"elementor-container elementor-column-gap-default\">\n\t\t\t\t\t<div class=\"elementor-column elementor-col-100 elementor-inner-column elementor-element elementor-element-9c59460 ot-flex-column-vertical\" data-id=\"9c59460\" data-element_type=\"column\">\n\t\t\t<div class=\"elementor-widget-wrap elementor-element-populated\">\n\t\t\t\t\t\t<div class=\"elementor-element elementor-element-9a4497b elementor-widget elementor-widget-text-editor\" data-id=\"9a4497b\" data-element_type=\"widget\" data-widget_type=\"text-editor.default\">\n\t\t\t\t<div class=\"elementor-widget-container\">\n\t\t\t\t\t\t\t<p>En nuestra agencia, creemos que cada sitio web debe ser un fiel reflejo de la marca que representa. Por eso, nuestro proceso de dise\u00f1o web personalizado es la base de nuestro enfoque.<\/p><p><span style=\"color: #33cccc;\"><strong>Creaci\u00f3n de sitios web est\u00e9ticos, responsivos y f\u00e1ciles de usar:<\/strong><\/span><\/p><p>Combinamos arte y tecnolog\u00eda para crear sitios web est\u00e9ticamente atractivos que captan la atenci\u00f3n desde el primer vistazo. Nuestros dise\u00f1os no solo son atractivos, sino tambi\u00e9n funcionales, garantizando compatibilidad en todos los dispositivos y un dise\u00f1o intuitivo que facilita la navegaci\u00f3n. Cada sitio que dise\u00f1amos se somete a rigurosas pruebas para garantizar una experiencia de usuario fluida y sin interrupciones.<\/p><p><span style=\"color: #33cccc;\"><strong>Dise\u00f1o personalizado para reflejar la identidad \u00fanica de su marca:<\/strong><\/span><\/p><p>Su marca es \u00fanica, y su sitio web tambi\u00e9n deber\u00eda serlo. Trabajamos estrechamente con usted para comprender la esencia de su marca y plasmarla en un dise\u00f1o web que conecte con su p\u00fablico. Desde la elecci\u00f3n de colores hasta la tipograf\u00eda, cada elemento se selecciona cuidadosamente para alinear la imagen de su sitio web con su identidad de marca.<\/p><p><strong><span style=\"color: #33cccc;\">Experiencia de usuario optimizada para una navegaci\u00f3n intuitiva:<\/span><\/strong><\/p><p>La experiencia del usuario es fundamental en nuestros dise\u00f1os. Estructuramos los sitios de forma intuitiva, lo que permite a los visitantes encontrar f\u00e1cilmente la informaci\u00f3n que buscan. Los men\u00fas son claros, las llamadas a la acci\u00f3n son obvias y la navegaci\u00f3n es l\u00f3gica. Este enfoque no solo garantiza una experiencia de usuario agradable, sino que tambi\u00e9n ayuda a mejorar las tasas de conversi\u00f3n y la fidelizaci\u00f3n de los visitantes.<\/p><p>En resumen, nuestro servicio de dise\u00f1o web personalizado es la combinaci\u00f3n perfecta de creatividad, tecnolog\u00eda y estrategia de marketing. Nos comprometemos a crear sitios web que no solo reflejen su marca, sino que tambi\u00e9n satisfagan eficazmente las expectativas de sus usuarios.<\/p>\t\t\t\t\t\t<\/div>\n\t\t\t\t<\/div>\n\t\t\t\t\t<\/div>\n\t\t<\/div>\n\t\t\t\t\t<\/div>\n\t\t<\/section>\n\t\t\t\t\t<\/div>\n\t\t<\/div>\n\t\t\t\t<div class=\"elementor-column elementor-col-50 elementor-top-column elementor-element elementor-element-8a09494 ot-flex-column-vertical\" data-id=\"8a09494\" data-element_type=\"column\">\n\t\t\t<div class=\"elementor-widget-wrap elementor-element-populated\">\n\t\t\t\t\t\t<div class=\"elementor-element elementor-element-49ce0c4 elementor-widget elementor-widget-image\" data-id=\"49ce0c4\" data-element_type=\"widget\" data-widget_type=\"image.default\">\n\t\t\t\t<div class=\"elementor-widget-container\">\n\t\t\t\t\t\t\t\t\t\t\t\t\t<img decoding=\"async\" width=\"612\" height=\"408\" src=\"https:\/\/yestothenet.com\/wp-content\/uploads\/2023\/11\/agence-Web-Laayoune-Dakhla-2.png\" class=\"attachment-large size-large wp-image-6143\" alt=\"Agencia web Laayoune, Dakhla\" srcset=\"https:\/\/yestothenet.com\/wp-content\/uploads\/2023\/11\/agence-Web-Laayoune-Dakhla-2.png 612w, https:\/\/yestothenet.com\/wp-content\/uploads\/2023\/11\/agence-Web-Laayoune-Dakhla-2-300x200.png 300w\" sizes=\"(max-width: 612px) 100vw, 612px\" \/>\t\t\t\t\t\t\t\t\t\t\t\t\t<\/div>\n\t\t\t\t<\/div>\n\t\t\t\t\t<\/div>\n\t\t<\/div>\n\t\t\t\t\t<\/div>\n\t\t<\/section>\n\t\t\t\t<\/div>","protected":false},"excerpt":{"rendered":"<p>YES TO THE NET est votre agence Web Laayoune, Dakhla Vous souhaitez \u00eatre pr\u00e9sent en ligne et vous avez besoin d\u2019une agence Web Laayoune, Dakhla\u00a0? YES TO THE NET est le professionnel qu\u2019il vous faut. Parce qu\u2019une pr\u00e9sence en ligne solide est cruciale pour le succ\u00e8s de toute entreprise. Notre agence Web Laayoune, Dakhla\u00a0offre des [&hellip;]<\/p>","protected":false},"author":1,"featured_media":0,"parent":0,"menu_order":0,"comment_status":"closed","ping_status":"closed","template":"","meta":{"footnotes":""},"class_list":["post-6139","page","type-page","status-publish","hentry"],"yoast_head":"<!-- This site is optimized with the Yoast SEO plugin v23.6 - https:\/\/yoast.com\/wordpress\/plugins\/seo\/ -->\n<title>Agence Web Laayoune, Dakhla \u2013 YES TO THE NET<\/title>\n<meta name=\"description\" content=\"Besoin d\u2019une agence Web Laayoune, Dakhla ? l&#039;agence YES TO THE NET saura r\u00e9pondre parfaitement \u00e0 tous vos besoins.\" \/>\n<meta name=\"robots\" content=\"index, follow, max-snippet:-1, max-image-preview:large, max-video-preview:-1\" \/>\n<link rel=\"canonical\" href=\"https:\/\/yestothenet.com\/es\/agencia-web-laayoune-dakhla\/\" \/>\n<meta property=\"og:locale\" content=\"es_ES\" \/>\n<meta property=\"og:type\" content=\"article\" \/>\n<meta property=\"og:title\" content=\"Agence Web Laayoune, Dakhla \u2013 YES TO THE NET\" \/>\n<meta property=\"og:description\" content=\"Besoin d\u2019une agence Web Laayoune, Dakhla ? l&#039;agence YES TO THE NET saura r\u00e9pondre parfaitement \u00e0 tous vos besoins.\" \/>\n<meta property=\"og:url\" content=\"https:\/\/yestothenet.com\/es\/agencia-web-laayoune-dakhla\/\" \/>\n<meta property=\"og:site_name\" content=\"Yes To The Net\" \/>\n<meta property=\"article:publisher\" content=\"https:\/\/www.instagram.com\/yestothenet\/\" \/>\n<meta property=\"article:modified_time\" content=\"2023-11-28T12:32:39+00:00\" \/>\n<meta property=\"og:image\" content=\"https:\/\/yestothenet.com\/wp-content\/uploads\/2023\/11\/agence-Web-Laayoune-Dakhla.png\" \/>\n<meta name=\"twitter:card\" content=\"summary_large_image\" \/>\n<meta name=\"twitter:label1\" content=\"Tiempo de lectura\" \/>\n\t<meta name=\"twitter:data1\" content=\"3 minutos\" \/>\n<script type=\"application\/ld+json\" class=\"yoast-schema-graph\">{\"@context\":\"https:\/\/schema.org\",\"@graph\":[{\"@type\":\"WebPage\",\"@id\":\"https:\/\/yestothenet.com\/agence-web-laayoune-dakhla\/\",\"url\":\"https:\/\/yestothenet.com\/agence-web-laayoune-dakhla\/\",\"name\":\"Agence Web Laayoune, Dakhla \u2013 YES TO THE NET\",\"isPartOf\":{\"@id\":\"https:\/\/yestothenet.com\/#website\"},\"primaryImageOfPage\":{\"@id\":\"https:\/\/yestothenet.com\/agence-web-laayoune-dakhla\/#primaryimage\"},\"image\":{\"@id\":\"https:\/\/yestothenet.com\/agence-web-laayoune-dakhla\/#primaryimage\"},\"thumbnailUrl\":\"https:\/\/yestothenet.com\/wp-content\/uploads\/2023\/11\/agence-Web-Laayoune-Dakhla.png\",\"datePublished\":\"2023-11-28T12:25:48+00:00\",\"dateModified\":\"2023-11-28T12:32:39+00:00\",\"description\":\"Besoin d\u2019une agence Web Laayoune, Dakhla ? l'agence YES TO THE NET saura r\u00e9pondre parfaitement \u00e0 tous vos besoins.\",\"breadcrumb\":{\"@id\":\"https:\/\/yestothenet.com\/agence-web-laayoune-dakhla\/#breadcrumb\"},\"inLanguage\":\"es\",\"potentialAction\":[{\"@type\":\"ReadAction\",\"target\":[\"https:\/\/yestothenet.com\/agence-web-laayoune-dakhla\/\"]}]},{\"@type\":\"ImageObject\",\"inLanguage\":\"es\",\"@id\":\"https:\/\/yestothenet.com\/agence-web-laayoune-dakhla\/#primaryimage\",\"url\":\"https:\/\/yestothenet.com\/wp-content\/uploads\/2023\/11\/agence-Web-Laayoune-Dakhla.png\",\"contentUrl\":\"https:\/\/yestothenet.com\/wp-content\/uploads\/2023\/11\/agence-Web-Laayoune-Dakhla.png\"},{\"@type\":\"BreadcrumbList\",\"@id\":\"https:\/\/yestothenet.com\/agence-web-laayoune-dakhla\/#breadcrumb\",\"itemListElement\":[{\"@type\":\"ListItem\",\"position\":1,\"name\":\"Accueil\",\"item\":\"https:\/\/yestothenet.com\/\"},{\"@type\":\"ListItem\",\"position\":2,\"name\":\"&#8230; Agence Web Laayoune, Dakhla\"}]},{\"@type\":\"WebSite\",\"@id\":\"https:\/\/yestothenet.com\/#website\",\"url\":\"https:\/\/yestothenet.com\/\",\"name\":\"YES TO THE NET\",\"description\":\"Votre agence de communication \u00e0 Marrakech\",\"publisher\":{\"@id\":\"https:\/\/yestothenet.com\/#organization\"},\"potentialAction\":[{\"@type\":\"SearchAction\",\"target\":{\"@type\":\"EntryPoint\",\"urlTemplate\":\"https:\/\/yestothenet.com\/?s={search_term_string}\"},\"query-input\":{\"@type\":\"PropertyValueSpecification\",\"valueRequired\":true,\"valueName\":\"search_term_string\"}}],\"inLanguage\":\"es\"},{\"@type\":\"Organization\",\"@id\":\"https:\/\/yestothenet.com\/#organization\",\"name\":\"YES TO THE NET\",\"url\":\"https:\/\/yestothenet.com\/\",\"logo\":{\"@type\":\"ImageObject\",\"inLanguage\":\"es\",\"@id\":\"https:\/\/yestothenet.com\/#\/schema\/logo\/image\/\",\"url\":\"https:\/\/yestothenet.com\/wp-content\/uploads\/2024\/02\/cropped-YES_THE_TO_NET-removebg-preview.png\",\"contentUrl\":\"https:\/\/yestothenet.com\/wp-content\/uploads\/2024\/02\/cropped-YES_THE_TO_NET-removebg-preview.png\",\"width\":512,\"height\":512,\"caption\":\"YES TO THE NET\"},\"image\":{\"@id\":\"https:\/\/yestothenet.com\/#\/schema\/logo\/image\/\"},\"sameAs\":[\"https:\/\/www.instagram.com\/yestothenet\/\"]}]}<\/script>\n<!-- \/ Yoast SEO plugin. -->","yoast_head_json":{"title":"Agence Web Laayoune, Dakhla \u2013 YES TO THE NET","description":"Besoin d\u2019une agence Web Laayoune, Dakhla ? l'agence YES TO THE NET saura r\u00e9pondre parfaitement \u00e0 tous vos besoins.","robots":{"index":"index","follow":"follow","max-snippet":"max-snippet:-1","max-image-preview":"max-image-preview:large","max-video-preview":"max-video-preview:-1"},"canonical":"https:\/\/yestothenet.com\/es\/agencia-web-laayoune-dakhla\/","og_locale":"es_ES","og_type":"article","og_title":"Agence Web Laayoune, Dakhla \u2013 YES TO THE NET","og_description":"Besoin d\u2019une agence Web Laayoune, Dakhla ? l'agence YES TO THE NET saura r\u00e9pondre parfaitement \u00e0 tous vos besoins.","og_url":"https:\/\/yestothenet.com\/es\/agencia-web-laayoune-dakhla\/","og_site_name":"Yes To The Net","article_publisher":"https:\/\/www.instagram.com\/yestothenet\/","article_modified_time":"2023-11-28T12:32:39+00:00","og_image":[{"url":"https:\/\/yestothenet.com\/wp-content\/uploads\/2023\/11\/agence-Web-Laayoune-Dakhla.png"}],"twitter_card":"summary_large_image","twitter_misc":{"Tiempo de lectura":"3 minutos"},"schema":{"@context":"https:\/\/schema.org","@graph":[{"@type":"WebPage","@id":"https:\/\/yestothenet.com\/agence-web-laayoune-dakhla\/","url":"https:\/\/yestothenet.com\/agence-web-laayoune-dakhla\/","name":"Agence Web Laayoune, Dakhla \u2013 YES TO THE NET","isPartOf":{"@id":"https:\/\/yestothenet.com\/#website"},"primaryImageOfPage":{"@id":"https:\/\/yestothenet.com\/agence-web-laayoune-dakhla\/#primaryimage"},"image":{"@id":"https:\/\/yestothenet.com\/agence-web-laayoune-dakhla\/#primaryimage"},"thumbnailUrl":"https:\/\/yestothenet.com\/wp-content\/uploads\/2023\/11\/agence-Web-Laayoune-Dakhla.png","datePublished":"2023-11-28T12:25:48+00:00","dateModified":"2023-11-28T12:32:39+00:00","description":"Besoin d\u2019une agence Web Laayoune, Dakhla ? l'agence YES TO THE NET saura r\u00e9pondre parfaitement \u00e0 tous vos besoins.","breadcrumb":{"@id":"https:\/\/yestothenet.com\/agence-web-laayoune-dakhla\/#breadcrumb"},"inLanguage":"es","potentialAction":[{"@type":"ReadAction","target":["https:\/\/yestothenet.com\/agence-web-laayoune-dakhla\/"]}]},{"@type":"ImageObject","inLanguage":"es","@id":"https:\/\/yestothenet.com\/agence-web-laayoune-dakhla\/#primaryimage","url":"https:\/\/yestothenet.com\/wp-content\/uploads\/2023\/11\/agence-Web-Laayoune-Dakhla.png","contentUrl":"https:\/\/yestothenet.com\/wp-content\/uploads\/2023\/11\/agence-Web-Laayoune-Dakhla.png"},{"@type":"BreadcrumbList","@id":"https:\/\/yestothenet.com\/agence-web-laayoune-dakhla\/#breadcrumb","itemListElement":[{"@type":"ListItem","position":1,"name":"Accueil","item":"https:\/\/yestothenet.com\/"},{"@type":"ListItem","position":2,"name":"&#8230; Agence Web Laayoune, Dakhla"}]},{"@type":"WebSite","@id":"https:\/\/yestothenet.com\/#website","url":"https:\/\/yestothenet.com\/","name":"YES TO THE NET","description":"Votre agence de communication \u00e0 Marrakech","publisher":{"@id":"https:\/\/yestothenet.com\/#organization"},"potentialAction":[{"@type":"SearchAction","target":{"@type":"EntryPoint","urlTemplate":"https:\/\/yestothenet.com\/?s={search_term_string}"},"query-input":{"@type":"PropertyValueSpecification","valueRequired":true,"valueName":"search_term_string"}}],"inLanguage":"es"},{"@type":"Organization","@id":"https:\/\/yestothenet.com\/#organization","name":"YES TO THE NET","url":"https:\/\/yestothenet.com\/","logo":{"@type":"ImageObject","inLanguage":"es","@id":"https:\/\/yestothenet.com\/#\/schema\/logo\/image\/","url":"https:\/\/yestothenet.com\/wp-content\/uploads\/2024\/02\/cropped-YES_THE_TO_NET-removebg-preview.png","contentUrl":"https:\/\/yestothenet.com\/wp-content\/uploads\/2024\/02\/cropped-YES_THE_TO_NET-removebg-preview.png","width":512,"height":512,"caption":"YES TO THE NET"},"image":{"@id":"https:\/\/yestothenet.com\/#\/schema\/logo\/image\/"},"sameAs":["https:\/\/www.instagram.com\/yestothenet\/"]}]}},"_links":{"self":[{"href":"https:\/\/yestothenet.com\/es\/wp-json\/wp\/v2\/pages\/6139","targetHints":{"allow":["GET"]}}],"collection":[{"href":"https:\/\/yestothenet.com\/es\/wp-json\/wp\/v2\/pages"}],"about":[{"href":"https:\/\/yestothenet.com\/es\/wp-json\/wp\/v2\/types\/page"}],"author":[{"embeddable":true,"href":"https:\/\/yestothenet.com\/es\/wp-json\/wp\/v2\/users\/1"}],"replies":[{"embeddable":true,"href":"https:\/\/yestothenet.com\/es\/wp-json\/wp\/v2\/comments?post=6139"}],"version-history":[{"count":8,"href":"https:\/\/yestothenet.com\/es\/wp-json\/wp\/v2\/pages\/6139\/revisions"}],"predecessor-version":[{"id":6149,"href":"https:\/\/yestothenet.com\/es\/wp-json\/wp\/v2\/pages\/6139\/revisions\/6149"}],"wp:attachment":[{"href":"https:\/\/yestothenet.com\/es\/wp-json\/wp\/v2\/media?parent=6139"}],"curies":[{"name":"wp","href":"https:\/\/api.w.org\/{rel}","templated":true}]}}