{"id":6091,"date":"2023-11-08T11:28:55","date_gmt":"2023-11-08T10:28:55","guid":{"rendered":"https:\/\/yestothenet.com\/?page_id=6091"},"modified":"2023-11-08T11:34:50","modified_gmt":"2023-11-08T10:34:50","slug":"creation-site-web-fes-meknes-tanger-tetouan","status":"publish","type":"page","link":"https:\/\/yestothenet.com\/es\/creation-site-web-fes-meknes-tanger-tetouan\/","title":{"rendered":"&#8230; Cr\u00e9ation site web Fes, Meknes, Tanger, Tetouan"},"content":{"rendered":"<div data-elementor-type=\"wp-page\" data-elementor-id=\"6091\" class=\"elementor elementor-6091\" data-elementor-post-type=\"page\">\n\t\t\t\t\t\t<section class=\"elementor-section elementor-top-section elementor-element elementor-element-2db1430 elementor-section-content-middle ot-traditional elementor-section-boxed elementor-section-height-default elementor-section-height-default\" data-id=\"2db1430\" data-element_type=\"section\">\n\t\t\t\t\t\t<div class=\"elementor-container elementor-column-gap-default\">\n\t\t\t\t\t<div class=\"elementor-column elementor-col-100 elementor-top-column elementor-element elementor-element-9ca7f6d ot-flex-column-vertical\" data-id=\"9ca7f6d\" data-element_type=\"column\">\n\t\t\t<div class=\"elementor-widget-wrap elementor-element-populated\">\n\t\t\t\t\t\t<section class=\"elementor-section elementor-inner-section elementor-element elementor-element-ae21701 elementor-section-content-top elementor-section-full_width ot-traditional elementor-section-height-default elementor-section-height-default\" data-id=\"ae21701\" data-element_type=\"section\">\n\t\t\t\t\t\t<div class=\"elementor-container elementor-column-gap-extended\">\n\t\t\t\t\t<div class=\"elementor-column elementor-col-50 elementor-inner-column elementor-element elementor-element-78f9ac9 ot-flex-column-vertical\" data-id=\"78f9ac9\" data-element_type=\"column\">\n\t\t\t<div class=\"elementor-widget-wrap elementor-element-populated\">\n\t\t\t\t\t\t<div class=\"elementor-element elementor-element-25eb330 elementor-widget__width-initial elementor-widget elementor-widget-image\" data-id=\"25eb330\" data-element_type=\"widget\" data-widget_type=\"image.default\">\n\t\t\t\t<div class=\"elementor-widget-container\">\n\t\t\t\t\t\t\t\t\t\t\t\t\t<img fetchpriority=\"high\" decoding=\"async\" width=\"594\" height=\"420\" src=\"https:\/\/yestothenet.com\/wp-content\/uploads\/2023\/11\/creation-site-web-Fes-Meknes-Tanger-Tetouan-1.png\" class=\"attachment-large size-large wp-image-6095\" alt=\"cr\u00e9ation site web Fes, Meknes, Tanger, Tetouan\" srcset=\"https:\/\/yestothenet.com\/wp-content\/uploads\/2023\/11\/creation-site-web-Fes-Meknes-Tanger-Tetouan-1.png 594w, https:\/\/yestothenet.com\/wp-content\/uploads\/2023\/11\/creation-site-web-Fes-Meknes-Tanger-Tetouan-1-300x212.png 300w\" sizes=\"(max-width: 594px) 100vw, 594px\" \/>\t\t\t\t\t\t\t\t\t\t\t\t\t<\/div>\n\t\t\t\t<\/div>\n\t\t\t\t\t<\/div>\n\t\t<\/div>\n\t\t\t\t<div class=\"elementor-column elementor-col-50 elementor-inner-column elementor-element elementor-element-dce0f81 ot-flex-column-vertical\" data-id=\"dce0f81\" data-element_type=\"column\">\n\t\t\t<div class=\"elementor-widget-wrap elementor-element-populated\">\n\t\t\t\t\t\t<div class=\"elementor-element elementor-element-ea79d5e elementor-widget elementor-widget-iheading\" data-id=\"ea79d5e\" data-element_type=\"widget\" data-widget_type=\"iheading.default\">\n\t\t\t\t<div class=\"elementor-widget-container\">\n\t\t\t\t\t<div class=\"ot-heading\">\r\n\t        <h1 class=\"main-heading\">\nYES TO THE NET \u2013 Cr\u00e9ation site web Fes, Meknes, Tanger, Tetouan<\/h1>\t    <\/div>\r\n\t    \t\t<\/div>\n\t\t\t\t<\/div>\n\t\t\t\t<div class=\"elementor-element elementor-element-734d7ce elementor-widget__width-initial elementor-widget elementor-widget-text-editor\" data-id=\"734d7ce\" data-element_type=\"widget\" data-widget_type=\"text-editor.default\">\n\t\t\t\t<div class=\"elementor-widget-container\">\n\t\t\t\t\t\t\t<p>Affirmez votre pr\u00e9sence digitale avec l&rsquo;expertise de YES TO THE NET, votre agence d\u00e9di\u00e9e \u00e0 la <strong>cr\u00e9ation site web Fes, Meknes, Tanger, Tetouan<\/strong>. Vous aspirez \u00e0 \u00e9largir votre visibilit\u00e9 en ligne et attirer une nouvelle client\u00e8le\u00a0? Faites confiance \u00e0 notre agence de communication digitale. Reconnue pour notre professionnalisme et notre savoir-faire num\u00e9rique, notre \u00e9quipe est pr\u00eate \u00e0 vous accompagner.<\/p><p>Partenaire de choix pour votre \u00e9panouissement en ligne, notre agence de marketing digital vous propose des solutions web personnalis\u00e9es qui s\u00e9duisent, dialoguent et engagent. Que vous soyez un entrepreneur passionn\u00e9, une PME avant-gardiste ou une grande corporation, notre \u00e9ventail de comp\u00e9tences garantit une prestation optimale pour la <strong><span style=\"color: #33cccc;\"><a style=\"color: #33cccc;\" href=\"https:\/\/yestothenet.com\/es\/creacion-de-sitios-web\/\">creaci\u00f3n de sitios web<\/a><\/span> Fez, Mequinez, T\u00e1nger, Tetu\u00e1n<\/strong>.<\/p><p>Des portfolios attrayants aux boutiques en ligne dynamiques, sans oublier des interfaces interactives et des portails d&rsquo;entreprise robustes, nous savons comment r\u00e9pondre \u00e0 toutes vos attentes en <strong>cr\u00e9ation site web Fes, Meknes, Tanger, Tetouan<\/strong>. Votre r\u00e9ussite sur le web commence ici. Contactez-nous au <span style=\"color: #33cccc;\"><a style=\"color: #33cccc;\" href=\"tel:06 61 26 30 34\"><strong>06 61 26 30 34<\/strong><\/a><\/span> pour d\u00e9marrer votre projet.<\/p>\t\t\t\t\t\t<\/div>\n\t\t\t\t<\/div>\n\t\t\t\t\t<\/div>\n\t\t<\/div>\n\t\t\t\t\t<\/div>\n\t\t<\/section>\n\t\t\t\t\t<\/div>\n\t\t<\/div>\n\t\t\t\t\t<\/div>\n\t\t<\/section>\n\t\t\t\t<section class=\"elementor-section elementor-top-section elementor-element elementor-element-30c462d ot-traditional elementor-section-boxed elementor-section-height-default elementor-section-height-default\" data-id=\"30c462d\" data-element_type=\"section\">\n\t\t\t\t\t\t<div class=\"elementor-container elementor-column-gap-default\">\n\t\t\t\t\t<div class=\"elementor-column elementor-col-100 elementor-top-column elementor-element elementor-element-c788162 ot-flex-column-vertical\" data-id=\"c788162\" data-element_type=\"column\">\n\t\t\t<div class=\"elementor-widget-wrap elementor-element-populated\">\n\t\t\t\t\t\t<section class=\"elementor-section elementor-inner-section elementor-element elementor-element-ab020ed elementor-section-full_width elementor-section-content-bottom ot-traditional elementor-section-height-default elementor-section-height-default\" data-id=\"ab020ed\" data-element_type=\"section\" data-settings=\"{&quot;background_background&quot;:&quot;classic&quot;}\">\n\t\t\t\t\t\t\t<div class=\"elementor-background-overlay\"><\/div>\n\t\t\t\t\t\t\t<div class=\"elementor-container elementor-column-gap-extended\">\n\t\t\t\t\t<div class=\"elementor-column elementor-col-50 elementor-inner-column elementor-element elementor-element-ffaaf2a ot-flex-column-vertical\" data-id=\"ffaaf2a\" data-element_type=\"column\">\n\t\t\t<div class=\"elementor-widget-wrap elementor-element-populated\">\n\t\t\t\t\t\t<div class=\"elementor-element elementor-element-5ff7ce1 elementor-widget elementor-widget-iheading\" data-id=\"5ff7ce1\" data-element_type=\"widget\" data-widget_type=\"iheading.default\">\n\t\t\t\t<div class=\"elementor-widget-container\">\n\t\t\t\t\t<div class=\"ot-heading\">\r\n\t        \t            <span>\/\/ En S\u00ed a la Red,<\/span>\r\n\t        <h2 class=\"main-heading\">Un servicio de creaci\u00f3n de sitios web de calidad<\/h2>\t    <\/div>\r\n\t    \t\t<\/div>\n\t\t\t\t<\/div>\n\t\t\t\t\t<\/div>\n\t\t<\/div>\n\t\t\t\t<div class=\"elementor-column elementor-col-50 elementor-inner-column elementor-element elementor-element-3fd82f3 ot-flex-column-vertical\" data-id=\"3fd82f3\" data-element_type=\"column\">\n\t\t\t<div class=\"elementor-widget-wrap elementor-element-populated\">\n\t\t\t\t\t\t<div class=\"elementor-element elementor-element-e146430 elementor-align-right elementor-mobile-align-left elementor-widget elementor-widget-button\" data-id=\"e146430\" data-element_type=\"widget\" data-widget_type=\"button.default\">\n\t\t\t\t<div class=\"elementor-widget-container\">\n\t\t\t\t\t<div class=\"elementor-button-wrapper\">\n\t\t\t<a class=\"elementor-button elementor-button-link elementor-size-md\" href=\"https:\/\/yestothenet.com\/es\/contacto\/\">\n\t\t\t\t\t\t<span class=\"elementor-button-content-wrapper\">\n\t\t\t\t\t\t\t\t\t<span class=\"elementor-button-text\">Cont\u00e1ctanos<\/span>\n\t\t\t\t\t<\/span>\n\t\t\t\t\t<\/a>\n\t\t<\/div>\n\t\t\t\t<\/div>\n\t\t\t\t<\/div>\n\t\t\t\t\t<\/div>\n\t\t<\/div>\n\t\t\t\t\t<\/div>\n\t\t<\/section>\n\t\t\t\t\t<\/div>\n\t\t<\/div>\n\t\t\t\t\t<\/div>\n\t\t<\/section>\n\t\t\t\t<section class=\"elementor-section elementor-top-section elementor-element elementor-element-81a82a5 ot-traditional elementor-section-boxed elementor-section-height-default elementor-section-height-default\" data-id=\"81a82a5\" data-element_type=\"section\" data-settings=\"{&quot;background_background&quot;:&quot;classic&quot;}\">\n\t\t\t\t\t\t\t<div class=\"elementor-background-overlay\"><\/div>\n\t\t\t\t\t\t\t<div class=\"elementor-container elementor-column-gap-extended\">\n\t\t\t\t\t<div class=\"elementor-column elementor-col-50 elementor-top-column elementor-element elementor-element-18b89c0 ot-flex-column-vertical\" data-id=\"18b89c0\" data-element_type=\"column\">\n\t\t\t<div class=\"elementor-widget-wrap elementor-element-populated\">\n\t\t\t\t\t\t<div class=\"elementor-element elementor-element-45e921b elementor-widget elementor-widget-iheading\" data-id=\"45e921b\" data-element_type=\"widget\" data-widget_type=\"iheading.default\">\n\t\t\t\t<div class=\"elementor-widget-container\">\n\t\t\t\t\t<div class=\"ot-heading\">\r\n\t        <h2 class=\"main-heading\">Prenez le virage num\u00e9rique avec notre service de cr\u00e9ation site web Fes, Meknes, Tanger, Tetouan<\/h2>\t    <\/div>\r\n\t    \t\t<\/div>\n\t\t\t\t<\/div>\n\t\t\t\t<section class=\"elementor-section elementor-inner-section elementor-element elementor-element-dd648d0 elementor-section-full_width ot-traditional elementor-section-height-default elementor-section-height-default\" data-id=\"dd648d0\" data-element_type=\"section\">\n\t\t\t\t\t\t<div class=\"elementor-container elementor-column-gap-default\">\n\t\t\t\t\t<div class=\"elementor-column elementor-col-100 elementor-inner-column elementor-element elementor-element-9c59460 ot-flex-column-vertical\" data-id=\"9c59460\" data-element_type=\"column\">\n\t\t\t<div class=\"elementor-widget-wrap elementor-element-populated\">\n\t\t\t\t\t\t<div class=\"elementor-element elementor-element-9a4497b elementor-widget elementor-widget-text-editor\" data-id=\"9a4497b\" data-element_type=\"widget\" data-widget_type=\"text-editor.default\">\n\t\t\t\t<div class=\"elementor-widget-container\">\n\t\t\t\t\t\t\t<p>Marquez le web de votre empreinte avec les solutions avant-gardistes de YES TO THE NET. En tant qu&rsquo;experts en cr\u00e9ation web, nous fa\u00e7onnons des exp\u00e9riences digitales m\u00e9morables \u00e0 partir de vos visions. Nous ne nous arr\u00eatons pas \u00e0 la conception de sites internet, nous cr\u00e9ons des espaces num\u00e9riques qui incarnent l&rsquo;esprit de votre marque et communiquent efficacement avec vos visiteurs.<\/p><p>Lib\u00e9rez le potentiel technologique de votre entreprise. Nos d\u00e9veloppeurs aguerris sont \u00e0 la pointe des \u00e9volutions num\u00e9riques, assurant des sites r\u00e9actifs, rapides et adaptatifs sur tous les dispositifs. En partenariat avec notre agence digitale, vous disposerez d&rsquo;un site \u00e9volutif, con\u00e7u pour prosp\u00e9rer au rythme de votre affaire.<\/p><p>Nous adoptons une m\u00e9thode claire et efficace : \u00e0 l&rsquo;\u00e9coute de vos ambitions, nous analysons votre secteur d&rsquo;activit\u00e9 et d\u00e9ployons des technologies de pointe pour cr\u00e9er un site esth\u00e9tique, fonctionnel, s\u00e9curis\u00e9 et optimis\u00e9 pour le SEO.<\/p><p>Investissez dans un site internet qui repr\u00e9sente votre entreprise jour et nuit. Joignez-vous \u00e0 YES TO THE NET pour une \u00e9valuation sans frais, et avan\u00e7ons ensemble vers un futur num\u00e9rique rayonnant.<\/p>\t\t\t\t\t\t<\/div>\n\t\t\t\t<\/div>\n\t\t\t\t\t<\/div>\n\t\t<\/div>\n\t\t\t\t\t<\/div>\n\t\t<\/section>\n\t\t\t\t\t<\/div>\n\t\t<\/div>\n\t\t\t\t<div class=\"elementor-column elementor-col-50 elementor-top-column elementor-element elementor-element-8a09494 ot-flex-column-vertical\" data-id=\"8a09494\" data-element_type=\"column\">\n\t\t\t<div class=\"elementor-widget-wrap elementor-element-populated\">\n\t\t\t\t\t\t<div class=\"elementor-element elementor-element-69d94ca elementor-widget elementor-widget-image\" data-id=\"69d94ca\" data-element_type=\"widget\" data-widget_type=\"image.default\">\n\t\t\t\t<div class=\"elementor-widget-container\">\n\t\t\t\t\t\t\t\t\t\t\t\t\t<img decoding=\"async\" width=\"691\" height=\"361\" src=\"https:\/\/yestothenet.com\/wp-content\/uploads\/2023\/11\/creation-site-web-Fes-Meknes-Tanger-Tetouan.png\" class=\"attachment-medium_large size-medium_large wp-image-6094\" alt=\"cr\u00e9ation site web Fes, Meknes, Tanger, Tetouan\" srcset=\"https:\/\/yestothenet.com\/wp-content\/uploads\/2023\/11\/creation-site-web-Fes-Meknes-Tanger-Tetouan.png 691w, https:\/\/yestothenet.com\/wp-content\/uploads\/2023\/11\/creation-site-web-Fes-Meknes-Tanger-Tetouan-300x157.png 300w\" sizes=\"(max-width: 691px) 100vw, 691px\" \/>\t\t\t\t\t\t\t\t\t\t\t\t\t<\/div>\n\t\t\t\t<\/div>\n\t\t\t\t\t<\/div>\n\t\t<\/div>\n\t\t\t\t\t<\/div>\n\t\t<\/section>\n\t\t\t\t<\/div>","protected":false},"excerpt":{"rendered":"<p>YES TO THE NET \u2013 Cr\u00e9ation site web Fes, Meknes, Tanger, Tetouan Affirmez votre pr\u00e9sence digitale avec l&rsquo;expertise de YES TO THE NET, votre agence d\u00e9di\u00e9e \u00e0 la cr\u00e9ation site web Fes, Meknes, Tanger, Tetouan. Vous aspirez \u00e0 \u00e9largir votre visibilit\u00e9 en ligne et attirer une nouvelle client\u00e8le\u00a0? Faites confiance \u00e0 notre agence de communication [&hellip;]<\/p>","protected":false},"author":1,"featured_media":0,"parent":0,"menu_order":0,"comment_status":"closed","ping_status":"closed","template":"","meta":{"footnotes":""},"class_list":["post-6091","page","type-page","status-publish","hentry"],"yoast_head":"<!-- This site is optimized with the Yoast SEO plugin v23.6 - https:\/\/yoast.com\/wordpress\/plugins\/seo\/ -->\n<title>Cr\u00e9ation site web Fes, Meknes, Tanger, Tetouan<\/title>\n<meta name=\"description\" content=\"Besoin d\u2019un sp\u00e9cialiste en cr\u00e9ation site web Fes, Meknes, Tanger, Tetouan ? Contactez l\u2019agence YES TO THE NET.\" \/>\n<meta name=\"robots\" content=\"index, follow, max-snippet:-1, max-image-preview:large, max-video-preview:-1\" \/>\n<link rel=\"canonical\" href=\"https:\/\/yestothenet.com\/es\/creation-site-web-fes-meknes-tanger-tetouan\/\" \/>\n<meta property=\"og:locale\" content=\"es_ES\" \/>\n<meta property=\"og:type\" content=\"article\" \/>\n<meta property=\"og:title\" content=\"Cr\u00e9ation site web Fes, Meknes, Tanger, Tetouan\" \/>\n<meta property=\"og:description\" content=\"Besoin d\u2019un sp\u00e9cialiste en cr\u00e9ation site web Fes, Meknes, Tanger, Tetouan ? Contactez l\u2019agence YES TO THE NET.\" \/>\n<meta property=\"og:url\" content=\"https:\/\/yestothenet.com\/es\/creation-site-web-fes-meknes-tanger-tetouan\/\" \/>\n<meta property=\"og:site_name\" content=\"Yes To The Net\" \/>\n<meta property=\"article:publisher\" content=\"https:\/\/www.instagram.com\/yestothenet\/\" \/>\n<meta property=\"article:modified_time\" content=\"2023-11-08T10:34:50+00:00\" \/>\n<meta property=\"og:image\" content=\"https:\/\/yestothenet.com\/wp-content\/uploads\/2023\/11\/creation-site-web-Fes-Meknes-Tanger-Tetouan-1.png\" \/>\n<meta name=\"twitter:card\" content=\"summary_large_image\" \/>\n<meta name=\"twitter:label1\" content=\"Tiempo de lectura\" \/>\n\t<meta name=\"twitter:data1\" content=\"3 minutos\" \/>\n<script type=\"application\/ld+json\" class=\"yoast-schema-graph\">{\"@context\":\"https:\/\/schema.org\",\"@graph\":[{\"@type\":\"WebPage\",\"@id\":\"https:\/\/yestothenet.com\/creation-site-web-fes-meknes-tanger-tetouan\/\",\"url\":\"https:\/\/yestothenet.com\/creation-site-web-fes-meknes-tanger-tetouan\/\",\"name\":\"Cr\u00e9ation site web Fes, Meknes, Tanger, Tetouan\",\"isPartOf\":{\"@id\":\"https:\/\/yestothenet.com\/#website\"},\"primaryImageOfPage\":{\"@id\":\"https:\/\/yestothenet.com\/creation-site-web-fes-meknes-tanger-tetouan\/#primaryimage\"},\"image\":{\"@id\":\"https:\/\/yestothenet.com\/creation-site-web-fes-meknes-tanger-tetouan\/#primaryimage\"},\"thumbnailUrl\":\"https:\/\/yestothenet.com\/wp-content\/uploads\/2023\/11\/creation-site-web-Fes-Meknes-Tanger-Tetouan-1.png\",\"datePublished\":\"2023-11-08T10:28:55+00:00\",\"dateModified\":\"2023-11-08T10:34:50+00:00\",\"description\":\"Besoin d\u2019un sp\u00e9cialiste en cr\u00e9ation site web Fes, Meknes, Tanger, Tetouan ? Contactez l\u2019agence YES TO THE NET.\",\"breadcrumb\":{\"@id\":\"https:\/\/yestothenet.com\/creation-site-web-fes-meknes-tanger-tetouan\/#breadcrumb\"},\"inLanguage\":\"es\",\"potentialAction\":[{\"@type\":\"ReadAction\",\"target\":[\"https:\/\/yestothenet.com\/creation-site-web-fes-meknes-tanger-tetouan\/\"]}]},{\"@type\":\"ImageObject\",\"inLanguage\":\"es\",\"@id\":\"https:\/\/yestothenet.com\/creation-site-web-fes-meknes-tanger-tetouan\/#primaryimage\",\"url\":\"https:\/\/yestothenet.com\/wp-content\/uploads\/2023\/11\/creation-site-web-Fes-Meknes-Tanger-Tetouan-1.png\",\"contentUrl\":\"https:\/\/yestothenet.com\/wp-content\/uploads\/2023\/11\/creation-site-web-Fes-Meknes-Tanger-Tetouan-1.png\"},{\"@type\":\"BreadcrumbList\",\"@id\":\"https:\/\/yestothenet.com\/creation-site-web-fes-meknes-tanger-tetouan\/#breadcrumb\",\"itemListElement\":[{\"@type\":\"ListItem\",\"position\":1,\"name\":\"Accueil\",\"item\":\"https:\/\/yestothenet.com\/\"},{\"@type\":\"ListItem\",\"position\":2,\"name\":\"&#8230; Cr\u00e9ation site web Fes, Meknes, Tanger, Tetouan\"}]},{\"@type\":\"WebSite\",\"@id\":\"https:\/\/yestothenet.com\/#website\",\"url\":\"https:\/\/yestothenet.com\/\",\"name\":\"YES TO THE NET\",\"description\":\"Votre agence de communication \u00e0 Marrakech\",\"publisher\":{\"@id\":\"https:\/\/yestothenet.com\/#organization\"},\"potentialAction\":[{\"@type\":\"SearchAction\",\"target\":{\"@type\":\"EntryPoint\",\"urlTemplate\":\"https:\/\/yestothenet.com\/?s={search_term_string}\"},\"query-input\":{\"@type\":\"PropertyValueSpecification\",\"valueRequired\":true,\"valueName\":\"search_term_string\"}}],\"inLanguage\":\"es\"},{\"@type\":\"Organization\",\"@id\":\"https:\/\/yestothenet.com\/#organization\",\"name\":\"YES TO THE NET\",\"url\":\"https:\/\/yestothenet.com\/\",\"logo\":{\"@type\":\"ImageObject\",\"inLanguage\":\"es\",\"@id\":\"https:\/\/yestothenet.com\/#\/schema\/logo\/image\/\",\"url\":\"https:\/\/yestothenet.com\/wp-content\/uploads\/2024\/02\/cropped-YES_THE_TO_NET-removebg-preview.png\",\"contentUrl\":\"https:\/\/yestothenet.com\/wp-content\/uploads\/2024\/02\/cropped-YES_THE_TO_NET-removebg-preview.png\",\"width\":512,\"height\":512,\"caption\":\"YES TO THE NET\"},\"image\":{\"@id\":\"https:\/\/yestothenet.com\/#\/schema\/logo\/image\/\"},\"sameAs\":[\"https:\/\/www.instagram.com\/yestothenet\/\"]}]}<\/script>\n<!-- \/ Yoast SEO plugin. -->","yoast_head_json":{"title":"Cr\u00e9ation site web Fes, Meknes, Tanger, Tetouan","description":"Besoin d\u2019un sp\u00e9cialiste en cr\u00e9ation site web Fes, Meknes, Tanger, Tetouan ? Contactez l\u2019agence YES TO THE NET.","robots":{"index":"index","follow":"follow","max-snippet":"max-snippet:-1","max-image-preview":"max-image-preview:large","max-video-preview":"max-video-preview:-1"},"canonical":"https:\/\/yestothenet.com\/es\/creation-site-web-fes-meknes-tanger-tetouan\/","og_locale":"es_ES","og_type":"article","og_title":"Cr\u00e9ation site web Fes, Meknes, Tanger, Tetouan","og_description":"Besoin d\u2019un sp\u00e9cialiste en cr\u00e9ation site web Fes, Meknes, Tanger, Tetouan ? Contactez l\u2019agence YES TO THE NET.","og_url":"https:\/\/yestothenet.com\/es\/creation-site-web-fes-meknes-tanger-tetouan\/","og_site_name":"Yes To The Net","article_publisher":"https:\/\/www.instagram.com\/yestothenet\/","article_modified_time":"2023-11-08T10:34:50+00:00","og_image":[{"url":"https:\/\/yestothenet.com\/wp-content\/uploads\/2023\/11\/creation-site-web-Fes-Meknes-Tanger-Tetouan-1.png"}],"twitter_card":"summary_large_image","twitter_misc":{"Tiempo de lectura":"3 minutos"},"schema":{"@context":"https:\/\/schema.org","@graph":[{"@type":"WebPage","@id":"https:\/\/yestothenet.com\/creation-site-web-fes-meknes-tanger-tetouan\/","url":"https:\/\/yestothenet.com\/creation-site-web-fes-meknes-tanger-tetouan\/","name":"Cr\u00e9ation site web Fes, Meknes, Tanger, Tetouan","isPartOf":{"@id":"https:\/\/yestothenet.com\/#website"},"primaryImageOfPage":{"@id":"https:\/\/yestothenet.com\/creation-site-web-fes-meknes-tanger-tetouan\/#primaryimage"},"image":{"@id":"https:\/\/yestothenet.com\/creation-site-web-fes-meknes-tanger-tetouan\/#primaryimage"},"thumbnailUrl":"https:\/\/yestothenet.com\/wp-content\/uploads\/2023\/11\/creation-site-web-Fes-Meknes-Tanger-Tetouan-1.png","datePublished":"2023-11-08T10:28:55+00:00","dateModified":"2023-11-08T10:34:50+00:00","description":"Besoin d\u2019un sp\u00e9cialiste en cr\u00e9ation site web Fes, Meknes, Tanger, Tetouan ? Contactez l\u2019agence YES TO THE NET.","breadcrumb":{"@id":"https:\/\/yestothenet.com\/creation-site-web-fes-meknes-tanger-tetouan\/#breadcrumb"},"inLanguage":"es","potentialAction":[{"@type":"ReadAction","target":["https:\/\/yestothenet.com\/creation-site-web-fes-meknes-tanger-tetouan\/"]}]},{"@type":"ImageObject","inLanguage":"es","@id":"https:\/\/yestothenet.com\/creation-site-web-fes-meknes-tanger-tetouan\/#primaryimage","url":"https:\/\/yestothenet.com\/wp-content\/uploads\/2023\/11\/creation-site-web-Fes-Meknes-Tanger-Tetouan-1.png","contentUrl":"https:\/\/yestothenet.com\/wp-content\/uploads\/2023\/11\/creation-site-web-Fes-Meknes-Tanger-Tetouan-1.png"},{"@type":"BreadcrumbList","@id":"https:\/\/yestothenet.com\/creation-site-web-fes-meknes-tanger-tetouan\/#breadcrumb","itemListElement":[{"@type":"ListItem","position":1,"name":"Accueil","item":"https:\/\/yestothenet.com\/"},{"@type":"ListItem","position":2,"name":"&#8230; Cr\u00e9ation site web Fes, Meknes, Tanger, Tetouan"}]},{"@type":"WebSite","@id":"https:\/\/yestothenet.com\/#website","url":"https:\/\/yestothenet.com\/","name":"YES TO THE NET","description":"Votre agence de communication \u00e0 Marrakech","publisher":{"@id":"https:\/\/yestothenet.com\/#organization"},"potentialAction":[{"@type":"SearchAction","target":{"@type":"EntryPoint","urlTemplate":"https:\/\/yestothenet.com\/?s={search_term_string}"},"query-input":{"@type":"PropertyValueSpecification","valueRequired":true,"valueName":"search_term_string"}}],"inLanguage":"es"},{"@type":"Organization","@id":"https:\/\/yestothenet.com\/#organization","name":"YES TO THE NET","url":"https:\/\/yestothenet.com\/","logo":{"@type":"ImageObject","inLanguage":"es","@id":"https:\/\/yestothenet.com\/#\/schema\/logo\/image\/","url":"https:\/\/yestothenet.com\/wp-content\/uploads\/2024\/02\/cropped-YES_THE_TO_NET-removebg-preview.png","contentUrl":"https:\/\/yestothenet.com\/wp-content\/uploads\/2024\/02\/cropped-YES_THE_TO_NET-removebg-preview.png","width":512,"height":512,"caption":"YES TO THE NET"},"image":{"@id":"https:\/\/yestothenet.com\/#\/schema\/logo\/image\/"},"sameAs":["https:\/\/www.instagram.com\/yestothenet\/"]}]}},"_links":{"self":[{"href":"https:\/\/yestothenet.com\/es\/wp-json\/wp\/v2\/pages\/6091","targetHints":{"allow":["GET"]}}],"collection":[{"href":"https:\/\/yestothenet.com\/es\/wp-json\/wp\/v2\/pages"}],"about":[{"href":"https:\/\/yestothenet.com\/es\/wp-json\/wp\/v2\/types\/page"}],"author":[{"embeddable":true,"href":"https:\/\/yestothenet.com\/es\/wp-json\/wp\/v2\/users\/1"}],"replies":[{"embeddable":true,"href":"https:\/\/yestothenet.com\/es\/wp-json\/wp\/v2\/comments?post=6091"}],"version-history":[{"count":4,"href":"https:\/\/yestothenet.com\/es\/wp-json\/wp\/v2\/pages\/6091\/revisions"}],"predecessor-version":[{"id":6098,"href":"https:\/\/yestothenet.com\/es\/wp-json\/wp\/v2\/pages\/6091\/revisions\/6098"}],"wp:attachment":[{"href":"https:\/\/yestothenet.com\/es\/wp-json\/wp\/v2\/media?parent=6091"}],"curies":[{"name":"wp","href":"https:\/\/api.w.org\/{rel}","templated":true}]}}