{"id":6084,"date":"2023-11-08T11:04:19","date_gmt":"2023-11-08T10:04:19","guid":{"rendered":"https:\/\/yestothenet.com\/?page_id=6084"},"modified":"2023-11-08T11:11:32","modified_gmt":"2023-11-08T10:11:32","slug":"creation-site-web-rabat-kenitra","status":"publish","type":"page","link":"https:\/\/yestothenet.com\/es\/creacion-de-sitios-web-en-rabat-kenitra\/","title":{"rendered":"\u2026 Creaci\u00f3n de sitios web Rabat, Kenitra"},"content":{"rendered":"<div data-elementor-type=\"wp-page\" data-elementor-id=\"6084\" class=\"elementor elementor-6084\" data-elementor-post-type=\"page\">\n\t\t\t\t\t\t<section class=\"elementor-section elementor-top-section elementor-element elementor-element-2db1430 elementor-section-content-middle ot-traditional elementor-section-boxed elementor-section-height-default elementor-section-height-default\" data-id=\"2db1430\" data-element_type=\"section\">\n\t\t\t\t\t\t<div class=\"elementor-container elementor-column-gap-default\">\n\t\t\t\t\t<div class=\"elementor-column elementor-col-100 elementor-top-column elementor-element elementor-element-9ca7f6d ot-flex-column-vertical\" data-id=\"9ca7f6d\" data-element_type=\"column\">\n\t\t\t<div class=\"elementor-widget-wrap elementor-element-populated\">\n\t\t\t\t\t\t<section class=\"elementor-section elementor-inner-section elementor-element elementor-element-ae21701 elementor-section-content-top elementor-section-full_width ot-traditional elementor-section-height-default elementor-section-height-default\" data-id=\"ae21701\" data-element_type=\"section\">\n\t\t\t\t\t\t<div class=\"elementor-container elementor-column-gap-extended\">\n\t\t\t\t\t<div class=\"elementor-column elementor-col-50 elementor-inner-column elementor-element elementor-element-78f9ac9 ot-flex-column-vertical\" data-id=\"78f9ac9\" data-element_type=\"column\">\n\t\t\t<div class=\"elementor-widget-wrap elementor-element-populated\">\n\t\t\t\t\t\t<div class=\"elementor-element elementor-element-25eb330 elementor-widget__width-initial elementor-widget elementor-widget-image\" data-id=\"25eb330\" data-element_type=\"widget\" data-widget_type=\"image.default\">\n\t\t\t\t<div class=\"elementor-widget-container\">\n\t\t\t\t\t\t\t\t\t\t\t\t\t<img fetchpriority=\"high\" decoding=\"async\" width=\"909\" height=\"481\" src=\"https:\/\/yestothenet.com\/wp-content\/uploads\/2023\/11\/creation-site-web-Casablanca-Berrchid-El-jadida-2.webp\" class=\"attachment-large size-large wp-image-6024\" alt=\"Creaci\u00f3n de sitios web Rabat, Kenitra\" srcset=\"https:\/\/yestothenet.com\/wp-content\/uploads\/2023\/11\/creation-site-web-Casablanca-Berrchid-El-jadida-2.webp 909w, https:\/\/yestothenet.com\/wp-content\/uploads\/2023\/11\/creation-site-web-Casablanca-Berrchid-El-jadida-2-300x159.webp 300w, https:\/\/yestothenet.com\/wp-content\/uploads\/2023\/11\/creation-site-web-Casablanca-Berrchid-El-jadida-2-768x406.webp 768w, https:\/\/yestothenet.com\/wp-content\/uploads\/2023\/11\/creation-site-web-Casablanca-Berrchid-El-jadida-2-720x381.webp 720w\" sizes=\"(max-width: 909px) 100vw, 909px\" \/>\t\t\t\t\t\t\t\t\t\t\t\t\t<\/div>\n\t\t\t\t<\/div>\n\t\t\t\t\t<\/div>\n\t\t<\/div>\n\t\t\t\t<div class=\"elementor-column elementor-col-50 elementor-inner-column elementor-element elementor-element-dce0f81 ot-flex-column-vertical\" data-id=\"dce0f81\" data-element_type=\"column\">\n\t\t\t<div class=\"elementor-widget-wrap elementor-element-populated\">\n\t\t\t\t\t\t<div class=\"elementor-element elementor-element-ea79d5e elementor-widget elementor-widget-iheading\" data-id=\"ea79d5e\" data-element_type=\"widget\" data-widget_type=\"iheading.default\">\n\t\t\t\t<div class=\"elementor-widget-container\">\n\t\t\t\t\t<div class=\"ot-heading\">\r\n\t        <h1 class=\"main-heading\">\nYES TO THE NET es su especialista en creaci\u00f3n de sitios web en Rabat y Kenitra.<\/h1>\t    <\/div>\r\n\t    \t\t<\/div>\n\t\t\t\t<\/div>\n\t\t\t\t<div class=\"elementor-element elementor-element-734d7ce elementor-widget__width-initial elementor-widget elementor-widget-text-editor\" data-id=\"734d7ce\" data-element_type=\"widget\" data-widget_type=\"text-editor.default\">\n\t\t\t\t<div class=\"elementor-widget-container\">\n\t\t\t\t\t\t\t<p>\u00bfQuieres ampliar tu presencia online para captar nuevos clientes? Contacta con YES TO THE NET, tu especialista online. <strong>Creaci\u00f3n de sitios web Rabat, Kenitra<\/strong>Nuestra agencia web es reconocida por su profesionalismo y experiencia en el \u00e1mbito digital.<\/p><p>Nuestra agencia de comunicaci\u00f3n es el socio ideal para su \u00e9xito digital. De hecho, le ofrecemos servicios de <strong><span style=\"color: #33cccc;\"><a style=\"color: #33cccc;\" href=\"https:\/\/yestothenet.com\/es\/creacion-de-sitios-web\/\">creaci\u00f3n de sitios web<\/a><\/span> Rabat, Kenitra<\/strong> Hechos a medida que cautivan, comunican y convierten.<\/p><p>Ya sea un emprendedor din\u00e1mico, una PYME innovadora o una gran empresa establecida, tenemos la gama de habilidades para un servicio de <strong>Creaci\u00f3n de sitios web Rabat, Kenitra<\/strong> Ideal. Desde elegantes portafolios hasta potentes tiendas online, desde plataformas interactivas hasta complejos portales corporativos, somos expertos en todo tipo de sitios web.<\/p><p>Tenemos todo lo necesario para que su proyecto sea un \u00e9xito. Llame a nuestros servicios en <span style=\"color: #33cccc;\"><a style=\"color: #33cccc;\" href=\"tel:06 61 26 30 34\"><strong>06 61 26 30 34<\/strong><\/a><\/span>.<\/p>\t\t\t\t\t\t<\/div>\n\t\t\t\t<\/div>\n\t\t\t\t\t<\/div>\n\t\t<\/div>\n\t\t\t\t\t<\/div>\n\t\t<\/section>\n\t\t\t\t\t<\/div>\n\t\t<\/div>\n\t\t\t\t\t<\/div>\n\t\t<\/section>\n\t\t\t\t<section class=\"elementor-section elementor-top-section elementor-element elementor-element-30c462d ot-traditional elementor-section-boxed elementor-section-height-default elementor-section-height-default\" data-id=\"30c462d\" data-element_type=\"section\">\n\t\t\t\t\t\t<div class=\"elementor-container elementor-column-gap-default\">\n\t\t\t\t\t<div class=\"elementor-column elementor-col-100 elementor-top-column elementor-element elementor-element-c788162 ot-flex-column-vertical\" data-id=\"c788162\" data-element_type=\"column\">\n\t\t\t<div class=\"elementor-widget-wrap elementor-element-populated\">\n\t\t\t\t\t\t<section class=\"elementor-section elementor-inner-section elementor-element elementor-element-ab020ed elementor-section-full_width elementor-section-content-bottom ot-traditional elementor-section-height-default elementor-section-height-default\" data-id=\"ab020ed\" data-element_type=\"section\" data-settings=\"{&quot;background_background&quot;:&quot;classic&quot;}\">\n\t\t\t\t\t\t\t<div class=\"elementor-background-overlay\"><\/div>\n\t\t\t\t\t\t\t<div class=\"elementor-container elementor-column-gap-extended\">\n\t\t\t\t\t<div class=\"elementor-column elementor-col-50 elementor-inner-column elementor-element elementor-element-ffaaf2a ot-flex-column-vertical\" data-id=\"ffaaf2a\" data-element_type=\"column\">\n\t\t\t<div class=\"elementor-widget-wrap elementor-element-populated\">\n\t\t\t\t\t\t<div class=\"elementor-element elementor-element-5ff7ce1 elementor-widget elementor-widget-iheading\" data-id=\"5ff7ce1\" data-element_type=\"widget\" data-widget_type=\"iheading.default\">\n\t\t\t\t<div class=\"elementor-widget-container\">\n\t\t\t\t\t<div class=\"ot-heading\">\r\n\t        \t            <span>\/\/ En S\u00ed a la Red,<\/span>\r\n\t        <h2 class=\"main-heading\">Un servicio de creaci\u00f3n de sitios web de calidad<\/h2>\t    <\/div>\r\n\t    \t\t<\/div>\n\t\t\t\t<\/div>\n\t\t\t\t\t<\/div>\n\t\t<\/div>\n\t\t\t\t<div class=\"elementor-column elementor-col-50 elementor-inner-column elementor-element elementor-element-3fd82f3 ot-flex-column-vertical\" data-id=\"3fd82f3\" data-element_type=\"column\">\n\t\t\t<div class=\"elementor-widget-wrap elementor-element-populated\">\n\t\t\t\t\t\t<div class=\"elementor-element elementor-element-e146430 elementor-align-right elementor-mobile-align-left elementor-widget elementor-widget-button\" data-id=\"e146430\" data-element_type=\"widget\" data-widget_type=\"button.default\">\n\t\t\t\t<div class=\"elementor-widget-container\">\n\t\t\t\t\t<div class=\"elementor-button-wrapper\">\n\t\t\t<a class=\"elementor-button elementor-button-link elementor-size-md\" href=\"https:\/\/yestothenet.com\/es\/contacto\/\">\n\t\t\t\t\t\t<span class=\"elementor-button-content-wrapper\">\n\t\t\t\t\t\t\t\t\t<span class=\"elementor-button-text\">Cont\u00e1ctanos<\/span>\n\t\t\t\t\t<\/span>\n\t\t\t\t\t<\/a>\n\t\t<\/div>\n\t\t\t\t<\/div>\n\t\t\t\t<\/div>\n\t\t\t\t\t<\/div>\n\t\t<\/div>\n\t\t\t\t\t<\/div>\n\t\t<\/section>\n\t\t\t\t\t<\/div>\n\t\t<\/div>\n\t\t\t\t\t<\/div>\n\t\t<\/section>\n\t\t\t\t<section class=\"elementor-section elementor-top-section elementor-element elementor-element-81a82a5 ot-traditional elementor-section-boxed elementor-section-height-default elementor-section-height-default\" data-id=\"81a82a5\" data-element_type=\"section\" data-settings=\"{&quot;background_background&quot;:&quot;classic&quot;}\">\n\t\t\t\t\t\t\t<div class=\"elementor-background-overlay\"><\/div>\n\t\t\t\t\t\t\t<div class=\"elementor-container elementor-column-gap-extended\">\n\t\t\t\t\t<div class=\"elementor-column elementor-col-50 elementor-top-column elementor-element elementor-element-18b89c0 ot-flex-column-vertical\" data-id=\"18b89c0\" data-element_type=\"column\">\n\t\t\t<div class=\"elementor-widget-wrap elementor-element-populated\">\n\t\t\t\t\t\t<div class=\"elementor-element elementor-element-45e921b elementor-widget elementor-widget-iheading\" data-id=\"45e921b\" data-element_type=\"widget\" data-widget_type=\"iheading.default\">\n\t\t\t\t<div class=\"elementor-widget-container\">\n\t\t\t\t\t<div class=\"ot-heading\">\r\n\t        <h2 class=\"main-heading\">Destaque en l\u00ednea con nuestro servicio de creaci\u00f3n de sitios web en Rabat y Kenitra.<\/h2>\t    <\/div>\r\n\t    \t\t<\/div>\n\t\t\t\t<\/div>\n\t\t\t\t<section class=\"elementor-section elementor-inner-section elementor-element elementor-element-dd648d0 elementor-section-full_width ot-traditional elementor-section-height-default elementor-section-height-default\" data-id=\"dd648d0\" data-element_type=\"section\">\n\t\t\t\t\t\t<div class=\"elementor-container elementor-column-gap-default\">\n\t\t\t\t\t<div class=\"elementor-column elementor-col-100 elementor-inner-column elementor-element elementor-element-9c59460 ot-flex-column-vertical\" data-id=\"9c59460\" data-element_type=\"column\">\n\t\t\t<div class=\"elementor-widget-wrap elementor-element-populated\">\n\t\t\t\t\t\t<div class=\"elementor-element elementor-element-9a4497b elementor-widget elementor-widget-text-editor\" data-id=\"9a4497b\" data-element_type=\"widget\" data-widget_type=\"text-editor.default\">\n\t\t\t\t<div class=\"elementor-widget-container\">\n\t\t\t\t\t\t\t<p>Deja tu huella en el mundo digital con las soluciones innovadoras de YES TO THE NET. Como especialistas en dise\u00f1o web, transformamos tus conceptos en experiencias de usuario inolvidables. No solo creamos sitios web; construimos plataformas que reflejan la singularidad de tu marca y se dirigen directamente a tu p\u00fablico objetivo.<\/p><p>No dejes que la tecnolog\u00eda te limite. Nuestros desarrolladores expertos dominan las \u00faltimas tendencias e innovaciones para garantizar que tu sitio web sea responsivo, r\u00e1pido y adaptable a todos los dispositivos. Con nuestra agencia de comunicaci\u00f3n digital, te beneficiar\u00e1s de un sitio web escalable, listo para crecer con tu negocio.<\/p><p>Nuestro enfoque es simple: escuchamos sus necesidades, entendemos su mercado e implementamos las \u00faltimas tecnolog\u00edas web para garantizar que su sitio no solo sea est\u00e9ticamente agradable, sino tambi\u00e9n funcional, seguro y optimizado para SEO.<\/p><p>Invierta en un sitio web que funcione para usted las 24 horas del d\u00eda, los 7 d\u00edas de la semana, y muestre al mundo lo mejor que tiene para ofrecer. Contacte con YES TO THE NET ahora para una consulta gratuita y, juntos, construyamos el sitio que impulsar\u00e1 su negocio hacia la era digital.<\/p>\t\t\t\t\t\t<\/div>\n\t\t\t\t<\/div>\n\t\t\t\t\t<\/div>\n\t\t<\/div>\n\t\t\t\t\t<\/div>\n\t\t<\/section>\n\t\t\t\t\t<\/div>\n\t\t<\/div>\n\t\t\t\t<div class=\"elementor-column elementor-col-50 elementor-top-column elementor-element elementor-element-8a09494 ot-flex-column-vertical\" data-id=\"8a09494\" data-element_type=\"column\">\n\t\t\t<div class=\"elementor-widget-wrap elementor-element-populated\">\n\t\t\t\t\t\t<div class=\"elementor-element elementor-element-69d94ca elementor-widget elementor-widget-image\" data-id=\"69d94ca\" data-element_type=\"widget\" data-widget_type=\"image.default\">\n\t\t\t\t<div class=\"elementor-widget-container\">\n\t\t\t\t\t\t\t\t\t\t\t\t\t<img decoding=\"async\" width=\"612\" height=\"408\" src=\"https:\/\/yestothenet.com\/wp-content\/uploads\/2023\/11\/agence-web-offshore-maroc-7-1.png\" class=\"attachment-medium_large size-medium_large wp-image-6087\" alt=\"Creaci\u00f3n de sitios web Rabat, Kenitra\" srcset=\"https:\/\/yestothenet.com\/wp-content\/uploads\/2023\/11\/agence-web-offshore-maroc-7-1.png 612w, https:\/\/yestothenet.com\/wp-content\/uploads\/2023\/11\/agence-web-offshore-maroc-7-1-300x200.png 300w\" sizes=\"(max-width: 612px) 100vw, 612px\" \/>\t\t\t\t\t\t\t\t\t\t\t\t\t<\/div>\n\t\t\t\t<\/div>\n\t\t\t\t\t<\/div>\n\t\t<\/div>\n\t\t\t\t\t<\/div>\n\t\t<\/section>\n\t\t\t\t<\/div>","protected":false},"excerpt":{"rendered":"<p>YES TO THE NET est votre sp\u00e9cialiste en cr\u00e9ation site web Rabat, Kenitra Vous souhaitez d\u00e9velopper votre pr\u00e9sence en ligne pour cibler de nouveaux clients ? Adressez-vous \u00e0 YES TO THE NET, votre sp\u00e9cialiste en cr\u00e9ation site web Rabat, Kenitra. Notre agence web est reconnue pour son professionnalisme et son expertise dans le domaine digital. [&hellip;]<\/p>","protected":false},"author":1,"featured_media":0,"parent":0,"menu_order":0,"comment_status":"closed","ping_status":"closed","template":"","meta":{"footnotes":""},"class_list":["post-6084","page","type-page","status-publish","hentry"],"yoast_head":"<!-- This site is optimized with the Yoast SEO plugin v23.6 - https:\/\/yoast.com\/wordpress\/plugins\/seo\/ -->\n<title>Cr\u00e9ation site web Rabat, Kenitra \u2013 YES TO THE NET<\/title>\n<meta name=\"description\" content=\"Transformez Vos Id\u00e9es en R\u00e9alit\u00e9 Digitale avec le service de cr\u00e9ation site web Rabat, Kenitra de l\u2019agence YES TO THE NET.\" \/>\n<meta name=\"robots\" content=\"index, follow, max-snippet:-1, max-image-preview:large, max-video-preview:-1\" \/>\n<link rel=\"canonical\" href=\"https:\/\/yestothenet.com\/es\/creacion-de-sitios-web-en-rabat-kenitra\/\" \/>\n<meta property=\"og:locale\" content=\"es_ES\" \/>\n<meta property=\"og:type\" content=\"article\" \/>\n<meta property=\"og:title\" content=\"Cr\u00e9ation site web Rabat, Kenitra \u2013 YES TO THE NET\" \/>\n<meta property=\"og:description\" content=\"Transformez Vos Id\u00e9es en R\u00e9alit\u00e9 Digitale avec le service de cr\u00e9ation site web Rabat, Kenitra de l\u2019agence YES TO THE NET.\" \/>\n<meta property=\"og:url\" content=\"https:\/\/yestothenet.com\/es\/creacion-de-sitios-web-en-rabat-kenitra\/\" \/>\n<meta property=\"og:site_name\" content=\"Yes To The Net\" \/>\n<meta property=\"article:publisher\" content=\"https:\/\/www.instagram.com\/yestothenet\/\" \/>\n<meta property=\"article:modified_time\" content=\"2023-11-08T10:11:32+00:00\" \/>\n<meta property=\"og:image\" content=\"https:\/\/yestothenet.com\/wp-content\/uploads\/2023\/11\/creation-site-web-Casablanca-Berrchid-El-jadida-2.webp\" \/>\n<meta name=\"twitter:card\" content=\"summary_large_image\" \/>\n<meta name=\"twitter:label1\" content=\"Tiempo de lectura\" \/>\n\t<meta name=\"twitter:data1\" content=\"3 minutos\" \/>\n<script type=\"application\/ld+json\" class=\"yoast-schema-graph\">{\"@context\":\"https:\/\/schema.org\",\"@graph\":[{\"@type\":\"WebPage\",\"@id\":\"https:\/\/yestothenet.com\/creation-site-web-rabat-kenitra\/\",\"url\":\"https:\/\/yestothenet.com\/creation-site-web-rabat-kenitra\/\",\"name\":\"Cr\u00e9ation site web Rabat, Kenitra \u2013 YES TO THE NET\",\"isPartOf\":{\"@id\":\"https:\/\/yestothenet.com\/#website\"},\"primaryImageOfPage\":{\"@id\":\"https:\/\/yestothenet.com\/creation-site-web-rabat-kenitra\/#primaryimage\"},\"image\":{\"@id\":\"https:\/\/yestothenet.com\/creation-site-web-rabat-kenitra\/#primaryimage\"},\"thumbnailUrl\":\"https:\/\/yestothenet.com\/wp-content\/uploads\/2023\/11\/creation-site-web-Casablanca-Berrchid-El-jadida-2.webp\",\"datePublished\":\"2023-11-08T10:04:19+00:00\",\"dateModified\":\"2023-11-08T10:11:32+00:00\",\"description\":\"Transformez Vos Id\u00e9es en R\u00e9alit\u00e9 Digitale avec le service de cr\u00e9ation site web Rabat, Kenitra de l\u2019agence YES TO THE NET.\",\"breadcrumb\":{\"@id\":\"https:\/\/yestothenet.com\/creation-site-web-rabat-kenitra\/#breadcrumb\"},\"inLanguage\":\"es\",\"potentialAction\":[{\"@type\":\"ReadAction\",\"target\":[\"https:\/\/yestothenet.com\/creation-site-web-rabat-kenitra\/\"]}]},{\"@type\":\"ImageObject\",\"inLanguage\":\"es\",\"@id\":\"https:\/\/yestothenet.com\/creation-site-web-rabat-kenitra\/#primaryimage\",\"url\":\"https:\/\/yestothenet.com\/wp-content\/uploads\/2023\/11\/creation-site-web-Casablanca-Berrchid-El-jadida-2.webp\",\"contentUrl\":\"https:\/\/yestothenet.com\/wp-content\/uploads\/2023\/11\/creation-site-web-Casablanca-Berrchid-El-jadida-2.webp\"},{\"@type\":\"BreadcrumbList\",\"@id\":\"https:\/\/yestothenet.com\/creation-site-web-rabat-kenitra\/#breadcrumb\",\"itemListElement\":[{\"@type\":\"ListItem\",\"position\":1,\"name\":\"Accueil\",\"item\":\"https:\/\/yestothenet.com\/\"},{\"@type\":\"ListItem\",\"position\":2,\"name\":\"&#8230; Cr\u00e9ation site web Rabat, Kenitra\"}]},{\"@type\":\"WebSite\",\"@id\":\"https:\/\/yestothenet.com\/#website\",\"url\":\"https:\/\/yestothenet.com\/\",\"name\":\"YES TO THE NET\",\"description\":\"Votre agence de communication \u00e0 Marrakech\",\"publisher\":{\"@id\":\"https:\/\/yestothenet.com\/#organization\"},\"potentialAction\":[{\"@type\":\"SearchAction\",\"target\":{\"@type\":\"EntryPoint\",\"urlTemplate\":\"https:\/\/yestothenet.com\/?s={search_term_string}\"},\"query-input\":{\"@type\":\"PropertyValueSpecification\",\"valueRequired\":true,\"valueName\":\"search_term_string\"}}],\"inLanguage\":\"es\"},{\"@type\":\"Organization\",\"@id\":\"https:\/\/yestothenet.com\/#organization\",\"name\":\"YES TO THE NET\",\"url\":\"https:\/\/yestothenet.com\/\",\"logo\":{\"@type\":\"ImageObject\",\"inLanguage\":\"es\",\"@id\":\"https:\/\/yestothenet.com\/#\/schema\/logo\/image\/\",\"url\":\"https:\/\/yestothenet.com\/wp-content\/uploads\/2024\/02\/cropped-YES_THE_TO_NET-removebg-preview.png\",\"contentUrl\":\"https:\/\/yestothenet.com\/wp-content\/uploads\/2024\/02\/cropped-YES_THE_TO_NET-removebg-preview.png\",\"width\":512,\"height\":512,\"caption\":\"YES TO THE NET\"},\"image\":{\"@id\":\"https:\/\/yestothenet.com\/#\/schema\/logo\/image\/\"},\"sameAs\":[\"https:\/\/www.instagram.com\/yestothenet\/\"]}]}<\/script>\n<!-- \/ Yoast SEO plugin. -->","yoast_head_json":{"title":"Cr\u00e9ation site web Rabat, Kenitra \u2013 YES TO THE NET","description":"Transformez Vos Id\u00e9es en R\u00e9alit\u00e9 Digitale avec le service de cr\u00e9ation site web Rabat, Kenitra de l\u2019agence YES TO THE NET.","robots":{"index":"index","follow":"follow","max-snippet":"max-snippet:-1","max-image-preview":"max-image-preview:large","max-video-preview":"max-video-preview:-1"},"canonical":"https:\/\/yestothenet.com\/es\/creacion-de-sitios-web-en-rabat-kenitra\/","og_locale":"es_ES","og_type":"article","og_title":"Cr\u00e9ation site web Rabat, Kenitra \u2013 YES TO THE NET","og_description":"Transformez Vos Id\u00e9es en R\u00e9alit\u00e9 Digitale avec le service de cr\u00e9ation site web Rabat, Kenitra de l\u2019agence YES TO THE NET.","og_url":"https:\/\/yestothenet.com\/es\/creacion-de-sitios-web-en-rabat-kenitra\/","og_site_name":"Yes To The Net","article_publisher":"https:\/\/www.instagram.com\/yestothenet\/","article_modified_time":"2023-11-08T10:11:32+00:00","og_image":[{"url":"https:\/\/yestothenet.com\/wp-content\/uploads\/2023\/11\/creation-site-web-Casablanca-Berrchid-El-jadida-2.webp"}],"twitter_card":"summary_large_image","twitter_misc":{"Tiempo de lectura":"3 minutos"},"schema":{"@context":"https:\/\/schema.org","@graph":[{"@type":"WebPage","@id":"https:\/\/yestothenet.com\/creation-site-web-rabat-kenitra\/","url":"https:\/\/yestothenet.com\/creation-site-web-rabat-kenitra\/","name":"Cr\u00e9ation site web Rabat, Kenitra \u2013 YES TO THE NET","isPartOf":{"@id":"https:\/\/yestothenet.com\/#website"},"primaryImageOfPage":{"@id":"https:\/\/yestothenet.com\/creation-site-web-rabat-kenitra\/#primaryimage"},"image":{"@id":"https:\/\/yestothenet.com\/creation-site-web-rabat-kenitra\/#primaryimage"},"thumbnailUrl":"https:\/\/yestothenet.com\/wp-content\/uploads\/2023\/11\/creation-site-web-Casablanca-Berrchid-El-jadida-2.webp","datePublished":"2023-11-08T10:04:19+00:00","dateModified":"2023-11-08T10:11:32+00:00","description":"Transformez Vos Id\u00e9es en R\u00e9alit\u00e9 Digitale avec le service de cr\u00e9ation site web Rabat, Kenitra de l\u2019agence YES TO THE NET.","breadcrumb":{"@id":"https:\/\/yestothenet.com\/creation-site-web-rabat-kenitra\/#breadcrumb"},"inLanguage":"es","potentialAction":[{"@type":"ReadAction","target":["https:\/\/yestothenet.com\/creation-site-web-rabat-kenitra\/"]}]},{"@type":"ImageObject","inLanguage":"es","@id":"https:\/\/yestothenet.com\/creation-site-web-rabat-kenitra\/#primaryimage","url":"https:\/\/yestothenet.com\/wp-content\/uploads\/2023\/11\/creation-site-web-Casablanca-Berrchid-El-jadida-2.webp","contentUrl":"https:\/\/yestothenet.com\/wp-content\/uploads\/2023\/11\/creation-site-web-Casablanca-Berrchid-El-jadida-2.webp"},{"@type":"BreadcrumbList","@id":"https:\/\/yestothenet.com\/creation-site-web-rabat-kenitra\/#breadcrumb","itemListElement":[{"@type":"ListItem","position":1,"name":"Accueil","item":"https:\/\/yestothenet.com\/"},{"@type":"ListItem","position":2,"name":"&#8230; Cr\u00e9ation site web Rabat, Kenitra"}]},{"@type":"WebSite","@id":"https:\/\/yestothenet.com\/#website","url":"https:\/\/yestothenet.com\/","name":"YES TO THE NET","description":"Votre agence de communication \u00e0 Marrakech","publisher":{"@id":"https:\/\/yestothenet.com\/#organization"},"potentialAction":[{"@type":"SearchAction","target":{"@type":"EntryPoint","urlTemplate":"https:\/\/yestothenet.com\/?s={search_term_string}"},"query-input":{"@type":"PropertyValueSpecification","valueRequired":true,"valueName":"search_term_string"}}],"inLanguage":"es"},{"@type":"Organization","@id":"https:\/\/yestothenet.com\/#organization","name":"YES TO THE NET","url":"https:\/\/yestothenet.com\/","logo":{"@type":"ImageObject","inLanguage":"es","@id":"https:\/\/yestothenet.com\/#\/schema\/logo\/image\/","url":"https:\/\/yestothenet.com\/wp-content\/uploads\/2024\/02\/cropped-YES_THE_TO_NET-removebg-preview.png","contentUrl":"https:\/\/yestothenet.com\/wp-content\/uploads\/2024\/02\/cropped-YES_THE_TO_NET-removebg-preview.png","width":512,"height":512,"caption":"YES TO THE NET"},"image":{"@id":"https:\/\/yestothenet.com\/#\/schema\/logo\/image\/"},"sameAs":["https:\/\/www.instagram.com\/yestothenet\/"]}]}},"_links":{"self":[{"href":"https:\/\/yestothenet.com\/es\/wp-json\/wp\/v2\/pages\/6084","targetHints":{"allow":["GET"]}}],"collection":[{"href":"https:\/\/yestothenet.com\/es\/wp-json\/wp\/v2\/pages"}],"about":[{"href":"https:\/\/yestothenet.com\/es\/wp-json\/wp\/v2\/types\/page"}],"author":[{"embeddable":true,"href":"https:\/\/yestothenet.com\/es\/wp-json\/wp\/v2\/users\/1"}],"replies":[{"embeddable":true,"href":"https:\/\/yestothenet.com\/es\/wp-json\/wp\/v2\/comments?post=6084"}],"version-history":[{"count":4,"href":"https:\/\/yestothenet.com\/es\/wp-json\/wp\/v2\/pages\/6084\/revisions"}],"predecessor-version":[{"id":6090,"href":"https:\/\/yestothenet.com\/es\/wp-json\/wp\/v2\/pages\/6084\/revisions\/6090"}],"wp:attachment":[{"href":"https:\/\/yestothenet.com\/es\/wp-json\/wp\/v2\/media?parent=6084"}],"curies":[{"name":"wp","href":"https:\/\/api.w.org\/{rel}","templated":true}]}}