{"id":5983,"date":"2023-10-26T13:34:53","date_gmt":"2023-10-26T11:34:53","guid":{"rendered":"https:\/\/yestothenet.com\/?page_id=5983"},"modified":"2023-10-26T13:40:47","modified_gmt":"2023-10-26T11:40:47","slug":"creation-site-web-beni-mellal-azilal","status":"publish","type":"page","link":"https:\/\/yestothenet.com\/es\/creation-site-web-beni-mellal-azilal\/","title":{"rendered":"&#8230; Cr\u00e9ation site web Beni mellal, Azilal"},"content":{"rendered":"<div data-elementor-type=\"wp-page\" data-elementor-id=\"5983\" class=\"elementor elementor-5983\" data-elementor-post-type=\"page\">\n\t\t\t\t\t\t<section class=\"elementor-section elementor-top-section elementor-element elementor-element-2db1430 elementor-section-content-middle ot-traditional elementor-section-boxed elementor-section-height-default elementor-section-height-default\" data-id=\"2db1430\" data-element_type=\"section\">\n\t\t\t\t\t\t<div class=\"elementor-container elementor-column-gap-default\">\n\t\t\t\t\t<div class=\"elementor-column elementor-col-100 elementor-top-column elementor-element elementor-element-9ca7f6d ot-flex-column-vertical\" data-id=\"9ca7f6d\" data-element_type=\"column\">\n\t\t\t<div class=\"elementor-widget-wrap elementor-element-populated\">\n\t\t\t\t\t\t<section class=\"elementor-section elementor-inner-section elementor-element elementor-element-ae21701 elementor-section-content-top elementor-section-full_width ot-traditional elementor-section-height-default elementor-section-height-default\" data-id=\"ae21701\" data-element_type=\"section\">\n\t\t\t\t\t\t<div class=\"elementor-container elementor-column-gap-extended\">\n\t\t\t\t\t<div class=\"elementor-column elementor-col-50 elementor-inner-column elementor-element elementor-element-78f9ac9 ot-flex-column-vertical\" data-id=\"78f9ac9\" data-element_type=\"column\">\n\t\t\t<div class=\"elementor-widget-wrap elementor-element-populated\">\n\t\t\t\t\t\t<div class=\"elementor-element elementor-element-25eb330 elementor-widget__width-initial elementor-widget elementor-widget-image\" data-id=\"25eb330\" data-element_type=\"widget\" data-widget_type=\"image.default\">\n\t\t\t\t<div class=\"elementor-widget-container\">\n\t\t\t\t\t\t\t\t\t\t\t\t\t<img fetchpriority=\"high\" decoding=\"async\" width=\"565\" height=\"452\" src=\"https:\/\/yestothenet.com\/wp-content\/uploads\/2023\/10\/creation-site-web-Beni-mellal-Azilal.png\" class=\"attachment-large size-large wp-image-5989\" alt=\"creaci\u00f3n de sitio web Beni Mellal, Azilal\" srcset=\"https:\/\/yestothenet.com\/wp-content\/uploads\/2023\/10\/creation-site-web-Beni-mellal-Azilal.png 565w, https:\/\/yestothenet.com\/wp-content\/uploads\/2023\/10\/creation-site-web-Beni-mellal-Azilal-300x240.png 300w\" sizes=\"(max-width: 565px) 100vw, 565px\" \/>\t\t\t\t\t\t\t\t\t\t\t\t\t<\/div>\n\t\t\t\t<\/div>\n\t\t\t\t\t<\/div>\n\t\t<\/div>\n\t\t\t\t<div class=\"elementor-column elementor-col-50 elementor-inner-column elementor-element elementor-element-dce0f81 ot-flex-column-vertical\" data-id=\"dce0f81\" data-element_type=\"column\">\n\t\t\t<div class=\"elementor-widget-wrap elementor-element-populated\">\n\t\t\t\t\t\t<div class=\"elementor-element elementor-element-ea79d5e elementor-widget elementor-widget-iheading\" data-id=\"ea79d5e\" data-element_type=\"widget\" data-widget_type=\"iheading.default\">\n\t\t\t\t<div class=\"elementor-widget-container\">\n\t\t\t\t\t<div class=\"ot-heading\">\r\n\t        <h1 class=\"main-heading\">\nYES TO THE NET est votre expert en cr\u00e9ation site web  Beni mellal, Azilal<\/h1>\t    <\/div>\r\n\t    \t\t<\/div>\n\t\t\t\t<\/div>\n\t\t\t\t<div class=\"elementor-element elementor-element-734d7ce elementor-widget__width-initial elementor-widget elementor-widget-text-editor\" data-id=\"734d7ce\" data-element_type=\"widget\" data-widget_type=\"text-editor.default\">\n\t\t\t\t<div class=\"elementor-widget-container\">\n\t\t\t\t\t\t\t<p>Vous \u00eates \u00e0 la recherche d\u2019une agence de communication digitale sp\u00e9cialis\u00e9e dans la <strong>creaci\u00f3n de sitio web Beni Mellal, Azilal\u00a0<\/strong>? L\u2019agence YES TO THE NET met \u00e0 votre disposition une large gamme de cr\u00e9ation site web WordPress, de d\u00e9veloppement web, de conception graphique, de r\u00e9f\u00e9rencement naturel SEO, de r\u00e9f\u00e9rencement payant SEA, et d\u2019outsourcing IT. Nous sommes capables de satisfaire parfaitement tous vos besoins en marketing digitale.<\/p><p>Depuis 2016, notre agence sp\u00e9cialis\u00e9e en <strong><span style=\"color: #33cccc;\"><a style=\"color: #33cccc;\" href=\"https:\/\/yestothenet.com\/es\/creacion-de-sitios-web\/\">creaci\u00f3n de sitios web<\/a><\/span> Beni Melal, Azilal\u00a0<\/strong>est reconnue pour son professionnalisme et son expertise dans le domaine num\u00e9rique. En effet, Notre \u00e9quipe exp\u00e9riment\u00e9e met tout en \u0153uvre pour vous proposer un service de <strong>creaci\u00f3n de sitio web Beni Mellal, Azilal\u00a0<\/strong>pour r\u00e9pondre \u00e0 tous vos exigences.<\/p><p>Pour plus d\u2019informations concernant nos services de marketing digital, notre agence de communication digitale est \u00e0 votre service au <span style=\"color: #33cccc;\"><a style=\"color: #33cccc;\" href=\"tel:06 61 26 30 34\"><strong>06 61 26 30 34<\/strong><\/a><\/span>.<\/p>\t\t\t\t\t\t<\/div>\n\t\t\t\t<\/div>\n\t\t\t\t\t<\/div>\n\t\t<\/div>\n\t\t\t\t\t<\/div>\n\t\t<\/section>\n\t\t\t\t\t<\/div>\n\t\t<\/div>\n\t\t\t\t\t<\/div>\n\t\t<\/section>\n\t\t\t\t<section class=\"elementor-section elementor-top-section elementor-element elementor-element-30c462d ot-traditional elementor-section-boxed elementor-section-height-default elementor-section-height-default\" data-id=\"30c462d\" data-element_type=\"section\">\n\t\t\t\t\t\t<div class=\"elementor-container elementor-column-gap-default\">\n\t\t\t\t\t<div class=\"elementor-column elementor-col-100 elementor-top-column elementor-element elementor-element-c788162 ot-flex-column-vertical\" data-id=\"c788162\" data-element_type=\"column\">\n\t\t\t<div class=\"elementor-widget-wrap elementor-element-populated\">\n\t\t\t\t\t\t<section class=\"elementor-section elementor-inner-section elementor-element elementor-element-ab020ed elementor-section-full_width elementor-section-content-bottom ot-traditional elementor-section-height-default elementor-section-height-default\" data-id=\"ab020ed\" data-element_type=\"section\" data-settings=\"{&quot;background_background&quot;:&quot;classic&quot;}\">\n\t\t\t\t\t\t\t<div class=\"elementor-background-overlay\"><\/div>\n\t\t\t\t\t\t\t<div class=\"elementor-container elementor-column-gap-extended\">\n\t\t\t\t\t<div class=\"elementor-column elementor-col-50 elementor-inner-column elementor-element elementor-element-ffaaf2a ot-flex-column-vertical\" data-id=\"ffaaf2a\" data-element_type=\"column\">\n\t\t\t<div class=\"elementor-widget-wrap elementor-element-populated\">\n\t\t\t\t\t\t<div class=\"elementor-element elementor-element-5ff7ce1 elementor-widget elementor-widget-iheading\" data-id=\"5ff7ce1\" data-element_type=\"widget\" data-widget_type=\"iheading.default\">\n\t\t\t\t<div class=\"elementor-widget-container\">\n\t\t\t\t\t<div class=\"ot-heading\">\r\n\t        \t            <span>\/\/ En S\u00ed a la Red,<\/span>\r\n\t        <h2 class=\"main-heading\">Un servicio de creaci\u00f3n de sitios web de calidad<\/h2>\t    <\/div>\r\n\t    \t\t<\/div>\n\t\t\t\t<\/div>\n\t\t\t\t\t<\/div>\n\t\t<\/div>\n\t\t\t\t<div class=\"elementor-column elementor-col-50 elementor-inner-column elementor-element elementor-element-3fd82f3 ot-flex-column-vertical\" data-id=\"3fd82f3\" data-element_type=\"column\">\n\t\t\t<div class=\"elementor-widget-wrap elementor-element-populated\">\n\t\t\t\t\t\t<div class=\"elementor-element elementor-element-e146430 elementor-align-right elementor-mobile-align-left elementor-widget elementor-widget-button\" data-id=\"e146430\" data-element_type=\"widget\" data-widget_type=\"button.default\">\n\t\t\t\t<div class=\"elementor-widget-container\">\n\t\t\t\t\t<div class=\"elementor-button-wrapper\">\n\t\t\t<a class=\"elementor-button elementor-button-link elementor-size-md\" href=\"https:\/\/yestothenet.com\/es\/contacto\/\">\n\t\t\t\t\t\t<span class=\"elementor-button-content-wrapper\">\n\t\t\t\t\t\t\t\t\t<span class=\"elementor-button-text\">Cont\u00e1ctanos<\/span>\n\t\t\t\t\t<\/span>\n\t\t\t\t\t<\/a>\n\t\t<\/div>\n\t\t\t\t<\/div>\n\t\t\t\t<\/div>\n\t\t\t\t\t<\/div>\n\t\t<\/div>\n\t\t\t\t\t<\/div>\n\t\t<\/section>\n\t\t\t\t\t<\/div>\n\t\t<\/div>\n\t\t\t\t\t<\/div>\n\t\t<\/section>\n\t\t\t\t<section class=\"elementor-section elementor-top-section elementor-element elementor-element-81a82a5 ot-traditional elementor-section-boxed elementor-section-height-default elementor-section-height-default\" data-id=\"81a82a5\" data-element_type=\"section\" data-settings=\"{&quot;background_background&quot;:&quot;classic&quot;}\">\n\t\t\t\t\t\t\t<div class=\"elementor-background-overlay\"><\/div>\n\t\t\t\t\t\t\t<div class=\"elementor-container elementor-column-gap-extended\">\n\t\t\t\t\t<div class=\"elementor-column elementor-col-50 elementor-top-column elementor-element elementor-element-18b89c0 ot-flex-column-vertical\" data-id=\"18b89c0\" data-element_type=\"column\">\n\t\t\t<div class=\"elementor-widget-wrap elementor-element-populated\">\n\t\t\t\t\t\t<div class=\"elementor-element elementor-element-45e921b elementor-widget elementor-widget-iheading\" data-id=\"45e921b\" data-element_type=\"widget\" data-widget_type=\"iheading.default\">\n\t\t\t\t<div class=\"elementor-widget-container\">\n\t\t\t\t\t<div class=\"ot-heading\">\r\n\t        <h2 class=\"main-heading\">Transformez vos id\u00e9es en r\u00e9alit\u00e9 avec notre service de cr\u00e9ation site web Beni mellal, Azilal<\/h2>\t    <\/div>\r\n\t    \t\t<\/div>\n\t\t\t\t<\/div>\n\t\t\t\t<section class=\"elementor-section elementor-inner-section elementor-element elementor-element-dd648d0 elementor-section-full_width ot-traditional elementor-section-height-default elementor-section-height-default\" data-id=\"dd648d0\" data-element_type=\"section\">\n\t\t\t\t\t\t<div class=\"elementor-container elementor-column-gap-default\">\n\t\t\t\t\t<div class=\"elementor-column elementor-col-100 elementor-inner-column elementor-element elementor-element-9c59460 ot-flex-column-vertical\" data-id=\"9c59460\" data-element_type=\"column\">\n\t\t\t<div class=\"elementor-widget-wrap elementor-element-populated\">\n\t\t\t\t\t\t<div class=\"elementor-element elementor-element-9a4497b elementor-widget elementor-widget-text-editor\" data-id=\"9a4497b\" data-element_type=\"widget\" data-widget_type=\"text-editor.default\">\n\t\t\t\t<div class=\"elementor-widget-container\">\n\t\t\t\t\t\t\t<p>\u00c0 l&rsquo;\u00e8re du num\u00e9rique, un site web est bien plus qu&rsquo;une simple vitrine en ligne. C&rsquo;est votre carte de visite, votre porte d&rsquo;entr\u00e9e dans le monde en ligne. C&rsquo;est pourquoi il est essentiel de confier sa cr\u00e9ation \u00e0 des experts de confiance. Chez <strong>S\u00cd A LA RED<\/strong>, nous sommes fiers d&rsquo;\u00eatre l&rsquo;\u00e9quipe d&rsquo;experts qui peut transformer vos id\u00e9es en une \u00e9tonnante r\u00e9alit\u00e9 num\u00e9rique.<\/p><p>Notre approche de la conception de sites web est ax\u00e9e sur la qualit\u00e9, l&rsquo;innovation et la personnalisation. Nous ne croyons pas en une solution unique. Chaque projet que nous entreprenons est con\u00e7u sur mesure pour r\u00e9pondre aux besoins uniques de nos clients. Que vous souhaitiez lancer un site web d&rsquo;entreprise, un blog personnel, une boutique en ligne ou une application complexe, nous avons les comp\u00e9tences pour le faire avec excellence.<\/p><p>Notre \u00e9quipe de web designers talentueux s&rsquo;efforce de cr\u00e9er des sites web modernes, r\u00e9actifs et esth\u00e9tiquement attrayants. Nous nous engageons \u00e0 fournir \u00e0 nos clients une exp\u00e9rience utilisateur exceptionnelle, en veillant \u00e0 ce que leurs visiteurs se sentent imm\u00e9diatement \u00e0 l&rsquo;aise et engag\u00e9s.<\/p><p>Al elegir <strong>S\u00cd A LA RED<\/strong>, vous choisissez un partenaire de confiance qui vous soutiendra depuis l&rsquo;id\u00e9e initiale jusqu&rsquo;au lancement en ligne et au-del\u00e0. Nous proposons des services de maintenance et d&rsquo;optimisation pour garantir le succ\u00e8s de votre site au fil du temps.<\/p><p>N&rsquo;attendez plus pour porter votre pr\u00e9sence en ligne vers de nouveaux sommets. Contactez <strong>S\u00cd A LA RED<\/strong> d\u00e8s aujourd&rsquo;hui et d\u00e9couvrez comment nous pouvons vous aider \u00e0 r\u00e9aliser votre vision en ligne.<\/p>\t\t\t\t\t\t<\/div>\n\t\t\t\t<\/div>\n\t\t\t\t\t<\/div>\n\t\t<\/div>\n\t\t\t\t\t<\/div>\n\t\t<\/section>\n\t\t\t\t\t<\/div>\n\t\t<\/div>\n\t\t\t\t<div class=\"elementor-column elementor-col-50 elementor-top-column elementor-element elementor-element-8a09494 ot-flex-column-vertical\" data-id=\"8a09494\" data-element_type=\"column\">\n\t\t\t<div class=\"elementor-widget-wrap elementor-element-populated\">\n\t\t\t\t\t\t<div class=\"elementor-element elementor-element-69d94ca elementor-widget elementor-widget-image\" data-id=\"69d94ca\" data-element_type=\"widget\" data-widget_type=\"image.default\">\n\t\t\t\t<div class=\"elementor-widget-container\">\n\t\t\t\t\t\t\t\t\t\t\t\t\t<img decoding=\"async\" width=\"768\" height=\"538\" src=\"https:\/\/yestothenet.com\/wp-content\/uploads\/2023\/10\/creation-site-web-Beni-mellal-Azilal-1-768x538.png\" class=\"attachment-medium_large size-medium_large wp-image-5991\" alt=\"creaci\u00f3n de sitio web Beni Mellal, Azilal\" srcset=\"https:\/\/yestothenet.com\/wp-content\/uploads\/2023\/10\/creation-site-web-Beni-mellal-Azilal-1-768x538.png 768w, https:\/\/yestothenet.com\/wp-content\/uploads\/2023\/10\/creation-site-web-Beni-mellal-Azilal-1-300x210.png 300w, https:\/\/yestothenet.com\/wp-content\/uploads\/2023\/10\/creation-site-web-Beni-mellal-Azilal-1-720x504.png 720w, https:\/\/yestothenet.com\/wp-content\/uploads\/2023\/10\/creation-site-web-Beni-mellal-Azilal-1.png 800w\" sizes=\"(max-width: 768px) 100vw, 768px\" \/>\t\t\t\t\t\t\t\t\t\t\t\t\t<\/div>\n\t\t\t\t<\/div>\n\t\t\t\t\t<\/div>\n\t\t<\/div>\n\t\t\t\t\t<\/div>\n\t\t<\/section>\n\t\t\t\t<section class=\"elementor-section elementor-top-section elementor-element elementor-element-e618972 ot-traditional elementor-section-boxed elementor-section-height-default elementor-section-height-default\" data-id=\"e618972\" data-element_type=\"section\">\n\t\t\t\t\t\t<div class=\"elementor-container elementor-column-gap-default\">\n\t\t\t\t\t<div class=\"elementor-column elementor-col-100 elementor-top-column elementor-element elementor-element-84d9bae ot-flex-column-vertical\" data-id=\"84d9bae\" data-element_type=\"column\">\n\t\t\t<div class=\"elementor-widget-wrap elementor-element-populated\">\n\t\t\t\t\t\t<div class=\"elementor-element elementor-element-0f34320 elementor-widget elementor-widget-heading\" data-id=\"0f34320\" data-element_type=\"widget\" data-widget_type=\"heading.default\">\n\t\t\t\t<div class=\"elementor-widget-container\">\n\t\t\t<h2 class=\"elementor-heading-title elementor-size-default\">Oui, votre succ\u00e8s en ligne commence ici.<\/h2>\t\t<\/div>\n\t\t\t\t<\/div>\n\t\t\t\t\t<\/div>\n\t\t<\/div>\n\t\t\t\t\t<\/div>\n\t\t<\/section>\n\t\t\t\t<\/div>","protected":false},"excerpt":{"rendered":"<p>YES TO THE NET est votre expert en cr\u00e9ation site web Beni mellal, Azilal Vous \u00eates \u00e0 la recherche d\u2019une agence de communication digitale sp\u00e9cialis\u00e9e dans la cr\u00e9ation site web Beni mellal, Azilal\u00a0? L\u2019agence YES TO THE NET met \u00e0 votre disposition une large gamme de cr\u00e9ation site web WordPress, de d\u00e9veloppement web, de conception [&hellip;]<\/p>","protected":false},"author":1,"featured_media":0,"parent":0,"menu_order":0,"comment_status":"closed","ping_status":"closed","template":"","meta":{"footnotes":""},"class_list":["post-5983","page","type-page","status-publish","hentry"],"yoast_head":"<!-- This site is optimized with the Yoast SEO plugin v23.6 - https:\/\/yoast.com\/wordpress\/plugins\/seo\/ -->\n<title>Cr\u00e9ation site web Beni mellal, Azilal \u2013 YES TO THE NET<\/title>\n<meta name=\"description\" content=\"Pour votre succ\u00e8s en ligne, D\u00e9couvrez le service de cr\u00e9ation site web Beni mellal, Azilal de votre agence de confiance, YES TO THE NET.\" \/>\n<meta name=\"robots\" content=\"index, follow, max-snippet:-1, max-image-preview:large, max-video-preview:-1\" \/>\n<link rel=\"canonical\" href=\"https:\/\/yestothenet.com\/es\/creation-site-web-beni-mellal-azilal\/\" \/>\n<meta property=\"og:locale\" content=\"es_ES\" \/>\n<meta property=\"og:type\" content=\"article\" \/>\n<meta property=\"og:title\" content=\"Cr\u00e9ation site web Beni mellal, Azilal \u2013 YES TO THE NET\" \/>\n<meta property=\"og:description\" content=\"Pour votre succ\u00e8s en ligne, D\u00e9couvrez le service de cr\u00e9ation site web Beni mellal, Azilal de votre agence de confiance, YES TO THE NET.\" \/>\n<meta property=\"og:url\" content=\"https:\/\/yestothenet.com\/es\/creation-site-web-beni-mellal-azilal\/\" \/>\n<meta property=\"og:site_name\" content=\"Yes To The Net\" \/>\n<meta property=\"article:publisher\" content=\"https:\/\/www.instagram.com\/yestothenet\/\" \/>\n<meta property=\"article:modified_time\" content=\"2023-10-26T11:40:47+00:00\" \/>\n<meta property=\"og:image\" content=\"https:\/\/yestothenet.com\/wp-content\/uploads\/2023\/10\/creation-site-web-Beni-mellal-Azilal.png\" \/>\n<meta name=\"twitter:card\" content=\"summary_large_image\" \/>\n<meta name=\"twitter:label1\" content=\"Tiempo de lectura\" \/>\n\t<meta name=\"twitter:data1\" content=\"3 minutos\" \/>\n<script type=\"application\/ld+json\" class=\"yoast-schema-graph\">{\"@context\":\"https:\/\/schema.org\",\"@graph\":[{\"@type\":\"WebPage\",\"@id\":\"https:\/\/yestothenet.com\/creation-site-web-beni-mellal-azilal\/\",\"url\":\"https:\/\/yestothenet.com\/creation-site-web-beni-mellal-azilal\/\",\"name\":\"Cr\u00e9ation site web Beni mellal, Azilal \u2013 YES TO THE NET\",\"isPartOf\":{\"@id\":\"https:\/\/yestothenet.com\/#website\"},\"primaryImageOfPage\":{\"@id\":\"https:\/\/yestothenet.com\/creation-site-web-beni-mellal-azilal\/#primaryimage\"},\"image\":{\"@id\":\"https:\/\/yestothenet.com\/creation-site-web-beni-mellal-azilal\/#primaryimage\"},\"thumbnailUrl\":\"https:\/\/yestothenet.com\/wp-content\/uploads\/2023\/10\/creation-site-web-Beni-mellal-Azilal.png\",\"datePublished\":\"2023-10-26T11:34:53+00:00\",\"dateModified\":\"2023-10-26T11:40:47+00:00\",\"description\":\"Pour votre succ\u00e8s en ligne, D\u00e9couvrez le service de cr\u00e9ation site web Beni mellal, Azilal de votre agence de confiance, YES TO THE NET.\",\"breadcrumb\":{\"@id\":\"https:\/\/yestothenet.com\/creation-site-web-beni-mellal-azilal\/#breadcrumb\"},\"inLanguage\":\"es\",\"potentialAction\":[{\"@type\":\"ReadAction\",\"target\":[\"https:\/\/yestothenet.com\/creation-site-web-beni-mellal-azilal\/\"]}]},{\"@type\":\"ImageObject\",\"inLanguage\":\"es\",\"@id\":\"https:\/\/yestothenet.com\/creation-site-web-beni-mellal-azilal\/#primaryimage\",\"url\":\"https:\/\/yestothenet.com\/wp-content\/uploads\/2023\/10\/creation-site-web-Beni-mellal-Azilal.png\",\"contentUrl\":\"https:\/\/yestothenet.com\/wp-content\/uploads\/2023\/10\/creation-site-web-Beni-mellal-Azilal.png\"},{\"@type\":\"BreadcrumbList\",\"@id\":\"https:\/\/yestothenet.com\/creation-site-web-beni-mellal-azilal\/#breadcrumb\",\"itemListElement\":[{\"@type\":\"ListItem\",\"position\":1,\"name\":\"Accueil\",\"item\":\"https:\/\/yestothenet.com\/\"},{\"@type\":\"ListItem\",\"position\":2,\"name\":\"&#8230; Cr\u00e9ation site web Beni mellal, Azilal\"}]},{\"@type\":\"WebSite\",\"@id\":\"https:\/\/yestothenet.com\/#website\",\"url\":\"https:\/\/yestothenet.com\/\",\"name\":\"YES TO THE NET\",\"description\":\"Votre agence de communication \u00e0 Marrakech\",\"publisher\":{\"@id\":\"https:\/\/yestothenet.com\/#organization\"},\"potentialAction\":[{\"@type\":\"SearchAction\",\"target\":{\"@type\":\"EntryPoint\",\"urlTemplate\":\"https:\/\/yestothenet.com\/?s={search_term_string}\"},\"query-input\":{\"@type\":\"PropertyValueSpecification\",\"valueRequired\":true,\"valueName\":\"search_term_string\"}}],\"inLanguage\":\"es\"},{\"@type\":\"Organization\",\"@id\":\"https:\/\/yestothenet.com\/#organization\",\"name\":\"YES TO THE NET\",\"url\":\"https:\/\/yestothenet.com\/\",\"logo\":{\"@type\":\"ImageObject\",\"inLanguage\":\"es\",\"@id\":\"https:\/\/yestothenet.com\/#\/schema\/logo\/image\/\",\"url\":\"https:\/\/yestothenet.com\/wp-content\/uploads\/2024\/02\/cropped-YES_THE_TO_NET-removebg-preview.png\",\"contentUrl\":\"https:\/\/yestothenet.com\/wp-content\/uploads\/2024\/02\/cropped-YES_THE_TO_NET-removebg-preview.png\",\"width\":512,\"height\":512,\"caption\":\"YES TO THE NET\"},\"image\":{\"@id\":\"https:\/\/yestothenet.com\/#\/schema\/logo\/image\/\"},\"sameAs\":[\"https:\/\/www.instagram.com\/yestothenet\/\"]}]}<\/script>\n<!-- \/ Yoast SEO plugin. -->","yoast_head_json":{"title":"Cr\u00e9ation site web Beni mellal, Azilal \u2013 YES TO THE NET","description":"Pour votre succ\u00e8s en ligne, D\u00e9couvrez le service de cr\u00e9ation site web Beni mellal, Azilal de votre agence de confiance, YES TO THE NET.","robots":{"index":"index","follow":"follow","max-snippet":"max-snippet:-1","max-image-preview":"max-image-preview:large","max-video-preview":"max-video-preview:-1"},"canonical":"https:\/\/yestothenet.com\/es\/creation-site-web-beni-mellal-azilal\/","og_locale":"es_ES","og_type":"article","og_title":"Cr\u00e9ation site web Beni mellal, Azilal \u2013 YES TO THE NET","og_description":"Pour votre succ\u00e8s en ligne, D\u00e9couvrez le service de cr\u00e9ation site web Beni mellal, Azilal de votre agence de confiance, YES TO THE NET.","og_url":"https:\/\/yestothenet.com\/es\/creation-site-web-beni-mellal-azilal\/","og_site_name":"Yes To The Net","article_publisher":"https:\/\/www.instagram.com\/yestothenet\/","article_modified_time":"2023-10-26T11:40:47+00:00","og_image":[{"url":"https:\/\/yestothenet.com\/wp-content\/uploads\/2023\/10\/creation-site-web-Beni-mellal-Azilal.png"}],"twitter_card":"summary_large_image","twitter_misc":{"Tiempo de lectura":"3 minutos"},"schema":{"@context":"https:\/\/schema.org","@graph":[{"@type":"WebPage","@id":"https:\/\/yestothenet.com\/creation-site-web-beni-mellal-azilal\/","url":"https:\/\/yestothenet.com\/creation-site-web-beni-mellal-azilal\/","name":"Cr\u00e9ation site web Beni mellal, Azilal \u2013 YES TO THE NET","isPartOf":{"@id":"https:\/\/yestothenet.com\/#website"},"primaryImageOfPage":{"@id":"https:\/\/yestothenet.com\/creation-site-web-beni-mellal-azilal\/#primaryimage"},"image":{"@id":"https:\/\/yestothenet.com\/creation-site-web-beni-mellal-azilal\/#primaryimage"},"thumbnailUrl":"https:\/\/yestothenet.com\/wp-content\/uploads\/2023\/10\/creation-site-web-Beni-mellal-Azilal.png","datePublished":"2023-10-26T11:34:53+00:00","dateModified":"2023-10-26T11:40:47+00:00","description":"Pour votre succ\u00e8s en ligne, D\u00e9couvrez le service de cr\u00e9ation site web Beni mellal, Azilal de votre agence de confiance, YES TO THE NET.","breadcrumb":{"@id":"https:\/\/yestothenet.com\/creation-site-web-beni-mellal-azilal\/#breadcrumb"},"inLanguage":"es","potentialAction":[{"@type":"ReadAction","target":["https:\/\/yestothenet.com\/creation-site-web-beni-mellal-azilal\/"]}]},{"@type":"ImageObject","inLanguage":"es","@id":"https:\/\/yestothenet.com\/creation-site-web-beni-mellal-azilal\/#primaryimage","url":"https:\/\/yestothenet.com\/wp-content\/uploads\/2023\/10\/creation-site-web-Beni-mellal-Azilal.png","contentUrl":"https:\/\/yestothenet.com\/wp-content\/uploads\/2023\/10\/creation-site-web-Beni-mellal-Azilal.png"},{"@type":"BreadcrumbList","@id":"https:\/\/yestothenet.com\/creation-site-web-beni-mellal-azilal\/#breadcrumb","itemListElement":[{"@type":"ListItem","position":1,"name":"Accueil","item":"https:\/\/yestothenet.com\/"},{"@type":"ListItem","position":2,"name":"&#8230; Cr\u00e9ation site web Beni mellal, Azilal"}]},{"@type":"WebSite","@id":"https:\/\/yestothenet.com\/#website","url":"https:\/\/yestothenet.com\/","name":"YES TO THE NET","description":"Votre agence de communication \u00e0 Marrakech","publisher":{"@id":"https:\/\/yestothenet.com\/#organization"},"potentialAction":[{"@type":"SearchAction","target":{"@type":"EntryPoint","urlTemplate":"https:\/\/yestothenet.com\/?s={search_term_string}"},"query-input":{"@type":"PropertyValueSpecification","valueRequired":true,"valueName":"search_term_string"}}],"inLanguage":"es"},{"@type":"Organization","@id":"https:\/\/yestothenet.com\/#organization","name":"YES TO THE NET","url":"https:\/\/yestothenet.com\/","logo":{"@type":"ImageObject","inLanguage":"es","@id":"https:\/\/yestothenet.com\/#\/schema\/logo\/image\/","url":"https:\/\/yestothenet.com\/wp-content\/uploads\/2024\/02\/cropped-YES_THE_TO_NET-removebg-preview.png","contentUrl":"https:\/\/yestothenet.com\/wp-content\/uploads\/2024\/02\/cropped-YES_THE_TO_NET-removebg-preview.png","width":512,"height":512,"caption":"YES TO THE NET"},"image":{"@id":"https:\/\/yestothenet.com\/#\/schema\/logo\/image\/"},"sameAs":["https:\/\/www.instagram.com\/yestothenet\/"]}]}},"_links":{"self":[{"href":"https:\/\/yestothenet.com\/es\/wp-json\/wp\/v2\/pages\/5983","targetHints":{"allow":["GET"]}}],"collection":[{"href":"https:\/\/yestothenet.com\/es\/wp-json\/wp\/v2\/pages"}],"about":[{"href":"https:\/\/yestothenet.com\/es\/wp-json\/wp\/v2\/types\/page"}],"author":[{"embeddable":true,"href":"https:\/\/yestothenet.com\/es\/wp-json\/wp\/v2\/users\/1"}],"replies":[{"embeddable":true,"href":"https:\/\/yestothenet.com\/es\/wp-json\/wp\/v2\/comments?post=5983"}],"version-history":[{"count":8,"href":"https:\/\/yestothenet.com\/es\/wp-json\/wp\/v2\/pages\/5983\/revisions"}],"predecessor-version":[{"id":5994,"href":"https:\/\/yestothenet.com\/es\/wp-json\/wp\/v2\/pages\/5983\/revisions\/5994"}],"wp:attachment":[{"href":"https:\/\/yestothenet.com\/es\/wp-json\/wp\/v2\/media?parent=5983"}],"curies":[{"name":"wp","href":"https:\/\/api.w.org\/{rel}","templated":true}]}}