{"id":5897,"date":"2023-10-13T10:55:52","date_gmt":"2023-10-13T08:55:52","guid":{"rendered":"https:\/\/yestothenet.com\/?page_id=5897"},"modified":"2023-12-20T16:41:25","modified_gmt":"2023-12-20T15:41:25","slug":"seo-casablanca-berrchid-el-jadida","status":"publish","type":"page","link":"https:\/\/yestothenet.com\/es\/seo-casablanca-berrchid-el-jadida\/","title":{"rendered":"\u2026 SEO Casablanca, Berrchid, El Jadida"},"content":{"rendered":"<div data-elementor-type=\"wp-page\" data-elementor-id=\"5897\" class=\"elementor elementor-5897\" data-elementor-post-type=\"page\">\n\t\t\t\t\t\t<section class=\"elementor-section elementor-top-section elementor-element elementor-element-2db1430 elementor-section-content-middle ot-traditional elementor-section-boxed elementor-section-height-default elementor-section-height-default\" data-id=\"2db1430\" data-element_type=\"section\">\n\t\t\t\t\t\t<div class=\"elementor-container elementor-column-gap-default\">\n\t\t\t\t\t<div class=\"elementor-column elementor-col-100 elementor-top-column elementor-element elementor-element-9ca7f6d ot-flex-column-vertical\" data-id=\"9ca7f6d\" data-element_type=\"column\">\n\t\t\t<div class=\"elementor-widget-wrap elementor-element-populated\">\n\t\t\t\t\t\t<section class=\"elementor-section elementor-inner-section elementor-element elementor-element-ae21701 elementor-section-content-top elementor-section-full_width ot-traditional elementor-section-height-default elementor-section-height-default\" data-id=\"ae21701\" data-element_type=\"section\">\n\t\t\t\t\t\t<div class=\"elementor-container elementor-column-gap-extended\">\n\t\t\t\t\t<div class=\"elementor-column elementor-col-50 elementor-inner-column elementor-element elementor-element-78f9ac9 ot-flex-column-vertical\" data-id=\"78f9ac9\" data-element_type=\"column\">\n\t\t\t<div class=\"elementor-widget-wrap elementor-element-populated\">\n\t\t\t\t\t\t<div class=\"elementor-element elementor-element-25eb330 elementor-widget__width-initial elementor-widget elementor-widget-image\" data-id=\"25eb330\" data-element_type=\"widget\" data-widget_type=\"image.default\">\n\t\t\t\t<div class=\"elementor-widget-container\">\n\t\t\t\t\t\t\t\t\t\t\t\t\t<img fetchpriority=\"high\" decoding=\"async\" width=\"352\" height=\"341\" src=\"https:\/\/yestothenet.com\/wp-content\/uploads\/2023\/10\/SEO-Casablanca-Berrchid-El-jadida.png\" class=\"attachment-large size-large wp-image-5901\" alt=\"SEO Casablanca, Berrchid, El Yadida\" srcset=\"https:\/\/yestothenet.com\/wp-content\/uploads\/2023\/10\/SEO-Casablanca-Berrchid-El-jadida.png 352w, https:\/\/yestothenet.com\/wp-content\/uploads\/2023\/10\/SEO-Casablanca-Berrchid-El-jadida-300x291.png 300w\" sizes=\"(max-width: 352px) 100vw, 352px\" \/>\t\t\t\t\t\t\t\t\t\t\t\t\t<\/div>\n\t\t\t\t<\/div>\n\t\t\t\t\t<\/div>\n\t\t<\/div>\n\t\t\t\t<div class=\"elementor-column elementor-col-50 elementor-inner-column elementor-element elementor-element-dce0f81 ot-flex-column-vertical\" data-id=\"dce0f81\" data-element_type=\"column\">\n\t\t\t<div class=\"elementor-widget-wrap elementor-element-populated\">\n\t\t\t\t\t\t<div class=\"elementor-element elementor-element-ea79d5e elementor-widget elementor-widget-iheading\" data-id=\"ea79d5e\" data-element_type=\"widget\" data-widget_type=\"iheading.default\">\n\t\t\t\t<div class=\"elementor-widget-container\">\n\t\t\t\t\t<div class=\"ot-heading\">\r\n\t        <h1 class=\"main-heading\">\nS\u00cd A LA RED \u2013 SEO Casablanca, Berrchid, El Jadida<\/h1>\t    <\/div>\r\n\t    \t\t<\/div>\n\t\t\t\t<\/div>\n\t\t\t\t<div class=\"elementor-element elementor-element-734d7ce elementor-widget__width-initial elementor-widget elementor-widget-text-editor\" data-id=\"734d7ce\" data-element_type=\"widget\" data-widget_type=\"text-editor.default\">\n\t\t\t\t<div class=\"elementor-widget-container\">\n\t\t\t\t\t\t\t<p>\u00bfTu sitio web no aparece en las primeras p\u00e1ginas de Google? Necesitas una agencia. <strong>SEO Casablanca, Berrchid, El Yadida<\/strong>\u00a0YES TO THE NET es el profesional que necesitas.<\/p><p>Nuestra agencia <strong><span style=\"color: #33cccc;\"><a style=\"color: #33cccc;\" href=\"https:\/\/yestothenet.com\/es\/referenciamiento-seo-natural\/\">Posicionamiento web (SEO)<\/a><\/span> Casablanca, Berrchid, El Yadida<\/strong>\u00a0Ofrecemos un servicio de auditor\u00eda web para evaluar el rendimiento, la seguridad, la usabilidad y la eficacia de su sitio web. Gracias a nuestra experiencia en SEO, podemos mantener y mejorar la calidad y el tr\u00e1fico de su sitio web.<\/p><p>Colaborar con nuestra agencia de comunicaci\u00f3n ofrece una oportunidad \u00fanica en el \u00e1mbito del marketing online. Nuestra agencia... <strong>SEO Casablanca, Berrchid, El Yadida<\/strong>\u00a0 Tiene un historial comprobado de lanzamiento y mejora constante de sitios web exitosos.<\/p><p>Para cualquier informaci\u00f3n adicional o asesoramiento profesional, p\u00f3ngase en contacto con nosotros en <span style=\"color: #33cccc;\"><a style=\"color: #33cccc;\" href=\"tel:06 61 26 30 34\"><strong>06 61 26 30 34<\/strong><\/a><\/span>.<\/p>\t\t\t\t\t\t<\/div>\n\t\t\t\t<\/div>\n\t\t\t\t\t<\/div>\n\t\t<\/div>\n\t\t\t\t\t<\/div>\n\t\t<\/section>\n\t\t\t\t\t<\/div>\n\t\t<\/div>\n\t\t\t\t\t<\/div>\n\t\t<\/section>\n\t\t\t\t<section class=\"elementor-section elementor-top-section elementor-element elementor-element-30c462d ot-traditional elementor-section-boxed elementor-section-height-default elementor-section-height-default\" data-id=\"30c462d\" data-element_type=\"section\">\n\t\t\t\t\t\t<div class=\"elementor-container elementor-column-gap-default\">\n\t\t\t\t\t<div class=\"elementor-column elementor-col-100 elementor-top-column elementor-element elementor-element-c788162 ot-flex-column-vertical\" data-id=\"c788162\" data-element_type=\"column\">\n\t\t\t<div class=\"elementor-widget-wrap elementor-element-populated\">\n\t\t\t\t\t\t<section class=\"elementor-section elementor-inner-section elementor-element elementor-element-ab020ed elementor-section-full_width elementor-section-content-bottom ot-traditional elementor-section-height-default elementor-section-height-default\" data-id=\"ab020ed\" data-element_type=\"section\" data-settings=\"{&quot;background_background&quot;:&quot;classic&quot;}\">\n\t\t\t\t\t\t\t<div class=\"elementor-background-overlay\"><\/div>\n\t\t\t\t\t\t\t<div class=\"elementor-container elementor-column-gap-extended\">\n\t\t\t\t\t<div class=\"elementor-column elementor-col-50 elementor-inner-column elementor-element elementor-element-ffaaf2a ot-flex-column-vertical\" data-id=\"ffaaf2a\" data-element_type=\"column\">\n\t\t\t<div class=\"elementor-widget-wrap elementor-element-populated\">\n\t\t\t\t\t\t<div class=\"elementor-element elementor-element-5ff7ce1 elementor-widget elementor-widget-iheading\" data-id=\"5ff7ce1\" data-element_type=\"widget\" data-widget_type=\"iheading.default\">\n\t\t\t\t<div class=\"elementor-widget-container\">\n\t\t\t\t\t<div class=\"ot-heading\">\r\n\t        \t            <span>\/\/ En S\u00ed a la Red,<\/span>\r\n\t        <h2 class=\"main-heading\">Aumente su visibilidad en l\u00ednea<\/h2>\t    <\/div>\r\n\t    \t\t<\/div>\n\t\t\t\t<\/div>\n\t\t\t\t\t<\/div>\n\t\t<\/div>\n\t\t\t\t<div class=\"elementor-column elementor-col-50 elementor-inner-column elementor-element elementor-element-3fd82f3 ot-flex-column-vertical\" data-id=\"3fd82f3\" data-element_type=\"column\">\n\t\t\t<div class=\"elementor-widget-wrap elementor-element-populated\">\n\t\t\t\t\t\t<div class=\"elementor-element elementor-element-e146430 elementor-align-right elementor-mobile-align-left elementor-widget elementor-widget-button\" data-id=\"e146430\" data-element_type=\"widget\" data-widget_type=\"button.default\">\n\t\t\t\t<div class=\"elementor-widget-container\">\n\t\t\t\t\t<div class=\"elementor-button-wrapper\">\n\t\t\t<a class=\"elementor-button elementor-button-link elementor-size-md\" href=\"https:\/\/yestothenet.com\/es\/contacto\/\">\n\t\t\t\t\t\t<span class=\"elementor-button-content-wrapper\">\n\t\t\t\t\t\t\t\t\t<span class=\"elementor-button-text\">Cont\u00e1ctanos<\/span>\n\t\t\t\t\t<\/span>\n\t\t\t\t\t<\/a>\n\t\t<\/div>\n\t\t\t\t<\/div>\n\t\t\t\t<\/div>\n\t\t\t\t\t<\/div>\n\t\t<\/div>\n\t\t\t\t\t<\/div>\n\t\t<\/section>\n\t\t\t\t\t<\/div>\n\t\t<\/div>\n\t\t\t\t\t<\/div>\n\t\t<\/section>\n\t\t\t\t<section class=\"elementor-section elementor-top-section elementor-element elementor-element-81a82a5 ot-traditional elementor-section-boxed elementor-section-height-default elementor-section-height-default\" data-id=\"81a82a5\" data-element_type=\"section\" data-settings=\"{&quot;background_background&quot;:&quot;classic&quot;}\">\n\t\t\t\t\t\t\t<div class=\"elementor-background-overlay\"><\/div>\n\t\t\t\t\t\t\t<div class=\"elementor-container elementor-column-gap-extended\">\n\t\t\t\t\t<div class=\"elementor-column elementor-col-50 elementor-top-column elementor-element elementor-element-18b89c0 ot-flex-column-vertical\" data-id=\"18b89c0\" data-element_type=\"column\">\n\t\t\t<div class=\"elementor-widget-wrap elementor-element-populated\">\n\t\t\t\t\t\t<div class=\"elementor-element elementor-element-45e921b elementor-widget elementor-widget-iheading\" data-id=\"45e921b\" data-element_type=\"widget\" data-widget_type=\"iheading.default\">\n\t\t\t\t<div class=\"elementor-widget-container\">\n\t\t\t\t\t<div class=\"ot-heading\">\r\n\t        <h2 class=\"main-heading\">Descubra nuestros servicios SEO Casablanca, Berrchid, El Jadida<\/h2>\t    <\/div>\r\n\t    \t\t<\/div>\n\t\t\t\t<\/div>\n\t\t\t\t<section class=\"elementor-section elementor-inner-section elementor-element elementor-element-dd648d0 elementor-section-full_width ot-traditional elementor-section-height-default elementor-section-height-default\" data-id=\"dd648d0\" data-element_type=\"section\">\n\t\t\t\t\t\t<div class=\"elementor-container elementor-column-gap-default\">\n\t\t\t\t\t<div class=\"elementor-column elementor-col-100 elementor-inner-column elementor-element elementor-element-9c59460 ot-flex-column-vertical\" data-id=\"9c59460\" data-element_type=\"column\">\n\t\t\t<div class=\"elementor-widget-wrap elementor-element-populated\">\n\t\t\t\t\t\t<div class=\"elementor-element elementor-element-9a4497b elementor-widget elementor-widget-text-editor\" data-id=\"9a4497b\" data-element_type=\"widget\" data-widget_type=\"text-editor.default\">\n\t\t\t\t<div class=\"elementor-widget-container\">\n\t\t\t\t\t\t\t<p>Ponemos a su disposici\u00f3n una amplia gama de servicios, entre los que se incluyen:<\/p><p><strong>An\u00e1lisis de rendimiento:<\/strong> La auditor\u00eda examina el rendimiento del sitio en t\u00e9rminos de velocidad de carga, tiempo de respuesta del servidor y optimizaci\u00f3n para motores de b\u00fasqueda (SEO). Un rendimiento \u00f3ptimo ayuda a mejorar la experiencia del usuario.<\/p><p><strong>Seguridad :<\/strong> La auditor\u00eda verifica la seguridad del sitio web mediante la detecci\u00f3n de vulnerabilidades y vulnerabilidades de seguridad, y la correcta configuraci\u00f3n de los certificados SSL. Esto garantiza la protecci\u00f3n de los datos del usuario.<\/p><p><strong>Amabilidad:<\/strong> La experiencia del usuario es esencial para el \u00e9xito de un sitio web. La auditor\u00eda eval\u00faa la facilidad de navegaci\u00f3n, la legibilidad del contenido, la coherencia del dise\u00f1o, la accesibilidad para personas con discapacidad, etc.<\/p><p><strong>Contenido :<\/strong> Los expertos en auditor\u00eda web revisan el contenido para garantizar que est\u00e9 actualizado, sea relevante y satisfaga las necesidades de los usuarios. Tambi\u00e9n pueden verificar la calidad del contenido y sugerir mejoras.<\/p><p><strong>Posicionamiento web:<\/strong> La optimizaci\u00f3n para motores de b\u00fasqueda (SEO) es un aspecto clave. Los auditores revisan las etiquetas HTML, las palabras clave, los enlaces internos y externos, y los factores t\u00e9cnicos que afectan el posicionamiento en buscadores.<\/p><p><strong>An\u00e1lisis de la competencia:<\/strong> Algunas auditor\u00edas incluyen una comparaci\u00f3n con sitios web de la competencia para identificar fortalezas y debilidades relativas.<\/p><p><strong>An\u00e1lisis anal\u00edtico:<\/strong> La auditor\u00eda tambi\u00e9n puede incluir una evaluaci\u00f3n de datos anal\u00edticos para comprender el comportamiento de los visitantes, las tasas de conversi\u00f3n, etc.<\/p><p><strong>Recomendaciones e informes:<\/strong> Tras la auditor\u00eda, los profesionales proporcionan un informe detallado de los hallazgos, recomendaciones espec\u00edficas para mejorar el sitio y un plan de acci\u00f3n.<\/p>\t\t\t\t\t\t<\/div>\n\t\t\t\t<\/div>\n\t\t\t\t\t<\/div>\n\t\t<\/div>\n\t\t\t\t\t<\/div>\n\t\t<\/section>\n\t\t\t\t\t<\/div>\n\t\t<\/div>\n\t\t\t\t<div class=\"elementor-column elementor-col-50 elementor-top-column elementor-element elementor-element-8a09494 ot-flex-column-vertical\" data-id=\"8a09494\" data-element_type=\"column\">\n\t\t\t<div class=\"elementor-widget-wrap elementor-element-populated\">\n\t\t\t\t\t\t<div class=\"elementor-element elementor-element-69d94ca elementor-widget elementor-widget-image\" data-id=\"69d94ca\" data-element_type=\"widget\" data-widget_type=\"image.default\">\n\t\t\t\t<div class=\"elementor-widget-container\">\n\t\t\t\t\t\t\t\t\t\t\t\t\t<img decoding=\"async\" width=\"386\" height=\"281\" src=\"https:\/\/yestothenet.com\/wp-content\/uploads\/2023\/10\/SEO-Casablanca-Berrchid-El-jadida-2.png\" class=\"attachment-medium_large size-medium_large wp-image-5902\" alt=\"SEO Casablanca, Berrchid, El Yadida\" srcset=\"https:\/\/yestothenet.com\/wp-content\/uploads\/2023\/10\/SEO-Casablanca-Berrchid-El-jadida-2.png 386w, https:\/\/yestothenet.com\/wp-content\/uploads\/2023\/10\/SEO-Casablanca-Berrchid-El-jadida-2-300x218.png 300w\" sizes=\"(max-width: 386px) 100vw, 386px\" \/>\t\t\t\t\t\t\t\t\t\t\t\t\t<\/div>\n\t\t\t\t<\/div>\n\t\t\t\t\t<\/div>\n\t\t<\/div>\n\t\t\t\t\t<\/div>\n\t\t<\/section>\n\t\t\t\t<\/div>","protected":false},"excerpt":{"rendered":"<p>YES TO THE NET \u2013 SEO Casablanca, Berrchid, El jadida Votre site web n&rsquo;appara\u00eet pas sur les premi\u00e8res pages de Google ? Vous avez besoin d\u2019une agence SEO Casablanca, Berrchid, El jadida\u00a0? YES TO THE NET est le professionnel qu\u2019il vous faut. Notre agence SEO Casablanca, Berrchid, El jadida\u00a0vous propose un service d\u2019audit de site [&hellip;]<\/p>","protected":false},"author":1,"featured_media":0,"parent":0,"menu_order":0,"comment_status":"closed","ping_status":"closed","template":"","meta":{"footnotes":""},"class_list":["post-5897","page","type-page","status-publish","hentry"],"yoast_head":"<!-- This site is optimized with the Yoast SEO plugin v23.6 - https:\/\/yoast.com\/wordpress\/plugins\/seo\/ -->\n<title>SEO Casablanca, Berrchid, El jadida \u2013 YES TO THE NET<\/title>\n<meta name=\"description\" content=\"Besoin d\u2019une agence sp\u00e9cialis\u00e9e en SEO Casablanca, Berrchid, El jadida ? YES TO THE NET est le professionnel qu\u2019il vous faut.\" \/>\n<meta name=\"robots\" content=\"index, follow, max-snippet:-1, max-image-preview:large, max-video-preview:-1\" \/>\n<link rel=\"canonical\" href=\"https:\/\/yestothenet.com\/es\/seo-casablanca-berrchid-el-jadida\/\" \/>\n<meta property=\"og:locale\" content=\"es_ES\" \/>\n<meta property=\"og:type\" content=\"article\" \/>\n<meta property=\"og:title\" content=\"SEO Casablanca, Berrchid, El jadida \u2013 YES TO THE NET\" \/>\n<meta property=\"og:description\" content=\"Besoin d\u2019une agence sp\u00e9cialis\u00e9e en SEO Casablanca, Berrchid, El jadida ? YES TO THE NET est le professionnel qu\u2019il vous faut.\" \/>\n<meta property=\"og:url\" content=\"https:\/\/yestothenet.com\/es\/seo-casablanca-berrchid-el-jadida\/\" \/>\n<meta property=\"og:site_name\" content=\"Yes To The Net\" \/>\n<meta property=\"article:publisher\" content=\"https:\/\/www.instagram.com\/yestothenet\/\" \/>\n<meta property=\"article:modified_time\" content=\"2023-12-20T15:41:25+00:00\" \/>\n<meta property=\"og:image\" content=\"https:\/\/yestothenet.com\/wp-content\/uploads\/2023\/10\/SEO-Casablanca-Berrchid-El-jadida.png\" \/>\n<meta name=\"twitter:card\" content=\"summary_large_image\" \/>\n<meta name=\"twitter:label1\" content=\"Tiempo de lectura\" \/>\n\t<meta name=\"twitter:data1\" content=\"3 minutos\" \/>\n<script type=\"application\/ld+json\" class=\"yoast-schema-graph\">{\"@context\":\"https:\/\/schema.org\",\"@graph\":[{\"@type\":\"WebPage\",\"@id\":\"https:\/\/yestothenet.com\/seo-casablanca-berrchid-el-jadida\/\",\"url\":\"https:\/\/yestothenet.com\/seo-casablanca-berrchid-el-jadida\/\",\"name\":\"SEO Casablanca, Berrchid, El jadida \u2013 YES TO THE NET\",\"isPartOf\":{\"@id\":\"https:\/\/yestothenet.com\/#website\"},\"primaryImageOfPage\":{\"@id\":\"https:\/\/yestothenet.com\/seo-casablanca-berrchid-el-jadida\/#primaryimage\"},\"image\":{\"@id\":\"https:\/\/yestothenet.com\/seo-casablanca-berrchid-el-jadida\/#primaryimage\"},\"thumbnailUrl\":\"https:\/\/yestothenet.com\/wp-content\/uploads\/2023\/10\/SEO-Casablanca-Berrchid-El-jadida.png\",\"datePublished\":\"2023-10-13T08:55:52+00:00\",\"dateModified\":\"2023-12-20T15:41:25+00:00\",\"description\":\"Besoin d\u2019une agence sp\u00e9cialis\u00e9e en SEO Casablanca, Berrchid, El jadida ? YES TO THE NET est le professionnel qu\u2019il vous faut.\",\"breadcrumb\":{\"@id\":\"https:\/\/yestothenet.com\/seo-casablanca-berrchid-el-jadida\/#breadcrumb\"},\"inLanguage\":\"es\",\"potentialAction\":[{\"@type\":\"ReadAction\",\"target\":[\"https:\/\/yestothenet.com\/seo-casablanca-berrchid-el-jadida\/\"]}]},{\"@type\":\"ImageObject\",\"inLanguage\":\"es\",\"@id\":\"https:\/\/yestothenet.com\/seo-casablanca-berrchid-el-jadida\/#primaryimage\",\"url\":\"https:\/\/yestothenet.com\/wp-content\/uploads\/2023\/10\/SEO-Casablanca-Berrchid-El-jadida.png\",\"contentUrl\":\"https:\/\/yestothenet.com\/wp-content\/uploads\/2023\/10\/SEO-Casablanca-Berrchid-El-jadida.png\"},{\"@type\":\"BreadcrumbList\",\"@id\":\"https:\/\/yestothenet.com\/seo-casablanca-berrchid-el-jadida\/#breadcrumb\",\"itemListElement\":[{\"@type\":\"ListItem\",\"position\":1,\"name\":\"Accueil\",\"item\":\"https:\/\/yestothenet.com\/\"},{\"@type\":\"ListItem\",\"position\":2,\"name\":\"&#8230; SEO Casablanca, Berrchid, El jadida\"}]},{\"@type\":\"WebSite\",\"@id\":\"https:\/\/yestothenet.com\/#website\",\"url\":\"https:\/\/yestothenet.com\/\",\"name\":\"YES TO THE NET\",\"description\":\"Votre agence de communication \u00e0 Marrakech\",\"publisher\":{\"@id\":\"https:\/\/yestothenet.com\/#organization\"},\"potentialAction\":[{\"@type\":\"SearchAction\",\"target\":{\"@type\":\"EntryPoint\",\"urlTemplate\":\"https:\/\/yestothenet.com\/?s={search_term_string}\"},\"query-input\":{\"@type\":\"PropertyValueSpecification\",\"valueRequired\":true,\"valueName\":\"search_term_string\"}}],\"inLanguage\":\"es\"},{\"@type\":\"Organization\",\"@id\":\"https:\/\/yestothenet.com\/#organization\",\"name\":\"YES TO THE NET\",\"url\":\"https:\/\/yestothenet.com\/\",\"logo\":{\"@type\":\"ImageObject\",\"inLanguage\":\"es\",\"@id\":\"https:\/\/yestothenet.com\/#\/schema\/logo\/image\/\",\"url\":\"https:\/\/yestothenet.com\/wp-content\/uploads\/2024\/02\/cropped-YES_THE_TO_NET-removebg-preview.png\",\"contentUrl\":\"https:\/\/yestothenet.com\/wp-content\/uploads\/2024\/02\/cropped-YES_THE_TO_NET-removebg-preview.png\",\"width\":512,\"height\":512,\"caption\":\"YES TO THE NET\"},\"image\":{\"@id\":\"https:\/\/yestothenet.com\/#\/schema\/logo\/image\/\"},\"sameAs\":[\"https:\/\/www.instagram.com\/yestothenet\/\"]}]}<\/script>\n<!-- \/ Yoast SEO plugin. -->","yoast_head_json":{"title":"SEO Casablanca, Berrchid, El jadida \u2013 YES TO THE NET","description":"Besoin d\u2019une agence sp\u00e9cialis\u00e9e en SEO Casablanca, Berrchid, El jadida ? YES TO THE NET est le professionnel qu\u2019il vous faut.","robots":{"index":"index","follow":"follow","max-snippet":"max-snippet:-1","max-image-preview":"max-image-preview:large","max-video-preview":"max-video-preview:-1"},"canonical":"https:\/\/yestothenet.com\/es\/seo-casablanca-berrchid-el-jadida\/","og_locale":"es_ES","og_type":"article","og_title":"SEO Casablanca, Berrchid, El jadida \u2013 YES TO THE NET","og_description":"Besoin d\u2019une agence sp\u00e9cialis\u00e9e en SEO Casablanca, Berrchid, El jadida ? YES TO THE NET est le professionnel qu\u2019il vous faut.","og_url":"https:\/\/yestothenet.com\/es\/seo-casablanca-berrchid-el-jadida\/","og_site_name":"Yes To The Net","article_publisher":"https:\/\/www.instagram.com\/yestothenet\/","article_modified_time":"2023-12-20T15:41:25+00:00","og_image":[{"url":"https:\/\/yestothenet.com\/wp-content\/uploads\/2023\/10\/SEO-Casablanca-Berrchid-El-jadida.png"}],"twitter_card":"summary_large_image","twitter_misc":{"Tiempo de lectura":"3 minutos"},"schema":{"@context":"https:\/\/schema.org","@graph":[{"@type":"WebPage","@id":"https:\/\/yestothenet.com\/seo-casablanca-berrchid-el-jadida\/","url":"https:\/\/yestothenet.com\/seo-casablanca-berrchid-el-jadida\/","name":"SEO Casablanca, Berrchid, El jadida \u2013 YES TO THE NET","isPartOf":{"@id":"https:\/\/yestothenet.com\/#website"},"primaryImageOfPage":{"@id":"https:\/\/yestothenet.com\/seo-casablanca-berrchid-el-jadida\/#primaryimage"},"image":{"@id":"https:\/\/yestothenet.com\/seo-casablanca-berrchid-el-jadida\/#primaryimage"},"thumbnailUrl":"https:\/\/yestothenet.com\/wp-content\/uploads\/2023\/10\/SEO-Casablanca-Berrchid-El-jadida.png","datePublished":"2023-10-13T08:55:52+00:00","dateModified":"2023-12-20T15:41:25+00:00","description":"Besoin d\u2019une agence sp\u00e9cialis\u00e9e en SEO Casablanca, Berrchid, El jadida ? YES TO THE NET est le professionnel qu\u2019il vous faut.","breadcrumb":{"@id":"https:\/\/yestothenet.com\/seo-casablanca-berrchid-el-jadida\/#breadcrumb"},"inLanguage":"es","potentialAction":[{"@type":"ReadAction","target":["https:\/\/yestothenet.com\/seo-casablanca-berrchid-el-jadida\/"]}]},{"@type":"ImageObject","inLanguage":"es","@id":"https:\/\/yestothenet.com\/seo-casablanca-berrchid-el-jadida\/#primaryimage","url":"https:\/\/yestothenet.com\/wp-content\/uploads\/2023\/10\/SEO-Casablanca-Berrchid-El-jadida.png","contentUrl":"https:\/\/yestothenet.com\/wp-content\/uploads\/2023\/10\/SEO-Casablanca-Berrchid-El-jadida.png"},{"@type":"BreadcrumbList","@id":"https:\/\/yestothenet.com\/seo-casablanca-berrchid-el-jadida\/#breadcrumb","itemListElement":[{"@type":"ListItem","position":1,"name":"Accueil","item":"https:\/\/yestothenet.com\/"},{"@type":"ListItem","position":2,"name":"&#8230; SEO Casablanca, Berrchid, El jadida"}]},{"@type":"WebSite","@id":"https:\/\/yestothenet.com\/#website","url":"https:\/\/yestothenet.com\/","name":"YES TO THE NET","description":"Votre agence de communication \u00e0 Marrakech","publisher":{"@id":"https:\/\/yestothenet.com\/#organization"},"potentialAction":[{"@type":"SearchAction","target":{"@type":"EntryPoint","urlTemplate":"https:\/\/yestothenet.com\/?s={search_term_string}"},"query-input":{"@type":"PropertyValueSpecification","valueRequired":true,"valueName":"search_term_string"}}],"inLanguage":"es"},{"@type":"Organization","@id":"https:\/\/yestothenet.com\/#organization","name":"YES TO THE NET","url":"https:\/\/yestothenet.com\/","logo":{"@type":"ImageObject","inLanguage":"es","@id":"https:\/\/yestothenet.com\/#\/schema\/logo\/image\/","url":"https:\/\/yestothenet.com\/wp-content\/uploads\/2024\/02\/cropped-YES_THE_TO_NET-removebg-preview.png","contentUrl":"https:\/\/yestothenet.com\/wp-content\/uploads\/2024\/02\/cropped-YES_THE_TO_NET-removebg-preview.png","width":512,"height":512,"caption":"YES TO THE NET"},"image":{"@id":"https:\/\/yestothenet.com\/#\/schema\/logo\/image\/"},"sameAs":["https:\/\/www.instagram.com\/yestothenet\/"]}]}},"_links":{"self":[{"href":"https:\/\/yestothenet.com\/es\/wp-json\/wp\/v2\/pages\/5897","targetHints":{"allow":["GET"]}}],"collection":[{"href":"https:\/\/yestothenet.com\/es\/wp-json\/wp\/v2\/pages"}],"about":[{"href":"https:\/\/yestothenet.com\/es\/wp-json\/wp\/v2\/types\/page"}],"author":[{"embeddable":true,"href":"https:\/\/yestothenet.com\/es\/wp-json\/wp\/v2\/users\/1"}],"replies":[{"embeddable":true,"href":"https:\/\/yestothenet.com\/es\/wp-json\/wp\/v2\/comments?post=5897"}],"version-history":[{"count":8,"href":"https:\/\/yestothenet.com\/es\/wp-json\/wp\/v2\/pages\/5897\/revisions"}],"predecessor-version":[{"id":6797,"href":"https:\/\/yestothenet.com\/es\/wp-json\/wp\/v2\/pages\/5897\/revisions\/6797"}],"wp:attachment":[{"href":"https:\/\/yestothenet.com\/es\/wp-json\/wp\/v2\/media?parent=5897"}],"curies":[{"name":"wp","href":"https:\/\/api.w.org\/{rel}","templated":true}]}}