{"id":5888,"date":"2023-10-10T12:25:48","date_gmt":"2023-10-10T10:25:48","guid":{"rendered":"https:\/\/yestothenet.com\/?page_id=5888"},"modified":"2023-12-20T16:41:05","modified_gmt":"2023-12-20T15:41:05","slug":"seo-beni-mellal-azilal","status":"publish","type":"page","link":"https:\/\/yestothenet.com\/es\/seo-beni-mellal-azilal\/","title":{"rendered":"\u2026 SEO Beni mellal, Azilal"},"content":{"rendered":"<div data-elementor-type=\"wp-page\" data-elementor-id=\"5888\" class=\"elementor elementor-5888\" data-elementor-post-type=\"page\">\n\t\t\t\t\t\t<section class=\"elementor-section elementor-top-section elementor-element elementor-element-2db1430 elementor-section-content-middle ot-traditional elementor-section-boxed elementor-section-height-default elementor-section-height-default\" data-id=\"2db1430\" data-element_type=\"section\">\n\t\t\t\t\t\t<div class=\"elementor-container elementor-column-gap-default\">\n\t\t\t\t\t<div class=\"elementor-column elementor-col-100 elementor-top-column elementor-element elementor-element-9ca7f6d ot-flex-column-vertical\" data-id=\"9ca7f6d\" data-element_type=\"column\">\n\t\t\t<div class=\"elementor-widget-wrap elementor-element-populated\">\n\t\t\t\t\t\t<section class=\"elementor-section elementor-inner-section elementor-element elementor-element-ae21701 elementor-section-content-top elementor-section-full_width ot-traditional elementor-section-height-default elementor-section-height-default\" data-id=\"ae21701\" data-element_type=\"section\">\n\t\t\t\t\t\t<div class=\"elementor-container elementor-column-gap-extended\">\n\t\t\t\t\t<div class=\"elementor-column elementor-col-50 elementor-inner-column elementor-element elementor-element-78f9ac9 ot-flex-column-vertical\" data-id=\"78f9ac9\" data-element_type=\"column\">\n\t\t\t<div class=\"elementor-widget-wrap elementor-element-populated\">\n\t\t\t\t\t\t<div class=\"elementor-element elementor-element-25eb330 elementor-widget__width-initial elementor-widget elementor-widget-image\" data-id=\"25eb330\" data-element_type=\"widget\" data-widget_type=\"image.default\">\n\t\t\t\t<div class=\"elementor-widget-container\">\n\t\t\t\t\t\t\t\t\t\t\t\t\t<img fetchpriority=\"high\" decoding=\"async\" width=\"1024\" height=\"1024\" src=\"https:\/\/yestothenet.com\/wp-content\/uploads\/2023\/10\/SEO-Beni-mellal-Azilal-1024x1024.png\" class=\"attachment-large size-large wp-image-5892\" alt=\"SEO Beni mellal, Azilal\" srcset=\"https:\/\/yestothenet.com\/wp-content\/uploads\/2023\/10\/SEO-Beni-mellal-Azilal-1024x1024.png 1024w, https:\/\/yestothenet.com\/wp-content\/uploads\/2023\/10\/SEO-Beni-mellal-Azilal-300x300.png 300w, https:\/\/yestothenet.com\/wp-content\/uploads\/2023\/10\/SEO-Beni-mellal-Azilal-150x150.png 150w, https:\/\/yestothenet.com\/wp-content\/uploads\/2023\/10\/SEO-Beni-mellal-Azilal-768x768.png 768w, https:\/\/yestothenet.com\/wp-content\/uploads\/2023\/10\/SEO-Beni-mellal-Azilal-720x720.png 720w, https:\/\/yestothenet.com\/wp-content\/uploads\/2023\/10\/SEO-Beni-mellal-Azilal-600x600.png 600w, https:\/\/yestothenet.com\/wp-content\/uploads\/2023\/10\/SEO-Beni-mellal-Azilal.png 1200w\" sizes=\"(max-width: 1024px) 100vw, 1024px\" \/>\t\t\t\t\t\t\t\t\t\t\t\t\t<\/div>\n\t\t\t\t<\/div>\n\t\t\t\t\t<\/div>\n\t\t<\/div>\n\t\t\t\t<div class=\"elementor-column elementor-col-50 elementor-inner-column elementor-element elementor-element-dce0f81 ot-flex-column-vertical\" data-id=\"dce0f81\" data-element_type=\"column\">\n\t\t\t<div class=\"elementor-widget-wrap elementor-element-populated\">\n\t\t\t\t\t\t<div class=\"elementor-element elementor-element-ea79d5e elementor-widget elementor-widget-iheading\" data-id=\"ea79d5e\" data-element_type=\"widget\" data-widget_type=\"iheading.default\">\n\t\t\t\t<div class=\"elementor-widget-container\">\n\t\t\t\t\t<div class=\"ot-heading\">\r\n\t        <h1 class=\"main-heading\">\nS\u00cd A LA RED \u2013 Tu SEO Beni Mellal, Azilal<\/h1>\t    <\/div>\r\n\t    \t\t<\/div>\n\t\t\t\t<\/div>\n\t\t\t\t<div class=\"elementor-element elementor-element-734d7ce elementor-widget__width-initial elementor-widget elementor-widget-text-editor\" data-id=\"734d7ce\" data-element_type=\"widget\" data-widget_type=\"text-editor.default\">\n\t\t\t\t<div class=\"elementor-widget-container\">\n\t\t\t\t\t\t\t<p>\u00bfTienes un negocio y buscas presencia online? YES TO THE NET es tu agencia. <strong>SEO Beni mellal, Azilal<\/strong> de confianza.<\/p><p>Para las empresas y las marcas, es imperativo comprender la importancia de la presencia en l\u00ednea y la optimizaci\u00f3n de motores de b\u00fasqueda. <strong><a href=\"https:\/\/yestothenet.com\/es\/referenciamiento-seo-natural\/\"><span style=\"color: #33cccc;\">Posicionamiento web (SEO)<\/span><\/a> Beni Melal, Azilal<\/strong> No solo ayuda a garantizar que los clientes potenciales puedan encontrar f\u00e1cilmente su negocio, sino que tambi\u00e9n lo ayuda a mantenerse competitivo en un panorama digital en constante cambio.<\/p><p>EL <strong>SEO Beni mellal, Azilal<\/strong> Implica una serie de t\u00e9cnicas y estrategias destinadas a hacer que su sitio web sea m\u00e1s atractivo para motores de b\u00fasqueda como Google. El objetivo es mejorar la clasificaci\u00f3n de su sitio en los resultados de b\u00fasqueda, lo que significa que es m\u00e1s probable que aparezca en los primeros puestos cuando los usuarios buscan informaci\u00f3n relevante.<\/p><p>Cont\u00e1ctanos en <span style=\"color: #33cccc;\"><a style=\"color: #33cccc;\" href=\"tel:06 61 26 30 34\"><strong>06 61 26 30 34<\/strong><\/a><\/span> Para contarnos sobre su proyecto. Complete el formulario a continuaci\u00f3n y nos pondremos en contacto con usted lo antes posible.<\/p>\t\t\t\t\t\t<\/div>\n\t\t\t\t<\/div>\n\t\t\t\t\t<\/div>\n\t\t<\/div>\n\t\t\t\t\t<\/div>\n\t\t<\/section>\n\t\t\t\t\t<\/div>\n\t\t<\/div>\n\t\t\t\t\t<\/div>\n\t\t<\/section>\n\t\t\t\t<section class=\"elementor-section elementor-top-section elementor-element elementor-element-30c462d ot-traditional elementor-section-boxed elementor-section-height-default elementor-section-height-default\" data-id=\"30c462d\" data-element_type=\"section\">\n\t\t\t\t\t\t<div class=\"elementor-container elementor-column-gap-default\">\n\t\t\t\t\t<div class=\"elementor-column elementor-col-100 elementor-top-column elementor-element elementor-element-c788162 ot-flex-column-vertical\" data-id=\"c788162\" data-element_type=\"column\">\n\t\t\t<div class=\"elementor-widget-wrap elementor-element-populated\">\n\t\t\t\t\t\t<section class=\"elementor-section elementor-inner-section elementor-element elementor-element-ab020ed elementor-section-full_width elementor-section-content-bottom ot-traditional elementor-section-height-default elementor-section-height-default\" data-id=\"ab020ed\" data-element_type=\"section\" data-settings=\"{&quot;background_background&quot;:&quot;classic&quot;}\">\n\t\t\t\t\t\t\t<div class=\"elementor-background-overlay\"><\/div>\n\t\t\t\t\t\t\t<div class=\"elementor-container elementor-column-gap-extended\">\n\t\t\t\t\t<div class=\"elementor-column elementor-col-50 elementor-inner-column elementor-element elementor-element-ffaaf2a ot-flex-column-vertical\" data-id=\"ffaaf2a\" data-element_type=\"column\">\n\t\t\t<div class=\"elementor-widget-wrap elementor-element-populated\">\n\t\t\t\t\t\t<div class=\"elementor-element elementor-element-5ff7ce1 elementor-widget elementor-widget-iheading\" data-id=\"5ff7ce1\" data-element_type=\"widget\" data-widget_type=\"iheading.default\">\n\t\t\t\t<div class=\"elementor-widget-container\">\n\t\t\t\t\t<div class=\"ot-heading\">\r\n\t        \t            <span>\/\/ La est\u00e9tica del sitio es crucial, <\/span>\r\n\t        <h2 class=\"main-heading\">Pero el SEO garantiza una presencia duradera en los resultados de b\u00fasqueda.<\/h2>\t    <\/div>\r\n\t    \t\t<\/div>\n\t\t\t\t<\/div>\n\t\t\t\t\t<\/div>\n\t\t<\/div>\n\t\t\t\t<div class=\"elementor-column elementor-col-50 elementor-inner-column elementor-element elementor-element-3fd82f3 ot-flex-column-vertical\" data-id=\"3fd82f3\" data-element_type=\"column\">\n\t\t\t<div class=\"elementor-widget-wrap elementor-element-populated\">\n\t\t\t\t\t\t<div class=\"elementor-element elementor-element-e146430 elementor-align-right elementor-mobile-align-left elementor-widget elementor-widget-button\" data-id=\"e146430\" data-element_type=\"widget\" data-widget_type=\"button.default\">\n\t\t\t\t<div class=\"elementor-widget-container\">\n\t\t\t\t\t<div class=\"elementor-button-wrapper\">\n\t\t\t<a class=\"elementor-button elementor-button-link elementor-size-md\" href=\"https:\/\/yestothenet.com\/es\/contacto\/\">\n\t\t\t\t\t\t<span class=\"elementor-button-content-wrapper\">\n\t\t\t\t\t\t\t\t\t<span class=\"elementor-button-text\">Cont\u00e1ctanos<\/span>\n\t\t\t\t\t<\/span>\n\t\t\t\t\t<\/a>\n\t\t<\/div>\n\t\t\t\t<\/div>\n\t\t\t\t<\/div>\n\t\t\t\t\t<\/div>\n\t\t<\/div>\n\t\t\t\t\t<\/div>\n\t\t<\/section>\n\t\t\t\t\t<\/div>\n\t\t<\/div>\n\t\t\t\t\t<\/div>\n\t\t<\/section>\n\t\t\t\t<section class=\"elementor-section elementor-top-section elementor-element elementor-element-81a82a5 ot-traditional elementor-section-boxed elementor-section-height-default elementor-section-height-default\" data-id=\"81a82a5\" data-element_type=\"section\" data-settings=\"{&quot;background_background&quot;:&quot;classic&quot;}\">\n\t\t\t\t\t\t\t<div class=\"elementor-background-overlay\"><\/div>\n\t\t\t\t\t\t\t<div class=\"elementor-container elementor-column-gap-extended\">\n\t\t\t\t\t<div class=\"elementor-column elementor-col-50 elementor-top-column elementor-element elementor-element-18b89c0 ot-flex-column-vertical\" data-id=\"18b89c0\" data-element_type=\"column\">\n\t\t\t<div class=\"elementor-widget-wrap elementor-element-populated\">\n\t\t\t\t\t\t<div class=\"elementor-element elementor-element-45e921b elementor-widget elementor-widget-iheading\" data-id=\"45e921b\" data-element_type=\"widget\" data-widget_type=\"iheading.default\">\n\t\t\t\t<div class=\"elementor-widget-container\">\n\t\t\t\t\t<div class=\"ot-heading\">\r\n\t        <h2 class=\"main-heading\">El poder del SEO Beni Mellal, Azilal: C\u00f3mo garantizar la visibilidad sostenible de su sitio web<\/h2>\t    <\/div>\r\n\t    \t\t<\/div>\n\t\t\t\t<\/div>\n\t\t\t\t<section class=\"elementor-section elementor-inner-section elementor-element elementor-element-dd648d0 elementor-section-full_width ot-traditional elementor-section-height-default elementor-section-height-default\" data-id=\"dd648d0\" data-element_type=\"section\">\n\t\t\t\t\t\t<div class=\"elementor-container elementor-column-gap-default\">\n\t\t\t\t\t<div class=\"elementor-column elementor-col-100 elementor-inner-column elementor-element elementor-element-9c59460 ot-flex-column-vertical\" data-id=\"9c59460\" data-element_type=\"column\">\n\t\t\t<div class=\"elementor-widget-wrap elementor-element-populated\">\n\t\t\t\t\t\t<div class=\"elementor-element elementor-element-9a4497b elementor-widget elementor-widget-text-editor\" data-id=\"9a4497b\" data-element_type=\"widget\" data-widget_type=\"text-editor.default\">\n\t\t\t\t<div class=\"elementor-widget-container\">\n\t\t\t\t\t\t\t<p>Tener un sitio web est\u00e9ticamente atractivo es innegablemente importante en el entorno digital actual. Un dise\u00f1o atractivo puede cautivar a los visitantes, crear una primera impresi\u00f3n positiva y contribuir a la credibilidad de su negocio o marca. Sin embargo, es fundamental comprender que la belleza visual por s\u00ed sola no es suficiente para garantizar el \u00e9xito de un sitio web.<\/p><p>La inmensidad de internet implica que incluso el sitio web m\u00e1s atractivo puede perderse f\u00e1cilmente en el mar de contenido online. Aqu\u00ed es donde entra en juego el SEO. El SEO es una estrategia compleja y en constante evoluci\u00f3n que busca mejorar la visibilidad de un sitio web en los resultados de b\u00fasqueda como Google.<\/p><p>Cuando un usuario realiza una b\u00fasqueda en l\u00ednea, los motores de b\u00fasqueda utilizan algoritmos sofisticados para ordenar y clasificar los miles de millones de p\u00e1ginas web disponibles. El objetivo del SEO es optimizar su sitio web para que los motores de b\u00fasqueda lo consideren relevante para ciertas consultas, lo que le otorga una mejor posici\u00f3n en los resultados de b\u00fasqueda.<\/p>\t\t\t\t\t\t<\/div>\n\t\t\t\t<\/div>\n\t\t\t\t\t<\/div>\n\t\t<\/div>\n\t\t\t\t\t<\/div>\n\t\t<\/section>\n\t\t\t\t\t<\/div>\n\t\t<\/div>\n\t\t\t\t<div class=\"elementor-column elementor-col-50 elementor-top-column elementor-element elementor-element-8a09494 ot-flex-column-vertical\" data-id=\"8a09494\" data-element_type=\"column\">\n\t\t\t<div class=\"elementor-widget-wrap elementor-element-populated\">\n\t\t\t\t\t\t<div class=\"elementor-element elementor-element-69d94ca elementor-widget elementor-widget-image\" data-id=\"69d94ca\" data-element_type=\"widget\" data-widget_type=\"image.default\">\n\t\t\t\t<div class=\"elementor-widget-container\">\n\t\t\t\t\t\t\t\t\t\t\t\t\t<img decoding=\"async\" width=\"768\" height=\"513\" src=\"https:\/\/yestothenet.com\/wp-content\/uploads\/2023\/10\/SEO-Beni-mellal-Azilal-1-768x513.png\" class=\"attachment-medium_large size-medium_large wp-image-5893\" alt=\"SEO Beni mellal, Azilal\" srcset=\"https:\/\/yestothenet.com\/wp-content\/uploads\/2023\/10\/SEO-Beni-mellal-Azilal-1-768x513.png 768w, https:\/\/yestothenet.com\/wp-content\/uploads\/2023\/10\/SEO-Beni-mellal-Azilal-1-300x200.png 300w, https:\/\/yestothenet.com\/wp-content\/uploads\/2023\/10\/SEO-Beni-mellal-Azilal-1-1024x684.png 1024w, https:\/\/yestothenet.com\/wp-content\/uploads\/2023\/10\/SEO-Beni-mellal-Azilal-1-720x481.png 720w, https:\/\/yestothenet.com\/wp-content\/uploads\/2023\/10\/SEO-Beni-mellal-Azilal-1-600x401.png 600w, https:\/\/yestothenet.com\/wp-content\/uploads\/2023\/10\/SEO-Beni-mellal-Azilal-1.png 1270w\" sizes=\"(max-width: 768px) 100vw, 768px\" \/>\t\t\t\t\t\t\t\t\t\t\t\t\t<\/div>\n\t\t\t\t<\/div>\n\t\t\t\t\t<\/div>\n\t\t<\/div>\n\t\t\t\t\t<\/div>\n\t\t<\/section>\n\t\t\t\t<\/div>","protected":false},"excerpt":{"rendered":"<p>YES TO THE NET \u2013 Votre SEO Beni mellal, Azilal Vous avez une entreprise et vous cherchez \u00e0 \u00eatre pr\u00e9sent en ligne\u00a0? YES TO THE NET est votre agence SEO Beni mellal, Azilal de confiance. Pour les entreprises et les marques, il est imp\u00e9ratif de comprendre l&rsquo;importance de la pr\u00e9sence en ligne et de l&rsquo;optimisation [&hellip;]<\/p>","protected":false},"author":1,"featured_media":0,"parent":0,"menu_order":0,"comment_status":"closed","ping_status":"closed","template":"","meta":{"footnotes":""},"class_list":["post-5888","page","type-page","status-publish","hentry"],"yoast_head":"<!-- This site is optimized with the Yoast SEO plugin v23.6 - https:\/\/yoast.com\/wordpress\/plugins\/seo\/ -->\n<title>SEO Beni mellal, Azilal \u2013 YES TO THE NET<\/title>\n<meta name=\"description\" content=\"Avec l\u2019agence YES TO THE NET, D\u00e9couvrez comment le SEO Beni mellal, Azilal renforce la visibilit\u00e9 en ligne. N\u2019h\u00e9sitez pas \u00e0 nous contactez.\" \/>\n<meta name=\"robots\" content=\"index, follow, max-snippet:-1, max-image-preview:large, max-video-preview:-1\" \/>\n<link rel=\"canonical\" href=\"https:\/\/yestothenet.com\/es\/seo-beni-mellal-azilal\/\" \/>\n<meta property=\"og:locale\" content=\"es_ES\" \/>\n<meta property=\"og:type\" content=\"article\" \/>\n<meta property=\"og:title\" content=\"SEO Beni mellal, Azilal \u2013 YES TO THE NET\" \/>\n<meta property=\"og:description\" content=\"Avec l\u2019agence YES TO THE NET, D\u00e9couvrez comment le SEO Beni mellal, Azilal renforce la visibilit\u00e9 en ligne. N\u2019h\u00e9sitez pas \u00e0 nous contactez.\" \/>\n<meta property=\"og:url\" content=\"https:\/\/yestothenet.com\/es\/seo-beni-mellal-azilal\/\" \/>\n<meta property=\"og:site_name\" content=\"Yes To The Net\" \/>\n<meta property=\"article:publisher\" content=\"https:\/\/www.instagram.com\/yestothenet\/\" \/>\n<meta property=\"article:modified_time\" content=\"2023-12-20T15:41:05+00:00\" \/>\n<meta property=\"og:image\" content=\"https:\/\/yestothenet.com\/wp-content\/uploads\/2023\/10\/SEO-Beni-mellal-Azilal-1024x1024.png\" \/>\n<meta name=\"twitter:card\" content=\"summary_large_image\" \/>\n<meta name=\"twitter:label1\" content=\"Tiempo de lectura\" \/>\n\t<meta name=\"twitter:data1\" content=\"3 minutos\" \/>\n<script type=\"application\/ld+json\" class=\"yoast-schema-graph\">{\"@context\":\"https:\/\/schema.org\",\"@graph\":[{\"@type\":\"WebPage\",\"@id\":\"https:\/\/yestothenet.com\/seo-beni-mellal-azilal\/\",\"url\":\"https:\/\/yestothenet.com\/seo-beni-mellal-azilal\/\",\"name\":\"SEO Beni mellal, Azilal \u2013 YES TO THE NET\",\"isPartOf\":{\"@id\":\"https:\/\/yestothenet.com\/#website\"},\"primaryImageOfPage\":{\"@id\":\"https:\/\/yestothenet.com\/seo-beni-mellal-azilal\/#primaryimage\"},\"image\":{\"@id\":\"https:\/\/yestothenet.com\/seo-beni-mellal-azilal\/#primaryimage\"},\"thumbnailUrl\":\"https:\/\/yestothenet.com\/wp-content\/uploads\/2023\/10\/SEO-Beni-mellal-Azilal-1024x1024.png\",\"datePublished\":\"2023-10-10T10:25:48+00:00\",\"dateModified\":\"2023-12-20T15:41:05+00:00\",\"description\":\"Avec l\u2019agence YES TO THE NET, D\u00e9couvrez comment le SEO Beni mellal, Azilal renforce la visibilit\u00e9 en ligne. N\u2019h\u00e9sitez pas \u00e0 nous contactez.\",\"breadcrumb\":{\"@id\":\"https:\/\/yestothenet.com\/seo-beni-mellal-azilal\/#breadcrumb\"},\"inLanguage\":\"es\",\"potentialAction\":[{\"@type\":\"ReadAction\",\"target\":[\"https:\/\/yestothenet.com\/seo-beni-mellal-azilal\/\"]}]},{\"@type\":\"ImageObject\",\"inLanguage\":\"es\",\"@id\":\"https:\/\/yestothenet.com\/seo-beni-mellal-azilal\/#primaryimage\",\"url\":\"https:\/\/yestothenet.com\/wp-content\/uploads\/2023\/10\/SEO-Beni-mellal-Azilal-1024x1024.png\",\"contentUrl\":\"https:\/\/yestothenet.com\/wp-content\/uploads\/2023\/10\/SEO-Beni-mellal-Azilal-1024x1024.png\"},{\"@type\":\"BreadcrumbList\",\"@id\":\"https:\/\/yestothenet.com\/seo-beni-mellal-azilal\/#breadcrumb\",\"itemListElement\":[{\"@type\":\"ListItem\",\"position\":1,\"name\":\"Accueil\",\"item\":\"https:\/\/yestothenet.com\/\"},{\"@type\":\"ListItem\",\"position\":2,\"name\":\"&#8230; SEO Beni mellal, Azilal\"}]},{\"@type\":\"WebSite\",\"@id\":\"https:\/\/yestothenet.com\/#website\",\"url\":\"https:\/\/yestothenet.com\/\",\"name\":\"YES TO THE NET\",\"description\":\"Votre agence de communication \u00e0 Marrakech\",\"publisher\":{\"@id\":\"https:\/\/yestothenet.com\/#organization\"},\"potentialAction\":[{\"@type\":\"SearchAction\",\"target\":{\"@type\":\"EntryPoint\",\"urlTemplate\":\"https:\/\/yestothenet.com\/?s={search_term_string}\"},\"query-input\":{\"@type\":\"PropertyValueSpecification\",\"valueRequired\":true,\"valueName\":\"search_term_string\"}}],\"inLanguage\":\"es\"},{\"@type\":\"Organization\",\"@id\":\"https:\/\/yestothenet.com\/#organization\",\"name\":\"YES TO THE NET\",\"url\":\"https:\/\/yestothenet.com\/\",\"logo\":{\"@type\":\"ImageObject\",\"inLanguage\":\"es\",\"@id\":\"https:\/\/yestothenet.com\/#\/schema\/logo\/image\/\",\"url\":\"https:\/\/yestothenet.com\/wp-content\/uploads\/2024\/02\/cropped-YES_THE_TO_NET-removebg-preview.png\",\"contentUrl\":\"https:\/\/yestothenet.com\/wp-content\/uploads\/2024\/02\/cropped-YES_THE_TO_NET-removebg-preview.png\",\"width\":512,\"height\":512,\"caption\":\"YES TO THE NET\"},\"image\":{\"@id\":\"https:\/\/yestothenet.com\/#\/schema\/logo\/image\/\"},\"sameAs\":[\"https:\/\/www.instagram.com\/yestothenet\/\"]}]}<\/script>\n<!-- \/ Yoast SEO plugin. -->","yoast_head_json":{"title":"SEO Beni mellal, Azilal \u2013 YES TO THE NET","description":"Avec l\u2019agence YES TO THE NET, D\u00e9couvrez comment le SEO Beni mellal, Azilal renforce la visibilit\u00e9 en ligne. N\u2019h\u00e9sitez pas \u00e0 nous contactez.","robots":{"index":"index","follow":"follow","max-snippet":"max-snippet:-1","max-image-preview":"max-image-preview:large","max-video-preview":"max-video-preview:-1"},"canonical":"https:\/\/yestothenet.com\/es\/seo-beni-mellal-azilal\/","og_locale":"es_ES","og_type":"article","og_title":"SEO Beni mellal, Azilal \u2013 YES TO THE NET","og_description":"Avec l\u2019agence YES TO THE NET, D\u00e9couvrez comment le SEO Beni mellal, Azilal renforce la visibilit\u00e9 en ligne. N\u2019h\u00e9sitez pas \u00e0 nous contactez.","og_url":"https:\/\/yestothenet.com\/es\/seo-beni-mellal-azilal\/","og_site_name":"Yes To The Net","article_publisher":"https:\/\/www.instagram.com\/yestothenet\/","article_modified_time":"2023-12-20T15:41:05+00:00","og_image":[{"url":"https:\/\/yestothenet.com\/wp-content\/uploads\/2023\/10\/SEO-Beni-mellal-Azilal-1024x1024.png"}],"twitter_card":"summary_large_image","twitter_misc":{"Tiempo de lectura":"3 minutos"},"schema":{"@context":"https:\/\/schema.org","@graph":[{"@type":"WebPage","@id":"https:\/\/yestothenet.com\/seo-beni-mellal-azilal\/","url":"https:\/\/yestothenet.com\/seo-beni-mellal-azilal\/","name":"SEO Beni mellal, Azilal \u2013 YES TO THE NET","isPartOf":{"@id":"https:\/\/yestothenet.com\/#website"},"primaryImageOfPage":{"@id":"https:\/\/yestothenet.com\/seo-beni-mellal-azilal\/#primaryimage"},"image":{"@id":"https:\/\/yestothenet.com\/seo-beni-mellal-azilal\/#primaryimage"},"thumbnailUrl":"https:\/\/yestothenet.com\/wp-content\/uploads\/2023\/10\/SEO-Beni-mellal-Azilal-1024x1024.png","datePublished":"2023-10-10T10:25:48+00:00","dateModified":"2023-12-20T15:41:05+00:00","description":"Avec l\u2019agence YES TO THE NET, D\u00e9couvrez comment le SEO Beni mellal, Azilal renforce la visibilit\u00e9 en ligne. N\u2019h\u00e9sitez pas \u00e0 nous contactez.","breadcrumb":{"@id":"https:\/\/yestothenet.com\/seo-beni-mellal-azilal\/#breadcrumb"},"inLanguage":"es","potentialAction":[{"@type":"ReadAction","target":["https:\/\/yestothenet.com\/seo-beni-mellal-azilal\/"]}]},{"@type":"ImageObject","inLanguage":"es","@id":"https:\/\/yestothenet.com\/seo-beni-mellal-azilal\/#primaryimage","url":"https:\/\/yestothenet.com\/wp-content\/uploads\/2023\/10\/SEO-Beni-mellal-Azilal-1024x1024.png","contentUrl":"https:\/\/yestothenet.com\/wp-content\/uploads\/2023\/10\/SEO-Beni-mellal-Azilal-1024x1024.png"},{"@type":"BreadcrumbList","@id":"https:\/\/yestothenet.com\/seo-beni-mellal-azilal\/#breadcrumb","itemListElement":[{"@type":"ListItem","position":1,"name":"Accueil","item":"https:\/\/yestothenet.com\/"},{"@type":"ListItem","position":2,"name":"&#8230; SEO Beni mellal, Azilal"}]},{"@type":"WebSite","@id":"https:\/\/yestothenet.com\/#website","url":"https:\/\/yestothenet.com\/","name":"YES TO THE NET","description":"Votre agence de communication \u00e0 Marrakech","publisher":{"@id":"https:\/\/yestothenet.com\/#organization"},"potentialAction":[{"@type":"SearchAction","target":{"@type":"EntryPoint","urlTemplate":"https:\/\/yestothenet.com\/?s={search_term_string}"},"query-input":{"@type":"PropertyValueSpecification","valueRequired":true,"valueName":"search_term_string"}}],"inLanguage":"es"},{"@type":"Organization","@id":"https:\/\/yestothenet.com\/#organization","name":"YES TO THE NET","url":"https:\/\/yestothenet.com\/","logo":{"@type":"ImageObject","inLanguage":"es","@id":"https:\/\/yestothenet.com\/#\/schema\/logo\/image\/","url":"https:\/\/yestothenet.com\/wp-content\/uploads\/2024\/02\/cropped-YES_THE_TO_NET-removebg-preview.png","contentUrl":"https:\/\/yestothenet.com\/wp-content\/uploads\/2024\/02\/cropped-YES_THE_TO_NET-removebg-preview.png","width":512,"height":512,"caption":"YES TO THE NET"},"image":{"@id":"https:\/\/yestothenet.com\/#\/schema\/logo\/image\/"},"sameAs":["https:\/\/www.instagram.com\/yestothenet\/"]}]}},"_links":{"self":[{"href":"https:\/\/yestothenet.com\/es\/wp-json\/wp\/v2\/pages\/5888","targetHints":{"allow":["GET"]}}],"collection":[{"href":"https:\/\/yestothenet.com\/es\/wp-json\/wp\/v2\/pages"}],"about":[{"href":"https:\/\/yestothenet.com\/es\/wp-json\/wp\/v2\/types\/page"}],"author":[{"embeddable":true,"href":"https:\/\/yestothenet.com\/es\/wp-json\/wp\/v2\/users\/1"}],"replies":[{"embeddable":true,"href":"https:\/\/yestothenet.com\/es\/wp-json\/wp\/v2\/comments?post=5888"}],"version-history":[{"count":8,"href":"https:\/\/yestothenet.com\/es\/wp-json\/wp\/v2\/pages\/5888\/revisions"}],"predecessor-version":[{"id":6794,"href":"https:\/\/yestothenet.com\/es\/wp-json\/wp\/v2\/pages\/5888\/revisions\/6794"}],"wp:attachment":[{"href":"https:\/\/yestothenet.com\/es\/wp-json\/wp\/v2\/media?parent=5888"}],"curies":[{"name":"wp","href":"https:\/\/api.w.org\/{rel}","templated":true}]}}