{"id":5856,"date":"2023-10-05T11:24:01","date_gmt":"2023-10-05T09:24:01","guid":{"rendered":"https:\/\/yestothenet.com\/?page_id=5856"},"modified":"2023-12-20T16:42:11","modified_gmt":"2023-12-20T15:42:11","slug":"seo-marrakech-safi-chichaoua-ben-guerir-settat","status":"publish","type":"page","link":"https:\/\/yestothenet.com\/es\/seo-marrakech-safi-chichaoua-ben-guerir-settat\/","title":{"rendered":"&#8230; SEO Marrakech, Safi, Chichaoua, Ben Guerir, Settat"},"content":{"rendered":"<div data-elementor-type=\"wp-page\" data-elementor-id=\"5856\" class=\"elementor elementor-5856\" data-elementor-post-type=\"page\">\n\t\t\t\t\t\t<section class=\"elementor-section elementor-top-section elementor-element elementor-element-2db1430 elementor-section-content-middle ot-traditional elementor-section-boxed elementor-section-height-default elementor-section-height-default\" data-id=\"2db1430\" data-element_type=\"section\">\n\t\t\t\t\t\t<div class=\"elementor-container elementor-column-gap-default\">\n\t\t\t\t\t<div class=\"elementor-column elementor-col-100 elementor-top-column elementor-element elementor-element-9ca7f6d ot-flex-column-vertical\" data-id=\"9ca7f6d\" data-element_type=\"column\">\n\t\t\t<div class=\"elementor-widget-wrap elementor-element-populated\">\n\t\t\t\t\t\t<section class=\"elementor-section elementor-inner-section elementor-element elementor-element-ae21701 elementor-section-content-top elementor-section-full_width ot-traditional elementor-section-height-default elementor-section-height-default\" data-id=\"ae21701\" data-element_type=\"section\">\n\t\t\t\t\t\t<div class=\"elementor-container elementor-column-gap-extended\">\n\t\t\t\t\t<div class=\"elementor-column elementor-col-50 elementor-inner-column elementor-element elementor-element-78f9ac9 ot-flex-column-vertical\" data-id=\"78f9ac9\" data-element_type=\"column\">\n\t\t\t<div class=\"elementor-widget-wrap elementor-element-populated\">\n\t\t\t\t\t\t<div class=\"elementor-element elementor-element-25eb330 elementor-widget__width-initial elementor-widget elementor-widget-image\" data-id=\"25eb330\" data-element_type=\"widget\" data-widget_type=\"image.default\">\n\t\t\t\t<div class=\"elementor-widget-container\">\n\t\t\t\t\t\t\t\t\t\t\t\t\t<img fetchpriority=\"high\" decoding=\"async\" width=\"500\" height=\"512\" src=\"https:\/\/yestothenet.com\/wp-content\/uploads\/2023\/10\/SEO-Marrakech-Safi-Chichaoua-Ben-Guerir-Settat-2.png\" class=\"attachment-large size-large wp-image-5859\" alt=\"SEO Marrakech, Safi, Chichaoua, Ben Guerir, Settat\" srcset=\"https:\/\/yestothenet.com\/wp-content\/uploads\/2023\/10\/SEO-Marrakech-Safi-Chichaoua-Ben-Guerir-Settat-2.png 500w, https:\/\/yestothenet.com\/wp-content\/uploads\/2023\/10\/SEO-Marrakech-Safi-Chichaoua-Ben-Guerir-Settat-2-293x300.png 293w\" sizes=\"(max-width: 500px) 100vw, 500px\" \/>\t\t\t\t\t\t\t\t\t\t\t\t\t<\/div>\n\t\t\t\t<\/div>\n\t\t\t\t\t<\/div>\n\t\t<\/div>\n\t\t\t\t<div class=\"elementor-column elementor-col-50 elementor-inner-column elementor-element elementor-element-dce0f81 ot-flex-column-vertical\" data-id=\"dce0f81\" data-element_type=\"column\">\n\t\t\t<div class=\"elementor-widget-wrap elementor-element-populated\">\n\t\t\t\t\t\t<div class=\"elementor-element elementor-element-ea79d5e elementor-widget elementor-widget-iheading\" data-id=\"ea79d5e\" data-element_type=\"widget\" data-widget_type=\"iheading.default\">\n\t\t\t\t<div class=\"elementor-widget-container\">\n\t\t\t\t\t<div class=\"ot-heading\">\r\n\t        <h1 class=\"main-heading\">\nYES TO THE NET \u2013 Votre agence SEO Marrakech, Safi, Chichaoua, Ben Guerir, Settat<\/h1>\t    <\/div>\r\n\t    \t\t<\/div>\n\t\t\t\t<\/div>\n\t\t\t\t<div class=\"elementor-element elementor-element-734d7ce elementor-widget__width-initial elementor-widget elementor-widget-text-editor\" data-id=\"734d7ce\" data-element_type=\"widget\" data-widget_type=\"text-editor.default\">\n\t\t\t\t<div class=\"elementor-widget-container\">\n\t\t\t\t\t\t\t<p>Vous souhaitez am\u00e9liorer votre visibilit\u00e9 en ligne\u00a0? Votre agence de communication YES TO THE NET Met en place une strat\u00e9gie <strong>SEO Marrakech, Safi, Chichaoua, Ben Guerir, Settat<\/strong> efficace et innovante afin d\u2019am\u00e9liorer votre visibilit\u00e9 sur Google.<\/p><p>Notre agence de communication met \u00e0 votre disposition toute ces ann\u00e9es d\u2019expertise en marketing digitale. En effet, nous sommes des sp\u00e9cialistes en <strong><span style=\"color: #33cccc;\"><a style=\"color: #33cccc;\" href=\"https:\/\/yestothenet.com\/es\/referenciamiento-seo-natural\/\">Posicionamiento web (SEO)<\/a><\/span> Marrakech, Saf\u00ed, Chichaoua, Ben Guerir, Settat<\/strong>, cr\u00e9ation de site web, cr\u00e9ation d\u2019application, cr\u00e9ation de contenu optimis\u00e9, conception graphique et outsourcing IT. Nous vous assurons un service de haute qualit\u00e9.<\/p><p>Nos experts en <strong>SEO Marrakech, Safi, Chichaoua, Ben Guerir, Settat<\/strong> vous offre un service d\u2019audit afin de mesurer les axes d\u2019am\u00e9lioration de votre site web, et de vous proposer les solutions optimales pour votre soci\u00e9t\u00e9.<\/p><p>Pour en apprendre plus sur nos diff\u00e9rentes prestations ou obtenir un rendez-vous, appelez-nous au <span style=\"color: #33cccc;\"><a style=\"color: #33cccc;\" href=\"tel:06 61 26 30 34\"><strong>06 61 26 30 34 <\/strong><\/a><\/span>ou remplissez notre formulaire de contact. Nous reviendrons vers vous dans les plus brefs d\u00e9lais.<\/p>\t\t\t\t\t\t<\/div>\n\t\t\t\t<\/div>\n\t\t\t\t\t<\/div>\n\t\t<\/div>\n\t\t\t\t\t<\/div>\n\t\t<\/section>\n\t\t\t\t\t<\/div>\n\t\t<\/div>\n\t\t\t\t\t<\/div>\n\t\t<\/section>\n\t\t\t\t<section class=\"elementor-section elementor-top-section elementor-element elementor-element-30c462d ot-traditional elementor-section-boxed elementor-section-height-default elementor-section-height-default\" data-id=\"30c462d\" data-element_type=\"section\">\n\t\t\t\t\t\t<div class=\"elementor-container elementor-column-gap-default\">\n\t\t\t\t\t<div class=\"elementor-column elementor-col-100 elementor-top-column elementor-element elementor-element-c788162 ot-flex-column-vertical\" data-id=\"c788162\" data-element_type=\"column\">\n\t\t\t<div class=\"elementor-widget-wrap elementor-element-populated\">\n\t\t\t\t\t\t<section class=\"elementor-section elementor-inner-section elementor-element elementor-element-ab020ed elementor-section-full_width elementor-section-content-bottom ot-traditional elementor-section-height-default elementor-section-height-default\" data-id=\"ab020ed\" data-element_type=\"section\" data-settings=\"{&quot;background_background&quot;:&quot;classic&quot;}\">\n\t\t\t\t\t\t\t<div class=\"elementor-background-overlay\"><\/div>\n\t\t\t\t\t\t\t<div class=\"elementor-container elementor-column-gap-extended\">\n\t\t\t\t\t<div class=\"elementor-column elementor-col-50 elementor-inner-column elementor-element elementor-element-ffaaf2a ot-flex-column-vertical\" data-id=\"ffaaf2a\" data-element_type=\"column\">\n\t\t\t<div class=\"elementor-widget-wrap elementor-element-populated\">\n\t\t\t\t\t\t<div class=\"elementor-element elementor-element-5ff7ce1 elementor-widget elementor-widget-iheading\" data-id=\"5ff7ce1\" data-element_type=\"widget\" data-widget_type=\"iheading.default\">\n\t\t\t\t<div class=\"elementor-widget-container\">\n\t\t\t\t\t<div class=\"ot-heading\">\r\n\t        \t            <span>\/\/ En S\u00ed a la Red,<\/span>\r\n\t        <h2 class=\"main-heading\">Aumente su visibilidad en l\u00ednea<\/h2>\t    <\/div>\r\n\t    \t\t<\/div>\n\t\t\t\t<\/div>\n\t\t\t\t\t<\/div>\n\t\t<\/div>\n\t\t\t\t<div class=\"elementor-column elementor-col-50 elementor-inner-column elementor-element elementor-element-3fd82f3 ot-flex-column-vertical\" data-id=\"3fd82f3\" data-element_type=\"column\">\n\t\t\t<div class=\"elementor-widget-wrap elementor-element-populated\">\n\t\t\t\t\t\t<div class=\"elementor-element elementor-element-e146430 elementor-align-right elementor-mobile-align-left elementor-widget elementor-widget-button\" data-id=\"e146430\" data-element_type=\"widget\" data-widget_type=\"button.default\">\n\t\t\t\t<div class=\"elementor-widget-container\">\n\t\t\t\t\t<div class=\"elementor-button-wrapper\">\n\t\t\t<a class=\"elementor-button elementor-button-link elementor-size-md\" href=\"https:\/\/yestothenet.com\/es\/contacto\/\">\n\t\t\t\t\t\t<span class=\"elementor-button-content-wrapper\">\n\t\t\t\t\t\t\t\t\t<span class=\"elementor-button-text\">Cont\u00e1ctanos<\/span>\n\t\t\t\t\t<\/span>\n\t\t\t\t\t<\/a>\n\t\t<\/div>\n\t\t\t\t<\/div>\n\t\t\t\t<\/div>\n\t\t\t\t\t<\/div>\n\t\t<\/div>\n\t\t\t\t\t<\/div>\n\t\t<\/section>\n\t\t\t\t\t<\/div>\n\t\t<\/div>\n\t\t\t\t\t<\/div>\n\t\t<\/section>\n\t\t\t\t<section class=\"elementor-section elementor-top-section elementor-element elementor-element-81a82a5 ot-traditional elementor-section-boxed elementor-section-height-default elementor-section-height-default\" data-id=\"81a82a5\" data-element_type=\"section\" data-settings=\"{&quot;background_background&quot;:&quot;classic&quot;}\">\n\t\t\t\t\t\t\t<div class=\"elementor-background-overlay\"><\/div>\n\t\t\t\t\t\t\t<div class=\"elementor-container elementor-column-gap-extended\">\n\t\t\t\t\t<div class=\"elementor-column elementor-col-50 elementor-top-column elementor-element elementor-element-18b89c0 ot-flex-column-vertical\" data-id=\"18b89c0\" data-element_type=\"column\">\n\t\t\t<div class=\"elementor-widget-wrap elementor-element-populated\">\n\t\t\t\t\t\t<div class=\"elementor-element elementor-element-45e921b elementor-widget elementor-widget-iheading\" data-id=\"45e921b\" data-element_type=\"widget\" data-widget_type=\"iheading.default\">\n\t\t\t\t<div class=\"elementor-widget-container\">\n\t\t\t\t\t<div class=\"ot-heading\">\r\n\t        <h2 class=\"main-heading\">Am\u00e9liorez votre visibilit\u00e9 avec notre agence SEO Marrakech, Safi, Chichaoua, Ben Guerir, Settat<\/h2>\t    <\/div>\r\n\t    \t\t<\/div>\n\t\t\t\t<\/div>\n\t\t\t\t<section class=\"elementor-section elementor-inner-section elementor-element elementor-element-dd648d0 elementor-section-full_width ot-traditional elementor-section-height-default elementor-section-height-default\" data-id=\"dd648d0\" data-element_type=\"section\">\n\t\t\t\t\t\t<div class=\"elementor-container elementor-column-gap-default\">\n\t\t\t\t\t<div class=\"elementor-column elementor-col-100 elementor-inner-column elementor-element elementor-element-9c59460 ot-flex-column-vertical\" data-id=\"9c59460\" data-element_type=\"column\">\n\t\t\t<div class=\"elementor-widget-wrap elementor-element-populated\">\n\t\t\t\t\t\t<div class=\"elementor-element elementor-element-9a4497b elementor-widget elementor-widget-text-editor\" data-id=\"9a4497b\" data-element_type=\"widget\" data-widget_type=\"text-editor.default\">\n\t\t\t\t<div class=\"elementor-widget-container\">\n\t\t\t\t\t\t\t<p>Le SEO est une strat\u00e9gie qui permet \u00e0 votre site web d&rsquo;appara\u00eetre en t\u00eate des r\u00e9sultats de recherche des moteurs les plus populaires tels que Google, Bing et Yahoo. Un bon r\u00e9f\u00e9rencement signifie plus de trafic, une meilleure notori\u00e9t\u00e9 et, in\u00e9vitablement, plus de ventes.<\/p><p><strong>Visibilit\u00e9 accrue:<\/strong> Plus de 90% des utilisateurs ne vont pas au-del\u00e0 de la premi\u00e8re page des r\u00e9sultats de recherche. Si votre site n&rsquo;y figure pas, vous passez \u00e0 c\u00f4t\u00e9 de centaines, voire de milliers de clients potentiels.<\/p><p><strong>Orientaci\u00f3n precisa:<\/strong> Le SEO permet de cibler des mots-cl\u00e9s sp\u00e9cifiques relatifs \u00e0 votre activit\u00e9, assurant ainsi que votre site attire les visiteurs les plus pertinents.<\/p><p><strong>ROI \u00e9lev\u00e9:<\/strong> Compar\u00e9 \u00e0 d&rsquo;autres formes de marketing en ligne, le SEO offre un retour sur investissement impressionnant.<\/p>\t\t\t\t\t\t<\/div>\n\t\t\t\t<\/div>\n\t\t\t\t\t<\/div>\n\t\t<\/div>\n\t\t\t\t\t<\/div>\n\t\t<\/section>\n\t\t\t\t\t<\/div>\n\t\t<\/div>\n\t\t\t\t<div class=\"elementor-column elementor-col-50 elementor-top-column elementor-element elementor-element-8a09494 ot-flex-column-vertical\" data-id=\"8a09494\" data-element_type=\"column\">\n\t\t\t<div class=\"elementor-widget-wrap elementor-element-populated\">\n\t\t\t\t\t\t<div class=\"elementor-element elementor-element-69d94ca elementor-widget elementor-widget-image\" data-id=\"69d94ca\" data-element_type=\"widget\" data-widget_type=\"image.default\">\n\t\t\t\t<div class=\"elementor-widget-container\">\n\t\t\t\t\t\t\t\t\t\t\t\t\t<img decoding=\"async\" width=\"768\" height=\"768\" src=\"https:\/\/yestothenet.com\/wp-content\/uploads\/2023\/10\/SEO-Marrakech-Safi-Chichaoua-Ben-Guerir-Settat-768x768.png\" class=\"attachment-medium_large size-medium_large wp-image-5860\" alt=\"SEO Marrakech, Safi, Chichaoua, Ben Guerir, Settat\" srcset=\"https:\/\/yestothenet.com\/wp-content\/uploads\/2023\/10\/SEO-Marrakech-Safi-Chichaoua-Ben-Guerir-Settat-768x768.png 768w, https:\/\/yestothenet.com\/wp-content\/uploads\/2023\/10\/SEO-Marrakech-Safi-Chichaoua-Ben-Guerir-Settat-300x300.png 300w, https:\/\/yestothenet.com\/wp-content\/uploads\/2023\/10\/SEO-Marrakech-Safi-Chichaoua-Ben-Guerir-Settat-1024x1024.png 1024w, https:\/\/yestothenet.com\/wp-content\/uploads\/2023\/10\/SEO-Marrakech-Safi-Chichaoua-Ben-Guerir-Settat-150x150.png 150w, https:\/\/yestothenet.com\/wp-content\/uploads\/2023\/10\/SEO-Marrakech-Safi-Chichaoua-Ben-Guerir-Settat-720x720.png 720w, https:\/\/yestothenet.com\/wp-content\/uploads\/2023\/10\/SEO-Marrakech-Safi-Chichaoua-Ben-Guerir-Settat-600x600.png 600w, https:\/\/yestothenet.com\/wp-content\/uploads\/2023\/10\/SEO-Marrakech-Safi-Chichaoua-Ben-Guerir-Settat.png 1200w\" sizes=\"(max-width: 768px) 100vw, 768px\" \/>\t\t\t\t\t\t\t\t\t\t\t\t\t<\/div>\n\t\t\t\t<\/div>\n\t\t\t\t\t<\/div>\n\t\t<\/div>\n\t\t\t\t\t<\/div>\n\t\t<\/section>\n\t\t\t\t<\/div>","protected":false},"excerpt":{"rendered":"<p>YES TO THE NET \u2013 Votre agence SEO Marrakech, Safi, Chichaoua, Ben Guerir, Settat Vous souhaitez am\u00e9liorer votre visibilit\u00e9 en ligne\u00a0? Votre agence de communication YES TO THE NET Met en place une strat\u00e9gie SEO Marrakech, Safi, Chichaoua, Ben Guerir, Settat efficace et innovante afin d\u2019am\u00e9liorer votre visibilit\u00e9 sur Google. Notre agence de communication met [&hellip;]<\/p>","protected":false},"author":1,"featured_media":0,"parent":0,"menu_order":0,"comment_status":"closed","ping_status":"closed","template":"","meta":{"footnotes":""},"class_list":["post-5856","page","type-page","status-publish","hentry"],"yoast_head":"<!-- This site is optimized with the Yoast SEO plugin v23.6 - https:\/\/yoast.com\/wordpress\/plugins\/seo\/ -->\n<title>SEO Marrakech, Safi, Chichaoua, Ben Guerir, Settat<\/title>\n<meta name=\"description\" content=\"Besoin d\u2019une agence SEO Marrakech, Safi, Chichaoua, Ben Guerir, Settat pour am\u00e9liorer votre visibilit\u00e9 ? Contactez YES TO THE NET.\" \/>\n<meta name=\"robots\" content=\"index, follow, max-snippet:-1, max-image-preview:large, max-video-preview:-1\" \/>\n<link rel=\"canonical\" href=\"https:\/\/yestothenet.com\/es\/seo-marrakech-safi-chichaoua-ben-guerir-settat\/\" \/>\n<meta property=\"og:locale\" content=\"es_ES\" \/>\n<meta property=\"og:type\" content=\"article\" \/>\n<meta property=\"og:title\" content=\"SEO Marrakech, Safi, Chichaoua, Ben Guerir, Settat\" \/>\n<meta property=\"og:description\" content=\"Besoin d\u2019une agence SEO Marrakech, Safi, Chichaoua, Ben Guerir, Settat pour am\u00e9liorer votre visibilit\u00e9 ? Contactez YES TO THE NET.\" \/>\n<meta property=\"og:url\" content=\"https:\/\/yestothenet.com\/es\/seo-marrakech-safi-chichaoua-ben-guerir-settat\/\" \/>\n<meta property=\"og:site_name\" content=\"Yes To The Net\" \/>\n<meta property=\"article:publisher\" content=\"https:\/\/www.instagram.com\/yestothenet\/\" \/>\n<meta property=\"article:modified_time\" content=\"2023-12-20T15:42:11+00:00\" \/>\n<meta property=\"og:image\" content=\"https:\/\/yestothenet.com\/wp-content\/uploads\/2023\/10\/SEO-Marrakech-Safi-Chichaoua-Ben-Guerir-Settat-2.png\" \/>\n<meta name=\"twitter:card\" content=\"summary_large_image\" \/>\n<meta name=\"twitter:label1\" content=\"Tiempo de lectura\" \/>\n\t<meta name=\"twitter:data1\" content=\"3 minutos\" \/>\n<script type=\"application\/ld+json\" class=\"yoast-schema-graph\">{\"@context\":\"https:\/\/schema.org\",\"@graph\":[{\"@type\":\"WebPage\",\"@id\":\"https:\/\/yestothenet.com\/seo-marrakech-safi-chichaoua-ben-guerir-settat\/\",\"url\":\"https:\/\/yestothenet.com\/seo-marrakech-safi-chichaoua-ben-guerir-settat\/\",\"name\":\"SEO Marrakech, Safi, Chichaoua, Ben Guerir, Settat\",\"isPartOf\":{\"@id\":\"https:\/\/yestothenet.com\/#website\"},\"primaryImageOfPage\":{\"@id\":\"https:\/\/yestothenet.com\/seo-marrakech-safi-chichaoua-ben-guerir-settat\/#primaryimage\"},\"image\":{\"@id\":\"https:\/\/yestothenet.com\/seo-marrakech-safi-chichaoua-ben-guerir-settat\/#primaryimage\"},\"thumbnailUrl\":\"https:\/\/yestothenet.com\/wp-content\/uploads\/2023\/10\/SEO-Marrakech-Safi-Chichaoua-Ben-Guerir-Settat-2.png\",\"datePublished\":\"2023-10-05T09:24:01+00:00\",\"dateModified\":\"2023-12-20T15:42:11+00:00\",\"description\":\"Besoin d\u2019une agence SEO Marrakech, Safi, Chichaoua, Ben Guerir, Settat pour am\u00e9liorer votre visibilit\u00e9 ? Contactez YES TO THE NET.\",\"breadcrumb\":{\"@id\":\"https:\/\/yestothenet.com\/seo-marrakech-safi-chichaoua-ben-guerir-settat\/#breadcrumb\"},\"inLanguage\":\"es\",\"potentialAction\":[{\"@type\":\"ReadAction\",\"target\":[\"https:\/\/yestothenet.com\/seo-marrakech-safi-chichaoua-ben-guerir-settat\/\"]}]},{\"@type\":\"ImageObject\",\"inLanguage\":\"es\",\"@id\":\"https:\/\/yestothenet.com\/seo-marrakech-safi-chichaoua-ben-guerir-settat\/#primaryimage\",\"url\":\"https:\/\/yestothenet.com\/wp-content\/uploads\/2023\/10\/SEO-Marrakech-Safi-Chichaoua-Ben-Guerir-Settat-2.png\",\"contentUrl\":\"https:\/\/yestothenet.com\/wp-content\/uploads\/2023\/10\/SEO-Marrakech-Safi-Chichaoua-Ben-Guerir-Settat-2.png\"},{\"@type\":\"BreadcrumbList\",\"@id\":\"https:\/\/yestothenet.com\/seo-marrakech-safi-chichaoua-ben-guerir-settat\/#breadcrumb\",\"itemListElement\":[{\"@type\":\"ListItem\",\"position\":1,\"name\":\"Accueil\",\"item\":\"https:\/\/yestothenet.com\/\"},{\"@type\":\"ListItem\",\"position\":2,\"name\":\"&#8230; SEO Marrakech, Safi, Chichaoua, Ben Guerir, Settat\"}]},{\"@type\":\"WebSite\",\"@id\":\"https:\/\/yestothenet.com\/#website\",\"url\":\"https:\/\/yestothenet.com\/\",\"name\":\"YES TO THE NET\",\"description\":\"Votre agence de communication \u00e0 Marrakech\",\"publisher\":{\"@id\":\"https:\/\/yestothenet.com\/#organization\"},\"potentialAction\":[{\"@type\":\"SearchAction\",\"target\":{\"@type\":\"EntryPoint\",\"urlTemplate\":\"https:\/\/yestothenet.com\/?s={search_term_string}\"},\"query-input\":{\"@type\":\"PropertyValueSpecification\",\"valueRequired\":true,\"valueName\":\"search_term_string\"}}],\"inLanguage\":\"es\"},{\"@type\":\"Organization\",\"@id\":\"https:\/\/yestothenet.com\/#organization\",\"name\":\"YES TO THE NET\",\"url\":\"https:\/\/yestothenet.com\/\",\"logo\":{\"@type\":\"ImageObject\",\"inLanguage\":\"es\",\"@id\":\"https:\/\/yestothenet.com\/#\/schema\/logo\/image\/\",\"url\":\"https:\/\/yestothenet.com\/wp-content\/uploads\/2024\/02\/cropped-YES_THE_TO_NET-removebg-preview.png\",\"contentUrl\":\"https:\/\/yestothenet.com\/wp-content\/uploads\/2024\/02\/cropped-YES_THE_TO_NET-removebg-preview.png\",\"width\":512,\"height\":512,\"caption\":\"YES TO THE NET\"},\"image\":{\"@id\":\"https:\/\/yestothenet.com\/#\/schema\/logo\/image\/\"},\"sameAs\":[\"https:\/\/www.instagram.com\/yestothenet\/\"]}]}<\/script>\n<!-- \/ Yoast SEO plugin. -->","yoast_head_json":{"title":"SEO Marrakech, Safi, Chichaoua, Ben Guerir, Settat","description":"Besoin d\u2019une agence SEO Marrakech, Safi, Chichaoua, Ben Guerir, Settat pour am\u00e9liorer votre visibilit\u00e9 ? Contactez YES TO THE NET.","robots":{"index":"index","follow":"follow","max-snippet":"max-snippet:-1","max-image-preview":"max-image-preview:large","max-video-preview":"max-video-preview:-1"},"canonical":"https:\/\/yestothenet.com\/es\/seo-marrakech-safi-chichaoua-ben-guerir-settat\/","og_locale":"es_ES","og_type":"article","og_title":"SEO Marrakech, Safi, Chichaoua, Ben Guerir, Settat","og_description":"Besoin d\u2019une agence SEO Marrakech, Safi, Chichaoua, Ben Guerir, Settat pour am\u00e9liorer votre visibilit\u00e9 ? Contactez YES TO THE NET.","og_url":"https:\/\/yestothenet.com\/es\/seo-marrakech-safi-chichaoua-ben-guerir-settat\/","og_site_name":"Yes To The Net","article_publisher":"https:\/\/www.instagram.com\/yestothenet\/","article_modified_time":"2023-12-20T15:42:11+00:00","og_image":[{"url":"https:\/\/yestothenet.com\/wp-content\/uploads\/2023\/10\/SEO-Marrakech-Safi-Chichaoua-Ben-Guerir-Settat-2.png"}],"twitter_card":"summary_large_image","twitter_misc":{"Tiempo de lectura":"3 minutos"},"schema":{"@context":"https:\/\/schema.org","@graph":[{"@type":"WebPage","@id":"https:\/\/yestothenet.com\/seo-marrakech-safi-chichaoua-ben-guerir-settat\/","url":"https:\/\/yestothenet.com\/seo-marrakech-safi-chichaoua-ben-guerir-settat\/","name":"SEO Marrakech, Safi, Chichaoua, Ben Guerir, Settat","isPartOf":{"@id":"https:\/\/yestothenet.com\/#website"},"primaryImageOfPage":{"@id":"https:\/\/yestothenet.com\/seo-marrakech-safi-chichaoua-ben-guerir-settat\/#primaryimage"},"image":{"@id":"https:\/\/yestothenet.com\/seo-marrakech-safi-chichaoua-ben-guerir-settat\/#primaryimage"},"thumbnailUrl":"https:\/\/yestothenet.com\/wp-content\/uploads\/2023\/10\/SEO-Marrakech-Safi-Chichaoua-Ben-Guerir-Settat-2.png","datePublished":"2023-10-05T09:24:01+00:00","dateModified":"2023-12-20T15:42:11+00:00","description":"Besoin d\u2019une agence SEO Marrakech, Safi, Chichaoua, Ben Guerir, Settat pour am\u00e9liorer votre visibilit\u00e9 ? Contactez YES TO THE NET.","breadcrumb":{"@id":"https:\/\/yestothenet.com\/seo-marrakech-safi-chichaoua-ben-guerir-settat\/#breadcrumb"},"inLanguage":"es","potentialAction":[{"@type":"ReadAction","target":["https:\/\/yestothenet.com\/seo-marrakech-safi-chichaoua-ben-guerir-settat\/"]}]},{"@type":"ImageObject","inLanguage":"es","@id":"https:\/\/yestothenet.com\/seo-marrakech-safi-chichaoua-ben-guerir-settat\/#primaryimage","url":"https:\/\/yestothenet.com\/wp-content\/uploads\/2023\/10\/SEO-Marrakech-Safi-Chichaoua-Ben-Guerir-Settat-2.png","contentUrl":"https:\/\/yestothenet.com\/wp-content\/uploads\/2023\/10\/SEO-Marrakech-Safi-Chichaoua-Ben-Guerir-Settat-2.png"},{"@type":"BreadcrumbList","@id":"https:\/\/yestothenet.com\/seo-marrakech-safi-chichaoua-ben-guerir-settat\/#breadcrumb","itemListElement":[{"@type":"ListItem","position":1,"name":"Accueil","item":"https:\/\/yestothenet.com\/"},{"@type":"ListItem","position":2,"name":"&#8230; SEO Marrakech, Safi, Chichaoua, Ben Guerir, Settat"}]},{"@type":"WebSite","@id":"https:\/\/yestothenet.com\/#website","url":"https:\/\/yestothenet.com\/","name":"YES TO THE NET","description":"Votre agence de communication \u00e0 Marrakech","publisher":{"@id":"https:\/\/yestothenet.com\/#organization"},"potentialAction":[{"@type":"SearchAction","target":{"@type":"EntryPoint","urlTemplate":"https:\/\/yestothenet.com\/?s={search_term_string}"},"query-input":{"@type":"PropertyValueSpecification","valueRequired":true,"valueName":"search_term_string"}}],"inLanguage":"es"},{"@type":"Organization","@id":"https:\/\/yestothenet.com\/#organization","name":"YES TO THE NET","url":"https:\/\/yestothenet.com\/","logo":{"@type":"ImageObject","inLanguage":"es","@id":"https:\/\/yestothenet.com\/#\/schema\/logo\/image\/","url":"https:\/\/yestothenet.com\/wp-content\/uploads\/2024\/02\/cropped-YES_THE_TO_NET-removebg-preview.png","contentUrl":"https:\/\/yestothenet.com\/wp-content\/uploads\/2024\/02\/cropped-YES_THE_TO_NET-removebg-preview.png","width":512,"height":512,"caption":"YES TO THE NET"},"image":{"@id":"https:\/\/yestothenet.com\/#\/schema\/logo\/image\/"},"sameAs":["https:\/\/www.instagram.com\/yestothenet\/"]}]}},"_links":{"self":[{"href":"https:\/\/yestothenet.com\/es\/wp-json\/wp\/v2\/pages\/5856","targetHints":{"allow":["GET"]}}],"collection":[{"href":"https:\/\/yestothenet.com\/es\/wp-json\/wp\/v2\/pages"}],"about":[{"href":"https:\/\/yestothenet.com\/es\/wp-json\/wp\/v2\/types\/page"}],"author":[{"embeddable":true,"href":"https:\/\/yestothenet.com\/es\/wp-json\/wp\/v2\/users\/1"}],"replies":[{"embeddable":true,"href":"https:\/\/yestothenet.com\/es\/wp-json\/wp\/v2\/comments?post=5856"}],"version-history":[{"count":8,"href":"https:\/\/yestothenet.com\/es\/wp-json\/wp\/v2\/pages\/5856\/revisions"}],"predecessor-version":[{"id":6803,"href":"https:\/\/yestothenet.com\/es\/wp-json\/wp\/v2\/pages\/5856\/revisions\/6803"}],"wp:attachment":[{"href":"https:\/\/yestothenet.com\/es\/wp-json\/wp\/v2\/media?parent=5856"}],"curies":[{"name":"wp","href":"https:\/\/api.w.org\/{rel}","templated":true}]}}