{"id":5474,"date":"2023-09-01T13:43:48","date_gmt":"2023-09-01T11:43:48","guid":{"rendered":"http:\/\/yestothenet.com\/?page_id=5474"},"modified":"2024-09-24T13:55:09","modified_gmt":"2024-09-24T11:55:09","slug":"plan-de-site","status":"publish","type":"page","link":"https:\/\/yestothenet.com\/es\/mapa-del-sitio\/","title":{"rendered":"Mapa del sitio"},"content":{"rendered":"<div data-elementor-type=\"wp-page\" data-elementor-id=\"5474\" class=\"elementor elementor-5474\" data-elementor-post-type=\"page\">\n\t\t\t\t\t\t<section class=\"elementor-section elementor-top-section elementor-element elementor-element-138251b ot-traditional elementor-section-boxed elementor-section-height-default elementor-section-height-default\" data-id=\"138251b\" data-element_type=\"section\">\n\t\t\t\t\t\t<div class=\"elementor-container elementor-column-gap-default\">\n\t\t\t\t\t<div class=\"elementor-column elementor-col-100 elementor-top-column elementor-element elementor-element-1b04217 ot-flex-column-vertical\" data-id=\"1b04217\" data-element_type=\"column\">\n\t\t\t<div class=\"elementor-widget-wrap elementor-element-populated\">\n\t\t\t\t\t\t<section class=\"elementor-section elementor-inner-section elementor-element elementor-element-ff8267e elementor-section-full_width elementor-section-content-bottom ot-traditional elementor-section-height-default elementor-section-height-default\" data-id=\"ff8267e\" data-element_type=\"section\" data-settings=\"{&quot;background_background&quot;:&quot;classic&quot;}\">\n\t\t\t\t\t\t\t<div class=\"elementor-background-overlay\"><\/div>\n\t\t\t\t\t\t\t<div class=\"elementor-container elementor-column-gap-extended\">\n\t\t\t\t\t<div class=\"elementor-column elementor-col-50 elementor-inner-column elementor-element elementor-element-9e0fbef ot-flex-column-vertical\" data-id=\"9e0fbef\" data-element_type=\"column\">\n\t\t\t<div class=\"elementor-widget-wrap elementor-element-populated\">\n\t\t\t\t\t\t<div class=\"elementor-element elementor-element-875a79c elementor-widget elementor-widget-iheading\" data-id=\"875a79c\" data-element_type=\"widget\" data-widget_type=\"iheading.default\">\n\t\t\t\t<div class=\"elementor-widget-container\">\n\t\t\t\t\t<div class=\"ot-heading\">\r\n\t        <h1 class=\"main-heading\">Mapa del sitio:<\/h1>\t    <\/div>\r\n\t    \t\t<\/div>\n\t\t\t\t<\/div>\n\t\t\t\t\t<\/div>\n\t\t<\/div>\n\t\t\t\t<div class=\"elementor-column elementor-col-50 elementor-inner-column elementor-element elementor-element-3a82f24 ot-flex-column-vertical\" data-id=\"3a82f24\" data-element_type=\"column\">\n\t\t\t<div class=\"elementor-widget-wrap\">\n\t\t\t\t\t\t\t<\/div>\n\t\t<\/div>\n\t\t\t\t\t<\/div>\n\t\t<\/section>\n\t\t\t\t\t<\/div>\n\t\t<\/div>\n\t\t\t\t\t<\/div>\n\t\t<\/section>\n\t\t\t\t<section class=\"elementor-section elementor-top-section elementor-element elementor-element-998542c ot-traditional elementor-section-boxed elementor-section-height-default elementor-section-height-default\" data-id=\"998542c\" data-element_type=\"section\">\n\t\t\t\t\t\t<div class=\"elementor-container elementor-column-gap-default\">\n\t\t\t\t\t<div class=\"elementor-column elementor-col-100 elementor-top-column elementor-element elementor-element-0717c0a ot-flex-column-vertical\" data-id=\"0717c0a\" data-element_type=\"column\">\n\t\t\t<div class=\"elementor-widget-wrap elementor-element-populated\">\n\t\t\t\t\t\t<div class=\"elementor-element elementor-element-0f469e1 elementor-widget elementor-widget-text-editor\" data-id=\"0f469e1\" data-element_type=\"widget\" data-widget_type=\"text-editor.default\">\n\t\t\t\t<div class=\"elementor-widget-container\">\n\t\t\t\t\t\t\t<h2>PAG<span style=\"color: #000000;\">siglos:<\/span><\/h2><ul class=\"wsp-pages-list\"><li class=\"page_item page-item-2451\"><strong><span style=\"color: #000000;\"><a style=\"color: #000000;\" href=\"https:\/\/yestothenet.com\/es\">bienvenido<\/a><\/span><\/strong><\/li><li class=\"page_item page-item-5103\"><strong><span style=\"color: #000000;\"><a style=\"color: #000000;\" href=\"https:\/\/yestothenet.com\/es\/agencia-web-en-marrakech\/\">Agencia<\/a><\/span><\/strong><\/li><li class=\"page_item page-item-6031\"><span style=\"color: #000000;\"><strong>Servicios<\/strong>\u00a0<\/span><br \/><ul class=\"wsp-pages-list\"><li><span style=\"color: #000000;\"><a style=\"color: #000000;\" href=\"https:\/\/yestothenet.com\/es\/creacion-de-sitios-web\/\">Sitio web<\/a><\/span><\/li><li><span style=\"color: #000000;\"><a style=\"color: #000000;\" href=\"https:\/\/yestothenet.com\/es\/estrategias-de-marketing\/\">Estrategias de marketing<\/a><\/span><\/li><li class=\"page_item page-item-6468\"><span style=\"color: #000000;\"><a style=\"color: #000000;\" href=\"https:\/\/yestothenet.com\/es\/creacion-de-aplicaciones-moviles\/\">Creaci\u00f3n de aplicaciones m\u00f3viles<\/a><\/span><\/li><li class=\"page_item page-item-6441\"><span style=\"color: #000000;\"><a style=\"color: #000000;\" href=\"https:\/\/yestothenet.com\/es\/creacion-de-aplicaciones-web\/\">Creaci\u00f3n de aplicaciones web<\/a><\/span><\/li><li><span style=\"color: #000000;\"><a style=\"color: #000000;\" href=\"https:\/\/yestothenet.com\/es\/referenciamiento-seo-natural\/\">Referenciaci\u00f3n SEO natural<\/a><\/span><\/li><li><span style=\"color: #000000;\"><a style=\"color: #000000;\" href=\"https:\/\/yestothenet.com\/es\/seo-sea-pagado\/\">Referencias pagadas de SEA<\/a><\/span><\/li><li><span style=\"color: #000000;\"><a style=\"color: #000000;\" href=\"https:\/\/yestothenet.com\/es\/diseno-grafico\/\">Dise\u00f1o gr\u00e1fico<\/a><\/span><\/li><li><span style=\"color: #000000;\"><a style=\"color: #000000;\" href=\"https:\/\/yestothenet.com\/es\/gestion-comunitaria\/\">Gesti\u00f3n comunitaria<\/a><\/span><\/li><\/ul><\/li><li><strong><span style=\"color: #000000;\">Servicios de subcontrataci\u00f3n<\/span><\/strong><br \/><ul class=\"wsp-pages-list\"><li><span style=\"color: #000000;\"><a style=\"color: #000000;\" href=\"https:\/\/yestothenet.com\/es\/subcontratacion-de-ti\/\">Subcontrataci\u00f3n<\/a><\/span><\/li><li><span style=\"color: #000000;\"><a style=\"color: #000000;\" href=\"https:\/\/yestothenet.com\/es\/agencia-web-offshore-en-marruecos\/\">Agencia web offshore en Marruecos<\/a><\/span><br \/><ul class=\"wsp-pages-list\"><li class=\"page_item page-item-7810\"><span style=\"color: #008080;\"><a style=\"color: #008080;\" href=\"https:\/\/yestothenet.com\/es\/creacion-de-aplicaciones-moviles-offshore\/\">Creaci\u00f3n de aplicaciones m\u00f3viles offshore<\/a><\/span><\/li><li class=\"page_item page-item-7773\"><span style=\"color: #008080;\"><a style=\"color: #008080;\" href=\"https:\/\/yestothenet.com\/es\/creacion-de-aplicaciones-web-offshore\/\">Creaci\u00f3n de aplicaciones web offshore<\/a><\/span><\/li><li><span style=\"color: #008080;\"><a style=\"color: #008080;\" href=\"https:\/\/yestothenet.com\/es\/referenciacion-natural-seo-offshore\/\">Referenciaci\u00f3n natural SEO offshore<\/a><\/span><\/li><li class=\"page_item page-item-7835\"><span style=\"color: #008080;\"><a style=\"color: #008080;\" href=\"https:\/\/yestothenet.com\/es\/creacion-de-sitios-web-offshore\/\">Creaci\u00f3n de sitios web offshore<\/a><\/span><\/li><\/ul><\/li><li><span style=\"color: #000000;\"><a style=\"color: #000000;\" href=\"https:\/\/yestothenet.com\/es\/agencia-web-nearshore-en-marruecos\/\">Agencia web Nearshore Morocco<\/a><\/span><\/li><\/ul><\/li><li><strong><span style=\"color: #000000;\"><a style=\"color: #000000;\" href=\"https:\/\/yestothenet.com\/es\/referencias\/\">Referencias<\/a><\/span><\/strong><br \/><ul class=\"wsp-pages-list\"><li class=\"page_item page-item-6733\"><span style=\"color: #000000;\"><a style=\"color: #000000;\" href=\"https:\/\/yestothenet.com\/es\/referencia-de-alcon\/\">Referencia ALCON<\/a><\/span><\/li><li class=\"page_item page-item-6633\"><span style=\"color: #000000;\"><a style=\"color: #000000;\" href=\"https:\/\/yestothenet.com\/es\/referencia-assilor-varilux\/\">referencia ASSILOR \u2013 VARILUX<\/a><\/span><\/li><li class=\"page_item page-item-6668\"><span style=\"color: #000000;\"><a style=\"color: #000000;\" href=\"https:\/\/yestothenet.com\/es\/referencia-de-auchan\/\">Referencia de AUCHAN<\/a><\/span><\/li><li class=\"page_item page-item-6710\"><span style=\"color: #000000;\"><a style=\"color: #000000;\" href=\"https:\/\/yestothenet.com\/es\/referencia-cged\/\">Referencia CGED<\/a><\/span><\/li><li class=\"page_item page-item-6745\"><span style=\"color: #000000;\"><a style=\"color: #000000;\" href=\"https:\/\/yestothenet.com\/es\/referencia-criptopatrimonial\/\">Referencia CRIPTOPATRIMONIAL<\/a><\/span><\/li><li class=\"page_item page-item-6722\"><span style=\"color: #000000;\"><a style=\"color: #000000;\" href=\"https:\/\/yestothenet.com\/es\/reference-e-leclerc\/\">Referencia de E. Leclerc<\/a><\/span><\/li><li class=\"page_item page-item-6648\"><span style=\"color: #000000;\"><a style=\"color: #000000;\" href=\"https:\/\/yestothenet.com\/es\/referencia-mnh\/\">Referencia MNH<\/a><\/span><\/li><li class=\"page_item page-item-6236\"><span style=\"color: #000000;\"><a style=\"color: #000000;\" href=\"https:\/\/yestothenet.com\/es\/referencia-de-nike\/\">Referencia de Nike<\/a><\/span><\/li><li class=\"page_item page-item-6699\"><span style=\"color: #000000;\"><a style=\"color: #000000;\" href=\"https:\/\/yestothenet.com\/es\/referencia-de-panofrance\/\">Referencia de PanoFrance<\/a><\/span><\/li><\/ul><\/li><li class=\"page_item page-item-7447\"><strong><span style=\"color: #000000;\"><a style=\"color: #000000;\" href=\"https:\/\/yestothenet.com\/es\/blog\/\">Blog<\/a><\/span><\/strong><\/li><li class=\"page_item page-item-5233\"><strong><span style=\"color: #000000;\"><a style=\"color: #000000;\" href=\"https:\/\/yestothenet.com\/es\/contacto\/\">Contacto<\/a><\/span><\/strong><\/li><li><span style=\"color: #000000;\"><strong><a style=\"color: #000000;\" href=\"https:\/\/yestothenet.com\/es\/plan-site\/\">Mapa del sitio<\/a><\/strong><\/span><\/li><\/ul>\t\t\t\t\t\t<\/div>\n\t\t\t\t<\/div>\n\t\t\t\t\t<\/div>\n\t\t<\/div>\n\t\t\t\t\t<\/div>\n\t\t<\/section>\n\t\t\t\t<\/div>","protected":false},"excerpt":{"rendered":"<p>Plan de site : Pages : accueil Agence Services\u00a0 Site web Strat\u00e9gies marketing Cr\u00e9ation application Mobile Cr\u00e9ation application Web R\u00e9f\u00e9rencement Naturel SEO R\u00e9f\u00e9rencement Payant SEA Conception graphique Community management Services Outsourcing Outsourcing Agence web offshore Maroc Cr\u00e9ation d\u2019application mobile offshore Cr\u00e9ation d\u2019application web offshore R\u00e9f\u00e9rencement naturel SEO Offshore Cr\u00e9ation site web Offshore Agence web Nearshore [&hellip;]<\/p>","protected":false},"author":1,"featured_media":0,"parent":0,"menu_order":0,"comment_status":"closed","ping_status":"closed","template":"","meta":{"footnotes":""},"class_list":["post-5474","page","type-page","status-publish","hentry"],"yoast_head":"<!-- This site is optimized with the Yoast SEO plugin v23.6 - https:\/\/yoast.com\/wordpress\/plugins\/seo\/ -->\n<title>Plan de site - Yes To The Net<\/title>\n<meta name=\"robots\" content=\"index, follow, max-snippet:-1, max-image-preview:large, max-video-preview:-1\" \/>\n<link rel=\"canonical\" href=\"https:\/\/yestothenet.com\/es\/mapa-del-sitio\/\" \/>\n<meta property=\"og:locale\" content=\"es_ES\" \/>\n<meta property=\"og:type\" content=\"article\" \/>\n<meta property=\"og:title\" content=\"Plan de site - Yes To The Net\" \/>\n<meta property=\"og:description\" content=\"Plan de site : Pages : accueil Agence Services\u00a0 Site web Strat\u00e9gies marketing Cr\u00e9ation application Mobile Cr\u00e9ation application Web R\u00e9f\u00e9rencement Naturel SEO R\u00e9f\u00e9rencement Payant SEA Conception graphique Community management Services Outsourcing Outsourcing Agence web offshore Maroc Cr\u00e9ation d\u2019application mobile offshore Cr\u00e9ation d\u2019application web offshore R\u00e9f\u00e9rencement naturel SEO Offshore Cr\u00e9ation site web Offshore Agence web Nearshore [&hellip;]\" \/>\n<meta property=\"og:url\" content=\"https:\/\/yestothenet.com\/es\/mapa-del-sitio\/\" \/>\n<meta property=\"og:site_name\" content=\"Yes To The Net\" \/>\n<meta property=\"article:publisher\" content=\"https:\/\/www.instagram.com\/yestothenet\/\" \/>\n<meta property=\"article:modified_time\" content=\"2024-09-24T11:55:09+00:00\" \/>\n<meta property=\"og:image\" content=\"https:\/\/yestothenet.com\/wp-content\/uploads\/2020\/09\/YES-THE-TO-NET-1.jpeg\" \/>\n\t<meta property=\"og:image:width\" content=\"1280\" \/>\n\t<meta property=\"og:image:height\" content=\"536\" \/>\n\t<meta property=\"og:image:type\" content=\"image\/jpeg\" \/>\n<meta name=\"twitter:card\" content=\"summary_large_image\" \/>\n<meta name=\"twitter:label1\" content=\"Tiempo de lectura\" \/>\n\t<meta name=\"twitter:data1\" content=\"1 minuto\" \/>\n<script type=\"application\/ld+json\" class=\"yoast-schema-graph\">{\"@context\":\"https:\/\/schema.org\",\"@graph\":[{\"@type\":\"WebPage\",\"@id\":\"https:\/\/yestothenet.com\/plan-de-site\/\",\"url\":\"https:\/\/yestothenet.com\/plan-de-site\/\",\"name\":\"Plan de site - Yes To The Net\",\"isPartOf\":{\"@id\":\"https:\/\/yestothenet.com\/#website\"},\"datePublished\":\"2023-09-01T11:43:48+00:00\",\"dateModified\":\"2024-09-24T11:55:09+00:00\",\"breadcrumb\":{\"@id\":\"https:\/\/yestothenet.com\/plan-de-site\/#breadcrumb\"},\"inLanguage\":\"es\",\"potentialAction\":[{\"@type\":\"ReadAction\",\"target\":[\"https:\/\/yestothenet.com\/plan-de-site\/\"]}]},{\"@type\":\"BreadcrumbList\",\"@id\":\"https:\/\/yestothenet.com\/plan-de-site\/#breadcrumb\",\"itemListElement\":[{\"@type\":\"ListItem\",\"position\":1,\"name\":\"Accueil\",\"item\":\"https:\/\/yestothenet.com\/\"},{\"@type\":\"ListItem\",\"position\":2,\"name\":\"Plan de site\"}]},{\"@type\":\"WebSite\",\"@id\":\"https:\/\/yestothenet.com\/#website\",\"url\":\"https:\/\/yestothenet.com\/\",\"name\":\"YES TO THE NET\",\"description\":\"Votre agence de communication \u00e0 Marrakech\",\"publisher\":{\"@id\":\"https:\/\/yestothenet.com\/#organization\"},\"potentialAction\":[{\"@type\":\"SearchAction\",\"target\":{\"@type\":\"EntryPoint\",\"urlTemplate\":\"https:\/\/yestothenet.com\/?s={search_term_string}\"},\"query-input\":{\"@type\":\"PropertyValueSpecification\",\"valueRequired\":true,\"valueName\":\"search_term_string\"}}],\"inLanguage\":\"es\"},{\"@type\":\"Organization\",\"@id\":\"https:\/\/yestothenet.com\/#organization\",\"name\":\"YES TO THE NET\",\"url\":\"https:\/\/yestothenet.com\/\",\"logo\":{\"@type\":\"ImageObject\",\"inLanguage\":\"es\",\"@id\":\"https:\/\/yestothenet.com\/#\/schema\/logo\/image\/\",\"url\":\"https:\/\/yestothenet.com\/wp-content\/uploads\/2024\/02\/cropped-YES_THE_TO_NET-removebg-preview.png\",\"contentUrl\":\"https:\/\/yestothenet.com\/wp-content\/uploads\/2024\/02\/cropped-YES_THE_TO_NET-removebg-preview.png\",\"width\":512,\"height\":512,\"caption\":\"YES TO THE NET\"},\"image\":{\"@id\":\"https:\/\/yestothenet.com\/#\/schema\/logo\/image\/\"},\"sameAs\":[\"https:\/\/www.instagram.com\/yestothenet\/\"]}]}<\/script>\n<!-- \/ Yoast SEO plugin. -->","yoast_head_json":{"title":"Plan de site - Yes To The Net","robots":{"index":"index","follow":"follow","max-snippet":"max-snippet:-1","max-image-preview":"max-image-preview:large","max-video-preview":"max-video-preview:-1"},"canonical":"https:\/\/yestothenet.com\/es\/mapa-del-sitio\/","og_locale":"es_ES","og_type":"article","og_title":"Plan de site - Yes To The Net","og_description":"Plan de site : Pages : accueil Agence Services\u00a0 Site web Strat\u00e9gies marketing Cr\u00e9ation application Mobile Cr\u00e9ation application Web R\u00e9f\u00e9rencement Naturel SEO R\u00e9f\u00e9rencement Payant SEA Conception graphique Community management Services Outsourcing Outsourcing Agence web offshore Maroc Cr\u00e9ation d\u2019application mobile offshore Cr\u00e9ation d\u2019application web offshore R\u00e9f\u00e9rencement naturel SEO Offshore Cr\u00e9ation site web Offshore Agence web Nearshore [&hellip;]","og_url":"https:\/\/yestothenet.com\/es\/mapa-del-sitio\/","og_site_name":"Yes To The Net","article_publisher":"https:\/\/www.instagram.com\/yestothenet\/","article_modified_time":"2024-09-24T11:55:09+00:00","og_image":[{"width":1280,"height":536,"url":"https:\/\/yestothenet.com\/wp-content\/uploads\/2020\/09\/YES-THE-TO-NET-1.jpeg","type":"image\/jpeg"}],"twitter_card":"summary_large_image","twitter_misc":{"Tiempo de lectura":"1 minuto"},"schema":{"@context":"https:\/\/schema.org","@graph":[{"@type":"WebPage","@id":"https:\/\/yestothenet.com\/plan-de-site\/","url":"https:\/\/yestothenet.com\/plan-de-site\/","name":"Plan de site - Yes To The Net","isPartOf":{"@id":"https:\/\/yestothenet.com\/#website"},"datePublished":"2023-09-01T11:43:48+00:00","dateModified":"2024-09-24T11:55:09+00:00","breadcrumb":{"@id":"https:\/\/yestothenet.com\/plan-de-site\/#breadcrumb"},"inLanguage":"es","potentialAction":[{"@type":"ReadAction","target":["https:\/\/yestothenet.com\/plan-de-site\/"]}]},{"@type":"BreadcrumbList","@id":"https:\/\/yestothenet.com\/plan-de-site\/#breadcrumb","itemListElement":[{"@type":"ListItem","position":1,"name":"Accueil","item":"https:\/\/yestothenet.com\/"},{"@type":"ListItem","position":2,"name":"Plan de site"}]},{"@type":"WebSite","@id":"https:\/\/yestothenet.com\/#website","url":"https:\/\/yestothenet.com\/","name":"YES TO THE NET","description":"Votre agence de communication \u00e0 Marrakech","publisher":{"@id":"https:\/\/yestothenet.com\/#organization"},"potentialAction":[{"@type":"SearchAction","target":{"@type":"EntryPoint","urlTemplate":"https:\/\/yestothenet.com\/?s={search_term_string}"},"query-input":{"@type":"PropertyValueSpecification","valueRequired":true,"valueName":"search_term_string"}}],"inLanguage":"es"},{"@type":"Organization","@id":"https:\/\/yestothenet.com\/#organization","name":"YES TO THE NET","url":"https:\/\/yestothenet.com\/","logo":{"@type":"ImageObject","inLanguage":"es","@id":"https:\/\/yestothenet.com\/#\/schema\/logo\/image\/","url":"https:\/\/yestothenet.com\/wp-content\/uploads\/2024\/02\/cropped-YES_THE_TO_NET-removebg-preview.png","contentUrl":"https:\/\/yestothenet.com\/wp-content\/uploads\/2024\/02\/cropped-YES_THE_TO_NET-removebg-preview.png","width":512,"height":512,"caption":"YES TO THE NET"},"image":{"@id":"https:\/\/yestothenet.com\/#\/schema\/logo\/image\/"},"sameAs":["https:\/\/www.instagram.com\/yestothenet\/"]}]}},"_links":{"self":[{"href":"https:\/\/yestothenet.com\/es\/wp-json\/wp\/v2\/pages\/5474","targetHints":{"allow":["GET"]}}],"collection":[{"href":"https:\/\/yestothenet.com\/es\/wp-json\/wp\/v2\/pages"}],"about":[{"href":"https:\/\/yestothenet.com\/es\/wp-json\/wp\/v2\/types\/page"}],"author":[{"embeddable":true,"href":"https:\/\/yestothenet.com\/es\/wp-json\/wp\/v2\/users\/1"}],"replies":[{"embeddable":true,"href":"https:\/\/yestothenet.com\/es\/wp-json\/wp\/v2\/comments?post=5474"}],"version-history":[{"count":109,"href":"https:\/\/yestothenet.com\/es\/wp-json\/wp\/v2\/pages\/5474\/revisions"}],"predecessor-version":[{"id":9081,"href":"https:\/\/yestothenet.com\/es\/wp-json\/wp\/v2\/pages\/5474\/revisions\/9081"}],"wp:attachment":[{"href":"https:\/\/yestothenet.com\/es\/wp-json\/wp\/v2\/media?parent=5474"}],"curies":[{"name":"wp","href":"https:\/\/api.w.org\/{rel}","templated":true}]}}