{"id":7687,"date":"2024-04-04T15:33:50","date_gmt":"2024-04-04T13:33:50","guid":{"rendered":"https:\/\/yestothenet.com\/?page_id=7687"},"modified":"2024-07-18T12:49:21","modified_gmt":"2024-07-18T10:49:21","slug":"referencement-naturel-seo-laayoune","status":"publish","type":"page","link":"https:\/\/yestothenet.com\/en\/natural-seo-referencing-laayoune\/","title":{"rendered":"\u2026 Natural SEO referencing Laayoune"},"content":{"rendered":"<div data-elementor-type=\"wp-page\" data-elementor-id=\"7687\" class=\"elementor elementor-7687\" data-elementor-post-type=\"page\">\n\t\t\t\t\t\t<section class=\"elementor-section elementor-top-section elementor-element elementor-element-2db1430 elementor-section-content-middle ot-traditional elementor-section-boxed elementor-section-height-default elementor-section-height-default\" data-id=\"2db1430\" data-element_type=\"section\">\n\t\t\t\t\t\t<div class=\"elementor-container elementor-column-gap-default\">\n\t\t\t\t\t<div class=\"elementor-column elementor-col-100 elementor-top-column elementor-element elementor-element-9ca7f6d ot-flex-column-vertical\" data-id=\"9ca7f6d\" data-element_type=\"column\">\n\t\t\t<div class=\"elementor-widget-wrap elementor-element-populated\">\n\t\t\t\t\t\t<section class=\"elementor-section elementor-inner-section elementor-element elementor-element-ae21701 elementor-section-content-top elementor-section-full_width ot-traditional elementor-section-height-default elementor-section-height-default\" data-id=\"ae21701\" data-element_type=\"section\">\n\t\t\t\t\t\t<div class=\"elementor-container elementor-column-gap-extended\">\n\t\t\t\t\t<div class=\"elementor-column elementor-col-50 elementor-inner-column elementor-element elementor-element-78f9ac9 ot-flex-column-vertical\" data-id=\"78f9ac9\" data-element_type=\"column\">\n\t\t\t<div class=\"elementor-widget-wrap elementor-element-populated\">\n\t\t\t\t\t\t<div class=\"elementor-element elementor-element-25eb330 elementor-widget elementor-widget-image\" data-id=\"25eb330\" data-element_type=\"widget\" data-widget_type=\"image.default\">\n\t\t\t\t<div class=\"elementor-widget-container\">\n\t\t\t\t\t\t\t\t\t\t\t\t\t<img fetchpriority=\"high\" decoding=\"async\" width=\"689\" height=\"362\" src=\"https:\/\/yestothenet.com\/wp-content\/uploads\/2024\/04\/Referencement-naturel-SEO-Laayoune-Dakhla.png\" class=\"attachment-large size-large wp-image-7690\" alt=\"Natural SEO referencing Laayoune\" srcset=\"https:\/\/yestothenet.com\/wp-content\/uploads\/2024\/04\/Referencement-naturel-SEO-Laayoune-Dakhla.png 689w, https:\/\/yestothenet.com\/wp-content\/uploads\/2024\/04\/Referencement-naturel-SEO-Laayoune-Dakhla-300x158.png 300w\" sizes=\"(max-width: 689px) 100vw, 689px\" \/>\t\t\t\t\t\t\t\t\t\t\t\t\t<\/div>\n\t\t\t\t<\/div>\n\t\t\t\t\t<\/div>\n\t\t<\/div>\n\t\t\t\t<div class=\"elementor-column elementor-col-50 elementor-inner-column elementor-element elementor-element-dce0f81 ot-flex-column-vertical\" data-id=\"dce0f81\" data-element_type=\"column\">\n\t\t\t<div class=\"elementor-widget-wrap elementor-element-populated\">\n\t\t\t\t\t\t<div class=\"elementor-element elementor-element-ea79d5e elementor-widget elementor-widget-iheading\" data-id=\"ea79d5e\" data-element_type=\"widget\" data-widget_type=\"iheading.default\">\n\t\t\t\t<div class=\"elementor-widget-container\">\n\t\t\t\t\t<div class=\"ot-heading\">\r\n\t        <h1 class=\"main-heading\">YES TO THE NET \u2013 Natural SEO referencing Laayoune<\/h1>\t    <\/div>\r\n\t    \t\t<\/div>\n\t\t\t\t<\/div>\n\t\t\t\t<div class=\"elementor-element elementor-element-734d7ce elementor-widget elementor-widget-text-editor\" data-id=\"734d7ce\" data-element_type=\"widget\" data-widget_type=\"text-editor.default\">\n\t\t\t\t<div class=\"elementor-widget-container\">\n\t\t\t\t\t\t\t<p>In a world where online presence is crucial for business success, the <strong>natural SEO Laayoune<\/strong>\u00a0becomes the fundamental pillar of any effective digital strategy. YES TO THE NET, your trusted partner in digital communication, offers solutions for <strong><a href=\"https:\/\/yestothenet.com\/en\/natural-seo-referencing\/\">natural SEO referencing<\/a> Laayoune<\/strong>\u00a0top-notch to propel your business to new heights on the web.<\/p><p>With the constant evolution of search algorithms, it is imperative to partner with experts who understand the intricacies of the <strong>natural SEO Laayoune<\/strong>Our dedicated team of SEO specialists work tirelessly to ensure your website ranks at the top of relevant search results.<\/p><p>Contact us now at <a href=\"tel:06 61 26 30 34\"><strong>06 61 26 30 34<\/strong><\/a> for a free consultation and discover how YES TO THE NET can transform your online presence with our world-class SEO services.<\/p>\t\t\t\t\t\t<\/div>\n\t\t\t\t<\/div>\n\t\t\t\t\t<\/div>\n\t\t<\/div>\n\t\t\t\t\t<\/div>\n\t\t<\/section>\n\t\t\t\t\t<\/div>\n\t\t<\/div>\n\t\t\t\t\t<\/div>\n\t\t<\/section>\n\t\t\t\t<section class=\"elementor-section elementor-top-section elementor-element elementor-element-30c462d ot-traditional elementor-section-boxed elementor-section-height-default elementor-section-height-default\" data-id=\"30c462d\" data-element_type=\"section\">\n\t\t\t\t\t\t<div class=\"elementor-container elementor-column-gap-default\">\n\t\t\t\t\t<div class=\"elementor-column elementor-col-100 elementor-top-column elementor-element elementor-element-c788162 ot-flex-column-vertical\" data-id=\"c788162\" data-element_type=\"column\">\n\t\t\t<div class=\"elementor-widget-wrap elementor-element-populated\">\n\t\t\t\t\t\t<section class=\"elementor-section elementor-inner-section elementor-element elementor-element-ab020ed elementor-section-full_width elementor-section-content-bottom ot-traditional elementor-section-height-default elementor-section-height-default\" data-id=\"ab020ed\" data-element_type=\"section\" data-settings=\"{&quot;background_background&quot;:&quot;classic&quot;}\">\n\t\t\t\t\t\t\t<div class=\"elementor-background-overlay\"><\/div>\n\t\t\t\t\t\t\t<div class=\"elementor-container elementor-column-gap-extended\">\n\t\t\t\t\t<div class=\"elementor-column elementor-col-50 elementor-inner-column elementor-element elementor-element-ffaaf2a ot-flex-column-vertical\" data-id=\"ffaaf2a\" data-element_type=\"column\">\n\t\t\t<div class=\"elementor-widget-wrap elementor-element-populated\">\n\t\t\t\t\t\t<div class=\"elementor-element elementor-element-5ff7ce1 elementor-widget elementor-widget-iheading\" data-id=\"5ff7ce1\" data-element_type=\"widget\" data-widget_type=\"iheading.default\">\n\t\t\t\t<div class=\"elementor-widget-container\">\n\t\t\t\t\t<div class=\"ot-heading\">\r\n\t        \t            <span>\/\/ With YES TO THE NET,<\/span>\r\n\t        <h2 class=\"main-heading\">Revolutionize Your Online Presence <\/h2>\t    <\/div>\r\n\t    \t\t<\/div>\n\t\t\t\t<\/div>\n\t\t\t\t\t<\/div>\n\t\t<\/div>\n\t\t\t\t<div class=\"elementor-column elementor-col-50 elementor-inner-column elementor-element elementor-element-3fd82f3 ot-flex-column-vertical\" data-id=\"3fd82f3\" data-element_type=\"column\">\n\t\t\t<div class=\"elementor-widget-wrap elementor-element-populated\">\n\t\t\t\t\t\t<div class=\"elementor-element elementor-element-e146430 elementor-align-right elementor-mobile-align-left elementor-widget elementor-widget-button\" data-id=\"e146430\" data-element_type=\"widget\" data-widget_type=\"button.default\">\n\t\t\t\t<div class=\"elementor-widget-container\">\n\t\t\t\t\t<div class=\"elementor-button-wrapper\">\n\t\t\t<a class=\"elementor-button elementor-button-link elementor-size-md\" href=\"https:\/\/yestothenet.com\/en\/contact\/\">\n\t\t\t\t\t\t<span class=\"elementor-button-content-wrapper\">\n\t\t\t\t\t\t\t\t\t<span class=\"elementor-button-text\">Contact us<\/span>\n\t\t\t\t\t<\/span>\n\t\t\t\t\t<\/a>\n\t\t<\/div>\n\t\t\t\t<\/div>\n\t\t\t\t<\/div>\n\t\t\t\t\t<\/div>\n\t\t<\/div>\n\t\t\t\t\t<\/div>\n\t\t<\/section>\n\t\t\t\t\t<\/div>\n\t\t<\/div>\n\t\t\t\t\t<\/div>\n\t\t<\/section>\n\t\t\t\t<section class=\"elementor-section elementor-top-section elementor-element elementor-element-81a82a5 ot-traditional elementor-section-boxed elementor-section-height-default elementor-section-height-default\" data-id=\"81a82a5\" data-element_type=\"section\" data-settings=\"{&quot;background_background&quot;:&quot;classic&quot;}\">\n\t\t\t\t\t\t\t<div class=\"elementor-background-overlay\"><\/div>\n\t\t\t\t\t\t\t<div class=\"elementor-container elementor-column-gap-extended\">\n\t\t\t\t\t<div class=\"elementor-column elementor-col-50 elementor-top-column elementor-element elementor-element-18b89c0 ot-flex-column-vertical\" data-id=\"18b89c0\" data-element_type=\"column\">\n\t\t\t<div class=\"elementor-widget-wrap elementor-element-populated\">\n\t\t\t\t\t\t<section class=\"elementor-section elementor-inner-section elementor-element elementor-element-dd648d0 elementor-section-full_width ot-traditional elementor-section-height-default elementor-section-height-default\" data-id=\"dd648d0\" data-element_type=\"section\">\n\t\t\t\t\t\t<div class=\"elementor-container elementor-column-gap-default\">\n\t\t\t\t\t<div class=\"elementor-column elementor-col-100 elementor-inner-column elementor-element elementor-element-9c59460 ot-flex-column-vertical\" data-id=\"9c59460\" data-element_type=\"column\">\n\t\t\t<div class=\"elementor-widget-wrap elementor-element-populated\">\n\t\t\t\t\t\t<div class=\"elementor-element elementor-element-45e921b elementor-widget elementor-widget-iheading\" data-id=\"45e921b\" data-element_type=\"widget\" data-widget_type=\"iheading.default\">\n\t\t\t\t<div class=\"elementor-widget-container\">\n\t\t\t\t\t<div class=\"ot-heading\">\r\n\t        <h2 class=\"main-heading\">Natural SEO Laayoune: Boost your online visibility!<\/h2>\t    <\/div>\r\n\t    \t\t<\/div>\n\t\t\t\t<\/div>\n\t\t\t\t<div class=\"elementor-element elementor-element-9a4497b elementor-widget elementor-widget-text-editor\" data-id=\"9a4497b\" data-element_type=\"widget\" data-widget_type=\"text-editor.default\">\n\t\t\t\t<div class=\"elementor-widget-container\">\n\t\t\t\t\t\t\t<p>With our holistic approach to SEO, we maximize your online visibility, attract qualified traffic and increase conversion.<\/p><p><strong>Why Choose YES TO THE NET for your SEO?<\/strong><\/p><ul><li style=\"list-style-type: none;\">\u00a0<\/li><\/ul><ol><li><p><strong>Personalized Strategy:<\/strong> We understand that every business is unique. That&#039;s why we develop tailor-made SEO strategies aligned with your specific business goals and tailored to your niche.<\/p><\/li><li><p><strong>Total Transparency:<\/strong> At YES TO THE NET, transparency is at the heart of our philosophy. We keep you informed every step of the way, providing detailed reports on performance and progress.<\/p><\/li><li><p><strong>Technical Expertise:<\/strong> Our SEO experts master the most complex technical aspects, from on-page optimization to site architecture, ensuring an optimal user experience and maximum performance on search engines.<\/p><\/li><li><p><strong>Quality Content:<\/strong> Content is king when it comes to SEO. Our team of experienced writers creates highly optimized and engaging content designed to capture the attention of search engines and users.<\/p><\/li><li><p><strong>Technology watch :<\/strong> In an ever-changing digital landscape, we stay at the forefront of the latest SEO trends and best practices, ensuring your strategy is always at the forefront of innovation.<\/p><\/li><\/ol>\t\t\t\t\t\t<\/div>\n\t\t\t\t<\/div>\n\t\t\t\t\t<\/div>\n\t\t<\/div>\n\t\t\t\t\t<\/div>\n\t\t<\/section>\n\t\t\t\t\t<\/div>\n\t\t<\/div>\n\t\t\t\t<div class=\"elementor-column elementor-col-50 elementor-top-column elementor-element elementor-element-8a09494 ot-flex-column-vertical\" data-id=\"8a09494\" data-element_type=\"column\">\n\t\t\t<div class=\"elementor-widget-wrap elementor-element-populated\">\n\t\t\t\t\t\t<div class=\"elementor-element elementor-element-49ce0c4 elementor-widget elementor-widget-image\" data-id=\"49ce0c4\" data-element_type=\"widget\" data-widget_type=\"image.default\">\n\t\t\t\t<div class=\"elementor-widget-container\">\n\t\t\t\t\t\t\t\t\t\t\t\t\t<img decoding=\"async\" width=\"614\" height=\"407\" src=\"https:\/\/yestothenet.com\/wp-content\/uploads\/2024\/04\/Referencement-naturel-SEO-Laayoune-Dakhla-1.png\" class=\"attachment-large size-large wp-image-7691\" alt=\"Natural SEO referencing Laayoune\" srcset=\"https:\/\/yestothenet.com\/wp-content\/uploads\/2024\/04\/Referencement-naturel-SEO-Laayoune-Dakhla-1.png 614w, https:\/\/yestothenet.com\/wp-content\/uploads\/2024\/04\/Referencement-naturel-SEO-Laayoune-Dakhla-1-300x199.png 300w\" sizes=\"(max-width: 614px) 100vw, 614px\" \/>\t\t\t\t\t\t\t\t\t\t\t\t\t<\/div>\n\t\t\t\t<\/div>\n\t\t\t\t\t<\/div>\n\t\t<\/div>\n\t\t\t\t\t<\/div>\n\t\t<\/section>\n\t\t\t\t<\/div>","protected":false},"excerpt":{"rendered":"<p>YES TO THE NET \u2013 R\u00e9f\u00e9rencement naturel SEO Laayoune Dans un monde o\u00f9 la pr\u00e9sence en ligne est cruciale pour le succ\u00e8s commercial, le r\u00e9f\u00e9rencement naturel SEO Laayoune\u00a0devient le pilier fondamental de toute strat\u00e9gie digitale efficace. YES TO THE NET, votre partenaire de confiance en mati\u00e8re de communication digitale, offre des solutions de r\u00e9f\u00e9rencement naturel [&hellip;]<\/p>","protected":false},"author":1,"featured_media":0,"parent":0,"menu_order":0,"comment_status":"closed","ping_status":"closed","template":"","meta":{"footnotes":""},"class_list":["post-7687","page","type-page","status-publish","hentry"],"yoast_head":"<!-- This site is optimized with the Yoast SEO plugin v23.6 - https:\/\/yoast.com\/wordpress\/plugins\/seo\/ -->\n<title>R\u00e9f\u00e9rencement naturel SEO Laayoune - YES TO THE NET<\/title>\n<meta name=\"description\" content=\"R\u00e9f\u00e9rencement naturel SEO Laayoune avec YES TO THE NET : Boostez votre Visibilit\u00e9 en Ligne ! N&#039;h\u00e9sitez pas \u00e0 nous contacter.\" \/>\n<meta name=\"robots\" content=\"index, follow, max-snippet:-1, max-image-preview:large, max-video-preview:-1\" \/>\n<link rel=\"canonical\" href=\"https:\/\/yestothenet.com\/en\/natural-seo-referencing-laayoune\/\" \/>\n<meta property=\"og:locale\" content=\"en_US\" \/>\n<meta property=\"og:type\" content=\"article\" \/>\n<meta property=\"og:title\" content=\"R\u00e9f\u00e9rencement naturel SEO Laayoune - YES TO THE NET\" \/>\n<meta property=\"og:description\" content=\"R\u00e9f\u00e9rencement naturel SEO Laayoune avec YES TO THE NET : Boostez votre Visibilit\u00e9 en Ligne ! N&#039;h\u00e9sitez pas \u00e0 nous contacter.\" \/>\n<meta property=\"og:url\" content=\"https:\/\/yestothenet.com\/en\/natural-seo-referencing-laayoune\/\" \/>\n<meta property=\"og:site_name\" content=\"Yes To The Net\" \/>\n<meta property=\"article:publisher\" content=\"https:\/\/www.instagram.com\/yestothenet\/\" \/>\n<meta property=\"article:modified_time\" content=\"2024-07-18T10:49:21+00:00\" \/>\n<meta property=\"og:image\" content=\"https:\/\/yestothenet.com\/wp-content\/uploads\/2024\/04\/Referencement-naturel-SEO-Laayoune-Dakhla.png\" \/>\n<meta name=\"twitter:card\" content=\"summary_large_image\" \/>\n<meta name=\"twitter:label1\" content=\"Est. reading time\" \/>\n\t<meta name=\"twitter:data1\" content=\"3 minutes\" \/>\n<script type=\"application\/ld+json\" class=\"yoast-schema-graph\">{\"@context\":\"https:\/\/schema.org\",\"@graph\":[{\"@type\":\"WebPage\",\"@id\":\"https:\/\/yestothenet.com\/referencement-naturel-seo-laayoune\/\",\"url\":\"https:\/\/yestothenet.com\/referencement-naturel-seo-laayoune\/\",\"name\":\"R\u00e9f\u00e9rencement naturel SEO Laayoune - YES TO THE NET\",\"isPartOf\":{\"@id\":\"https:\/\/yestothenet.com\/#website\"},\"primaryImageOfPage\":{\"@id\":\"https:\/\/yestothenet.com\/referencement-naturel-seo-laayoune\/#primaryimage\"},\"image\":{\"@id\":\"https:\/\/yestothenet.com\/referencement-naturel-seo-laayoune\/#primaryimage\"},\"thumbnailUrl\":\"https:\/\/yestothenet.com\/wp-content\/uploads\/2024\/04\/Referencement-naturel-SEO-Laayoune-Dakhla.png\",\"datePublished\":\"2024-04-04T13:33:50+00:00\",\"dateModified\":\"2024-07-18T10:49:21+00:00\",\"description\":\"R\u00e9f\u00e9rencement naturel SEO Laayoune avec YES TO THE NET : Boostez votre Visibilit\u00e9 en Ligne ! N'h\u00e9sitez pas \u00e0 nous contacter.\",\"breadcrumb\":{\"@id\":\"https:\/\/yestothenet.com\/referencement-naturel-seo-laayoune\/#breadcrumb\"},\"inLanguage\":\"en-US\",\"potentialAction\":[{\"@type\":\"ReadAction\",\"target\":[\"https:\/\/yestothenet.com\/referencement-naturel-seo-laayoune\/\"]}]},{\"@type\":\"ImageObject\",\"inLanguage\":\"en-US\",\"@id\":\"https:\/\/yestothenet.com\/referencement-naturel-seo-laayoune\/#primaryimage\",\"url\":\"https:\/\/yestothenet.com\/wp-content\/uploads\/2024\/04\/Referencement-naturel-SEO-Laayoune-Dakhla.png\",\"contentUrl\":\"https:\/\/yestothenet.com\/wp-content\/uploads\/2024\/04\/Referencement-naturel-SEO-Laayoune-Dakhla.png\"},{\"@type\":\"BreadcrumbList\",\"@id\":\"https:\/\/yestothenet.com\/referencement-naturel-seo-laayoune\/#breadcrumb\",\"itemListElement\":[{\"@type\":\"ListItem\",\"position\":1,\"name\":\"Accueil\",\"item\":\"https:\/\/yestothenet.com\/\"},{\"@type\":\"ListItem\",\"position\":2,\"name\":\"&#8230; R\u00e9f\u00e9rencement naturel SEO Laayoune\"}]},{\"@type\":\"WebSite\",\"@id\":\"https:\/\/yestothenet.com\/#website\",\"url\":\"https:\/\/yestothenet.com\/\",\"name\":\"YES TO THE NET\",\"description\":\"Votre agence de communication \u00e0 Marrakech\",\"publisher\":{\"@id\":\"https:\/\/yestothenet.com\/#organization\"},\"potentialAction\":[{\"@type\":\"SearchAction\",\"target\":{\"@type\":\"EntryPoint\",\"urlTemplate\":\"https:\/\/yestothenet.com\/?s={search_term_string}\"},\"query-input\":{\"@type\":\"PropertyValueSpecification\",\"valueRequired\":true,\"valueName\":\"search_term_string\"}}],\"inLanguage\":\"en-US\"},{\"@type\":\"Organization\",\"@id\":\"https:\/\/yestothenet.com\/#organization\",\"name\":\"YES TO THE NET\",\"url\":\"https:\/\/yestothenet.com\/\",\"logo\":{\"@type\":\"ImageObject\",\"inLanguage\":\"en-US\",\"@id\":\"https:\/\/yestothenet.com\/#\/schema\/logo\/image\/\",\"url\":\"https:\/\/yestothenet.com\/wp-content\/uploads\/2024\/02\/cropped-YES_THE_TO_NET-removebg-preview.png\",\"contentUrl\":\"https:\/\/yestothenet.com\/wp-content\/uploads\/2024\/02\/cropped-YES_THE_TO_NET-removebg-preview.png\",\"width\":512,\"height\":512,\"caption\":\"YES TO THE NET\"},\"image\":{\"@id\":\"https:\/\/yestothenet.com\/#\/schema\/logo\/image\/\"},\"sameAs\":[\"https:\/\/www.instagram.com\/yestothenet\/\"]}]}<\/script>\n<!-- \/ Yoast SEO plugin. -->","yoast_head_json":{"title":"R\u00e9f\u00e9rencement naturel SEO Laayoune - YES TO THE NET","description":"R\u00e9f\u00e9rencement naturel SEO Laayoune avec YES TO THE NET : Boostez votre Visibilit\u00e9 en Ligne ! N'h\u00e9sitez pas \u00e0 nous contacter.","robots":{"index":"index","follow":"follow","max-snippet":"max-snippet:-1","max-image-preview":"max-image-preview:large","max-video-preview":"max-video-preview:-1"},"canonical":"https:\/\/yestothenet.com\/en\/natural-seo-referencing-laayoune\/","og_locale":"en_US","og_type":"article","og_title":"R\u00e9f\u00e9rencement naturel SEO Laayoune - YES TO THE NET","og_description":"R\u00e9f\u00e9rencement naturel SEO Laayoune avec YES TO THE NET : Boostez votre Visibilit\u00e9 en Ligne ! N'h\u00e9sitez pas \u00e0 nous contacter.","og_url":"https:\/\/yestothenet.com\/en\/natural-seo-referencing-laayoune\/","og_site_name":"Yes To The Net","article_publisher":"https:\/\/www.instagram.com\/yestothenet\/","article_modified_time":"2024-07-18T10:49:21+00:00","og_image":[{"url":"https:\/\/yestothenet.com\/wp-content\/uploads\/2024\/04\/Referencement-naturel-SEO-Laayoune-Dakhla.png"}],"twitter_card":"summary_large_image","twitter_misc":{"Est. reading time":"3 minutes"},"schema":{"@context":"https:\/\/schema.org","@graph":[{"@type":"WebPage","@id":"https:\/\/yestothenet.com\/referencement-naturel-seo-laayoune\/","url":"https:\/\/yestothenet.com\/referencement-naturel-seo-laayoune\/","name":"R\u00e9f\u00e9rencement naturel SEO Laayoune - YES TO THE NET","isPartOf":{"@id":"https:\/\/yestothenet.com\/#website"},"primaryImageOfPage":{"@id":"https:\/\/yestothenet.com\/referencement-naturel-seo-laayoune\/#primaryimage"},"image":{"@id":"https:\/\/yestothenet.com\/referencement-naturel-seo-laayoune\/#primaryimage"},"thumbnailUrl":"https:\/\/yestothenet.com\/wp-content\/uploads\/2024\/04\/Referencement-naturel-SEO-Laayoune-Dakhla.png","datePublished":"2024-04-04T13:33:50+00:00","dateModified":"2024-07-18T10:49:21+00:00","description":"R\u00e9f\u00e9rencement naturel SEO Laayoune avec YES TO THE NET : Boostez votre Visibilit\u00e9 en Ligne ! N'h\u00e9sitez pas \u00e0 nous contacter.","breadcrumb":{"@id":"https:\/\/yestothenet.com\/referencement-naturel-seo-laayoune\/#breadcrumb"},"inLanguage":"en-US","potentialAction":[{"@type":"ReadAction","target":["https:\/\/yestothenet.com\/referencement-naturel-seo-laayoune\/"]}]},{"@type":"ImageObject","inLanguage":"en-US","@id":"https:\/\/yestothenet.com\/referencement-naturel-seo-laayoune\/#primaryimage","url":"https:\/\/yestothenet.com\/wp-content\/uploads\/2024\/04\/Referencement-naturel-SEO-Laayoune-Dakhla.png","contentUrl":"https:\/\/yestothenet.com\/wp-content\/uploads\/2024\/04\/Referencement-naturel-SEO-Laayoune-Dakhla.png"},{"@type":"BreadcrumbList","@id":"https:\/\/yestothenet.com\/referencement-naturel-seo-laayoune\/#breadcrumb","itemListElement":[{"@type":"ListItem","position":1,"name":"Accueil","item":"https:\/\/yestothenet.com\/"},{"@type":"ListItem","position":2,"name":"&#8230; R\u00e9f\u00e9rencement naturel SEO Laayoune"}]},{"@type":"WebSite","@id":"https:\/\/yestothenet.com\/#website","url":"https:\/\/yestothenet.com\/","name":"YES TO THE NET","description":"Votre agence de communication \u00e0 Marrakech","publisher":{"@id":"https:\/\/yestothenet.com\/#organization"},"potentialAction":[{"@type":"SearchAction","target":{"@type":"EntryPoint","urlTemplate":"https:\/\/yestothenet.com\/?s={search_term_string}"},"query-input":{"@type":"PropertyValueSpecification","valueRequired":true,"valueName":"search_term_string"}}],"inLanguage":"en-US"},{"@type":"Organization","@id":"https:\/\/yestothenet.com\/#organization","name":"YES TO THE NET","url":"https:\/\/yestothenet.com\/","logo":{"@type":"ImageObject","inLanguage":"en-US","@id":"https:\/\/yestothenet.com\/#\/schema\/logo\/image\/","url":"https:\/\/yestothenet.com\/wp-content\/uploads\/2024\/02\/cropped-YES_THE_TO_NET-removebg-preview.png","contentUrl":"https:\/\/yestothenet.com\/wp-content\/uploads\/2024\/02\/cropped-YES_THE_TO_NET-removebg-preview.png","width":512,"height":512,"caption":"YES TO THE NET"},"image":{"@id":"https:\/\/yestothenet.com\/#\/schema\/logo\/image\/"},"sameAs":["https:\/\/www.instagram.com\/yestothenet\/"]}]}},"_links":{"self":[{"href":"https:\/\/yestothenet.com\/en\/wp-json\/wp\/v2\/pages\/7687","targetHints":{"allow":["GET"]}}],"collection":[{"href":"https:\/\/yestothenet.com\/en\/wp-json\/wp\/v2\/pages"}],"about":[{"href":"https:\/\/yestothenet.com\/en\/wp-json\/wp\/v2\/types\/page"}],"author":[{"embeddable":true,"href":"https:\/\/yestothenet.com\/en\/wp-json\/wp\/v2\/users\/1"}],"replies":[{"embeddable":true,"href":"https:\/\/yestothenet.com\/en\/wp-json\/wp\/v2\/comments?post=7687"}],"version-history":[{"count":14,"href":"https:\/\/yestothenet.com\/en\/wp-json\/wp\/v2\/pages\/7687\/revisions"}],"predecessor-version":[{"id":8555,"href":"https:\/\/yestothenet.com\/en\/wp-json\/wp\/v2\/pages\/7687\/revisions\/8555"}],"wp:attachment":[{"href":"https:\/\/yestothenet.com\/en\/wp-json\/wp\/v2\/media?parent=7687"}],"curies":[{"name":"wp","href":"https:\/\/api.w.org\/{rel}","templated":true}]}}