{"id":7394,"date":"2024-02-29T11:59:14","date_gmt":"2024-02-29T10:59:14","guid":{"rendered":"https:\/\/yestothenet.com\/?page_id=7394"},"modified":"2024-07-18T11:14:38","modified_gmt":"2024-07-18T09:14:38","slug":"referencement-naturel-seo-agadir","status":"publish","type":"page","link":"https:\/\/yestothenet.com\/en\/natural-seo-agadir\/","title":{"rendered":"\u2026 Natural SEO Agadir"},"content":{"rendered":"<div data-elementor-type=\"wp-page\" data-elementor-id=\"7394\" class=\"elementor elementor-7394\" data-elementor-post-type=\"page\">\n\t\t\t\t\t\t<section class=\"elementor-section elementor-top-section elementor-element elementor-element-2db1430 elementor-section-content-middle ot-traditional elementor-section-boxed elementor-section-height-default elementor-section-height-default\" data-id=\"2db1430\" data-element_type=\"section\">\n\t\t\t\t\t\t<div class=\"elementor-container elementor-column-gap-default\">\n\t\t\t\t\t<div class=\"elementor-column elementor-col-100 elementor-top-column elementor-element elementor-element-9ca7f6d ot-flex-column-vertical\" data-id=\"9ca7f6d\" data-element_type=\"column\">\n\t\t\t<div class=\"elementor-widget-wrap elementor-element-populated\">\n\t\t\t\t\t\t<section class=\"elementor-section elementor-inner-section elementor-element elementor-element-ae21701 elementor-section-content-top elementor-section-full_width ot-traditional elementor-section-height-default elementor-section-height-default\" data-id=\"ae21701\" data-element_type=\"section\">\n\t\t\t\t\t\t<div class=\"elementor-container elementor-column-gap-extended\">\n\t\t\t\t\t<div class=\"elementor-column elementor-col-50 elementor-inner-column elementor-element elementor-element-78f9ac9 ot-flex-column-vertical\" data-id=\"78f9ac9\" data-element_type=\"column\">\n\t\t\t<div class=\"elementor-widget-wrap elementor-element-populated\">\n\t\t\t\t\t\t<div class=\"elementor-element elementor-element-25eb330 elementor-widget elementor-widget-image\" data-id=\"25eb330\" data-element_type=\"widget\" data-widget_type=\"image.default\">\n\t\t\t\t<div class=\"elementor-widget-container\">\n\t\t\t\t\t\t\t\t\t\t\t\t\t<img fetchpriority=\"high\" decoding=\"async\" width=\"1024\" height=\"576\" src=\"https:\/\/yestothenet.com\/wp-content\/uploads\/2024\/02\/referencement-naturel-SEO-Agadir-Essaouira-Taroudant-1024x576.jpg\" class=\"attachment-large size-large wp-image-7396\" alt=\"Natural SEO Agadir\" srcset=\"https:\/\/yestothenet.com\/wp-content\/uploads\/2024\/02\/referencement-naturel-SEO-Agadir-Essaouira-Taroudant-1024x576.jpg 1024w, https:\/\/yestothenet.com\/wp-content\/uploads\/2024\/02\/referencement-naturel-SEO-Agadir-Essaouira-Taroudant-300x169.jpg 300w, https:\/\/yestothenet.com\/wp-content\/uploads\/2024\/02\/referencement-naturel-SEO-Agadir-Essaouira-Taroudant-768x432.jpg 768w, https:\/\/yestothenet.com\/wp-content\/uploads\/2024\/02\/referencement-naturel-SEO-Agadir-Essaouira-Taroudant-720x405.jpg 720w, https:\/\/yestothenet.com\/wp-content\/uploads\/2024\/02\/referencement-naturel-SEO-Agadir-Essaouira-Taroudant.jpg 1280w\" sizes=\"(max-width: 1024px) 100vw, 1024px\" \/>\t\t\t\t\t\t\t\t\t\t\t\t\t<\/div>\n\t\t\t\t<\/div>\n\t\t\t\t\t<\/div>\n\t\t<\/div>\n\t\t\t\t<div class=\"elementor-column elementor-col-50 elementor-inner-column elementor-element elementor-element-dce0f81 ot-flex-column-vertical\" data-id=\"dce0f81\" data-element_type=\"column\">\n\t\t\t<div class=\"elementor-widget-wrap elementor-element-populated\">\n\t\t\t\t\t\t<div class=\"elementor-element elementor-element-ea79d5e elementor-widget elementor-widget-iheading\" data-id=\"ea79d5e\" data-element_type=\"widget\" data-widget_type=\"iheading.default\">\n\t\t\t\t<div class=\"elementor-widget-container\">\n\t\t\t\t\t<div class=\"ot-heading\">\r\n\t        <h1 class=\"main-heading\">YES TO THE NET \u2013 Natural SEO Agadir<\/h1>\t    <\/div>\r\n\t    \t\t<\/div>\n\t\t\t\t<\/div>\n\t\t\t\t<div class=\"elementor-element elementor-element-734d7ce elementor-widget elementor-widget-text-editor\" data-id=\"734d7ce\" data-element_type=\"widget\" data-widget_type=\"text-editor.default\">\n\t\t\t\t<div class=\"elementor-widget-container\">\n\t\t\t\t\t\t\t<p>Do you want to increase your visibility on the web? Your YES TO THE NET communications agency offers you a service of <strong>natural SEO Agadir <\/strong>high quality.<\/p><p>We understand the importance of a strategy of <strong><a href=\"https:\/\/yestothenet.com\/en\/natural-seo-referencing\/\">natural SEO referencing<\/a> Agadir <\/strong>Effective in attracting more qualified visitors to your website. In fact, our SEO service is designed to put your business where it belongs: at the top of search results.<\/p><p>Our team of experts <strong>natural SEO Agadir<\/strong>\u00a0uses the latest techniques and tools to ensure you achieve your online visibility goals. We are passionate about our clients&#039; success and are committed to providing customized strategies that meet your specific needs. Contact us today at <a href=\"tel:06 61 26 30 34\"><strong>06 61 26 30 34<\/strong><\/a> for a free consultation.<\/p>\t\t\t\t\t\t<\/div>\n\t\t\t\t<\/div>\n\t\t\t\t\t<\/div>\n\t\t<\/div>\n\t\t\t\t\t<\/div>\n\t\t<\/section>\n\t\t\t\t\t<\/div>\n\t\t<\/div>\n\t\t\t\t\t<\/div>\n\t\t<\/section>\n\t\t\t\t<section class=\"elementor-section elementor-top-section elementor-element elementor-element-30c462d ot-traditional elementor-section-boxed elementor-section-height-default elementor-section-height-default\" data-id=\"30c462d\" data-element_type=\"section\">\n\t\t\t\t\t\t<div class=\"elementor-container elementor-column-gap-default\">\n\t\t\t\t\t<div class=\"elementor-column elementor-col-100 elementor-top-column elementor-element elementor-element-c788162 ot-flex-column-vertical\" data-id=\"c788162\" data-element_type=\"column\">\n\t\t\t<div class=\"elementor-widget-wrap elementor-element-populated\">\n\t\t\t\t\t\t<section class=\"elementor-section elementor-inner-section elementor-element elementor-element-ab020ed elementor-section-full_width elementor-section-content-bottom ot-traditional elementor-section-height-default elementor-section-height-default\" data-id=\"ab020ed\" data-element_type=\"section\" data-settings=\"{&quot;background_background&quot;:&quot;classic&quot;}\">\n\t\t\t\t\t\t\t<div class=\"elementor-background-overlay\"><\/div>\n\t\t\t\t\t\t\t<div class=\"elementor-container elementor-column-gap-extended\">\n\t\t\t\t\t<div class=\"elementor-column elementor-col-50 elementor-inner-column elementor-element elementor-element-ffaaf2a ot-flex-column-vertical\" data-id=\"ffaaf2a\" data-element_type=\"column\">\n\t\t\t<div class=\"elementor-widget-wrap elementor-element-populated\">\n\t\t\t\t\t\t<div class=\"elementor-element elementor-element-5ff7ce1 elementor-widget elementor-widget-iheading\" data-id=\"5ff7ce1\" data-element_type=\"widget\" data-widget_type=\"iheading.default\">\n\t\t\t\t<div class=\"elementor-widget-container\">\n\t\t\t\t\t<div class=\"ot-heading\">\r\n\t        \t            <span>\/\/ With YES TO THE NET,<\/span>\r\n\t        <h2 class=\"main-heading\">Revolutionize Your Online Presence <\/h2>\t    <\/div>\r\n\t    \t\t<\/div>\n\t\t\t\t<\/div>\n\t\t\t\t\t<\/div>\n\t\t<\/div>\n\t\t\t\t<div class=\"elementor-column elementor-col-50 elementor-inner-column elementor-element elementor-element-3fd82f3 ot-flex-column-vertical\" data-id=\"3fd82f3\" data-element_type=\"column\">\n\t\t\t<div class=\"elementor-widget-wrap elementor-element-populated\">\n\t\t\t\t\t\t<div class=\"elementor-element elementor-element-e146430 elementor-align-right elementor-mobile-align-left elementor-widget elementor-widget-button\" data-id=\"e146430\" data-element_type=\"widget\" data-widget_type=\"button.default\">\n\t\t\t\t<div class=\"elementor-widget-container\">\n\t\t\t\t\t<div class=\"elementor-button-wrapper\">\n\t\t\t<a class=\"elementor-button elementor-button-link elementor-size-md\" href=\"https:\/\/yestothenet.com\/en\/contact\/\">\n\t\t\t\t\t\t<span class=\"elementor-button-content-wrapper\">\n\t\t\t\t\t\t\t\t\t<span class=\"elementor-button-text\">Contact us<\/span>\n\t\t\t\t\t<\/span>\n\t\t\t\t\t<\/a>\n\t\t<\/div>\n\t\t\t\t<\/div>\n\t\t\t\t<\/div>\n\t\t\t\t\t<\/div>\n\t\t<\/div>\n\t\t\t\t\t<\/div>\n\t\t<\/section>\n\t\t\t\t\t<\/div>\n\t\t<\/div>\n\t\t\t\t\t<\/div>\n\t\t<\/section>\n\t\t\t\t<section class=\"elementor-section elementor-top-section elementor-element elementor-element-81a82a5 ot-traditional elementor-section-boxed elementor-section-height-default elementor-section-height-default\" data-id=\"81a82a5\" data-element_type=\"section\" data-settings=\"{&quot;background_background&quot;:&quot;classic&quot;}\">\n\t\t\t\t\t\t\t<div class=\"elementor-background-overlay\"><\/div>\n\t\t\t\t\t\t\t<div class=\"elementor-container elementor-column-gap-extended\">\n\t\t\t\t\t<div class=\"elementor-column elementor-col-50 elementor-top-column elementor-element elementor-element-18b89c0 ot-flex-column-vertical\" data-id=\"18b89c0\" data-element_type=\"column\">\n\t\t\t<div class=\"elementor-widget-wrap elementor-element-populated\">\n\t\t\t\t\t\t<section class=\"elementor-section elementor-inner-section elementor-element elementor-element-dd648d0 elementor-section-full_width ot-traditional elementor-section-height-default elementor-section-height-default\" data-id=\"dd648d0\" data-element_type=\"section\">\n\t\t\t\t\t\t<div class=\"elementor-container elementor-column-gap-default\">\n\t\t\t\t\t<div class=\"elementor-column elementor-col-100 elementor-inner-column elementor-element elementor-element-9c59460 ot-flex-column-vertical\" data-id=\"9c59460\" data-element_type=\"column\">\n\t\t\t<div class=\"elementor-widget-wrap elementor-element-populated\">\n\t\t\t\t\t\t<div class=\"elementor-element elementor-element-45e921b elementor-widget elementor-widget-iheading\" data-id=\"45e921b\" data-element_type=\"widget\" data-widget_type=\"iheading.default\">\n\t\t\t\t<div class=\"elementor-widget-container\">\n\t\t\t\t\t<div class=\"ot-heading\">\r\n\t        <h2 class=\"main-heading\">Increase your visibility on the web with our natural SEO Agadir service<\/h2>\t    <\/div>\r\n\t    \t\t<\/div>\n\t\t\t\t<\/div>\n\t\t\t\t<div class=\"elementor-element elementor-element-9a4497b elementor-widget elementor-widget-text-editor\" data-id=\"9a4497b\" data-element_type=\"widget\" data-widget_type=\"text-editor.default\">\n\t\t\t\t<div class=\"elementor-widget-container\">\n\t\t\t\t\t\t\t<p>We provide you with a wide range of SEO services, including:<\/p><ul><li style=\"list-style-type: none;\"><ul><li><strong>Complete SEO audit: <\/strong>We begin by analyzing your website to identify optimization opportunities and obstacles to proper indexing by search engines.<\/li><li><strong>Keyword search:<\/strong> Identifying the most relevant search terms for your business, ensuring your site attracts qualified visitors.<\/li><li><strong>On-page optimization:<\/strong> We optimize the content and structure of your site so that it is not only user-friendly for search engines but also for your visitors.<\/li><li><strong>Content strategy:<\/strong> Creation of relevant and quality content, designed to engage your visitors and encourage inbound links.<\/li><li><strong>Link Building:<\/strong> Developing a strong, natural link profile to improve your site&#039;s credibility and authority in the eyes of search engines.<\/li><li><strong>Monitoring and reporting:<\/strong> Providing detailed reports on your site&#039;s performance and ongoing strategy adjustments to ensure the best results.<\/li><\/ul><\/li><\/ul><p>Discover how YES TO THE NET can help you dominate search results and turn your online visibility into tangible success.<\/p>\t\t\t\t\t\t<\/div>\n\t\t\t\t<\/div>\n\t\t\t\t\t<\/div>\n\t\t<\/div>\n\t\t\t\t\t<\/div>\n\t\t<\/section>\n\t\t\t\t\t<\/div>\n\t\t<\/div>\n\t\t\t\t<div class=\"elementor-column elementor-col-50 elementor-top-column elementor-element elementor-element-8a09494 ot-flex-column-vertical\" data-id=\"8a09494\" data-element_type=\"column\">\n\t\t\t<div class=\"elementor-widget-wrap elementor-element-populated\">\n\t\t\t\t\t\t<div class=\"elementor-element elementor-element-49ce0c4 elementor-widget elementor-widget-image\" data-id=\"49ce0c4\" data-element_type=\"widget\" data-widget_type=\"image.default\">\n\t\t\t\t<div class=\"elementor-widget-container\">\n\t\t\t\t\t\t\t\t\t\t\t\t\t<img decoding=\"async\" width=\"730\" height=\"691\" src=\"https:\/\/yestothenet.com\/wp-content\/uploads\/2024\/02\/referencement-naturel-SEO-Agadir-Essaouira-Taroudant-1.png\" class=\"attachment-large size-large wp-image-7398\" alt=\"Natural SEO Agadir\" srcset=\"https:\/\/yestothenet.com\/wp-content\/uploads\/2024\/02\/referencement-naturel-SEO-Agadir-Essaouira-Taroudant-1.png 730w, https:\/\/yestothenet.com\/wp-content\/uploads\/2024\/02\/referencement-naturel-SEO-Agadir-Essaouira-Taroudant-1-300x284.png 300w, https:\/\/yestothenet.com\/wp-content\/uploads\/2024\/02\/referencement-naturel-SEO-Agadir-Essaouira-Taroudant-1-720x682.png 720w\" sizes=\"(max-width: 730px) 100vw, 730px\" \/>\t\t\t\t\t\t\t\t\t\t\t\t\t<\/div>\n\t\t\t\t<\/div>\n\t\t\t\t\t<\/div>\n\t\t<\/div>\n\t\t\t\t\t<\/div>\n\t\t<\/section>\n\t\t\t\t<\/div>","protected":false},"excerpt":{"rendered":"<p>YES TO THE NET \u2013 R\u00e9f\u00e9rencement naturel SEO Agadir Vous souhaitez augmentez votre visibilit\u00e9 sur le web\u00a0? Votre agence de communication YES TO THE NET met \u00e0 votre disposition un service de r\u00e9f\u00e9rencement naturel SEO Agadir de haute qualit\u00e9. Nous comprenons l&rsquo;importance d&rsquo;une strat\u00e9gie de r\u00e9f\u00e9rencement naturel SEO Agadir efficace pour attirer plus de visiteurs [&hellip;]<\/p>","protected":false},"author":1,"featured_media":0,"parent":0,"menu_order":0,"comment_status":"closed","ping_status":"closed","template":"","meta":{"footnotes":""},"class_list":["post-7394","page","type-page","status-publish","hentry"],"yoast_head":"<!-- This site is optimized with the Yoast SEO plugin v23.6 - https:\/\/yoast.com\/wordpress\/plugins\/seo\/ -->\n<title>R\u00e9f\u00e9rencement naturel SEO Agadir - YES TO THE NET<\/title>\n<meta name=\"description\" content=\"Besoin d\u2019un servie de r\u00e9f\u00e9rencement naturel SEO Agadir de haute qualit\u00e9 ? Contactez l&#039;agence YES TO THE NET.\" \/>\n<meta name=\"robots\" content=\"index, follow, max-snippet:-1, max-image-preview:large, max-video-preview:-1\" \/>\n<link rel=\"canonical\" href=\"https:\/\/yestothenet.com\/en\/natural-seo-agadir\/\" \/>\n<meta property=\"og:locale\" content=\"en_US\" \/>\n<meta property=\"og:type\" content=\"article\" \/>\n<meta property=\"og:title\" content=\"R\u00e9f\u00e9rencement naturel SEO Agadir - YES TO THE NET\" \/>\n<meta property=\"og:description\" content=\"Besoin d\u2019un servie de r\u00e9f\u00e9rencement naturel SEO Agadir de haute qualit\u00e9 ? Contactez l&#039;agence YES TO THE NET.\" \/>\n<meta property=\"og:url\" content=\"https:\/\/yestothenet.com\/en\/natural-seo-agadir\/\" \/>\n<meta property=\"og:site_name\" content=\"Yes To The Net\" \/>\n<meta property=\"article:publisher\" content=\"https:\/\/www.instagram.com\/yestothenet\/\" \/>\n<meta property=\"article:modified_time\" content=\"2024-07-18T09:14:38+00:00\" \/>\n<meta property=\"og:image\" content=\"https:\/\/yestothenet.com\/wp-content\/uploads\/2024\/02\/referencement-naturel-SEO-Agadir-Essaouira-Taroudant-1024x576.jpg\" \/>\n<meta name=\"twitter:card\" content=\"summary_large_image\" \/>\n<meta name=\"twitter:label1\" content=\"Est. reading time\" \/>\n\t<meta name=\"twitter:data1\" content=\"3 minutes\" \/>\n<script type=\"application\/ld+json\" class=\"yoast-schema-graph\">{\"@context\":\"https:\/\/schema.org\",\"@graph\":[{\"@type\":\"WebPage\",\"@id\":\"https:\/\/yestothenet.com\/referencement-naturel-seo-agadir\/\",\"url\":\"https:\/\/yestothenet.com\/referencement-naturel-seo-agadir\/\",\"name\":\"R\u00e9f\u00e9rencement naturel SEO Agadir - YES TO THE NET\",\"isPartOf\":{\"@id\":\"https:\/\/yestothenet.com\/#website\"},\"primaryImageOfPage\":{\"@id\":\"https:\/\/yestothenet.com\/referencement-naturel-seo-agadir\/#primaryimage\"},\"image\":{\"@id\":\"https:\/\/yestothenet.com\/referencement-naturel-seo-agadir\/#primaryimage\"},\"thumbnailUrl\":\"https:\/\/yestothenet.com\/wp-content\/uploads\/2024\/02\/referencement-naturel-SEO-Agadir-Essaouira-Taroudant-1024x576.jpg\",\"datePublished\":\"2024-02-29T10:59:14+00:00\",\"dateModified\":\"2024-07-18T09:14:38+00:00\",\"description\":\"Besoin d\u2019un servie de r\u00e9f\u00e9rencement naturel SEO Agadir de haute qualit\u00e9 ? Contactez l'agence YES TO THE NET.\",\"breadcrumb\":{\"@id\":\"https:\/\/yestothenet.com\/referencement-naturel-seo-agadir\/#breadcrumb\"},\"inLanguage\":\"en-US\",\"potentialAction\":[{\"@type\":\"ReadAction\",\"target\":[\"https:\/\/yestothenet.com\/referencement-naturel-seo-agadir\/\"]}]},{\"@type\":\"ImageObject\",\"inLanguage\":\"en-US\",\"@id\":\"https:\/\/yestothenet.com\/referencement-naturel-seo-agadir\/#primaryimage\",\"url\":\"https:\/\/yestothenet.com\/wp-content\/uploads\/2024\/02\/referencement-naturel-SEO-Agadir-Essaouira-Taroudant-1024x576.jpg\",\"contentUrl\":\"https:\/\/yestothenet.com\/wp-content\/uploads\/2024\/02\/referencement-naturel-SEO-Agadir-Essaouira-Taroudant-1024x576.jpg\"},{\"@type\":\"BreadcrumbList\",\"@id\":\"https:\/\/yestothenet.com\/referencement-naturel-seo-agadir\/#breadcrumb\",\"itemListElement\":[{\"@type\":\"ListItem\",\"position\":1,\"name\":\"Accueil\",\"item\":\"https:\/\/yestothenet.com\/\"},{\"@type\":\"ListItem\",\"position\":2,\"name\":\"&#8230; R\u00e9f\u00e9rencement naturel SEO Agadir\"}]},{\"@type\":\"WebSite\",\"@id\":\"https:\/\/yestothenet.com\/#website\",\"url\":\"https:\/\/yestothenet.com\/\",\"name\":\"YES TO THE NET\",\"description\":\"Votre agence de communication \u00e0 Marrakech\",\"publisher\":{\"@id\":\"https:\/\/yestothenet.com\/#organization\"},\"potentialAction\":[{\"@type\":\"SearchAction\",\"target\":{\"@type\":\"EntryPoint\",\"urlTemplate\":\"https:\/\/yestothenet.com\/?s={search_term_string}\"},\"query-input\":{\"@type\":\"PropertyValueSpecification\",\"valueRequired\":true,\"valueName\":\"search_term_string\"}}],\"inLanguage\":\"en-US\"},{\"@type\":\"Organization\",\"@id\":\"https:\/\/yestothenet.com\/#organization\",\"name\":\"YES TO THE NET\",\"url\":\"https:\/\/yestothenet.com\/\",\"logo\":{\"@type\":\"ImageObject\",\"inLanguage\":\"en-US\",\"@id\":\"https:\/\/yestothenet.com\/#\/schema\/logo\/image\/\",\"url\":\"https:\/\/yestothenet.com\/wp-content\/uploads\/2024\/02\/cropped-YES_THE_TO_NET-removebg-preview.png\",\"contentUrl\":\"https:\/\/yestothenet.com\/wp-content\/uploads\/2024\/02\/cropped-YES_THE_TO_NET-removebg-preview.png\",\"width\":512,\"height\":512,\"caption\":\"YES TO THE NET\"},\"image\":{\"@id\":\"https:\/\/yestothenet.com\/#\/schema\/logo\/image\/\"},\"sameAs\":[\"https:\/\/www.instagram.com\/yestothenet\/\"]}]}<\/script>\n<!-- \/ Yoast SEO plugin. -->","yoast_head_json":{"title":"R\u00e9f\u00e9rencement naturel SEO Agadir - YES TO THE NET","description":"Besoin d\u2019un servie de r\u00e9f\u00e9rencement naturel SEO Agadir de haute qualit\u00e9 ? Contactez l'agence YES TO THE NET.","robots":{"index":"index","follow":"follow","max-snippet":"max-snippet:-1","max-image-preview":"max-image-preview:large","max-video-preview":"max-video-preview:-1"},"canonical":"https:\/\/yestothenet.com\/en\/natural-seo-agadir\/","og_locale":"en_US","og_type":"article","og_title":"R\u00e9f\u00e9rencement naturel SEO Agadir - YES TO THE NET","og_description":"Besoin d\u2019un servie de r\u00e9f\u00e9rencement naturel SEO Agadir de haute qualit\u00e9 ? Contactez l'agence YES TO THE NET.","og_url":"https:\/\/yestothenet.com\/en\/natural-seo-agadir\/","og_site_name":"Yes To The Net","article_publisher":"https:\/\/www.instagram.com\/yestothenet\/","article_modified_time":"2024-07-18T09:14:38+00:00","og_image":[{"url":"https:\/\/yestothenet.com\/wp-content\/uploads\/2024\/02\/referencement-naturel-SEO-Agadir-Essaouira-Taroudant-1024x576.jpg"}],"twitter_card":"summary_large_image","twitter_misc":{"Est. reading time":"3 minutes"},"schema":{"@context":"https:\/\/schema.org","@graph":[{"@type":"WebPage","@id":"https:\/\/yestothenet.com\/referencement-naturel-seo-agadir\/","url":"https:\/\/yestothenet.com\/referencement-naturel-seo-agadir\/","name":"R\u00e9f\u00e9rencement naturel SEO Agadir - YES TO THE NET","isPartOf":{"@id":"https:\/\/yestothenet.com\/#website"},"primaryImageOfPage":{"@id":"https:\/\/yestothenet.com\/referencement-naturel-seo-agadir\/#primaryimage"},"image":{"@id":"https:\/\/yestothenet.com\/referencement-naturel-seo-agadir\/#primaryimage"},"thumbnailUrl":"https:\/\/yestothenet.com\/wp-content\/uploads\/2024\/02\/referencement-naturel-SEO-Agadir-Essaouira-Taroudant-1024x576.jpg","datePublished":"2024-02-29T10:59:14+00:00","dateModified":"2024-07-18T09:14:38+00:00","description":"Besoin d\u2019un servie de r\u00e9f\u00e9rencement naturel SEO Agadir de haute qualit\u00e9 ? Contactez l'agence YES TO THE NET.","breadcrumb":{"@id":"https:\/\/yestothenet.com\/referencement-naturel-seo-agadir\/#breadcrumb"},"inLanguage":"en-US","potentialAction":[{"@type":"ReadAction","target":["https:\/\/yestothenet.com\/referencement-naturel-seo-agadir\/"]}]},{"@type":"ImageObject","inLanguage":"en-US","@id":"https:\/\/yestothenet.com\/referencement-naturel-seo-agadir\/#primaryimage","url":"https:\/\/yestothenet.com\/wp-content\/uploads\/2024\/02\/referencement-naturel-SEO-Agadir-Essaouira-Taroudant-1024x576.jpg","contentUrl":"https:\/\/yestothenet.com\/wp-content\/uploads\/2024\/02\/referencement-naturel-SEO-Agadir-Essaouira-Taroudant-1024x576.jpg"},{"@type":"BreadcrumbList","@id":"https:\/\/yestothenet.com\/referencement-naturel-seo-agadir\/#breadcrumb","itemListElement":[{"@type":"ListItem","position":1,"name":"Accueil","item":"https:\/\/yestothenet.com\/"},{"@type":"ListItem","position":2,"name":"&#8230; R\u00e9f\u00e9rencement naturel SEO Agadir"}]},{"@type":"WebSite","@id":"https:\/\/yestothenet.com\/#website","url":"https:\/\/yestothenet.com\/","name":"YES TO THE NET","description":"Votre agence de communication \u00e0 Marrakech","publisher":{"@id":"https:\/\/yestothenet.com\/#organization"},"potentialAction":[{"@type":"SearchAction","target":{"@type":"EntryPoint","urlTemplate":"https:\/\/yestothenet.com\/?s={search_term_string}"},"query-input":{"@type":"PropertyValueSpecification","valueRequired":true,"valueName":"search_term_string"}}],"inLanguage":"en-US"},{"@type":"Organization","@id":"https:\/\/yestothenet.com\/#organization","name":"YES TO THE NET","url":"https:\/\/yestothenet.com\/","logo":{"@type":"ImageObject","inLanguage":"en-US","@id":"https:\/\/yestothenet.com\/#\/schema\/logo\/image\/","url":"https:\/\/yestothenet.com\/wp-content\/uploads\/2024\/02\/cropped-YES_THE_TO_NET-removebg-preview.png","contentUrl":"https:\/\/yestothenet.com\/wp-content\/uploads\/2024\/02\/cropped-YES_THE_TO_NET-removebg-preview.png","width":512,"height":512,"caption":"YES TO THE NET"},"image":{"@id":"https:\/\/yestothenet.com\/#\/schema\/logo\/image\/"},"sameAs":["https:\/\/www.instagram.com\/yestothenet\/"]}]}},"_links":{"self":[{"href":"https:\/\/yestothenet.com\/en\/wp-json\/wp\/v2\/pages\/7394","targetHints":{"allow":["GET"]}}],"collection":[{"href":"https:\/\/yestothenet.com\/en\/wp-json\/wp\/v2\/pages"}],"about":[{"href":"https:\/\/yestothenet.com\/en\/wp-json\/wp\/v2\/types\/page"}],"author":[{"embeddable":true,"href":"https:\/\/yestothenet.com\/en\/wp-json\/wp\/v2\/users\/1"}],"replies":[{"embeddable":true,"href":"https:\/\/yestothenet.com\/en\/wp-json\/wp\/v2\/comments?post=7394"}],"version-history":[{"count":11,"href":"https:\/\/yestothenet.com\/en\/wp-json\/wp\/v2\/pages\/7394\/revisions"}],"predecessor-version":[{"id":8539,"href":"https:\/\/yestothenet.com\/en\/wp-json\/wp\/v2\/pages\/7394\/revisions\/8539"}],"wp:attachment":[{"href":"https:\/\/yestothenet.com\/en\/wp-json\/wp\/v2\/media?parent=7394"}],"curies":[{"name":"wp","href":"https:\/\/api.w.org\/{rel}","templated":true}]}}