{"id":7333,"date":"2024-02-12T11:22:51","date_gmt":"2024-02-12T10:22:51","guid":{"rendered":"https:\/\/yestothenet.com\/?page_id=7333"},"modified":"2024-02-12T11:28:49","modified_gmt":"2024-02-12T10:28:49","slug":"creation-application-mobile-laayoune-dakhla","status":"publish","type":"page","link":"https:\/\/yestothenet.com\/en\/creation-of-mobile-application-laayoune-dakhla\/","title":{"rendered":"\u2026 Creation of Mobile application Laayoune, Dakhla"},"content":{"rendered":"<div data-elementor-type=\"wp-page\" data-elementor-id=\"7333\" class=\"elementor elementor-7333\" data-elementor-post-type=\"page\">\n\t\t\t\t\t\t<section class=\"elementor-section elementor-top-section elementor-element elementor-element-2db1430 elementor-section-content-middle ot-traditional elementor-section-boxed elementor-section-height-default elementor-section-height-default\" data-id=\"2db1430\" data-element_type=\"section\">\n\t\t\t\t\t\t<div class=\"elementor-container elementor-column-gap-default\">\n\t\t\t\t\t<div class=\"elementor-column elementor-col-100 elementor-top-column elementor-element elementor-element-9ca7f6d ot-flex-column-vertical\" data-id=\"9ca7f6d\" data-element_type=\"column\">\n\t\t\t<div class=\"elementor-widget-wrap elementor-element-populated\">\n\t\t\t\t\t\t<section class=\"elementor-section elementor-inner-section elementor-element elementor-element-ae21701 elementor-section-content-top elementor-section-full_width ot-traditional elementor-section-height-default elementor-section-height-default\" data-id=\"ae21701\" data-element_type=\"section\">\n\t\t\t\t\t\t<div class=\"elementor-container elementor-column-gap-extended\">\n\t\t\t\t\t<div class=\"elementor-column elementor-col-50 elementor-inner-column elementor-element elementor-element-78f9ac9 ot-flex-column-vertical\" data-id=\"78f9ac9\" data-element_type=\"column\">\n\t\t\t<div class=\"elementor-widget-wrap elementor-element-populated\">\n\t\t\t\t\t\t<div class=\"elementor-element elementor-element-25eb330 elementor-widget elementor-widget-image\" data-id=\"25eb330\" data-element_type=\"widget\" data-widget_type=\"image.default\">\n\t\t\t\t<div class=\"elementor-widget-container\">\n\t\t\t\t\t\t\t\t\t\t\t\t\t<img fetchpriority=\"high\" decoding=\"async\" width=\"680\" height=\"452\" src=\"https:\/\/yestothenet.com\/wp-content\/uploads\/2024\/02\/YES-TO-THE-NET-Creation-application-Mobile-Laayoune-Dakhla.webp\" class=\"attachment-large size-large wp-image-7336\" alt=\"YES TO THE NET Mobile application creation Laayoune, Dakhla\" srcset=\"https:\/\/yestothenet.com\/wp-content\/uploads\/2024\/02\/YES-TO-THE-NET-Creation-application-Mobile-Laayoune-Dakhla.webp 680w, https:\/\/yestothenet.com\/wp-content\/uploads\/2024\/02\/YES-TO-THE-NET-Creation-application-Mobile-Laayoune-Dakhla-300x199.webp 300w\" sizes=\"(max-width: 680px) 100vw, 680px\" \/>\t\t\t\t\t\t\t\t\t\t\t\t\t<\/div>\n\t\t\t\t<\/div>\n\t\t\t\t\t<\/div>\n\t\t<\/div>\n\t\t\t\t<div class=\"elementor-column elementor-col-50 elementor-inner-column elementor-element elementor-element-dce0f81 ot-flex-column-vertical\" data-id=\"dce0f81\" data-element_type=\"column\">\n\t\t\t<div class=\"elementor-widget-wrap elementor-element-populated\">\n\t\t\t\t\t\t<div class=\"elementor-element elementor-element-ea79d5e elementor-widget elementor-widget-iheading\" data-id=\"ea79d5e\" data-element_type=\"widget\" data-widget_type=\"iheading.default\">\n\t\t\t\t<div class=\"elementor-widget-container\">\n\t\t\t\t\t<div class=\"ot-heading\">\r\n\t        <h1 class=\"main-heading\">YES TO THE NET \u2013 Expert in mobile application creation Laayoune, Dakhla<\/h1>\t    <\/div>\r\n\t    \t\t<\/div>\n\t\t\t\t<\/div>\n\t\t\t\t<div class=\"elementor-element elementor-element-734d7ce elementor-widget elementor-widget-text-editor\" data-id=\"734d7ce\" data-element_type=\"widget\" data-widget_type=\"text-editor.default\">\n\t\t\t\t<div class=\"elementor-widget-container\">\n\t\t\t\t\t\t\t<p>You are looking for a specialist in <strong>creation of mobile application Laayoune, Dakhla<\/strong>\u00a0Contact your YES TO THE NET communications agency. Our primary mission is to provide our clients with innovative digital solutions that not only captivate their target audience but also boost their business growth.<\/p><p>There <strong><a href=\"https:\/\/yestothenet.com\/en\/mobile-application-creation\/\">mobile application creation<\/a> Laayoune, Dakhla<\/strong> Mobile isn&#039;t just about keeping up with the latest technology trends; it&#039;s about creating an immersive user experience (UX) that reflects the essence of your brand and meets the specific needs of your customers. We guarantee a service that meets your expectations.<\/p><p>By choosing our services for the <strong>creation of mobile application Laayoune, Dakhla<\/strong>, you are investing in a solution that not only elevates your online presence but also supports your long-term business growth. For more information regarding our service, please do not hesitate to contact us at <a href=\"tel:06 61 26 30 34\"><strong>06 61 26 30 34<\/strong><\/a>.<\/p>\t\t\t\t\t\t<\/div>\n\t\t\t\t<\/div>\n\t\t\t\t\t<\/div>\n\t\t<\/div>\n\t\t\t\t\t<\/div>\n\t\t<\/section>\n\t\t\t\t\t<\/div>\n\t\t<\/div>\n\t\t\t\t\t<\/div>\n\t\t<\/section>\n\t\t\t\t<section class=\"elementor-section elementor-top-section elementor-element elementor-element-30c462d ot-traditional elementor-section-boxed elementor-section-height-default elementor-section-height-default\" data-id=\"30c462d\" data-element_type=\"section\">\n\t\t\t\t\t\t<div class=\"elementor-container elementor-column-gap-default\">\n\t\t\t\t\t<div class=\"elementor-column elementor-col-100 elementor-top-column elementor-element elementor-element-c788162 ot-flex-column-vertical\" data-id=\"c788162\" data-element_type=\"column\">\n\t\t\t<div class=\"elementor-widget-wrap elementor-element-populated\">\n\t\t\t\t\t\t<section class=\"elementor-section elementor-inner-section elementor-element elementor-element-ab020ed elementor-section-full_width elementor-section-content-bottom ot-traditional elementor-section-height-default elementor-section-height-default\" data-id=\"ab020ed\" data-element_type=\"section\" data-settings=\"{&quot;background_background&quot;:&quot;classic&quot;}\">\n\t\t\t\t\t\t\t<div class=\"elementor-background-overlay\"><\/div>\n\t\t\t\t\t\t\t<div class=\"elementor-container elementor-column-gap-extended\">\n\t\t\t\t\t<div class=\"elementor-column elementor-col-50 elementor-inner-column elementor-element elementor-element-ffaaf2a ot-flex-column-vertical\" data-id=\"ffaaf2a\" data-element_type=\"column\">\n\t\t\t<div class=\"elementor-widget-wrap elementor-element-populated\">\n\t\t\t\t\t\t<div class=\"elementor-element elementor-element-5ff7ce1 elementor-widget elementor-widget-iheading\" data-id=\"5ff7ce1\" data-element_type=\"widget\" data-widget_type=\"iheading.default\">\n\t\t\t\t<div class=\"elementor-widget-container\">\n\t\t\t\t\t<div class=\"ot-heading\">\r\n\t        \t            <span>\/\/ With YES TO THE NET,<\/span>\r\n\t        <h2 class=\"main-heading\">Contact us now <\/h2>\t    <\/div>\r\n\t    \t\t<\/div>\n\t\t\t\t<\/div>\n\t\t\t\t\t<\/div>\n\t\t<\/div>\n\t\t\t\t<div class=\"elementor-column elementor-col-50 elementor-inner-column elementor-element elementor-element-3fd82f3 ot-flex-column-vertical\" data-id=\"3fd82f3\" data-element_type=\"column\">\n\t\t\t<div class=\"elementor-widget-wrap elementor-element-populated\">\n\t\t\t\t\t\t<div class=\"elementor-element elementor-element-e146430 elementor-align-right elementor-mobile-align-left elementor-widget elementor-widget-button\" data-id=\"e146430\" data-element_type=\"widget\" data-widget_type=\"button.default\">\n\t\t\t\t<div class=\"elementor-widget-container\">\n\t\t\t\t\t<div class=\"elementor-button-wrapper\">\n\t\t\t<a class=\"elementor-button elementor-button-link elementor-size-md\" href=\"https:\/\/yestothenet.com\/en\/contact\/\">\n\t\t\t\t\t\t<span class=\"elementor-button-content-wrapper\">\n\t\t\t\t\t\t\t\t\t<span class=\"elementor-button-text\">Contact us<\/span>\n\t\t\t\t\t<\/span>\n\t\t\t\t\t<\/a>\n\t\t<\/div>\n\t\t\t\t<\/div>\n\t\t\t\t<\/div>\n\t\t\t\t\t<\/div>\n\t\t<\/div>\n\t\t\t\t\t<\/div>\n\t\t<\/section>\n\t\t\t\t\t<\/div>\n\t\t<\/div>\n\t\t\t\t\t<\/div>\n\t\t<\/section>\n\t\t\t\t<section class=\"elementor-section elementor-top-section elementor-element elementor-element-81a82a5 ot-traditional elementor-section-boxed elementor-section-height-default elementor-section-height-default\" data-id=\"81a82a5\" data-element_type=\"section\" data-settings=\"{&quot;background_background&quot;:&quot;classic&quot;}\">\n\t\t\t\t\t\t\t<div class=\"elementor-background-overlay\"><\/div>\n\t\t\t\t\t\t\t<div class=\"elementor-container elementor-column-gap-extended\">\n\t\t\t\t\t<div class=\"elementor-column elementor-col-50 elementor-top-column elementor-element elementor-element-18b89c0 ot-flex-column-vertical\" data-id=\"18b89c0\" data-element_type=\"column\">\n\t\t\t<div class=\"elementor-widget-wrap elementor-element-populated\">\n\t\t\t\t\t\t<section class=\"elementor-section elementor-inner-section elementor-element elementor-element-dd648d0 elementor-section-full_width ot-traditional elementor-section-height-default elementor-section-height-default\" data-id=\"dd648d0\" data-element_type=\"section\">\n\t\t\t\t\t\t<div class=\"elementor-container elementor-column-gap-default\">\n\t\t\t\t\t<div class=\"elementor-column elementor-col-100 elementor-inner-column elementor-element elementor-element-9c59460 ot-flex-column-vertical\" data-id=\"9c59460\" data-element_type=\"column\">\n\t\t\t<div class=\"elementor-widget-wrap elementor-element-populated\">\n\t\t\t\t\t\t<div class=\"elementor-element elementor-element-45e921b elementor-widget elementor-widget-iheading\" data-id=\"45e921b\" data-element_type=\"widget\" data-widget_type=\"iheading.default\">\n\t\t\t\t<div class=\"elementor-widget-container\">\n\t\t\t\t\t<div class=\"ot-heading\">\r\n\t        <h2 class=\"main-heading\">Transform Your Vision into Reality with YES TO THE NET: Creation of Innovative Mobile Applications in Laayoune and Dakhla<\/h2>\t    <\/div>\r\n\t    \t\t<\/div>\n\t\t\t\t<\/div>\n\t\t\t\t<div class=\"elementor-element elementor-element-9a4497b elementor-widget elementor-widget-text-editor\" data-id=\"9a4497b\" data-element_type=\"widget\" data-widget_type=\"text-editor.default\">\n\t\t\t\t<div class=\"elementor-widget-container\">\n\t\t\t\t\t\t\t<p>By using our mobile application creation service, you benefit from a number of advantages, namely:<\/p><p style=\"text-align: center;\"><strong>Technological Expertise:<\/strong><\/p><p>With a team of mobile app development experts, we are adept at using the latest technologies and frameworks, including iOS, Android, Flutter, and React Native, to name a few. This allows us to create high-performance, secure, and scalable apps that run smoothly across all devices and operating systems.<\/p><p style=\"text-align: center;\"><strong>User-Centered Approach:<\/strong><\/p><p>We believe the key to a successful app lies in an exceptional user experience. Our UX\/UI design process aims to create intuitive and engaging interfaces that facilitate user interaction with your app, thus increasing customer satisfaction and loyalty.<\/p><p style=\"text-align: center;\"><strong>Innovative Monetization Strategies:<\/strong><\/p><p>At YES TO THE NET, we go beyond app development by helping you develop effective monetization strategies. Whether it&#039;s subscription models, in-app advertising, or premium features, we help you maximize your revenue while delivering great value to your users.<\/p><p style=\"text-align: center;\"><strong>Data-Driven Analysis and Optimization:<\/strong><\/p><p>Using advanced analytics tools, we track your app&#039;s performance in real time, allowing us to continually optimize the user experience, improve features, and increase user engagement.<\/p><p style=\"text-align: center;\"><strong>Ongoing Support and Maintenance:<\/strong><\/p><p>Our commitment to our customers doesn&#039;t end after the app launch. YES TO THE NET offers ongoing support and maintenance to ensure your app stays up to date with the latest technology trends and market requirements.<\/p>\t\t\t\t\t\t<\/div>\n\t\t\t\t<\/div>\n\t\t\t\t\t<\/div>\n\t\t<\/div>\n\t\t\t\t\t<\/div>\n\t\t<\/section>\n\t\t\t\t\t<\/div>\n\t\t<\/div>\n\t\t\t\t<div class=\"elementor-column elementor-col-50 elementor-top-column elementor-element elementor-element-8a09494 ot-flex-column-vertical\" data-id=\"8a09494\" data-element_type=\"column\">\n\t\t\t<div class=\"elementor-widget-wrap elementor-element-populated\">\n\t\t\t\t\t\t<div class=\"elementor-element elementor-element-49ce0c4 elementor-widget elementor-widget-image\" data-id=\"49ce0c4\" data-element_type=\"widget\" data-widget_type=\"image.default\">\n\t\t\t\t<div class=\"elementor-widget-container\">\n\t\t\t\t\t\t\t\t\t\t\t\t\t<img decoding=\"async\" width=\"552\" height=\"452\" src=\"https:\/\/yestothenet.com\/wp-content\/uploads\/2024\/02\/YES-TO-THE-NET-Creation-application-Mobile-Laayoune-Dakhla-1.png\" class=\"attachment-large size-large wp-image-7337\" alt=\"YES TO THE NET Mobile application creation Laayoune, Dakhla\" srcset=\"https:\/\/yestothenet.com\/wp-content\/uploads\/2024\/02\/YES-TO-THE-NET-Creation-application-Mobile-Laayoune-Dakhla-1.png 552w, https:\/\/yestothenet.com\/wp-content\/uploads\/2024\/02\/YES-TO-THE-NET-Creation-application-Mobile-Laayoune-Dakhla-1-300x246.png 300w\" sizes=\"(max-width: 552px) 100vw, 552px\" \/>\t\t\t\t\t\t\t\t\t\t\t\t\t<\/div>\n\t\t\t\t<\/div>\n\t\t\t\t\t<\/div>\n\t\t<\/div>\n\t\t\t\t\t<\/div>\n\t\t<\/section>\n\t\t\t\t<\/div>","protected":false},"excerpt":{"rendered":"<p>YES TO THE NET \u2013 Expert en cr\u00e9ation application Mobile Laayoune, Dakhla Vous \u00eates \u00e0 la recherche d\u2019un sp\u00e9cialiste en cr\u00e9ation application Mobile Laayoune, Dakhla\u00a0? Adressez-vous \u00e0 votre agence de communication YES TO THE NET. Notre mission principale est de fournir \u00e0 nos clients des solutions digitales innovantes qui non seulement captivent leur audience cible [&hellip;]<\/p>","protected":false},"author":1,"featured_media":0,"parent":0,"menu_order":0,"comment_status":"closed","ping_status":"closed","template":"","meta":{"footnotes":""},"class_list":["post-7333","page","type-page","status-publish","hentry"],"yoast_head":"<!-- This site is optimized with the Yoast SEO plugin v23.6 - https:\/\/yoast.com\/wordpress\/plugins\/seo\/ -->\n<title>Cr\u00e9ation application Mobile Laayoune, Dakhla \u2013 YES TO THE NET<\/title>\n<meta name=\"description\" content=\"YES TO THE NET sp\u00e9cialis\u00e9e en cr\u00e9ation application Mobile Laayoune, Dakhla, transformant votre vision en solutions num\u00e9riques sur mesure.\" \/>\n<meta name=\"robots\" content=\"index, follow, max-snippet:-1, max-image-preview:large, max-video-preview:-1\" \/>\n<link rel=\"canonical\" href=\"https:\/\/yestothenet.com\/en\/creation-of-mobile-application-laayoune-dakhla\/\" \/>\n<meta property=\"og:locale\" content=\"en_US\" \/>\n<meta property=\"og:type\" content=\"article\" \/>\n<meta property=\"og:title\" content=\"Cr\u00e9ation application Mobile Laayoune, Dakhla \u2013 YES TO THE NET\" \/>\n<meta property=\"og:description\" content=\"YES TO THE NET sp\u00e9cialis\u00e9e en cr\u00e9ation application Mobile Laayoune, Dakhla, transformant votre vision en solutions num\u00e9riques sur mesure.\" \/>\n<meta property=\"og:url\" content=\"https:\/\/yestothenet.com\/en\/creation-of-mobile-application-laayoune-dakhla\/\" \/>\n<meta property=\"og:site_name\" content=\"Yes To The Net\" \/>\n<meta property=\"article:publisher\" content=\"https:\/\/www.instagram.com\/yestothenet\/\" \/>\n<meta property=\"article:modified_time\" content=\"2024-02-12T10:28:49+00:00\" \/>\n<meta property=\"og:image\" content=\"https:\/\/yestothenet.com\/wp-content\/uploads\/2024\/02\/YES-TO-THE-NET-Creation-application-Mobile-Laayoune-Dakhla.webp\" \/>\n<meta name=\"twitter:card\" content=\"summary_large_image\" \/>\n<meta name=\"twitter:label1\" content=\"Est. reading time\" \/>\n\t<meta name=\"twitter:data1\" content=\"3 minutes\" \/>\n<script type=\"application\/ld+json\" class=\"yoast-schema-graph\">{\"@context\":\"https:\/\/schema.org\",\"@graph\":[{\"@type\":\"WebPage\",\"@id\":\"https:\/\/yestothenet.com\/creation-application-mobile-laayoune-dakhla\/\",\"url\":\"https:\/\/yestothenet.com\/creation-application-mobile-laayoune-dakhla\/\",\"name\":\"Cr\u00e9ation application Mobile Laayoune, Dakhla \u2013 YES TO THE NET\",\"isPartOf\":{\"@id\":\"https:\/\/yestothenet.com\/#website\"},\"primaryImageOfPage\":{\"@id\":\"https:\/\/yestothenet.com\/creation-application-mobile-laayoune-dakhla\/#primaryimage\"},\"image\":{\"@id\":\"https:\/\/yestothenet.com\/creation-application-mobile-laayoune-dakhla\/#primaryimage\"},\"thumbnailUrl\":\"https:\/\/yestothenet.com\/wp-content\/uploads\/2024\/02\/YES-TO-THE-NET-Creation-application-Mobile-Laayoune-Dakhla.webp\",\"datePublished\":\"2024-02-12T10:22:51+00:00\",\"dateModified\":\"2024-02-12T10:28:49+00:00\",\"description\":\"YES TO THE NET sp\u00e9cialis\u00e9e en cr\u00e9ation application Mobile Laayoune, Dakhla, transformant votre vision en solutions num\u00e9riques sur mesure.\",\"breadcrumb\":{\"@id\":\"https:\/\/yestothenet.com\/creation-application-mobile-laayoune-dakhla\/#breadcrumb\"},\"inLanguage\":\"en-US\",\"potentialAction\":[{\"@type\":\"ReadAction\",\"target\":[\"https:\/\/yestothenet.com\/creation-application-mobile-laayoune-dakhla\/\"]}]},{\"@type\":\"ImageObject\",\"inLanguage\":\"en-US\",\"@id\":\"https:\/\/yestothenet.com\/creation-application-mobile-laayoune-dakhla\/#primaryimage\",\"url\":\"https:\/\/yestothenet.com\/wp-content\/uploads\/2024\/02\/YES-TO-THE-NET-Creation-application-Mobile-Laayoune-Dakhla.webp\",\"contentUrl\":\"https:\/\/yestothenet.com\/wp-content\/uploads\/2024\/02\/YES-TO-THE-NET-Creation-application-Mobile-Laayoune-Dakhla.webp\"},{\"@type\":\"BreadcrumbList\",\"@id\":\"https:\/\/yestothenet.com\/creation-application-mobile-laayoune-dakhla\/#breadcrumb\",\"itemListElement\":[{\"@type\":\"ListItem\",\"position\":1,\"name\":\"Accueil\",\"item\":\"https:\/\/yestothenet.com\/\"},{\"@type\":\"ListItem\",\"position\":2,\"name\":\"&#8230; Cr\u00e9ation application Mobile Laayoune, Dakhla\"}]},{\"@type\":\"WebSite\",\"@id\":\"https:\/\/yestothenet.com\/#website\",\"url\":\"https:\/\/yestothenet.com\/\",\"name\":\"YES TO THE NET\",\"description\":\"Votre agence de communication \u00e0 Marrakech\",\"publisher\":{\"@id\":\"https:\/\/yestothenet.com\/#organization\"},\"potentialAction\":[{\"@type\":\"SearchAction\",\"target\":{\"@type\":\"EntryPoint\",\"urlTemplate\":\"https:\/\/yestothenet.com\/?s={search_term_string}\"},\"query-input\":{\"@type\":\"PropertyValueSpecification\",\"valueRequired\":true,\"valueName\":\"search_term_string\"}}],\"inLanguage\":\"en-US\"},{\"@type\":\"Organization\",\"@id\":\"https:\/\/yestothenet.com\/#organization\",\"name\":\"YES TO THE NET\",\"url\":\"https:\/\/yestothenet.com\/\",\"logo\":{\"@type\":\"ImageObject\",\"inLanguage\":\"en-US\",\"@id\":\"https:\/\/yestothenet.com\/#\/schema\/logo\/image\/\",\"url\":\"https:\/\/yestothenet.com\/wp-content\/uploads\/2024\/02\/cropped-YES_THE_TO_NET-removebg-preview.png\",\"contentUrl\":\"https:\/\/yestothenet.com\/wp-content\/uploads\/2024\/02\/cropped-YES_THE_TO_NET-removebg-preview.png\",\"width\":512,\"height\":512,\"caption\":\"YES TO THE NET\"},\"image\":{\"@id\":\"https:\/\/yestothenet.com\/#\/schema\/logo\/image\/\"},\"sameAs\":[\"https:\/\/www.instagram.com\/yestothenet\/\"]}]}<\/script>\n<!-- \/ Yoast SEO plugin. -->","yoast_head_json":{"title":"Cr\u00e9ation application Mobile Laayoune, Dakhla \u2013 YES TO THE NET","description":"YES TO THE NET sp\u00e9cialis\u00e9e en cr\u00e9ation application Mobile Laayoune, Dakhla, transformant votre vision en solutions num\u00e9riques sur mesure.","robots":{"index":"index","follow":"follow","max-snippet":"max-snippet:-1","max-image-preview":"max-image-preview:large","max-video-preview":"max-video-preview:-1"},"canonical":"https:\/\/yestothenet.com\/en\/creation-of-mobile-application-laayoune-dakhla\/","og_locale":"en_US","og_type":"article","og_title":"Cr\u00e9ation application Mobile Laayoune, Dakhla \u2013 YES TO THE NET","og_description":"YES TO THE NET sp\u00e9cialis\u00e9e en cr\u00e9ation application Mobile Laayoune, Dakhla, transformant votre vision en solutions num\u00e9riques sur mesure.","og_url":"https:\/\/yestothenet.com\/en\/creation-of-mobile-application-laayoune-dakhla\/","og_site_name":"Yes To The Net","article_publisher":"https:\/\/www.instagram.com\/yestothenet\/","article_modified_time":"2024-02-12T10:28:49+00:00","og_image":[{"url":"https:\/\/yestothenet.com\/wp-content\/uploads\/2024\/02\/YES-TO-THE-NET-Creation-application-Mobile-Laayoune-Dakhla.webp"}],"twitter_card":"summary_large_image","twitter_misc":{"Est. reading time":"3 minutes"},"schema":{"@context":"https:\/\/schema.org","@graph":[{"@type":"WebPage","@id":"https:\/\/yestothenet.com\/creation-application-mobile-laayoune-dakhla\/","url":"https:\/\/yestothenet.com\/creation-application-mobile-laayoune-dakhla\/","name":"Cr\u00e9ation application Mobile Laayoune, Dakhla \u2013 YES TO THE NET","isPartOf":{"@id":"https:\/\/yestothenet.com\/#website"},"primaryImageOfPage":{"@id":"https:\/\/yestothenet.com\/creation-application-mobile-laayoune-dakhla\/#primaryimage"},"image":{"@id":"https:\/\/yestothenet.com\/creation-application-mobile-laayoune-dakhla\/#primaryimage"},"thumbnailUrl":"https:\/\/yestothenet.com\/wp-content\/uploads\/2024\/02\/YES-TO-THE-NET-Creation-application-Mobile-Laayoune-Dakhla.webp","datePublished":"2024-02-12T10:22:51+00:00","dateModified":"2024-02-12T10:28:49+00:00","description":"YES TO THE NET sp\u00e9cialis\u00e9e en cr\u00e9ation application Mobile Laayoune, Dakhla, transformant votre vision en solutions num\u00e9riques sur mesure.","breadcrumb":{"@id":"https:\/\/yestothenet.com\/creation-application-mobile-laayoune-dakhla\/#breadcrumb"},"inLanguage":"en-US","potentialAction":[{"@type":"ReadAction","target":["https:\/\/yestothenet.com\/creation-application-mobile-laayoune-dakhla\/"]}]},{"@type":"ImageObject","inLanguage":"en-US","@id":"https:\/\/yestothenet.com\/creation-application-mobile-laayoune-dakhla\/#primaryimage","url":"https:\/\/yestothenet.com\/wp-content\/uploads\/2024\/02\/YES-TO-THE-NET-Creation-application-Mobile-Laayoune-Dakhla.webp","contentUrl":"https:\/\/yestothenet.com\/wp-content\/uploads\/2024\/02\/YES-TO-THE-NET-Creation-application-Mobile-Laayoune-Dakhla.webp"},{"@type":"BreadcrumbList","@id":"https:\/\/yestothenet.com\/creation-application-mobile-laayoune-dakhla\/#breadcrumb","itemListElement":[{"@type":"ListItem","position":1,"name":"Accueil","item":"https:\/\/yestothenet.com\/"},{"@type":"ListItem","position":2,"name":"&#8230; Cr\u00e9ation application Mobile Laayoune, Dakhla"}]},{"@type":"WebSite","@id":"https:\/\/yestothenet.com\/#website","url":"https:\/\/yestothenet.com\/","name":"YES TO THE NET","description":"Votre agence de communication \u00e0 Marrakech","publisher":{"@id":"https:\/\/yestothenet.com\/#organization"},"potentialAction":[{"@type":"SearchAction","target":{"@type":"EntryPoint","urlTemplate":"https:\/\/yestothenet.com\/?s={search_term_string}"},"query-input":{"@type":"PropertyValueSpecification","valueRequired":true,"valueName":"search_term_string"}}],"inLanguage":"en-US"},{"@type":"Organization","@id":"https:\/\/yestothenet.com\/#organization","name":"YES TO THE NET","url":"https:\/\/yestothenet.com\/","logo":{"@type":"ImageObject","inLanguage":"en-US","@id":"https:\/\/yestothenet.com\/#\/schema\/logo\/image\/","url":"https:\/\/yestothenet.com\/wp-content\/uploads\/2024\/02\/cropped-YES_THE_TO_NET-removebg-preview.png","contentUrl":"https:\/\/yestothenet.com\/wp-content\/uploads\/2024\/02\/cropped-YES_THE_TO_NET-removebg-preview.png","width":512,"height":512,"caption":"YES TO THE NET"},"image":{"@id":"https:\/\/yestothenet.com\/#\/schema\/logo\/image\/"},"sameAs":["https:\/\/www.instagram.com\/yestothenet\/"]}]}},"_links":{"self":[{"href":"https:\/\/yestothenet.com\/en\/wp-json\/wp\/v2\/pages\/7333","targetHints":{"allow":["GET"]}}],"collection":[{"href":"https:\/\/yestothenet.com\/en\/wp-json\/wp\/v2\/pages"}],"about":[{"href":"https:\/\/yestothenet.com\/en\/wp-json\/wp\/v2\/types\/page"}],"author":[{"embeddable":true,"href":"https:\/\/yestothenet.com\/en\/wp-json\/wp\/v2\/users\/1"}],"replies":[{"embeddable":true,"href":"https:\/\/yestothenet.com\/en\/wp-json\/wp\/v2\/comments?post=7333"}],"version-history":[{"count":4,"href":"https:\/\/yestothenet.com\/en\/wp-json\/wp\/v2\/pages\/7333\/revisions"}],"predecessor-version":[{"id":7340,"href":"https:\/\/yestothenet.com\/en\/wp-json\/wp\/v2\/pages\/7333\/revisions\/7340"}],"wp:attachment":[{"href":"https:\/\/yestothenet.com\/en\/wp-json\/wp\/v2\/media?parent=7333"}],"curies":[{"name":"wp","href":"https:\/\/api.w.org\/{rel}","templated":true}]}}