{"id":7236,"date":"2024-01-24T12:34:35","date_gmt":"2024-01-24T11:34:35","guid":{"rendered":"https:\/\/yestothenet.com\/?page_id=7236"},"modified":"2024-07-18T11:07:17","modified_gmt":"2024-07-18T09:07:17","slug":"referencement-naturel-seo-safi","status":"publish","type":"page","link":"https:\/\/yestothenet.com\/en\/referencement-naturel-seo-safi\/","title":{"rendered":"&#8230; R\u00e9f\u00e9rencement naturel SEO Safi"},"content":{"rendered":"<div data-elementor-type=\"wp-page\" data-elementor-id=\"7236\" class=\"elementor elementor-7236\" data-elementor-post-type=\"page\">\n\t\t\t\t\t\t<section class=\"elementor-section elementor-top-section elementor-element elementor-element-2db1430 elementor-section-content-middle ot-traditional elementor-section-boxed elementor-section-height-default elementor-section-height-default\" data-id=\"2db1430\" data-element_type=\"section\">\n\t\t\t\t\t\t<div class=\"elementor-container elementor-column-gap-default\">\n\t\t\t\t\t<div class=\"elementor-column elementor-col-100 elementor-top-column elementor-element elementor-element-9ca7f6d ot-flex-column-vertical\" data-id=\"9ca7f6d\" data-element_type=\"column\">\n\t\t\t<div class=\"elementor-widget-wrap elementor-element-populated\">\n\t\t\t\t\t\t<section class=\"elementor-section elementor-inner-section elementor-element elementor-element-ae21701 elementor-section-content-top elementor-section-full_width ot-traditional elementor-section-height-default elementor-section-height-default\" data-id=\"ae21701\" data-element_type=\"section\">\n\t\t\t\t\t\t<div class=\"elementor-container elementor-column-gap-extended\">\n\t\t\t\t\t<div class=\"elementor-column elementor-col-50 elementor-inner-column elementor-element elementor-element-78f9ac9 ot-flex-column-vertical\" data-id=\"78f9ac9\" data-element_type=\"column\">\n\t\t\t<div class=\"elementor-widget-wrap elementor-element-populated\">\n\t\t\t\t\t\t<div class=\"elementor-element elementor-element-25eb330 elementor-widget elementor-widget-image\" data-id=\"25eb330\" data-element_type=\"widget\" data-widget_type=\"image.default\">\n\t\t\t\t<div class=\"elementor-widget-container\">\n\t\t\t\t\t\t\t\t\t\t\t\t\t<img fetchpriority=\"high\" decoding=\"async\" width=\"1024\" height=\"1024\" src=\"https:\/\/yestothenet.com\/wp-content\/uploads\/2024\/01\/referencement-naturel-SEO-Safi-Chichaoua-Ben-Guerir-Settat.webp\" class=\"attachment-large size-large wp-image-7239\" alt=\"r\u00e9f\u00e9rencement naturel SEO Safi\" srcset=\"https:\/\/yestothenet.com\/wp-content\/uploads\/2024\/01\/referencement-naturel-SEO-Safi-Chichaoua-Ben-Guerir-Settat.webp 1024w, https:\/\/yestothenet.com\/wp-content\/uploads\/2024\/01\/referencement-naturel-SEO-Safi-Chichaoua-Ben-Guerir-Settat-300x300.webp 300w, https:\/\/yestothenet.com\/wp-content\/uploads\/2024\/01\/referencement-naturel-SEO-Safi-Chichaoua-Ben-Guerir-Settat-150x150.webp 150w, https:\/\/yestothenet.com\/wp-content\/uploads\/2024\/01\/referencement-naturel-SEO-Safi-Chichaoua-Ben-Guerir-Settat-768x768.webp 768w, https:\/\/yestothenet.com\/wp-content\/uploads\/2024\/01\/referencement-naturel-SEO-Safi-Chichaoua-Ben-Guerir-Settat-720x720.webp 720w\" sizes=\"(max-width: 1024px) 100vw, 1024px\" \/>\t\t\t\t\t\t\t\t\t\t\t\t\t<\/div>\n\t\t\t\t<\/div>\n\t\t\t\t\t<\/div>\n\t\t<\/div>\n\t\t\t\t<div class=\"elementor-column elementor-col-50 elementor-inner-column elementor-element elementor-element-dce0f81 ot-flex-column-vertical\" data-id=\"dce0f81\" data-element_type=\"column\">\n\t\t\t<div class=\"elementor-widget-wrap elementor-element-populated\">\n\t\t\t\t\t\t<div class=\"elementor-element elementor-element-ea79d5e elementor-widget elementor-widget-iheading\" data-id=\"ea79d5e\" data-element_type=\"widget\" data-widget_type=\"iheading.default\">\n\t\t\t\t<div class=\"elementor-widget-container\">\n\t\t\t\t\t<div class=\"ot-heading\">\r\n\t        <h1 class=\"main-heading\">YES TO THE NET \u2013 R\u00e9f\u00e9rencement naturel SEO Safi<\/h1>\t    <\/div>\r\n\t    \t\t<\/div>\n\t\t\t\t<\/div>\n\t\t\t\t<div class=\"elementor-element elementor-element-734d7ce elementor-widget elementor-widget-text-editor\" data-id=\"734d7ce\" data-element_type=\"widget\" data-widget_type=\"text-editor.default\">\n\t\t\t\t<div class=\"elementor-widget-container\">\n\t\t\t\t\t\t\t<p>You need a specialist in <strong>r\u00e9f\u00e9rencement naturel SEO Safi\u00a0<\/strong>? Chez YES TO THE NET, nous comprenons l&rsquo;importance d&rsquo;\u00eatre visible et accessible sur Internet. En effet, Notre agence de communication est reconnue pour son professionnalisme et son expertise dans le domaine de marketing digital.<\/p><p>Our service of <strong><span style=\"color: #33cccc;\"><a style=\"color: #33cccc;\" href=\"https:\/\/yestothenet.com\/en\/natural-seo-referencing\/\">natural SEO referencing<\/a><\/span> Safi <\/strong>est con\u00e7u pour propulser votre entreprise au sommet des r\u00e9sultats de recherche, vous connectant ainsi avec votre public cible de mani\u00e8re efficace et durable. Nous vous garantissons un r\u00e9sultat \u00e0 la hauteur de vos attentes.<\/p><p>Le r\u00e9f\u00e9rencement naturel n&rsquo;est pas seulement une question de mots-cl\u00e9s et de liens. C&rsquo;est une strat\u00e9gie complexe qui n\u00e9cessite une compr\u00e9hension approfondie des algorithmes des moteurs de recherche, des tendances du march\u00e9 et du comportement des utilisateurs. Notre \u00e9quipe d&rsquo;experts en <strong>r\u00e9f\u00e9rencement naturel SEO Safi<\/strong>\u00a0poss\u00e8de cette expertise et cette exp\u00e9rience pour assurer que votre site Web ne se contente pas de suivre les tendances, mais les devance. N\u2019h\u00e9sitez pas \u00e0 nous contactez au <span style=\"color: #33cccc;\"><a style=\"color: #33cccc;\" href=\"tel:06 61 26 30 34\"><strong>06 61 26 30 34<\/strong><\/a><\/span>.<\/p>\t\t\t\t\t\t<\/div>\n\t\t\t\t<\/div>\n\t\t\t\t\t<\/div>\n\t\t<\/div>\n\t\t\t\t\t<\/div>\n\t\t<\/section>\n\t\t\t\t\t<\/div>\n\t\t<\/div>\n\t\t\t\t\t<\/div>\n\t\t<\/section>\n\t\t\t\t<section class=\"elementor-section elementor-top-section elementor-element elementor-element-30c462d ot-traditional elementor-section-boxed elementor-section-height-default elementor-section-height-default\" data-id=\"30c462d\" data-element_type=\"section\">\n\t\t\t\t\t\t<div class=\"elementor-container elementor-column-gap-default\">\n\t\t\t\t\t<div class=\"elementor-column elementor-col-100 elementor-top-column elementor-element elementor-element-c788162 ot-flex-column-vertical\" data-id=\"c788162\" data-element_type=\"column\">\n\t\t\t<div class=\"elementor-widget-wrap elementor-element-populated\">\n\t\t\t\t\t\t<section class=\"elementor-section elementor-inner-section elementor-element elementor-element-ab020ed elementor-section-full_width elementor-section-content-bottom ot-traditional elementor-section-height-default elementor-section-height-default\" data-id=\"ab020ed\" data-element_type=\"section\" data-settings=\"{&quot;background_background&quot;:&quot;classic&quot;}\">\n\t\t\t\t\t\t\t<div class=\"elementor-background-overlay\"><\/div>\n\t\t\t\t\t\t\t<div class=\"elementor-container elementor-column-gap-extended\">\n\t\t\t\t\t<div class=\"elementor-column elementor-col-50 elementor-inner-column elementor-element elementor-element-ffaaf2a ot-flex-column-vertical\" data-id=\"ffaaf2a\" data-element_type=\"column\">\n\t\t\t<div class=\"elementor-widget-wrap elementor-element-populated\">\n\t\t\t\t\t\t<div class=\"elementor-element elementor-element-5ff7ce1 elementor-widget elementor-widget-iheading\" data-id=\"5ff7ce1\" data-element_type=\"widget\" data-widget_type=\"iheading.default\">\n\t\t\t\t<div class=\"elementor-widget-container\">\n\t\t\t\t\t<div class=\"ot-heading\">\r\n\t        \t            <span>\/\/ With YES TO THE NET,<\/span>\r\n\t        <h2 class=\"main-heading\">Revolutionize Your Online Presence <\/h2>\t    <\/div>\r\n\t    \t\t<\/div>\n\t\t\t\t<\/div>\n\t\t\t\t\t<\/div>\n\t\t<\/div>\n\t\t\t\t<div class=\"elementor-column elementor-col-50 elementor-inner-column elementor-element elementor-element-3fd82f3 ot-flex-column-vertical\" data-id=\"3fd82f3\" data-element_type=\"column\">\n\t\t\t<div class=\"elementor-widget-wrap elementor-element-populated\">\n\t\t\t\t\t\t<div class=\"elementor-element elementor-element-e146430 elementor-align-right elementor-mobile-align-left elementor-widget elementor-widget-button\" data-id=\"e146430\" data-element_type=\"widget\" data-widget_type=\"button.default\">\n\t\t\t\t<div class=\"elementor-widget-container\">\n\t\t\t\t\t<div class=\"elementor-button-wrapper\">\n\t\t\t<a class=\"elementor-button elementor-button-link elementor-size-md\" href=\"https:\/\/yestothenet.com\/en\/contact\/\">\n\t\t\t\t\t\t<span class=\"elementor-button-content-wrapper\">\n\t\t\t\t\t\t\t\t\t<span class=\"elementor-button-text\">Contact us<\/span>\n\t\t\t\t\t<\/span>\n\t\t\t\t\t<\/a>\n\t\t<\/div>\n\t\t\t\t<\/div>\n\t\t\t\t<\/div>\n\t\t\t\t\t<\/div>\n\t\t<\/div>\n\t\t\t\t\t<\/div>\n\t\t<\/section>\n\t\t\t\t\t<\/div>\n\t\t<\/div>\n\t\t\t\t\t<\/div>\n\t\t<\/section>\n\t\t\t\t<section class=\"elementor-section elementor-top-section elementor-element elementor-element-81a82a5 ot-traditional elementor-section-boxed elementor-section-height-default elementor-section-height-default\" data-id=\"81a82a5\" data-element_type=\"section\" data-settings=\"{&quot;background_background&quot;:&quot;classic&quot;}\">\n\t\t\t\t\t\t\t<div class=\"elementor-background-overlay\"><\/div>\n\t\t\t\t\t\t\t<div class=\"elementor-container elementor-column-gap-extended\">\n\t\t\t\t\t<div class=\"elementor-column elementor-col-50 elementor-top-column elementor-element elementor-element-18b89c0 ot-flex-column-vertical\" data-id=\"18b89c0\" data-element_type=\"column\">\n\t\t\t<div class=\"elementor-widget-wrap elementor-element-populated\">\n\t\t\t\t\t\t<section class=\"elementor-section elementor-inner-section elementor-element elementor-element-dd648d0 elementor-section-full_width ot-traditional elementor-section-height-default elementor-section-height-default\" data-id=\"dd648d0\" data-element_type=\"section\">\n\t\t\t\t\t\t<div class=\"elementor-container elementor-column-gap-default\">\n\t\t\t\t\t<div class=\"elementor-column elementor-col-100 elementor-inner-column elementor-element elementor-element-9c59460 ot-flex-column-vertical\" data-id=\"9c59460\" data-element_type=\"column\">\n\t\t\t<div class=\"elementor-widget-wrap elementor-element-populated\">\n\t\t\t\t\t\t<div class=\"elementor-element elementor-element-45e921b elementor-widget elementor-widget-iheading\" data-id=\"45e921b\" data-element_type=\"widget\" data-widget_type=\"iheading.default\">\n\t\t\t\t<div class=\"elementor-widget-container\">\n\t\t\t\t\t<div class=\"ot-heading\">\r\n\t        <h2 class=\"main-heading\">Faites Briller votre Entreprise en Ligne avec notre service de r\u00e9f\u00e9rencement naturel SEO Safi<\/h2>\t    <\/div>\r\n\t    \t\t<\/div>\n\t\t\t\t<\/div>\n\t\t\t\t<div class=\"elementor-element elementor-element-9a4497b elementor-widget elementor-widget-text-editor\" data-id=\"9a4497b\" data-element_type=\"widget\" data-widget_type=\"text-editor.default\">\n\t\t\t\t<div class=\"elementor-widget-container\">\n\t\t\t\t\t\t\t<p>Chez YES TO THE NET, nous savons que chaque entreprise est unique. C&rsquo;est pourquoi nous ne nous contentons pas d&rsquo;appliquer une formule standard. Nous cr\u00e9ons des strat\u00e9gies de r\u00e9f\u00e9rencement personnalis\u00e9es qui tiennent compte de votre march\u00e9 cible, de vos objectifs commerciaux et de votre identit\u00e9 de marque. Que vous soyez une start-up innovante ou une entreprise \u00e9tablie, notre approche sur mesure garantit que votre pr\u00e9sence en ligne est optimis\u00e9e pour votre succ\u00e8s sp\u00e9cifique.<\/p><p>Notre engagement envers la qualit\u00e9 et les r\u00e9sultats \u00e0 long terme se refl\u00e8te dans notre approche du SEO. Nous utilisons des m\u00e9thodes \u00e9prouv\u00e9es et \u00e9thiques pour am\u00e9liorer votre classement dans les r\u00e9sultats de recherche, augmenter le trafic de votre site Web et renforcer votre pr\u00e9sence en ligne. Avec YES TO THE NET, vous b\u00e9n\u00e9ficiez non seulement d&rsquo;une am\u00e9lioration imm\u00e9diate de votre visibilit\u00e9 en ligne, mais aussi d&rsquo;une strat\u00e9gie durable qui soutient la croissance continue de votre entreprise.<\/p><p>Nous croyons en la construction de relations durables avec nos clients. Chez YES TO THE NET, la transparence est primordiale. Vous serez toujours inform\u00e9 des strat\u00e9gies utilis\u00e9es, des progr\u00e8s r\u00e9alis\u00e9s et des r\u00e9sultats obtenus. Nous travaillons en \u00e9troite collaboration avec vous pour nous assurer que nos efforts de SEO sont parfaitement align\u00e9s avec vos objectifs commerciaux.<\/p>\t\t\t\t\t\t<\/div>\n\t\t\t\t<\/div>\n\t\t\t\t\t<\/div>\n\t\t<\/div>\n\t\t\t\t\t<\/div>\n\t\t<\/section>\n\t\t\t\t\t<\/div>\n\t\t<\/div>\n\t\t\t\t<div class=\"elementor-column elementor-col-50 elementor-top-column elementor-element elementor-element-8a09494 ot-flex-column-vertical\" data-id=\"8a09494\" data-element_type=\"column\">\n\t\t\t<div class=\"elementor-widget-wrap elementor-element-populated\">\n\t\t\t\t\t\t<div class=\"elementor-element elementor-element-49ce0c4 elementor-widget elementor-widget-image\" data-id=\"49ce0c4\" data-element_type=\"widget\" data-widget_type=\"image.default\">\n\t\t\t\t<div class=\"elementor-widget-container\">\n\t\t\t\t\t\t\t\t\t\t\t\t\t<img decoding=\"async\" width=\"319\" height=\"158\" src=\"https:\/\/yestothenet.com\/wp-content\/uploads\/2024\/01\/referencement-naturel-SEO-Safi-Chichaoua-Ben-Guerir-Settat-ok.png\" class=\"attachment-large size-large wp-image-7241\" alt=\"r\u00e9f\u00e9rencement naturel SEO Safi\" srcset=\"https:\/\/yestothenet.com\/wp-content\/uploads\/2024\/01\/referencement-naturel-SEO-Safi-Chichaoua-Ben-Guerir-Settat-ok.png 319w, https:\/\/yestothenet.com\/wp-content\/uploads\/2024\/01\/referencement-naturel-SEO-Safi-Chichaoua-Ben-Guerir-Settat-ok-300x149.png 300w\" sizes=\"(max-width: 319px) 100vw, 319px\" \/>\t\t\t\t\t\t\t\t\t\t\t\t\t<\/div>\n\t\t\t\t<\/div>\n\t\t\t\t\t<\/div>\n\t\t<\/div>\n\t\t\t\t\t<\/div>\n\t\t<\/section>\n\t\t\t\t<\/div>","protected":false},"excerpt":{"rendered":"<p>YES TO THE NET \u2013 R\u00e9f\u00e9rencement naturel SEO Safi Vous avez besoin d\u2019un sp\u00e9cialiste en r\u00e9f\u00e9rencement naturel SEO Safi\u00a0? Chez YES TO THE NET, nous comprenons l&rsquo;importance d&rsquo;\u00eatre visible et accessible sur Internet. En effet, Notre agence de communication est reconnue pour son professionnalisme et son expertise dans le domaine de marketing digital. Notre service [&hellip;]<\/p>","protected":false},"author":1,"featured_media":0,"parent":0,"menu_order":0,"comment_status":"closed","ping_status":"closed","template":"","meta":{"footnotes":""},"class_list":["post-7236","page","type-page","status-publish","hentry"],"yoast_head":"<!-- This site is optimized with the Yoast SEO plugin v23.6 - https:\/\/yoast.com\/wordpress\/plugins\/seo\/ -->\n<title>R\u00e9f\u00e9rencement naturel SEO Safi - YES TO THE NET<\/title>\n<meta name=\"description\" content=\"Boostez votre entreprise avec YES TO THE NET : expert en R\u00e9f\u00e9rencement naturel SEO Safi et en cr\u00e9ation site web.\" \/>\n<meta name=\"robots\" content=\"index, follow, max-snippet:-1, max-image-preview:large, max-video-preview:-1\" \/>\n<link rel=\"canonical\" href=\"https:\/\/yestothenet.com\/en\/referencement-naturel-seo-safi\/\" \/>\n<meta property=\"og:locale\" content=\"en_US\" \/>\n<meta property=\"og:type\" content=\"article\" \/>\n<meta property=\"og:title\" content=\"R\u00e9f\u00e9rencement naturel SEO Safi - YES TO THE NET\" \/>\n<meta property=\"og:description\" content=\"Boostez votre entreprise avec YES TO THE NET : expert en R\u00e9f\u00e9rencement naturel SEO Safi et en cr\u00e9ation site web.\" \/>\n<meta property=\"og:url\" content=\"https:\/\/yestothenet.com\/en\/referencement-naturel-seo-safi\/\" \/>\n<meta property=\"og:site_name\" content=\"Yes To The Net\" \/>\n<meta property=\"article:publisher\" content=\"https:\/\/www.instagram.com\/yestothenet\/\" \/>\n<meta property=\"article:modified_time\" content=\"2024-07-18T09:07:17+00:00\" \/>\n<meta property=\"og:image\" content=\"https:\/\/yestothenet.com\/wp-content\/uploads\/2024\/01\/referencement-naturel-SEO-Safi-Chichaoua-Ben-Guerir-Settat.webp\" \/>\n<meta name=\"twitter:card\" content=\"summary_large_image\" \/>\n<meta name=\"twitter:label1\" content=\"Est. reading time\" \/>\n\t<meta name=\"twitter:data1\" content=\"3 minutes\" \/>\n<script type=\"application\/ld+json\" class=\"yoast-schema-graph\">{\"@context\":\"https:\/\/schema.org\",\"@graph\":[{\"@type\":\"WebPage\",\"@id\":\"https:\/\/yestothenet.com\/referencement-naturel-seo-safi\/\",\"url\":\"https:\/\/yestothenet.com\/referencement-naturel-seo-safi\/\",\"name\":\"R\u00e9f\u00e9rencement naturel SEO Safi - YES TO THE NET\",\"isPartOf\":{\"@id\":\"https:\/\/yestothenet.com\/#website\"},\"primaryImageOfPage\":{\"@id\":\"https:\/\/yestothenet.com\/referencement-naturel-seo-safi\/#primaryimage\"},\"image\":{\"@id\":\"https:\/\/yestothenet.com\/referencement-naturel-seo-safi\/#primaryimage\"},\"thumbnailUrl\":\"https:\/\/yestothenet.com\/wp-content\/uploads\/2024\/01\/referencement-naturel-SEO-Safi-Chichaoua-Ben-Guerir-Settat.webp\",\"datePublished\":\"2024-01-24T11:34:35+00:00\",\"dateModified\":\"2024-07-18T09:07:17+00:00\",\"description\":\"Boostez votre entreprise avec YES TO THE NET : expert en R\u00e9f\u00e9rencement naturel SEO Safi et en cr\u00e9ation site web.\",\"breadcrumb\":{\"@id\":\"https:\/\/yestothenet.com\/referencement-naturel-seo-safi\/#breadcrumb\"},\"inLanguage\":\"en-US\",\"potentialAction\":[{\"@type\":\"ReadAction\",\"target\":[\"https:\/\/yestothenet.com\/referencement-naturel-seo-safi\/\"]}]},{\"@type\":\"ImageObject\",\"inLanguage\":\"en-US\",\"@id\":\"https:\/\/yestothenet.com\/referencement-naturel-seo-safi\/#primaryimage\",\"url\":\"https:\/\/yestothenet.com\/wp-content\/uploads\/2024\/01\/referencement-naturel-SEO-Safi-Chichaoua-Ben-Guerir-Settat.webp\",\"contentUrl\":\"https:\/\/yestothenet.com\/wp-content\/uploads\/2024\/01\/referencement-naturel-SEO-Safi-Chichaoua-Ben-Guerir-Settat.webp\"},{\"@type\":\"BreadcrumbList\",\"@id\":\"https:\/\/yestothenet.com\/referencement-naturel-seo-safi\/#breadcrumb\",\"itemListElement\":[{\"@type\":\"ListItem\",\"position\":1,\"name\":\"Accueil\",\"item\":\"https:\/\/yestothenet.com\/\"},{\"@type\":\"ListItem\",\"position\":2,\"name\":\"&#8230; R\u00e9f\u00e9rencement naturel SEO Safi\"}]},{\"@type\":\"WebSite\",\"@id\":\"https:\/\/yestothenet.com\/#website\",\"url\":\"https:\/\/yestothenet.com\/\",\"name\":\"YES TO THE NET\",\"description\":\"Votre agence de communication \u00e0 Marrakech\",\"publisher\":{\"@id\":\"https:\/\/yestothenet.com\/#organization\"},\"potentialAction\":[{\"@type\":\"SearchAction\",\"target\":{\"@type\":\"EntryPoint\",\"urlTemplate\":\"https:\/\/yestothenet.com\/?s={search_term_string}\"},\"query-input\":{\"@type\":\"PropertyValueSpecification\",\"valueRequired\":true,\"valueName\":\"search_term_string\"}}],\"inLanguage\":\"en-US\"},{\"@type\":\"Organization\",\"@id\":\"https:\/\/yestothenet.com\/#organization\",\"name\":\"YES TO THE NET\",\"url\":\"https:\/\/yestothenet.com\/\",\"logo\":{\"@type\":\"ImageObject\",\"inLanguage\":\"en-US\",\"@id\":\"https:\/\/yestothenet.com\/#\/schema\/logo\/image\/\",\"url\":\"https:\/\/yestothenet.com\/wp-content\/uploads\/2024\/02\/cropped-YES_THE_TO_NET-removebg-preview.png\",\"contentUrl\":\"https:\/\/yestothenet.com\/wp-content\/uploads\/2024\/02\/cropped-YES_THE_TO_NET-removebg-preview.png\",\"width\":512,\"height\":512,\"caption\":\"YES TO THE NET\"},\"image\":{\"@id\":\"https:\/\/yestothenet.com\/#\/schema\/logo\/image\/\"},\"sameAs\":[\"https:\/\/www.instagram.com\/yestothenet\/\"]}]}<\/script>\n<!-- \/ Yoast SEO plugin. -->","yoast_head_json":{"title":"R\u00e9f\u00e9rencement naturel SEO Safi - YES TO THE NET","description":"Boostez votre entreprise avec YES TO THE NET : expert en R\u00e9f\u00e9rencement naturel SEO Safi et en cr\u00e9ation site web.","robots":{"index":"index","follow":"follow","max-snippet":"max-snippet:-1","max-image-preview":"max-image-preview:large","max-video-preview":"max-video-preview:-1"},"canonical":"https:\/\/yestothenet.com\/en\/referencement-naturel-seo-safi\/","og_locale":"en_US","og_type":"article","og_title":"R\u00e9f\u00e9rencement naturel SEO Safi - YES TO THE NET","og_description":"Boostez votre entreprise avec YES TO THE NET : expert en R\u00e9f\u00e9rencement naturel SEO Safi et en cr\u00e9ation site web.","og_url":"https:\/\/yestothenet.com\/en\/referencement-naturel-seo-safi\/","og_site_name":"Yes To The Net","article_publisher":"https:\/\/www.instagram.com\/yestothenet\/","article_modified_time":"2024-07-18T09:07:17+00:00","og_image":[{"url":"https:\/\/yestothenet.com\/wp-content\/uploads\/2024\/01\/referencement-naturel-SEO-Safi-Chichaoua-Ben-Guerir-Settat.webp"}],"twitter_card":"summary_large_image","twitter_misc":{"Est. reading time":"3 minutes"},"schema":{"@context":"https:\/\/schema.org","@graph":[{"@type":"WebPage","@id":"https:\/\/yestothenet.com\/referencement-naturel-seo-safi\/","url":"https:\/\/yestothenet.com\/referencement-naturel-seo-safi\/","name":"R\u00e9f\u00e9rencement naturel SEO Safi - YES TO THE NET","isPartOf":{"@id":"https:\/\/yestothenet.com\/#website"},"primaryImageOfPage":{"@id":"https:\/\/yestothenet.com\/referencement-naturel-seo-safi\/#primaryimage"},"image":{"@id":"https:\/\/yestothenet.com\/referencement-naturel-seo-safi\/#primaryimage"},"thumbnailUrl":"https:\/\/yestothenet.com\/wp-content\/uploads\/2024\/01\/referencement-naturel-SEO-Safi-Chichaoua-Ben-Guerir-Settat.webp","datePublished":"2024-01-24T11:34:35+00:00","dateModified":"2024-07-18T09:07:17+00:00","description":"Boostez votre entreprise avec YES TO THE NET : expert en R\u00e9f\u00e9rencement naturel SEO Safi et en cr\u00e9ation site web.","breadcrumb":{"@id":"https:\/\/yestothenet.com\/referencement-naturel-seo-safi\/#breadcrumb"},"inLanguage":"en-US","potentialAction":[{"@type":"ReadAction","target":["https:\/\/yestothenet.com\/referencement-naturel-seo-safi\/"]}]},{"@type":"ImageObject","inLanguage":"en-US","@id":"https:\/\/yestothenet.com\/referencement-naturel-seo-safi\/#primaryimage","url":"https:\/\/yestothenet.com\/wp-content\/uploads\/2024\/01\/referencement-naturel-SEO-Safi-Chichaoua-Ben-Guerir-Settat.webp","contentUrl":"https:\/\/yestothenet.com\/wp-content\/uploads\/2024\/01\/referencement-naturel-SEO-Safi-Chichaoua-Ben-Guerir-Settat.webp"},{"@type":"BreadcrumbList","@id":"https:\/\/yestothenet.com\/referencement-naturel-seo-safi\/#breadcrumb","itemListElement":[{"@type":"ListItem","position":1,"name":"Accueil","item":"https:\/\/yestothenet.com\/"},{"@type":"ListItem","position":2,"name":"&#8230; R\u00e9f\u00e9rencement naturel SEO Safi"}]},{"@type":"WebSite","@id":"https:\/\/yestothenet.com\/#website","url":"https:\/\/yestothenet.com\/","name":"YES TO THE NET","description":"Votre agence de communication \u00e0 Marrakech","publisher":{"@id":"https:\/\/yestothenet.com\/#organization"},"potentialAction":[{"@type":"SearchAction","target":{"@type":"EntryPoint","urlTemplate":"https:\/\/yestothenet.com\/?s={search_term_string}"},"query-input":{"@type":"PropertyValueSpecification","valueRequired":true,"valueName":"search_term_string"}}],"inLanguage":"en-US"},{"@type":"Organization","@id":"https:\/\/yestothenet.com\/#organization","name":"YES TO THE NET","url":"https:\/\/yestothenet.com\/","logo":{"@type":"ImageObject","inLanguage":"en-US","@id":"https:\/\/yestothenet.com\/#\/schema\/logo\/image\/","url":"https:\/\/yestothenet.com\/wp-content\/uploads\/2024\/02\/cropped-YES_THE_TO_NET-removebg-preview.png","contentUrl":"https:\/\/yestothenet.com\/wp-content\/uploads\/2024\/02\/cropped-YES_THE_TO_NET-removebg-preview.png","width":512,"height":512,"caption":"YES TO THE NET"},"image":{"@id":"https:\/\/yestothenet.com\/#\/schema\/logo\/image\/"},"sameAs":["https:\/\/www.instagram.com\/yestothenet\/"]}]}},"_links":{"self":[{"href":"https:\/\/yestothenet.com\/en\/wp-json\/wp\/v2\/pages\/7236","targetHints":{"allow":["GET"]}}],"collection":[{"href":"https:\/\/yestothenet.com\/en\/wp-json\/wp\/v2\/pages"}],"about":[{"href":"https:\/\/yestothenet.com\/en\/wp-json\/wp\/v2\/types\/page"}],"author":[{"embeddable":true,"href":"https:\/\/yestothenet.com\/en\/wp-json\/wp\/v2\/users\/1"}],"replies":[{"embeddable":true,"href":"https:\/\/yestothenet.com\/en\/wp-json\/wp\/v2\/comments?post=7236"}],"version-history":[{"count":11,"href":"https:\/\/yestothenet.com\/en\/wp-json\/wp\/v2\/pages\/7236\/revisions"}],"predecessor-version":[{"id":8534,"href":"https:\/\/yestothenet.com\/en\/wp-json\/wp\/v2\/pages\/7236\/revisions\/8534"}],"wp:attachment":[{"href":"https:\/\/yestothenet.com\/en\/wp-json\/wp\/v2\/media?parent=7236"}],"curies":[{"name":"wp","href":"https:\/\/api.w.org\/{rel}","templated":true}]}}