{"id":7174,"date":"2024-01-19T15:48:21","date_gmt":"2024-01-19T14:48:21","guid":{"rendered":"https:\/\/yestothenet.com\/?page_id=7174"},"modified":"2024-01-19T16:12:05","modified_gmt":"2024-01-19T15:12:05","slug":"creation-application-mobile-marrakech-safi-chichaoua-ben-guerir-settat","status":"publish","type":"page","link":"https:\/\/yestothenet.com\/en\/creation-of-mobile-application-marrakech-safi-chichaoua-ben-guerir-settat\/","title":{"rendered":"\u2026 Creation of mobile applications in Marrakech, Safi, Chichaoua, Ben Guerir, Settat"},"content":{"rendered":"<div data-elementor-type=\"wp-page\" data-elementor-id=\"7174\" class=\"elementor elementor-7174\" data-elementor-post-type=\"page\">\n\t\t\t\t\t\t<section class=\"elementor-section elementor-top-section elementor-element elementor-element-2db1430 elementor-section-content-middle ot-traditional elementor-section-boxed elementor-section-height-default elementor-section-height-default\" data-id=\"2db1430\" data-element_type=\"section\">\n\t\t\t\t\t\t<div class=\"elementor-container elementor-column-gap-default\">\n\t\t\t\t\t<div class=\"elementor-column elementor-col-100 elementor-top-column elementor-element elementor-element-9ca7f6d ot-flex-column-vertical\" data-id=\"9ca7f6d\" data-element_type=\"column\">\n\t\t\t<div class=\"elementor-widget-wrap elementor-element-populated\">\n\t\t\t\t\t\t<section class=\"elementor-section elementor-inner-section elementor-element elementor-element-ae21701 elementor-section-content-top elementor-section-full_width ot-traditional elementor-section-height-default elementor-section-height-default\" data-id=\"ae21701\" data-element_type=\"section\">\n\t\t\t\t\t\t<div class=\"elementor-container elementor-column-gap-extended\">\n\t\t\t\t\t<div class=\"elementor-column elementor-col-50 elementor-inner-column elementor-element elementor-element-78f9ac9 ot-flex-column-vertical\" data-id=\"78f9ac9\" data-element_type=\"column\">\n\t\t\t<div class=\"elementor-widget-wrap elementor-element-populated\">\n\t\t\t\t\t\t<div class=\"elementor-element elementor-element-25eb330 elementor-widget elementor-widget-image\" data-id=\"25eb330\" data-element_type=\"widget\" data-widget_type=\"image.default\">\n\t\t\t\t<div class=\"elementor-widget-container\">\n\t\t\t\t\t\t\t\t\t\t\t\t\t<img fetchpriority=\"high\" decoding=\"async\" width=\"550\" height=\"411\" src=\"https:\/\/yestothenet.com\/wp-content\/uploads\/2024\/01\/creation-application-Mobile-Marrakech-Safi-Chichaoua-Ben-Guerir-Settat.png\" class=\"attachment-large size-large wp-image-7180\" alt=\"creation of mobile applications in Marrakech, Safi, Chichaoua, Ben Guerir, Settat\" srcset=\"https:\/\/yestothenet.com\/wp-content\/uploads\/2024\/01\/creation-application-Mobile-Marrakech-Safi-Chichaoua-Ben-Guerir-Settat.png 550w, https:\/\/yestothenet.com\/wp-content\/uploads\/2024\/01\/creation-application-Mobile-Marrakech-Safi-Chichaoua-Ben-Guerir-Settat-300x224.png 300w\" sizes=\"(max-width: 550px) 100vw, 550px\" \/>\t\t\t\t\t\t\t\t\t\t\t\t\t<\/div>\n\t\t\t\t<\/div>\n\t\t\t\t\t<\/div>\n\t\t<\/div>\n\t\t\t\t<div class=\"elementor-column elementor-col-50 elementor-inner-column elementor-element elementor-element-dce0f81 ot-flex-column-vertical\" data-id=\"dce0f81\" data-element_type=\"column\">\n\t\t\t<div class=\"elementor-widget-wrap elementor-element-populated\">\n\t\t\t\t\t\t<div class=\"elementor-element elementor-element-ea79d5e elementor-widget elementor-widget-iheading\" data-id=\"ea79d5e\" data-element_type=\"widget\" data-widget_type=\"iheading.default\">\n\t\t\t\t<div class=\"elementor-widget-container\">\n\t\t\t\t\t<div class=\"ot-heading\">\r\n\t        <h1 class=\"main-heading\">YES TO THE NET \u2013 Mobile application creation Marrakech, Safi, Chichaoua, Ben Guerir, Settat<\/h1>\t    <\/div>\r\n\t    \t\t<\/div>\n\t\t\t\t<\/div>\n\t\t\t\t<div class=\"elementor-element elementor-element-734d7ce elementor-widget elementor-widget-text-editor\" data-id=\"734d7ce\" data-element_type=\"widget\" data-widget_type=\"text-editor.default\">\n\t\t\t\t<div class=\"elementor-widget-container\">\n\t\t\t\t\t\t\t<p>Do you have the key to digital success? YES TO THE NET opens the doors to mobile innovation! Indeed, our <span style=\"color: #000000;\"><a style=\"color: #000000;\" href=\"https:\/\/yestothenet.com\/en\">communications agency<\/a><\/span> provides you with a service of <strong>creation of mobile applications in Marrakech, Safi, Chichaoua, Ben Guerir, Settat <\/strong>of very high quality.<\/p><p>As a leader in the field of <strong><span style=\"color: #33cccc;\"><a style=\"color: #33cccc;\" href=\"https:\/\/yestothenet.com\/en\/mobile-application-creation\/\">mobile application creation<\/a><\/span> Marrakech, Safi, Chichaoua, Ben Guerir, Settat<\/strong>Our agency specializes in mobile application development, website creation, SEO, SEA, graphic design and custom web applications, designed to transform your vision into digital reality.<\/p><p>In a world where more than half of internet traffic comes from mobile devices, not having a dedicated app is a missed opportunity. Mobile apps provide a direct and interactive platform to engage your customers, improve the user experience, and increase brand loyalty. They also allow you to collect valuable data on user preferences and behaviors, which is crucial for adapting your services and products.<\/p><p>To learn more about our service <strong>creation of mobile applications Marrakech, Safi, Chichaoua, Ben Guerir, Settat,<\/strong> contact us at <span style=\"color: #33cccc;\"><a style=\"color: #33cccc;\" href=\"tel:06 61 26 30 34\"><strong>06 61 26 30 34<\/strong><\/a><\/span>.<\/p>\t\t\t\t\t\t<\/div>\n\t\t\t\t<\/div>\n\t\t\t\t\t<\/div>\n\t\t<\/div>\n\t\t\t\t\t<\/div>\n\t\t<\/section>\n\t\t\t\t\t<\/div>\n\t\t<\/div>\n\t\t\t\t\t<\/div>\n\t\t<\/section>\n\t\t\t\t<section class=\"elementor-section elementor-top-section elementor-element elementor-element-30c462d ot-traditional elementor-section-boxed elementor-section-height-default elementor-section-height-default\" data-id=\"30c462d\" data-element_type=\"section\">\n\t\t\t\t\t\t<div class=\"elementor-container elementor-column-gap-default\">\n\t\t\t\t\t<div class=\"elementor-column elementor-col-100 elementor-top-column elementor-element elementor-element-c788162 ot-flex-column-vertical\" data-id=\"c788162\" data-element_type=\"column\">\n\t\t\t<div class=\"elementor-widget-wrap elementor-element-populated\">\n\t\t\t\t\t\t<section class=\"elementor-section elementor-inner-section elementor-element elementor-element-ab020ed elementor-section-full_width elementor-section-content-bottom ot-traditional elementor-section-height-default elementor-section-height-default\" data-id=\"ab020ed\" data-element_type=\"section\" data-settings=\"{&quot;background_background&quot;:&quot;classic&quot;}\">\n\t\t\t\t\t\t\t<div class=\"elementor-background-overlay\"><\/div>\n\t\t\t\t\t\t\t<div class=\"elementor-container elementor-column-gap-extended\">\n\t\t\t\t\t<div class=\"elementor-column elementor-col-50 elementor-inner-column elementor-element elementor-element-ffaaf2a ot-flex-column-vertical\" data-id=\"ffaaf2a\" data-element_type=\"column\">\n\t\t\t<div class=\"elementor-widget-wrap elementor-element-populated\">\n\t\t\t\t\t\t<div class=\"elementor-element elementor-element-5ff7ce1 elementor-widget elementor-widget-iheading\" data-id=\"5ff7ce1\" data-element_type=\"widget\" data-widget_type=\"iheading.default\">\n\t\t\t\t<div class=\"elementor-widget-container\">\n\t\t\t\t\t<div class=\"ot-heading\">\r\n\t        \t            <span>\/\/ With YES TO THE NET,<\/span>\r\n\t        <h2 class=\"main-heading\">Revolutionize Your Online Presence <\/h2>\t    <\/div>\r\n\t    \t\t<\/div>\n\t\t\t\t<\/div>\n\t\t\t\t\t<\/div>\n\t\t<\/div>\n\t\t\t\t<div class=\"elementor-column elementor-col-50 elementor-inner-column elementor-element elementor-element-3fd82f3 ot-flex-column-vertical\" data-id=\"3fd82f3\" data-element_type=\"column\">\n\t\t\t<div class=\"elementor-widget-wrap elementor-element-populated\">\n\t\t\t\t\t\t<div class=\"elementor-element elementor-element-e146430 elementor-align-right elementor-mobile-align-left elementor-widget elementor-widget-button\" data-id=\"e146430\" data-element_type=\"widget\" data-widget_type=\"button.default\">\n\t\t\t\t<div class=\"elementor-widget-container\">\n\t\t\t\t\t<div class=\"elementor-button-wrapper\">\n\t\t\t<a class=\"elementor-button elementor-button-link elementor-size-md\" href=\"https:\/\/yestothenet.com\/en\/contact\/\">\n\t\t\t\t\t\t<span class=\"elementor-button-content-wrapper\">\n\t\t\t\t\t\t\t\t\t<span class=\"elementor-button-text\">Contact us<\/span>\n\t\t\t\t\t<\/span>\n\t\t\t\t\t<\/a>\n\t\t<\/div>\n\t\t\t\t<\/div>\n\t\t\t\t<\/div>\n\t\t\t\t\t<\/div>\n\t\t<\/div>\n\t\t\t\t\t<\/div>\n\t\t<\/section>\n\t\t\t\t\t<\/div>\n\t\t<\/div>\n\t\t\t\t\t<\/div>\n\t\t<\/section>\n\t\t\t\t<section class=\"elementor-section elementor-top-section elementor-element elementor-element-81a82a5 ot-traditional elementor-section-boxed elementor-section-height-default elementor-section-height-default\" data-id=\"81a82a5\" data-element_type=\"section\" data-settings=\"{&quot;background_background&quot;:&quot;classic&quot;}\">\n\t\t\t\t\t\t\t<div class=\"elementor-background-overlay\"><\/div>\n\t\t\t\t\t\t\t<div class=\"elementor-container elementor-column-gap-extended\">\n\t\t\t\t\t<div class=\"elementor-column elementor-col-50 elementor-top-column elementor-element elementor-element-18b89c0 ot-flex-column-vertical\" data-id=\"18b89c0\" data-element_type=\"column\">\n\t\t\t<div class=\"elementor-widget-wrap elementor-element-populated\">\n\t\t\t\t\t\t<section class=\"elementor-section elementor-inner-section elementor-element elementor-element-dd648d0 elementor-section-full_width ot-traditional elementor-section-height-default elementor-section-height-default\" data-id=\"dd648d0\" data-element_type=\"section\">\n\t\t\t\t\t\t<div class=\"elementor-container elementor-column-gap-default\">\n\t\t\t\t\t<div class=\"elementor-column elementor-col-100 elementor-inner-column elementor-element elementor-element-9c59460 ot-flex-column-vertical\" data-id=\"9c59460\" data-element_type=\"column\">\n\t\t\t<div class=\"elementor-widget-wrap elementor-element-populated\">\n\t\t\t\t\t\t<div class=\"elementor-element elementor-element-45e921b elementor-widget elementor-widget-iheading\" data-id=\"45e921b\" data-element_type=\"widget\" data-widget_type=\"iheading.default\">\n\t\t\t\t<div class=\"elementor-widget-container\">\n\t\t\t\t\t<div class=\"ot-heading\">\r\n\t        <h2 class=\"main-heading\">Benefit from our expertise in creating mobile applications in Marrakech, Safi, Chichaoua, Ben Guerir, and Settat.<\/h2>\t    <\/div>\r\n\t    \t\t<\/div>\n\t\t\t\t<\/div>\n\t\t\t\t<div class=\"elementor-element elementor-element-9a4497b elementor-widget elementor-widget-text-editor\" data-id=\"9a4497b\" data-element_type=\"widget\" data-widget_type=\"text-editor.default\">\n\t\t\t\t<div class=\"elementor-widget-container\">\n\t\t\t\t\t\t\t<p>At YES TO THE NET, we understand that every business is unique. That&#039;s why we take a personalized approach to every mobile app project. Our team of development, design, and marketing experts works closely with you to understand your specific needs and create an app that accurately reflects your brand and business goals.<\/p><p>Our development process begins with a thorough design phase where we define key features, user interface (UI), and user experience (UX). We use the latest technologies to ensure your app is not only aesthetically appealing, but also functional, fast, and secure. Whether you&#039;re targeting iOS, Android, or both, our team is skilled in cross-platform development to maximize your reach.<\/p>\t\t\t\t\t\t<\/div>\n\t\t\t\t<\/div>\n\t\t\t\t\t<\/div>\n\t\t<\/div>\n\t\t\t\t\t<\/div>\n\t\t<\/section>\n\t\t\t\t\t<\/div>\n\t\t<\/div>\n\t\t\t\t<div class=\"elementor-column elementor-col-50 elementor-top-column elementor-element elementor-element-8a09494 ot-flex-column-vertical\" data-id=\"8a09494\" data-element_type=\"column\">\n\t\t\t<div class=\"elementor-widget-wrap elementor-element-populated\">\n\t\t\t\t\t\t<div class=\"elementor-element elementor-element-49ce0c4 elementor-widget elementor-widget-image\" data-id=\"49ce0c4\" data-element_type=\"widget\" data-widget_type=\"image.default\">\n\t\t\t\t<div class=\"elementor-widget-container\">\n\t\t\t\t\t\t\t\t\t\t\t\t\t<img decoding=\"async\" width=\"1024\" height=\"536\" src=\"https:\/\/yestothenet.com\/wp-content\/uploads\/2024\/01\/creation-application-Mobile-Marrakech-Safi-Chichaoua-Ben-Guerir-Settat-2-1024x536.png\" class=\"attachment-large size-large wp-image-7181\" alt=\"creation of mobile applications in Marrakech, Safi, Chichaoua, Ben Guerir, Settat\" srcset=\"https:\/\/yestothenet.com\/wp-content\/uploads\/2024\/01\/creation-application-Mobile-Marrakech-Safi-Chichaoua-Ben-Guerir-Settat-2-1024x536.png 1024w, https:\/\/yestothenet.com\/wp-content\/uploads\/2024\/01\/creation-application-Mobile-Marrakech-Safi-Chichaoua-Ben-Guerir-Settat-2-300x157.png 300w, https:\/\/yestothenet.com\/wp-content\/uploads\/2024\/01\/creation-application-Mobile-Marrakech-Safi-Chichaoua-Ben-Guerir-Settat-2-768x402.png 768w, https:\/\/yestothenet.com\/wp-content\/uploads\/2024\/01\/creation-application-Mobile-Marrakech-Safi-Chichaoua-Ben-Guerir-Settat-2-720x377.png 720w, https:\/\/yestothenet.com\/wp-content\/uploads\/2024\/01\/creation-application-Mobile-Marrakech-Safi-Chichaoua-Ben-Guerir-Settat-2.png 1170w\" sizes=\"(max-width: 1024px) 100vw, 1024px\" \/>\t\t\t\t\t\t\t\t\t\t\t\t\t<\/div>\n\t\t\t\t<\/div>\n\t\t\t\t\t<\/div>\n\t\t<\/div>\n\t\t\t\t\t<\/div>\n\t\t<\/section>\n\t\t\t\t<\/div>","protected":false},"excerpt":{"rendered":"<p>YES TO THE NET \u2013 Cr\u00e9ation application Mobile Marrakech, Safi, Chichaoua, Ben Guerir, Settat Avez-vous la Cl\u00e9 du Succ\u00e8s Num\u00e9rique ? YES TO THE NET Vous Ouvre les Portes de l&rsquo;Innovation Mobile ! En effet, notre agence de communication met \u00e0 votre disposition un service de cr\u00e9ation application Mobile Marrakech, Safi, Chichaoua, Ben Guerir, Settat [&hellip;]<\/p>","protected":false},"author":1,"featured_media":0,"parent":0,"menu_order":0,"comment_status":"closed","ping_status":"closed","template":"","meta":{"footnotes":""},"class_list":["post-7174","page","type-page","status-publish","hentry"],"yoast_head":"<!-- This site is optimized with the Yoast SEO plugin v23.6 - https:\/\/yoast.com\/wordpress\/plugins\/seo\/ -->\n<title>Cr\u00e9ation application Mobile Marrakech, Safi, Chichaoua, Ben Guerir, Settat<\/title>\n<meta name=\"description\" content=\"YES TO THE NET : Transformez vos id\u00e9es avec notre service de Cr\u00e9ation application Mobile Marrakech, Safi, Chichaoua, Ben Guerir, Settat.\" \/>\n<meta name=\"robots\" content=\"index, follow, max-snippet:-1, max-image-preview:large, max-video-preview:-1\" \/>\n<link rel=\"canonical\" href=\"https:\/\/yestothenet.com\/en\/creation-of-mobile-application-marrakech-safi-chichaoua-ben-guerir-settat\/\" \/>\n<meta property=\"og:locale\" content=\"en_US\" \/>\n<meta property=\"og:type\" content=\"article\" \/>\n<meta property=\"og:title\" content=\"Cr\u00e9ation application Mobile Marrakech, Safi, Chichaoua, Ben Guerir, Settat\" \/>\n<meta property=\"og:description\" content=\"YES TO THE NET : Transformez vos id\u00e9es avec notre service de Cr\u00e9ation application Mobile Marrakech, Safi, Chichaoua, Ben Guerir, Settat.\" \/>\n<meta property=\"og:url\" content=\"https:\/\/yestothenet.com\/en\/creation-of-mobile-application-marrakech-safi-chichaoua-ben-guerir-settat\/\" \/>\n<meta property=\"og:site_name\" content=\"Yes To The Net\" \/>\n<meta property=\"article:publisher\" content=\"https:\/\/www.instagram.com\/yestothenet\/\" \/>\n<meta property=\"article:modified_time\" content=\"2024-01-19T15:12:05+00:00\" \/>\n<meta property=\"og:image\" content=\"https:\/\/yestothenet.com\/wp-content\/uploads\/2024\/01\/creation-application-Mobile-Marrakech-Safi-Chichaoua-Ben-Guerir-Settat.png\" \/>\n<meta name=\"twitter:card\" content=\"summary_large_image\" \/>\n<meta name=\"twitter:label1\" content=\"Est. reading time\" \/>\n\t<meta name=\"twitter:data1\" content=\"3 minutes\" \/>\n<script type=\"application\/ld+json\" class=\"yoast-schema-graph\">{\"@context\":\"https:\/\/schema.org\",\"@graph\":[{\"@type\":\"WebPage\",\"@id\":\"https:\/\/yestothenet.com\/creation-application-mobile-marrakech-safi-chichaoua-ben-guerir-settat\/\",\"url\":\"https:\/\/yestothenet.com\/creation-application-mobile-marrakech-safi-chichaoua-ben-guerir-settat\/\",\"name\":\"Cr\u00e9ation application Mobile Marrakech, Safi, Chichaoua, Ben Guerir, Settat\",\"isPartOf\":{\"@id\":\"https:\/\/yestothenet.com\/#website\"},\"primaryImageOfPage\":{\"@id\":\"https:\/\/yestothenet.com\/creation-application-mobile-marrakech-safi-chichaoua-ben-guerir-settat\/#primaryimage\"},\"image\":{\"@id\":\"https:\/\/yestothenet.com\/creation-application-mobile-marrakech-safi-chichaoua-ben-guerir-settat\/#primaryimage\"},\"thumbnailUrl\":\"https:\/\/yestothenet.com\/wp-content\/uploads\/2024\/01\/creation-application-Mobile-Marrakech-Safi-Chichaoua-Ben-Guerir-Settat.png\",\"datePublished\":\"2024-01-19T14:48:21+00:00\",\"dateModified\":\"2024-01-19T15:12:05+00:00\",\"description\":\"YES TO THE NET : Transformez vos id\u00e9es avec notre service de Cr\u00e9ation application Mobile Marrakech, Safi, Chichaoua, Ben Guerir, Settat.\",\"breadcrumb\":{\"@id\":\"https:\/\/yestothenet.com\/creation-application-mobile-marrakech-safi-chichaoua-ben-guerir-settat\/#breadcrumb\"},\"inLanguage\":\"en-US\",\"potentialAction\":[{\"@type\":\"ReadAction\",\"target\":[\"https:\/\/yestothenet.com\/creation-application-mobile-marrakech-safi-chichaoua-ben-guerir-settat\/\"]}]},{\"@type\":\"ImageObject\",\"inLanguage\":\"en-US\",\"@id\":\"https:\/\/yestothenet.com\/creation-application-mobile-marrakech-safi-chichaoua-ben-guerir-settat\/#primaryimage\",\"url\":\"https:\/\/yestothenet.com\/wp-content\/uploads\/2024\/01\/creation-application-Mobile-Marrakech-Safi-Chichaoua-Ben-Guerir-Settat.png\",\"contentUrl\":\"https:\/\/yestothenet.com\/wp-content\/uploads\/2024\/01\/creation-application-Mobile-Marrakech-Safi-Chichaoua-Ben-Guerir-Settat.png\"},{\"@type\":\"BreadcrumbList\",\"@id\":\"https:\/\/yestothenet.com\/creation-application-mobile-marrakech-safi-chichaoua-ben-guerir-settat\/#breadcrumb\",\"itemListElement\":[{\"@type\":\"ListItem\",\"position\":1,\"name\":\"Accueil\",\"item\":\"https:\/\/yestothenet.com\/\"},{\"@type\":\"ListItem\",\"position\":2,\"name\":\"&#8230; Cr\u00e9ation application Mobile Marrakech, Safi, Chichaoua, Ben Guerir, Settat\"}]},{\"@type\":\"WebSite\",\"@id\":\"https:\/\/yestothenet.com\/#website\",\"url\":\"https:\/\/yestothenet.com\/\",\"name\":\"YES TO THE NET\",\"description\":\"Votre agence de communication \u00e0 Marrakech\",\"publisher\":{\"@id\":\"https:\/\/yestothenet.com\/#organization\"},\"potentialAction\":[{\"@type\":\"SearchAction\",\"target\":{\"@type\":\"EntryPoint\",\"urlTemplate\":\"https:\/\/yestothenet.com\/?s={search_term_string}\"},\"query-input\":{\"@type\":\"PropertyValueSpecification\",\"valueRequired\":true,\"valueName\":\"search_term_string\"}}],\"inLanguage\":\"en-US\"},{\"@type\":\"Organization\",\"@id\":\"https:\/\/yestothenet.com\/#organization\",\"name\":\"YES TO THE NET\",\"url\":\"https:\/\/yestothenet.com\/\",\"logo\":{\"@type\":\"ImageObject\",\"inLanguage\":\"en-US\",\"@id\":\"https:\/\/yestothenet.com\/#\/schema\/logo\/image\/\",\"url\":\"https:\/\/yestothenet.com\/wp-content\/uploads\/2024\/02\/cropped-YES_THE_TO_NET-removebg-preview.png\",\"contentUrl\":\"https:\/\/yestothenet.com\/wp-content\/uploads\/2024\/02\/cropped-YES_THE_TO_NET-removebg-preview.png\",\"width\":512,\"height\":512,\"caption\":\"YES TO THE NET\"},\"image\":{\"@id\":\"https:\/\/yestothenet.com\/#\/schema\/logo\/image\/\"},\"sameAs\":[\"https:\/\/www.instagram.com\/yestothenet\/\"]}]}<\/script>\n<!-- \/ Yoast SEO plugin. -->","yoast_head_json":{"title":"Cr\u00e9ation application Mobile Marrakech, Safi, Chichaoua, Ben Guerir, Settat","description":"YES TO THE NET : Transformez vos id\u00e9es avec notre service de Cr\u00e9ation application Mobile Marrakech, Safi, Chichaoua, Ben Guerir, Settat.","robots":{"index":"index","follow":"follow","max-snippet":"max-snippet:-1","max-image-preview":"max-image-preview:large","max-video-preview":"max-video-preview:-1"},"canonical":"https:\/\/yestothenet.com\/en\/creation-of-mobile-application-marrakech-safi-chichaoua-ben-guerir-settat\/","og_locale":"en_US","og_type":"article","og_title":"Cr\u00e9ation application Mobile Marrakech, Safi, Chichaoua, Ben Guerir, Settat","og_description":"YES TO THE NET : Transformez vos id\u00e9es avec notre service de Cr\u00e9ation application Mobile Marrakech, Safi, Chichaoua, Ben Guerir, Settat.","og_url":"https:\/\/yestothenet.com\/en\/creation-of-mobile-application-marrakech-safi-chichaoua-ben-guerir-settat\/","og_site_name":"Yes To The Net","article_publisher":"https:\/\/www.instagram.com\/yestothenet\/","article_modified_time":"2024-01-19T15:12:05+00:00","og_image":[{"url":"https:\/\/yestothenet.com\/wp-content\/uploads\/2024\/01\/creation-application-Mobile-Marrakech-Safi-Chichaoua-Ben-Guerir-Settat.png"}],"twitter_card":"summary_large_image","twitter_misc":{"Est. reading time":"3 minutes"},"schema":{"@context":"https:\/\/schema.org","@graph":[{"@type":"WebPage","@id":"https:\/\/yestothenet.com\/creation-application-mobile-marrakech-safi-chichaoua-ben-guerir-settat\/","url":"https:\/\/yestothenet.com\/creation-application-mobile-marrakech-safi-chichaoua-ben-guerir-settat\/","name":"Cr\u00e9ation application Mobile Marrakech, Safi, Chichaoua, Ben Guerir, Settat","isPartOf":{"@id":"https:\/\/yestothenet.com\/#website"},"primaryImageOfPage":{"@id":"https:\/\/yestothenet.com\/creation-application-mobile-marrakech-safi-chichaoua-ben-guerir-settat\/#primaryimage"},"image":{"@id":"https:\/\/yestothenet.com\/creation-application-mobile-marrakech-safi-chichaoua-ben-guerir-settat\/#primaryimage"},"thumbnailUrl":"https:\/\/yestothenet.com\/wp-content\/uploads\/2024\/01\/creation-application-Mobile-Marrakech-Safi-Chichaoua-Ben-Guerir-Settat.png","datePublished":"2024-01-19T14:48:21+00:00","dateModified":"2024-01-19T15:12:05+00:00","description":"YES TO THE NET : Transformez vos id\u00e9es avec notre service de Cr\u00e9ation application Mobile Marrakech, Safi, Chichaoua, Ben Guerir, Settat.","breadcrumb":{"@id":"https:\/\/yestothenet.com\/creation-application-mobile-marrakech-safi-chichaoua-ben-guerir-settat\/#breadcrumb"},"inLanguage":"en-US","potentialAction":[{"@type":"ReadAction","target":["https:\/\/yestothenet.com\/creation-application-mobile-marrakech-safi-chichaoua-ben-guerir-settat\/"]}]},{"@type":"ImageObject","inLanguage":"en-US","@id":"https:\/\/yestothenet.com\/creation-application-mobile-marrakech-safi-chichaoua-ben-guerir-settat\/#primaryimage","url":"https:\/\/yestothenet.com\/wp-content\/uploads\/2024\/01\/creation-application-Mobile-Marrakech-Safi-Chichaoua-Ben-Guerir-Settat.png","contentUrl":"https:\/\/yestothenet.com\/wp-content\/uploads\/2024\/01\/creation-application-Mobile-Marrakech-Safi-Chichaoua-Ben-Guerir-Settat.png"},{"@type":"BreadcrumbList","@id":"https:\/\/yestothenet.com\/creation-application-mobile-marrakech-safi-chichaoua-ben-guerir-settat\/#breadcrumb","itemListElement":[{"@type":"ListItem","position":1,"name":"Accueil","item":"https:\/\/yestothenet.com\/"},{"@type":"ListItem","position":2,"name":"&#8230; Cr\u00e9ation application Mobile Marrakech, Safi, Chichaoua, Ben Guerir, Settat"}]},{"@type":"WebSite","@id":"https:\/\/yestothenet.com\/#website","url":"https:\/\/yestothenet.com\/","name":"YES TO THE NET","description":"Votre agence de communication \u00e0 Marrakech","publisher":{"@id":"https:\/\/yestothenet.com\/#organization"},"potentialAction":[{"@type":"SearchAction","target":{"@type":"EntryPoint","urlTemplate":"https:\/\/yestothenet.com\/?s={search_term_string}"},"query-input":{"@type":"PropertyValueSpecification","valueRequired":true,"valueName":"search_term_string"}}],"inLanguage":"en-US"},{"@type":"Organization","@id":"https:\/\/yestothenet.com\/#organization","name":"YES TO THE NET","url":"https:\/\/yestothenet.com\/","logo":{"@type":"ImageObject","inLanguage":"en-US","@id":"https:\/\/yestothenet.com\/#\/schema\/logo\/image\/","url":"https:\/\/yestothenet.com\/wp-content\/uploads\/2024\/02\/cropped-YES_THE_TO_NET-removebg-preview.png","contentUrl":"https:\/\/yestothenet.com\/wp-content\/uploads\/2024\/02\/cropped-YES_THE_TO_NET-removebg-preview.png","width":512,"height":512,"caption":"YES TO THE NET"},"image":{"@id":"https:\/\/yestothenet.com\/#\/schema\/logo\/image\/"},"sameAs":["https:\/\/www.instagram.com\/yestothenet\/"]}]}},"_links":{"self":[{"href":"https:\/\/yestothenet.com\/en\/wp-json\/wp\/v2\/pages\/7174","targetHints":{"allow":["GET"]}}],"collection":[{"href":"https:\/\/yestothenet.com\/en\/wp-json\/wp\/v2\/pages"}],"about":[{"href":"https:\/\/yestothenet.com\/en\/wp-json\/wp\/v2\/types\/page"}],"author":[{"embeddable":true,"href":"https:\/\/yestothenet.com\/en\/wp-json\/wp\/v2\/users\/1"}],"replies":[{"embeddable":true,"href":"https:\/\/yestothenet.com\/en\/wp-json\/wp\/v2\/comments?post=7174"}],"version-history":[{"count":10,"href":"https:\/\/yestothenet.com\/en\/wp-json\/wp\/v2\/pages\/7174\/revisions"}],"predecessor-version":[{"id":7190,"href":"https:\/\/yestothenet.com\/en\/wp-json\/wp\/v2\/pages\/7174\/revisions\/7190"}],"wp:attachment":[{"href":"https:\/\/yestothenet.com\/en\/wp-json\/wp\/v2\/media?parent=7174"}],"curies":[{"name":"wp","href":"https:\/\/api.w.org\/{rel}","templated":true}]}}