{"id":6944,"date":"2023-12-28T16:17:12","date_gmt":"2023-12-28T15:17:12","guid":{"rendered":"https:\/\/yestothenet.com\/?page_id=6944"},"modified":"2023-12-28T16:23:39","modified_gmt":"2023-12-28T15:23:39","slug":"creation-application-web-agadir-essaouira-taroudant","status":"publish","type":"page","link":"https:\/\/yestothenet.com\/en\/creation-of-web-application-in-agadir-essaouira-taroudant\/","title":{"rendered":"\u2026 Creation of web applications in Agadir, Essaouira, Taroudant"},"content":{"rendered":"<div data-elementor-type=\"wp-page\" data-elementor-id=\"6944\" class=\"elementor elementor-6944\" data-elementor-post-type=\"page\">\n\t\t\t\t\t\t<section class=\"elementor-section elementor-top-section elementor-element elementor-element-2db1430 elementor-section-content-middle ot-traditional elementor-section-boxed elementor-section-height-default elementor-section-height-default\" data-id=\"2db1430\" data-element_type=\"section\">\n\t\t\t\t\t\t<div class=\"elementor-container elementor-column-gap-default\">\n\t\t\t\t\t<div class=\"elementor-column elementor-col-100 elementor-top-column elementor-element elementor-element-9ca7f6d ot-flex-column-vertical\" data-id=\"9ca7f6d\" data-element_type=\"column\">\n\t\t\t<div class=\"elementor-widget-wrap elementor-element-populated\">\n\t\t\t\t\t\t<section class=\"elementor-section elementor-inner-section elementor-element elementor-element-ae21701 elementor-section-content-top elementor-section-full_width ot-traditional elementor-section-height-default elementor-section-height-default\" data-id=\"ae21701\" data-element_type=\"section\">\n\t\t\t\t\t\t<div class=\"elementor-container elementor-column-gap-extended\">\n\t\t\t\t\t<div class=\"elementor-column elementor-col-50 elementor-inner-column elementor-element elementor-element-78f9ac9 ot-flex-column-vertical\" data-id=\"78f9ac9\" data-element_type=\"column\">\n\t\t\t<div class=\"elementor-widget-wrap elementor-element-populated\">\n\t\t\t\t\t\t<div class=\"elementor-element elementor-element-25eb330 elementor-widget elementor-widget-image\" data-id=\"25eb330\" data-element_type=\"widget\" data-widget_type=\"image.default\">\n\t\t\t\t<div class=\"elementor-widget-container\">\n\t\t\t\t\t\t\t\t\t\t\t\t\t<img fetchpriority=\"high\" decoding=\"async\" width=\"600\" height=\"450\" src=\"https:\/\/yestothenet.com\/wp-content\/uploads\/2023\/12\/young-programmer-concentrated-working-project-600nw-1914164533.webp\" class=\"attachment-large size-large wp-image-6940\" alt=\"creation of web applications in Agadir, Essaouira, Taroudant\" srcset=\"https:\/\/yestothenet.com\/wp-content\/uploads\/2023\/12\/young-programmer-concentrated-working-project-600nw-1914164533.webp 600w, https:\/\/yestothenet.com\/wp-content\/uploads\/2023\/12\/young-programmer-concentrated-working-project-600nw-1914164533-300x225.webp 300w\" sizes=\"(max-width: 600px) 100vw, 600px\" \/>\t\t\t\t\t\t\t\t\t\t\t\t\t<\/div>\n\t\t\t\t<\/div>\n\t\t\t\t\t<\/div>\n\t\t<\/div>\n\t\t\t\t<div class=\"elementor-column elementor-col-50 elementor-inner-column elementor-element elementor-element-dce0f81 ot-flex-column-vertical\" data-id=\"dce0f81\" data-element_type=\"column\">\n\t\t\t<div class=\"elementor-widget-wrap elementor-element-populated\">\n\t\t\t\t\t\t<div class=\"elementor-element elementor-element-ea79d5e elementor-widget elementor-widget-iheading\" data-id=\"ea79d5e\" data-element_type=\"widget\" data-widget_type=\"iheading.default\">\n\t\t\t\t<div class=\"elementor-widget-container\">\n\t\t\t\t\t<div class=\"ot-heading\">\r\n\t        <h1 class=\"main-heading\">\nYES TO THE NET \u2013 Specialist in web application creation Agadir, Essaouira, Taroudant<\/h1>\t    <\/div>\r\n\t    \t\t<\/div>\n\t\t\t\t<\/div>\n\t\t\t\t<div class=\"elementor-element elementor-element-734d7ce elementor-widget elementor-widget-text-editor\" data-id=\"734d7ce\" data-element_type=\"widget\" data-widget_type=\"text-editor.default\">\n\t\t\t\t<div class=\"elementor-widget-container\">\n\t\t\t\t\t\t\t<p>Have you considered the impact that a <strong>creation of web applications in Agadir, Essaouira, Taroudant<\/strong> What impact could a custom web application have on your business? In today&#039;s digital world, online presence is crucial, and a custom web application can be the key to making your business stand out.<\/p><p>OUR <span style=\"color: #000000;\"><a style=\"color: #000000;\" href=\"https:\/\/yestothenet.com\/en\">communications agency<\/a><\/span>, YES TO THE NET, is specialized in <strong><span style=\"color: #33cccc;\"><a style=\"color: #33cccc;\" href=\"https:\/\/yestothenet.com\/en\/web-application-creation\/\">web application creation<\/a><\/span> Agadir, Essaouira, Taroudant<\/strong> customized solutions that specifically meet your business needs and objectives. Indeed, our web applications are designed to be not only aesthetically appealing, but also functionally robust. By focusing on an intuitive and engaging user experience, we ensure that your customers easily find what they need, thus increasing customer engagement and satisfaction.<\/p><p>We integrate the latest technologies and trends in web design to ensure you have a <strong>creation of web applications in Agadir, Essaouira, Taroudant<\/strong> at the forefront of innovation. We are at your disposal at <span style=\"color: #33cccc;\"><a style=\"color: #33cccc;\" href=\"tel:06 61 26 30 34\"><strong>06 61 26 30 34<\/strong><\/a><\/span> to answer your questions and provide you with a personalized quote as soon as possible.<\/p>\t\t\t\t\t\t<\/div>\n\t\t\t\t<\/div>\n\t\t\t\t\t<\/div>\n\t\t<\/div>\n\t\t\t\t\t<\/div>\n\t\t<\/section>\n\t\t\t\t\t<\/div>\n\t\t<\/div>\n\t\t\t\t\t<\/div>\n\t\t<\/section>\n\t\t\t\t<section class=\"elementor-section elementor-top-section elementor-element elementor-element-30c462d ot-traditional elementor-section-boxed elementor-section-height-default elementor-section-height-default\" data-id=\"30c462d\" data-element_type=\"section\">\n\t\t\t\t\t\t<div class=\"elementor-container elementor-column-gap-default\">\n\t\t\t\t\t<div class=\"elementor-column elementor-col-100 elementor-top-column elementor-element elementor-element-c788162 ot-flex-column-vertical\" data-id=\"c788162\" data-element_type=\"column\">\n\t\t\t<div class=\"elementor-widget-wrap elementor-element-populated\">\n\t\t\t\t\t\t<section class=\"elementor-section elementor-inner-section elementor-element elementor-element-ab020ed elementor-section-full_width elementor-section-content-bottom ot-traditional elementor-section-height-default elementor-section-height-default\" data-id=\"ab020ed\" data-element_type=\"section\" data-settings=\"{&quot;background_background&quot;:&quot;classic&quot;}\">\n\t\t\t\t\t\t\t<div class=\"elementor-background-overlay\"><\/div>\n\t\t\t\t\t\t\t<div class=\"elementor-container elementor-column-gap-extended\">\n\t\t\t\t\t<div class=\"elementor-column elementor-col-50 elementor-inner-column elementor-element elementor-element-ffaaf2a ot-flex-column-vertical\" data-id=\"ffaaf2a\" data-element_type=\"column\">\n\t\t\t<div class=\"elementor-widget-wrap elementor-element-populated\">\n\t\t\t\t\t\t<div class=\"elementor-element elementor-element-5ff7ce1 elementor-widget elementor-widget-iheading\" data-id=\"5ff7ce1\" data-element_type=\"widget\" data-widget_type=\"iheading.default\">\n\t\t\t\t<div class=\"elementor-widget-container\">\n\t\t\t\t\t<div class=\"ot-heading\">\r\n\t        \t            <span>\/\/ At Yes To The Net,<\/span>\r\n\t        <h2 class=\"main-heading\">Custom web application<\/h2>\t    <\/div>\r\n\t    \t\t<\/div>\n\t\t\t\t<\/div>\n\t\t\t\t\t<\/div>\n\t\t<\/div>\n\t\t\t\t<div class=\"elementor-column elementor-col-50 elementor-inner-column elementor-element elementor-element-3fd82f3 ot-flex-column-vertical\" data-id=\"3fd82f3\" data-element_type=\"column\">\n\t\t\t<div class=\"elementor-widget-wrap elementor-element-populated\">\n\t\t\t\t\t\t<div class=\"elementor-element elementor-element-e146430 elementor-align-right elementor-mobile-align-left elementor-widget elementor-widget-button\" data-id=\"e146430\" data-element_type=\"widget\" data-widget_type=\"button.default\">\n\t\t\t\t<div class=\"elementor-widget-container\">\n\t\t\t\t\t<div class=\"elementor-button-wrapper\">\n\t\t\t<a class=\"elementor-button elementor-button-link elementor-size-md\" href=\"https:\/\/yestothenet.com\/en\/contact\/\">\n\t\t\t\t\t\t<span class=\"elementor-button-content-wrapper\">\n\t\t\t\t\t\t\t\t\t<span class=\"elementor-button-text\">Contact us<\/span>\n\t\t\t\t\t<\/span>\n\t\t\t\t\t<\/a>\n\t\t<\/div>\n\t\t\t\t<\/div>\n\t\t\t\t<\/div>\n\t\t\t\t\t<\/div>\n\t\t<\/div>\n\t\t\t\t\t<\/div>\n\t\t<\/section>\n\t\t\t\t\t<\/div>\n\t\t<\/div>\n\t\t\t\t\t<\/div>\n\t\t<\/section>\n\t\t\t\t<section class=\"elementor-section elementor-top-section elementor-element elementor-element-81a82a5 ot-traditional elementor-section-boxed elementor-section-height-default elementor-section-height-default\" data-id=\"81a82a5\" data-element_type=\"section\" data-settings=\"{&quot;background_background&quot;:&quot;classic&quot;}\">\n\t\t\t\t\t\t\t<div class=\"elementor-background-overlay\"><\/div>\n\t\t\t\t\t\t\t<div class=\"elementor-container elementor-column-gap-extended\">\n\t\t\t\t\t<div class=\"elementor-column elementor-col-50 elementor-top-column elementor-element elementor-element-18b89c0 ot-flex-column-vertical\" data-id=\"18b89c0\" data-element_type=\"column\">\n\t\t\t<div class=\"elementor-widget-wrap elementor-element-populated\">\n\t\t\t\t\t\t<div class=\"elementor-element elementor-element-45e921b elementor-widget elementor-widget-iheading\" data-id=\"45e921b\" data-element_type=\"widget\" data-widget_type=\"iheading.default\">\n\t\t\t\t<div class=\"elementor-widget-container\">\n\t\t\t\t\t<div class=\"ot-heading\">\r\n\t        <h2 class=\"main-heading\">Contact your web application creation specialist in Agadir, Essaouira, Taroudant<\/h2>\t    <\/div>\r\n\t    \t\t<\/div>\n\t\t\t\t<\/div>\n\t\t\t\t<section class=\"elementor-section elementor-inner-section elementor-element elementor-element-dd648d0 elementor-section-full_width ot-traditional elementor-section-height-default elementor-section-height-default\" data-id=\"dd648d0\" data-element_type=\"section\">\n\t\t\t\t\t\t<div class=\"elementor-container elementor-column-gap-default\">\n\t\t\t\t\t<div class=\"elementor-column elementor-col-100 elementor-inner-column elementor-element elementor-element-9c59460 ot-flex-column-vertical\" data-id=\"9c59460\" data-element_type=\"column\">\n\t\t\t<div class=\"elementor-widget-wrap elementor-element-populated\">\n\t\t\t\t\t\t<div class=\"elementor-element elementor-element-9a4497b elementor-widget elementor-widget-text-editor\" data-id=\"9a4497b\" data-element_type=\"widget\" data-widget_type=\"text-editor.default\">\n\t\t\t\t<div class=\"elementor-widget-container\">\n\t\t\t\t\t\t\t<p>At YES TO THE NET, we don&#039;t just develop a functional web application; we create a digital experience that captivates and retains your audience. By thoroughly analyzing your target market and competitors, we identify unique opportunities to position your application to stand out.<\/p><p>Search engine optimization (SEO) is integrated from the beginning of development, ensuring your web application is easily found by those searching for your services or products. We implement effective content strategies to improve your online visibility and attract quality traffic to your application.<\/p><p>Personalization is key to user engagement. We develop tailored features that not only meet but exceed user expectations, creating a memorable and interactive experience. Whether through custom content management systems (CMS), e-commerce integrations, or interactive tools, we ensure your application serves your business objectives while delivering added value to your users.<\/p><p>In addition to creation, we offer ongoing maintenance and support services to ensure your web application evolves with your business and remains compliant with ever-changing standards and technologies. We understand that launching your application is just the beginning of its journey. That&#039;s why we&#039;re here to help ensure its long-term success.<\/p><p>At our digital communications agency, we transform your ideas into exceptional digital realities. Let us help you gain a head start in the digital world with a web application that exceeds all expectations.<\/p>\t\t\t\t\t\t<\/div>\n\t\t\t\t<\/div>\n\t\t\t\t\t<\/div>\n\t\t<\/div>\n\t\t\t\t\t<\/div>\n\t\t<\/section>\n\t\t\t\t\t<\/div>\n\t\t<\/div>\n\t\t\t\t<div class=\"elementor-column elementor-col-50 elementor-top-column elementor-element elementor-element-8a09494 ot-flex-column-vertical\" data-id=\"8a09494\" data-element_type=\"column\">\n\t\t\t<div class=\"elementor-widget-wrap elementor-element-populated\">\n\t\t\t\t\t\t<div class=\"elementor-element elementor-element-49ce0c4 elementor-widget elementor-widget-image\" data-id=\"49ce0c4\" data-element_type=\"widget\" data-widget_type=\"image.default\">\n\t\t\t\t<div class=\"elementor-widget-container\">\n\t\t\t\t\t\t\t\t\t\t\t\t\t<img decoding=\"async\" width=\"707\" height=\"452\" src=\"https:\/\/yestothenet.com\/wp-content\/uploads\/2023\/12\/faq-img1.png\" class=\"attachment-large size-large wp-image-6949\" alt=\"creation of web applications in Agadir, Essaouira, Taroudant\" srcset=\"https:\/\/yestothenet.com\/wp-content\/uploads\/2023\/12\/faq-img1.png 707w, https:\/\/yestothenet.com\/wp-content\/uploads\/2023\/12\/faq-img1-300x192.png 300w\" sizes=\"(max-width: 707px) 100vw, 707px\" \/>\t\t\t\t\t\t\t\t\t\t\t\t\t<\/div>\n\t\t\t\t<\/div>\n\t\t\t\t\t<\/div>\n\t\t<\/div>\n\t\t\t\t\t<\/div>\n\t\t<\/section>\n\t\t\t\t<\/div>","protected":false},"excerpt":{"rendered":"<p>YES TO THE NET \u2013 Sp\u00e9cialiste en cr\u00e9ation application Web Agadir, Essaouira, Taroudant Avez-vous envisag\u00e9 l&rsquo;impact qu&rsquo;une cr\u00e9ation application Web Agadir, Essaouira, Taroudant personnalis\u00e9e pourrait avoir sur votre entreprise ? Dans le monde num\u00e9rique d&rsquo;aujourd&rsquo;hui, la pr\u00e9sence en ligne est cruciale, et une application web sur mesure peut \u00eatre la cl\u00e9 pour d\u00e9marquer votre entreprise. [&hellip;]<\/p>","protected":false},"author":1,"featured_media":0,"parent":0,"menu_order":0,"comment_status":"closed","ping_status":"closed","template":"","meta":{"footnotes":""},"class_list":["post-6944","page","type-page","status-publish","hentry"],"yoast_head":"<!-- This site is optimized with the Yoast SEO plugin v23.6 - https:\/\/yoast.com\/wordpress\/plugins\/seo\/ -->\n<title>cr\u00e9ation application Web Agadir, Essaouira, Taroudant<\/title>\n<meta name=\"description\" content=\"Avec l\u2019agence YES TO THE NET, une cr\u00e9ation application Web Agadir, Essaouira, Taroudant uniques et personnalis\u00e9es.\" \/>\n<meta name=\"robots\" content=\"index, follow, max-snippet:-1, max-image-preview:large, max-video-preview:-1\" \/>\n<link rel=\"canonical\" href=\"https:\/\/yestothenet.com\/en\/creation-of-web-application-in-agadir-essaouira-taroudant\/\" \/>\n<meta property=\"og:locale\" content=\"en_US\" \/>\n<meta property=\"og:type\" content=\"article\" \/>\n<meta property=\"og:title\" content=\"cr\u00e9ation application Web Agadir, Essaouira, Taroudant\" \/>\n<meta property=\"og:description\" content=\"Avec l\u2019agence YES TO THE NET, une cr\u00e9ation application Web Agadir, Essaouira, Taroudant uniques et personnalis\u00e9es.\" \/>\n<meta property=\"og:url\" content=\"https:\/\/yestothenet.com\/en\/creation-of-web-application-in-agadir-essaouira-taroudant\/\" \/>\n<meta property=\"og:site_name\" content=\"Yes To The Net\" \/>\n<meta property=\"article:publisher\" content=\"https:\/\/www.instagram.com\/yestothenet\/\" \/>\n<meta property=\"article:modified_time\" content=\"2023-12-28T15:23:39+00:00\" \/>\n<meta property=\"og:image\" content=\"https:\/\/yestothenet.com\/wp-content\/uploads\/2023\/12\/young-programmer-concentrated-working-project-600nw-1914164533.webp\" \/>\n<meta name=\"twitter:card\" content=\"summary_large_image\" \/>\n<meta name=\"twitter:label1\" content=\"Est. reading time\" \/>\n\t<meta name=\"twitter:data1\" content=\"3 minutes\" \/>\n<script type=\"application\/ld+json\" class=\"yoast-schema-graph\">{\"@context\":\"https:\/\/schema.org\",\"@graph\":[{\"@type\":\"WebPage\",\"@id\":\"https:\/\/yestothenet.com\/creation-application-web-agadir-essaouira-taroudant\/\",\"url\":\"https:\/\/yestothenet.com\/creation-application-web-agadir-essaouira-taroudant\/\",\"name\":\"cr\u00e9ation application Web Agadir, Essaouira, Taroudant\",\"isPartOf\":{\"@id\":\"https:\/\/yestothenet.com\/#website\"},\"primaryImageOfPage\":{\"@id\":\"https:\/\/yestothenet.com\/creation-application-web-agadir-essaouira-taroudant\/#primaryimage\"},\"image\":{\"@id\":\"https:\/\/yestothenet.com\/creation-application-web-agadir-essaouira-taroudant\/#primaryimage\"},\"thumbnailUrl\":\"https:\/\/yestothenet.com\/wp-content\/uploads\/2023\/12\/young-programmer-concentrated-working-project-600nw-1914164533.webp\",\"datePublished\":\"2023-12-28T15:17:12+00:00\",\"dateModified\":\"2023-12-28T15:23:39+00:00\",\"description\":\"Avec l\u2019agence YES TO THE NET, une cr\u00e9ation application Web Agadir, Essaouira, Taroudant uniques et personnalis\u00e9es.\",\"breadcrumb\":{\"@id\":\"https:\/\/yestothenet.com\/creation-application-web-agadir-essaouira-taroudant\/#breadcrumb\"},\"inLanguage\":\"en-US\",\"potentialAction\":[{\"@type\":\"ReadAction\",\"target\":[\"https:\/\/yestothenet.com\/creation-application-web-agadir-essaouira-taroudant\/\"]}]},{\"@type\":\"ImageObject\",\"inLanguage\":\"en-US\",\"@id\":\"https:\/\/yestothenet.com\/creation-application-web-agadir-essaouira-taroudant\/#primaryimage\",\"url\":\"https:\/\/yestothenet.com\/wp-content\/uploads\/2023\/12\/young-programmer-concentrated-working-project-600nw-1914164533.webp\",\"contentUrl\":\"https:\/\/yestothenet.com\/wp-content\/uploads\/2023\/12\/young-programmer-concentrated-working-project-600nw-1914164533.webp\"},{\"@type\":\"BreadcrumbList\",\"@id\":\"https:\/\/yestothenet.com\/creation-application-web-agadir-essaouira-taroudant\/#breadcrumb\",\"itemListElement\":[{\"@type\":\"ListItem\",\"position\":1,\"name\":\"Accueil\",\"item\":\"https:\/\/yestothenet.com\/\"},{\"@type\":\"ListItem\",\"position\":2,\"name\":\"&#8230; Cr\u00e9ation application Web Agadir, Essaouira, Taroudant\"}]},{\"@type\":\"WebSite\",\"@id\":\"https:\/\/yestothenet.com\/#website\",\"url\":\"https:\/\/yestothenet.com\/\",\"name\":\"YES TO THE NET\",\"description\":\"Votre agence de communication \u00e0 Marrakech\",\"publisher\":{\"@id\":\"https:\/\/yestothenet.com\/#organization\"},\"potentialAction\":[{\"@type\":\"SearchAction\",\"target\":{\"@type\":\"EntryPoint\",\"urlTemplate\":\"https:\/\/yestothenet.com\/?s={search_term_string}\"},\"query-input\":{\"@type\":\"PropertyValueSpecification\",\"valueRequired\":true,\"valueName\":\"search_term_string\"}}],\"inLanguage\":\"en-US\"},{\"@type\":\"Organization\",\"@id\":\"https:\/\/yestothenet.com\/#organization\",\"name\":\"YES TO THE NET\",\"url\":\"https:\/\/yestothenet.com\/\",\"logo\":{\"@type\":\"ImageObject\",\"inLanguage\":\"en-US\",\"@id\":\"https:\/\/yestothenet.com\/#\/schema\/logo\/image\/\",\"url\":\"https:\/\/yestothenet.com\/wp-content\/uploads\/2024\/02\/cropped-YES_THE_TO_NET-removebg-preview.png\",\"contentUrl\":\"https:\/\/yestothenet.com\/wp-content\/uploads\/2024\/02\/cropped-YES_THE_TO_NET-removebg-preview.png\",\"width\":512,\"height\":512,\"caption\":\"YES TO THE NET\"},\"image\":{\"@id\":\"https:\/\/yestothenet.com\/#\/schema\/logo\/image\/\"},\"sameAs\":[\"https:\/\/www.instagram.com\/yestothenet\/\"]}]}<\/script>\n<!-- \/ Yoast SEO plugin. -->","yoast_head_json":{"title":"cr\u00e9ation application Web Agadir, Essaouira, Taroudant","description":"Avec l\u2019agence YES TO THE NET, une cr\u00e9ation application Web Agadir, Essaouira, Taroudant uniques et personnalis\u00e9es.","robots":{"index":"index","follow":"follow","max-snippet":"max-snippet:-1","max-image-preview":"max-image-preview:large","max-video-preview":"max-video-preview:-1"},"canonical":"https:\/\/yestothenet.com\/en\/creation-of-web-application-in-agadir-essaouira-taroudant\/","og_locale":"en_US","og_type":"article","og_title":"cr\u00e9ation application Web Agadir, Essaouira, Taroudant","og_description":"Avec l\u2019agence YES TO THE NET, une cr\u00e9ation application Web Agadir, Essaouira, Taroudant uniques et personnalis\u00e9es.","og_url":"https:\/\/yestothenet.com\/en\/creation-of-web-application-in-agadir-essaouira-taroudant\/","og_site_name":"Yes To The Net","article_publisher":"https:\/\/www.instagram.com\/yestothenet\/","article_modified_time":"2023-12-28T15:23:39+00:00","og_image":[{"url":"https:\/\/yestothenet.com\/wp-content\/uploads\/2023\/12\/young-programmer-concentrated-working-project-600nw-1914164533.webp"}],"twitter_card":"summary_large_image","twitter_misc":{"Est. reading time":"3 minutes"},"schema":{"@context":"https:\/\/schema.org","@graph":[{"@type":"WebPage","@id":"https:\/\/yestothenet.com\/creation-application-web-agadir-essaouira-taroudant\/","url":"https:\/\/yestothenet.com\/creation-application-web-agadir-essaouira-taroudant\/","name":"cr\u00e9ation application Web Agadir, Essaouira, Taroudant","isPartOf":{"@id":"https:\/\/yestothenet.com\/#website"},"primaryImageOfPage":{"@id":"https:\/\/yestothenet.com\/creation-application-web-agadir-essaouira-taroudant\/#primaryimage"},"image":{"@id":"https:\/\/yestothenet.com\/creation-application-web-agadir-essaouira-taroudant\/#primaryimage"},"thumbnailUrl":"https:\/\/yestothenet.com\/wp-content\/uploads\/2023\/12\/young-programmer-concentrated-working-project-600nw-1914164533.webp","datePublished":"2023-12-28T15:17:12+00:00","dateModified":"2023-12-28T15:23:39+00:00","description":"Avec l\u2019agence YES TO THE NET, une cr\u00e9ation application Web Agadir, Essaouira, Taroudant uniques et personnalis\u00e9es.","breadcrumb":{"@id":"https:\/\/yestothenet.com\/creation-application-web-agadir-essaouira-taroudant\/#breadcrumb"},"inLanguage":"en-US","potentialAction":[{"@type":"ReadAction","target":["https:\/\/yestothenet.com\/creation-application-web-agadir-essaouira-taroudant\/"]}]},{"@type":"ImageObject","inLanguage":"en-US","@id":"https:\/\/yestothenet.com\/creation-application-web-agadir-essaouira-taroudant\/#primaryimage","url":"https:\/\/yestothenet.com\/wp-content\/uploads\/2023\/12\/young-programmer-concentrated-working-project-600nw-1914164533.webp","contentUrl":"https:\/\/yestothenet.com\/wp-content\/uploads\/2023\/12\/young-programmer-concentrated-working-project-600nw-1914164533.webp"},{"@type":"BreadcrumbList","@id":"https:\/\/yestothenet.com\/creation-application-web-agadir-essaouira-taroudant\/#breadcrumb","itemListElement":[{"@type":"ListItem","position":1,"name":"Accueil","item":"https:\/\/yestothenet.com\/"},{"@type":"ListItem","position":2,"name":"&#8230; Cr\u00e9ation application Web Agadir, Essaouira, Taroudant"}]},{"@type":"WebSite","@id":"https:\/\/yestothenet.com\/#website","url":"https:\/\/yestothenet.com\/","name":"YES TO THE NET","description":"Votre agence de communication \u00e0 Marrakech","publisher":{"@id":"https:\/\/yestothenet.com\/#organization"},"potentialAction":[{"@type":"SearchAction","target":{"@type":"EntryPoint","urlTemplate":"https:\/\/yestothenet.com\/?s={search_term_string}"},"query-input":{"@type":"PropertyValueSpecification","valueRequired":true,"valueName":"search_term_string"}}],"inLanguage":"en-US"},{"@type":"Organization","@id":"https:\/\/yestothenet.com\/#organization","name":"YES TO THE NET","url":"https:\/\/yestothenet.com\/","logo":{"@type":"ImageObject","inLanguage":"en-US","@id":"https:\/\/yestothenet.com\/#\/schema\/logo\/image\/","url":"https:\/\/yestothenet.com\/wp-content\/uploads\/2024\/02\/cropped-YES_THE_TO_NET-removebg-preview.png","contentUrl":"https:\/\/yestothenet.com\/wp-content\/uploads\/2024\/02\/cropped-YES_THE_TO_NET-removebg-preview.png","width":512,"height":512,"caption":"YES TO THE NET"},"image":{"@id":"https:\/\/yestothenet.com\/#\/schema\/logo\/image\/"},"sameAs":["https:\/\/www.instagram.com\/yestothenet\/"]}]}},"_links":{"self":[{"href":"https:\/\/yestothenet.com\/en\/wp-json\/wp\/v2\/pages\/6944","targetHints":{"allow":["GET"]}}],"collection":[{"href":"https:\/\/yestothenet.com\/en\/wp-json\/wp\/v2\/pages"}],"about":[{"href":"https:\/\/yestothenet.com\/en\/wp-json\/wp\/v2\/types\/page"}],"author":[{"embeddable":true,"href":"https:\/\/yestothenet.com\/en\/wp-json\/wp\/v2\/users\/1"}],"replies":[{"embeddable":true,"href":"https:\/\/yestothenet.com\/en\/wp-json\/wp\/v2\/comments?post=6944"}],"version-history":[{"count":7,"href":"https:\/\/yestothenet.com\/en\/wp-json\/wp\/v2\/pages\/6944\/revisions"}],"predecessor-version":[{"id":6952,"href":"https:\/\/yestothenet.com\/en\/wp-json\/wp\/v2\/pages\/6944\/revisions\/6952"}],"wp:attachment":[{"href":"https:\/\/yestothenet.com\/en\/wp-json\/wp\/v2\/media?parent=6944"}],"curies":[{"name":"wp","href":"https:\/\/api.w.org\/{rel}","templated":true}]}}