{"id":6722,"date":"2023-12-18T16:29:23","date_gmt":"2023-12-18T15:29:23","guid":{"rendered":"https:\/\/yestothenet.com\/?page_id=6722"},"modified":"2024-03-05T12:46:01","modified_gmt":"2024-03-05T11:46:01","slug":"reference-e-leclerc","status":"publish","type":"page","link":"https:\/\/yestothenet.com\/en\/reference-e-leclerc\/","title":{"rendered":"E.Leclerc reference"},"content":{"rendered":"<div data-elementor-type=\"wp-page\" data-elementor-id=\"6722\" class=\"elementor elementor-6722\" data-elementor-post-type=\"page\">\n\t\t\t\t\t\t<section class=\"elementor-section elementor-top-section elementor-element elementor-element-d65a323 ot-traditional elementor-section-boxed elementor-section-height-default elementor-section-height-default\" data-id=\"d65a323\" data-element_type=\"section\">\n\t\t\t\t\t\t<div class=\"elementor-container elementor-column-gap-default\">\n\t\t\t\t\t<div class=\"elementor-column elementor-col-100 elementor-top-column elementor-element elementor-element-fb90fae ot-flex-column-vertical\" data-id=\"fb90fae\" data-element_type=\"column\">\n\t\t\t<div class=\"elementor-widget-wrap elementor-element-populated\">\n\t\t\t\t\t\t<div class=\"elementor-element elementor-element-3c5cc04 elementor-widget elementor-widget-button\" data-id=\"3c5cc04\" data-element_type=\"widget\" data-widget_type=\"button.default\">\n\t\t\t\t<div class=\"elementor-widget-container\">\n\t\t\t\t\t<div class=\"elementor-button-wrapper\">\n\t\t\t<a class=\"elementor-button elementor-button-link elementor-size-lg\" href=\"https:\/\/yestothenet.com\/en\/references\/\">\n\t\t\t\t\t\t<span class=\"elementor-button-content-wrapper\">\n\t\t\t\t\t\t<span class=\"elementor-button-icon\">\n\t\t\t\t<i aria-hidden=\"true\" class=\"fas fa-angle-left\"><\/i>\t\t\t<\/span>\n\t\t\t\t\t\t\t\t<\/span>\n\t\t\t\t\t<\/a>\n\t\t<\/div>\n\t\t\t\t<\/div>\n\t\t\t\t<\/div>\n\t\t\t\t\t<\/div>\n\t\t<\/div>\n\t\t\t\t\t<\/div>\n\t\t<\/section>\n\t\t\t\t<section class=\"elementor-section elementor-top-section elementor-element elementor-element-e3ad48e ot-traditional elementor-section-boxed elementor-section-height-default elementor-section-height-default\" data-id=\"e3ad48e\" data-element_type=\"section\">\n\t\t\t\t\t\t<div class=\"elementor-container elementor-column-gap-default\">\n\t\t\t\t\t<div class=\"elementor-column elementor-col-100 elementor-top-column elementor-element elementor-element-d02fae9 ot-flex-column-vertical\" data-id=\"d02fae9\" data-element_type=\"column\">\n\t\t\t<div class=\"elementor-widget-wrap elementor-element-populated\">\n\t\t\t\t\t\t<div class=\"elementor-element elementor-element-972ad14 elementor-widget elementor-widget-iheading\" data-id=\"972ad14\" data-element_type=\"widget\" data-widget_type=\"iheading.default\">\n\t\t\t\t<div class=\"elementor-widget-container\">\n\t\t\t\t\t<div class=\"ot-heading\">\r\n\t        <h1 class=\"main-heading\">PRO E.Leclerc: Revolutionizing Hotel and Restaurant Distribution with an Innovative E-commerce Platform<\/h1>\t    <\/div>\r\n\t    \t\t<\/div>\n\t\t\t\t<\/div>\n\t\t\t\t\t<\/div>\n\t\t<\/div>\n\t\t\t\t\t<\/div>\n\t\t<\/section>\n\t\t\t\t<section class=\"elementor-section elementor-top-section elementor-element elementor-element-56cf71e ot-traditional elementor-section-boxed elementor-section-height-default elementor-section-height-default\" data-id=\"56cf71e\" data-element_type=\"section\">\n\t\t\t\t\t\t<div class=\"elementor-container elementor-column-gap-default\">\n\t\t\t\t\t<div class=\"elementor-column elementor-col-100 elementor-top-column elementor-element elementor-element-a3370b8 ot-flex-column-vertical\" data-id=\"a3370b8\" data-element_type=\"column\">\n\t\t\t<div class=\"elementor-widget-wrap elementor-element-populated\">\n\t\t\t\t\t\t<div class=\"elementor-element elementor-element-ffe6258 elementor-widget elementor-widget-image\" data-id=\"ffe6258\" data-element_type=\"widget\" data-widget_type=\"image.default\">\n\t\t\t\t<div class=\"elementor-widget-container\">\n\t\t\t\t\t\t\t\t\t\t\t\t\t<img fetchpriority=\"high\" decoding=\"async\" width=\"768\" height=\"554\" src=\"https:\/\/yestothenet.com\/wp-content\/uploads\/2023\/12\/CONNEXION-1-2-768x554.jpg\" class=\"attachment-medium_large size-medium_large wp-image-6724\" alt=\"\" srcset=\"https:\/\/yestothenet.com\/wp-content\/uploads\/2023\/12\/CONNEXION-1-2-768x554.jpg 768w, https:\/\/yestothenet.com\/wp-content\/uploads\/2023\/12\/CONNEXION-1-2-300x216.jpg 300w, https:\/\/yestothenet.com\/wp-content\/uploads\/2023\/12\/CONNEXION-1-2-1024x739.jpg 1024w, https:\/\/yestothenet.com\/wp-content\/uploads\/2023\/12\/CONNEXION-1-2-1536x1108.jpg 1536w, https:\/\/yestothenet.com\/wp-content\/uploads\/2023\/12\/CONNEXION-1-2-720x519.jpg 720w, https:\/\/yestothenet.com\/wp-content\/uploads\/2023\/12\/CONNEXION-1-2.jpg 1600w\" sizes=\"(max-width: 768px) 100vw, 768px\" \/>\t\t\t\t\t\t\t\t\t\t\t\t\t<\/div>\n\t\t\t\t<\/div>\n\t\t\t\t\t<\/div>\n\t\t<\/div>\n\t\t\t\t\t<\/div>\n\t\t<\/section>\n\t\t\t\t<section class=\"elementor-section elementor-top-section elementor-element elementor-element-d7f7c5b ot-traditional elementor-section-boxed elementor-section-height-default elementor-section-height-default\" data-id=\"d7f7c5b\" data-element_type=\"section\">\n\t\t\t\t\t\t<div class=\"elementor-container elementor-column-gap-default\">\n\t\t\t\t\t<div class=\"elementor-column elementor-col-100 elementor-top-column elementor-element elementor-element-71d971e ot-flex-column-vertical\" data-id=\"71d971e\" data-element_type=\"column\">\n\t\t\t<div class=\"elementor-widget-wrap elementor-element-populated\">\n\t\t\t\t\t\t<div class=\"elementor-element elementor-element-ddc38a7 elementor-widget elementor-widget-text-editor\" data-id=\"ddc38a7\" data-element_type=\"widget\" data-widget_type=\"text-editor.default\">\n\t\t\t\t<div class=\"elementor-widget-container\">\n\t\t\t\t\t\t\t<p>In a strategic partnership with E. LECLERC, one of the leaders in the distribution sector, our agency took on the challenge of developing a revolutionary e-commerce platform, specially designed for professionals in the hotel and restaurant industry.<\/p>\t\t\t\t\t\t<\/div>\n\t\t\t\t<\/div>\n\t\t\t\t\t<\/div>\n\t\t<\/div>\n\t\t\t\t\t<\/div>\n\t\t<\/section>\n\t\t\t\t<section class=\"elementor-section elementor-top-section elementor-element elementor-element-2db1430 elementor-section-content-middle ot-traditional elementor-section-boxed elementor-section-height-default elementor-section-height-default\" data-id=\"2db1430\" data-element_type=\"section\">\n\t\t\t\t\t\t<div class=\"elementor-container elementor-column-gap-default\">\n\t\t\t\t\t<div class=\"elementor-column elementor-col-100 elementor-top-column elementor-element elementor-element-9ca7f6d ot-flex-column-vertical\" data-id=\"9ca7f6d\" data-element_type=\"column\">\n\t\t\t<div class=\"elementor-widget-wrap elementor-element-populated\">\n\t\t\t\t\t\t<section class=\"elementor-section elementor-inner-section elementor-element elementor-element-ae21701 elementor-section-content-top elementor-section-full_width ot-traditional elementor-section-height-default elementor-section-height-default\" data-id=\"ae21701\" data-element_type=\"section\">\n\t\t\t\t\t\t<div class=\"elementor-container elementor-column-gap-extended\">\n\t\t\t\t\t<div class=\"elementor-column elementor-col-50 elementor-inner-column elementor-element elementor-element-78f9ac9 ot-flex-column-vertical\" data-id=\"78f9ac9\" data-element_type=\"column\">\n\t\t\t<div class=\"elementor-widget-wrap elementor-element-populated\">\n\t\t\t\t\t\t<div class=\"elementor-element elementor-element-25eb330 elementor-widget__width-initial elementor-widget elementor-widget-image\" data-id=\"25eb330\" data-element_type=\"widget\" data-widget_type=\"image.default\">\n\t\t\t\t<div class=\"elementor-widget-container\">\n\t\t\t\t\t\t\t\t\t\t\t\t\t<img decoding=\"async\" width=\"727\" height=\"1536\" src=\"https:\/\/yestothenet.com\/wp-content\/uploads\/2023\/12\/HP_CONNECT\u0090-1-727x1536.jpg\" class=\"attachment-1536x1536 size-1536x1536 wp-image-6725\" alt=\"\" srcset=\"https:\/\/yestothenet.com\/wp-content\/uploads\/2023\/12\/HP_CONNECT\u0090-1-727x1536.jpg 727w, https:\/\/yestothenet.com\/wp-content\/uploads\/2023\/12\/HP_CONNECT\u0090-1-142x300.jpg 142w, https:\/\/yestothenet.com\/wp-content\/uploads\/2023\/12\/HP_CONNECT\u0090-1-485x1024.jpg 485w, https:\/\/yestothenet.com\/wp-content\/uploads\/2023\/12\/HP_CONNECT\u0090-1-768x1622.jpg 768w, https:\/\/yestothenet.com\/wp-content\/uploads\/2023\/12\/HP_CONNECT\u0090-1-969x2048.jpg 969w, https:\/\/yestothenet.com\/wp-content\/uploads\/2023\/12\/HP_CONNECT\u0090-1-720x1521.jpg 720w, https:\/\/yestothenet.com\/wp-content\/uploads\/2023\/12\/HP_CONNECT\u0090-1-scaled.jpg 1212w\" sizes=\"(max-width: 727px) 100vw, 727px\" \/>\t\t\t\t\t\t\t\t\t\t\t\t\t<\/div>\n\t\t\t\t<\/div>\n\t\t\t\t\t<\/div>\n\t\t<\/div>\n\t\t\t\t<div class=\"elementor-column elementor-col-50 elementor-inner-column elementor-element elementor-element-dce0f81 ot-flex-column-vertical\" data-id=\"dce0f81\" data-element_type=\"column\">\n\t\t\t<div class=\"elementor-widget-wrap elementor-element-populated\">\n\t\t\t\t\t\t<div class=\"elementor-element elementor-element-734d7ce elementor-widget__width-initial elementor-widget elementor-widget-text-editor\" data-id=\"734d7ce\" data-element_type=\"widget\" data-widget_type=\"text-editor.default\">\n\t\t\t\t<div class=\"elementor-widget-container\">\n\t\t\t\t\t\t\t<p>Our Mission:<\/p><p style=\"text-align: center;\"><strong>Development of a Complete E-commerce Platform:<\/strong><\/p><p>We designed and developed an intuitive e-commerce platform, providing quick and easy access to a wide range of products, from ultra-fresh and fresh items to various supplies. The goal was to create a one-stop shop for all the needs of food service professionals.<\/p><p style=\"text-align: center;\"><strong>Optimized User Experience:<\/strong><\/p><p>The focus was on user experience, with a user-friendly interface and advanced features such as personalized search, product recommendations, and a simplified ordering system. This approach aimed to maximize ease of use and efficiency for business users.<\/p><p style=\"text-align: center;\"><strong>Product Segment Management:<\/strong><\/p><p>Our team has worked meticulously to ensure a clear and organized presentation of the various product segments, allowing users to easily navigate between different categories and quickly find what they need.<\/p><p style=\"text-align: center;\"><strong>Digital Marketing Strategy:<\/strong><\/p><p>We developed a digital marketing strategy to promote the platform, using targeted campaigns to reach hospitality professionals. This strategy included SEO, email marketing, and social media campaigns.<\/p><p style=\"text-align: center;\"><strong>Impact and Results:<\/strong><\/p><p>The E.Leclerc PRO platform has transformed the way foodservice professionals source their products, bringing efficiency, convenience, and product diversity. The platform&#039;s launch was enthusiastically received, generating significant traffic and a significant increase in online orders. User feedback has been extremely positive, highlighting the ease of use and the variety of products available.<\/p>\t\t\t\t\t\t<\/div>\n\t\t\t\t<\/div>\n\t\t\t\t\t<\/div>\n\t\t<\/div>\n\t\t\t\t\t<\/div>\n\t\t<\/section>\n\t\t\t\t\t<\/div>\n\t\t<\/div>\n\t\t\t\t\t<\/div>\n\t\t<\/section>\n\t\t\t\t<section class=\"elementor-section elementor-top-section elementor-element elementor-element-7d88b95 ot-traditional elementor-section-boxed elementor-section-height-default elementor-section-height-default\" data-id=\"7d88b95\" data-element_type=\"section\">\n\t\t\t\t\t\t<div class=\"elementor-container elementor-column-gap-default\">\n\t\t\t\t\t<div class=\"elementor-column elementor-col-100 elementor-top-column elementor-element elementor-element-7f6e146 ot-flex-column-vertical\" data-id=\"7f6e146\" data-element_type=\"column\">\n\t\t\t<div class=\"elementor-widget-wrap elementor-element-populated\">\n\t\t\t\t\t\t<div class=\"elementor-element elementor-element-86ca570 elementor-widget elementor-widget-text-editor\" data-id=\"86ca570\" data-element_type=\"widget\" data-widget_type=\"text-editor.default\">\n\t\t\t\t<div class=\"elementor-widget-container\">\n\t\t\t\t\t\t\t<p>This project not only strengthened E. LECLERC&#039;s position in the food service distribution sector, but also demonstrated our ability to create sophisticated e-commerce solutions and integrate them into an effective digital marketing strategy. We are proud of our collaboration with E. LECLERC and look forward to the continued impact of this innovative initiative.<\/p>\t\t\t\t\t\t<\/div>\n\t\t\t\t<\/div>\n\t\t\t\t\t<\/div>\n\t\t<\/div>\n\t\t\t\t\t<\/div>\n\t\t<\/section>\n\t\t\t\t<section class=\"elementor-section elementor-top-section elementor-element elementor-element-0df023e ot-traditional elementor-section-boxed elementor-section-height-default elementor-section-height-default\" data-id=\"0df023e\" data-element_type=\"section\">\n\t\t\t\t\t\t<div class=\"elementor-container elementor-column-gap-default\">\n\t\t\t\t\t<div class=\"elementor-column elementor-col-100 elementor-top-column elementor-element elementor-element-133f94d ot-flex-column-vertical\" data-id=\"133f94d\" data-element_type=\"column\">\n\t\t\t<div class=\"elementor-widget-wrap elementor-element-populated\">\n\t\t\t\t\t\t<div class=\"elementor-element elementor-element-b9d2dd6 elementor-widget elementor-widget-image\" data-id=\"b9d2dd6\" data-element_type=\"widget\" data-widget_type=\"image.default\">\n\t\t\t\t<div class=\"elementor-widget-container\">\n\t\t\t\t\t\t\t\t\t\t\t\t\t<img decoding=\"async\" width=\"768\" height=\"757\" src=\"https:\/\/yestothenet.com\/wp-content\/uploads\/2023\/12\/INSCRIPTION-2-2-768x757.jpg\" class=\"attachment-medium_large size-medium_large wp-image-6726\" alt=\"\" srcset=\"https:\/\/yestothenet.com\/wp-content\/uploads\/2023\/12\/INSCRIPTION-2-2-768x757.jpg 768w, https:\/\/yestothenet.com\/wp-content\/uploads\/2023\/12\/INSCRIPTION-2-2-300x296.jpg 300w, https:\/\/yestothenet.com\/wp-content\/uploads\/2023\/12\/INSCRIPTION-2-2-1024x1010.jpg 1024w, https:\/\/yestothenet.com\/wp-content\/uploads\/2023\/12\/INSCRIPTION-2-2-1536x1515.jpg 1536w, https:\/\/yestothenet.com\/wp-content\/uploads\/2023\/12\/INSCRIPTION-2-2-720x710.jpg 720w, https:\/\/yestothenet.com\/wp-content\/uploads\/2023\/12\/INSCRIPTION-2-2.jpg 1600w\" sizes=\"(max-width: 768px) 100vw, 768px\" \/>\t\t\t\t\t\t\t\t\t\t\t\t\t<\/div>\n\t\t\t\t<\/div>\n\t\t\t\t\t<\/div>\n\t\t<\/div>\n\t\t\t\t\t<\/div>\n\t\t<\/section>\n\t\t\t\t<\/div>","protected":false},"excerpt":{"rendered":"<p>PRO E.Leclerc : R\u00e9volutionner la Distribution en H\u00f4tellerie et Restauration avec une Plateforme E-commerce Innovante Dans un partenariat strat\u00e9gique avec E. LECLERC, l&rsquo;un des leaders dans le domaine de la distribution, notre agence a relev\u00e9 le d\u00e9fi de d\u00e9velopper une plateforme e-commerce r\u00e9volutionnaire, sp\u00e9cialement con\u00e7ue pour les professionnels de l&rsquo;h\u00f4tellerie et de la restauration. Notre [&hellip;]<\/p>","protected":false},"author":1,"featured_media":0,"parent":0,"menu_order":0,"comment_status":"closed","ping_status":"closed","template":"","meta":{"footnotes":""},"class_list":["post-6722","page","type-page","status-publish","hentry"],"yoast_head":"<!-- This site is optimized with the Yoast SEO plugin v23.6 - https:\/\/yoast.com\/wordpress\/plugins\/seo\/ -->\n<title>Nos r\u00e9f\u00e9rences E.Leclerc \u2013 L&#039;agence YES TO THE NET<\/title>\n<meta name=\"description\" content=\"D\u00e9couvrez nos r\u00e9f\u00e9rences de la marque E.Leclerc. Sollicitez de savoir-faire de votre agence de communication YES TO THE NET.\" \/>\n<meta name=\"robots\" content=\"index, follow, max-snippet:-1, max-image-preview:large, max-video-preview:-1\" \/>\n<link rel=\"canonical\" href=\"https:\/\/yestothenet.com\/en\/reference-e-leclerc\/\" \/>\n<meta property=\"og:locale\" content=\"en_US\" \/>\n<meta property=\"og:type\" content=\"article\" \/>\n<meta property=\"og:title\" content=\"Nos r\u00e9f\u00e9rences E.Leclerc \u2013 L&#039;agence YES TO THE NET\" \/>\n<meta property=\"og:description\" content=\"D\u00e9couvrez nos r\u00e9f\u00e9rences de la marque E.Leclerc. Sollicitez de savoir-faire de votre agence de communication YES TO THE NET.\" \/>\n<meta property=\"og:url\" content=\"https:\/\/yestothenet.com\/en\/reference-e-leclerc\/\" \/>\n<meta property=\"og:site_name\" content=\"Yes To The Net\" \/>\n<meta property=\"article:publisher\" content=\"https:\/\/www.instagram.com\/yestothenet\/\" \/>\n<meta property=\"article:modified_time\" content=\"2024-03-05T11:46:01+00:00\" \/>\n<meta property=\"og:image\" content=\"https:\/\/yestothenet.com\/wp-content\/uploads\/2023\/12\/CONNEXION-1-2-768x554.jpg\" \/>\n<meta name=\"twitter:card\" content=\"summary_large_image\" \/>\n<meta name=\"twitter:label1\" content=\"Est. reading time\" \/>\n\t<meta name=\"twitter:data1\" content=\"3 minutes\" \/>\n<script type=\"application\/ld+json\" class=\"yoast-schema-graph\">{\"@context\":\"https:\/\/schema.org\",\"@graph\":[{\"@type\":\"WebPage\",\"@id\":\"https:\/\/yestothenet.com\/reference-e-leclerc\/\",\"url\":\"https:\/\/yestothenet.com\/reference-e-leclerc\/\",\"name\":\"Nos r\u00e9f\u00e9rences E.Leclerc \u2013 L'agence YES TO THE NET\",\"isPartOf\":{\"@id\":\"https:\/\/yestothenet.com\/#website\"},\"primaryImageOfPage\":{\"@id\":\"https:\/\/yestothenet.com\/reference-e-leclerc\/#primaryimage\"},\"image\":{\"@id\":\"https:\/\/yestothenet.com\/reference-e-leclerc\/#primaryimage\"},\"thumbnailUrl\":\"https:\/\/yestothenet.com\/wp-content\/uploads\/2023\/12\/CONNEXION-1-2-768x554.jpg\",\"datePublished\":\"2023-12-18T15:29:23+00:00\",\"dateModified\":\"2024-03-05T11:46:01+00:00\",\"description\":\"D\u00e9couvrez nos r\u00e9f\u00e9rences de la marque E.Leclerc. Sollicitez de savoir-faire de votre agence de communication YES TO THE NET.\",\"breadcrumb\":{\"@id\":\"https:\/\/yestothenet.com\/reference-e-leclerc\/#breadcrumb\"},\"inLanguage\":\"en-US\",\"potentialAction\":[{\"@type\":\"ReadAction\",\"target\":[\"https:\/\/yestothenet.com\/reference-e-leclerc\/\"]}]},{\"@type\":\"ImageObject\",\"inLanguage\":\"en-US\",\"@id\":\"https:\/\/yestothenet.com\/reference-e-leclerc\/#primaryimage\",\"url\":\"https:\/\/yestothenet.com\/wp-content\/uploads\/2023\/12\/CONNEXION-1-2-768x554.jpg\",\"contentUrl\":\"https:\/\/yestothenet.com\/wp-content\/uploads\/2023\/12\/CONNEXION-1-2-768x554.jpg\"},{\"@type\":\"BreadcrumbList\",\"@id\":\"https:\/\/yestothenet.com\/reference-e-leclerc\/#breadcrumb\",\"itemListElement\":[{\"@type\":\"ListItem\",\"position\":1,\"name\":\"Accueil\",\"item\":\"https:\/\/yestothenet.com\/\"},{\"@type\":\"ListItem\",\"position\":2,\"name\":\"r\u00e9f\u00e9rence E.Leclerc\"}]},{\"@type\":\"WebSite\",\"@id\":\"https:\/\/yestothenet.com\/#website\",\"url\":\"https:\/\/yestothenet.com\/\",\"name\":\"YES TO THE NET\",\"description\":\"Votre agence de communication \u00e0 Marrakech\",\"publisher\":{\"@id\":\"https:\/\/yestothenet.com\/#organization\"},\"potentialAction\":[{\"@type\":\"SearchAction\",\"target\":{\"@type\":\"EntryPoint\",\"urlTemplate\":\"https:\/\/yestothenet.com\/?s={search_term_string}\"},\"query-input\":{\"@type\":\"PropertyValueSpecification\",\"valueRequired\":true,\"valueName\":\"search_term_string\"}}],\"inLanguage\":\"en-US\"},{\"@type\":\"Organization\",\"@id\":\"https:\/\/yestothenet.com\/#organization\",\"name\":\"YES TO THE NET\",\"url\":\"https:\/\/yestothenet.com\/\",\"logo\":{\"@type\":\"ImageObject\",\"inLanguage\":\"en-US\",\"@id\":\"https:\/\/yestothenet.com\/#\/schema\/logo\/image\/\",\"url\":\"https:\/\/yestothenet.com\/wp-content\/uploads\/2024\/02\/cropped-YES_THE_TO_NET-removebg-preview.png\",\"contentUrl\":\"https:\/\/yestothenet.com\/wp-content\/uploads\/2024\/02\/cropped-YES_THE_TO_NET-removebg-preview.png\",\"width\":512,\"height\":512,\"caption\":\"YES TO THE NET\"},\"image\":{\"@id\":\"https:\/\/yestothenet.com\/#\/schema\/logo\/image\/\"},\"sameAs\":[\"https:\/\/www.instagram.com\/yestothenet\/\"]}]}<\/script>\n<!-- \/ Yoast SEO plugin. -->","yoast_head_json":{"title":"Nos r\u00e9f\u00e9rences E.Leclerc \u2013 L'agence YES TO THE NET","description":"D\u00e9couvrez nos r\u00e9f\u00e9rences de la marque E.Leclerc. Sollicitez de savoir-faire de votre agence de communication YES TO THE NET.","robots":{"index":"index","follow":"follow","max-snippet":"max-snippet:-1","max-image-preview":"max-image-preview:large","max-video-preview":"max-video-preview:-1"},"canonical":"https:\/\/yestothenet.com\/en\/reference-e-leclerc\/","og_locale":"en_US","og_type":"article","og_title":"Nos r\u00e9f\u00e9rences E.Leclerc \u2013 L'agence YES TO THE NET","og_description":"D\u00e9couvrez nos r\u00e9f\u00e9rences de la marque E.Leclerc. Sollicitez de savoir-faire de votre agence de communication YES TO THE NET.","og_url":"https:\/\/yestothenet.com\/en\/reference-e-leclerc\/","og_site_name":"Yes To The Net","article_publisher":"https:\/\/www.instagram.com\/yestothenet\/","article_modified_time":"2024-03-05T11:46:01+00:00","og_image":[{"url":"https:\/\/yestothenet.com\/wp-content\/uploads\/2023\/12\/CONNEXION-1-2-768x554.jpg"}],"twitter_card":"summary_large_image","twitter_misc":{"Est. reading time":"3 minutes"},"schema":{"@context":"https:\/\/schema.org","@graph":[{"@type":"WebPage","@id":"https:\/\/yestothenet.com\/reference-e-leclerc\/","url":"https:\/\/yestothenet.com\/reference-e-leclerc\/","name":"Nos r\u00e9f\u00e9rences E.Leclerc \u2013 L'agence YES TO THE NET","isPartOf":{"@id":"https:\/\/yestothenet.com\/#website"},"primaryImageOfPage":{"@id":"https:\/\/yestothenet.com\/reference-e-leclerc\/#primaryimage"},"image":{"@id":"https:\/\/yestothenet.com\/reference-e-leclerc\/#primaryimage"},"thumbnailUrl":"https:\/\/yestothenet.com\/wp-content\/uploads\/2023\/12\/CONNEXION-1-2-768x554.jpg","datePublished":"2023-12-18T15:29:23+00:00","dateModified":"2024-03-05T11:46:01+00:00","description":"D\u00e9couvrez nos r\u00e9f\u00e9rences de la marque E.Leclerc. Sollicitez de savoir-faire de votre agence de communication YES TO THE NET.","breadcrumb":{"@id":"https:\/\/yestothenet.com\/reference-e-leclerc\/#breadcrumb"},"inLanguage":"en-US","potentialAction":[{"@type":"ReadAction","target":["https:\/\/yestothenet.com\/reference-e-leclerc\/"]}]},{"@type":"ImageObject","inLanguage":"en-US","@id":"https:\/\/yestothenet.com\/reference-e-leclerc\/#primaryimage","url":"https:\/\/yestothenet.com\/wp-content\/uploads\/2023\/12\/CONNEXION-1-2-768x554.jpg","contentUrl":"https:\/\/yestothenet.com\/wp-content\/uploads\/2023\/12\/CONNEXION-1-2-768x554.jpg"},{"@type":"BreadcrumbList","@id":"https:\/\/yestothenet.com\/reference-e-leclerc\/#breadcrumb","itemListElement":[{"@type":"ListItem","position":1,"name":"Accueil","item":"https:\/\/yestothenet.com\/"},{"@type":"ListItem","position":2,"name":"r\u00e9f\u00e9rence E.Leclerc"}]},{"@type":"WebSite","@id":"https:\/\/yestothenet.com\/#website","url":"https:\/\/yestothenet.com\/","name":"YES TO THE NET","description":"Votre agence de communication \u00e0 Marrakech","publisher":{"@id":"https:\/\/yestothenet.com\/#organization"},"potentialAction":[{"@type":"SearchAction","target":{"@type":"EntryPoint","urlTemplate":"https:\/\/yestothenet.com\/?s={search_term_string}"},"query-input":{"@type":"PropertyValueSpecification","valueRequired":true,"valueName":"search_term_string"}}],"inLanguage":"en-US"},{"@type":"Organization","@id":"https:\/\/yestothenet.com\/#organization","name":"YES TO THE NET","url":"https:\/\/yestothenet.com\/","logo":{"@type":"ImageObject","inLanguage":"en-US","@id":"https:\/\/yestothenet.com\/#\/schema\/logo\/image\/","url":"https:\/\/yestothenet.com\/wp-content\/uploads\/2024\/02\/cropped-YES_THE_TO_NET-removebg-preview.png","contentUrl":"https:\/\/yestothenet.com\/wp-content\/uploads\/2024\/02\/cropped-YES_THE_TO_NET-removebg-preview.png","width":512,"height":512,"caption":"YES TO THE NET"},"image":{"@id":"https:\/\/yestothenet.com\/#\/schema\/logo\/image\/"},"sameAs":["https:\/\/www.instagram.com\/yestothenet\/"]}]}},"_links":{"self":[{"href":"https:\/\/yestothenet.com\/en\/wp-json\/wp\/v2\/pages\/6722","targetHints":{"allow":["GET"]}}],"collection":[{"href":"https:\/\/yestothenet.com\/en\/wp-json\/wp\/v2\/pages"}],"about":[{"href":"https:\/\/yestothenet.com\/en\/wp-json\/wp\/v2\/types\/page"}],"author":[{"embeddable":true,"href":"https:\/\/yestothenet.com\/en\/wp-json\/wp\/v2\/users\/1"}],"replies":[{"embeddable":true,"href":"https:\/\/yestothenet.com\/en\/wp-json\/wp\/v2\/comments?post=6722"}],"version-history":[{"count":10,"href":"https:\/\/yestothenet.com\/en\/wp-json\/wp\/v2\/pages\/6722\/revisions"}],"predecessor-version":[{"id":7445,"href":"https:\/\/yestothenet.com\/en\/wp-json\/wp\/v2\/pages\/6722\/revisions\/7445"}],"wp:attachment":[{"href":"https:\/\/yestothenet.com\/en\/wp-json\/wp\/v2\/media?parent=6722"}],"curies":[{"name":"wp","href":"https:\/\/api.w.org\/{rel}","templated":true}]}}