{"id":6710,"date":"2023-12-18T16:13:49","date_gmt":"2023-12-18T15:13:49","guid":{"rendered":"https:\/\/yestothenet.com\/?page_id=6710"},"modified":"2024-03-05T12:45:55","modified_gmt":"2024-03-05T11:45:55","slug":"reference-cged","status":"publish","type":"page","link":"https:\/\/yestothenet.com\/en\/reference-cged\/","title":{"rendered":"CGED reference"},"content":{"rendered":"<div data-elementor-type=\"wp-page\" data-elementor-id=\"6710\" class=\"elementor elementor-6710\" data-elementor-post-type=\"page\">\n\t\t\t\t\t\t<section class=\"elementor-section elementor-top-section elementor-element elementor-element-de709c2 ot-traditional elementor-section-boxed elementor-section-height-default elementor-section-height-default\" data-id=\"de709c2\" data-element_type=\"section\">\n\t\t\t\t\t\t<div class=\"elementor-container elementor-column-gap-default\">\n\t\t\t\t\t<div class=\"elementor-column elementor-col-100 elementor-top-column elementor-element elementor-element-bc23e5c ot-flex-column-vertical\" data-id=\"bc23e5c\" data-element_type=\"column\">\n\t\t\t<div class=\"elementor-widget-wrap elementor-element-populated\">\n\t\t\t\t\t\t<div class=\"elementor-element elementor-element-c76a0c8 elementor-widget elementor-widget-button\" data-id=\"c76a0c8\" data-element_type=\"widget\" data-widget_type=\"button.default\">\n\t\t\t\t<div class=\"elementor-widget-container\">\n\t\t\t\t\t<div class=\"elementor-button-wrapper\">\n\t\t\t<a class=\"elementor-button elementor-button-link elementor-size-lg\" href=\"https:\/\/yestothenet.com\/en\/references\/\">\n\t\t\t\t\t\t<span class=\"elementor-button-content-wrapper\">\n\t\t\t\t\t\t<span class=\"elementor-button-icon\">\n\t\t\t\t<i aria-hidden=\"true\" class=\"fas fa-angle-left\"><\/i>\t\t\t<\/span>\n\t\t\t\t\t\t\t\t<\/span>\n\t\t\t\t\t<\/a>\n\t\t<\/div>\n\t\t\t\t<\/div>\n\t\t\t\t<\/div>\n\t\t\t\t\t<\/div>\n\t\t<\/div>\n\t\t\t\t\t<\/div>\n\t\t<\/section>\n\t\t\t\t<section class=\"elementor-section elementor-top-section elementor-element elementor-element-e3ad48e ot-traditional elementor-section-boxed elementor-section-height-default elementor-section-height-default\" data-id=\"e3ad48e\" data-element_type=\"section\">\n\t\t\t\t\t\t<div class=\"elementor-container elementor-column-gap-default\">\n\t\t\t\t\t<div class=\"elementor-column elementor-col-100 elementor-top-column elementor-element elementor-element-d02fae9 ot-flex-column-vertical\" data-id=\"d02fae9\" data-element_type=\"column\">\n\t\t\t<div class=\"elementor-widget-wrap elementor-element-populated\">\n\t\t\t\t\t\t<div class=\"elementor-element elementor-element-972ad14 elementor-widget elementor-widget-iheading\" data-id=\"972ad14\" data-element_type=\"widget\" data-widget_type=\"iheading.default\">\n\t\t\t\t<div class=\"elementor-widget-container\">\n\t\t\t\t\t<div class=\"ot-heading\">\r\n\t        <h1 class=\"main-heading\">CGED: Electrifying the Market with Innovative Campaigns<\/h1>\t    <\/div>\r\n\t    \t\t<\/div>\n\t\t\t\t<\/div>\n\t\t\t\t\t<\/div>\n\t\t<\/div>\n\t\t\t\t\t<\/div>\n\t\t<\/section>\n\t\t\t\t<section class=\"elementor-section elementor-top-section elementor-element elementor-element-d7f7c5b ot-traditional elementor-section-boxed elementor-section-height-default elementor-section-height-default\" data-id=\"d7f7c5b\" data-element_type=\"section\">\n\t\t\t\t\t\t<div class=\"elementor-container elementor-column-gap-default\">\n\t\t\t\t\t<div class=\"elementor-column elementor-col-100 elementor-top-column elementor-element elementor-element-71d971e ot-flex-column-vertical\" data-id=\"71d971e\" data-element_type=\"column\">\n\t\t\t<div class=\"elementor-widget-wrap elementor-element-populated\">\n\t\t\t\t\t\t<div class=\"elementor-element elementor-element-ddc38a7 elementor-widget elementor-widget-text-editor\" data-id=\"ddc38a7\" data-element_type=\"widget\" data-widget_type=\"text-editor.default\">\n\t\t\t\t<div class=\"elementor-widget-container\">\n\t\t\t\t\t\t\t<p>CGED, a major player in the distribution of electrical supplies, entrusted us with the creation of advertising campaigns specifically aimed at professional electricians, local authorities, and large companies. The challenge was to strengthen CGED&#039;s position in the market while developing a national loyalty program.<\/p>\t\t\t\t\t\t<\/div>\n\t\t\t\t<\/div>\n\t\t\t\t\t<\/div>\n\t\t<\/div>\n\t\t\t\t\t<\/div>\n\t\t<\/section>\n\t\t\t\t<section class=\"elementor-section elementor-top-section elementor-element elementor-element-2db1430 elementor-section-content-middle ot-traditional elementor-section-boxed elementor-section-height-default elementor-section-height-default\" data-id=\"2db1430\" data-element_type=\"section\">\n\t\t\t\t\t\t<div class=\"elementor-container elementor-column-gap-default\">\n\t\t\t\t\t<div class=\"elementor-column elementor-col-100 elementor-top-column elementor-element elementor-element-9ca7f6d ot-flex-column-vertical\" data-id=\"9ca7f6d\" data-element_type=\"column\">\n\t\t\t<div class=\"elementor-widget-wrap elementor-element-populated\">\n\t\t\t\t\t\t<section class=\"elementor-section elementor-inner-section elementor-element elementor-element-ae21701 elementor-section-content-top elementor-section-full_width ot-traditional elementor-section-height-default elementor-section-height-default\" data-id=\"ae21701\" data-element_type=\"section\">\n\t\t\t\t\t\t<div class=\"elementor-container elementor-column-gap-extended\">\n\t\t\t\t\t<div class=\"elementor-column elementor-col-50 elementor-inner-column elementor-element elementor-element-78f9ac9 ot-flex-column-vertical\" data-id=\"78f9ac9\" data-element_type=\"column\">\n\t\t\t<div class=\"elementor-widget-wrap elementor-element-populated\">\n\t\t\t\t\t\t<div class=\"elementor-element elementor-element-25eb330 elementor-widget__width-initial elementor-widget elementor-widget-image\" data-id=\"25eb330\" data-element_type=\"widget\" data-widget_type=\"image.default\">\n\t\t\t\t<div class=\"elementor-widget-container\">\n\t\t\t\t\t\t\t\t\t\t\t\t\t<img fetchpriority=\"high\" decoding=\"async\" width=\"1087\" height=\"1536\" src=\"https:\/\/yestothenet.com\/wp-content\/uploads\/2023\/12\/CGED_AXE_NEON_2410-copie_page-0004-1087x1536.jpg\" class=\"attachment-1536x1536 size-1536x1536 wp-image-6714\" alt=\"\" srcset=\"https:\/\/yestothenet.com\/wp-content\/uploads\/2023\/12\/CGED_AXE_NEON_2410-copie_page-0004-1087x1536.jpg 1087w, https:\/\/yestothenet.com\/wp-content\/uploads\/2023\/12\/CGED_AXE_NEON_2410-copie_page-0004-212x300.jpg 212w, https:\/\/yestothenet.com\/wp-content\/uploads\/2023\/12\/CGED_AXE_NEON_2410-copie_page-0004-725x1024.jpg 725w, https:\/\/yestothenet.com\/wp-content\/uploads\/2023\/12\/CGED_AXE_NEON_2410-copie_page-0004-768x1085.jpg 768w, https:\/\/yestothenet.com\/wp-content\/uploads\/2023\/12\/CGED_AXE_NEON_2410-copie_page-0004-720x1018.jpg 720w, https:\/\/yestothenet.com\/wp-content\/uploads\/2023\/12\/CGED_AXE_NEON_2410-copie_page-0004.jpg 1241w\" sizes=\"(max-width: 1087px) 100vw, 1087px\" \/>\t\t\t\t\t\t\t\t\t\t\t\t\t<\/div>\n\t\t\t\t<\/div>\n\t\t\t\t\t<\/div>\n\t\t<\/div>\n\t\t\t\t<div class=\"elementor-column elementor-col-50 elementor-inner-column elementor-element elementor-element-dce0f81 ot-flex-column-vertical\" data-id=\"dce0f81\" data-element_type=\"column\">\n\t\t\t<div class=\"elementor-widget-wrap elementor-element-populated\">\n\t\t\t\t\t\t<div class=\"elementor-element elementor-element-734d7ce elementor-widget__width-initial elementor-widget elementor-widget-text-editor\" data-id=\"734d7ce\" data-element_type=\"widget\" data-widget_type=\"text-editor.default\">\n\t\t\t\t<div class=\"elementor-widget-container\">\n\t\t\t\t\t\t\t<p style=\"text-align: center;\"><strong>Targeted Campaigns:<\/strong><\/p><p>We developed tailor-made advertising campaigns designed to meet the specific needs of professional electricians, local authorities, and large companies. By emphasizing the quality and variety of CGED products and their technical expertise, these campaigns aimed to establish a strong connection with these market segments.<\/p><p style=\"text-align: center;\"><strong>Creation of Engaging Content:<\/strong><\/p><p>Our approach included creating engaging content, including tutorial videos, case studies, and infographics, to demonstrate CGED&#039;s expertise and provide added value to their customers.<\/p><p style=\"text-align: center;\"><strong>National Loyalty Program:<\/strong><\/p><p>We designed and implemented an innovative loyalty program to reward CGED&#039;s customers. This program offered exclusive benefits and personalized rewards, thus encouraging a long-term relationship between CGED and its customers.<\/p><p>\u00a0<\/p>\t\t\t\t\t\t<\/div>\n\t\t\t\t<\/div>\n\t\t\t\t\t<\/div>\n\t\t<\/div>\n\t\t\t\t\t<\/div>\n\t\t<\/section>\n\t\t\t\t\t<\/div>\n\t\t<\/div>\n\t\t\t\t\t<\/div>\n\t\t<\/section>\n\t\t\t\t<section class=\"elementor-section elementor-top-section elementor-element elementor-element-bdb0ffc ot-traditional elementor-section-boxed elementor-section-height-default elementor-section-height-default\" data-id=\"bdb0ffc\" data-element_type=\"section\">\n\t\t\t\t\t\t<div class=\"elementor-container elementor-column-gap-default\">\n\t\t\t\t\t<div class=\"elementor-column elementor-col-50 elementor-top-column elementor-element elementor-element-9cc0bda ot-flex-column-vertical\" data-id=\"9cc0bda\" data-element_type=\"column\">\n\t\t\t<div class=\"elementor-widget-wrap elementor-element-populated\">\n\t\t\t\t\t\t<div class=\"elementor-element elementor-element-29b9a5b elementor-widget elementor-widget-text-editor\" data-id=\"29b9a5b\" data-element_type=\"widget\" data-widget_type=\"text-editor.default\">\n\t\t\t\t<div class=\"elementor-widget-container\">\n\t\t\t\t\t\t\t<p style=\"text-align: center;\"><strong>Multi-channel Communication Tools:<\/strong><\/p><p>To maximize the reach and impact of our initiatives, we used a combination of communication channels, including digital, print, and live events, ensuring a consistent and strong CGED brand presence on all fronts.<\/p><p style=\"text-align: center;\"><strong>Results :<\/strong><\/p><p>The campaigns generated significant interest and recognition among the target customers. The loyalty program was particularly well received, leading to a notable increase in customer loyalty and the establishment of lasting business relationships. The overall impact was tangible sales growth and an improvement in CGED&#039;s market position.<\/p><p style=\"text-align: center;\"><strong>Conclusion :<\/strong><\/p><p>This project with CGED demonstrates our ability to create targeted advertising campaigns and develop effective loyalty programs. We are proud of our contribution to CGED&#039;s success and look forward to continuing to support their growth and development in the market.<\/p>\t\t\t\t\t\t<\/div>\n\t\t\t\t<\/div>\n\t\t\t\t\t<\/div>\n\t\t<\/div>\n\t\t\t\t<div class=\"elementor-column elementor-col-50 elementor-top-column elementor-element elementor-element-fc7e229 ot-flex-column-vertical\" data-id=\"fc7e229\" data-element_type=\"column\">\n\t\t\t<div class=\"elementor-widget-wrap elementor-element-populated\">\n\t\t\t\t\t\t<div class=\"elementor-element elementor-element-85fe059 elementor-widget__width-initial elementor-widget elementor-widget-image\" data-id=\"85fe059\" data-element_type=\"widget\" data-widget_type=\"image.default\">\n\t\t\t\t<div class=\"elementor-widget-container\">\n\t\t\t\t\t\t\t\t\t\t\t\t\t<img decoding=\"async\" width=\"1087\" height=\"1536\" src=\"https:\/\/yestothenet.com\/wp-content\/uploads\/2023\/12\/CGED_AXE_NEON_2410-copie_page-0003-1087x1536.jpg\" class=\"attachment-1536x1536 size-1536x1536 wp-image-6713\" alt=\"\" srcset=\"https:\/\/yestothenet.com\/wp-content\/uploads\/2023\/12\/CGED_AXE_NEON_2410-copie_page-0003-1087x1536.jpg 1087w, https:\/\/yestothenet.com\/wp-content\/uploads\/2023\/12\/CGED_AXE_NEON_2410-copie_page-0003-212x300.jpg 212w, https:\/\/yestothenet.com\/wp-content\/uploads\/2023\/12\/CGED_AXE_NEON_2410-copie_page-0003-725x1024.jpg 725w, https:\/\/yestothenet.com\/wp-content\/uploads\/2023\/12\/CGED_AXE_NEON_2410-copie_page-0003-768x1085.jpg 768w, https:\/\/yestothenet.com\/wp-content\/uploads\/2023\/12\/CGED_AXE_NEON_2410-copie_page-0003-720x1018.jpg 720w, https:\/\/yestothenet.com\/wp-content\/uploads\/2023\/12\/CGED_AXE_NEON_2410-copie_page-0003.jpg 1241w\" sizes=\"(max-width: 1087px) 100vw, 1087px\" \/>\t\t\t\t\t\t\t\t\t\t\t\t\t<\/div>\n\t\t\t\t<\/div>\n\t\t\t\t\t<\/div>\n\t\t<\/div>\n\t\t\t\t\t<\/div>\n\t\t<\/section>\n\t\t\t\t<section class=\"elementor-section elementor-top-section elementor-element elementor-element-052fb42 ot-traditional elementor-section-boxed elementor-section-height-default elementor-section-height-default\" data-id=\"052fb42\" data-element_type=\"section\">\n\t\t\t\t\t\t<div class=\"elementor-container elementor-column-gap-default\">\n\t\t\t\t\t<div class=\"elementor-column elementor-col-50 elementor-top-column elementor-element elementor-element-dc0075b ot-flex-column-vertical\" data-id=\"dc0075b\" data-element_type=\"column\">\n\t\t\t<div class=\"elementor-widget-wrap elementor-element-populated\">\n\t\t\t\t\t\t<div class=\"elementor-element elementor-element-3cd958a elementor-widget elementor-widget-image\" data-id=\"3cd958a\" data-element_type=\"widget\" data-widget_type=\"image.default\">\n\t\t\t\t<div class=\"elementor-widget-container\">\n\t\t\t\t\t\t\t\t\t\t\t\t\t<img decoding=\"async\" width=\"725\" height=\"1024\" src=\"https:\/\/yestothenet.com\/wp-content\/uploads\/2023\/12\/CGED_AXE_NEON_2410-copie_page-0005-1-725x1024.jpg\" class=\"attachment-large size-large wp-image-6715\" alt=\"\" srcset=\"https:\/\/yestothenet.com\/wp-content\/uploads\/2023\/12\/CGED_AXE_NEON_2410-copie_page-0005-1-725x1024.jpg 725w, https:\/\/yestothenet.com\/wp-content\/uploads\/2023\/12\/CGED_AXE_NEON_2410-copie_page-0005-1-212x300.jpg 212w, https:\/\/yestothenet.com\/wp-content\/uploads\/2023\/12\/CGED_AXE_NEON_2410-copie_page-0005-1-768x1085.jpg 768w, https:\/\/yestothenet.com\/wp-content\/uploads\/2023\/12\/CGED_AXE_NEON_2410-copie_page-0005-1-1087x1536.jpg 1087w, https:\/\/yestothenet.com\/wp-content\/uploads\/2023\/12\/CGED_AXE_NEON_2410-copie_page-0005-1-720x1018.jpg 720w, https:\/\/yestothenet.com\/wp-content\/uploads\/2023\/12\/CGED_AXE_NEON_2410-copie_page-0005-1.jpg 1241w\" sizes=\"(max-width: 725px) 100vw, 725px\" \/>\t\t\t\t\t\t\t\t\t\t\t\t\t<\/div>\n\t\t\t\t<\/div>\n\t\t\t\t\t<\/div>\n\t\t<\/div>\n\t\t\t\t<div class=\"elementor-column elementor-col-50 elementor-top-column elementor-element elementor-element-982f8a1 ot-flex-column-vertical\" data-id=\"982f8a1\" data-element_type=\"column\">\n\t\t\t<div class=\"elementor-widget-wrap elementor-element-populated\">\n\t\t\t\t\t\t<div class=\"elementor-element elementor-element-88c3c1e elementor-widget elementor-widget-image\" data-id=\"88c3c1e\" data-element_type=\"widget\" data-widget_type=\"image.default\">\n\t\t\t\t<div class=\"elementor-widget-container\">\n\t\t\t\t\t\t\t\t\t\t\t\t\t<img loading=\"lazy\" decoding=\"async\" width=\"725\" height=\"1024\" src=\"https:\/\/yestothenet.com\/wp-content\/uploads\/2023\/12\/CGED_AXE_NEON_2410-copie_page-0001-725x1024.jpg\" class=\"attachment-large size-large wp-image-6712\" alt=\"\" srcset=\"https:\/\/yestothenet.com\/wp-content\/uploads\/2023\/12\/CGED_AXE_NEON_2410-copie_page-0001-725x1024.jpg 725w, https:\/\/yestothenet.com\/wp-content\/uploads\/2023\/12\/CGED_AXE_NEON_2410-copie_page-0001-212x300.jpg 212w, https:\/\/yestothenet.com\/wp-content\/uploads\/2023\/12\/CGED_AXE_NEON_2410-copie_page-0001-768x1085.jpg 768w, https:\/\/yestothenet.com\/wp-content\/uploads\/2023\/12\/CGED_AXE_NEON_2410-copie_page-0001-1087x1536.jpg 1087w, https:\/\/yestothenet.com\/wp-content\/uploads\/2023\/12\/CGED_AXE_NEON_2410-copie_page-0001-720x1018.jpg 720w, https:\/\/yestothenet.com\/wp-content\/uploads\/2023\/12\/CGED_AXE_NEON_2410-copie_page-0001.jpg 1241w\" sizes=\"(max-width: 725px) 100vw, 725px\" \/>\t\t\t\t\t\t\t\t\t\t\t\t\t<\/div>\n\t\t\t\t<\/div>\n\t\t\t\t\t<\/div>\n\t\t<\/div>\n\t\t\t\t\t<\/div>\n\t\t<\/section>\n\t\t\t\t<\/div>","protected":false},"excerpt":{"rendered":"<p>CGED : \u00c9lectriser le March\u00e9 avec des Campagnes Innovantes CGED, un acteur majeur dans la distribution de fournitures \u00e9lectriques, nous a confi\u00e9 la r\u00e9alisation de campagnes publicitaires sp\u00e9cifiquement destin\u00e9es aux professionnels \u00e9lectriciens, aux collectivit\u00e9s, et aux grandes entreprises. L&rsquo;enjeu \u00e9tait de renforcer la position de CGED sur le march\u00e9 tout en d\u00e9veloppant un programme de [&hellip;]<\/p>","protected":false},"author":1,"featured_media":0,"parent":0,"menu_order":0,"comment_status":"closed","ping_status":"closed","template":"","meta":{"footnotes":""},"class_list":["post-6710","page","type-page","status-publish","hentry"],"yoast_head":"<!-- This site is optimized with the Yoast SEO plugin v23.6 - https:\/\/yoast.com\/wordpress\/plugins\/seo\/ -->\n<title>Nos r\u00e9f\u00e9rences CGED \u2013 L&#039;agence YES TO THE NET<\/title>\n<meta name=\"description\" content=\"D\u00e9couvrez nos r\u00e9f\u00e9rences de la marque CGED. Sollicitez de savoir-faire de votre agence de communication YES TO THE NET.\" \/>\n<meta name=\"robots\" content=\"index, follow, max-snippet:-1, max-image-preview:large, max-video-preview:-1\" \/>\n<link rel=\"canonical\" href=\"https:\/\/yestothenet.com\/en\/reference-cged\/\" \/>\n<meta property=\"og:locale\" content=\"en_US\" \/>\n<meta property=\"og:type\" content=\"article\" \/>\n<meta property=\"og:title\" content=\"Nos r\u00e9f\u00e9rences CGED \u2013 L&#039;agence YES TO THE NET\" \/>\n<meta property=\"og:description\" content=\"D\u00e9couvrez nos r\u00e9f\u00e9rences de la marque CGED. Sollicitez de savoir-faire de votre agence de communication YES TO THE NET.\" \/>\n<meta property=\"og:url\" content=\"https:\/\/yestothenet.com\/en\/reference-cged\/\" \/>\n<meta property=\"og:site_name\" content=\"Yes To The Net\" \/>\n<meta property=\"article:publisher\" content=\"https:\/\/www.instagram.com\/yestothenet\/\" \/>\n<meta property=\"article:modified_time\" content=\"2024-03-05T11:45:55+00:00\" \/>\n<meta property=\"og:image\" content=\"https:\/\/yestothenet.com\/wp-content\/uploads\/2023\/12\/CGED_AXE_NEON_2410-copie_page-0004-1087x1536.jpg\" \/>\n<meta name=\"twitter:card\" content=\"summary_large_image\" \/>\n<meta name=\"twitter:label1\" content=\"Est. reading time\" \/>\n\t<meta name=\"twitter:data1\" content=\"3 minutes\" \/>\n<script type=\"application\/ld+json\" class=\"yoast-schema-graph\">{\"@context\":\"https:\/\/schema.org\",\"@graph\":[{\"@type\":\"WebPage\",\"@id\":\"https:\/\/yestothenet.com\/reference-cged\/\",\"url\":\"https:\/\/yestothenet.com\/reference-cged\/\",\"name\":\"Nos r\u00e9f\u00e9rences CGED \u2013 L'agence YES TO THE NET\",\"isPartOf\":{\"@id\":\"https:\/\/yestothenet.com\/#website\"},\"primaryImageOfPage\":{\"@id\":\"https:\/\/yestothenet.com\/reference-cged\/#primaryimage\"},\"image\":{\"@id\":\"https:\/\/yestothenet.com\/reference-cged\/#primaryimage\"},\"thumbnailUrl\":\"https:\/\/yestothenet.com\/wp-content\/uploads\/2023\/12\/CGED_AXE_NEON_2410-copie_page-0004-1087x1536.jpg\",\"datePublished\":\"2023-12-18T15:13:49+00:00\",\"dateModified\":\"2024-03-05T11:45:55+00:00\",\"description\":\"D\u00e9couvrez nos r\u00e9f\u00e9rences de la marque CGED. Sollicitez de savoir-faire de votre agence de communication YES TO THE NET.\",\"breadcrumb\":{\"@id\":\"https:\/\/yestothenet.com\/reference-cged\/#breadcrumb\"},\"inLanguage\":\"en-US\",\"potentialAction\":[{\"@type\":\"ReadAction\",\"target\":[\"https:\/\/yestothenet.com\/reference-cged\/\"]}]},{\"@type\":\"ImageObject\",\"inLanguage\":\"en-US\",\"@id\":\"https:\/\/yestothenet.com\/reference-cged\/#primaryimage\",\"url\":\"https:\/\/yestothenet.com\/wp-content\/uploads\/2023\/12\/CGED_AXE_NEON_2410-copie_page-0004-1087x1536.jpg\",\"contentUrl\":\"https:\/\/yestothenet.com\/wp-content\/uploads\/2023\/12\/CGED_AXE_NEON_2410-copie_page-0004-1087x1536.jpg\"},{\"@type\":\"BreadcrumbList\",\"@id\":\"https:\/\/yestothenet.com\/reference-cged\/#breadcrumb\",\"itemListElement\":[{\"@type\":\"ListItem\",\"position\":1,\"name\":\"Accueil\",\"item\":\"https:\/\/yestothenet.com\/\"},{\"@type\":\"ListItem\",\"position\":2,\"name\":\"r\u00e9f\u00e9rence CGED\"}]},{\"@type\":\"WebSite\",\"@id\":\"https:\/\/yestothenet.com\/#website\",\"url\":\"https:\/\/yestothenet.com\/\",\"name\":\"YES TO THE NET\",\"description\":\"Votre agence de communication \u00e0 Marrakech\",\"publisher\":{\"@id\":\"https:\/\/yestothenet.com\/#organization\"},\"potentialAction\":[{\"@type\":\"SearchAction\",\"target\":{\"@type\":\"EntryPoint\",\"urlTemplate\":\"https:\/\/yestothenet.com\/?s={search_term_string}\"},\"query-input\":{\"@type\":\"PropertyValueSpecification\",\"valueRequired\":true,\"valueName\":\"search_term_string\"}}],\"inLanguage\":\"en-US\"},{\"@type\":\"Organization\",\"@id\":\"https:\/\/yestothenet.com\/#organization\",\"name\":\"YES TO THE NET\",\"url\":\"https:\/\/yestothenet.com\/\",\"logo\":{\"@type\":\"ImageObject\",\"inLanguage\":\"en-US\",\"@id\":\"https:\/\/yestothenet.com\/#\/schema\/logo\/image\/\",\"url\":\"https:\/\/yestothenet.com\/wp-content\/uploads\/2024\/02\/cropped-YES_THE_TO_NET-removebg-preview.png\",\"contentUrl\":\"https:\/\/yestothenet.com\/wp-content\/uploads\/2024\/02\/cropped-YES_THE_TO_NET-removebg-preview.png\",\"width\":512,\"height\":512,\"caption\":\"YES TO THE NET\"},\"image\":{\"@id\":\"https:\/\/yestothenet.com\/#\/schema\/logo\/image\/\"},\"sameAs\":[\"https:\/\/www.instagram.com\/yestothenet\/\"]}]}<\/script>\n<!-- \/ Yoast SEO plugin. -->","yoast_head_json":{"title":"Nos r\u00e9f\u00e9rences CGED \u2013 L'agence YES TO THE NET","description":"D\u00e9couvrez nos r\u00e9f\u00e9rences de la marque CGED. Sollicitez de savoir-faire de votre agence de communication YES TO THE NET.","robots":{"index":"index","follow":"follow","max-snippet":"max-snippet:-1","max-image-preview":"max-image-preview:large","max-video-preview":"max-video-preview:-1"},"canonical":"https:\/\/yestothenet.com\/en\/reference-cged\/","og_locale":"en_US","og_type":"article","og_title":"Nos r\u00e9f\u00e9rences CGED \u2013 L'agence YES TO THE NET","og_description":"D\u00e9couvrez nos r\u00e9f\u00e9rences de la marque CGED. Sollicitez de savoir-faire de votre agence de communication YES TO THE NET.","og_url":"https:\/\/yestothenet.com\/en\/reference-cged\/","og_site_name":"Yes To The Net","article_publisher":"https:\/\/www.instagram.com\/yestothenet\/","article_modified_time":"2024-03-05T11:45:55+00:00","og_image":[{"url":"https:\/\/yestothenet.com\/wp-content\/uploads\/2023\/12\/CGED_AXE_NEON_2410-copie_page-0004-1087x1536.jpg"}],"twitter_card":"summary_large_image","twitter_misc":{"Est. reading time":"3 minutes"},"schema":{"@context":"https:\/\/schema.org","@graph":[{"@type":"WebPage","@id":"https:\/\/yestothenet.com\/reference-cged\/","url":"https:\/\/yestothenet.com\/reference-cged\/","name":"Nos r\u00e9f\u00e9rences CGED \u2013 L'agence YES TO THE NET","isPartOf":{"@id":"https:\/\/yestothenet.com\/#website"},"primaryImageOfPage":{"@id":"https:\/\/yestothenet.com\/reference-cged\/#primaryimage"},"image":{"@id":"https:\/\/yestothenet.com\/reference-cged\/#primaryimage"},"thumbnailUrl":"https:\/\/yestothenet.com\/wp-content\/uploads\/2023\/12\/CGED_AXE_NEON_2410-copie_page-0004-1087x1536.jpg","datePublished":"2023-12-18T15:13:49+00:00","dateModified":"2024-03-05T11:45:55+00:00","description":"D\u00e9couvrez nos r\u00e9f\u00e9rences de la marque CGED. Sollicitez de savoir-faire de votre agence de communication YES TO THE NET.","breadcrumb":{"@id":"https:\/\/yestothenet.com\/reference-cged\/#breadcrumb"},"inLanguage":"en-US","potentialAction":[{"@type":"ReadAction","target":["https:\/\/yestothenet.com\/reference-cged\/"]}]},{"@type":"ImageObject","inLanguage":"en-US","@id":"https:\/\/yestothenet.com\/reference-cged\/#primaryimage","url":"https:\/\/yestothenet.com\/wp-content\/uploads\/2023\/12\/CGED_AXE_NEON_2410-copie_page-0004-1087x1536.jpg","contentUrl":"https:\/\/yestothenet.com\/wp-content\/uploads\/2023\/12\/CGED_AXE_NEON_2410-copie_page-0004-1087x1536.jpg"},{"@type":"BreadcrumbList","@id":"https:\/\/yestothenet.com\/reference-cged\/#breadcrumb","itemListElement":[{"@type":"ListItem","position":1,"name":"Accueil","item":"https:\/\/yestothenet.com\/"},{"@type":"ListItem","position":2,"name":"r\u00e9f\u00e9rence CGED"}]},{"@type":"WebSite","@id":"https:\/\/yestothenet.com\/#website","url":"https:\/\/yestothenet.com\/","name":"YES TO THE NET","description":"Votre agence de communication \u00e0 Marrakech","publisher":{"@id":"https:\/\/yestothenet.com\/#organization"},"potentialAction":[{"@type":"SearchAction","target":{"@type":"EntryPoint","urlTemplate":"https:\/\/yestothenet.com\/?s={search_term_string}"},"query-input":{"@type":"PropertyValueSpecification","valueRequired":true,"valueName":"search_term_string"}}],"inLanguage":"en-US"},{"@type":"Organization","@id":"https:\/\/yestothenet.com\/#organization","name":"YES TO THE NET","url":"https:\/\/yestothenet.com\/","logo":{"@type":"ImageObject","inLanguage":"en-US","@id":"https:\/\/yestothenet.com\/#\/schema\/logo\/image\/","url":"https:\/\/yestothenet.com\/wp-content\/uploads\/2024\/02\/cropped-YES_THE_TO_NET-removebg-preview.png","contentUrl":"https:\/\/yestothenet.com\/wp-content\/uploads\/2024\/02\/cropped-YES_THE_TO_NET-removebg-preview.png","width":512,"height":512,"caption":"YES TO THE NET"},"image":{"@id":"https:\/\/yestothenet.com\/#\/schema\/logo\/image\/"},"sameAs":["https:\/\/www.instagram.com\/yestothenet\/"]}]}},"_links":{"self":[{"href":"https:\/\/yestothenet.com\/en\/wp-json\/wp\/v2\/pages\/6710","targetHints":{"allow":["GET"]}}],"collection":[{"href":"https:\/\/yestothenet.com\/en\/wp-json\/wp\/v2\/pages"}],"about":[{"href":"https:\/\/yestothenet.com\/en\/wp-json\/wp\/v2\/types\/page"}],"author":[{"embeddable":true,"href":"https:\/\/yestothenet.com\/en\/wp-json\/wp\/v2\/users\/1"}],"replies":[{"embeddable":true,"href":"https:\/\/yestothenet.com\/en\/wp-json\/wp\/v2\/comments?post=6710"}],"version-history":[{"count":10,"href":"https:\/\/yestothenet.com\/en\/wp-json\/wp\/v2\/pages\/6710\/revisions"}],"predecessor-version":[{"id":7442,"href":"https:\/\/yestothenet.com\/en\/wp-json\/wp\/v2\/pages\/6710\/revisions\/7442"}],"wp:attachment":[{"href":"https:\/\/yestothenet.com\/en\/wp-json\/wp\/v2\/media?parent=6710"}],"curies":[{"name":"wp","href":"https:\/\/api.w.org\/{rel}","templated":true}]}}