{"id":6648,"date":"2023-12-18T15:31:19","date_gmt":"2023-12-18T14:31:19","guid":{"rendered":"https:\/\/yestothenet.com\/?page_id=6648"},"modified":"2024-03-05T12:44:59","modified_gmt":"2024-03-05T11:44:59","slug":"reference-mnh","status":"publish","type":"page","link":"https:\/\/yestothenet.com\/en\/reference-mnh\/","title":{"rendered":"MNH reference"},"content":{"rendered":"<div data-elementor-type=\"wp-page\" data-elementor-id=\"6648\" class=\"elementor elementor-6648\" data-elementor-post-type=\"page\">\n\t\t\t\t\t\t<section class=\"elementor-section elementor-top-section elementor-element elementor-element-55a3eb4 ot-traditional elementor-section-boxed elementor-section-height-default elementor-section-height-default\" data-id=\"55a3eb4\" data-element_type=\"section\">\n\t\t\t\t\t\t<div class=\"elementor-container elementor-column-gap-default\">\n\t\t\t\t\t<div class=\"elementor-column elementor-col-100 elementor-top-column elementor-element elementor-element-2869b9b ot-flex-column-vertical\" data-id=\"2869b9b\" data-element_type=\"column\">\n\t\t\t<div class=\"elementor-widget-wrap elementor-element-populated\">\n\t\t\t\t\t\t<div class=\"elementor-element elementor-element-9fb31d2 elementor-widget elementor-widget-button\" data-id=\"9fb31d2\" data-element_type=\"widget\" data-widget_type=\"button.default\">\n\t\t\t\t<div class=\"elementor-widget-container\">\n\t\t\t\t\t<div class=\"elementor-button-wrapper\">\n\t\t\t<a class=\"elementor-button elementor-button-link elementor-size-lg\" href=\"https:\/\/yestothenet.com\/en\/references\/\">\n\t\t\t\t\t\t<span class=\"elementor-button-content-wrapper\">\n\t\t\t\t\t\t<span class=\"elementor-button-icon\">\n\t\t\t\t<i aria-hidden=\"true\" class=\"fas fa-angle-left\"><\/i>\t\t\t<\/span>\n\t\t\t\t\t\t\t\t<\/span>\n\t\t\t\t\t<\/a>\n\t\t<\/div>\n\t\t\t\t<\/div>\n\t\t\t\t<\/div>\n\t\t\t\t\t<\/div>\n\t\t<\/div>\n\t\t\t\t\t<\/div>\n\t\t<\/section>\n\t\t\t\t<section class=\"elementor-section elementor-top-section elementor-element elementor-element-e3ad48e ot-traditional elementor-section-boxed elementor-section-height-default elementor-section-height-default\" data-id=\"e3ad48e\" data-element_type=\"section\">\n\t\t\t\t\t\t<div class=\"elementor-container elementor-column-gap-default\">\n\t\t\t\t\t<div class=\"elementor-column elementor-col-100 elementor-top-column elementor-element elementor-element-d02fae9 ot-flex-column-vertical\" data-id=\"d02fae9\" data-element_type=\"column\">\n\t\t\t<div class=\"elementor-widget-wrap elementor-element-populated\">\n\t\t\t\t\t\t<div class=\"elementor-element elementor-element-972ad14 elementor-widget elementor-widget-iheading\" data-id=\"972ad14\" data-element_type=\"widget\" data-widget_type=\"iheading.default\">\n\t\t\t\t<div class=\"elementor-widget-container\">\n\t\t\t\t\t<div class=\"ot-heading\">\r\n\t        <h1 class=\"main-heading\">MNH: Omnichannel Campaign for Reinforced Image and Awareness<\/h1>\t    <\/div>\r\n\t    \t\t<\/div>\n\t\t\t\t<\/div>\n\t\t\t\t\t<\/div>\n\t\t<\/div>\n\t\t\t\t\t<\/div>\n\t\t<\/section>\n\t\t\t\t<section class=\"elementor-section elementor-top-section elementor-element elementor-element-d7f7c5b ot-traditional elementor-section-boxed elementor-section-height-default elementor-section-height-default\" data-id=\"d7f7c5b\" data-element_type=\"section\">\n\t\t\t\t\t\t<div class=\"elementor-container elementor-column-gap-default\">\n\t\t\t\t\t<div class=\"elementor-column elementor-col-100 elementor-top-column elementor-element elementor-element-71d971e ot-flex-column-vertical\" data-id=\"71d971e\" data-element_type=\"column\">\n\t\t\t<div class=\"elementor-widget-wrap elementor-element-populated\">\n\t\t\t\t\t\t<div class=\"elementor-element elementor-element-ddc38a7 elementor-widget elementor-widget-text-editor\" data-id=\"ddc38a7\" data-element_type=\"widget\" data-widget_type=\"text-editor.default\">\n\t\t\t\t<div class=\"elementor-widget-container\">\n\t\t\t\t\t\t\t<p>Our client, MNH, a renowned mutual insurance company, entrusted us with the task of strengthening its image and reputation through an innovative omnichannel campaign. The objective was to highlight MNH&#039;s values and exceptional services, while reaching a wider and more diverse audience.<\/p>\t\t\t\t\t\t<\/div>\n\t\t\t\t<\/div>\n\t\t\t\t\t<\/div>\n\t\t<\/div>\n\t\t\t\t\t<\/div>\n\t\t<\/section>\n\t\t\t\t<section class=\"elementor-section elementor-top-section elementor-element elementor-element-2db1430 elementor-section-content-middle ot-traditional elementor-section-boxed elementor-section-height-default elementor-section-height-default\" data-id=\"2db1430\" data-element_type=\"section\">\n\t\t\t\t\t\t<div class=\"elementor-container elementor-column-gap-default\">\n\t\t\t\t\t<div class=\"elementor-column elementor-col-100 elementor-top-column elementor-element elementor-element-9ca7f6d ot-flex-column-vertical\" data-id=\"9ca7f6d\" data-element_type=\"column\">\n\t\t\t<div class=\"elementor-widget-wrap elementor-element-populated\">\n\t\t\t\t\t\t<section class=\"elementor-section elementor-inner-section elementor-element elementor-element-ae21701 elementor-section-content-top elementor-section-full_width ot-traditional elementor-section-height-default elementor-section-height-default\" data-id=\"ae21701\" data-element_type=\"section\">\n\t\t\t\t\t\t<div class=\"elementor-container elementor-column-gap-extended\">\n\t\t\t\t\t<div class=\"elementor-column elementor-col-50 elementor-inner-column elementor-element elementor-element-78f9ac9 ot-flex-column-vertical\" data-id=\"78f9ac9\" data-element_type=\"column\">\n\t\t\t<div class=\"elementor-widget-wrap elementor-element-populated\">\n\t\t\t\t\t\t<div class=\"elementor-element elementor-element-25eb330 elementor-widget__width-initial elementor-widget elementor-widget-image\" data-id=\"25eb330\" data-element_type=\"widget\" data-widget_type=\"image.default\">\n\t\t\t\t<div class=\"elementor-widget-container\">\n\t\t\t\t\t\t\t\t\t\t\t\t\t<img fetchpriority=\"high\" decoding=\"async\" width=\"1138\" height=\"1536\" src=\"https:\/\/yestothenet.com\/wp-content\/uploads\/2023\/12\/AP_MNH_-copie-1-1138x1536.jpg\" class=\"attachment-1536x1536 size-1536x1536 wp-image-6650\" alt=\"\" srcset=\"https:\/\/yestothenet.com\/wp-content\/uploads\/2023\/12\/AP_MNH_-copie-1-1138x1536.jpg 1138w, https:\/\/yestothenet.com\/wp-content\/uploads\/2023\/12\/AP_MNH_-copie-1-222x300.jpg 222w, https:\/\/yestothenet.com\/wp-content\/uploads\/2023\/12\/AP_MNH_-copie-1-758x1024.jpg 758w, https:\/\/yestothenet.com\/wp-content\/uploads\/2023\/12\/AP_MNH_-copie-1-768x1037.jpg 768w, https:\/\/yestothenet.com\/wp-content\/uploads\/2023\/12\/AP_MNH_-copie-1-1517x2048.jpg 1517w, https:\/\/yestothenet.com\/wp-content\/uploads\/2023\/12\/AP_MNH_-copie-1-720x972.jpg 720w, https:\/\/yestothenet.com\/wp-content\/uploads\/2023\/12\/AP_MNH_-copie-1-scaled.jpg 1896w\" sizes=\"(max-width: 1138px) 100vw, 1138px\" \/>\t\t\t\t\t\t\t\t\t\t\t\t\t<\/div>\n\t\t\t\t<\/div>\n\t\t\t\t\t<\/div>\n\t\t<\/div>\n\t\t\t\t<div class=\"elementor-column elementor-col-50 elementor-inner-column elementor-element elementor-element-dce0f81 ot-flex-column-vertical\" data-id=\"dce0f81\" data-element_type=\"column\">\n\t\t\t<div class=\"elementor-widget-wrap elementor-element-populated\">\n\t\t\t\t\t\t<div class=\"elementor-element elementor-element-734d7ce elementor-widget__width-initial elementor-widget elementor-widget-text-editor\" data-id=\"734d7ce\" data-element_type=\"widget\" data-widget_type=\"text-editor.default\">\n\t\t\t\t<div class=\"elementor-widget-container\">\n\t\t\t\t\t\t\t<p>To meet these needs, we developed a comprehensive and integrated communications strategy. Our team focused on creating a cohesive and engaging campaign that would be effectively deployed across various communication channels.<\/p><p style=\"text-align: center;\"><strong>Creating Impactful Content:<\/strong><\/p><p>We developed key messages and engaging visuals that embody MNH&#039;s spirit and commitment to its members. These creative elements were adapted for each platform, ensuring a seamless and memorable user experience.<\/p><p style=\"text-align: center;\"><strong>Multi-channel strategy:<\/strong><\/p><p>Our campaign spanned multiple channels, including digital, social media, traditional advertising, and direct communications. This multi-channel approach allowed us to maximize the campaign&#039;s reach and impact, reaching MNH&#039;s audience where they are most active.<\/p><p style=\"text-align: center;\"><strong>Engagement and Interaction:<\/strong><\/p><p>To increase engagement, we incorporated interactive elements into the campaign, encouraging audiences to learn more about MNH and actively participate in its community.<\/p>\t\t\t\t\t\t<\/div>\n\t\t\t\t<\/div>\n\t\t\t\t\t<\/div>\n\t\t<\/div>\n\t\t\t\t\t<\/div>\n\t\t<\/section>\n\t\t\t\t\t<\/div>\n\t\t<\/div>\n\t\t\t\t\t<\/div>\n\t\t<\/section>\n\t\t\t\t<section class=\"elementor-section elementor-top-section elementor-element elementor-element-bdb0ffc ot-traditional elementor-section-boxed elementor-section-height-default elementor-section-height-default\" data-id=\"bdb0ffc\" data-element_type=\"section\">\n\t\t\t\t\t\t<div class=\"elementor-container elementor-column-gap-default\">\n\t\t\t\t\t<div class=\"elementor-column elementor-col-50 elementor-top-column elementor-element elementor-element-9cc0bda ot-flex-column-vertical\" data-id=\"9cc0bda\" data-element_type=\"column\">\n\t\t\t<div class=\"elementor-widget-wrap elementor-element-populated\">\n\t\t\t\t\t\t<div class=\"elementor-element elementor-element-29b9a5b elementor-widget elementor-widget-text-editor\" data-id=\"29b9a5b\" data-element_type=\"widget\" data-widget_type=\"text-editor.default\">\n\t\t\t\t<div class=\"elementor-widget-container\">\n\t\t\t\t\t\t\t<p style=\"text-align: center;\"><strong>Results :<\/strong><\/p><p>The campaign generated a significant increase in MNH brand awareness. We observed remarkable growth in online engagement, as well as an increased positive perception of the brand among the target audience. Feedback from MNH members and new members demonstrated the effectiveness and impact of our efforts.<\/p><p style=\"text-align: center;\"><strong>Conclusion :<\/strong><\/p><p>This project with MNH was a fantastic opportunity to demonstrate our expertise in omnichannel communication and our ability to create campaigns that resonate with customer values and expectations. We are proud to have contributed to strengthening MNH&#039;s image and reputation and look forward to continuing our collaboration.<\/p>\t\t\t\t\t\t<\/div>\n\t\t\t\t<\/div>\n\t\t\t\t\t<\/div>\n\t\t<\/div>\n\t\t\t\t<div class=\"elementor-column elementor-col-50 elementor-top-column elementor-element elementor-element-c0a88e5 ot-flex-column-vertical\" data-id=\"c0a88e5\" data-element_type=\"column\">\n\t\t\t<div class=\"elementor-widget-wrap elementor-element-populated\">\n\t\t\t\t\t\t<div class=\"elementor-element elementor-element-7a799de elementor-widget__width-initial elementor-widget-mobile__width-initial elementor-hidden-tablet elementor-hidden-mobile elementor-widget elementor-widget-image\" data-id=\"7a799de\" data-element_type=\"widget\" data-widget_type=\"image.default\">\n\t\t\t\t<div class=\"elementor-widget-container\">\n\t\t\t\t\t\t\t\t\t\t\t\t\t<img decoding=\"async\" width=\"758\" height=\"1024\" src=\"https:\/\/yestothenet.com\/wp-content\/uploads\/2023\/12\/AP_MNH_4-copie-758x1024.jpg\" class=\"attachment-large size-large wp-image-6654\" alt=\"\" srcset=\"https:\/\/yestothenet.com\/wp-content\/uploads\/2023\/12\/AP_MNH_4-copie-758x1024.jpg 758w, https:\/\/yestothenet.com\/wp-content\/uploads\/2023\/12\/AP_MNH_4-copie-222x300.jpg 222w, https:\/\/yestothenet.com\/wp-content\/uploads\/2023\/12\/AP_MNH_4-copie-768x1037.jpg 768w, https:\/\/yestothenet.com\/wp-content\/uploads\/2023\/12\/AP_MNH_4-copie-1138x1536.jpg 1138w, https:\/\/yestothenet.com\/wp-content\/uploads\/2023\/12\/AP_MNH_4-copie-1517x2048.jpg 1517w, https:\/\/yestothenet.com\/wp-content\/uploads\/2023\/12\/AP_MNH_4-copie-720x972.jpg 720w, https:\/\/yestothenet.com\/wp-content\/uploads\/2023\/12\/AP_MNH_4-copie-scaled.jpg 1896w\" sizes=\"(max-width: 758px) 100vw, 758px\" \/>\t\t\t\t\t\t\t\t\t\t\t\t\t<\/div>\n\t\t\t\t<\/div>\n\t\t\t\t\t<\/div>\n\t\t<\/div>\n\t\t\t\t\t<\/div>\n\t\t<\/section>\n\t\t\t\t<section class=\"elementor-section elementor-top-section elementor-element elementor-element-7d2b9c5 ot-traditional elementor-section-boxed elementor-section-height-default elementor-section-height-default\" data-id=\"7d2b9c5\" data-element_type=\"section\">\n\t\t\t\t\t\t<div class=\"elementor-container elementor-column-gap-default\">\n\t\t\t\t\t<div class=\"elementor-column elementor-col-100 elementor-top-column elementor-element elementor-element-b90b032 ot-flex-column-vertical\" data-id=\"b90b032\" data-element_type=\"column\">\n\t\t\t<div class=\"elementor-widget-wrap elementor-element-populated\">\n\t\t\t\t\t\t<div class=\"elementor-element elementor-element-acc94b8 elementor-arrows-position-inside elementor-widget elementor-widget-image-carousel\" data-id=\"acc94b8\" data-element_type=\"widget\" data-settings=\"{&quot;slides_to_show&quot;:&quot;3&quot;,&quot;autoplay_speed&quot;:2000,&quot;navigation&quot;:&quot;arrows&quot;,&quot;autoplay&quot;:&quot;yes&quot;,&quot;pause_on_hover&quot;:&quot;yes&quot;,&quot;pause_on_interaction&quot;:&quot;yes&quot;,&quot;infinite&quot;:&quot;yes&quot;,&quot;speed&quot;:500,&quot;image_spacing_custom&quot;:{&quot;unit&quot;:&quot;px&quot;,&quot;size&quot;:20,&quot;sizes&quot;:[]},&quot;image_spacing_custom_tablet&quot;:{&quot;unit&quot;:&quot;px&quot;,&quot;size&quot;:&quot;&quot;,&quot;sizes&quot;:[]},&quot;image_spacing_custom_mobile&quot;:{&quot;unit&quot;:&quot;px&quot;,&quot;size&quot;:&quot;&quot;,&quot;sizes&quot;:[]}}\" data-widget_type=\"image-carousel.default\">\n\t\t\t\t<div class=\"elementor-widget-container\">\n\t\t\t\t\t<div class=\"elementor-image-carousel-wrapper swiper\" dir=\"ltr\">\n\t\t\t<div class=\"elementor-image-carousel swiper-wrapper\" aria-live=\"off\">\n\t\t\t\t\t\t\t\t<div class=\"swiper-slide\" role=\"group\" aria-roledescription=\"slide\" aria-label=\"1 of 9\"><figure class=\"swiper-slide-inner\"><img decoding=\"async\" class=\"swiper-slide-image\" src=\"https:\/\/yestothenet.com\/wp-content\/uploads\/2023\/12\/AP_MNH_13-copie-768x1037.jpg\" alt=\"\" \/><\/figure><\/div><div class=\"swiper-slide\" role=\"group\" aria-roledescription=\"slide\" aria-label=\"2 of 9\"><figure class=\"swiper-slide-inner\"><img decoding=\"async\" class=\"swiper-slide-image\" src=\"https:\/\/yestothenet.com\/wp-content\/uploads\/2023\/12\/AP_MNH_11-copie-768x1037.jpg\" alt=\"\" \/><\/figure><\/div><div class=\"swiper-slide\" role=\"group\" aria-roledescription=\"slide\" aria-label=\"3 of 9\"><figure class=\"swiper-slide-inner\"><img decoding=\"async\" class=\"swiper-slide-image\" src=\"https:\/\/yestothenet.com\/wp-content\/uploads\/2023\/12\/AP_MNH_10-copie-768x1037.jpg\" alt=\"\" \/><\/figure><\/div><div class=\"swiper-slide\" role=\"group\" aria-roledescription=\"slide\" aria-label=\"4 of 9\"><figure class=\"swiper-slide-inner\"><img decoding=\"async\" class=\"swiper-slide-image\" src=\"https:\/\/yestothenet.com\/wp-content\/uploads\/2023\/12\/AP_MNH_9-copie-768x1037.jpg\" alt=\"\" \/><\/figure><\/div><div class=\"swiper-slide\" role=\"group\" aria-roledescription=\"slide\" aria-label=\"5 of 9\"><figure class=\"swiper-slide-inner\"><img decoding=\"async\" class=\"swiper-slide-image\" src=\"https:\/\/yestothenet.com\/wp-content\/uploads\/2023\/12\/AP_MNH_8-copie-768x1037.jpg\" alt=\"\" \/><\/figure><\/div><div class=\"swiper-slide\" role=\"group\" aria-roledescription=\"slide\" aria-label=\"6 of 9\"><figure class=\"swiper-slide-inner\"><img decoding=\"async\" class=\"swiper-slide-image\" src=\"https:\/\/yestothenet.com\/wp-content\/uploads\/2023\/12\/AP_MNH_7-copie-768x1037.jpg\" alt=\"\" \/><\/figure><\/div><div class=\"swiper-slide\" role=\"group\" aria-roledescription=\"slide\" aria-label=\"7 of 9\"><figure class=\"swiper-slide-inner\"><img decoding=\"async\" class=\"swiper-slide-image\" src=\"https:\/\/yestothenet.com\/wp-content\/uploads\/2023\/12\/AP_MNH_5-copie-768x1037.jpg\" alt=\"\" \/><\/figure><\/div><div class=\"swiper-slide\" role=\"group\" aria-roledescription=\"slide\" aria-label=\"8 of 9\"><figure class=\"swiper-slide-inner\"><img decoding=\"async\" class=\"swiper-slide-image\" src=\"https:\/\/yestothenet.com\/wp-content\/uploads\/2023\/12\/AP_MNH_3-copie-768x1037.jpg\" alt=\"\" \/><\/figure><\/div><div class=\"swiper-slide\" role=\"group\" aria-roledescription=\"slide\" aria-label=\"9 of 9\"><figure class=\"swiper-slide-inner\"><img decoding=\"async\" class=\"swiper-slide-image\" src=\"https:\/\/yestothenet.com\/wp-content\/uploads\/2023\/12\/AP_MNH_2-copie-768x1037.jpg\" alt=\"\" \/><\/figure><\/div>\t\t\t<\/div>\n\t\t\t\t\t\t\t\t\t\t\t\t<div class=\"elementor-swiper-button elementor-swiper-button-prev\" role=\"button\" tabindex=\"0\">\n\t\t\t\t\t\t<i aria-hidden=\"true\" class=\"eicon-chevron-left\"><\/i>\t\t\t\t\t<\/div>\n\t\t\t\t\t<div class=\"elementor-swiper-button elementor-swiper-button-next\" role=\"button\" tabindex=\"0\">\n\t\t\t\t\t\t<i aria-hidden=\"true\" class=\"eicon-chevron-right\"><\/i>\t\t\t\t\t<\/div>\n\t\t\t\t\n\t\t\t\t\t\t\t\t\t<\/div>\n\t\t\t\t<\/div>\n\t\t\t\t<\/div>\n\t\t\t\t\t<\/div>\n\t\t<\/div>\n\t\t\t\t\t<\/div>\n\t\t<\/section>\n\t\t\t\t<\/div>","protected":false},"excerpt":{"rendered":"<p>MNH : Campagne Omnicanale pour une Image et Notori\u00e9t\u00e9 Renforc\u00e9e Notre client, MNH, une mutuelle reconnue, nous a confi\u00e9 la t\u00e2che de renforcer son image et sa notori\u00e9t\u00e9 \u00e0 travers une campagne omnicanale innovante. L&rsquo;objectif \u00e9tait de mettre en lumi\u00e8re les valeurs et les services exceptionnels de MNH, tout en atteignant un public plus large [&hellip;]<\/p>","protected":false},"author":1,"featured_media":0,"parent":0,"menu_order":0,"comment_status":"closed","ping_status":"closed","template":"","meta":{"footnotes":""},"class_list":["post-6648","page","type-page","status-publish","hentry"],"yoast_head":"<!-- This site is optimized with the Yoast SEO plugin v23.6 - https:\/\/yoast.com\/wordpress\/plugins\/seo\/ -->\n<title>Nos r\u00e9f\u00e9rences MNH \u2013 L&#039;agence YES TO THE NET<\/title>\n<meta name=\"description\" content=\"D\u00e9couvrez nos r\u00e9f\u00e9rences de la marque MNH. Sollicitez de savoir-faire de votre agence de communication YES TO THE NET.\" \/>\n<meta name=\"robots\" content=\"index, follow, max-snippet:-1, max-image-preview:large, max-video-preview:-1\" \/>\n<link rel=\"canonical\" href=\"https:\/\/yestothenet.com\/en\/reference-mnh\/\" \/>\n<meta property=\"og:locale\" content=\"en_US\" \/>\n<meta property=\"og:type\" content=\"article\" \/>\n<meta property=\"og:title\" content=\"Nos r\u00e9f\u00e9rences MNH \u2013 L&#039;agence YES TO THE NET\" \/>\n<meta property=\"og:description\" content=\"D\u00e9couvrez nos r\u00e9f\u00e9rences de la marque MNH. Sollicitez de savoir-faire de votre agence de communication YES TO THE NET.\" \/>\n<meta property=\"og:url\" content=\"https:\/\/yestothenet.com\/en\/reference-mnh\/\" \/>\n<meta property=\"og:site_name\" content=\"Yes To The Net\" \/>\n<meta property=\"article:publisher\" content=\"https:\/\/www.instagram.com\/yestothenet\/\" \/>\n<meta property=\"article:modified_time\" content=\"2024-03-05T11:44:59+00:00\" \/>\n<meta property=\"og:image\" content=\"https:\/\/yestothenet.com\/wp-content\/uploads\/2023\/12\/AP_MNH_-copie-1-1138x1536.jpg\" \/>\n<meta name=\"twitter:card\" content=\"summary_large_image\" \/>\n<meta name=\"twitter:label1\" content=\"Est. reading time\" \/>\n\t<meta name=\"twitter:data1\" content=\"6 minutes\" \/>\n<script type=\"application\/ld+json\" class=\"yoast-schema-graph\">{\"@context\":\"https:\/\/schema.org\",\"@graph\":[{\"@type\":\"WebPage\",\"@id\":\"https:\/\/yestothenet.com\/reference-mnh\/\",\"url\":\"https:\/\/yestothenet.com\/reference-mnh\/\",\"name\":\"Nos r\u00e9f\u00e9rences MNH \u2013 L'agence YES TO THE NET\",\"isPartOf\":{\"@id\":\"https:\/\/yestothenet.com\/#website\"},\"primaryImageOfPage\":{\"@id\":\"https:\/\/yestothenet.com\/reference-mnh\/#primaryimage\"},\"image\":{\"@id\":\"https:\/\/yestothenet.com\/reference-mnh\/#primaryimage\"},\"thumbnailUrl\":\"https:\/\/yestothenet.com\/wp-content\/uploads\/2023\/12\/AP_MNH_-copie-1-1138x1536.jpg\",\"datePublished\":\"2023-12-18T14:31:19+00:00\",\"dateModified\":\"2024-03-05T11:44:59+00:00\",\"description\":\"D\u00e9couvrez nos r\u00e9f\u00e9rences de la marque MNH. Sollicitez de savoir-faire de votre agence de communication YES TO THE NET.\",\"breadcrumb\":{\"@id\":\"https:\/\/yestothenet.com\/reference-mnh\/#breadcrumb\"},\"inLanguage\":\"en-US\",\"potentialAction\":[{\"@type\":\"ReadAction\",\"target\":[\"https:\/\/yestothenet.com\/reference-mnh\/\"]}]},{\"@type\":\"ImageObject\",\"inLanguage\":\"en-US\",\"@id\":\"https:\/\/yestothenet.com\/reference-mnh\/#primaryimage\",\"url\":\"https:\/\/yestothenet.com\/wp-content\/uploads\/2023\/12\/AP_MNH_-copie-1-1138x1536.jpg\",\"contentUrl\":\"https:\/\/yestothenet.com\/wp-content\/uploads\/2023\/12\/AP_MNH_-copie-1-1138x1536.jpg\"},{\"@type\":\"BreadcrumbList\",\"@id\":\"https:\/\/yestothenet.com\/reference-mnh\/#breadcrumb\",\"itemListElement\":[{\"@type\":\"ListItem\",\"position\":1,\"name\":\"Accueil\",\"item\":\"https:\/\/yestothenet.com\/\"},{\"@type\":\"ListItem\",\"position\":2,\"name\":\"r\u00e9f\u00e9rence MNH\"}]},{\"@type\":\"WebSite\",\"@id\":\"https:\/\/yestothenet.com\/#website\",\"url\":\"https:\/\/yestothenet.com\/\",\"name\":\"YES TO THE NET\",\"description\":\"Votre agence de communication \u00e0 Marrakech\",\"publisher\":{\"@id\":\"https:\/\/yestothenet.com\/#organization\"},\"potentialAction\":[{\"@type\":\"SearchAction\",\"target\":{\"@type\":\"EntryPoint\",\"urlTemplate\":\"https:\/\/yestothenet.com\/?s={search_term_string}\"},\"query-input\":{\"@type\":\"PropertyValueSpecification\",\"valueRequired\":true,\"valueName\":\"search_term_string\"}}],\"inLanguage\":\"en-US\"},{\"@type\":\"Organization\",\"@id\":\"https:\/\/yestothenet.com\/#organization\",\"name\":\"YES TO THE NET\",\"url\":\"https:\/\/yestothenet.com\/\",\"logo\":{\"@type\":\"ImageObject\",\"inLanguage\":\"en-US\",\"@id\":\"https:\/\/yestothenet.com\/#\/schema\/logo\/image\/\",\"url\":\"https:\/\/yestothenet.com\/wp-content\/uploads\/2024\/02\/cropped-YES_THE_TO_NET-removebg-preview.png\",\"contentUrl\":\"https:\/\/yestothenet.com\/wp-content\/uploads\/2024\/02\/cropped-YES_THE_TO_NET-removebg-preview.png\",\"width\":512,\"height\":512,\"caption\":\"YES TO THE NET\"},\"image\":{\"@id\":\"https:\/\/yestothenet.com\/#\/schema\/logo\/image\/\"},\"sameAs\":[\"https:\/\/www.instagram.com\/yestothenet\/\"]}]}<\/script>\n<!-- \/ Yoast SEO plugin. -->","yoast_head_json":{"title":"Nos r\u00e9f\u00e9rences MNH \u2013 L'agence YES TO THE NET","description":"D\u00e9couvrez nos r\u00e9f\u00e9rences de la marque MNH. Sollicitez de savoir-faire de votre agence de communication YES TO THE NET.","robots":{"index":"index","follow":"follow","max-snippet":"max-snippet:-1","max-image-preview":"max-image-preview:large","max-video-preview":"max-video-preview:-1"},"canonical":"https:\/\/yestothenet.com\/en\/reference-mnh\/","og_locale":"en_US","og_type":"article","og_title":"Nos r\u00e9f\u00e9rences MNH \u2013 L'agence YES TO THE NET","og_description":"D\u00e9couvrez nos r\u00e9f\u00e9rences de la marque MNH. Sollicitez de savoir-faire de votre agence de communication YES TO THE NET.","og_url":"https:\/\/yestothenet.com\/en\/reference-mnh\/","og_site_name":"Yes To The Net","article_publisher":"https:\/\/www.instagram.com\/yestothenet\/","article_modified_time":"2024-03-05T11:44:59+00:00","og_image":[{"url":"https:\/\/yestothenet.com\/wp-content\/uploads\/2023\/12\/AP_MNH_-copie-1-1138x1536.jpg"}],"twitter_card":"summary_large_image","twitter_misc":{"Est. reading time":"6 minutes"},"schema":{"@context":"https:\/\/schema.org","@graph":[{"@type":"WebPage","@id":"https:\/\/yestothenet.com\/reference-mnh\/","url":"https:\/\/yestothenet.com\/reference-mnh\/","name":"Nos r\u00e9f\u00e9rences MNH \u2013 L'agence YES TO THE NET","isPartOf":{"@id":"https:\/\/yestothenet.com\/#website"},"primaryImageOfPage":{"@id":"https:\/\/yestothenet.com\/reference-mnh\/#primaryimage"},"image":{"@id":"https:\/\/yestothenet.com\/reference-mnh\/#primaryimage"},"thumbnailUrl":"https:\/\/yestothenet.com\/wp-content\/uploads\/2023\/12\/AP_MNH_-copie-1-1138x1536.jpg","datePublished":"2023-12-18T14:31:19+00:00","dateModified":"2024-03-05T11:44:59+00:00","description":"D\u00e9couvrez nos r\u00e9f\u00e9rences de la marque MNH. Sollicitez de savoir-faire de votre agence de communication YES TO THE NET.","breadcrumb":{"@id":"https:\/\/yestothenet.com\/reference-mnh\/#breadcrumb"},"inLanguage":"en-US","potentialAction":[{"@type":"ReadAction","target":["https:\/\/yestothenet.com\/reference-mnh\/"]}]},{"@type":"ImageObject","inLanguage":"en-US","@id":"https:\/\/yestothenet.com\/reference-mnh\/#primaryimage","url":"https:\/\/yestothenet.com\/wp-content\/uploads\/2023\/12\/AP_MNH_-copie-1-1138x1536.jpg","contentUrl":"https:\/\/yestothenet.com\/wp-content\/uploads\/2023\/12\/AP_MNH_-copie-1-1138x1536.jpg"},{"@type":"BreadcrumbList","@id":"https:\/\/yestothenet.com\/reference-mnh\/#breadcrumb","itemListElement":[{"@type":"ListItem","position":1,"name":"Accueil","item":"https:\/\/yestothenet.com\/"},{"@type":"ListItem","position":2,"name":"r\u00e9f\u00e9rence MNH"}]},{"@type":"WebSite","@id":"https:\/\/yestothenet.com\/#website","url":"https:\/\/yestothenet.com\/","name":"YES TO THE NET","description":"Votre agence de communication \u00e0 Marrakech","publisher":{"@id":"https:\/\/yestothenet.com\/#organization"},"potentialAction":[{"@type":"SearchAction","target":{"@type":"EntryPoint","urlTemplate":"https:\/\/yestothenet.com\/?s={search_term_string}"},"query-input":{"@type":"PropertyValueSpecification","valueRequired":true,"valueName":"search_term_string"}}],"inLanguage":"en-US"},{"@type":"Organization","@id":"https:\/\/yestothenet.com\/#organization","name":"YES TO THE NET","url":"https:\/\/yestothenet.com\/","logo":{"@type":"ImageObject","inLanguage":"en-US","@id":"https:\/\/yestothenet.com\/#\/schema\/logo\/image\/","url":"https:\/\/yestothenet.com\/wp-content\/uploads\/2024\/02\/cropped-YES_THE_TO_NET-removebg-preview.png","contentUrl":"https:\/\/yestothenet.com\/wp-content\/uploads\/2024\/02\/cropped-YES_THE_TO_NET-removebg-preview.png","width":512,"height":512,"caption":"YES TO THE NET"},"image":{"@id":"https:\/\/yestothenet.com\/#\/schema\/logo\/image\/"},"sameAs":["https:\/\/www.instagram.com\/yestothenet\/"]}]}},"_links":{"self":[{"href":"https:\/\/yestothenet.com\/en\/wp-json\/wp\/v2\/pages\/6648","targetHints":{"allow":["GET"]}}],"collection":[{"href":"https:\/\/yestothenet.com\/en\/wp-json\/wp\/v2\/pages"}],"about":[{"href":"https:\/\/yestothenet.com\/en\/wp-json\/wp\/v2\/types\/page"}],"author":[{"embeddable":true,"href":"https:\/\/yestothenet.com\/en\/wp-json\/wp\/v2\/users\/1"}],"replies":[{"embeddable":true,"href":"https:\/\/yestothenet.com\/en\/wp-json\/wp\/v2\/comments?post=6648"}],"version-history":[{"count":16,"href":"https:\/\/yestothenet.com\/en\/wp-json\/wp\/v2\/pages\/6648\/revisions"}],"predecessor-version":[{"id":7433,"href":"https:\/\/yestothenet.com\/en\/wp-json\/wp\/v2\/pages\/6648\/revisions\/7433"}],"wp:attachment":[{"href":"https:\/\/yestothenet.com\/en\/wp-json\/wp\/v2\/media?parent=6648"}],"curies":[{"name":"wp","href":"https:\/\/api.w.org\/{rel}","templated":true}]}}