{"id":6332,"date":"2023-12-07T12:06:45","date_gmt":"2023-12-07T11:06:45","guid":{"rendered":"https:\/\/yestothenet.com\/?page_id=6332"},"modified":"2024-08-26T15:06:38","modified_gmt":"2024-08-26T13:06:38","slug":"plan-site","status":"publish","type":"page","link":"https:\/\/yestothenet.com\/en\/site-map\/","title":{"rendered":"Site map"},"content":{"rendered":"<div data-elementor-type=\"wp-page\" data-elementor-id=\"6332\" class=\"elementor elementor-6332\" data-elementor-post-type=\"page\">\n\t\t\t\t\t\t<section class=\"elementor-section elementor-top-section elementor-element elementor-element-138251b ot-traditional elementor-section-boxed elementor-section-height-default elementor-section-height-default\" data-id=\"138251b\" data-element_type=\"section\">\n\t\t\t\t\t\t<div class=\"elementor-container elementor-column-gap-default\">\n\t\t\t\t\t<div class=\"elementor-column elementor-col-100 elementor-top-column elementor-element elementor-element-1b04217 ot-flex-column-vertical\" data-id=\"1b04217\" data-element_type=\"column\">\n\t\t\t<div class=\"elementor-widget-wrap elementor-element-populated\">\n\t\t\t\t\t\t<section class=\"elementor-section elementor-inner-section elementor-element elementor-element-ff8267e elementor-section-full_width elementor-section-content-bottom ot-traditional elementor-section-height-default elementor-section-height-default\" data-id=\"ff8267e\" data-element_type=\"section\" data-settings=\"{&quot;background_background&quot;:&quot;classic&quot;}\">\n\t\t\t\t\t\t\t<div class=\"elementor-background-overlay\"><\/div>\n\t\t\t\t\t\t\t<div class=\"elementor-container elementor-column-gap-extended\">\n\t\t\t\t\t<div class=\"elementor-column elementor-col-50 elementor-inner-column elementor-element elementor-element-9e0fbef ot-flex-column-vertical\" data-id=\"9e0fbef\" data-element_type=\"column\">\n\t\t\t<div class=\"elementor-widget-wrap elementor-element-populated\">\n\t\t\t\t\t\t<div class=\"elementor-element elementor-element-875a79c elementor-widget elementor-widget-iheading\" data-id=\"875a79c\" data-element_type=\"widget\" data-widget_type=\"iheading.default\">\n\t\t\t\t<div class=\"elementor-widget-container\">\n\t\t\t\t\t<div class=\"ot-heading\">\r\n\t        <h1 class=\"main-heading\">Sitemap:<\/h1>\t    <\/div>\r\n\t    \t\t<\/div>\n\t\t\t\t<\/div>\n\t\t\t\t\t<\/div>\n\t\t<\/div>\n\t\t\t\t<div class=\"elementor-column elementor-col-50 elementor-inner-column elementor-element elementor-element-3a82f24 ot-flex-column-vertical\" data-id=\"3a82f24\" data-element_type=\"column\">\n\t\t\t<div class=\"elementor-widget-wrap\">\n\t\t\t\t\t\t\t<\/div>\n\t\t<\/div>\n\t\t\t\t\t<\/div>\n\t\t<\/section>\n\t\t\t\t\t<\/div>\n\t\t<\/div>\n\t\t\t\t\t<\/div>\n\t\t<\/section>\n\t\t\t\t<section class=\"elementor-section elementor-top-section elementor-element elementor-element-998542c ot-traditional elementor-section-boxed elementor-section-height-default elementor-section-height-default\" data-id=\"998542c\" data-element_type=\"section\">\n\t\t\t\t\t\t<div class=\"elementor-container elementor-column-gap-default\">\n\t\t\t\t\t<div class=\"elementor-column elementor-col-100 elementor-top-column elementor-element elementor-element-0717c0a ot-flex-column-vertical\" data-id=\"0717c0a\" data-element_type=\"column\">\n\t\t\t<div class=\"elementor-widget-wrap elementor-element-populated\">\n\t\t\t\t\t\t<div class=\"elementor-element elementor-element-0f469e1 elementor-widget elementor-widget-text-editor\" data-id=\"0f469e1\" data-element_type=\"widget\" data-widget_type=\"text-editor.default\">\n\t\t\t\t<div class=\"elementor-widget-container\">\n\t\t\t\t\t\t\t<h2>Pages:<\/h2><ul class=\"wsp-pages-list\"><li class=\"page_item page-item-2451\"><span style=\"color: #000000;\"><a style=\"color: #000000;\" href=\"http:\/\/yestothenet.com\/en\/\">welcome<\/a><\/span><\/li><li class=\"page_item page-item-5103\"><span style=\"color: #000000;\"><a style=\"color: #000000;\" href=\"http:\/\/yestothenet.com\/en\/marrakech-web-agency\/\">Agency<\/a><\/span><\/li><li><span style=\"color: #000000;\"><a style=\"color: #000000;\" href=\"http:\/\/yestothenet.com\/en\/website-creation\/\">Website<\/a><\/span><\/li><li class=\"page_item page-item-5215\"><span style=\"color: #000000;\"><a style=\"color: #000000;\" href=\"https:\/\/yestothenet.com\/en\/web-application-creation\/\">Web application<\/a><\/span><\/li><li><span style=\"color: #000000;\"><a style=\"color: #000000;\" href=\"https:\/\/yestothenet.com\/en\/mobile-application-creation\/\">Mobile application\u00a0<\/a><\/span><\/li><li><span style=\"color: #000000;\"><a style=\"color: #000000;\" href=\"https:\/\/yestothenet.com\/en\/natural-seo-referencing\/\">Natural referencing<\/a><\/span><\/li><li><span style=\"color: #000000;\"><a style=\"color: #000000;\" href=\"https:\/\/yestothenet.com\/en\/paid-seo-sea\/\">Paid referencing<\/a><\/span><\/li><li><span style=\"color: #000000;\"><a style=\"color: #000000;\" href=\"http:\/\/yestothenet.com\/en\/graphic-design\/\">Graphic design<\/a><\/span><\/li><li class=\"page_item page-item-5213\"><span style=\"color: #000000;\"><a style=\"color: #000000;\" href=\"http:\/\/yestothenet.com\/en\/community-management\/\">Community management<\/a><\/span><\/li><li><span style=\"color: #000000;\"><a style=\"color: #000000;\" href=\"http:\/\/yestothenet.com\/en\/it-outsourcing\/\">IT Outsourcing<\/a><\/span><\/li><li><span style=\"color: #000000;\"><a style=\"color: #000000;\" href=\"https:\/\/yestothenet.com\/en\/offshore-web-agency-morocco\/\">Offshore web agency<\/a><\/span><\/li><li><span style=\"color: #000000;\"><a style=\"color: #000000;\" href=\"https:\/\/yestothenet.com\/en\/references\/\">Our references<\/a><\/span><\/li><li class=\"page_item page-item-5233\"><span style=\"color: #000000;\"><a style=\"color: #000000;\" href=\"http:\/\/yestothenet.com\/en\/contact\/\">Contact<\/a><\/span><\/li><\/ul>\t\t\t\t\t\t<\/div>\n\t\t\t\t<\/div>\n\t\t\t\t\t<\/div>\n\t\t<\/div>\n\t\t\t\t\t<\/div>\n\t\t<\/section>\n\t\t\t\t<section class=\"elementor-section elementor-top-section elementor-element elementor-element-5e53336 ot-traditional elementor-section-boxed elementor-section-height-default elementor-section-height-default\" data-id=\"5e53336\" data-element_type=\"section\">\n\t\t\t\t\t\t<div class=\"elementor-container elementor-column-gap-default\">\n\t\t\t\t\t<div class=\"elementor-column elementor-col-100 elementor-top-column elementor-element elementor-element-150ab8f ot-flex-column-vertical\" data-id=\"150ab8f\" data-element_type=\"column\">\n\t\t\t<div class=\"elementor-widget-wrap elementor-element-populated\">\n\t\t\t\t\t\t<div class=\"elementor-element elementor-element-0ff7839 elementor-widget elementor-widget-text-editor\" data-id=\"0ff7839\" data-element_type=\"widget\" data-widget_type=\"text-editor.default\">\n\t\t\t\t<div class=\"elementor-widget-container\">\n\t\t\t\t\t\t\t<h2><span style=\"color: #000000;\">LP<\/span><\/h2>\n<ul class=\"wsp-pages-list\">\n \t<li class=\"page_item page-item-5715\"><a href=\"https:\/\/yestothenet.com\/en\/agadir-communications-agency\/\">Agadir communications agency<\/a><\/li>\n \t<li><a href=\"https:\/\/yestothenet.com\/en\/gueliz-communications-agency\/\">Gu\u00e9liz communications agency<\/a><\/li>\n \t<li class=\"page_item page-item-5782\"><a href=\"https:\/\/yestothenet.com\/en\/beni-mellal-communications-agency\/\">Beni Mellal communications agency<\/a><\/li>\n \t<li class=\"page_item page-item-5792\"><a href=\"https:\/\/yestothenet.com\/en\/casablanca-communications-agency\/\">Casablanca communications agency<\/a><\/li>\n \t<li class=\"page_item page-item-5807\"><a href=\"https:\/\/yestothenet.com\/en\/fes-communications-agency\/\">Fes communications agency<\/a><\/li>\n \t<li class=\"page_item page-item-5737\"><a href=\"https:\/\/yestothenet.com\/en\/laayoune-communications-agency\/\">Laayoune Communication Agency<\/a><\/li>\n \t<li class=\"page_item page-item-5692\"><a href=\"https:\/\/yestothenet.com\/en\/agence-de-communication-safi\/\">Safi communications agency<\/a><\/li>\n \t<li class=\"page_item page-item-5814\"><a href=\"https:\/\/yestothenet.com\/en\/rabat-communications-agency\/\">Rabat communications agency<\/a><\/li>\n \t<li><a href=\"https:\/\/yestothenet.com\/en\/ben-guerir-communications-agency\/\">Ben Guerir Communications Agency<\/a><\/li>\n \t<li><a href=\"https:\/\/yestothenet.com\/en\/settat-communications-agency\/\">Settat communications agency<\/a><\/li>\n \t<li><a href=\"https:\/\/yestothenet.com\/en\/chichaoua-communications-agency\/\">Chichaoua communications agency<\/a><\/li>\n \t<li><a href=\"https:\/\/yestothenet.com\/en\/essaouira-communications-agency\/\">Essaouira communications agency<\/a><\/li>\n \t<li><a href=\"https:\/\/yestothenet.com\/en\/dakhla-communications-agency\/\">Dakhla Communication Agency<\/a><\/li>\n \t<li><a href=\"https:\/\/yestothenet.com\/en\/berrechid-communications-agency\/\">Berrechid Communication Agency<\/a><\/li>\n \t<li><a href=\"https:\/\/yestothenet.com\/en\/azilal-communications-agency\/\">Azilal communications agency\u00a0<\/a><\/li>\n \t<li><a href=\"https:\/\/yestothenet.com\/en\/el-jadida-communications-agency\/\">El Jadida Communications Agency<\/a><\/li>\n \t<li><a href=\"https:\/\/yestothenet.com\/en\/kenitra-communications-agency\/\">Kenitra communications agency<\/a><\/li>\n \t<li><a href=\"https:\/\/yestothenet.com\/en\/taroudant-communications-agency\/\">Taroudant communications agency<\/a><\/li>\n \t<li><a href=\"https:\/\/yestothenet.com\/en\/meknes-communications-agency\/\">Meknes communications agency<\/a><\/li>\n \t<li><a href=\"https:\/\/yestothenet.com\/en\/tangier-communications-agency\/\">Tangier communications agency<\/a><\/li>\n \t<li><a href=\"https:\/\/yestothenet.com\/en\/agence-de-communication-tetouan\/\">Tetouan communications agency<\/a><\/li>\n \t<li class=\"page_item page-item-5938\"><span style=\"color: #000000;\"><a style=\"color: #000000;\" href=\"https:\/\/yestothenet.com\/en\/website-creation-agadir-essaouira-taroudant\/\">Website creation Agadir, Essaouira, Taroudant<\/a><\/span><\/li>\n \t<li class=\"page_item page-item-5930\"><span style=\"color: #000000;\"><a style=\"color: #000000;\" href=\"https:\/\/yestothenet.com\/en\/website-creation-marrakech-safi-chichaoua-ben-guerir-settat\/\">Website creation Marrakech, Safi, Chichaoua, Ben Guerir, Settat<\/a><\/span><\/li>\n \t<li class=\"page_item page-item-5983\"><span style=\"color: #000000;\"><a style=\"color: #000000;\" href=\"https:\/\/yestothenet.com\/en\/creation-of-a-beni-mellal-azilal-website\/\">Website creation Beni Mellal, Azilal<\/a><\/span><\/li>\n \t<li class=\"page_item page-item-6020\"><span style=\"color: #000000;\"><a style=\"color: #000000;\" href=\"https:\/\/yestothenet.com\/en\/creation-website-casablanca-berrchid-el-jadida\/\">Website creation Casablanca, Berrchid, El Jadida<\/a><\/span><\/li>\n \t<li class=\"page_item page-item-6091\"><span style=\"color: #000000;\"><a style=\"color: #000000;\" href=\"https:\/\/yestothenet.com\/en\/website-creation-fes-meknes-tanger-tetouan\/\">Website creation for Fes, Meknes, Tangier, Tetouan<\/a><\/span><\/li>\n \t<li class=\"page_item page-item-5948\"><span style=\"color: #000000;\"><a style=\"color: #000000;\" href=\"https:\/\/yestothenet.com\/en\/website-creation-laayoune-dakhla\/\">Website creation Laayoune, Dakhla<\/a><\/span><\/li>\n \t<li class=\"page_item page-item-6084\"><span style=\"color: #000000;\"><a style=\"color: #000000;\" href=\"https:\/\/yestothenet.com\/en\/website-creation-rabat-kenitra\/\">Website creation Rabat, Kenitra<\/a><\/span><\/li>\n \t<li class=\"page_item page-item-5864\"><span style=\"color: #000000;\"><a style=\"color: #000000;\" href=\"https:\/\/yestothenet.com\/en\/seo-agadir-essaouira-taroudant\/\">SEO Agadir, Essaouira, Taroudant<\/a><\/span><\/li>\n \t<li class=\"page_item page-item-5888\"><span style=\"color: #000000;\"><a style=\"color: #000000;\" href=\"https:\/\/yestothenet.com\/en\/seo-beni-mellal-azilal\/\">SEO Beni mellal, Azilal<\/a><\/span><\/li>\n \t<li class=\"page_item page-item-5897\"><span style=\"color: #000000;\"><a style=\"color: #000000;\" href=\"https:\/\/yestothenet.com\/en\/seo-casablanca-berrchid-el-jadida\/\">SEO Casablanca, Berrchid, El jadida<\/a><\/span><\/li>\n \t<li class=\"page_item page-item-5913\"><span style=\"color: #000000;\"><a style=\"color: #000000;\" href=\"https:\/\/yestothenet.com\/en\/seo-fes-meknes-tanger-tetouan\/\">SEO Fes, Meknes, Tangier, Tetouan<\/a><\/span><\/li>\n \t<li class=\"page_item page-item-5880\"><span style=\"color: #000000;\"><a style=\"color: #000000;\" href=\"https:\/\/yestothenet.com\/en\/seo-laayoune-dakhla\/\">SEO Laayoune, Dakhla<\/a><\/span><\/li>\n \t<li class=\"page_item page-item-5856\"><span style=\"color: #000000;\"><a style=\"color: #000000;\" href=\"https:\/\/yestothenet.com\/en\/seo-marrakech-safi-chichaoua-ben-guerir-settat\/\">SEO Marrakech, Safi, Chichaoua, Ben Guerir, Settat<\/a><\/span><\/li>\n \t<li class=\"page_item page-item-5906\"><span style=\"color: #000000;\"><a style=\"color: #000000;\" href=\"https:\/\/yestothenet.com\/en\/seo-rabat-kenitra\/\">SEO Rabat, Kenitra<\/a><\/span><\/li>\n \t<li><span style=\"color: #000000;\"><a style=\"color: #000000;\" href=\"https:\/\/yestothenet.com\/en\/web-agency-marrakech-safi-chichaoua-ben-guerir-settat\/\">Web Agency Marrakech, Safi, Chichaoua, Ben Guerir, Settat<\/a><\/span><\/li>\n \t<li><span style=\"color: #000000;\"><a style=\"color: #000000;\" href=\"https:\/\/yestothenet.com\/en\/agence-web-agadir-essaouira-taroudant\/\">Web Agency Agadir, Essaouira, Taroudant<\/a><\/span><\/li>\n \t<li><span style=\"color: #000000;\"><a style=\"color: #000000;\" href=\"https:\/\/yestothenet.com\/en\/laayoune-dakhla-web-agency\/\">Laayoune, Dakhla Web Agency<\/a><\/span><\/li>\n \t<li><span style=\"color: #000000;\"><a style=\"color: #000000;\" href=\"https:\/\/yestothenet.com\/en\/beni-mellal-azilal-web-agency\/\">Beni Mellal, Azilal Web Agency<\/a><\/span><\/li>\n \t<li><span style=\"color: #000000;\"><a style=\"color: #000000;\" href=\"https:\/\/yestothenet.com\/en\/web-agency-casablanca-berrchid-el-jadida\/\">Web Agency Casablanca, Berrchid, El jadida<\/a><\/span><\/li>\n \t<li><span style=\"color: #000000;\"><a style=\"color: #000000;\" href=\"https:\/\/yestothenet.com\/en\/rabat-kenitra-web-agency\/\">Web Agency Rabat, Kenitra<\/a><\/span><\/li>\n \t<li><span style=\"color: #000000;\"><a style=\"color: #000000;\" href=\"https:\/\/yestothenet.com\/en\/web-agency-fes-meknes-tanger-tetouan\/\">Web Agency Fes, Meknes, Tangier, Tetouan<\/a><\/span><\/li>\n \t<li><span style=\"color: #000000;\"><a style=\"color: #000000;\" href=\"https:\/\/yestothenet.com\/en\/creation-of-web-application-marrakech-safi-chichaoua-ben-guerir-settat\/\">Creation of web applications in Marrakech, Safi, Chichaoua, Ben Guerir, Settat<\/a><\/span><\/li>\n \t<li><span style=\"color: #000000;\"><a style=\"color: #000000;\" href=\"https:\/\/yestothenet.com\/en\/creation-of-web-application-in-agadir-essaouira-taroudant\/\">Creation of web applications in Agadir, Essaouira, Taroudant<\/a><\/span><\/li>\n \t<li><span style=\"color: #000000;\"><a style=\"color: #000000;\" href=\"https:\/\/yestothenet.com\/en\/creation-of-web-application-in-laayoune-dakhla\/\">Creation of web application Laayoune, Dakhla<\/a><\/span><\/li>\n \t<li><span style=\"color: #000000;\"><a style=\"color: #000000;\" href=\"https:\/\/yestothenet.com\/en\/creation-of-web-application-beni-mellal-azilal\/\">Creation of a web application in Beni Mellal, Azilal<\/a><\/span><\/li>\n \t<li><span style=\"color: #000000;\"><a style=\"color: #000000;\" href=\"https:\/\/yestothenet.com\/en\/creation-web-application-casablanca-berrchid-el-jadida\/\">Creation of web applications in Casablanca, Berrchid, El Jadida<\/a><\/span><\/li>\n \t<li><span style=\"color: #000000;\"><a style=\"color: #000000;\" href=\"https:\/\/yestothenet.com\/en\/creation-of-web-application-in-rabat-kenitra\/\">Creation of web applications in Rabat and Kenitra<\/a><\/span><\/li>\n \t<li><span style=\"color: #000000;\"><a style=\"color: #000000;\" href=\"https:\/\/yestothenet.com\/en\/creation-of-web-applications-in-fes-meknes-tangier-tetouan\/\">Web application creation in Fes, Meknes, Tangier, Tetouan<\/a><\/span><\/li>\n \t<li><span style=\"color: #000000;\"><a style=\"color: #000000;\" href=\"https:\/\/yestothenet.com\/en\/creation-of-mobile-application-marrakech-safi-chichaoua-ben-guerir-settat\/\">Creation of mobile applications in Marrakech, Safi, Chichaoua, Ben Guerir, Settat<\/a><\/span><\/li>\n \t<li><span style=\"color: #000000;\"><a style=\"color: #000000;\" href=\"https:\/\/yestothenet.com\/en\/creation-of-mobile-application-agadir-essaouira-taroudant\/\">Mobile application creation Agadir, Essaouira, Taroudant<\/a><\/span><\/li>\n \t<li><span style=\"color: #000000;\"><a style=\"color: #000000;\" href=\"https:\/\/yestothenet.com\/en\/creation-of-mobile-application-laayoune-dakhla\/\">Mobile application creation Laayoune, Dakhla<\/a><\/span><\/li>\n \t<li><span style=\"color: #000000;\"><a style=\"color: #000000;\" href=\"https:\/\/yestothenet.com\/en\/creation-application-mobile-beni-mellal-azilal\/\">Mobile application creation Beni mellal, Azilal<\/a><\/span><\/li>\n \t<li><span style=\"color: #000000;\"><a style=\"color: #000000;\" href=\"https:\/\/yestothenet.com\/en\/referencement-naturel-seo-safi\/\">Natural SEO Safi<\/a><\/span><\/li>\n \t<li><span style=\"color: #000000;\"><a style=\"color: #000000;\" href=\"https:\/\/yestothenet.com\/en\/natural-seo-agadir\/\">Natural SEO Agadir<\/a><\/span><\/li>\n \t<li><span style=\"color: #000000;\"><a style=\"color: #000000;\" href=\"https:\/\/yestothenet.com\/en\/natural-seo-referencing-laayoune\/\">Natural SEO referencing Laayoune<\/a><\/span><\/li>\n<\/ul>\t\t\t\t\t\t<\/div>\n\t\t\t\t<\/div>\n\t\t\t\t\t<\/div>\n\t\t<\/div>\n\t\t\t\t\t<\/div>\n\t\t<\/section>\n\t\t\t\t<\/div>","protected":false},"excerpt":{"rendered":"<p>Plan de site : Pages : accueil Agence Site web Application Web Application mobile\u00a0 R\u00e9f\u00e9rencement naturel R\u00e9f\u00e9rencement payant Conception graphique Community management Outsourcing IT Agence web offshore Nos r\u00e9f\u00e9rences Contact LP Agence de communication Agadir Agence de communication Gu\u00e9liz Agence de communication Beni mellal Agence de communication Casablanca Agence de communication Fes Agence de communication [&hellip;]<\/p>","protected":false},"author":1,"featured_media":0,"parent":0,"menu_order":0,"comment_status":"closed","ping_status":"closed","template":"","meta":{"footnotes":""},"class_list":["post-6332","page","type-page","status-publish","hentry"],"yoast_head":"<!-- This site is optimized with the Yoast SEO plugin v23.6 - https:\/\/yoast.com\/wordpress\/plugins\/seo\/ -->\n<title>Plan site - Yes To The Net<\/title>\n<meta name=\"robots\" content=\"index, follow, max-snippet:-1, max-image-preview:large, max-video-preview:-1\" \/>\n<link rel=\"canonical\" href=\"https:\/\/yestothenet.com\/en\/site-map\/\" \/>\n<meta property=\"og:locale\" content=\"en_US\" \/>\n<meta property=\"og:type\" content=\"article\" \/>\n<meta property=\"og:title\" content=\"Plan site - Yes To The Net\" \/>\n<meta property=\"og:description\" content=\"Plan de site : Pages : accueil Agence Site web Application Web Application mobile\u00a0 R\u00e9f\u00e9rencement naturel R\u00e9f\u00e9rencement payant Conception graphique Community management Outsourcing IT Agence web offshore Nos r\u00e9f\u00e9rences Contact LP Agence de communication Agadir Agence de communication Gu\u00e9liz Agence de communication Beni mellal Agence de communication Casablanca Agence de communication Fes Agence de communication [&hellip;]\" \/>\n<meta property=\"og:url\" content=\"https:\/\/yestothenet.com\/en\/site-map\/\" \/>\n<meta property=\"og:site_name\" content=\"Yes To The Net\" \/>\n<meta property=\"article:publisher\" content=\"https:\/\/www.instagram.com\/yestothenet\/\" \/>\n<meta property=\"article:modified_time\" content=\"2024-08-26T13:06:38+00:00\" \/>\n<meta property=\"og:image\" content=\"https:\/\/yestothenet.com\/wp-content\/uploads\/2020\/09\/YES-THE-TO-NET-1.jpeg\" \/>\n\t<meta property=\"og:image:width\" content=\"1280\" \/>\n\t<meta property=\"og:image:height\" content=\"536\" \/>\n\t<meta property=\"og:image:type\" content=\"image\/jpeg\" \/>\n<meta name=\"twitter:card\" content=\"summary_large_image\" \/>\n<meta name=\"twitter:label1\" content=\"Est. reading time\" \/>\n\t<meta name=\"twitter:data1\" content=\"2 minutes\" \/>\n<script type=\"application\/ld+json\" class=\"yoast-schema-graph\">{\"@context\":\"https:\/\/schema.org\",\"@graph\":[{\"@type\":\"WebPage\",\"@id\":\"https:\/\/yestothenet.com\/plan-site\/\",\"url\":\"https:\/\/yestothenet.com\/plan-site\/\",\"name\":\"Plan site - Yes To The Net\",\"isPartOf\":{\"@id\":\"https:\/\/yestothenet.com\/#website\"},\"datePublished\":\"2023-12-07T11:06:45+00:00\",\"dateModified\":\"2024-08-26T13:06:38+00:00\",\"breadcrumb\":{\"@id\":\"https:\/\/yestothenet.com\/plan-site\/#breadcrumb\"},\"inLanguage\":\"en-US\",\"potentialAction\":[{\"@type\":\"ReadAction\",\"target\":[\"https:\/\/yestothenet.com\/plan-site\/\"]}]},{\"@type\":\"BreadcrumbList\",\"@id\":\"https:\/\/yestothenet.com\/plan-site\/#breadcrumb\",\"itemListElement\":[{\"@type\":\"ListItem\",\"position\":1,\"name\":\"Accueil\",\"item\":\"https:\/\/yestothenet.com\/\"},{\"@type\":\"ListItem\",\"position\":2,\"name\":\"Plan site\"}]},{\"@type\":\"WebSite\",\"@id\":\"https:\/\/yestothenet.com\/#website\",\"url\":\"https:\/\/yestothenet.com\/\",\"name\":\"YES TO THE NET\",\"description\":\"Votre agence de communication \u00e0 Marrakech\",\"publisher\":{\"@id\":\"https:\/\/yestothenet.com\/#organization\"},\"potentialAction\":[{\"@type\":\"SearchAction\",\"target\":{\"@type\":\"EntryPoint\",\"urlTemplate\":\"https:\/\/yestothenet.com\/?s={search_term_string}\"},\"query-input\":{\"@type\":\"PropertyValueSpecification\",\"valueRequired\":true,\"valueName\":\"search_term_string\"}}],\"inLanguage\":\"en-US\"},{\"@type\":\"Organization\",\"@id\":\"https:\/\/yestothenet.com\/#organization\",\"name\":\"YES TO THE NET\",\"url\":\"https:\/\/yestothenet.com\/\",\"logo\":{\"@type\":\"ImageObject\",\"inLanguage\":\"en-US\",\"@id\":\"https:\/\/yestothenet.com\/#\/schema\/logo\/image\/\",\"url\":\"https:\/\/yestothenet.com\/wp-content\/uploads\/2024\/02\/cropped-YES_THE_TO_NET-removebg-preview.png\",\"contentUrl\":\"https:\/\/yestothenet.com\/wp-content\/uploads\/2024\/02\/cropped-YES_THE_TO_NET-removebg-preview.png\",\"width\":512,\"height\":512,\"caption\":\"YES TO THE NET\"},\"image\":{\"@id\":\"https:\/\/yestothenet.com\/#\/schema\/logo\/image\/\"},\"sameAs\":[\"https:\/\/www.instagram.com\/yestothenet\/\"]}]}<\/script>\n<!-- \/ Yoast SEO plugin. -->","yoast_head_json":{"title":"Plan site - Yes To The Net","robots":{"index":"index","follow":"follow","max-snippet":"max-snippet:-1","max-image-preview":"max-image-preview:large","max-video-preview":"max-video-preview:-1"},"canonical":"https:\/\/yestothenet.com\/en\/site-map\/","og_locale":"en_US","og_type":"article","og_title":"Plan site - Yes To The Net","og_description":"Plan de site : Pages : accueil Agence Site web Application Web Application mobile\u00a0 R\u00e9f\u00e9rencement naturel R\u00e9f\u00e9rencement payant Conception graphique Community management Outsourcing IT Agence web offshore Nos r\u00e9f\u00e9rences Contact LP Agence de communication Agadir Agence de communication Gu\u00e9liz Agence de communication Beni mellal Agence de communication Casablanca Agence de communication Fes Agence de communication [&hellip;]","og_url":"https:\/\/yestothenet.com\/en\/site-map\/","og_site_name":"Yes To The Net","article_publisher":"https:\/\/www.instagram.com\/yestothenet\/","article_modified_time":"2024-08-26T13:06:38+00:00","og_image":[{"width":1280,"height":536,"url":"https:\/\/yestothenet.com\/wp-content\/uploads\/2020\/09\/YES-THE-TO-NET-1.jpeg","type":"image\/jpeg"}],"twitter_card":"summary_large_image","twitter_misc":{"Est. reading time":"2 minutes"},"schema":{"@context":"https:\/\/schema.org","@graph":[{"@type":"WebPage","@id":"https:\/\/yestothenet.com\/plan-site\/","url":"https:\/\/yestothenet.com\/plan-site\/","name":"Plan site - Yes To The Net","isPartOf":{"@id":"https:\/\/yestothenet.com\/#website"},"datePublished":"2023-12-07T11:06:45+00:00","dateModified":"2024-08-26T13:06:38+00:00","breadcrumb":{"@id":"https:\/\/yestothenet.com\/plan-site\/#breadcrumb"},"inLanguage":"en-US","potentialAction":[{"@type":"ReadAction","target":["https:\/\/yestothenet.com\/plan-site\/"]}]},{"@type":"BreadcrumbList","@id":"https:\/\/yestothenet.com\/plan-site\/#breadcrumb","itemListElement":[{"@type":"ListItem","position":1,"name":"Accueil","item":"https:\/\/yestothenet.com\/"},{"@type":"ListItem","position":2,"name":"Plan site"}]},{"@type":"WebSite","@id":"https:\/\/yestothenet.com\/#website","url":"https:\/\/yestothenet.com\/","name":"YES TO THE NET","description":"Votre agence de communication \u00e0 Marrakech","publisher":{"@id":"https:\/\/yestothenet.com\/#organization"},"potentialAction":[{"@type":"SearchAction","target":{"@type":"EntryPoint","urlTemplate":"https:\/\/yestothenet.com\/?s={search_term_string}"},"query-input":{"@type":"PropertyValueSpecification","valueRequired":true,"valueName":"search_term_string"}}],"inLanguage":"en-US"},{"@type":"Organization","@id":"https:\/\/yestothenet.com\/#organization","name":"YES TO THE NET","url":"https:\/\/yestothenet.com\/","logo":{"@type":"ImageObject","inLanguage":"en-US","@id":"https:\/\/yestothenet.com\/#\/schema\/logo\/image\/","url":"https:\/\/yestothenet.com\/wp-content\/uploads\/2024\/02\/cropped-YES_THE_TO_NET-removebg-preview.png","contentUrl":"https:\/\/yestothenet.com\/wp-content\/uploads\/2024\/02\/cropped-YES_THE_TO_NET-removebg-preview.png","width":512,"height":512,"caption":"YES TO THE NET"},"image":{"@id":"https:\/\/yestothenet.com\/#\/schema\/logo\/image\/"},"sameAs":["https:\/\/www.instagram.com\/yestothenet\/"]}]}},"_links":{"self":[{"href":"https:\/\/yestothenet.com\/en\/wp-json\/wp\/v2\/pages\/6332","targetHints":{"allow":["GET"]}}],"collection":[{"href":"https:\/\/yestothenet.com\/en\/wp-json\/wp\/v2\/pages"}],"about":[{"href":"https:\/\/yestothenet.com\/en\/wp-json\/wp\/v2\/types\/page"}],"author":[{"embeddable":true,"href":"https:\/\/yestothenet.com\/en\/wp-json\/wp\/v2\/users\/1"}],"replies":[{"embeddable":true,"href":"https:\/\/yestothenet.com\/en\/wp-json\/wp\/v2\/comments?post=6332"}],"version-history":[{"count":100,"href":"https:\/\/yestothenet.com\/en\/wp-json\/wp\/v2\/pages\/6332\/revisions"}],"predecessor-version":[{"id":8910,"href":"https:\/\/yestothenet.com\/en\/wp-json\/wp\/v2\/pages\/6332\/revisions\/8910"}],"wp:attachment":[{"href":"https:\/\/yestothenet.com\/en\/wp-json\/wp\/v2\/media?parent=6332"}],"curies":[{"name":"wp","href":"https:\/\/api.w.org\/{rel}","templated":true}]}}