{"id":6122,"date":"2023-11-15T12:49:47","date_gmt":"2023-11-15T11:49:47","guid":{"rendered":"https:\/\/yestothenet.com\/?page_id=6122"},"modified":"2023-11-15T12:57:11","modified_gmt":"2023-11-15T11:57:11","slug":"agence-web-agadir-essaouira-taroudant","status":"publish","type":"page","link":"https:\/\/yestothenet.com\/en\/agence-web-agadir-essaouira-taroudant\/","title":{"rendered":"&#8230; Agence Web Agadir, Essaouira, Taroudant"},"content":{"rendered":"<div data-elementor-type=\"wp-page\" data-elementor-id=\"6122\" class=\"elementor elementor-6122\" data-elementor-post-type=\"page\">\n\t\t\t\t\t\t<section class=\"elementor-section elementor-top-section elementor-element elementor-element-2db1430 elementor-section-content-middle ot-traditional elementor-section-boxed elementor-section-height-default elementor-section-height-default\" data-id=\"2db1430\" data-element_type=\"section\">\n\t\t\t\t\t\t<div class=\"elementor-container elementor-column-gap-default\">\n\t\t\t\t\t<div class=\"elementor-column elementor-col-100 elementor-top-column elementor-element elementor-element-9ca7f6d ot-flex-column-vertical\" data-id=\"9ca7f6d\" data-element_type=\"column\">\n\t\t\t<div class=\"elementor-widget-wrap elementor-element-populated\">\n\t\t\t\t\t\t<section class=\"elementor-section elementor-inner-section elementor-element elementor-element-ae21701 elementor-section-content-top elementor-section-full_width ot-traditional elementor-section-height-default elementor-section-height-default\" data-id=\"ae21701\" data-element_type=\"section\">\n\t\t\t\t\t\t<div class=\"elementor-container elementor-column-gap-extended\">\n\t\t\t\t\t<div class=\"elementor-column elementor-col-50 elementor-inner-column elementor-element elementor-element-78f9ac9 ot-flex-column-vertical\" data-id=\"78f9ac9\" data-element_type=\"column\">\n\t\t\t<div class=\"elementor-widget-wrap elementor-element-populated\">\n\t\t\t\t\t\t<div class=\"elementor-element elementor-element-25eb330 elementor-widget elementor-widget-image\" data-id=\"25eb330\" data-element_type=\"widget\" data-widget_type=\"image.default\">\n\t\t\t\t<div class=\"elementor-widget-container\">\n\t\t\t\t\t\t\t\t\t\t\t\t\t<img fetchpriority=\"high\" decoding=\"async\" width=\"800\" height=\"800\" src=\"https:\/\/yestothenet.com\/wp-content\/uploads\/2023\/11\/agence-Web-Agadir-Essaouira-Taroudant-1.png\" class=\"attachment-large size-large wp-image-6124\" alt=\"agence Web Agadir, Essaouira, Taroudant\" srcset=\"https:\/\/yestothenet.com\/wp-content\/uploads\/2023\/11\/agence-Web-Agadir-Essaouira-Taroudant-1.png 800w, https:\/\/yestothenet.com\/wp-content\/uploads\/2023\/11\/agence-Web-Agadir-Essaouira-Taroudant-1-300x300.png 300w, https:\/\/yestothenet.com\/wp-content\/uploads\/2023\/11\/agence-Web-Agadir-Essaouira-Taroudant-1-150x150.png 150w, https:\/\/yestothenet.com\/wp-content\/uploads\/2023\/11\/agence-Web-Agadir-Essaouira-Taroudant-1-768x768.png 768w, https:\/\/yestothenet.com\/wp-content\/uploads\/2023\/11\/agence-Web-Agadir-Essaouira-Taroudant-1-720x720.png 720w\" sizes=\"(max-width: 800px) 100vw, 800px\" \/>\t\t\t\t\t\t\t\t\t\t\t\t\t<\/div>\n\t\t\t\t<\/div>\n\t\t\t\t\t<\/div>\n\t\t<\/div>\n\t\t\t\t<div class=\"elementor-column elementor-col-50 elementor-inner-column elementor-element elementor-element-dce0f81 ot-flex-column-vertical\" data-id=\"dce0f81\" data-element_type=\"column\">\n\t\t\t<div class=\"elementor-widget-wrap elementor-element-populated\">\n\t\t\t\t\t\t<div class=\"elementor-element elementor-element-ea79d5e elementor-widget elementor-widget-iheading\" data-id=\"ea79d5e\" data-element_type=\"widget\" data-widget_type=\"iheading.default\">\n\t\t\t\t<div class=\"elementor-widget-container\">\n\t\t\t\t\t<div class=\"ot-heading\">\r\n\t        <h1 class=\"main-heading\">\nYES TO THE NET \u2013 Votre agence Web Agadir, Essaouira, Taroudant<\/h1>\t    <\/div>\r\n\t    \t\t<\/div>\n\t\t\t\t<\/div>\n\t\t\t\t<div class=\"elementor-element elementor-element-734d7ce elementor-widget elementor-widget-text-editor\" data-id=\"734d7ce\" data-element_type=\"widget\" data-widget_type=\"text-editor.default\">\n\t\t\t\t<div class=\"elementor-widget-container\">\n\t\t\t\t\t\t\t<p>You are looking for a <strong>agence Web Agadir, Essaouira, Taroudant\u00a0<\/strong>? Depuis 2016, l\u2019agence YES TO THE NET est reconnue pour son professionnalisme et son expertise dans le domaine de communication digitale. Nous accompagnons les entreprises de tous secteur d\u2019activit\u00e9s dans leur projet de cr\u00e9ation site web ou de d\u00e9veloppement d\u2019application.<\/p><p>OUR <strong><span style=\"color: #33cccc;\"><a style=\"color: #33cccc;\" href=\"https:\/\/yestothenet.com\/en\/marrakech-web-agency\/\">web agency<\/a><\/span> Agadir, Essaouira, Taroudant\u00a0<\/strong>met \u00e0 votre disposition toute notre expertise en d\u00e9veloppement web, cr\u00e9ation de tous types de sites web, optimisation de votre site, gestion de projet, conception graphique, r\u00e9f\u00e9rencement naturel, SEA, community Management et en outsourcing IT. Nous vous assurons un r\u00e9sultat qui r\u00e9pond parfaitement \u00e0 vos exigences.<\/p><p>Pour garantir la r\u00e9ussite et la performance durable de votre entreprise, il est essentiel de reconna\u00eetre l&rsquo;importance de l&rsquo;investissement digitale. Si vous cherchez un accompagnement expert pour vos projets web, notre <strong>agence Web Agadir, Essaouira, Taroudant\u00a0<\/strong>est le choix id\u00e9al pour vous guider dans ce projet. N\u2019h\u00e9sitez pas \u00e0 nous contacter au <span style=\"color: #33cccc;\"><a style=\"color: #33cccc;\" href=\"tel:06 61 26 30 34\"><strong>06 61 26 30 34<\/strong><\/a><\/span>.<\/p>\t\t\t\t\t\t<\/div>\n\t\t\t\t<\/div>\n\t\t\t\t\t<\/div>\n\t\t<\/div>\n\t\t\t\t\t<\/div>\n\t\t<\/section>\n\t\t\t\t\t<\/div>\n\t\t<\/div>\n\t\t\t\t\t<\/div>\n\t\t<\/section>\n\t\t\t\t<section class=\"elementor-section elementor-top-section elementor-element elementor-element-30c462d ot-traditional elementor-section-boxed elementor-section-height-default elementor-section-height-default\" data-id=\"30c462d\" data-element_type=\"section\">\n\t\t\t\t\t\t<div class=\"elementor-container elementor-column-gap-default\">\n\t\t\t\t\t<div class=\"elementor-column elementor-col-100 elementor-top-column elementor-element elementor-element-c788162 ot-flex-column-vertical\" data-id=\"c788162\" data-element_type=\"column\">\n\t\t\t<div class=\"elementor-widget-wrap elementor-element-populated\">\n\t\t\t\t\t\t<section class=\"elementor-section elementor-inner-section elementor-element elementor-element-ab020ed elementor-section-full_width elementor-section-content-bottom ot-traditional elementor-section-height-default elementor-section-height-default\" data-id=\"ab020ed\" data-element_type=\"section\" data-settings=\"{&quot;background_background&quot;:&quot;classic&quot;}\">\n\t\t\t\t\t\t\t<div class=\"elementor-background-overlay\"><\/div>\n\t\t\t\t\t\t\t<div class=\"elementor-container elementor-column-gap-extended\">\n\t\t\t\t\t<div class=\"elementor-column elementor-col-50 elementor-inner-column elementor-element elementor-element-ffaaf2a ot-flex-column-vertical\" data-id=\"ffaaf2a\" data-element_type=\"column\">\n\t\t\t<div class=\"elementor-widget-wrap elementor-element-populated\">\n\t\t\t\t\t\t<div class=\"elementor-element elementor-element-5ff7ce1 elementor-widget elementor-widget-iheading\" data-id=\"5ff7ce1\" data-element_type=\"widget\" data-widget_type=\"iheading.default\">\n\t\t\t\t<div class=\"elementor-widget-container\">\n\t\t\t\t\t<div class=\"ot-heading\">\r\n\t        \t            <span>\/\/ At Yes To The Net,<\/span>\r\n\t        <h2 class=\"main-heading\">Optimisez votre succ\u00e8s en ligne.<\/h2>\t    <\/div>\r\n\t    \t\t<\/div>\n\t\t\t\t<\/div>\n\t\t\t\t\t<\/div>\n\t\t<\/div>\n\t\t\t\t<div class=\"elementor-column elementor-col-50 elementor-inner-column elementor-element elementor-element-3fd82f3 ot-flex-column-vertical\" data-id=\"3fd82f3\" data-element_type=\"column\">\n\t\t\t<div class=\"elementor-widget-wrap elementor-element-populated\">\n\t\t\t\t\t\t<div class=\"elementor-element elementor-element-e146430 elementor-align-right elementor-mobile-align-left elementor-widget elementor-widget-button\" data-id=\"e146430\" data-element_type=\"widget\" data-widget_type=\"button.default\">\n\t\t\t\t<div class=\"elementor-widget-container\">\n\t\t\t\t\t<div class=\"elementor-button-wrapper\">\n\t\t\t<a class=\"elementor-button elementor-button-link elementor-size-md\" href=\"https:\/\/yestothenet.com\/en\/contact\/\">\n\t\t\t\t\t\t<span class=\"elementor-button-content-wrapper\">\n\t\t\t\t\t\t\t\t\t<span class=\"elementor-button-text\">Contact us<\/span>\n\t\t\t\t\t<\/span>\n\t\t\t\t\t<\/a>\n\t\t<\/div>\n\t\t\t\t<\/div>\n\t\t\t\t<\/div>\n\t\t\t\t\t<\/div>\n\t\t<\/div>\n\t\t\t\t\t<\/div>\n\t\t<\/section>\n\t\t\t\t\t<\/div>\n\t\t<\/div>\n\t\t\t\t\t<\/div>\n\t\t<\/section>\n\t\t\t\t<section class=\"elementor-section elementor-top-section elementor-element elementor-element-81a82a5 ot-traditional elementor-section-boxed elementor-section-height-default elementor-section-height-default\" data-id=\"81a82a5\" data-element_type=\"section\" data-settings=\"{&quot;background_background&quot;:&quot;classic&quot;}\">\n\t\t\t\t\t\t\t<div class=\"elementor-background-overlay\"><\/div>\n\t\t\t\t\t\t\t<div class=\"elementor-container elementor-column-gap-extended\">\n\t\t\t\t\t<div class=\"elementor-column elementor-col-50 elementor-top-column elementor-element elementor-element-18b89c0 ot-flex-column-vertical\" data-id=\"18b89c0\" data-element_type=\"column\">\n\t\t\t<div class=\"elementor-widget-wrap elementor-element-populated\">\n\t\t\t\t\t\t<div class=\"elementor-element elementor-element-45e921b elementor-widget elementor-widget-iheading\" data-id=\"45e921b\" data-element_type=\"widget\" data-widget_type=\"iheading.default\">\n\t\t\t\t<div class=\"elementor-widget-container\">\n\t\t\t\t\t<div class=\"ot-heading\">\r\n\t        <h2 class=\"main-heading\">Boostez votre pr\u00e9sence en ligne avec notre agence Web Agadir, Essaouira, Taroudant<\/h2>\t    <\/div>\r\n\t    \t\t<\/div>\n\t\t\t\t<\/div>\n\t\t\t\t<section class=\"elementor-section elementor-inner-section elementor-element elementor-element-dd648d0 elementor-section-full_width ot-traditional elementor-section-height-default elementor-section-height-default\" data-id=\"dd648d0\" data-element_type=\"section\">\n\t\t\t\t\t\t<div class=\"elementor-container elementor-column-gap-default\">\n\t\t\t\t\t<div class=\"elementor-column elementor-col-100 elementor-inner-column elementor-element elementor-element-9c59460 ot-flex-column-vertical\" data-id=\"9c59460\" data-element_type=\"column\">\n\t\t\t<div class=\"elementor-widget-wrap elementor-element-populated\">\n\t\t\t\t\t\t<div class=\"elementor-element elementor-element-9a4497b elementor-widget elementor-widget-text-editor\" data-id=\"9a4497b\" data-element_type=\"widget\" data-widget_type=\"text-editor.default\">\n\t\t\t\t<div class=\"elementor-widget-container\">\n\t\t\t\t\t\t\t<p style=\"text-align: justify; line-height: 150%;\"><span style=\"font-family: 'Calibri','sans-serif'; color: black;\">Dans l&rsquo;\u00e8re num\u00e9rique actuelle, une pr\u00e9sence en ligne forte et efficace est essentielle pour le succ\u00e8s de toute entreprise. C&rsquo;est l\u00e0 que notre agence web, sp\u00e9cialis\u00e9e en solutions digitales, intervient. Nous offrons un \u00e9ventail complet de services pour transformer votre vision en r\u00e9alit\u00e9 num\u00e9rique \u00e9clatante.<\/span><\/p><p style=\"text-align: justify; line-height: 150%;\"><span style=\"font-family: 'Calibri','sans-serif'; color: black;\">Notre \u00e9quipe d&rsquo;experts en design web cr\u00e9e des sites visuellement attrayants, intuitifs et optimis\u00e9s pour le SEO. Nous comprenons que chaque entreprise est unique, et c&rsquo;est pourquoi nous adoptons une approche personnalis\u00e9e pour chaque projet, garantissant un site qui refl\u00e8te parfaitement votre marque et attire votre public cible.<\/span><\/p><p style=\"text-align: justify; line-height: 150%;\"><span style=\"font-family: 'Calibri','sans-serif'; color: black;\">En plus de la conception web, nous proposons des services de marketing num\u00e9rique pour maximiser votre visibilit\u00e9 en ligne. Que ce soit \u00e0 travers le r\u00e9f\u00e9rencement naturel (SEO), le marketing sur les r\u00e9seaux sociaux, ou les campagnes publicitaires payantes, nous avons l&rsquo;expertise pour accro\u00eetre votre port\u00e9e et engager efficacement avec votre audience.<\/span><\/p><p style=\"text-align: justify; line-height: 150%;\"><span style=\"font-family: 'Calibri','sans-serif'; color: black;\">Nous savons aussi que la technologie \u00e9volue rapidement. C&rsquo;est pourquoi nous offrons des solutions de maintenance et de mise \u00e0 jour pour que votre site reste \u00e0 la pointe de la technologie, s\u00e9curis\u00e9 et performant.<\/span><\/p><p style=\"text-align: justify; line-height: 150%; margin: 0cm 0cm 8.0pt 0cm;\"><span style=\"font-family: 'Calibri','sans-serif'; color: black;\">Choisir notre agence, c&rsquo;est opter pour un partenaire d\u00e9vou\u00e9 \u00e0 votre succ\u00e8s en ligne. Laissez-nous vous aider \u00e0 faire briller votre entreprise dans le monde num\u00e9rique !<\/span><\/p>\t\t\t\t\t\t<\/div>\n\t\t\t\t<\/div>\n\t\t\t\t\t<\/div>\n\t\t<\/div>\n\t\t\t\t\t<\/div>\n\t\t<\/section>\n\t\t\t\t\t<\/div>\n\t\t<\/div>\n\t\t\t\t<div class=\"elementor-column elementor-col-50 elementor-top-column elementor-element elementor-element-8a09494 ot-flex-column-vertical\" data-id=\"8a09494\" data-element_type=\"column\">\n\t\t\t<div class=\"elementor-widget-wrap elementor-element-populated\">\n\t\t\t\t\t\t<div class=\"elementor-element elementor-element-96787b5 elementor-widget elementor-widget-image\" data-id=\"96787b5\" data-element_type=\"widget\" data-widget_type=\"image.default\">\n\t\t\t\t<div class=\"elementor-widget-container\">\n\t\t\t\t\t\t\t\t\t\t\t\t\t<img decoding=\"async\" width=\"707\" height=\"353\" src=\"https:\/\/yestothenet.com\/wp-content\/uploads\/2023\/11\/agence-Web-Agadir-Essaouira-Taroudant-2.png\" class=\"attachment-large size-large wp-image-6127\" alt=\"agence Web Agadir, Essaouira, Taroudant\" srcset=\"https:\/\/yestothenet.com\/wp-content\/uploads\/2023\/11\/agence-Web-Agadir-Essaouira-Taroudant-2.png 707w, https:\/\/yestothenet.com\/wp-content\/uploads\/2023\/11\/agence-Web-Agadir-Essaouira-Taroudant-2-300x150.png 300w\" sizes=\"(max-width: 707px) 100vw, 707px\" \/>\t\t\t\t\t\t\t\t\t\t\t\t\t<\/div>\n\t\t\t\t<\/div>\n\t\t\t\t\t<\/div>\n\t\t<\/div>\n\t\t\t\t\t<\/div>\n\t\t<\/section>\n\t\t\t\t<\/div>","protected":false},"excerpt":{"rendered":"<p>YES TO THE NET \u2013 Votre agence Web Agadir, Essaouira, Taroudant Vous \u00eates \u00e0 la recherche d\u2019une agence Web Agadir, Essaouira, Taroudant\u00a0? Depuis 2016, l\u2019agence YES TO THE NET est reconnue pour son professionnalisme et son expertise dans le domaine de communication digitale. Nous accompagnons les entreprises de tous secteur d\u2019activit\u00e9s dans leur projet de [&hellip;]<\/p>","protected":false},"author":1,"featured_media":0,"parent":0,"menu_order":0,"comment_status":"closed","ping_status":"closed","template":"","meta":{"footnotes":""},"class_list":["post-6122","page","type-page","status-publish","hentry"],"yoast_head":"<!-- This site is optimized with the Yoast SEO plugin v23.6 - https:\/\/yoast.com\/wordpress\/plugins\/seo\/ -->\n<title>Agence Web Agadir, Essaouira, Taroudant \u2013 YES TO THE NET<\/title>\n<meta name=\"description\" content=\"Optimisez votre succ\u00e8s en ligne avec notre agence Web Agadir, Essaouira, Taroudant. Contactez l\u2019agence YES TO THE NET.\" \/>\n<meta name=\"robots\" content=\"index, follow, max-snippet:-1, max-image-preview:large, max-video-preview:-1\" \/>\n<link rel=\"canonical\" href=\"https:\/\/yestothenet.com\/en\/agence-web-agadir-essaouira-taroudant\/\" \/>\n<meta property=\"og:locale\" content=\"en_US\" \/>\n<meta property=\"og:type\" content=\"article\" \/>\n<meta property=\"og:title\" content=\"Agence Web Agadir, Essaouira, Taroudant \u2013 YES TO THE NET\" \/>\n<meta property=\"og:description\" content=\"Optimisez votre succ\u00e8s en ligne avec notre agence Web Agadir, Essaouira, Taroudant. Contactez l\u2019agence YES TO THE NET.\" \/>\n<meta property=\"og:url\" content=\"https:\/\/yestothenet.com\/en\/agence-web-agadir-essaouira-taroudant\/\" \/>\n<meta property=\"og:site_name\" content=\"Yes To The Net\" \/>\n<meta property=\"article:publisher\" content=\"https:\/\/www.instagram.com\/yestothenet\/\" \/>\n<meta property=\"article:modified_time\" content=\"2023-11-15T11:57:11+00:00\" \/>\n<meta property=\"og:image\" content=\"https:\/\/yestothenet.com\/wp-content\/uploads\/2023\/11\/agence-Web-Agadir-Essaouira-Taroudant-1.png\" \/>\n<meta name=\"twitter:card\" content=\"summary_large_image\" \/>\n<meta name=\"twitter:label1\" content=\"Est. reading time\" \/>\n\t<meta name=\"twitter:data1\" content=\"3 minutes\" \/>\n<script type=\"application\/ld+json\" class=\"yoast-schema-graph\">{\"@context\":\"https:\/\/schema.org\",\"@graph\":[{\"@type\":\"WebPage\",\"@id\":\"https:\/\/yestothenet.com\/agence-web-agadir-essaouira-taroudant\/\",\"url\":\"https:\/\/yestothenet.com\/agence-web-agadir-essaouira-taroudant\/\",\"name\":\"Agence Web Agadir, Essaouira, Taroudant \u2013 YES TO THE NET\",\"isPartOf\":{\"@id\":\"https:\/\/yestothenet.com\/#website\"},\"primaryImageOfPage\":{\"@id\":\"https:\/\/yestothenet.com\/agence-web-agadir-essaouira-taroudant\/#primaryimage\"},\"image\":{\"@id\":\"https:\/\/yestothenet.com\/agence-web-agadir-essaouira-taroudant\/#primaryimage\"},\"thumbnailUrl\":\"https:\/\/yestothenet.com\/wp-content\/uploads\/2023\/11\/agence-Web-Agadir-Essaouira-Taroudant-1.png\",\"datePublished\":\"2023-11-15T11:49:47+00:00\",\"dateModified\":\"2023-11-15T11:57:11+00:00\",\"description\":\"Optimisez votre succ\u00e8s en ligne avec notre agence Web Agadir, Essaouira, Taroudant. Contactez l\u2019agence YES TO THE NET.\",\"breadcrumb\":{\"@id\":\"https:\/\/yestothenet.com\/agence-web-agadir-essaouira-taroudant\/#breadcrumb\"},\"inLanguage\":\"en-US\",\"potentialAction\":[{\"@type\":\"ReadAction\",\"target\":[\"https:\/\/yestothenet.com\/agence-web-agadir-essaouira-taroudant\/\"]}]},{\"@type\":\"ImageObject\",\"inLanguage\":\"en-US\",\"@id\":\"https:\/\/yestothenet.com\/agence-web-agadir-essaouira-taroudant\/#primaryimage\",\"url\":\"https:\/\/yestothenet.com\/wp-content\/uploads\/2023\/11\/agence-Web-Agadir-Essaouira-Taroudant-1.png\",\"contentUrl\":\"https:\/\/yestothenet.com\/wp-content\/uploads\/2023\/11\/agence-Web-Agadir-Essaouira-Taroudant-1.png\"},{\"@type\":\"BreadcrumbList\",\"@id\":\"https:\/\/yestothenet.com\/agence-web-agadir-essaouira-taroudant\/#breadcrumb\",\"itemListElement\":[{\"@type\":\"ListItem\",\"position\":1,\"name\":\"Accueil\",\"item\":\"https:\/\/yestothenet.com\/\"},{\"@type\":\"ListItem\",\"position\":2,\"name\":\"&#8230; Agence Web Agadir, Essaouira, Taroudant\"}]},{\"@type\":\"WebSite\",\"@id\":\"https:\/\/yestothenet.com\/#website\",\"url\":\"https:\/\/yestothenet.com\/\",\"name\":\"YES TO THE NET\",\"description\":\"Votre agence de communication \u00e0 Marrakech\",\"publisher\":{\"@id\":\"https:\/\/yestothenet.com\/#organization\"},\"potentialAction\":[{\"@type\":\"SearchAction\",\"target\":{\"@type\":\"EntryPoint\",\"urlTemplate\":\"https:\/\/yestothenet.com\/?s={search_term_string}\"},\"query-input\":{\"@type\":\"PropertyValueSpecification\",\"valueRequired\":true,\"valueName\":\"search_term_string\"}}],\"inLanguage\":\"en-US\"},{\"@type\":\"Organization\",\"@id\":\"https:\/\/yestothenet.com\/#organization\",\"name\":\"YES TO THE NET\",\"url\":\"https:\/\/yestothenet.com\/\",\"logo\":{\"@type\":\"ImageObject\",\"inLanguage\":\"en-US\",\"@id\":\"https:\/\/yestothenet.com\/#\/schema\/logo\/image\/\",\"url\":\"https:\/\/yestothenet.com\/wp-content\/uploads\/2024\/02\/cropped-YES_THE_TO_NET-removebg-preview.png\",\"contentUrl\":\"https:\/\/yestothenet.com\/wp-content\/uploads\/2024\/02\/cropped-YES_THE_TO_NET-removebg-preview.png\",\"width\":512,\"height\":512,\"caption\":\"YES TO THE NET\"},\"image\":{\"@id\":\"https:\/\/yestothenet.com\/#\/schema\/logo\/image\/\"},\"sameAs\":[\"https:\/\/www.instagram.com\/yestothenet\/\"]}]}<\/script>\n<!-- \/ Yoast SEO plugin. -->","yoast_head_json":{"title":"Agence Web Agadir, Essaouira, Taroudant \u2013 YES TO THE NET","description":"Optimisez votre succ\u00e8s en ligne avec notre agence Web Agadir, Essaouira, Taroudant. Contactez l\u2019agence YES TO THE NET.","robots":{"index":"index","follow":"follow","max-snippet":"max-snippet:-1","max-image-preview":"max-image-preview:large","max-video-preview":"max-video-preview:-1"},"canonical":"https:\/\/yestothenet.com\/en\/agence-web-agadir-essaouira-taroudant\/","og_locale":"en_US","og_type":"article","og_title":"Agence Web Agadir, Essaouira, Taroudant \u2013 YES TO THE NET","og_description":"Optimisez votre succ\u00e8s en ligne avec notre agence Web Agadir, Essaouira, Taroudant. Contactez l\u2019agence YES TO THE NET.","og_url":"https:\/\/yestothenet.com\/en\/agence-web-agadir-essaouira-taroudant\/","og_site_name":"Yes To The Net","article_publisher":"https:\/\/www.instagram.com\/yestothenet\/","article_modified_time":"2023-11-15T11:57:11+00:00","og_image":[{"url":"https:\/\/yestothenet.com\/wp-content\/uploads\/2023\/11\/agence-Web-Agadir-Essaouira-Taroudant-1.png"}],"twitter_card":"summary_large_image","twitter_misc":{"Est. reading time":"3 minutes"},"schema":{"@context":"https:\/\/schema.org","@graph":[{"@type":"WebPage","@id":"https:\/\/yestothenet.com\/agence-web-agadir-essaouira-taroudant\/","url":"https:\/\/yestothenet.com\/agence-web-agadir-essaouira-taroudant\/","name":"Agence Web Agadir, Essaouira, Taroudant \u2013 YES TO THE NET","isPartOf":{"@id":"https:\/\/yestothenet.com\/#website"},"primaryImageOfPage":{"@id":"https:\/\/yestothenet.com\/agence-web-agadir-essaouira-taroudant\/#primaryimage"},"image":{"@id":"https:\/\/yestothenet.com\/agence-web-agadir-essaouira-taroudant\/#primaryimage"},"thumbnailUrl":"https:\/\/yestothenet.com\/wp-content\/uploads\/2023\/11\/agence-Web-Agadir-Essaouira-Taroudant-1.png","datePublished":"2023-11-15T11:49:47+00:00","dateModified":"2023-11-15T11:57:11+00:00","description":"Optimisez votre succ\u00e8s en ligne avec notre agence Web Agadir, Essaouira, Taroudant. Contactez l\u2019agence YES TO THE NET.","breadcrumb":{"@id":"https:\/\/yestothenet.com\/agence-web-agadir-essaouira-taroudant\/#breadcrumb"},"inLanguage":"en-US","potentialAction":[{"@type":"ReadAction","target":["https:\/\/yestothenet.com\/agence-web-agadir-essaouira-taroudant\/"]}]},{"@type":"ImageObject","inLanguage":"en-US","@id":"https:\/\/yestothenet.com\/agence-web-agadir-essaouira-taroudant\/#primaryimage","url":"https:\/\/yestothenet.com\/wp-content\/uploads\/2023\/11\/agence-Web-Agadir-Essaouira-Taroudant-1.png","contentUrl":"https:\/\/yestothenet.com\/wp-content\/uploads\/2023\/11\/agence-Web-Agadir-Essaouira-Taroudant-1.png"},{"@type":"BreadcrumbList","@id":"https:\/\/yestothenet.com\/agence-web-agadir-essaouira-taroudant\/#breadcrumb","itemListElement":[{"@type":"ListItem","position":1,"name":"Accueil","item":"https:\/\/yestothenet.com\/"},{"@type":"ListItem","position":2,"name":"&#8230; Agence Web Agadir, Essaouira, Taroudant"}]},{"@type":"WebSite","@id":"https:\/\/yestothenet.com\/#website","url":"https:\/\/yestothenet.com\/","name":"YES TO THE NET","description":"Votre agence de communication \u00e0 Marrakech","publisher":{"@id":"https:\/\/yestothenet.com\/#organization"},"potentialAction":[{"@type":"SearchAction","target":{"@type":"EntryPoint","urlTemplate":"https:\/\/yestothenet.com\/?s={search_term_string}"},"query-input":{"@type":"PropertyValueSpecification","valueRequired":true,"valueName":"search_term_string"}}],"inLanguage":"en-US"},{"@type":"Organization","@id":"https:\/\/yestothenet.com\/#organization","name":"YES TO THE NET","url":"https:\/\/yestothenet.com\/","logo":{"@type":"ImageObject","inLanguage":"en-US","@id":"https:\/\/yestothenet.com\/#\/schema\/logo\/image\/","url":"https:\/\/yestothenet.com\/wp-content\/uploads\/2024\/02\/cropped-YES_THE_TO_NET-removebg-preview.png","contentUrl":"https:\/\/yestothenet.com\/wp-content\/uploads\/2024\/02\/cropped-YES_THE_TO_NET-removebg-preview.png","width":512,"height":512,"caption":"YES TO THE NET"},"image":{"@id":"https:\/\/yestothenet.com\/#\/schema\/logo\/image\/"},"sameAs":["https:\/\/www.instagram.com\/yestothenet\/"]}]}},"_links":{"self":[{"href":"https:\/\/yestothenet.com\/en\/wp-json\/wp\/v2\/pages\/6122","targetHints":{"allow":["GET"]}}],"collection":[{"href":"https:\/\/yestothenet.com\/en\/wp-json\/wp\/v2\/pages"}],"about":[{"href":"https:\/\/yestothenet.com\/en\/wp-json\/wp\/v2\/types\/page"}],"author":[{"embeddable":true,"href":"https:\/\/yestothenet.com\/en\/wp-json\/wp\/v2\/users\/1"}],"replies":[{"embeddable":true,"href":"https:\/\/yestothenet.com\/en\/wp-json\/wp\/v2\/comments?post=6122"}],"version-history":[{"count":4,"href":"https:\/\/yestothenet.com\/en\/wp-json\/wp\/v2\/pages\/6122\/revisions"}],"predecessor-version":[{"id":6130,"href":"https:\/\/yestothenet.com\/en\/wp-json\/wp\/v2\/pages\/6122\/revisions\/6130"}],"wp:attachment":[{"href":"https:\/\/yestothenet.com\/en\/wp-json\/wp\/v2\/media?parent=6122"}],"curies":[{"name":"wp","href":"https:\/\/api.w.org\/{rel}","templated":true}]}}