{"id":6091,"date":"2023-11-08T11:28:55","date_gmt":"2023-11-08T10:28:55","guid":{"rendered":"https:\/\/yestothenet.com\/?page_id=6091"},"modified":"2023-11-08T11:34:50","modified_gmt":"2023-11-08T10:34:50","slug":"creation-site-web-fes-meknes-tanger-tetouan","status":"publish","type":"page","link":"https:\/\/yestothenet.com\/en\/website-creation-fes-meknes-tanger-tetouan\/","title":{"rendered":"\u2026 Website creation Fes, Meknes, Tangier, Tetouan"},"content":{"rendered":"<div data-elementor-type=\"wp-page\" data-elementor-id=\"6091\" class=\"elementor elementor-6091\" data-elementor-post-type=\"page\">\n\t\t\t\t\t\t<section class=\"elementor-section elementor-top-section elementor-element elementor-element-2db1430 elementor-section-content-middle ot-traditional elementor-section-boxed elementor-section-height-default elementor-section-height-default\" data-id=\"2db1430\" data-element_type=\"section\">\n\t\t\t\t\t\t<div class=\"elementor-container elementor-column-gap-default\">\n\t\t\t\t\t<div class=\"elementor-column elementor-col-100 elementor-top-column elementor-element elementor-element-9ca7f6d ot-flex-column-vertical\" data-id=\"9ca7f6d\" data-element_type=\"column\">\n\t\t\t<div class=\"elementor-widget-wrap elementor-element-populated\">\n\t\t\t\t\t\t<section class=\"elementor-section elementor-inner-section elementor-element elementor-element-ae21701 elementor-section-content-top elementor-section-full_width ot-traditional elementor-section-height-default elementor-section-height-default\" data-id=\"ae21701\" data-element_type=\"section\">\n\t\t\t\t\t\t<div class=\"elementor-container elementor-column-gap-extended\">\n\t\t\t\t\t<div class=\"elementor-column elementor-col-50 elementor-inner-column elementor-element elementor-element-78f9ac9 ot-flex-column-vertical\" data-id=\"78f9ac9\" data-element_type=\"column\">\n\t\t\t<div class=\"elementor-widget-wrap elementor-element-populated\">\n\t\t\t\t\t\t<div class=\"elementor-element elementor-element-25eb330 elementor-widget__width-initial elementor-widget elementor-widget-image\" data-id=\"25eb330\" data-element_type=\"widget\" data-widget_type=\"image.default\">\n\t\t\t\t<div class=\"elementor-widget-container\">\n\t\t\t\t\t\t\t\t\t\t\t\t\t<img fetchpriority=\"high\" decoding=\"async\" width=\"594\" height=\"420\" src=\"https:\/\/yestothenet.com\/wp-content\/uploads\/2023\/11\/creation-site-web-Fes-Meknes-Tanger-Tetouan-1.png\" class=\"attachment-large size-large wp-image-6095\" alt=\"website creation Fes, Meknes, Tangier, Tetouan\" srcset=\"https:\/\/yestothenet.com\/wp-content\/uploads\/2023\/11\/creation-site-web-Fes-Meknes-Tanger-Tetouan-1.png 594w, https:\/\/yestothenet.com\/wp-content\/uploads\/2023\/11\/creation-site-web-Fes-Meknes-Tanger-Tetouan-1-300x212.png 300w\" sizes=\"(max-width: 594px) 100vw, 594px\" \/>\t\t\t\t\t\t\t\t\t\t\t\t\t<\/div>\n\t\t\t\t<\/div>\n\t\t\t\t\t<\/div>\n\t\t<\/div>\n\t\t\t\t<div class=\"elementor-column elementor-col-50 elementor-inner-column elementor-element elementor-element-dce0f81 ot-flex-column-vertical\" data-id=\"dce0f81\" data-element_type=\"column\">\n\t\t\t<div class=\"elementor-widget-wrap elementor-element-populated\">\n\t\t\t\t\t\t<div class=\"elementor-element elementor-element-ea79d5e elementor-widget elementor-widget-iheading\" data-id=\"ea79d5e\" data-element_type=\"widget\" data-widget_type=\"iheading.default\">\n\t\t\t\t<div class=\"elementor-widget-container\">\n\t\t\t\t\t<div class=\"ot-heading\">\r\n\t        <h1 class=\"main-heading\">\nYES TO THE NET \u2013 Website creation Fes, Meknes, Tangier, Tetouan<\/h1>\t    <\/div>\r\n\t    \t\t<\/div>\n\t\t\t\t<\/div>\n\t\t\t\t<div class=\"elementor-element elementor-element-734d7ce elementor-widget__width-initial elementor-widget elementor-widget-text-editor\" data-id=\"734d7ce\" data-element_type=\"widget\" data-widget_type=\"text-editor.default\">\n\t\t\t\t<div class=\"elementor-widget-container\">\n\t\t\t\t\t\t\t<p>Assert your digital presence with the expertise of YES TO THE NET, your agency dedicated to <strong>website creation Fes, Meknes, Tangier, Tetouan<\/strong>Are you looking to expand your online visibility and attract new customers? Trust our digital communications agency. Recognized for our professionalism and digital expertise, our team is ready to assist you.<\/p><p>A partner of choice for your online growth, our digital marketing agency offers personalized web solutions that seduce, engage, and connect. Whether you&#039;re a passionate entrepreneur, a forward-thinking SME, or a large corporation, our range of skills guarantees optimal service for your <strong><span style=\"color: #33cccc;\"><a style=\"color: #33cccc;\" href=\"https:\/\/yestothenet.com\/en\/website-creation\/\">website creation<\/a><\/span> Fes, Meknes, Tangier, Tetouan<\/strong>.<\/p><p>From attractive portfolios to dynamic online stores, not to mention interactive interfaces and robust business portals, we know how to meet all your expectations in <strong>website creation Fes, Meknes, Tangier, Tetouan<\/strong>Your web success starts here. Contact us at <span style=\"color: #33cccc;\"><a style=\"color: #33cccc;\" href=\"tel:06 61 26 30 34\"><strong>06 61 26 30 34<\/strong><\/a><\/span> to start your project.<\/p>\t\t\t\t\t\t<\/div>\n\t\t\t\t<\/div>\n\t\t\t\t\t<\/div>\n\t\t<\/div>\n\t\t\t\t\t<\/div>\n\t\t<\/section>\n\t\t\t\t\t<\/div>\n\t\t<\/div>\n\t\t\t\t\t<\/div>\n\t\t<\/section>\n\t\t\t\t<section class=\"elementor-section elementor-top-section elementor-element elementor-element-30c462d ot-traditional elementor-section-boxed elementor-section-height-default elementor-section-height-default\" data-id=\"30c462d\" data-element_type=\"section\">\n\t\t\t\t\t\t<div class=\"elementor-container elementor-column-gap-default\">\n\t\t\t\t\t<div class=\"elementor-column elementor-col-100 elementor-top-column elementor-element elementor-element-c788162 ot-flex-column-vertical\" data-id=\"c788162\" data-element_type=\"column\">\n\t\t\t<div class=\"elementor-widget-wrap elementor-element-populated\">\n\t\t\t\t\t\t<section class=\"elementor-section elementor-inner-section elementor-element elementor-element-ab020ed elementor-section-full_width elementor-section-content-bottom ot-traditional elementor-section-height-default elementor-section-height-default\" data-id=\"ab020ed\" data-element_type=\"section\" data-settings=\"{&quot;background_background&quot;:&quot;classic&quot;}\">\n\t\t\t\t\t\t\t<div class=\"elementor-background-overlay\"><\/div>\n\t\t\t\t\t\t\t<div class=\"elementor-container elementor-column-gap-extended\">\n\t\t\t\t\t<div class=\"elementor-column elementor-col-50 elementor-inner-column elementor-element elementor-element-ffaaf2a ot-flex-column-vertical\" data-id=\"ffaaf2a\" data-element_type=\"column\">\n\t\t\t<div class=\"elementor-widget-wrap elementor-element-populated\">\n\t\t\t\t\t\t<div class=\"elementor-element elementor-element-5ff7ce1 elementor-widget elementor-widget-iheading\" data-id=\"5ff7ce1\" data-element_type=\"widget\" data-widget_type=\"iheading.default\">\n\t\t\t\t<div class=\"elementor-widget-container\">\n\t\t\t\t\t<div class=\"ot-heading\">\r\n\t        \t            <span>\/\/ At Yes To The Net,<\/span>\r\n\t        <h2 class=\"main-heading\">A quality website creation service<\/h2>\t    <\/div>\r\n\t    \t\t<\/div>\n\t\t\t\t<\/div>\n\t\t\t\t\t<\/div>\n\t\t<\/div>\n\t\t\t\t<div class=\"elementor-column elementor-col-50 elementor-inner-column elementor-element elementor-element-3fd82f3 ot-flex-column-vertical\" data-id=\"3fd82f3\" data-element_type=\"column\">\n\t\t\t<div class=\"elementor-widget-wrap elementor-element-populated\">\n\t\t\t\t\t\t<div class=\"elementor-element elementor-element-e146430 elementor-align-right elementor-mobile-align-left elementor-widget elementor-widget-button\" data-id=\"e146430\" data-element_type=\"widget\" data-widget_type=\"button.default\">\n\t\t\t\t<div class=\"elementor-widget-container\">\n\t\t\t\t\t<div class=\"elementor-button-wrapper\">\n\t\t\t<a class=\"elementor-button elementor-button-link elementor-size-md\" href=\"https:\/\/yestothenet.com\/en\/contact\/\">\n\t\t\t\t\t\t<span class=\"elementor-button-content-wrapper\">\n\t\t\t\t\t\t\t\t\t<span class=\"elementor-button-text\">Contact us<\/span>\n\t\t\t\t\t<\/span>\n\t\t\t\t\t<\/a>\n\t\t<\/div>\n\t\t\t\t<\/div>\n\t\t\t\t<\/div>\n\t\t\t\t\t<\/div>\n\t\t<\/div>\n\t\t\t\t\t<\/div>\n\t\t<\/section>\n\t\t\t\t\t<\/div>\n\t\t<\/div>\n\t\t\t\t\t<\/div>\n\t\t<\/section>\n\t\t\t\t<section class=\"elementor-section elementor-top-section elementor-element elementor-element-81a82a5 ot-traditional elementor-section-boxed elementor-section-height-default elementor-section-height-default\" data-id=\"81a82a5\" data-element_type=\"section\" data-settings=\"{&quot;background_background&quot;:&quot;classic&quot;}\">\n\t\t\t\t\t\t\t<div class=\"elementor-background-overlay\"><\/div>\n\t\t\t\t\t\t\t<div class=\"elementor-container elementor-column-gap-extended\">\n\t\t\t\t\t<div class=\"elementor-column elementor-col-50 elementor-top-column elementor-element elementor-element-18b89c0 ot-flex-column-vertical\" data-id=\"18b89c0\" data-element_type=\"column\">\n\t\t\t<div class=\"elementor-widget-wrap elementor-element-populated\">\n\t\t\t\t\t\t<div class=\"elementor-element elementor-element-45e921b elementor-widget elementor-widget-iheading\" data-id=\"45e921b\" data-element_type=\"widget\" data-widget_type=\"iheading.default\">\n\t\t\t\t<div class=\"elementor-widget-container\">\n\t\t\t\t\t<div class=\"ot-heading\">\r\n\t        <h2 class=\"main-heading\">Take the digital turn with our website creation service in Fes, Meknes, Tangier, and Tetouan.<\/h2>\t    <\/div>\r\n\t    \t\t<\/div>\n\t\t\t\t<\/div>\n\t\t\t\t<section class=\"elementor-section elementor-inner-section elementor-element elementor-element-dd648d0 elementor-section-full_width ot-traditional elementor-section-height-default elementor-section-height-default\" data-id=\"dd648d0\" data-element_type=\"section\">\n\t\t\t\t\t\t<div class=\"elementor-container elementor-column-gap-default\">\n\t\t\t\t\t<div class=\"elementor-column elementor-col-100 elementor-inner-column elementor-element elementor-element-9c59460 ot-flex-column-vertical\" data-id=\"9c59460\" data-element_type=\"column\">\n\t\t\t<div class=\"elementor-widget-wrap elementor-element-populated\">\n\t\t\t\t\t\t<div class=\"elementor-element elementor-element-9a4497b elementor-widget elementor-widget-text-editor\" data-id=\"9a4497b\" data-element_type=\"widget\" data-widget_type=\"text-editor.default\">\n\t\t\t\t<div class=\"elementor-widget-container\">\n\t\t\t\t\t\t\t<p>Make your mark on the web with YES TO THE NET&#039;s cutting-edge solutions. As web design experts, we craft memorable digital experiences based on your visions. We don&#039;t stop at website design; we create digital spaces that embody your brand&#039;s spirit and communicate effectively with your visitors.<\/p><p>Unleash your business&#039;s technological potential. Our seasoned developers are at the forefront of digital developments, ensuring responsive, fast, and adaptive websites across all devices. By partnering with our digital agency, you&#039;ll have a scalable site designed to thrive as your business grows.<\/p><p>We adopt a clear and effective method: listening to your ambitions, we analyze your sector of activity and deploy cutting-edge technologies to create an aesthetic, functional, secure and SEO-optimized site.<\/p><p>Invest in a website that represents your business day and night. Join YES TO THE NET for a free assessment, and let&#039;s move forward together toward a vibrant digital future.<\/p>\t\t\t\t\t\t<\/div>\n\t\t\t\t<\/div>\n\t\t\t\t\t<\/div>\n\t\t<\/div>\n\t\t\t\t\t<\/div>\n\t\t<\/section>\n\t\t\t\t\t<\/div>\n\t\t<\/div>\n\t\t\t\t<div class=\"elementor-column elementor-col-50 elementor-top-column elementor-element elementor-element-8a09494 ot-flex-column-vertical\" data-id=\"8a09494\" data-element_type=\"column\">\n\t\t\t<div class=\"elementor-widget-wrap elementor-element-populated\">\n\t\t\t\t\t\t<div class=\"elementor-element elementor-element-69d94ca elementor-widget elementor-widget-image\" data-id=\"69d94ca\" data-element_type=\"widget\" data-widget_type=\"image.default\">\n\t\t\t\t<div class=\"elementor-widget-container\">\n\t\t\t\t\t\t\t\t\t\t\t\t\t<img decoding=\"async\" width=\"691\" height=\"361\" src=\"https:\/\/yestothenet.com\/wp-content\/uploads\/2023\/11\/creation-site-web-Fes-Meknes-Tanger-Tetouan.png\" class=\"attachment-medium_large size-medium_large wp-image-6094\" alt=\"website creation Fes, Meknes, Tangier, Tetouan\" srcset=\"https:\/\/yestothenet.com\/wp-content\/uploads\/2023\/11\/creation-site-web-Fes-Meknes-Tanger-Tetouan.png 691w, https:\/\/yestothenet.com\/wp-content\/uploads\/2023\/11\/creation-site-web-Fes-Meknes-Tanger-Tetouan-300x157.png 300w\" sizes=\"(max-width: 691px) 100vw, 691px\" \/>\t\t\t\t\t\t\t\t\t\t\t\t\t<\/div>\n\t\t\t\t<\/div>\n\t\t\t\t\t<\/div>\n\t\t<\/div>\n\t\t\t\t\t<\/div>\n\t\t<\/section>\n\t\t\t\t<\/div>","protected":false},"excerpt":{"rendered":"<p>YES TO THE NET \u2013 Cr\u00e9ation site web Fes, Meknes, Tanger, Tetouan Affirmez votre pr\u00e9sence digitale avec l&rsquo;expertise de YES TO THE NET, votre agence d\u00e9di\u00e9e \u00e0 la cr\u00e9ation site web Fes, Meknes, Tanger, Tetouan. Vous aspirez \u00e0 \u00e9largir votre visibilit\u00e9 en ligne et attirer une nouvelle client\u00e8le\u00a0? Faites confiance \u00e0 notre agence de communication [&hellip;]<\/p>","protected":false},"author":1,"featured_media":0,"parent":0,"menu_order":0,"comment_status":"closed","ping_status":"closed","template":"","meta":{"footnotes":""},"class_list":["post-6091","page","type-page","status-publish","hentry"],"yoast_head":"<!-- This site is optimized with the Yoast SEO plugin v23.6 - https:\/\/yoast.com\/wordpress\/plugins\/seo\/ -->\n<title>Cr\u00e9ation site web Fes, Meknes, Tanger, Tetouan<\/title>\n<meta name=\"description\" content=\"Besoin d\u2019un sp\u00e9cialiste en cr\u00e9ation site web Fes, Meknes, Tanger, Tetouan ? Contactez l\u2019agence YES TO THE NET.\" \/>\n<meta name=\"robots\" content=\"index, follow, max-snippet:-1, max-image-preview:large, max-video-preview:-1\" \/>\n<link rel=\"canonical\" href=\"https:\/\/yestothenet.com\/en\/website-creation-fes-meknes-tanger-tetouan\/\" \/>\n<meta property=\"og:locale\" content=\"en_US\" \/>\n<meta property=\"og:type\" content=\"article\" \/>\n<meta property=\"og:title\" content=\"Cr\u00e9ation site web Fes, Meknes, Tanger, Tetouan\" \/>\n<meta property=\"og:description\" content=\"Besoin d\u2019un sp\u00e9cialiste en cr\u00e9ation site web Fes, Meknes, Tanger, Tetouan ? Contactez l\u2019agence YES TO THE NET.\" \/>\n<meta property=\"og:url\" content=\"https:\/\/yestothenet.com\/en\/website-creation-fes-meknes-tanger-tetouan\/\" \/>\n<meta property=\"og:site_name\" content=\"Yes To The Net\" \/>\n<meta property=\"article:publisher\" content=\"https:\/\/www.instagram.com\/yestothenet\/\" \/>\n<meta property=\"article:modified_time\" content=\"2023-11-08T10:34:50+00:00\" \/>\n<meta property=\"og:image\" content=\"https:\/\/yestothenet.com\/wp-content\/uploads\/2023\/11\/creation-site-web-Fes-Meknes-Tanger-Tetouan-1.png\" \/>\n<meta name=\"twitter:card\" content=\"summary_large_image\" \/>\n<meta name=\"twitter:label1\" content=\"Est. reading time\" \/>\n\t<meta name=\"twitter:data1\" content=\"3 minutes\" \/>\n<script type=\"application\/ld+json\" class=\"yoast-schema-graph\">{\"@context\":\"https:\/\/schema.org\",\"@graph\":[{\"@type\":\"WebPage\",\"@id\":\"https:\/\/yestothenet.com\/creation-site-web-fes-meknes-tanger-tetouan\/\",\"url\":\"https:\/\/yestothenet.com\/creation-site-web-fes-meknes-tanger-tetouan\/\",\"name\":\"Cr\u00e9ation site web Fes, Meknes, Tanger, Tetouan\",\"isPartOf\":{\"@id\":\"https:\/\/yestothenet.com\/#website\"},\"primaryImageOfPage\":{\"@id\":\"https:\/\/yestothenet.com\/creation-site-web-fes-meknes-tanger-tetouan\/#primaryimage\"},\"image\":{\"@id\":\"https:\/\/yestothenet.com\/creation-site-web-fes-meknes-tanger-tetouan\/#primaryimage\"},\"thumbnailUrl\":\"https:\/\/yestothenet.com\/wp-content\/uploads\/2023\/11\/creation-site-web-Fes-Meknes-Tanger-Tetouan-1.png\",\"datePublished\":\"2023-11-08T10:28:55+00:00\",\"dateModified\":\"2023-11-08T10:34:50+00:00\",\"description\":\"Besoin d\u2019un sp\u00e9cialiste en cr\u00e9ation site web Fes, Meknes, Tanger, Tetouan ? Contactez l\u2019agence YES TO THE NET.\",\"breadcrumb\":{\"@id\":\"https:\/\/yestothenet.com\/creation-site-web-fes-meknes-tanger-tetouan\/#breadcrumb\"},\"inLanguage\":\"en-US\",\"potentialAction\":[{\"@type\":\"ReadAction\",\"target\":[\"https:\/\/yestothenet.com\/creation-site-web-fes-meknes-tanger-tetouan\/\"]}]},{\"@type\":\"ImageObject\",\"inLanguage\":\"en-US\",\"@id\":\"https:\/\/yestothenet.com\/creation-site-web-fes-meknes-tanger-tetouan\/#primaryimage\",\"url\":\"https:\/\/yestothenet.com\/wp-content\/uploads\/2023\/11\/creation-site-web-Fes-Meknes-Tanger-Tetouan-1.png\",\"contentUrl\":\"https:\/\/yestothenet.com\/wp-content\/uploads\/2023\/11\/creation-site-web-Fes-Meknes-Tanger-Tetouan-1.png\"},{\"@type\":\"BreadcrumbList\",\"@id\":\"https:\/\/yestothenet.com\/creation-site-web-fes-meknes-tanger-tetouan\/#breadcrumb\",\"itemListElement\":[{\"@type\":\"ListItem\",\"position\":1,\"name\":\"Accueil\",\"item\":\"https:\/\/yestothenet.com\/\"},{\"@type\":\"ListItem\",\"position\":2,\"name\":\"&#8230; Cr\u00e9ation site web Fes, Meknes, Tanger, Tetouan\"}]},{\"@type\":\"WebSite\",\"@id\":\"https:\/\/yestothenet.com\/#website\",\"url\":\"https:\/\/yestothenet.com\/\",\"name\":\"YES TO THE NET\",\"description\":\"Votre agence de communication \u00e0 Marrakech\",\"publisher\":{\"@id\":\"https:\/\/yestothenet.com\/#organization\"},\"potentialAction\":[{\"@type\":\"SearchAction\",\"target\":{\"@type\":\"EntryPoint\",\"urlTemplate\":\"https:\/\/yestothenet.com\/?s={search_term_string}\"},\"query-input\":{\"@type\":\"PropertyValueSpecification\",\"valueRequired\":true,\"valueName\":\"search_term_string\"}}],\"inLanguage\":\"en-US\"},{\"@type\":\"Organization\",\"@id\":\"https:\/\/yestothenet.com\/#organization\",\"name\":\"YES TO THE NET\",\"url\":\"https:\/\/yestothenet.com\/\",\"logo\":{\"@type\":\"ImageObject\",\"inLanguage\":\"en-US\",\"@id\":\"https:\/\/yestothenet.com\/#\/schema\/logo\/image\/\",\"url\":\"https:\/\/yestothenet.com\/wp-content\/uploads\/2024\/02\/cropped-YES_THE_TO_NET-removebg-preview.png\",\"contentUrl\":\"https:\/\/yestothenet.com\/wp-content\/uploads\/2024\/02\/cropped-YES_THE_TO_NET-removebg-preview.png\",\"width\":512,\"height\":512,\"caption\":\"YES TO THE NET\"},\"image\":{\"@id\":\"https:\/\/yestothenet.com\/#\/schema\/logo\/image\/\"},\"sameAs\":[\"https:\/\/www.instagram.com\/yestothenet\/\"]}]}<\/script>\n<!-- \/ Yoast SEO plugin. -->","yoast_head_json":{"title":"Cr\u00e9ation site web Fes, Meknes, Tanger, Tetouan","description":"Besoin d\u2019un sp\u00e9cialiste en cr\u00e9ation site web Fes, Meknes, Tanger, Tetouan ? Contactez l\u2019agence YES TO THE NET.","robots":{"index":"index","follow":"follow","max-snippet":"max-snippet:-1","max-image-preview":"max-image-preview:large","max-video-preview":"max-video-preview:-1"},"canonical":"https:\/\/yestothenet.com\/en\/website-creation-fes-meknes-tanger-tetouan\/","og_locale":"en_US","og_type":"article","og_title":"Cr\u00e9ation site web Fes, Meknes, Tanger, Tetouan","og_description":"Besoin d\u2019un sp\u00e9cialiste en cr\u00e9ation site web Fes, Meknes, Tanger, Tetouan ? Contactez l\u2019agence YES TO THE NET.","og_url":"https:\/\/yestothenet.com\/en\/website-creation-fes-meknes-tanger-tetouan\/","og_site_name":"Yes To The Net","article_publisher":"https:\/\/www.instagram.com\/yestothenet\/","article_modified_time":"2023-11-08T10:34:50+00:00","og_image":[{"url":"https:\/\/yestothenet.com\/wp-content\/uploads\/2023\/11\/creation-site-web-Fes-Meknes-Tanger-Tetouan-1.png"}],"twitter_card":"summary_large_image","twitter_misc":{"Est. reading time":"3 minutes"},"schema":{"@context":"https:\/\/schema.org","@graph":[{"@type":"WebPage","@id":"https:\/\/yestothenet.com\/creation-site-web-fes-meknes-tanger-tetouan\/","url":"https:\/\/yestothenet.com\/creation-site-web-fes-meknes-tanger-tetouan\/","name":"Cr\u00e9ation site web Fes, Meknes, Tanger, Tetouan","isPartOf":{"@id":"https:\/\/yestothenet.com\/#website"},"primaryImageOfPage":{"@id":"https:\/\/yestothenet.com\/creation-site-web-fes-meknes-tanger-tetouan\/#primaryimage"},"image":{"@id":"https:\/\/yestothenet.com\/creation-site-web-fes-meknes-tanger-tetouan\/#primaryimage"},"thumbnailUrl":"https:\/\/yestothenet.com\/wp-content\/uploads\/2023\/11\/creation-site-web-Fes-Meknes-Tanger-Tetouan-1.png","datePublished":"2023-11-08T10:28:55+00:00","dateModified":"2023-11-08T10:34:50+00:00","description":"Besoin d\u2019un sp\u00e9cialiste en cr\u00e9ation site web Fes, Meknes, Tanger, Tetouan ? Contactez l\u2019agence YES TO THE NET.","breadcrumb":{"@id":"https:\/\/yestothenet.com\/creation-site-web-fes-meknes-tanger-tetouan\/#breadcrumb"},"inLanguage":"en-US","potentialAction":[{"@type":"ReadAction","target":["https:\/\/yestothenet.com\/creation-site-web-fes-meknes-tanger-tetouan\/"]}]},{"@type":"ImageObject","inLanguage":"en-US","@id":"https:\/\/yestothenet.com\/creation-site-web-fes-meknes-tanger-tetouan\/#primaryimage","url":"https:\/\/yestothenet.com\/wp-content\/uploads\/2023\/11\/creation-site-web-Fes-Meknes-Tanger-Tetouan-1.png","contentUrl":"https:\/\/yestothenet.com\/wp-content\/uploads\/2023\/11\/creation-site-web-Fes-Meknes-Tanger-Tetouan-1.png"},{"@type":"BreadcrumbList","@id":"https:\/\/yestothenet.com\/creation-site-web-fes-meknes-tanger-tetouan\/#breadcrumb","itemListElement":[{"@type":"ListItem","position":1,"name":"Accueil","item":"https:\/\/yestothenet.com\/"},{"@type":"ListItem","position":2,"name":"&#8230; Cr\u00e9ation site web Fes, Meknes, Tanger, Tetouan"}]},{"@type":"WebSite","@id":"https:\/\/yestothenet.com\/#website","url":"https:\/\/yestothenet.com\/","name":"YES TO THE NET","description":"Votre agence de communication \u00e0 Marrakech","publisher":{"@id":"https:\/\/yestothenet.com\/#organization"},"potentialAction":[{"@type":"SearchAction","target":{"@type":"EntryPoint","urlTemplate":"https:\/\/yestothenet.com\/?s={search_term_string}"},"query-input":{"@type":"PropertyValueSpecification","valueRequired":true,"valueName":"search_term_string"}}],"inLanguage":"en-US"},{"@type":"Organization","@id":"https:\/\/yestothenet.com\/#organization","name":"YES TO THE NET","url":"https:\/\/yestothenet.com\/","logo":{"@type":"ImageObject","inLanguage":"en-US","@id":"https:\/\/yestothenet.com\/#\/schema\/logo\/image\/","url":"https:\/\/yestothenet.com\/wp-content\/uploads\/2024\/02\/cropped-YES_THE_TO_NET-removebg-preview.png","contentUrl":"https:\/\/yestothenet.com\/wp-content\/uploads\/2024\/02\/cropped-YES_THE_TO_NET-removebg-preview.png","width":512,"height":512,"caption":"YES TO THE NET"},"image":{"@id":"https:\/\/yestothenet.com\/#\/schema\/logo\/image\/"},"sameAs":["https:\/\/www.instagram.com\/yestothenet\/"]}]}},"_links":{"self":[{"href":"https:\/\/yestothenet.com\/en\/wp-json\/wp\/v2\/pages\/6091","targetHints":{"allow":["GET"]}}],"collection":[{"href":"https:\/\/yestothenet.com\/en\/wp-json\/wp\/v2\/pages"}],"about":[{"href":"https:\/\/yestothenet.com\/en\/wp-json\/wp\/v2\/types\/page"}],"author":[{"embeddable":true,"href":"https:\/\/yestothenet.com\/en\/wp-json\/wp\/v2\/users\/1"}],"replies":[{"embeddable":true,"href":"https:\/\/yestothenet.com\/en\/wp-json\/wp\/v2\/comments?post=6091"}],"version-history":[{"count":4,"href":"https:\/\/yestothenet.com\/en\/wp-json\/wp\/v2\/pages\/6091\/revisions"}],"predecessor-version":[{"id":6098,"href":"https:\/\/yestothenet.com\/en\/wp-json\/wp\/v2\/pages\/6091\/revisions\/6098"}],"wp:attachment":[{"href":"https:\/\/yestothenet.com\/en\/wp-json\/wp\/v2\/media?parent=6091"}],"curies":[{"name":"wp","href":"https:\/\/api.w.org\/{rel}","templated":true}]}}