{"id":5913,"date":"2023-10-18T13:48:39","date_gmt":"2023-10-18T11:48:39","guid":{"rendered":"https:\/\/yestothenet.com\/?page_id=5913"},"modified":"2023-12-20T16:41:42","modified_gmt":"2023-12-20T15:41:42","slug":"seo-fes-meknes-tanger-tetouan","status":"publish","type":"page","link":"https:\/\/yestothenet.com\/en\/seo-fes-meknes-tanger-tetouan\/","title":{"rendered":"&#8230; SEO Fes, Meknes, Tanger, Tetouan"},"content":{"rendered":"<div data-elementor-type=\"wp-page\" data-elementor-id=\"5913\" class=\"elementor elementor-5913\" data-elementor-post-type=\"page\">\n\t\t\t\t\t\t<section class=\"elementor-section elementor-top-section elementor-element elementor-element-2db1430 elementor-section-content-middle ot-traditional elementor-section-boxed elementor-section-height-default elementor-section-height-default\" data-id=\"2db1430\" data-element_type=\"section\">\n\t\t\t\t\t\t<div class=\"elementor-container elementor-column-gap-default\">\n\t\t\t\t\t<div class=\"elementor-column elementor-col-100 elementor-top-column elementor-element elementor-element-9ca7f6d ot-flex-column-vertical\" data-id=\"9ca7f6d\" data-element_type=\"column\">\n\t\t\t<div class=\"elementor-widget-wrap elementor-element-populated\">\n\t\t\t\t\t\t<section class=\"elementor-section elementor-inner-section elementor-element elementor-element-ae21701 elementor-section-content-top elementor-section-full_width ot-traditional elementor-section-height-default elementor-section-height-default\" data-id=\"ae21701\" data-element_type=\"section\">\n\t\t\t\t\t\t<div class=\"elementor-container elementor-column-gap-extended\">\n\t\t\t\t\t<div class=\"elementor-column elementor-col-50 elementor-inner-column elementor-element elementor-element-78f9ac9 ot-flex-column-vertical\" data-id=\"78f9ac9\" data-element_type=\"column\">\n\t\t\t<div class=\"elementor-widget-wrap elementor-element-populated\">\n\t\t\t\t\t\t<div class=\"elementor-element elementor-element-25eb330 elementor-widget__width-initial elementor-widget elementor-widget-image\" data-id=\"25eb330\" data-element_type=\"widget\" data-widget_type=\"image.default\">\n\t\t\t\t<div class=\"elementor-widget-container\">\n\t\t\t\t\t\t\t\t\t\t\t\t\t<img fetchpriority=\"high\" decoding=\"async\" width=\"1024\" height=\"1024\" src=\"https:\/\/yestothenet.com\/wp-content\/uploads\/2023\/10\/SEO-Fes-Meknes-Tanger-Tetouan-1024x1024.png\" class=\"attachment-large size-large wp-image-5919\" alt=\"SEO Fes, Meknes, Tangier, Tetouan\" srcset=\"https:\/\/yestothenet.com\/wp-content\/uploads\/2023\/10\/SEO-Fes-Meknes-Tanger-Tetouan-1024x1024.png 1024w, https:\/\/yestothenet.com\/wp-content\/uploads\/2023\/10\/SEO-Fes-Meknes-Tanger-Tetouan-300x300.png 300w, https:\/\/yestothenet.com\/wp-content\/uploads\/2023\/10\/SEO-Fes-Meknes-Tanger-Tetouan-150x150.png 150w, https:\/\/yestothenet.com\/wp-content\/uploads\/2023\/10\/SEO-Fes-Meknes-Tanger-Tetouan-768x768.png 768w, https:\/\/yestothenet.com\/wp-content\/uploads\/2023\/10\/SEO-Fes-Meknes-Tanger-Tetouan-1536x1536.png 1536w, https:\/\/yestothenet.com\/wp-content\/uploads\/2023\/10\/SEO-Fes-Meknes-Tanger-Tetouan-2048x2048.png 2048w, https:\/\/yestothenet.com\/wp-content\/uploads\/2023\/10\/SEO-Fes-Meknes-Tanger-Tetouan-720x720.png 720w\" sizes=\"(max-width: 1024px) 100vw, 1024px\" \/>\t\t\t\t\t\t\t\t\t\t\t\t\t<\/div>\n\t\t\t\t<\/div>\n\t\t\t\t\t<\/div>\n\t\t<\/div>\n\t\t\t\t<div class=\"elementor-column elementor-col-50 elementor-inner-column elementor-element elementor-element-dce0f81 ot-flex-column-vertical\" data-id=\"dce0f81\" data-element_type=\"column\">\n\t\t\t<div class=\"elementor-widget-wrap elementor-element-populated\">\n\t\t\t\t\t\t<div class=\"elementor-element elementor-element-ea79d5e elementor-widget elementor-widget-iheading\" data-id=\"ea79d5e\" data-element_type=\"widget\" data-widget_type=\"iheading.default\">\n\t\t\t\t<div class=\"elementor-widget-container\">\n\t\t\t\t\t<div class=\"ot-heading\">\r\n\t        <h1 class=\"main-heading\">\nYES TO THE NET \u2013 Un SEO Fes, Meknes, Tanger, Tetouan  de qualit\u00e9<\/h1>\t    <\/div>\r\n\t    \t\t<\/div>\n\t\t\t\t<\/div>\n\t\t\t\t<div class=\"elementor-element elementor-element-734d7ce elementor-widget__width-initial elementor-widget elementor-widget-text-editor\" data-id=\"734d7ce\" data-element_type=\"widget\" data-widget_type=\"text-editor.default\">\n\t\t\t\t<div class=\"elementor-widget-container\">\n\t\t\t\t\t\t\t<p>Vous d\u00e9sirez accro\u00eetre votre visibilit\u00e9 en ligne, notamment sur Google ? Notre agence YES TO THE NET sp\u00e9cialis\u00e9e en <strong>SEO Fes, Meknes, Tangier, Tetouan<\/strong> \u00a0est \u00e0 votre service. En effet, Nous d\u00e9ployons des approches performantes afin d&rsquo;optimiser votre site web et attirer une client\u00e8le nouvelle.<\/p><p>Gr\u00e2ce \u00e0 notre expertise en <strong><span style=\"color: #33cccc;\"><a style=\"color: #33cccc;\" href=\"https:\/\/yestothenet.com\/en\/natural-seo-referencing\/\">SEO<\/a><\/span> Fes, Meknes, Tangier, Tetouan<\/strong>, nous mettons \u00e0 votre disposition une large gamme de service de r\u00e9f\u00e9rencement naturel, \u00e0 savoir\u00a0: l\u2019audit de votre site web, l\u2019analyse des r\u00e9sultats de l\u2019audit, la r\u00e9daction d\u2019un contenu bien optimis\u00e9, l\u2019optimisation technique de site, le rapport mensuel et les recommandations pour am\u00e9liorer votre trafic.<\/p><p>Comptez sur notre savoir-faire en <strong>SEO Fes, Meknes, Tangier, Tetouan<\/strong> pour d\u00e9velopper votre pr\u00e9sence sur Internet. Vous souhaitez faire une demande de devis ou vous avez besoin d\u2019informations sur notre service, n\u2019h\u00e9sitez pas \u00e0 nous contacter au <span style=\"color: #33cccc;\"><a style=\"color: #33cccc;\" href=\"tel:06 61 26 30 34\"><strong>06 61 26 30 34<\/strong><\/a><\/span>.<\/p>\t\t\t\t\t\t<\/div>\n\t\t\t\t<\/div>\n\t\t\t\t\t<\/div>\n\t\t<\/div>\n\t\t\t\t\t<\/div>\n\t\t<\/section>\n\t\t\t\t\t<\/div>\n\t\t<\/div>\n\t\t\t\t\t<\/div>\n\t\t<\/section>\n\t\t\t\t<section class=\"elementor-section elementor-top-section elementor-element elementor-element-30c462d ot-traditional elementor-section-boxed elementor-section-height-default elementor-section-height-default\" data-id=\"30c462d\" data-element_type=\"section\">\n\t\t\t\t\t\t<div class=\"elementor-container elementor-column-gap-default\">\n\t\t\t\t\t<div class=\"elementor-column elementor-col-100 elementor-top-column elementor-element elementor-element-c788162 ot-flex-column-vertical\" data-id=\"c788162\" data-element_type=\"column\">\n\t\t\t<div class=\"elementor-widget-wrap elementor-element-populated\">\n\t\t\t\t\t\t<section class=\"elementor-section elementor-inner-section elementor-element elementor-element-ab020ed elementor-section-full_width elementor-section-content-bottom ot-traditional elementor-section-height-default elementor-section-height-default\" data-id=\"ab020ed\" data-element_type=\"section\" data-settings=\"{&quot;background_background&quot;:&quot;classic&quot;}\">\n\t\t\t\t\t\t\t<div class=\"elementor-background-overlay\"><\/div>\n\t\t\t\t\t\t\t<div class=\"elementor-container elementor-column-gap-extended\">\n\t\t\t\t\t<div class=\"elementor-column elementor-col-50 elementor-inner-column elementor-element elementor-element-ffaaf2a ot-flex-column-vertical\" data-id=\"ffaaf2a\" data-element_type=\"column\">\n\t\t\t<div class=\"elementor-widget-wrap elementor-element-populated\">\n\t\t\t\t\t\t<div class=\"elementor-element elementor-element-5ff7ce1 elementor-widget elementor-widget-iheading\" data-id=\"5ff7ce1\" data-element_type=\"widget\" data-widget_type=\"iheading.default\">\n\t\t\t\t<div class=\"elementor-widget-container\">\n\t\t\t\t\t<div class=\"ot-heading\">\r\n\t        \t            <span>\/\/ At Yes To The Net,<\/span>\r\n\t        <h2 class=\"main-heading\">Contactez notre agence de communication<\/h2>\t    <\/div>\r\n\t    \t\t<\/div>\n\t\t\t\t<\/div>\n\t\t\t\t\t<\/div>\n\t\t<\/div>\n\t\t\t\t<div class=\"elementor-column elementor-col-50 elementor-inner-column elementor-element elementor-element-3fd82f3 ot-flex-column-vertical\" data-id=\"3fd82f3\" data-element_type=\"column\">\n\t\t\t<div class=\"elementor-widget-wrap elementor-element-populated\">\n\t\t\t\t\t\t<div class=\"elementor-element elementor-element-e146430 elementor-align-right elementor-mobile-align-left elementor-widget elementor-widget-button\" data-id=\"e146430\" data-element_type=\"widget\" data-widget_type=\"button.default\">\n\t\t\t\t<div class=\"elementor-widget-container\">\n\t\t\t\t\t<div class=\"elementor-button-wrapper\">\n\t\t\t<a class=\"elementor-button elementor-button-link elementor-size-md\" href=\"https:\/\/yestothenet.com\/en\/contact\/\">\n\t\t\t\t\t\t<span class=\"elementor-button-content-wrapper\">\n\t\t\t\t\t\t\t\t\t<span class=\"elementor-button-text\">Contact us<\/span>\n\t\t\t\t\t<\/span>\n\t\t\t\t\t<\/a>\n\t\t<\/div>\n\t\t\t\t<\/div>\n\t\t\t\t<\/div>\n\t\t\t\t\t<\/div>\n\t\t<\/div>\n\t\t\t\t\t<\/div>\n\t\t<\/section>\n\t\t\t\t\t<\/div>\n\t\t<\/div>\n\t\t\t\t\t<\/div>\n\t\t<\/section>\n\t\t\t\t<section class=\"elementor-section elementor-top-section elementor-element elementor-element-81a82a5 ot-traditional elementor-section-boxed elementor-section-height-default elementor-section-height-default\" data-id=\"81a82a5\" data-element_type=\"section\" data-settings=\"{&quot;background_background&quot;:&quot;classic&quot;}\">\n\t\t\t\t\t\t\t<div class=\"elementor-background-overlay\"><\/div>\n\t\t\t\t\t\t\t<div class=\"elementor-container elementor-column-gap-extended\">\n\t\t\t\t\t<div class=\"elementor-column elementor-col-50 elementor-top-column elementor-element elementor-element-18b89c0 ot-flex-column-vertical\" data-id=\"18b89c0\" data-element_type=\"column\">\n\t\t\t<div class=\"elementor-widget-wrap elementor-element-populated\">\n\t\t\t\t\t\t<div class=\"elementor-element elementor-element-45e921b elementor-widget elementor-widget-iheading\" data-id=\"45e921b\" data-element_type=\"widget\" data-widget_type=\"iheading.default\">\n\t\t\t\t<div class=\"elementor-widget-container\">\n\t\t\t\t\t<div class=\"ot-heading\">\r\n\t        <h2 class=\"main-heading\">Optimisez Votre Pr\u00e9sence en Ligne avec Notre Expertise en SEO Fes, Meknes, Tanger, Tetouan  <\/h2>\t    <\/div>\r\n\t    \t\t<\/div>\n\t\t\t\t<\/div>\n\t\t\t\t<section class=\"elementor-section elementor-inner-section elementor-element elementor-element-dd648d0 elementor-section-full_width ot-traditional elementor-section-height-default elementor-section-height-default\" data-id=\"dd648d0\" data-element_type=\"section\">\n\t\t\t\t\t\t<div class=\"elementor-container elementor-column-gap-default\">\n\t\t\t\t\t<div class=\"elementor-column elementor-col-100 elementor-inner-column elementor-element elementor-element-9c59460 ot-flex-column-vertical\" data-id=\"9c59460\" data-element_type=\"column\">\n\t\t\t<div class=\"elementor-widget-wrap elementor-element-populated\">\n\t\t\t\t\t\t<div class=\"elementor-element elementor-element-9a4497b elementor-widget elementor-widget-text-editor\" data-id=\"9a4497b\" data-element_type=\"widget\" data-widget_type=\"text-editor.default\">\n\t\t\t\t<div class=\"elementor-widget-container\">\n\t\t\t\t\t\t\t<p>Notre \u00e9quipe d&rsquo;experts en SEO est sp\u00e9cialis\u00e9e dans la cr\u00e9ation de strat\u00e9gies personnalis\u00e9es pour optimiser votre site web. Nous comprenons que chaque entreprise est unique, et c&rsquo;est pourquoi nous adaptons nos approches pour r\u00e9pondre \u00e0 vos besoins sp\u00e9cifiques.<\/p><p>Que vous soyez une petite entreprise locale ou une grande entreprise internationale, notre objectif est maximiser votre visibilit\u00e9 en ligne et r\u00e9pondre parfaitement \u00e0 vos attentes.<\/p><p>Chez notre agence de communication, YES TO THE NET, nous sommes d\u00e9vou\u00e9s \u00e0 votre succ\u00e8s en ligne. Nous suivons de pr\u00e8s les \u00e9volutions des algorithmes de Google pour garantir que votre site reste en t\u00eate des r\u00e9sultats de recherche. Nous vous tiendrons inform\u00e9s des progr\u00e8s r\u00e9alis\u00e9s et des opportunit\u00e9s futures pour d\u00e9velopper votre pr\u00e9sence en ligne.<\/p><p>Faites confiance \u00e0 notre expertise en SEO pour propulser votre activit\u00e9 sur Internet et attirer de nouveaux clients. Contactez-nous d\u00e8s aujourd&rsquo;hui pour discuter de la fa\u00e7on dont nous pouvons vous aider \u00e0 atteindre vos objectifs en ligne.<\/p>\t\t\t\t\t\t<\/div>\n\t\t\t\t<\/div>\n\t\t\t\t\t<\/div>\n\t\t<\/div>\n\t\t\t\t\t<\/div>\n\t\t<\/section>\n\t\t\t\t\t<\/div>\n\t\t<\/div>\n\t\t\t\t<div class=\"elementor-column elementor-col-50 elementor-top-column elementor-element elementor-element-8a09494 ot-flex-column-vertical\" data-id=\"8a09494\" data-element_type=\"column\">\n\t\t\t<div class=\"elementor-widget-wrap elementor-element-populated\">\n\t\t\t\t\t\t<div class=\"elementor-element elementor-element-69d94ca elementor-widget elementor-widget-image\" data-id=\"69d94ca\" data-element_type=\"widget\" data-widget_type=\"image.default\">\n\t\t\t\t<div class=\"elementor-widget-container\">\n\t\t\t\t\t\t\t\t\t\t\t\t\t<img decoding=\"async\" width=\"440\" height=\"325\" src=\"https:\/\/yestothenet.com\/wp-content\/uploads\/2023\/10\/SEO-Laayoune-Dakhla-2.png\" class=\"attachment-medium_large size-medium_large wp-image-5884\" alt=\"SEO Laayoune, Dakhla\" srcset=\"https:\/\/yestothenet.com\/wp-content\/uploads\/2023\/10\/SEO-Laayoune-Dakhla-2.png 440w, https:\/\/yestothenet.com\/wp-content\/uploads\/2023\/10\/SEO-Laayoune-Dakhla-2-300x222.png 300w\" sizes=\"(max-width: 440px) 100vw, 440px\" \/>\t\t\t\t\t\t\t\t\t\t\t\t\t<\/div>\n\t\t\t\t<\/div>\n\t\t\t\t\t<\/div>\n\t\t<\/div>\n\t\t\t\t\t<\/div>\n\t\t<\/section>\n\t\t\t\t<\/div>","protected":false},"excerpt":{"rendered":"<p>YES TO THE NET \u2013 Un SEO Fes, Meknes, Tanger, Tetouan de qualit\u00e9 Vous d\u00e9sirez accro\u00eetre votre visibilit\u00e9 en ligne, notamment sur Google ? Notre agence YES TO THE NET sp\u00e9cialis\u00e9e en SEO Fes, Meknes, Tanger, Tetouan \u00a0est \u00e0 votre service. En effet, Nous d\u00e9ployons des approches performantes afin d&rsquo;optimiser votre site web et attirer [&hellip;]<\/p>","protected":false},"author":1,"featured_media":0,"parent":0,"menu_order":0,"comment_status":"closed","ping_status":"closed","template":"","meta":{"footnotes":""},"class_list":["post-5913","page","type-page","status-publish","hentry"],"yoast_head":"<!-- This site is optimized with the Yoast SEO plugin v23.6 - https:\/\/yoast.com\/wordpress\/plugins\/seo\/ -->\n<title>SEO Fes, Meknes, Tanger, Tetouan \u2013 YES TO THE NET<\/title>\n<meta name=\"description\" content=\"Sollicitez le savoir-faire de YES TO THE NET en SEO Fes, Meknes, Tanger, Tetouan. Contactez notre agence au 06 61 26 30 34.\" \/>\n<meta name=\"robots\" content=\"index, follow, max-snippet:-1, max-image-preview:large, max-video-preview:-1\" \/>\n<link rel=\"canonical\" href=\"https:\/\/yestothenet.com\/en\/seo-fes-meknes-tanger-tetouan\/\" \/>\n<meta property=\"og:locale\" content=\"en_US\" \/>\n<meta property=\"og:type\" content=\"article\" \/>\n<meta property=\"og:title\" content=\"SEO Fes, Meknes, Tanger, Tetouan \u2013 YES TO THE NET\" \/>\n<meta property=\"og:description\" content=\"Sollicitez le savoir-faire de YES TO THE NET en SEO Fes, Meknes, Tanger, Tetouan. Contactez notre agence au 06 61 26 30 34.\" \/>\n<meta property=\"og:url\" content=\"https:\/\/yestothenet.com\/en\/seo-fes-meknes-tanger-tetouan\/\" \/>\n<meta property=\"og:site_name\" content=\"Yes To The Net\" \/>\n<meta property=\"article:publisher\" content=\"https:\/\/www.instagram.com\/yestothenet\/\" \/>\n<meta property=\"article:modified_time\" content=\"2023-12-20T15:41:42+00:00\" \/>\n<meta property=\"og:image\" content=\"https:\/\/yestothenet.com\/wp-content\/uploads\/2023\/10\/SEO-Fes-Meknes-Tanger-Tetouan-1024x1024.png\" \/>\n<meta name=\"twitter:card\" content=\"summary_large_image\" \/>\n<meta name=\"twitter:label1\" content=\"Est. reading time\" \/>\n\t<meta name=\"twitter:data1\" content=\"3 minutes\" \/>\n<script type=\"application\/ld+json\" class=\"yoast-schema-graph\">{\"@context\":\"https:\/\/schema.org\",\"@graph\":[{\"@type\":\"WebPage\",\"@id\":\"https:\/\/yestothenet.com\/seo-fes-meknes-tanger-tetouan\/\",\"url\":\"https:\/\/yestothenet.com\/seo-fes-meknes-tanger-tetouan\/\",\"name\":\"SEO Fes, Meknes, Tanger, Tetouan \u2013 YES TO THE NET\",\"isPartOf\":{\"@id\":\"https:\/\/yestothenet.com\/#website\"},\"primaryImageOfPage\":{\"@id\":\"https:\/\/yestothenet.com\/seo-fes-meknes-tanger-tetouan\/#primaryimage\"},\"image\":{\"@id\":\"https:\/\/yestothenet.com\/seo-fes-meknes-tanger-tetouan\/#primaryimage\"},\"thumbnailUrl\":\"https:\/\/yestothenet.com\/wp-content\/uploads\/2023\/10\/SEO-Fes-Meknes-Tanger-Tetouan-1024x1024.png\",\"datePublished\":\"2023-10-18T11:48:39+00:00\",\"dateModified\":\"2023-12-20T15:41:42+00:00\",\"description\":\"Sollicitez le savoir-faire de YES TO THE NET en SEO Fes, Meknes, Tanger, Tetouan. Contactez notre agence au 06 61 26 30 34.\",\"breadcrumb\":{\"@id\":\"https:\/\/yestothenet.com\/seo-fes-meknes-tanger-tetouan\/#breadcrumb\"},\"inLanguage\":\"en-US\",\"potentialAction\":[{\"@type\":\"ReadAction\",\"target\":[\"https:\/\/yestothenet.com\/seo-fes-meknes-tanger-tetouan\/\"]}]},{\"@type\":\"ImageObject\",\"inLanguage\":\"en-US\",\"@id\":\"https:\/\/yestothenet.com\/seo-fes-meknes-tanger-tetouan\/#primaryimage\",\"url\":\"https:\/\/yestothenet.com\/wp-content\/uploads\/2023\/10\/SEO-Fes-Meknes-Tanger-Tetouan-1024x1024.png\",\"contentUrl\":\"https:\/\/yestothenet.com\/wp-content\/uploads\/2023\/10\/SEO-Fes-Meknes-Tanger-Tetouan-1024x1024.png\"},{\"@type\":\"BreadcrumbList\",\"@id\":\"https:\/\/yestothenet.com\/seo-fes-meknes-tanger-tetouan\/#breadcrumb\",\"itemListElement\":[{\"@type\":\"ListItem\",\"position\":1,\"name\":\"Accueil\",\"item\":\"https:\/\/yestothenet.com\/\"},{\"@type\":\"ListItem\",\"position\":2,\"name\":\"&#8230; SEO Fes, Meknes, Tanger, Tetouan\"}]},{\"@type\":\"WebSite\",\"@id\":\"https:\/\/yestothenet.com\/#website\",\"url\":\"https:\/\/yestothenet.com\/\",\"name\":\"YES TO THE NET\",\"description\":\"Votre agence de communication \u00e0 Marrakech\",\"publisher\":{\"@id\":\"https:\/\/yestothenet.com\/#organization\"},\"potentialAction\":[{\"@type\":\"SearchAction\",\"target\":{\"@type\":\"EntryPoint\",\"urlTemplate\":\"https:\/\/yestothenet.com\/?s={search_term_string}\"},\"query-input\":{\"@type\":\"PropertyValueSpecification\",\"valueRequired\":true,\"valueName\":\"search_term_string\"}}],\"inLanguage\":\"en-US\"},{\"@type\":\"Organization\",\"@id\":\"https:\/\/yestothenet.com\/#organization\",\"name\":\"YES TO THE NET\",\"url\":\"https:\/\/yestothenet.com\/\",\"logo\":{\"@type\":\"ImageObject\",\"inLanguage\":\"en-US\",\"@id\":\"https:\/\/yestothenet.com\/#\/schema\/logo\/image\/\",\"url\":\"https:\/\/yestothenet.com\/wp-content\/uploads\/2024\/02\/cropped-YES_THE_TO_NET-removebg-preview.png\",\"contentUrl\":\"https:\/\/yestothenet.com\/wp-content\/uploads\/2024\/02\/cropped-YES_THE_TO_NET-removebg-preview.png\",\"width\":512,\"height\":512,\"caption\":\"YES TO THE NET\"},\"image\":{\"@id\":\"https:\/\/yestothenet.com\/#\/schema\/logo\/image\/\"},\"sameAs\":[\"https:\/\/www.instagram.com\/yestothenet\/\"]}]}<\/script>\n<!-- \/ Yoast SEO plugin. -->","yoast_head_json":{"title":"SEO Fes, Meknes, Tanger, Tetouan \u2013 YES TO THE NET","description":"Sollicitez le savoir-faire de YES TO THE NET en SEO Fes, Meknes, Tanger, Tetouan. Contactez notre agence au 06 61 26 30 34.","robots":{"index":"index","follow":"follow","max-snippet":"max-snippet:-1","max-image-preview":"max-image-preview:large","max-video-preview":"max-video-preview:-1"},"canonical":"https:\/\/yestothenet.com\/en\/seo-fes-meknes-tanger-tetouan\/","og_locale":"en_US","og_type":"article","og_title":"SEO Fes, Meknes, Tanger, Tetouan \u2013 YES TO THE NET","og_description":"Sollicitez le savoir-faire de YES TO THE NET en SEO Fes, Meknes, Tanger, Tetouan. Contactez notre agence au 06 61 26 30 34.","og_url":"https:\/\/yestothenet.com\/en\/seo-fes-meknes-tanger-tetouan\/","og_site_name":"Yes To The Net","article_publisher":"https:\/\/www.instagram.com\/yestothenet\/","article_modified_time":"2023-12-20T15:41:42+00:00","og_image":[{"url":"https:\/\/yestothenet.com\/wp-content\/uploads\/2023\/10\/SEO-Fes-Meknes-Tanger-Tetouan-1024x1024.png"}],"twitter_card":"summary_large_image","twitter_misc":{"Est. reading time":"3 minutes"},"schema":{"@context":"https:\/\/schema.org","@graph":[{"@type":"WebPage","@id":"https:\/\/yestothenet.com\/seo-fes-meknes-tanger-tetouan\/","url":"https:\/\/yestothenet.com\/seo-fes-meknes-tanger-tetouan\/","name":"SEO Fes, Meknes, Tanger, Tetouan \u2013 YES TO THE NET","isPartOf":{"@id":"https:\/\/yestothenet.com\/#website"},"primaryImageOfPage":{"@id":"https:\/\/yestothenet.com\/seo-fes-meknes-tanger-tetouan\/#primaryimage"},"image":{"@id":"https:\/\/yestothenet.com\/seo-fes-meknes-tanger-tetouan\/#primaryimage"},"thumbnailUrl":"https:\/\/yestothenet.com\/wp-content\/uploads\/2023\/10\/SEO-Fes-Meknes-Tanger-Tetouan-1024x1024.png","datePublished":"2023-10-18T11:48:39+00:00","dateModified":"2023-12-20T15:41:42+00:00","description":"Sollicitez le savoir-faire de YES TO THE NET en SEO Fes, Meknes, Tanger, Tetouan. Contactez notre agence au 06 61 26 30 34.","breadcrumb":{"@id":"https:\/\/yestothenet.com\/seo-fes-meknes-tanger-tetouan\/#breadcrumb"},"inLanguage":"en-US","potentialAction":[{"@type":"ReadAction","target":["https:\/\/yestothenet.com\/seo-fes-meknes-tanger-tetouan\/"]}]},{"@type":"ImageObject","inLanguage":"en-US","@id":"https:\/\/yestothenet.com\/seo-fes-meknes-tanger-tetouan\/#primaryimage","url":"https:\/\/yestothenet.com\/wp-content\/uploads\/2023\/10\/SEO-Fes-Meknes-Tanger-Tetouan-1024x1024.png","contentUrl":"https:\/\/yestothenet.com\/wp-content\/uploads\/2023\/10\/SEO-Fes-Meknes-Tanger-Tetouan-1024x1024.png"},{"@type":"BreadcrumbList","@id":"https:\/\/yestothenet.com\/seo-fes-meknes-tanger-tetouan\/#breadcrumb","itemListElement":[{"@type":"ListItem","position":1,"name":"Accueil","item":"https:\/\/yestothenet.com\/"},{"@type":"ListItem","position":2,"name":"&#8230; SEO Fes, Meknes, Tanger, Tetouan"}]},{"@type":"WebSite","@id":"https:\/\/yestothenet.com\/#website","url":"https:\/\/yestothenet.com\/","name":"YES TO THE NET","description":"Votre agence de communication \u00e0 Marrakech","publisher":{"@id":"https:\/\/yestothenet.com\/#organization"},"potentialAction":[{"@type":"SearchAction","target":{"@type":"EntryPoint","urlTemplate":"https:\/\/yestothenet.com\/?s={search_term_string}"},"query-input":{"@type":"PropertyValueSpecification","valueRequired":true,"valueName":"search_term_string"}}],"inLanguage":"en-US"},{"@type":"Organization","@id":"https:\/\/yestothenet.com\/#organization","name":"YES TO THE NET","url":"https:\/\/yestothenet.com\/","logo":{"@type":"ImageObject","inLanguage":"en-US","@id":"https:\/\/yestothenet.com\/#\/schema\/logo\/image\/","url":"https:\/\/yestothenet.com\/wp-content\/uploads\/2024\/02\/cropped-YES_THE_TO_NET-removebg-preview.png","contentUrl":"https:\/\/yestothenet.com\/wp-content\/uploads\/2024\/02\/cropped-YES_THE_TO_NET-removebg-preview.png","width":512,"height":512,"caption":"YES TO THE NET"},"image":{"@id":"https:\/\/yestothenet.com\/#\/schema\/logo\/image\/"},"sameAs":["https:\/\/www.instagram.com\/yestothenet\/"]}]}},"_links":{"self":[{"href":"https:\/\/yestothenet.com\/en\/wp-json\/wp\/v2\/pages\/5913","targetHints":{"allow":["GET"]}}],"collection":[{"href":"https:\/\/yestothenet.com\/en\/wp-json\/wp\/v2\/pages"}],"about":[{"href":"https:\/\/yestothenet.com\/en\/wp-json\/wp\/v2\/types\/page"}],"author":[{"embeddable":true,"href":"https:\/\/yestothenet.com\/en\/wp-json\/wp\/v2\/users\/1"}],"replies":[{"embeddable":true,"href":"https:\/\/yestothenet.com\/en\/wp-json\/wp\/v2\/comments?post=5913"}],"version-history":[{"count":8,"href":"https:\/\/yestothenet.com\/en\/wp-json\/wp\/v2\/pages\/5913\/revisions"}],"predecessor-version":[{"id":6800,"href":"https:\/\/yestothenet.com\/en\/wp-json\/wp\/v2\/pages\/5913\/revisions\/6800"}],"wp:attachment":[{"href":"https:\/\/yestothenet.com\/en\/wp-json\/wp\/v2\/media?parent=5913"}],"curies":[{"name":"wp","href":"https:\/\/api.w.org\/{rel}","templated":true}]}}