{"id":5880,"date":"2023-10-09T17:56:29","date_gmt":"2023-10-09T15:56:29","guid":{"rendered":"https:\/\/yestothenet.com\/?page_id=5880"},"modified":"2023-12-20T16:42:52","modified_gmt":"2023-12-20T15:42:52","slug":"seo-laayoune-dakhla","status":"publish","type":"page","link":"https:\/\/yestothenet.com\/en\/seo-laayoune-dakhla\/","title":{"rendered":"\u2026 SEO Laayoune, Dakhla"},"content":{"rendered":"<div data-elementor-type=\"wp-page\" data-elementor-id=\"5880\" class=\"elementor elementor-5880\" data-elementor-post-type=\"page\">\n\t\t\t\t\t\t<section class=\"elementor-section elementor-top-section elementor-element elementor-element-2db1430 elementor-section-content-middle ot-traditional elementor-section-boxed elementor-section-height-default elementor-section-height-default\" data-id=\"2db1430\" data-element_type=\"section\">\n\t\t\t\t\t\t<div class=\"elementor-container elementor-column-gap-default\">\n\t\t\t\t\t<div class=\"elementor-column elementor-col-100 elementor-top-column elementor-element elementor-element-9ca7f6d ot-flex-column-vertical\" data-id=\"9ca7f6d\" data-element_type=\"column\">\n\t\t\t<div class=\"elementor-widget-wrap elementor-element-populated\">\n\t\t\t\t\t\t<section class=\"elementor-section elementor-inner-section elementor-element elementor-element-ae21701 elementor-section-content-top elementor-section-full_width ot-traditional elementor-section-height-default elementor-section-height-default\" data-id=\"ae21701\" data-element_type=\"section\">\n\t\t\t\t\t\t<div class=\"elementor-container elementor-column-gap-extended\">\n\t\t\t\t\t<div class=\"elementor-column elementor-col-50 elementor-inner-column elementor-element elementor-element-78f9ac9 ot-flex-column-vertical\" data-id=\"78f9ac9\" data-element_type=\"column\">\n\t\t\t<div class=\"elementor-widget-wrap elementor-element-populated\">\n\t\t\t\t\t\t<div class=\"elementor-element elementor-element-25eb330 elementor-widget__width-initial elementor-widget elementor-widget-image\" data-id=\"25eb330\" data-element_type=\"widget\" data-widget_type=\"image.default\">\n\t\t\t\t<div class=\"elementor-widget-container\">\n\t\t\t\t\t\t\t\t\t\t\t\t\t<img fetchpriority=\"high\" decoding=\"async\" width=\"1024\" height=\"973\" src=\"https:\/\/yestothenet.com\/wp-content\/uploads\/2023\/10\/SEO-Laayoune-Dakhla-1024x973.png\" class=\"attachment-large size-large wp-image-5883\" alt=\"SEO Laayoune, Dakhla\" srcset=\"https:\/\/yestothenet.com\/wp-content\/uploads\/2023\/10\/SEO-Laayoune-Dakhla-1024x973.png 1024w, https:\/\/yestothenet.com\/wp-content\/uploads\/2023\/10\/SEO-Laayoune-Dakhla-300x285.png 300w, https:\/\/yestothenet.com\/wp-content\/uploads\/2023\/10\/SEO-Laayoune-Dakhla-768x730.png 768w, https:\/\/yestothenet.com\/wp-content\/uploads\/2023\/10\/SEO-Laayoune-Dakhla-720x684.png 720w, https:\/\/yestothenet.com\/wp-content\/uploads\/2023\/10\/SEO-Laayoune-Dakhla-600x570.png 600w, https:\/\/yestothenet.com\/wp-content\/uploads\/2023\/10\/SEO-Laayoune-Dakhla.png 1079w\" sizes=\"(max-width: 1024px) 100vw, 1024px\" \/>\t\t\t\t\t\t\t\t\t\t\t\t\t<\/div>\n\t\t\t\t<\/div>\n\t\t\t\t\t<\/div>\n\t\t<\/div>\n\t\t\t\t<div class=\"elementor-column elementor-col-50 elementor-inner-column elementor-element elementor-element-dce0f81 ot-flex-column-vertical\" data-id=\"dce0f81\" data-element_type=\"column\">\n\t\t\t<div class=\"elementor-widget-wrap elementor-element-populated\">\n\t\t\t\t\t\t<div class=\"elementor-element elementor-element-ea79d5e elementor-widget elementor-widget-iheading\" data-id=\"ea79d5e\" data-element_type=\"widget\" data-widget_type=\"iheading.default\">\n\t\t\t\t<div class=\"elementor-widget-container\">\n\t\t\t\t\t<div class=\"ot-heading\">\r\n\t        <h1 class=\"main-heading\">\nYES TO THE NET \u2013 SEO Laayoune, Dakhla<\/h1>\t    <\/div>\r\n\t    \t\t<\/div>\n\t\t\t\t<\/div>\n\t\t\t\t<div class=\"elementor-element elementor-element-734d7ce elementor-widget__width-initial elementor-widget elementor-widget-text-editor\" data-id=\"734d7ce\" data-element_type=\"widget\" data-widget_type=\"text-editor.default\">\n\t\t\t\t<div class=\"elementor-widget-container\">\n\t\t\t\t\t\t\t<p>You want to improve your E-reputation and you need a specialist in <strong>SEO Laayoune, Dakhla\u00a0<\/strong>The YES TO THE NET agency is recognized for its professionalism and expertise in the field of digital communication.<\/p><p>We provide you with a service <strong><span style=\"color: #33cccc;\"><a style=\"color: #33cccc;\" href=\"https:\/\/yestothenet.com\/en\/natural-seo-referencing\/\">SEO<\/a><\/span> Laayoune, Dakhla\u00a0<\/strong>which includes:<\/p><ul><li>An in-depth audit of your site, statistical analyses and the creation of a personalized action plan aimed at improving your visibility on keywords that have an impact on your turnover.<\/li><li>Researching new relevant keywords and monitoring your positioning on them.<\/li><li>Technical optimizations made by our team of experienced developers to improve the performance of your site.<\/li><li>Content creation <strong>SEO Laayoune, Dakhla\u00a0<\/strong>user-friendly and with high added value.<\/li><li>Improving your conversion rate by adding features and making ergonomic and aesthetic improvements to your site.<\/li><li>Creating quality backlinks from sites related to your field of activity.<\/li><li>The provision of regular reports detailing the actions taken, accompanied by explanations for each action taken.<\/li><\/ul>\t\t\t\t\t\t<\/div>\n\t\t\t\t<\/div>\n\t\t\t\t\t<\/div>\n\t\t<\/div>\n\t\t\t\t\t<\/div>\n\t\t<\/section>\n\t\t\t\t\t<\/div>\n\t\t<\/div>\n\t\t\t\t\t<\/div>\n\t\t<\/section>\n\t\t\t\t<section class=\"elementor-section elementor-top-section elementor-element elementor-element-50bde43 ot-traditional elementor-section-boxed elementor-section-height-default elementor-section-height-default\" data-id=\"50bde43\" data-element_type=\"section\">\n\t\t\t\t\t\t<div class=\"elementor-container elementor-column-gap-default\">\n\t\t\t\t\t<div class=\"elementor-column elementor-col-100 elementor-top-column elementor-element elementor-element-f8e54d9 ot-flex-column-vertical\" data-id=\"f8e54d9\" data-element_type=\"column\">\n\t\t\t<div class=\"elementor-widget-wrap elementor-element-populated\">\n\t\t\t\t\t\t<div class=\"elementor-element elementor-element-f88d326 elementor-widget elementor-widget-text-editor\" data-id=\"f88d326\" data-element_type=\"widget\" data-widget_type=\"text-editor.default\">\n\t\t\t\t<div class=\"elementor-widget-container\">\n\t\t\t\t\t\t\t<p>To learn more about our various services or to make an appointment, call us at <span style=\"color: #33cccc;\"><a style=\"color: #33cccc;\" href=\"tel:06 61 26 30 34\"><strong>06 61 26 30 34<\/strong><\/a><\/span>.<\/p>\t\t\t\t\t\t<\/div>\n\t\t\t\t<\/div>\n\t\t\t\t\t<\/div>\n\t\t<\/div>\n\t\t\t\t\t<\/div>\n\t\t<\/section>\n\t\t\t\t<section class=\"elementor-section elementor-top-section elementor-element elementor-element-30c462d ot-traditional elementor-section-boxed elementor-section-height-default elementor-section-height-default\" data-id=\"30c462d\" data-element_type=\"section\">\n\t\t\t\t\t\t<div class=\"elementor-container elementor-column-gap-default\">\n\t\t\t\t\t<div class=\"elementor-column elementor-col-100 elementor-top-column elementor-element elementor-element-c788162 ot-flex-column-vertical\" data-id=\"c788162\" data-element_type=\"column\">\n\t\t\t<div class=\"elementor-widget-wrap elementor-element-populated\">\n\t\t\t\t\t\t<section class=\"elementor-section elementor-inner-section elementor-element elementor-element-ab020ed elementor-section-full_width elementor-section-content-bottom ot-traditional elementor-section-height-default elementor-section-height-default\" data-id=\"ab020ed\" data-element_type=\"section\" data-settings=\"{&quot;background_background&quot;:&quot;classic&quot;}\">\n\t\t\t\t\t\t\t<div class=\"elementor-background-overlay\"><\/div>\n\t\t\t\t\t\t\t<div class=\"elementor-container elementor-column-gap-extended\">\n\t\t\t\t\t<div class=\"elementor-column elementor-col-50 elementor-inner-column elementor-element elementor-element-ffaaf2a ot-flex-column-vertical\" data-id=\"ffaaf2a\" data-element_type=\"column\">\n\t\t\t<div class=\"elementor-widget-wrap elementor-element-populated\">\n\t\t\t\t\t\t<div class=\"elementor-element elementor-element-5ff7ce1 elementor-widget elementor-widget-iheading\" data-id=\"5ff7ce1\" data-element_type=\"widget\" data-widget_type=\"iheading.default\">\n\t\t\t\t<div class=\"elementor-widget-container\">\n\t\t\t\t\t<div class=\"ot-heading\">\r\n\t        \t            <span>\/\/ At Yes To The Net,<\/span>\r\n\t        <h2 class=\"main-heading\">Improve Your Online Visibility<\/h2>\t    <\/div>\r\n\t    \t\t<\/div>\n\t\t\t\t<\/div>\n\t\t\t\t\t<\/div>\n\t\t<\/div>\n\t\t\t\t<div class=\"elementor-column elementor-col-50 elementor-inner-column elementor-element elementor-element-3fd82f3 ot-flex-column-vertical\" data-id=\"3fd82f3\" data-element_type=\"column\">\n\t\t\t<div class=\"elementor-widget-wrap elementor-element-populated\">\n\t\t\t\t\t\t<div class=\"elementor-element elementor-element-e146430 elementor-align-right elementor-mobile-align-left elementor-widget elementor-widget-button\" data-id=\"e146430\" data-element_type=\"widget\" data-widget_type=\"button.default\">\n\t\t\t\t<div class=\"elementor-widget-container\">\n\t\t\t\t\t<div class=\"elementor-button-wrapper\">\n\t\t\t<a class=\"elementor-button elementor-button-link elementor-size-md\" href=\"https:\/\/yestothenet.com\/en\/contact\/\">\n\t\t\t\t\t\t<span class=\"elementor-button-content-wrapper\">\n\t\t\t\t\t\t\t\t\t<span class=\"elementor-button-text\">Contact us<\/span>\n\t\t\t\t\t<\/span>\n\t\t\t\t\t<\/a>\n\t\t<\/div>\n\t\t\t\t<\/div>\n\t\t\t\t<\/div>\n\t\t\t\t\t<\/div>\n\t\t<\/div>\n\t\t\t\t\t<\/div>\n\t\t<\/section>\n\t\t\t\t\t<\/div>\n\t\t<\/div>\n\t\t\t\t\t<\/div>\n\t\t<\/section>\n\t\t\t\t<section class=\"elementor-section elementor-top-section elementor-element elementor-element-81a82a5 ot-traditional elementor-section-boxed elementor-section-height-default elementor-section-height-default\" data-id=\"81a82a5\" data-element_type=\"section\" data-settings=\"{&quot;background_background&quot;:&quot;classic&quot;}\">\n\t\t\t\t\t\t\t<div class=\"elementor-background-overlay\"><\/div>\n\t\t\t\t\t\t\t<div class=\"elementor-container elementor-column-gap-extended\">\n\t\t\t\t\t<div class=\"elementor-column elementor-col-50 elementor-top-column elementor-element elementor-element-18b89c0 ot-flex-column-vertical\" data-id=\"18b89c0\" data-element_type=\"column\">\n\t\t\t<div class=\"elementor-widget-wrap elementor-element-populated\">\n\t\t\t\t\t\t<div class=\"elementor-element elementor-element-45e921b elementor-widget elementor-widget-iheading\" data-id=\"45e921b\" data-element_type=\"widget\" data-widget_type=\"iheading.default\">\n\t\t\t\t<div class=\"elementor-widget-container\">\n\t\t\t\t\t<div class=\"ot-heading\">\r\n\t        <h2 class=\"main-heading\">Contact your SEO expert in Laayoune, Dakhla  <\/h2>\t    <\/div>\r\n\t    \t\t<\/div>\n\t\t\t\t<\/div>\n\t\t\t\t<section class=\"elementor-section elementor-inner-section elementor-element elementor-element-dd648d0 elementor-section-full_width ot-traditional elementor-section-height-default elementor-section-height-default\" data-id=\"dd648d0\" data-element_type=\"section\">\n\t\t\t\t\t\t<div class=\"elementor-container elementor-column-gap-default\">\n\t\t\t\t\t<div class=\"elementor-column elementor-col-100 elementor-inner-column elementor-element elementor-element-9c59460 ot-flex-column-vertical\" data-id=\"9c59460\" data-element_type=\"column\">\n\t\t\t<div class=\"elementor-widget-wrap elementor-element-populated\">\n\t\t\t\t\t\t<div class=\"elementor-element elementor-element-9a4497b elementor-widget elementor-widget-text-editor\" data-id=\"9a4497b\" data-element_type=\"widget\" data-widget_type=\"text-editor.default\">\n\t\t\t\t<div class=\"elementor-widget-container\">\n\t\t\t\t\t\t\t<p>Optimizing your website&#039;s visibility naturally is essential for sustainably increasing your online presence. At YES TO THE NET, we are an agency specializing in natural search engine optimization (SEO) and we offer you the expertise of a team of seasoned professionals in this field.<\/p><p>We understand that every industry has its own unique SEO needs and requirements, which is why our services are designed to be flexible and adaptable to a wide range of industries.<\/p><p>Whether you operate in the retail, industrial, service, tourism, catering, non-profit, or community sectors, our team of experienced consultants is ready to design and implement a tailor-made SEO strategy to meet your specific objectives.<\/p>\t\t\t\t\t\t<\/div>\n\t\t\t\t<\/div>\n\t\t\t\t\t<\/div>\n\t\t<\/div>\n\t\t\t\t\t<\/div>\n\t\t<\/section>\n\t\t\t\t\t<\/div>\n\t\t<\/div>\n\t\t\t\t<div class=\"elementor-column elementor-col-50 elementor-top-column elementor-element elementor-element-8a09494 ot-flex-column-vertical\" data-id=\"8a09494\" data-element_type=\"column\">\n\t\t\t<div class=\"elementor-widget-wrap elementor-element-populated\">\n\t\t\t\t\t\t<div class=\"elementor-element elementor-element-69d94ca elementor-widget elementor-widget-image\" data-id=\"69d94ca\" data-element_type=\"widget\" data-widget_type=\"image.default\">\n\t\t\t\t<div class=\"elementor-widget-container\">\n\t\t\t\t\t\t\t\t\t\t\t\t\t<img decoding=\"async\" width=\"440\" height=\"325\" src=\"https:\/\/yestothenet.com\/wp-content\/uploads\/2023\/10\/SEO-Laayoune-Dakhla-2.png\" class=\"attachment-medium_large size-medium_large wp-image-5884\" alt=\"SEO Laayoune, Dakhla\" srcset=\"https:\/\/yestothenet.com\/wp-content\/uploads\/2023\/10\/SEO-Laayoune-Dakhla-2.png 440w, https:\/\/yestothenet.com\/wp-content\/uploads\/2023\/10\/SEO-Laayoune-Dakhla-2-300x222.png 300w\" sizes=\"(max-width: 440px) 100vw, 440px\" \/>\t\t\t\t\t\t\t\t\t\t\t\t\t<\/div>\n\t\t\t\t<\/div>\n\t\t\t\t\t<\/div>\n\t\t<\/div>\n\t\t\t\t\t<\/div>\n\t\t<\/section>\n\t\t\t\t<\/div>","protected":false},"excerpt":{"rendered":"<p>YES TO THE NET \u2013 SEO Laayoune, Dakhla Vous souhaitez am\u00e9liorer votre E-r\u00e9putation\u00a0et vous avez besoin d\u2019un sp\u00e9cialiste en SEO Laayoune, Dakhla\u00a0? L\u2019agence YES TO THE NET est reconnue par son professionnalisme et son expertise dans le domaine de la communication digitale. Nous mettons \u00e0 votre disposition un service SEO Laayoune, Dakhla\u00a0qui comprend\u00a0: Un audit [&hellip;]<\/p>","protected":false},"author":1,"featured_media":0,"parent":0,"menu_order":0,"comment_status":"closed","ping_status":"closed","template":"","meta":{"footnotes":""},"class_list":["post-5880","page","type-page","status-publish","hentry"],"yoast_head":"<!-- This site is optimized with the Yoast SEO plugin v23.6 - https:\/\/yoast.com\/wordpress\/plugins\/seo\/ -->\n<title>SEO Laayoune, Dakhla \u2013 YES TO THE NET<\/title>\n<meta name=\"description\" content=\"Avec YES TO THE NET, experts SEO Laayoune, Dakhla, atteignez vos objectifs en ligne gr\u00e2ce \u00e0 des solutions adapt\u00e9es \u00e0 tous les secteurs.\" \/>\n<meta name=\"robots\" content=\"index, follow, max-snippet:-1, max-image-preview:large, max-video-preview:-1\" \/>\n<link rel=\"canonical\" href=\"https:\/\/yestothenet.com\/en\/seo-laayoune-dakhla\/\" \/>\n<meta property=\"og:locale\" content=\"en_US\" \/>\n<meta property=\"og:type\" content=\"article\" \/>\n<meta property=\"og:title\" content=\"SEO Laayoune, Dakhla \u2013 YES TO THE NET\" \/>\n<meta property=\"og:description\" content=\"Avec YES TO THE NET, experts SEO Laayoune, Dakhla, atteignez vos objectifs en ligne gr\u00e2ce \u00e0 des solutions adapt\u00e9es \u00e0 tous les secteurs.\" \/>\n<meta property=\"og:url\" content=\"https:\/\/yestothenet.com\/en\/seo-laayoune-dakhla\/\" \/>\n<meta property=\"og:site_name\" content=\"Yes To The Net\" \/>\n<meta property=\"article:publisher\" content=\"https:\/\/www.instagram.com\/yestothenet\/\" \/>\n<meta property=\"article:modified_time\" content=\"2023-12-20T15:42:52+00:00\" \/>\n<meta property=\"og:image\" content=\"https:\/\/yestothenet.com\/wp-content\/uploads\/2023\/10\/SEO-Laayoune-Dakhla-1024x973.png\" \/>\n<meta name=\"twitter:card\" content=\"summary_large_image\" \/>\n<meta name=\"twitter:label1\" content=\"Est. reading time\" \/>\n\t<meta name=\"twitter:data1\" content=\"3 minutes\" \/>\n<script type=\"application\/ld+json\" class=\"yoast-schema-graph\">{\"@context\":\"https:\/\/schema.org\",\"@graph\":[{\"@type\":\"WebPage\",\"@id\":\"https:\/\/yestothenet.com\/seo-laayoune-dakhla\/\",\"url\":\"https:\/\/yestothenet.com\/seo-laayoune-dakhla\/\",\"name\":\"SEO Laayoune, Dakhla \u2013 YES TO THE NET\",\"isPartOf\":{\"@id\":\"https:\/\/yestothenet.com\/#website\"},\"primaryImageOfPage\":{\"@id\":\"https:\/\/yestothenet.com\/seo-laayoune-dakhla\/#primaryimage\"},\"image\":{\"@id\":\"https:\/\/yestothenet.com\/seo-laayoune-dakhla\/#primaryimage\"},\"thumbnailUrl\":\"https:\/\/yestothenet.com\/wp-content\/uploads\/2023\/10\/SEO-Laayoune-Dakhla-1024x973.png\",\"datePublished\":\"2023-10-09T15:56:29+00:00\",\"dateModified\":\"2023-12-20T15:42:52+00:00\",\"description\":\"Avec YES TO THE NET, experts SEO Laayoune, Dakhla, atteignez vos objectifs en ligne gr\u00e2ce \u00e0 des solutions adapt\u00e9es \u00e0 tous les secteurs.\",\"breadcrumb\":{\"@id\":\"https:\/\/yestothenet.com\/seo-laayoune-dakhla\/#breadcrumb\"},\"inLanguage\":\"en-US\",\"potentialAction\":[{\"@type\":\"ReadAction\",\"target\":[\"https:\/\/yestothenet.com\/seo-laayoune-dakhla\/\"]}]},{\"@type\":\"ImageObject\",\"inLanguage\":\"en-US\",\"@id\":\"https:\/\/yestothenet.com\/seo-laayoune-dakhla\/#primaryimage\",\"url\":\"https:\/\/yestothenet.com\/wp-content\/uploads\/2023\/10\/SEO-Laayoune-Dakhla-1024x973.png\",\"contentUrl\":\"https:\/\/yestothenet.com\/wp-content\/uploads\/2023\/10\/SEO-Laayoune-Dakhla-1024x973.png\"},{\"@type\":\"BreadcrumbList\",\"@id\":\"https:\/\/yestothenet.com\/seo-laayoune-dakhla\/#breadcrumb\",\"itemListElement\":[{\"@type\":\"ListItem\",\"position\":1,\"name\":\"Accueil\",\"item\":\"https:\/\/yestothenet.com\/\"},{\"@type\":\"ListItem\",\"position\":2,\"name\":\"&#8230; SEO Laayoune, Dakhla\"}]},{\"@type\":\"WebSite\",\"@id\":\"https:\/\/yestothenet.com\/#website\",\"url\":\"https:\/\/yestothenet.com\/\",\"name\":\"YES TO THE NET\",\"description\":\"Votre agence de communication \u00e0 Marrakech\",\"publisher\":{\"@id\":\"https:\/\/yestothenet.com\/#organization\"},\"potentialAction\":[{\"@type\":\"SearchAction\",\"target\":{\"@type\":\"EntryPoint\",\"urlTemplate\":\"https:\/\/yestothenet.com\/?s={search_term_string}\"},\"query-input\":{\"@type\":\"PropertyValueSpecification\",\"valueRequired\":true,\"valueName\":\"search_term_string\"}}],\"inLanguage\":\"en-US\"},{\"@type\":\"Organization\",\"@id\":\"https:\/\/yestothenet.com\/#organization\",\"name\":\"YES TO THE NET\",\"url\":\"https:\/\/yestothenet.com\/\",\"logo\":{\"@type\":\"ImageObject\",\"inLanguage\":\"en-US\",\"@id\":\"https:\/\/yestothenet.com\/#\/schema\/logo\/image\/\",\"url\":\"https:\/\/yestothenet.com\/wp-content\/uploads\/2024\/02\/cropped-YES_THE_TO_NET-removebg-preview.png\",\"contentUrl\":\"https:\/\/yestothenet.com\/wp-content\/uploads\/2024\/02\/cropped-YES_THE_TO_NET-removebg-preview.png\",\"width\":512,\"height\":512,\"caption\":\"YES TO THE NET\"},\"image\":{\"@id\":\"https:\/\/yestothenet.com\/#\/schema\/logo\/image\/\"},\"sameAs\":[\"https:\/\/www.instagram.com\/yestothenet\/\"]}]}<\/script>\n<!-- \/ Yoast SEO plugin. -->","yoast_head_json":{"title":"SEO Laayoune, Dakhla \u2013 YES TO THE NET","description":"Avec YES TO THE NET, experts SEO Laayoune, Dakhla, atteignez vos objectifs en ligne gr\u00e2ce \u00e0 des solutions adapt\u00e9es \u00e0 tous les secteurs.","robots":{"index":"index","follow":"follow","max-snippet":"max-snippet:-1","max-image-preview":"max-image-preview:large","max-video-preview":"max-video-preview:-1"},"canonical":"https:\/\/yestothenet.com\/en\/seo-laayoune-dakhla\/","og_locale":"en_US","og_type":"article","og_title":"SEO Laayoune, Dakhla \u2013 YES TO THE NET","og_description":"Avec YES TO THE NET, experts SEO Laayoune, Dakhla, atteignez vos objectifs en ligne gr\u00e2ce \u00e0 des solutions adapt\u00e9es \u00e0 tous les secteurs.","og_url":"https:\/\/yestothenet.com\/en\/seo-laayoune-dakhla\/","og_site_name":"Yes To The Net","article_publisher":"https:\/\/www.instagram.com\/yestothenet\/","article_modified_time":"2023-12-20T15:42:52+00:00","og_image":[{"url":"https:\/\/yestothenet.com\/wp-content\/uploads\/2023\/10\/SEO-Laayoune-Dakhla-1024x973.png"}],"twitter_card":"summary_large_image","twitter_misc":{"Est. reading time":"3 minutes"},"schema":{"@context":"https:\/\/schema.org","@graph":[{"@type":"WebPage","@id":"https:\/\/yestothenet.com\/seo-laayoune-dakhla\/","url":"https:\/\/yestothenet.com\/seo-laayoune-dakhla\/","name":"SEO Laayoune, Dakhla \u2013 YES TO THE NET","isPartOf":{"@id":"https:\/\/yestothenet.com\/#website"},"primaryImageOfPage":{"@id":"https:\/\/yestothenet.com\/seo-laayoune-dakhla\/#primaryimage"},"image":{"@id":"https:\/\/yestothenet.com\/seo-laayoune-dakhla\/#primaryimage"},"thumbnailUrl":"https:\/\/yestothenet.com\/wp-content\/uploads\/2023\/10\/SEO-Laayoune-Dakhla-1024x973.png","datePublished":"2023-10-09T15:56:29+00:00","dateModified":"2023-12-20T15:42:52+00:00","description":"Avec YES TO THE NET, experts SEO Laayoune, Dakhla, atteignez vos objectifs en ligne gr\u00e2ce \u00e0 des solutions adapt\u00e9es \u00e0 tous les secteurs.","breadcrumb":{"@id":"https:\/\/yestothenet.com\/seo-laayoune-dakhla\/#breadcrumb"},"inLanguage":"en-US","potentialAction":[{"@type":"ReadAction","target":["https:\/\/yestothenet.com\/seo-laayoune-dakhla\/"]}]},{"@type":"ImageObject","inLanguage":"en-US","@id":"https:\/\/yestothenet.com\/seo-laayoune-dakhla\/#primaryimage","url":"https:\/\/yestothenet.com\/wp-content\/uploads\/2023\/10\/SEO-Laayoune-Dakhla-1024x973.png","contentUrl":"https:\/\/yestothenet.com\/wp-content\/uploads\/2023\/10\/SEO-Laayoune-Dakhla-1024x973.png"},{"@type":"BreadcrumbList","@id":"https:\/\/yestothenet.com\/seo-laayoune-dakhla\/#breadcrumb","itemListElement":[{"@type":"ListItem","position":1,"name":"Accueil","item":"https:\/\/yestothenet.com\/"},{"@type":"ListItem","position":2,"name":"&#8230; SEO Laayoune, Dakhla"}]},{"@type":"WebSite","@id":"https:\/\/yestothenet.com\/#website","url":"https:\/\/yestothenet.com\/","name":"YES TO THE NET","description":"Votre agence de communication \u00e0 Marrakech","publisher":{"@id":"https:\/\/yestothenet.com\/#organization"},"potentialAction":[{"@type":"SearchAction","target":{"@type":"EntryPoint","urlTemplate":"https:\/\/yestothenet.com\/?s={search_term_string}"},"query-input":{"@type":"PropertyValueSpecification","valueRequired":true,"valueName":"search_term_string"}}],"inLanguage":"en-US"},{"@type":"Organization","@id":"https:\/\/yestothenet.com\/#organization","name":"YES TO THE NET","url":"https:\/\/yestothenet.com\/","logo":{"@type":"ImageObject","inLanguage":"en-US","@id":"https:\/\/yestothenet.com\/#\/schema\/logo\/image\/","url":"https:\/\/yestothenet.com\/wp-content\/uploads\/2024\/02\/cropped-YES_THE_TO_NET-removebg-preview.png","contentUrl":"https:\/\/yestothenet.com\/wp-content\/uploads\/2024\/02\/cropped-YES_THE_TO_NET-removebg-preview.png","width":512,"height":512,"caption":"YES TO THE NET"},"image":{"@id":"https:\/\/yestothenet.com\/#\/schema\/logo\/image\/"},"sameAs":["https:\/\/www.instagram.com\/yestothenet\/"]}]}},"_links":{"self":[{"href":"https:\/\/yestothenet.com\/en\/wp-json\/wp\/v2\/pages\/5880","targetHints":{"allow":["GET"]}}],"collection":[{"href":"https:\/\/yestothenet.com\/en\/wp-json\/wp\/v2\/pages"}],"about":[{"href":"https:\/\/yestothenet.com\/en\/wp-json\/wp\/v2\/types\/page"}],"author":[{"embeddable":true,"href":"https:\/\/yestothenet.com\/en\/wp-json\/wp\/v2\/users\/1"}],"replies":[{"embeddable":true,"href":"https:\/\/yestothenet.com\/en\/wp-json\/wp\/v2\/comments?post=5880"}],"version-history":[{"count":8,"href":"https:\/\/yestothenet.com\/en\/wp-json\/wp\/v2\/pages\/5880\/revisions"}],"predecessor-version":[{"id":6809,"href":"https:\/\/yestothenet.com\/en\/wp-json\/wp\/v2\/pages\/5880\/revisions\/6809"}],"wp:attachment":[{"href":"https:\/\/yestothenet.com\/en\/wp-json\/wp\/v2\/media?parent=5880"}],"curies":[{"name":"wp","href":"https:\/\/api.w.org\/{rel}","templated":true}]}}