{"id":5864,"date":"2023-10-05T13:15:34","date_gmt":"2023-10-05T11:15:34","guid":{"rendered":"https:\/\/yestothenet.com\/?page_id=5864"},"modified":"2023-12-20T16:40:47","modified_gmt":"2023-12-20T15:40:47","slug":"seo-agadir-essaouira-taroudant","status":"publish","type":"page","link":"https:\/\/yestothenet.com\/en\/seo-agadir-essaouira-taroudant\/","title":{"rendered":"\u2026 SEO Agadir, Essaouira, Taroudant"},"content":{"rendered":"<div data-elementor-type=\"wp-page\" data-elementor-id=\"5864\" class=\"elementor elementor-5864\" data-elementor-post-type=\"page\">\n\t\t\t\t\t\t<section class=\"elementor-section elementor-top-section elementor-element elementor-element-2db1430 elementor-section-content-middle ot-traditional elementor-section-boxed elementor-section-height-default elementor-section-height-default\" data-id=\"2db1430\" data-element_type=\"section\">\n\t\t\t\t\t\t<div class=\"elementor-container elementor-column-gap-default\">\n\t\t\t\t\t<div class=\"elementor-column elementor-col-100 elementor-top-column elementor-element elementor-element-9ca7f6d ot-flex-column-vertical\" data-id=\"9ca7f6d\" data-element_type=\"column\">\n\t\t\t<div class=\"elementor-widget-wrap elementor-element-populated\">\n\t\t\t\t\t\t<section class=\"elementor-section elementor-inner-section elementor-element elementor-element-ae21701 elementor-section-content-top elementor-section-full_width ot-traditional elementor-section-height-default elementor-section-height-default\" data-id=\"ae21701\" data-element_type=\"section\">\n\t\t\t\t\t\t<div class=\"elementor-container elementor-column-gap-extended\">\n\t\t\t\t\t<div class=\"elementor-column elementor-col-50 elementor-inner-column elementor-element elementor-element-78f9ac9 ot-flex-column-vertical\" data-id=\"78f9ac9\" data-element_type=\"column\">\n\t\t\t<div class=\"elementor-widget-wrap elementor-element-populated\">\n\t\t\t\t\t\t<div class=\"elementor-element elementor-element-25eb330 elementor-widget__width-initial elementor-widget elementor-widget-image\" data-id=\"25eb330\" data-element_type=\"widget\" data-widget_type=\"image.default\">\n\t\t\t\t<div class=\"elementor-widget-container\">\n\t\t\t\t\t\t\t\t\t\t\t\t\t<img fetchpriority=\"high\" decoding=\"async\" width=\"400\" height=\"440\" src=\"https:\/\/yestothenet.com\/wp-content\/uploads\/2023\/10\/SEO-Agadir-Essaouira-Taroudant.png\" class=\"attachment-large size-large wp-image-5868\" alt=\"SEO Agadir, Essaouira, Taroudant\" srcset=\"https:\/\/yestothenet.com\/wp-content\/uploads\/2023\/10\/SEO-Agadir-Essaouira-Taroudant.png 400w, https:\/\/yestothenet.com\/wp-content\/uploads\/2023\/10\/SEO-Agadir-Essaouira-Taroudant-273x300.png 273w\" sizes=\"(max-width: 400px) 100vw, 400px\" \/>\t\t\t\t\t\t\t\t\t\t\t\t\t<\/div>\n\t\t\t\t<\/div>\n\t\t\t\t\t<\/div>\n\t\t<\/div>\n\t\t\t\t<div class=\"elementor-column elementor-col-50 elementor-inner-column elementor-element elementor-element-dce0f81 ot-flex-column-vertical\" data-id=\"dce0f81\" data-element_type=\"column\">\n\t\t\t<div class=\"elementor-widget-wrap elementor-element-populated\">\n\t\t\t\t\t\t<div class=\"elementor-element elementor-element-ea79d5e elementor-widget elementor-widget-iheading\" data-id=\"ea79d5e\" data-element_type=\"widget\" data-widget_type=\"iheading.default\">\n\t\t\t\t<div class=\"elementor-widget-container\">\n\t\t\t\t\t<div class=\"ot-heading\">\r\n\t        <h1 class=\"main-heading\">\nYES TO THE NET \u2013 SEO Expert Agadir, Essaouira, Taroudant<\/h1>\t    <\/div>\r\n\t    \t\t<\/div>\n\t\t\t\t<\/div>\n\t\t\t\t<div class=\"elementor-element elementor-element-734d7ce elementor-widget__width-initial elementor-widget elementor-widget-text-editor\" data-id=\"734d7ce\" data-element_type=\"widget\" data-widget_type=\"text-editor.default\">\n\t\t\t\t<div class=\"elementor-widget-container\">\n\t\t\t\t\t\t\t<p>Are you looking to generate traffic to your website? The YES TO THE NET agency is your trusted partner in <strong>SEO Agadir, Essaouira, Taroudant<\/strong>. Thanks to our 8 years of experience, we are able to help you increase your e-reputation, improve your online visibility and generate traffic.<\/p><p>Our agency <strong><span style=\"color: #33cccc;\"><a style=\"color: #33cccc;\" href=\"https:\/\/yestothenet.com\/en\/natural-seo-referencing\/\">SEO<\/a><\/span> Agadir, Essaouira, Taroudant<\/strong> brings together Google SEO specialists and consultants with solid expertise in search engine ranking, Google Maps integration and improvement, Google Analytics methods, local and international SEO improvement, SEO monitoring, as well as growing our clients&#039; online revenue.<\/p><p>Digital is the future. Don&#039;t let your business be left behind. Invest in a strategy <strong>SEO Agadir, Essaouira, Taroudant<\/strong> efficient and watch your business thrive like never before.<\/p><p>For additional information or professional advice, contact us at <span style=\"color: #33cccc;\"><a style=\"color: #33cccc;\" href=\"tel:06 61 26 30 34\"><strong>06 61 26 30 34<\/strong><\/a><\/span>.<\/p>\t\t\t\t\t\t<\/div>\n\t\t\t\t<\/div>\n\t\t\t\t\t<\/div>\n\t\t<\/div>\n\t\t\t\t\t<\/div>\n\t\t<\/section>\n\t\t\t\t\t<\/div>\n\t\t<\/div>\n\t\t\t\t\t<\/div>\n\t\t<\/section>\n\t\t\t\t<section class=\"elementor-section elementor-top-section elementor-element elementor-element-30c462d ot-traditional elementor-section-boxed elementor-section-height-default elementor-section-height-default\" data-id=\"30c462d\" data-element_type=\"section\">\n\t\t\t\t\t\t<div class=\"elementor-container elementor-column-gap-default\">\n\t\t\t\t\t<div class=\"elementor-column elementor-col-100 elementor-top-column elementor-element elementor-element-c788162 ot-flex-column-vertical\" data-id=\"c788162\" data-element_type=\"column\">\n\t\t\t<div class=\"elementor-widget-wrap elementor-element-populated\">\n\t\t\t\t\t\t<section class=\"elementor-section elementor-inner-section elementor-element elementor-element-ab020ed elementor-section-full_width elementor-section-content-bottom ot-traditional elementor-section-height-default elementor-section-height-default\" data-id=\"ab020ed\" data-element_type=\"section\" data-settings=\"{&quot;background_background&quot;:&quot;classic&quot;}\">\n\t\t\t\t\t\t\t<div class=\"elementor-background-overlay\"><\/div>\n\t\t\t\t\t\t\t<div class=\"elementor-container elementor-column-gap-extended\">\n\t\t\t\t\t<div class=\"elementor-column elementor-col-50 elementor-inner-column elementor-element elementor-element-ffaaf2a ot-flex-column-vertical\" data-id=\"ffaaf2a\" data-element_type=\"column\">\n\t\t\t<div class=\"elementor-widget-wrap elementor-element-populated\">\n\t\t\t\t\t\t<div class=\"elementor-element elementor-element-5ff7ce1 elementor-widget elementor-widget-iheading\" data-id=\"5ff7ce1\" data-element_type=\"widget\" data-widget_type=\"iheading.default\">\n\t\t\t\t<div class=\"elementor-widget-container\">\n\t\t\t\t\t<div class=\"ot-heading\">\r\n\t        \t            <span>\/\/ At Yes To The Net,<\/span>\r\n\t        <h2 class=\"main-heading\">Improve Your Online Visibility<\/h2>\t    <\/div>\r\n\t    \t\t<\/div>\n\t\t\t\t<\/div>\n\t\t\t\t\t<\/div>\n\t\t<\/div>\n\t\t\t\t<div class=\"elementor-column elementor-col-50 elementor-inner-column elementor-element elementor-element-3fd82f3 ot-flex-column-vertical\" data-id=\"3fd82f3\" data-element_type=\"column\">\n\t\t\t<div class=\"elementor-widget-wrap elementor-element-populated\">\n\t\t\t\t\t\t<div class=\"elementor-element elementor-element-e146430 elementor-align-right elementor-mobile-align-left elementor-widget elementor-widget-button\" data-id=\"e146430\" data-element_type=\"widget\" data-widget_type=\"button.default\">\n\t\t\t\t<div class=\"elementor-widget-container\">\n\t\t\t\t\t<div class=\"elementor-button-wrapper\">\n\t\t\t<a class=\"elementor-button elementor-button-link elementor-size-md\" href=\"https:\/\/yestothenet.com\/en\/contact\/\">\n\t\t\t\t\t\t<span class=\"elementor-button-content-wrapper\">\n\t\t\t\t\t\t\t\t\t<span class=\"elementor-button-text\">Contact us<\/span>\n\t\t\t\t\t<\/span>\n\t\t\t\t\t<\/a>\n\t\t<\/div>\n\t\t\t\t<\/div>\n\t\t\t\t<\/div>\n\t\t\t\t\t<\/div>\n\t\t<\/div>\n\t\t\t\t\t<\/div>\n\t\t<\/section>\n\t\t\t\t\t<\/div>\n\t\t<\/div>\n\t\t\t\t\t<\/div>\n\t\t<\/section>\n\t\t\t\t<section class=\"elementor-section elementor-top-section elementor-element elementor-element-81a82a5 ot-traditional elementor-section-boxed elementor-section-height-default elementor-section-height-default\" data-id=\"81a82a5\" data-element_type=\"section\" data-settings=\"{&quot;background_background&quot;:&quot;classic&quot;}\">\n\t\t\t\t\t\t\t<div class=\"elementor-background-overlay\"><\/div>\n\t\t\t\t\t\t\t<div class=\"elementor-container elementor-column-gap-extended\">\n\t\t\t\t\t<div class=\"elementor-column elementor-col-50 elementor-top-column elementor-element elementor-element-18b89c0 ot-flex-column-vertical\" data-id=\"18b89c0\" data-element_type=\"column\">\n\t\t\t<div class=\"elementor-widget-wrap elementor-element-populated\">\n\t\t\t\t\t\t<div class=\"elementor-element elementor-element-45e921b elementor-widget elementor-widget-iheading\" data-id=\"45e921b\" data-element_type=\"widget\" data-widget_type=\"iheading.default\">\n\t\t\t\t<div class=\"elementor-widget-container\">\n\t\t\t\t\t<div class=\"ot-heading\">\r\n\t        <h2 class=\"main-heading\">Boost Your Online Visibility with our SEO Service Agadir, Essaouira, Taroudant<\/h2>\t    <\/div>\r\n\t    \t\t<\/div>\n\t\t\t\t<\/div>\n\t\t\t\t<section class=\"elementor-section elementor-inner-section elementor-element elementor-element-dd648d0 elementor-section-full_width ot-traditional elementor-section-height-default elementor-section-height-default\" data-id=\"dd648d0\" data-element_type=\"section\">\n\t\t\t\t\t\t<div class=\"elementor-container elementor-column-gap-default\">\n\t\t\t\t\t<div class=\"elementor-column elementor-col-100 elementor-inner-column elementor-element elementor-element-9c59460 ot-flex-column-vertical\" data-id=\"9c59460\" data-element_type=\"column\">\n\t\t\t<div class=\"elementor-widget-wrap elementor-element-populated\">\n\t\t\t\t\t\t<div class=\"elementor-element elementor-element-9a4497b elementor-widget elementor-widget-text-editor\" data-id=\"9a4497b\" data-element_type=\"widget\" data-widget_type=\"text-editor.default\">\n\t\t\t\t<div class=\"elementor-widget-container\">\n\t\t\t\t\t\t\t<p>When you choose \u201cYES TO THE NET,\u201d here\u2019s what you can expect:<\/p><p><strong>Audit:<\/strong> We begin with a complete audit of your site to identify areas for improvement.<\/p><p><strong>Strategy:<\/strong> Then, we develop an SEO strategy adapted to your objectives.<\/p><p><strong>On-Page Optimization:<\/strong> From writing quality content to technical optimization, we ensure that every page of your site is perfectly optimized.<\/p><p><strong>Link Building:<\/strong> Backlinks are essential for SEO. We implement an effective link building strategy to strengthen your online authority.<\/p><p><strong>Reporting:<\/strong> We keep you informed about the progress of your ranking, traffic and other relevant KPIs.<\/p><p>For a free consultation, contact YES TO THE NET today. We look forward to working with you and helping you realize the full potential of your online business.<\/p><p style=\"text-align: center;\"><strong><span style=\"color: #33cccc;\">Leave your digital footprint. Say YES to the net!<\/span><\/strong><\/p>\t\t\t\t\t\t<\/div>\n\t\t\t\t<\/div>\n\t\t\t\t\t<\/div>\n\t\t<\/div>\n\t\t\t\t\t<\/div>\n\t\t<\/section>\n\t\t\t\t\t<\/div>\n\t\t<\/div>\n\t\t\t\t<div class=\"elementor-column elementor-col-50 elementor-top-column elementor-element elementor-element-8a09494 ot-flex-column-vertical\" data-id=\"8a09494\" data-element_type=\"column\">\n\t\t\t<div class=\"elementor-widget-wrap elementor-element-populated\">\n\t\t\t\t\t\t<div class=\"elementor-element elementor-element-69d94ca elementor-widget elementor-widget-image\" data-id=\"69d94ca\" data-element_type=\"widget\" data-widget_type=\"image.default\">\n\t\t\t\t<div class=\"elementor-widget-container\">\n\t\t\t\t\t\t\t\t\t\t\t\t\t<img decoding=\"async\" width=\"768\" height=\"539\" src=\"https:\/\/yestothenet.com\/wp-content\/uploads\/2023\/10\/SEO-Agadir-Essaouira-Taroudant-1-768x539.png\" class=\"attachment-medium_large size-medium_large wp-image-5869\" alt=\"SEO Agadir, Essaouira, Taroudant\" srcset=\"https:\/\/yestothenet.com\/wp-content\/uploads\/2023\/10\/SEO-Agadir-Essaouira-Taroudant-1-768x539.png 768w, https:\/\/yestothenet.com\/wp-content\/uploads\/2023\/10\/SEO-Agadir-Essaouira-Taroudant-1-300x211.png 300w, https:\/\/yestothenet.com\/wp-content\/uploads\/2023\/10\/SEO-Agadir-Essaouira-Taroudant-1-1024x719.png 1024w, https:\/\/yestothenet.com\/wp-content\/uploads\/2023\/10\/SEO-Agadir-Essaouira-Taroudant-1-720x505.png 720w, https:\/\/yestothenet.com\/wp-content\/uploads\/2023\/10\/SEO-Agadir-Essaouira-Taroudant-1-600x421.png 600w, https:\/\/yestothenet.com\/wp-content\/uploads\/2023\/10\/SEO-Agadir-Essaouira-Taroudant-1.png 1140w\" sizes=\"(max-width: 768px) 100vw, 768px\" \/>\t\t\t\t\t\t\t\t\t\t\t\t\t<\/div>\n\t\t\t\t<\/div>\n\t\t\t\t\t<\/div>\n\t\t<\/div>\n\t\t\t\t\t<\/div>\n\t\t<\/section>\n\t\t\t\t<\/div>","protected":false},"excerpt":{"rendered":"<p>YES TO THE NET \u2013 Expert en SEO Agadir, Essaouira, Taroudant Vous cherchez \u00e0 g\u00e9n\u00e9rer du trafic sur votre site web\u00a0? L\u2019agence YES TO THE NET est votre partenaire de confiance en SEO Agadir, Essaouira, Taroudant. Gr\u00e2ce \u00e0 notre exp\u00e9rience de 8 ans, nous sommes en mesure de vous aider \u00e0 augmenter votre e-r\u00e9putation, am\u00e9liorer [&hellip;]<\/p>","protected":false},"author":1,"featured_media":0,"parent":0,"menu_order":0,"comment_status":"closed","ping_status":"closed","template":"","meta":{"footnotes":""},"class_list":["post-5864","page","type-page","status-publish","hentry"],"yoast_head":"<!-- This site is optimized with the Yoast SEO plugin v23.6 - https:\/\/yoast.com\/wordpress\/plugins\/seo\/ -->\n<title>SEO Agadir, Essaouira, Taroudant \u2013 YES TO THE NET<\/title>\n<meta name=\"description\" content=\"Pour une strat\u00e9gie SEO Agadir, Essaouira, Taroudant efficace, Faites appel au service de votre agence de communication YES TO THE NET.\" \/>\n<meta name=\"robots\" content=\"index, follow, max-snippet:-1, max-image-preview:large, max-video-preview:-1\" \/>\n<link rel=\"canonical\" href=\"https:\/\/yestothenet.com\/en\/seo-agadir-essaouira-taroudant\/\" \/>\n<meta property=\"og:locale\" content=\"en_US\" \/>\n<meta property=\"og:type\" content=\"article\" \/>\n<meta property=\"og:title\" content=\"SEO Agadir, Essaouira, Taroudant \u2013 YES TO THE NET\" \/>\n<meta property=\"og:description\" content=\"Pour une strat\u00e9gie SEO Agadir, Essaouira, Taroudant efficace, Faites appel au service de votre agence de communication YES TO THE NET.\" \/>\n<meta property=\"og:url\" content=\"https:\/\/yestothenet.com\/en\/seo-agadir-essaouira-taroudant\/\" \/>\n<meta property=\"og:site_name\" content=\"Yes To The Net\" \/>\n<meta property=\"article:publisher\" content=\"https:\/\/www.instagram.com\/yestothenet\/\" \/>\n<meta property=\"article:modified_time\" content=\"2023-12-20T15:40:47+00:00\" \/>\n<meta property=\"og:image\" content=\"https:\/\/yestothenet.com\/wp-content\/uploads\/2023\/10\/SEO-Agadir-Essaouira-Taroudant.png\" \/>\n<meta name=\"twitter:card\" content=\"summary_large_image\" \/>\n<meta name=\"twitter:label1\" content=\"Est. reading time\" \/>\n\t<meta name=\"twitter:data1\" content=\"3 minutes\" \/>\n<script type=\"application\/ld+json\" class=\"yoast-schema-graph\">{\"@context\":\"https:\/\/schema.org\",\"@graph\":[{\"@type\":\"WebPage\",\"@id\":\"https:\/\/yestothenet.com\/seo-agadir-essaouira-taroudant\/\",\"url\":\"https:\/\/yestothenet.com\/seo-agadir-essaouira-taroudant\/\",\"name\":\"SEO Agadir, Essaouira, Taroudant \u2013 YES TO THE NET\",\"isPartOf\":{\"@id\":\"https:\/\/yestothenet.com\/#website\"},\"primaryImageOfPage\":{\"@id\":\"https:\/\/yestothenet.com\/seo-agadir-essaouira-taroudant\/#primaryimage\"},\"image\":{\"@id\":\"https:\/\/yestothenet.com\/seo-agadir-essaouira-taroudant\/#primaryimage\"},\"thumbnailUrl\":\"https:\/\/yestothenet.com\/wp-content\/uploads\/2023\/10\/SEO-Agadir-Essaouira-Taroudant.png\",\"datePublished\":\"2023-10-05T11:15:34+00:00\",\"dateModified\":\"2023-12-20T15:40:47+00:00\",\"description\":\"Pour une strat\u00e9gie SEO Agadir, Essaouira, Taroudant efficace, Faites appel au service de votre agence de communication YES TO THE NET.\",\"breadcrumb\":{\"@id\":\"https:\/\/yestothenet.com\/seo-agadir-essaouira-taroudant\/#breadcrumb\"},\"inLanguage\":\"en-US\",\"potentialAction\":[{\"@type\":\"ReadAction\",\"target\":[\"https:\/\/yestothenet.com\/seo-agadir-essaouira-taroudant\/\"]}]},{\"@type\":\"ImageObject\",\"inLanguage\":\"en-US\",\"@id\":\"https:\/\/yestothenet.com\/seo-agadir-essaouira-taroudant\/#primaryimage\",\"url\":\"https:\/\/yestothenet.com\/wp-content\/uploads\/2023\/10\/SEO-Agadir-Essaouira-Taroudant.png\",\"contentUrl\":\"https:\/\/yestothenet.com\/wp-content\/uploads\/2023\/10\/SEO-Agadir-Essaouira-Taroudant.png\"},{\"@type\":\"BreadcrumbList\",\"@id\":\"https:\/\/yestothenet.com\/seo-agadir-essaouira-taroudant\/#breadcrumb\",\"itemListElement\":[{\"@type\":\"ListItem\",\"position\":1,\"name\":\"Accueil\",\"item\":\"https:\/\/yestothenet.com\/\"},{\"@type\":\"ListItem\",\"position\":2,\"name\":\"&#8230; SEO Agadir, Essaouira, Taroudant\"}]},{\"@type\":\"WebSite\",\"@id\":\"https:\/\/yestothenet.com\/#website\",\"url\":\"https:\/\/yestothenet.com\/\",\"name\":\"YES TO THE NET\",\"description\":\"Votre agence de communication \u00e0 Marrakech\",\"publisher\":{\"@id\":\"https:\/\/yestothenet.com\/#organization\"},\"potentialAction\":[{\"@type\":\"SearchAction\",\"target\":{\"@type\":\"EntryPoint\",\"urlTemplate\":\"https:\/\/yestothenet.com\/?s={search_term_string}\"},\"query-input\":{\"@type\":\"PropertyValueSpecification\",\"valueRequired\":true,\"valueName\":\"search_term_string\"}}],\"inLanguage\":\"en-US\"},{\"@type\":\"Organization\",\"@id\":\"https:\/\/yestothenet.com\/#organization\",\"name\":\"YES TO THE NET\",\"url\":\"https:\/\/yestothenet.com\/\",\"logo\":{\"@type\":\"ImageObject\",\"inLanguage\":\"en-US\",\"@id\":\"https:\/\/yestothenet.com\/#\/schema\/logo\/image\/\",\"url\":\"https:\/\/yestothenet.com\/wp-content\/uploads\/2024\/02\/cropped-YES_THE_TO_NET-removebg-preview.png\",\"contentUrl\":\"https:\/\/yestothenet.com\/wp-content\/uploads\/2024\/02\/cropped-YES_THE_TO_NET-removebg-preview.png\",\"width\":512,\"height\":512,\"caption\":\"YES TO THE NET\"},\"image\":{\"@id\":\"https:\/\/yestothenet.com\/#\/schema\/logo\/image\/\"},\"sameAs\":[\"https:\/\/www.instagram.com\/yestothenet\/\"]}]}<\/script>\n<!-- \/ Yoast SEO plugin. -->","yoast_head_json":{"title":"SEO Agadir, Essaouira, Taroudant \u2013 YES TO THE NET","description":"Pour une strat\u00e9gie SEO Agadir, Essaouira, Taroudant efficace, Faites appel au service de votre agence de communication YES TO THE NET.","robots":{"index":"index","follow":"follow","max-snippet":"max-snippet:-1","max-image-preview":"max-image-preview:large","max-video-preview":"max-video-preview:-1"},"canonical":"https:\/\/yestothenet.com\/en\/seo-agadir-essaouira-taroudant\/","og_locale":"en_US","og_type":"article","og_title":"SEO Agadir, Essaouira, Taroudant \u2013 YES TO THE NET","og_description":"Pour une strat\u00e9gie SEO Agadir, Essaouira, Taroudant efficace, Faites appel au service de votre agence de communication YES TO THE NET.","og_url":"https:\/\/yestothenet.com\/en\/seo-agadir-essaouira-taroudant\/","og_site_name":"Yes To The Net","article_publisher":"https:\/\/www.instagram.com\/yestothenet\/","article_modified_time":"2023-12-20T15:40:47+00:00","og_image":[{"url":"https:\/\/yestothenet.com\/wp-content\/uploads\/2023\/10\/SEO-Agadir-Essaouira-Taroudant.png"}],"twitter_card":"summary_large_image","twitter_misc":{"Est. reading time":"3 minutes"},"schema":{"@context":"https:\/\/schema.org","@graph":[{"@type":"WebPage","@id":"https:\/\/yestothenet.com\/seo-agadir-essaouira-taroudant\/","url":"https:\/\/yestothenet.com\/seo-agadir-essaouira-taroudant\/","name":"SEO Agadir, Essaouira, Taroudant \u2013 YES TO THE NET","isPartOf":{"@id":"https:\/\/yestothenet.com\/#website"},"primaryImageOfPage":{"@id":"https:\/\/yestothenet.com\/seo-agadir-essaouira-taroudant\/#primaryimage"},"image":{"@id":"https:\/\/yestothenet.com\/seo-agadir-essaouira-taroudant\/#primaryimage"},"thumbnailUrl":"https:\/\/yestothenet.com\/wp-content\/uploads\/2023\/10\/SEO-Agadir-Essaouira-Taroudant.png","datePublished":"2023-10-05T11:15:34+00:00","dateModified":"2023-12-20T15:40:47+00:00","description":"Pour une strat\u00e9gie SEO Agadir, Essaouira, Taroudant efficace, Faites appel au service de votre agence de communication YES TO THE NET.","breadcrumb":{"@id":"https:\/\/yestothenet.com\/seo-agadir-essaouira-taroudant\/#breadcrumb"},"inLanguage":"en-US","potentialAction":[{"@type":"ReadAction","target":["https:\/\/yestothenet.com\/seo-agadir-essaouira-taroudant\/"]}]},{"@type":"ImageObject","inLanguage":"en-US","@id":"https:\/\/yestothenet.com\/seo-agadir-essaouira-taroudant\/#primaryimage","url":"https:\/\/yestothenet.com\/wp-content\/uploads\/2023\/10\/SEO-Agadir-Essaouira-Taroudant.png","contentUrl":"https:\/\/yestothenet.com\/wp-content\/uploads\/2023\/10\/SEO-Agadir-Essaouira-Taroudant.png"},{"@type":"BreadcrumbList","@id":"https:\/\/yestothenet.com\/seo-agadir-essaouira-taroudant\/#breadcrumb","itemListElement":[{"@type":"ListItem","position":1,"name":"Accueil","item":"https:\/\/yestothenet.com\/"},{"@type":"ListItem","position":2,"name":"&#8230; SEO Agadir, Essaouira, Taroudant"}]},{"@type":"WebSite","@id":"https:\/\/yestothenet.com\/#website","url":"https:\/\/yestothenet.com\/","name":"YES TO THE NET","description":"Votre agence de communication \u00e0 Marrakech","publisher":{"@id":"https:\/\/yestothenet.com\/#organization"},"potentialAction":[{"@type":"SearchAction","target":{"@type":"EntryPoint","urlTemplate":"https:\/\/yestothenet.com\/?s={search_term_string}"},"query-input":{"@type":"PropertyValueSpecification","valueRequired":true,"valueName":"search_term_string"}}],"inLanguage":"en-US"},{"@type":"Organization","@id":"https:\/\/yestothenet.com\/#organization","name":"YES TO THE NET","url":"https:\/\/yestothenet.com\/","logo":{"@type":"ImageObject","inLanguage":"en-US","@id":"https:\/\/yestothenet.com\/#\/schema\/logo\/image\/","url":"https:\/\/yestothenet.com\/wp-content\/uploads\/2024\/02\/cropped-YES_THE_TO_NET-removebg-preview.png","contentUrl":"https:\/\/yestothenet.com\/wp-content\/uploads\/2024\/02\/cropped-YES_THE_TO_NET-removebg-preview.png","width":512,"height":512,"caption":"YES TO THE NET"},"image":{"@id":"https:\/\/yestothenet.com\/#\/schema\/logo\/image\/"},"sameAs":["https:\/\/www.instagram.com\/yestothenet\/"]}]}},"_links":{"self":[{"href":"https:\/\/yestothenet.com\/en\/wp-json\/wp\/v2\/pages\/5864","targetHints":{"allow":["GET"]}}],"collection":[{"href":"https:\/\/yestothenet.com\/en\/wp-json\/wp\/v2\/pages"}],"about":[{"href":"https:\/\/yestothenet.com\/en\/wp-json\/wp\/v2\/types\/page"}],"author":[{"embeddable":true,"href":"https:\/\/yestothenet.com\/en\/wp-json\/wp\/v2\/users\/1"}],"replies":[{"embeddable":true,"href":"https:\/\/yestothenet.com\/en\/wp-json\/wp\/v2\/comments?post=5864"}],"version-history":[{"count":8,"href":"https:\/\/yestothenet.com\/en\/wp-json\/wp\/v2\/pages\/5864\/revisions"}],"predecessor-version":[{"id":6791,"href":"https:\/\/yestothenet.com\/en\/wp-json\/wp\/v2\/pages\/5864\/revisions\/6791"}],"wp:attachment":[{"href":"https:\/\/yestothenet.com\/en\/wp-json\/wp\/v2\/media?parent=5864"}],"curies":[{"name":"wp","href":"https:\/\/api.w.org\/{rel}","templated":true}]}}