{"id":5814,"date":"2023-09-27T11:37:35","date_gmt":"2023-09-27T09:37:35","guid":{"rendered":"https:\/\/yestothenet.com\/?page_id=5814"},"modified":"2024-07-18T14:12:37","modified_gmt":"2024-07-18T12:12:37","slug":"agence-de-communication-rabat","status":"publish","type":"page","link":"https:\/\/yestothenet.com\/en\/rabat-communications-agency\/","title":{"rendered":"\u2026 Rabat communications agency"},"content":{"rendered":"<div data-elementor-type=\"wp-page\" data-elementor-id=\"5814\" class=\"elementor elementor-5814\" data-elementor-post-type=\"page\">\n\t\t\t\t\t\t<section class=\"elementor-section elementor-top-section elementor-element elementor-element-2db1430 elementor-section-content-middle ot-traditional elementor-section-boxed elementor-section-height-default elementor-section-height-default\" data-id=\"2db1430\" data-element_type=\"section\">\n\t\t\t\t\t\t<div class=\"elementor-container elementor-column-gap-default\">\n\t\t\t\t\t<div class=\"elementor-column elementor-col-100 elementor-top-column elementor-element elementor-element-9ca7f6d ot-flex-column-vertical\" data-id=\"9ca7f6d\" data-element_type=\"column\">\n\t\t\t<div class=\"elementor-widget-wrap elementor-element-populated\">\n\t\t\t\t\t\t<section class=\"elementor-section elementor-inner-section elementor-element elementor-element-ae21701 elementor-section-content-top elementor-section-full_width ot-traditional elementor-section-height-default elementor-section-height-default\" data-id=\"ae21701\" data-element_type=\"section\">\n\t\t\t\t\t\t<div class=\"elementor-container elementor-column-gap-extended\">\n\t\t\t\t\t<div class=\"elementor-column elementor-col-50 elementor-inner-column elementor-element elementor-element-78f9ac9 ot-flex-column-vertical\" data-id=\"78f9ac9\" data-element_type=\"column\">\n\t\t\t<div class=\"elementor-widget-wrap elementor-element-populated\">\n\t\t\t\t\t\t<div class=\"elementor-element elementor-element-84c5ff5 elementor-widget elementor-widget-image\" data-id=\"84c5ff5\" data-element_type=\"widget\" data-widget_type=\"image.default\">\n\t\t\t\t<div class=\"elementor-widget-container\">\n\t\t\t\t\t\t\t\t\t\t\t\t\t<img fetchpriority=\"high\" decoding=\"async\" width=\"500\" height=\"500\" src=\"https:\/\/yestothenet.com\/wp-content\/uploads\/2023\/09\/agence-de-communication-Rabat-Kenitra-3.webp\" class=\"attachment-large size-large wp-image-5821\" alt=\"Rabat communications agency\" srcset=\"https:\/\/yestothenet.com\/wp-content\/uploads\/2023\/09\/agence-de-communication-Rabat-Kenitra-3.webp 500w, https:\/\/yestothenet.com\/wp-content\/uploads\/2023\/09\/agence-de-communication-Rabat-Kenitra-3-300x300.webp 300w, https:\/\/yestothenet.com\/wp-content\/uploads\/2023\/09\/agence-de-communication-Rabat-Kenitra-3-150x150.webp 150w\" sizes=\"(max-width: 500px) 100vw, 500px\" \/>\t\t\t\t\t\t\t\t\t\t\t\t\t<\/div>\n\t\t\t\t<\/div>\n\t\t\t\t\t<\/div>\n\t\t<\/div>\n\t\t\t\t<div class=\"elementor-column elementor-col-50 elementor-inner-column elementor-element elementor-element-dce0f81 ot-flex-column-vertical\" data-id=\"dce0f81\" data-element_type=\"column\">\n\t\t\t<div class=\"elementor-widget-wrap elementor-element-populated\">\n\t\t\t\t\t\t<div class=\"elementor-element elementor-element-ea79d5e elementor-widget elementor-widget-iheading\" data-id=\"ea79d5e\" data-element_type=\"widget\" data-widget_type=\"iheading.default\">\n\t\t\t\t<div class=\"elementor-widget-container\">\n\t\t\t\t\t<div class=\"ot-heading\">\r\n\t        <h1 class=\"main-heading\">\nYES TO THE NET \u2013 Communication agency Rabat<\/h1>\t    <\/div>\r\n\t    \t\t<\/div>\n\t\t\t\t<\/div>\n\t\t\t\t<div class=\"elementor-element elementor-element-734d7ce elementor-widget elementor-widget-text-editor\" data-id=\"734d7ce\" data-element_type=\"widget\" data-widget_type=\"text-editor.default\">\n\t\t\t\t<div class=\"elementor-widget-container\">\n\t\t\t\t\t\t\t<p>Looking to maximize your online visibility? Our <strong>agency of <\/strong><strong>Rabat communication<\/strong>\u00a0YES TO THE NET is your SEO and SEA expert. We use advanced strategies to optimize your website so it ranks higher in search engine results, attracting quality organic traffic.<\/p><p>Our team of web development experts has the expertise and experience to create custom websites that reflect your business identity and optimize the user experience. Whether it&#039;s a stylish showcase site, a robust online store, or a complex portal, our <a href=\"https:\/\/yestothenet.com\/en\"><span style=\"color: #33cccc;\"><strong>agency of <\/strong><\/span><\/a><strong><a href=\"https:\/\/yestothenet.com\/en\"><span style=\"color: #33cccc;\">communication<\/span><\/a> Rabat<\/strong>\u00a0is able to meet your expectations.<\/p><p>Whether you run a small, growing local business or a large international corporation operating on the global stage, our <strong>agency of <\/strong><strong>Rabat communication<\/strong>\u00a0is ready to offer you tailor-made solutions to meet all your online presence and technology needs. Do not hesitate to contact us at <a href=\"tel:06 61 26 30 34\"><strong><span style=\"color: #33cccc;\">06 61 26 30 34<\/span><\/strong><\/a>.<\/p>\t\t\t\t\t\t<\/div>\n\t\t\t\t<\/div>\n\t\t\t\t\t<\/div>\n\t\t<\/div>\n\t\t\t\t\t<\/div>\n\t\t<\/section>\n\t\t\t\t\t<\/div>\n\t\t<\/div>\n\t\t\t\t\t<\/div>\n\t\t<\/section>\n\t\t\t\t<section class=\"elementor-section elementor-top-section elementor-element elementor-element-30c462d ot-traditional elementor-section-boxed elementor-section-height-default elementor-section-height-default\" data-id=\"30c462d\" data-element_type=\"section\">\n\t\t\t\t\t\t<div class=\"elementor-container elementor-column-gap-default\">\n\t\t\t\t\t<div class=\"elementor-column elementor-col-100 elementor-top-column elementor-element elementor-element-c788162 ot-flex-column-vertical\" data-id=\"c788162\" data-element_type=\"column\">\n\t\t\t<div class=\"elementor-widget-wrap elementor-element-populated\">\n\t\t\t\t\t\t<section class=\"elementor-section elementor-inner-section elementor-element elementor-element-ab020ed elementor-section-full_width elementor-section-content-bottom ot-traditional elementor-section-height-default elementor-section-height-default\" data-id=\"ab020ed\" data-element_type=\"section\" data-settings=\"{&quot;background_background&quot;:&quot;classic&quot;}\">\n\t\t\t\t\t\t\t<div class=\"elementor-background-overlay\"><\/div>\n\t\t\t\t\t\t\t<div class=\"elementor-container elementor-column-gap-extended\">\n\t\t\t\t\t<div class=\"elementor-column elementor-col-50 elementor-inner-column elementor-element elementor-element-ffaaf2a ot-flex-column-vertical\" data-id=\"ffaaf2a\" data-element_type=\"column\">\n\t\t\t<div class=\"elementor-widget-wrap elementor-element-populated\">\n\t\t\t\t\t\t<div class=\"elementor-element elementor-element-5ff7ce1 elementor-widget elementor-widget-iheading\" data-id=\"5ff7ce1\" data-element_type=\"widget\" data-widget_type=\"iheading.default\">\n\t\t\t\t<div class=\"elementor-widget-container\">\n\t\t\t\t\t<div class=\"ot-heading\">\r\n\t        \t            <span>\/\/ At Yes To The Net,<\/span>\r\n\t        <h2 class=\"main-heading\">your digital success is our priority.<\/h2>\t    <\/div>\r\n\t    \t\t<\/div>\n\t\t\t\t<\/div>\n\t\t\t\t\t<\/div>\n\t\t<\/div>\n\t\t\t\t<div class=\"elementor-column elementor-col-50 elementor-inner-column elementor-element elementor-element-3fd82f3 ot-flex-column-vertical\" data-id=\"3fd82f3\" data-element_type=\"column\">\n\t\t\t<div class=\"elementor-widget-wrap elementor-element-populated\">\n\t\t\t\t\t\t<div class=\"elementor-element elementor-element-e146430 elementor-align-right elementor-mobile-align-left elementor-widget elementor-widget-button\" data-id=\"e146430\" data-element_type=\"widget\" data-widget_type=\"button.default\">\n\t\t\t\t<div class=\"elementor-widget-container\">\n\t\t\t\t\t<div class=\"elementor-button-wrapper\">\n\t\t\t<a class=\"elementor-button elementor-button-link elementor-size-md\" href=\"https:\/\/yestothenet.com\/en\/contact\/\">\n\t\t\t\t\t\t<span class=\"elementor-button-content-wrapper\">\n\t\t\t\t\t\t\t\t\t<span class=\"elementor-button-text\">Contact us<\/span>\n\t\t\t\t\t<\/span>\n\t\t\t\t\t<\/a>\n\t\t<\/div>\n\t\t\t\t<\/div>\n\t\t\t\t<\/div>\n\t\t\t\t\t<\/div>\n\t\t<\/div>\n\t\t\t\t\t<\/div>\n\t\t<\/section>\n\t\t\t\t\t<\/div>\n\t\t<\/div>\n\t\t\t\t\t<\/div>\n\t\t<\/section>\n\t\t\t\t<section class=\"elementor-section elementor-top-section elementor-element elementor-element-81a82a5 ot-traditional elementor-section-boxed elementor-section-height-default elementor-section-height-default\" data-id=\"81a82a5\" data-element_type=\"section\" data-settings=\"{&quot;background_background&quot;:&quot;classic&quot;}\">\n\t\t\t\t\t\t\t<div class=\"elementor-background-overlay\"><\/div>\n\t\t\t\t\t\t\t<div class=\"elementor-container elementor-column-gap-extended\">\n\t\t\t\t\t<div class=\"elementor-column elementor-col-50 elementor-top-column elementor-element elementor-element-18b89c0 ot-flex-column-vertical\" data-id=\"18b89c0\" data-element_type=\"column\">\n\t\t\t<div class=\"elementor-widget-wrap elementor-element-populated\">\n\t\t\t\t\t\t<div class=\"elementor-element elementor-element-45e921b elementor-widget elementor-widget-iheading\" data-id=\"45e921b\" data-element_type=\"widget\" data-widget_type=\"iheading.default\">\n\t\t\t\t<div class=\"elementor-widget-container\">\n\t\t\t\t\t<div class=\"ot-heading\">\r\n\t        <h2 class=\"main-heading\">Call on the expertise of our Rabat communications agency in graphics and IT outsourcing<\/h2>\t    <\/div>\r\n\t    \t\t<\/div>\n\t\t\t\t<\/div>\n\t\t\t\t<section class=\"elementor-section elementor-inner-section elementor-element elementor-element-dd648d0 elementor-section-full_width ot-traditional elementor-section-height-default elementor-section-height-default\" data-id=\"dd648d0\" data-element_type=\"section\">\n\t\t\t\t\t\t<div class=\"elementor-container elementor-column-gap-default\">\n\t\t\t\t\t<div class=\"elementor-column elementor-col-100 elementor-inner-column elementor-element elementor-element-9c59460 ot-flex-column-vertical\" data-id=\"9c59460\" data-element_type=\"column\">\n\t\t\t<div class=\"elementor-widget-wrap elementor-element-populated\">\n\t\t\t\t\t\t<div class=\"elementor-element elementor-element-9a4497b elementor-widget elementor-widget-text-editor\" data-id=\"9a4497b\" data-element_type=\"widget\" data-widget_type=\"text-editor.default\">\n\t\t\t\t<div class=\"elementor-widget-container\">\n\t\t\t\t\t\t\t<p>Our team of highly skilled graphic designers is ready to bring your visual identity to life, whether through the creation of impactful logos, aesthetically pleasing website design, or creative marketing materials.<\/p><p>We place great importance on the harmony between aesthetics and functionality, creating unforgettable visuals.<\/p><p>As a trusted partner, we also offer IT outsourcing services to efficiently manage your technology needs. Whether it&#039;s server management, IT maintenance, or technical support, we have the resources and expertise to provide you with top-notch support.<\/p>\t\t\t\t\t\t<\/div>\n\t\t\t\t<\/div>\n\t\t\t\t\t<\/div>\n\t\t<\/div>\n\t\t\t\t\t<\/div>\n\t\t<\/section>\n\t\t\t\t\t<\/div>\n\t\t<\/div>\n\t\t\t\t<div class=\"elementor-column elementor-col-50 elementor-top-column elementor-element elementor-element-8a09494 ot-flex-column-vertical\" data-id=\"8a09494\" data-element_type=\"column\">\n\t\t\t<div class=\"elementor-widget-wrap elementor-element-populated\">\n\t\t\t\t\t\t<div class=\"elementor-element elementor-element-69d94ca elementor-widget elementor-widget-image\" data-id=\"69d94ca\" data-element_type=\"widget\" data-widget_type=\"image.default\">\n\t\t\t\t<div class=\"elementor-widget-container\">\n\t\t\t\t\t\t\t\t\t\t\t\t\t<img decoding=\"async\" width=\"531\" height=\"359\" src=\"https:\/\/yestothenet.com\/wp-content\/uploads\/2023\/09\/agence-de-communication-Rabat-Kenitra-.jpg\" class=\"attachment-medium_large size-medium_large wp-image-5822\" alt=\"Rabat communications agency\" srcset=\"https:\/\/yestothenet.com\/wp-content\/uploads\/2023\/09\/agence-de-communication-Rabat-Kenitra-.jpg 531w, https:\/\/yestothenet.com\/wp-content\/uploads\/2023\/09\/agence-de-communication-Rabat-Kenitra--300x203.jpg 300w\" sizes=\"(max-width: 531px) 100vw, 531px\" \/>\t\t\t\t\t\t\t\t\t\t\t\t\t<\/div>\n\t\t\t\t<\/div>\n\t\t\t\t\t<\/div>\n\t\t<\/div>\n\t\t\t\t\t<\/div>\n\t\t<\/section>\n\t\t\t\t<section class=\"elementor-section elementor-top-section elementor-element elementor-element-601417f ot-traditional elementor-section-boxed elementor-section-height-default elementor-section-height-default\" data-id=\"601417f\" data-element_type=\"section\" data-settings=\"{&quot;background_background&quot;:&quot;classic&quot;}\">\n\t\t\t\t\t\t\t<div class=\"elementor-background-overlay\"><\/div>\n\t\t\t\t\t\t\t<div class=\"elementor-container elementor-column-gap-extended\">\n\t\t\t\t\t<div class=\"elementor-column elementor-col-50 elementor-top-column elementor-element elementor-element-61788ec ot-flex-column-vertical\" data-id=\"61788ec\" data-element_type=\"column\">\n\t\t\t<div class=\"elementor-widget-wrap elementor-element-populated\">\n\t\t\t\t\t\t<div class=\"elementor-element elementor-element-6a6f52b elementor-hidden-tablet elementor-hidden-mobile elementor-widget elementor-widget-image\" data-id=\"6a6f52b\" data-element_type=\"widget\" data-widget_type=\"image.default\">\n\t\t\t\t<div class=\"elementor-widget-container\">\n\t\t\t\t\t\t\t\t\t\t\t\t\t<img decoding=\"async\" width=\"768\" height=\"480\" src=\"https:\/\/yestothenet.com\/wp-content\/uploads\/2023\/09\/agence-de-communication-Rabat-Kenitra-768x480.webp\" class=\"attachment-medium_large size-medium_large wp-image-5818\" alt=\"Rabat communications agency\" srcset=\"https:\/\/yestothenet.com\/wp-content\/uploads\/2023\/09\/agence-de-communication-Rabat-Kenitra-768x480.webp 768w, https:\/\/yestothenet.com\/wp-content\/uploads\/2023\/09\/agence-de-communication-Rabat-Kenitra-300x188.webp 300w, https:\/\/yestothenet.com\/wp-content\/uploads\/2023\/09\/agence-de-communication-Rabat-Kenitra-720x450.webp 720w, https:\/\/yestothenet.com\/wp-content\/uploads\/2023\/09\/agence-de-communication-Rabat-Kenitra-600x375.webp 600w, https:\/\/yestothenet.com\/wp-content\/uploads\/2023\/09\/agence-de-communication-Rabat-Kenitra.webp 900w\" sizes=\"(max-width: 768px) 100vw, 768px\" \/>\t\t\t\t\t\t\t\t\t\t\t\t\t<\/div>\n\t\t\t\t<\/div>\n\t\t\t\t\t<\/div>\n\t\t<\/div>\n\t\t\t\t<div class=\"elementor-column elementor-col-50 elementor-top-column elementor-element elementor-element-898441f ot-flex-column-vertical\" data-id=\"898441f\" data-element_type=\"column\">\n\t\t\t<div class=\"elementor-widget-wrap elementor-element-populated\">\n\t\t\t\t\t\t<div class=\"elementor-element elementor-element-fad8ec2 elementor-widget elementor-widget-iheading\" data-id=\"fad8ec2\" data-element_type=\"widget\" data-widget_type=\"iheading.default\">\n\t\t\t\t<div class=\"elementor-widget-container\">\n\t\t\t\t\t<div class=\"ot-heading\">\r\n\t        <h2 class=\"main-heading\">The YES TO THE NET agency is at your service <\/h2>\t    <\/div>\r\n\t    \t\t<\/div>\n\t\t\t\t<\/div>\n\t\t\t\t<section class=\"elementor-section elementor-inner-section elementor-element elementor-element-7e75861 elementor-section-full_width ot-traditional elementor-section-height-default elementor-section-height-default\" data-id=\"7e75861\" data-element_type=\"section\">\n\t\t\t\t\t\t<div class=\"elementor-container elementor-column-gap-default\">\n\t\t\t\t\t<div class=\"elementor-column elementor-col-100 elementor-inner-column elementor-element elementor-element-2af7595 ot-flex-column-vertical\" data-id=\"2af7595\" data-element_type=\"column\">\n\t\t\t<div class=\"elementor-widget-wrap elementor-element-populated\">\n\t\t\t\t\t\t<div class=\"elementor-element elementor-element-5eef7e1 elementor-widget elementor-widget-text-editor\" data-id=\"5eef7e1\" data-element_type=\"widget\" data-widget_type=\"text-editor.default\">\n\t\t\t\t<div class=\"elementor-widget-container\">\n\t\t\t\t\t\t\t<p>At Yes to the Net, we understand that every business is unique. That&#039;s why we tailor our services to meet your specific needs, regardless of your company&#039;s size, industry, or specific goals.<\/p><p>Our unwavering commitment is to help you succeed in the ever-changing digital environment by providing superior solutions and ensuring an optimal online presence.<\/p>\t\t\t\t\t\t<\/div>\n\t\t\t\t<\/div>\n\t\t\t\t\t<\/div>\n\t\t<\/div>\n\t\t\t\t\t<\/div>\n\t\t<\/section>\n\t\t\t\t\t<\/div>\n\t\t<\/div>\n\t\t\t\t\t<\/div>\n\t\t<\/section>\n\t\t\t\t<\/div>","protected":false},"excerpt":{"rendered":"<p>YES TO THE NET \u2013 Agence de communication Rabat Vous cherchez \u00e0 maximisez votre visibilit\u00e9 en ligne\u00a0? Notre agence de communication Rabat\u00a0YES TO THE NET, est votre expert en SEO et en SEA. Nous utilisons des strat\u00e9gies avanc\u00e9es pour optimiser votre site Web afin qu&rsquo;il se classe plus haut dans les r\u00e9sultats des moteurs de [&hellip;]<\/p>","protected":false},"author":1,"featured_media":0,"parent":0,"menu_order":0,"comment_status":"closed","ping_status":"closed","template":"","meta":{"footnotes":""},"class_list":["post-5814","page","type-page","status-publish","hentry"],"yoast_head":"<!-- This site is optimized with the Yoast SEO plugin v23.6 - https:\/\/yoast.com\/wordpress\/plugins\/seo\/ -->\n<title>Agence de communication Rabat \u2013 YES TO THE NET<\/title>\n<meta name=\"description\" content=\"Vous \u00eates \u00e0 la recherche d\u2019une agence de communication Rabat ? Faites appel \u00e0 votre agence YES TO THE NET.\" \/>\n<meta name=\"robots\" content=\"index, follow, max-snippet:-1, max-image-preview:large, max-video-preview:-1\" \/>\n<link rel=\"canonical\" href=\"https:\/\/yestothenet.com\/en\/rabat-communications-agency\/\" \/>\n<meta property=\"og:locale\" content=\"en_US\" \/>\n<meta property=\"og:type\" content=\"article\" \/>\n<meta property=\"og:title\" content=\"Agence de communication Rabat \u2013 YES TO THE NET\" \/>\n<meta property=\"og:description\" content=\"Vous \u00eates \u00e0 la recherche d\u2019une agence de communication Rabat ? Faites appel \u00e0 votre agence YES TO THE NET.\" \/>\n<meta property=\"og:url\" content=\"https:\/\/yestothenet.com\/en\/rabat-communications-agency\/\" \/>\n<meta property=\"og:site_name\" content=\"Yes To The Net\" \/>\n<meta property=\"article:publisher\" content=\"https:\/\/www.instagram.com\/yestothenet\/\" \/>\n<meta property=\"article:modified_time\" content=\"2024-07-18T12:12:37+00:00\" \/>\n<meta property=\"og:image\" content=\"https:\/\/yestothenet.com\/wp-content\/uploads\/2023\/09\/agence-de-communication-Rabat-Kenitra-3.webp\" \/>\n<meta name=\"twitter:card\" content=\"summary_large_image\" \/>\n<meta name=\"twitter:label1\" content=\"Est. reading time\" \/>\n\t<meta name=\"twitter:data1\" content=\"3 minutes\" \/>\n<script type=\"application\/ld+json\" class=\"yoast-schema-graph\">{\"@context\":\"https:\/\/schema.org\",\"@graph\":[{\"@type\":\"WebPage\",\"@id\":\"https:\/\/yestothenet.com\/agence-de-communication-rabat\/\",\"url\":\"https:\/\/yestothenet.com\/agence-de-communication-rabat\/\",\"name\":\"Agence de communication Rabat \u2013 YES TO THE NET\",\"isPartOf\":{\"@id\":\"https:\/\/yestothenet.com\/#website\"},\"primaryImageOfPage\":{\"@id\":\"https:\/\/yestothenet.com\/agence-de-communication-rabat\/#primaryimage\"},\"image\":{\"@id\":\"https:\/\/yestothenet.com\/agence-de-communication-rabat\/#primaryimage\"},\"thumbnailUrl\":\"https:\/\/yestothenet.com\/wp-content\/uploads\/2023\/09\/agence-de-communication-Rabat-Kenitra-3.webp\",\"datePublished\":\"2023-09-27T09:37:35+00:00\",\"dateModified\":\"2024-07-18T12:12:37+00:00\",\"description\":\"Vous \u00eates \u00e0 la recherche d\u2019une agence de communication Rabat ? Faites appel \u00e0 votre agence YES TO THE NET.\",\"breadcrumb\":{\"@id\":\"https:\/\/yestothenet.com\/agence-de-communication-rabat\/#breadcrumb\"},\"inLanguage\":\"en-US\",\"potentialAction\":[{\"@type\":\"ReadAction\",\"target\":[\"https:\/\/yestothenet.com\/agence-de-communication-rabat\/\"]}]},{\"@type\":\"ImageObject\",\"inLanguage\":\"en-US\",\"@id\":\"https:\/\/yestothenet.com\/agence-de-communication-rabat\/#primaryimage\",\"url\":\"https:\/\/yestothenet.com\/wp-content\/uploads\/2023\/09\/agence-de-communication-Rabat-Kenitra-3.webp\",\"contentUrl\":\"https:\/\/yestothenet.com\/wp-content\/uploads\/2023\/09\/agence-de-communication-Rabat-Kenitra-3.webp\"},{\"@type\":\"BreadcrumbList\",\"@id\":\"https:\/\/yestothenet.com\/agence-de-communication-rabat\/#breadcrumb\",\"itemListElement\":[{\"@type\":\"ListItem\",\"position\":1,\"name\":\"Accueil\",\"item\":\"https:\/\/yestothenet.com\/\"},{\"@type\":\"ListItem\",\"position\":2,\"name\":\"&#8230; Agence de communication Rabat\"}]},{\"@type\":\"WebSite\",\"@id\":\"https:\/\/yestothenet.com\/#website\",\"url\":\"https:\/\/yestothenet.com\/\",\"name\":\"YES TO THE NET\",\"description\":\"Votre agence de communication \u00e0 Marrakech\",\"publisher\":{\"@id\":\"https:\/\/yestothenet.com\/#organization\"},\"potentialAction\":[{\"@type\":\"SearchAction\",\"target\":{\"@type\":\"EntryPoint\",\"urlTemplate\":\"https:\/\/yestothenet.com\/?s={search_term_string}\"},\"query-input\":{\"@type\":\"PropertyValueSpecification\",\"valueRequired\":true,\"valueName\":\"search_term_string\"}}],\"inLanguage\":\"en-US\"},{\"@type\":\"Organization\",\"@id\":\"https:\/\/yestothenet.com\/#organization\",\"name\":\"YES TO THE NET\",\"url\":\"https:\/\/yestothenet.com\/\",\"logo\":{\"@type\":\"ImageObject\",\"inLanguage\":\"en-US\",\"@id\":\"https:\/\/yestothenet.com\/#\/schema\/logo\/image\/\",\"url\":\"https:\/\/yestothenet.com\/wp-content\/uploads\/2024\/02\/cropped-YES_THE_TO_NET-removebg-preview.png\",\"contentUrl\":\"https:\/\/yestothenet.com\/wp-content\/uploads\/2024\/02\/cropped-YES_THE_TO_NET-removebg-preview.png\",\"width\":512,\"height\":512,\"caption\":\"YES TO THE NET\"},\"image\":{\"@id\":\"https:\/\/yestothenet.com\/#\/schema\/logo\/image\/\"},\"sameAs\":[\"https:\/\/www.instagram.com\/yestothenet\/\"]}]}<\/script>\n<!-- \/ Yoast SEO plugin. -->","yoast_head_json":{"title":"Agence de communication Rabat \u2013 YES TO THE NET","description":"Vous \u00eates \u00e0 la recherche d\u2019une agence de communication Rabat ? Faites appel \u00e0 votre agence YES TO THE NET.","robots":{"index":"index","follow":"follow","max-snippet":"max-snippet:-1","max-image-preview":"max-image-preview:large","max-video-preview":"max-video-preview:-1"},"canonical":"https:\/\/yestothenet.com\/en\/rabat-communications-agency\/","og_locale":"en_US","og_type":"article","og_title":"Agence de communication Rabat \u2013 YES TO THE NET","og_description":"Vous \u00eates \u00e0 la recherche d\u2019une agence de communication Rabat ? Faites appel \u00e0 votre agence YES TO THE NET.","og_url":"https:\/\/yestothenet.com\/en\/rabat-communications-agency\/","og_site_name":"Yes To The Net","article_publisher":"https:\/\/www.instagram.com\/yestothenet\/","article_modified_time":"2024-07-18T12:12:37+00:00","og_image":[{"url":"https:\/\/yestothenet.com\/wp-content\/uploads\/2023\/09\/agence-de-communication-Rabat-Kenitra-3.webp"}],"twitter_card":"summary_large_image","twitter_misc":{"Est. reading time":"3 minutes"},"schema":{"@context":"https:\/\/schema.org","@graph":[{"@type":"WebPage","@id":"https:\/\/yestothenet.com\/agence-de-communication-rabat\/","url":"https:\/\/yestothenet.com\/agence-de-communication-rabat\/","name":"Agence de communication Rabat \u2013 YES TO THE NET","isPartOf":{"@id":"https:\/\/yestothenet.com\/#website"},"primaryImageOfPage":{"@id":"https:\/\/yestothenet.com\/agence-de-communication-rabat\/#primaryimage"},"image":{"@id":"https:\/\/yestothenet.com\/agence-de-communication-rabat\/#primaryimage"},"thumbnailUrl":"https:\/\/yestothenet.com\/wp-content\/uploads\/2023\/09\/agence-de-communication-Rabat-Kenitra-3.webp","datePublished":"2023-09-27T09:37:35+00:00","dateModified":"2024-07-18T12:12:37+00:00","description":"Vous \u00eates \u00e0 la recherche d\u2019une agence de communication Rabat ? Faites appel \u00e0 votre agence YES TO THE NET.","breadcrumb":{"@id":"https:\/\/yestothenet.com\/agence-de-communication-rabat\/#breadcrumb"},"inLanguage":"en-US","potentialAction":[{"@type":"ReadAction","target":["https:\/\/yestothenet.com\/agence-de-communication-rabat\/"]}]},{"@type":"ImageObject","inLanguage":"en-US","@id":"https:\/\/yestothenet.com\/agence-de-communication-rabat\/#primaryimage","url":"https:\/\/yestothenet.com\/wp-content\/uploads\/2023\/09\/agence-de-communication-Rabat-Kenitra-3.webp","contentUrl":"https:\/\/yestothenet.com\/wp-content\/uploads\/2023\/09\/agence-de-communication-Rabat-Kenitra-3.webp"},{"@type":"BreadcrumbList","@id":"https:\/\/yestothenet.com\/agence-de-communication-rabat\/#breadcrumb","itemListElement":[{"@type":"ListItem","position":1,"name":"Accueil","item":"https:\/\/yestothenet.com\/"},{"@type":"ListItem","position":2,"name":"&#8230; Agence de communication Rabat"}]},{"@type":"WebSite","@id":"https:\/\/yestothenet.com\/#website","url":"https:\/\/yestothenet.com\/","name":"YES TO THE NET","description":"Votre agence de communication \u00e0 Marrakech","publisher":{"@id":"https:\/\/yestothenet.com\/#organization"},"potentialAction":[{"@type":"SearchAction","target":{"@type":"EntryPoint","urlTemplate":"https:\/\/yestothenet.com\/?s={search_term_string}"},"query-input":{"@type":"PropertyValueSpecification","valueRequired":true,"valueName":"search_term_string"}}],"inLanguage":"en-US"},{"@type":"Organization","@id":"https:\/\/yestothenet.com\/#organization","name":"YES TO THE NET","url":"https:\/\/yestothenet.com\/","logo":{"@type":"ImageObject","inLanguage":"en-US","@id":"https:\/\/yestothenet.com\/#\/schema\/logo\/image\/","url":"https:\/\/yestothenet.com\/wp-content\/uploads\/2024\/02\/cropped-YES_THE_TO_NET-removebg-preview.png","contentUrl":"https:\/\/yestothenet.com\/wp-content\/uploads\/2024\/02\/cropped-YES_THE_TO_NET-removebg-preview.png","width":512,"height":512,"caption":"YES TO THE NET"},"image":{"@id":"https:\/\/yestothenet.com\/#\/schema\/logo\/image\/"},"sameAs":["https:\/\/www.instagram.com\/yestothenet\/"]}]}},"_links":{"self":[{"href":"https:\/\/yestothenet.com\/en\/wp-json\/wp\/v2\/pages\/5814","targetHints":{"allow":["GET"]}}],"collection":[{"href":"https:\/\/yestothenet.com\/en\/wp-json\/wp\/v2\/pages"}],"about":[{"href":"https:\/\/yestothenet.com\/en\/wp-json\/wp\/v2\/types\/page"}],"author":[{"embeddable":true,"href":"https:\/\/yestothenet.com\/en\/wp-json\/wp\/v2\/users\/1"}],"replies":[{"embeddable":true,"href":"https:\/\/yestothenet.com\/en\/wp-json\/wp\/v2\/comments?post=5814"}],"version-history":[{"count":15,"href":"https:\/\/yestothenet.com\/en\/wp-json\/wp\/v2\/pages\/5814\/revisions"}],"predecessor-version":[{"id":8587,"href":"https:\/\/yestothenet.com\/en\/wp-json\/wp\/v2\/pages\/5814\/revisions\/8587"}],"wp:attachment":[{"href":"https:\/\/yestothenet.com\/en\/wp-json\/wp\/v2\/media?parent=5814"}],"curies":[{"name":"wp","href":"https:\/\/api.w.org\/{rel}","templated":true}]}}