{"id":5807,"date":"2023-09-27T13:28:16","date_gmt":"2023-09-27T11:28:16","guid":{"rendered":"https:\/\/yestothenet.com\/?page_id=5807"},"modified":"2024-07-18T13:39:17","modified_gmt":"2024-07-18T11:39:17","slug":"agence-de-communication-fes","status":"publish","type":"page","link":"https:\/\/yestothenet.com\/en\/fes-communications-agency\/","title":{"rendered":"\u2026 Fes communications agency"},"content":{"rendered":"<div data-elementor-type=\"wp-page\" data-elementor-id=\"5807\" class=\"elementor elementor-5807\" data-elementor-post-type=\"page\">\n\t\t\t\t\t\t<section class=\"elementor-section elementor-top-section elementor-element elementor-element-2db1430 elementor-section-content-middle ot-traditional elementor-section-boxed elementor-section-height-default elementor-section-height-default\" data-id=\"2db1430\" data-element_type=\"section\">\n\t\t\t\t\t\t<div class=\"elementor-container elementor-column-gap-default\">\n\t\t\t\t\t<div class=\"elementor-column elementor-col-100 elementor-top-column elementor-element elementor-element-9ca7f6d ot-flex-column-vertical\" data-id=\"9ca7f6d\" data-element_type=\"column\">\n\t\t\t<div class=\"elementor-widget-wrap elementor-element-populated\">\n\t\t\t\t\t\t<section class=\"elementor-section elementor-inner-section elementor-element elementor-element-ae21701 elementor-section-content-top elementor-section-full_width ot-traditional elementor-section-height-default elementor-section-height-default\" data-id=\"ae21701\" data-element_type=\"section\">\n\t\t\t\t\t\t<div class=\"elementor-container elementor-column-gap-extended\">\n\t\t\t\t\t<div class=\"elementor-column elementor-col-50 elementor-inner-column elementor-element elementor-element-78f9ac9 ot-flex-column-vertical\" data-id=\"78f9ac9\" data-element_type=\"column\">\n\t\t\t<div class=\"elementor-widget-wrap elementor-element-populated\">\n\t\t\t\t\t\t<div class=\"elementor-element elementor-element-25eb330 elementor-widget__width-initial elementor-widget elementor-widget-image\" data-id=\"25eb330\" data-element_type=\"widget\" data-widget_type=\"image.default\">\n\t\t\t\t<div class=\"elementor-widget-container\">\n\t\t\t\t\t\t\t\t\t\t\t\t\t<img fetchpriority=\"high\" decoding=\"async\" width=\"1000\" height=\"856\" src=\"https:\/\/yestothenet.com\/wp-content\/uploads\/2023\/09\/agence-de-communication-Fes-Meknes-Tanger-Tetouan-A.png\" class=\"attachment-large size-large wp-image-5830\" alt=\"communications agency Fes, Meknes, Tangier, Tetouan\" srcset=\"https:\/\/yestothenet.com\/wp-content\/uploads\/2023\/09\/agence-de-communication-Fes-Meknes-Tanger-Tetouan-A.png 1000w, https:\/\/yestothenet.com\/wp-content\/uploads\/2023\/09\/agence-de-communication-Fes-Meknes-Tanger-Tetouan-A-300x257.png 300w, https:\/\/yestothenet.com\/wp-content\/uploads\/2023\/09\/agence-de-communication-Fes-Meknes-Tanger-Tetouan-A-768x657.png 768w, https:\/\/yestothenet.com\/wp-content\/uploads\/2023\/09\/agence-de-communication-Fes-Meknes-Tanger-Tetouan-A-720x616.png 720w, https:\/\/yestothenet.com\/wp-content\/uploads\/2023\/09\/agence-de-communication-Fes-Meknes-Tanger-Tetouan-A-600x514.png 600w\" sizes=\"(max-width: 1000px) 100vw, 1000px\" \/>\t\t\t\t\t\t\t\t\t\t\t\t\t<\/div>\n\t\t\t\t<\/div>\n\t\t\t\t\t<\/div>\n\t\t<\/div>\n\t\t\t\t<div class=\"elementor-column elementor-col-50 elementor-inner-column elementor-element elementor-element-dce0f81 ot-flex-column-vertical\" data-id=\"dce0f81\" data-element_type=\"column\">\n\t\t\t<div class=\"elementor-widget-wrap elementor-element-populated\">\n\t\t\t\t\t\t<div class=\"elementor-element elementor-element-ea79d5e elementor-widget elementor-widget-iheading\" data-id=\"ea79d5e\" data-element_type=\"widget\" data-widget_type=\"iheading.default\">\n\t\t\t\t<div class=\"elementor-widget-container\">\n\t\t\t\t\t<div class=\"ot-heading\">\r\n\t        <h1 class=\"main-heading\">\nYES TO THE NET is your Fes communications agency<\/h1>\t    <\/div>\r\n\t    \t\t<\/div>\n\t\t\t\t<\/div>\n\t\t\t\t<div class=\"elementor-element elementor-element-734d7ce elementor-widget elementor-widget-text-editor\" data-id=\"734d7ce\" data-element_type=\"widget\" data-widget_type=\"text-editor.default\">\n\t\t\t\t<div class=\"elementor-widget-container\">\n\t\t\t\t\t\t\t<p>In a world saturated with information, advertising, and content, it&#039;s essential to stand out. More than just a message, your brand deserves a story that resonates, moves, and inspires action. At<strong>Fes communications agency <\/strong>At YES TO THE NET, we believe every brand has a unique and powerful story to tell. And that&#039;s where our expertise comes in.<\/p><p>What distinguishes <strong><span style=\"color: #33cccc;\"><a style=\"color: #33cccc;\" href=\"https:\/\/yestothenet.com\/en\">communications agency<\/a><\/span> Fes<\/strong>\u00a0It&#039;s not just our passion for communication, but our commitment to our clients. For us, your success is our success. We see ourselves as your partners, working hand in hand to achieve your goals.<\/p><p>What&#039;s more, with a culture of innovation, we always stay at the forefront of the latest communication trends. This means you benefit not only from proven best practices, but also from the most innovative approaches. Contact our <strong>Fes communications agency<\/strong>\u00a0At <span style=\"color: #33cccc;\"><a style=\"color: #33cccc;\" href=\"tel:06 61 26 30 34\"><strong>06 61 26 30 34<\/strong><\/a><\/span>.<\/p>\t\t\t\t\t\t<\/div>\n\t\t\t\t<\/div>\n\t\t\t\t\t<\/div>\n\t\t<\/div>\n\t\t\t\t\t<\/div>\n\t\t<\/section>\n\t\t\t\t\t<\/div>\n\t\t<\/div>\n\t\t\t\t\t<\/div>\n\t\t<\/section>\n\t\t\t\t<section class=\"elementor-section elementor-top-section elementor-element elementor-element-30c462d ot-traditional elementor-section-boxed elementor-section-height-default elementor-section-height-default\" data-id=\"30c462d\" data-element_type=\"section\">\n\t\t\t\t\t\t<div class=\"elementor-container elementor-column-gap-default\">\n\t\t\t\t\t<div class=\"elementor-column elementor-col-100 elementor-top-column elementor-element elementor-element-c788162 ot-flex-column-vertical\" data-id=\"c788162\" data-element_type=\"column\">\n\t\t\t<div class=\"elementor-widget-wrap elementor-element-populated\">\n\t\t\t\t\t\t<section class=\"elementor-section elementor-inner-section elementor-element elementor-element-ab020ed elementor-section-full_width elementor-section-content-bottom ot-traditional elementor-section-height-default elementor-section-height-default\" data-id=\"ab020ed\" data-element_type=\"section\" data-settings=\"{&quot;background_background&quot;:&quot;classic&quot;}\">\n\t\t\t\t\t\t\t<div class=\"elementor-background-overlay\"><\/div>\n\t\t\t\t\t\t\t<div class=\"elementor-container elementor-column-gap-extended\">\n\t\t\t\t\t<div class=\"elementor-column elementor-col-50 elementor-inner-column elementor-element elementor-element-ffaaf2a ot-flex-column-vertical\" data-id=\"ffaaf2a\" data-element_type=\"column\">\n\t\t\t<div class=\"elementor-widget-wrap elementor-element-populated\">\n\t\t\t\t\t\t<div class=\"elementor-element elementor-element-5ff7ce1 elementor-widget elementor-widget-iheading\" data-id=\"5ff7ce1\" data-element_type=\"widget\" data-widget_type=\"iheading.default\">\n\t\t\t\t<div class=\"elementor-widget-container\">\n\t\t\t\t\t<div class=\"ot-heading\">\r\n\t        \t            <span>\/\/ At Yes To The Net,<\/span>\r\n\t        <h2 class=\"main-heading\">your digital success is our priority.<\/h2>\t    <\/div>\r\n\t    \t\t<\/div>\n\t\t\t\t<\/div>\n\t\t\t\t\t<\/div>\n\t\t<\/div>\n\t\t\t\t<div class=\"elementor-column elementor-col-50 elementor-inner-column elementor-element elementor-element-3fd82f3 ot-flex-column-vertical\" data-id=\"3fd82f3\" data-element_type=\"column\">\n\t\t\t<div class=\"elementor-widget-wrap elementor-element-populated\">\n\t\t\t\t\t\t<div class=\"elementor-element elementor-element-e146430 elementor-align-right elementor-mobile-align-left elementor-widget elementor-widget-button\" data-id=\"e146430\" data-element_type=\"widget\" data-widget_type=\"button.default\">\n\t\t\t\t<div class=\"elementor-widget-container\">\n\t\t\t\t\t<div class=\"elementor-button-wrapper\">\n\t\t\t<a class=\"elementor-button elementor-button-link elementor-size-md\" href=\"https:\/\/yestothenet.com\/en\/contact\/\">\n\t\t\t\t\t\t<span class=\"elementor-button-content-wrapper\">\n\t\t\t\t\t\t\t\t\t<span class=\"elementor-button-text\">Contact us<\/span>\n\t\t\t\t\t<\/span>\n\t\t\t\t\t<\/a>\n\t\t<\/div>\n\t\t\t\t<\/div>\n\t\t\t\t<\/div>\n\t\t\t\t\t<\/div>\n\t\t<\/div>\n\t\t\t\t\t<\/div>\n\t\t<\/section>\n\t\t\t\t\t<\/div>\n\t\t<\/div>\n\t\t\t\t\t<\/div>\n\t\t<\/section>\n\t\t\t\t<section class=\"elementor-section elementor-top-section elementor-element elementor-element-81a82a5 ot-traditional elementor-section-boxed elementor-section-height-default elementor-section-height-default\" data-id=\"81a82a5\" data-element_type=\"section\" data-settings=\"{&quot;background_background&quot;:&quot;classic&quot;}\">\n\t\t\t\t\t\t\t<div class=\"elementor-background-overlay\"><\/div>\n\t\t\t\t\t\t\t<div class=\"elementor-container elementor-column-gap-extended\">\n\t\t\t\t\t<div class=\"elementor-column elementor-col-50 elementor-top-column elementor-element elementor-element-18b89c0 ot-flex-column-vertical\" data-id=\"18b89c0\" data-element_type=\"column\">\n\t\t\t<div class=\"elementor-widget-wrap elementor-element-populated\">\n\t\t\t\t\t\t<div class=\"elementor-element elementor-element-45e921b elementor-widget elementor-widget-iheading\" data-id=\"45e921b\" data-element_type=\"widget\" data-widget_type=\"iheading.default\">\n\t\t\t\t<div class=\"elementor-widget-container\">\n\t\t\t\t\t<div class=\"ot-heading\">\r\n\t        <h2 class=\"main-heading\">Benefit from our tailor-made services<\/h2>\t    <\/div>\r\n\t    \t\t<\/div>\n\t\t\t\t<\/div>\n\t\t\t\t<section class=\"elementor-section elementor-inner-section elementor-element elementor-element-dd648d0 elementor-section-full_width ot-traditional elementor-section-height-default elementor-section-height-default\" data-id=\"dd648d0\" data-element_type=\"section\">\n\t\t\t\t\t\t<div class=\"elementor-container elementor-column-gap-default\">\n\t\t\t\t\t<div class=\"elementor-column elementor-col-100 elementor-inner-column elementor-element elementor-element-9c59460 ot-flex-column-vertical\" data-id=\"9c59460\" data-element_type=\"column\">\n\t\t\t<div class=\"elementor-widget-wrap elementor-element-populated\">\n\t\t\t\t\t\t<div class=\"elementor-element elementor-element-9a4497b elementor-widget elementor-widget-text-editor\" data-id=\"9a4497b\" data-element_type=\"widget\" data-widget_type=\"text-editor.default\">\n\t\t\t\t<div class=\"elementor-widget-container\">\n\t\t\t\t\t\t\t<p>Every business is unique, which is why we offer a range of services tailored to each specific need.<\/p><p><strong>Branding and visual identity:<\/strong> Your brand is more than just a logo. It&#039;s a feeling, a promise, and a value. Our team will help you define or refine your visual identity so it perfectly reflects your vision and values.<\/p><p><strong>Digital strategy:<\/strong> In today&#039;s digital world, your online presence is crucial. Whether it&#039;s social media, SEO, email marketing, or online advertising, we develop a robust digital strategy to help you achieve your goals.<\/p><p><strong>Content production:<\/strong> Whether it&#039;s viral videos, engaging blog posts, or stunning visuals, we produce quality content that captivates and converts.<\/p><p><strong>Public Relations:<\/strong> We build and maintain strong relationships with media and influencers to ensure your brand is presented in its best light, always.<\/p>\t\t\t\t\t\t<\/div>\n\t\t\t\t<\/div>\n\t\t\t\t\t<\/div>\n\t\t<\/div>\n\t\t\t\t\t<\/div>\n\t\t<\/section>\n\t\t\t\t\t<\/div>\n\t\t<\/div>\n\t\t\t\t<div class=\"elementor-column elementor-col-50 elementor-top-column elementor-element elementor-element-8a09494 ot-flex-column-vertical\" data-id=\"8a09494\" data-element_type=\"column\">\n\t\t\t<div class=\"elementor-widget-wrap\">\n\t\t\t\t\t\t\t<\/div>\n\t\t<\/div>\n\t\t\t\t\t<\/div>\n\t\t<\/section>\n\t\t\t\t<section class=\"elementor-section elementor-top-section elementor-element elementor-element-601417f ot-traditional elementor-section-boxed elementor-section-height-default elementor-section-height-default\" data-id=\"601417f\" data-element_type=\"section\" data-settings=\"{&quot;background_background&quot;:&quot;classic&quot;}\">\n\t\t\t\t\t\t\t<div class=\"elementor-background-overlay\"><\/div>\n\t\t\t\t\t\t\t<div class=\"elementor-container elementor-column-gap-extended\">\n\t\t\t\t\t<div class=\"elementor-column elementor-col-50 elementor-top-column elementor-element elementor-element-61788ec ot-flex-column-vertical\" data-id=\"61788ec\" data-element_type=\"column\">\n\t\t\t<div class=\"elementor-widget-wrap elementor-element-populated\">\n\t\t\t\t\t\t<div class=\"elementor-element elementor-element-6a6f52b elementor-hidden-tablet elementor-hidden-mobile elementor-widget elementor-widget-image\" data-id=\"6a6f52b\" data-element_type=\"widget\" data-widget_type=\"image.default\">\n\t\t\t\t<div class=\"elementor-widget-container\">\n\t\t\t\t\t\t\t\t\t\t\t\t\t<img decoding=\"async\" width=\"700\" height=\"363\" src=\"https:\/\/yestothenet.com\/wp-content\/uploads\/2023\/09\/agence-de-communication-Fes-Meknes-Tanger-Tetouan.jpg\" class=\"attachment-medium_large size-medium_large wp-image-5831\" alt=\"communication agency Fes, Meknes, Tangier, Tetouan A\" srcset=\"https:\/\/yestothenet.com\/wp-content\/uploads\/2023\/09\/agence-de-communication-Fes-Meknes-Tanger-Tetouan.jpg 700w, https:\/\/yestothenet.com\/wp-content\/uploads\/2023\/09\/agence-de-communication-Fes-Meknes-Tanger-Tetouan-300x156.jpg 300w, https:\/\/yestothenet.com\/wp-content\/uploads\/2023\/09\/agence-de-communication-Fes-Meknes-Tanger-Tetouan-600x311.jpg 600w\" sizes=\"(max-width: 700px) 100vw, 700px\" \/>\t\t\t\t\t\t\t\t\t\t\t\t\t<\/div>\n\t\t\t\t<\/div>\n\t\t\t\t\t<\/div>\n\t\t<\/div>\n\t\t\t\t<div class=\"elementor-column elementor-col-50 elementor-top-column elementor-element elementor-element-898441f ot-flex-column-vertical\" data-id=\"898441f\" data-element_type=\"column\">\n\t\t\t<div class=\"elementor-widget-wrap elementor-element-populated\">\n\t\t\t\t\t\t<div class=\"elementor-element elementor-element-fad8ec2 elementor-widget elementor-widget-iheading\" data-id=\"fad8ec2\" data-element_type=\"widget\" data-widget_type=\"iheading.default\">\n\t\t\t\t<div class=\"elementor-widget-container\">\n\t\t\t\t\t<div class=\"ot-heading\">\r\n\t        <h2 class=\"main-heading\">Make your brand shine with our Fes communications agency<\/h2>\t    <\/div>\r\n\t    \t\t<\/div>\n\t\t\t\t<\/div>\n\t\t\t\t<section class=\"elementor-section elementor-inner-section elementor-element elementor-element-7e75861 elementor-section-full_width ot-traditional elementor-section-height-default elementor-section-height-default\" data-id=\"7e75861\" data-element_type=\"section\">\n\t\t\t\t\t\t<div class=\"elementor-container elementor-column-gap-default\">\n\t\t\t\t\t<div class=\"elementor-column elementor-col-100 elementor-inner-column elementor-element elementor-element-2af7595 ot-flex-column-vertical\" data-id=\"2af7595\" data-element_type=\"column\">\n\t\t\t<div class=\"elementor-widget-wrap elementor-element-populated\">\n\t\t\t\t\t\t<div class=\"elementor-element elementor-element-5eef7e1 elementor-widget elementor-widget-text-editor\" data-id=\"5eef7e1\" data-element_type=\"widget\" data-widget_type=\"text-editor.default\">\n\t\t\t\t<div class=\"elementor-widget-container\">\n\t\t\t\t\t\t\t<p>In a noisy world, we help you be heard. With [Agency Name], your brand won&#039;t just be visible, it&#039;ll be memorable. Take the first step towards successful communication. Contact us today to discuss how we can help your business shine.<\/p><p>Your story deserves to be told. And we&#039;re here to help you tell it in the most impactful way possible. Join us and see the difference authentic and strategic communication can make for your brand.<\/p>\t\t\t\t\t\t<\/div>\n\t\t\t\t<\/div>\n\t\t\t\t\t<\/div>\n\t\t<\/div>\n\t\t\t\t\t<\/div>\n\t\t<\/section>\n\t\t\t\t\t<\/div>\n\t\t<\/div>\n\t\t\t\t\t<\/div>\n\t\t<\/section>\n\t\t\t\t<\/div>","protected":false},"excerpt":{"rendered":"<p>YES TO THE NET est votre agence de communication Fes Dans un monde satur\u00e9 d&rsquo;informations, de publicit\u00e9s et de contenus, il est essentiel de se d\u00e9marquer. Plus qu&rsquo;un simple message, votre marque m\u00e9rite une histoire qui r\u00e9sonne, qui \u00e9meut et qui incite \u00e0 l&rsquo;action. Chez l\u2019agence de communication Fes YES TO THE NET, nous sommes [&hellip;]<\/p>","protected":false},"author":1,"featured_media":0,"parent":0,"menu_order":0,"comment_status":"closed","ping_status":"closed","template":"","meta":{"footnotes":""},"class_list":["post-5807","page","type-page","status-publish","hentry"],"yoast_head":"<!-- This site is optimized with the Yoast SEO plugin v23.6 - https:\/\/yoast.com\/wordpress\/plugins\/seo\/ -->\n<title>Agence de communication Fes - YES TO THE NET<\/title>\n<meta name=\"description\" content=\"D\u00e9couvrez YES TO THE NET, l\u2019agence de communication Fes d\u00e9di\u00e9 \u00e0 transformer votre marque en une histoire captivante.\" \/>\n<meta name=\"robots\" content=\"index, follow, max-snippet:-1, max-image-preview:large, max-video-preview:-1\" \/>\n<link rel=\"canonical\" href=\"https:\/\/yestothenet.com\/en\/fes-communications-agency\/\" \/>\n<meta property=\"og:locale\" content=\"en_US\" \/>\n<meta property=\"og:type\" content=\"article\" \/>\n<meta property=\"og:title\" content=\"Agence de communication Fes - YES TO THE NET\" \/>\n<meta property=\"og:description\" content=\"D\u00e9couvrez YES TO THE NET, l\u2019agence de communication Fes d\u00e9di\u00e9 \u00e0 transformer votre marque en une histoire captivante.\" \/>\n<meta property=\"og:url\" content=\"https:\/\/yestothenet.com\/en\/fes-communications-agency\/\" \/>\n<meta property=\"og:site_name\" content=\"Yes To The Net\" \/>\n<meta property=\"article:publisher\" content=\"https:\/\/www.instagram.com\/yestothenet\/\" \/>\n<meta property=\"article:modified_time\" content=\"2024-07-18T11:39:17+00:00\" \/>\n<meta property=\"og:image\" content=\"https:\/\/yestothenet.com\/wp-content\/uploads\/2023\/09\/agence-de-communication-Fes-Meknes-Tanger-Tetouan-A.png\" \/>\n<meta name=\"twitter:card\" content=\"summary_large_image\" \/>\n<meta name=\"twitter:label1\" content=\"Est. reading time\" \/>\n\t<meta name=\"twitter:data1\" content=\"3 minutes\" \/>\n<script type=\"application\/ld+json\" class=\"yoast-schema-graph\">{\"@context\":\"https:\/\/schema.org\",\"@graph\":[{\"@type\":\"WebPage\",\"@id\":\"https:\/\/yestothenet.com\/agence-de-communication-fes\/\",\"url\":\"https:\/\/yestothenet.com\/agence-de-communication-fes\/\",\"name\":\"Agence de communication Fes - YES TO THE NET\",\"isPartOf\":{\"@id\":\"https:\/\/yestothenet.com\/#website\"},\"primaryImageOfPage\":{\"@id\":\"https:\/\/yestothenet.com\/agence-de-communication-fes\/#primaryimage\"},\"image\":{\"@id\":\"https:\/\/yestothenet.com\/agence-de-communication-fes\/#primaryimage\"},\"thumbnailUrl\":\"https:\/\/yestothenet.com\/wp-content\/uploads\/2023\/09\/agence-de-communication-Fes-Meknes-Tanger-Tetouan-A.png\",\"datePublished\":\"2023-09-27T11:28:16+00:00\",\"dateModified\":\"2024-07-18T11:39:17+00:00\",\"description\":\"D\u00e9couvrez YES TO THE NET, l\u2019agence de communication Fes d\u00e9di\u00e9 \u00e0 transformer votre marque en une histoire captivante.\",\"breadcrumb\":{\"@id\":\"https:\/\/yestothenet.com\/agence-de-communication-fes\/#breadcrumb\"},\"inLanguage\":\"en-US\",\"potentialAction\":[{\"@type\":\"ReadAction\",\"target\":[\"https:\/\/yestothenet.com\/agence-de-communication-fes\/\"]}]},{\"@type\":\"ImageObject\",\"inLanguage\":\"en-US\",\"@id\":\"https:\/\/yestothenet.com\/agence-de-communication-fes\/#primaryimage\",\"url\":\"https:\/\/yestothenet.com\/wp-content\/uploads\/2023\/09\/agence-de-communication-Fes-Meknes-Tanger-Tetouan-A.png\",\"contentUrl\":\"https:\/\/yestothenet.com\/wp-content\/uploads\/2023\/09\/agence-de-communication-Fes-Meknes-Tanger-Tetouan-A.png\"},{\"@type\":\"BreadcrumbList\",\"@id\":\"https:\/\/yestothenet.com\/agence-de-communication-fes\/#breadcrumb\",\"itemListElement\":[{\"@type\":\"ListItem\",\"position\":1,\"name\":\"Accueil\",\"item\":\"https:\/\/yestothenet.com\/\"},{\"@type\":\"ListItem\",\"position\":2,\"name\":\"&#8230; Agence de communication Fes\"}]},{\"@type\":\"WebSite\",\"@id\":\"https:\/\/yestothenet.com\/#website\",\"url\":\"https:\/\/yestothenet.com\/\",\"name\":\"YES TO THE NET\",\"description\":\"Votre agence de communication \u00e0 Marrakech\",\"publisher\":{\"@id\":\"https:\/\/yestothenet.com\/#organization\"},\"potentialAction\":[{\"@type\":\"SearchAction\",\"target\":{\"@type\":\"EntryPoint\",\"urlTemplate\":\"https:\/\/yestothenet.com\/?s={search_term_string}\"},\"query-input\":{\"@type\":\"PropertyValueSpecification\",\"valueRequired\":true,\"valueName\":\"search_term_string\"}}],\"inLanguage\":\"en-US\"},{\"@type\":\"Organization\",\"@id\":\"https:\/\/yestothenet.com\/#organization\",\"name\":\"YES TO THE NET\",\"url\":\"https:\/\/yestothenet.com\/\",\"logo\":{\"@type\":\"ImageObject\",\"inLanguage\":\"en-US\",\"@id\":\"https:\/\/yestothenet.com\/#\/schema\/logo\/image\/\",\"url\":\"https:\/\/yestothenet.com\/wp-content\/uploads\/2024\/02\/cropped-YES_THE_TO_NET-removebg-preview.png\",\"contentUrl\":\"https:\/\/yestothenet.com\/wp-content\/uploads\/2024\/02\/cropped-YES_THE_TO_NET-removebg-preview.png\",\"width\":512,\"height\":512,\"caption\":\"YES TO THE NET\"},\"image\":{\"@id\":\"https:\/\/yestothenet.com\/#\/schema\/logo\/image\/\"},\"sameAs\":[\"https:\/\/www.instagram.com\/yestothenet\/\"]}]}<\/script>\n<!-- \/ Yoast SEO plugin. -->","yoast_head_json":{"title":"Agence de communication Fes - YES TO THE NET","description":"D\u00e9couvrez YES TO THE NET, l\u2019agence de communication Fes d\u00e9di\u00e9 \u00e0 transformer votre marque en une histoire captivante.","robots":{"index":"index","follow":"follow","max-snippet":"max-snippet:-1","max-image-preview":"max-image-preview:large","max-video-preview":"max-video-preview:-1"},"canonical":"https:\/\/yestothenet.com\/en\/fes-communications-agency\/","og_locale":"en_US","og_type":"article","og_title":"Agence de communication Fes - YES TO THE NET","og_description":"D\u00e9couvrez YES TO THE NET, l\u2019agence de communication Fes d\u00e9di\u00e9 \u00e0 transformer votre marque en une histoire captivante.","og_url":"https:\/\/yestothenet.com\/en\/fes-communications-agency\/","og_site_name":"Yes To The Net","article_publisher":"https:\/\/www.instagram.com\/yestothenet\/","article_modified_time":"2024-07-18T11:39:17+00:00","og_image":[{"url":"https:\/\/yestothenet.com\/wp-content\/uploads\/2023\/09\/agence-de-communication-Fes-Meknes-Tanger-Tetouan-A.png"}],"twitter_card":"summary_large_image","twitter_misc":{"Est. reading time":"3 minutes"},"schema":{"@context":"https:\/\/schema.org","@graph":[{"@type":"WebPage","@id":"https:\/\/yestothenet.com\/agence-de-communication-fes\/","url":"https:\/\/yestothenet.com\/agence-de-communication-fes\/","name":"Agence de communication Fes - YES TO THE NET","isPartOf":{"@id":"https:\/\/yestothenet.com\/#website"},"primaryImageOfPage":{"@id":"https:\/\/yestothenet.com\/agence-de-communication-fes\/#primaryimage"},"image":{"@id":"https:\/\/yestothenet.com\/agence-de-communication-fes\/#primaryimage"},"thumbnailUrl":"https:\/\/yestothenet.com\/wp-content\/uploads\/2023\/09\/agence-de-communication-Fes-Meknes-Tanger-Tetouan-A.png","datePublished":"2023-09-27T11:28:16+00:00","dateModified":"2024-07-18T11:39:17+00:00","description":"D\u00e9couvrez YES TO THE NET, l\u2019agence de communication Fes d\u00e9di\u00e9 \u00e0 transformer votre marque en une histoire captivante.","breadcrumb":{"@id":"https:\/\/yestothenet.com\/agence-de-communication-fes\/#breadcrumb"},"inLanguage":"en-US","potentialAction":[{"@type":"ReadAction","target":["https:\/\/yestothenet.com\/agence-de-communication-fes\/"]}]},{"@type":"ImageObject","inLanguage":"en-US","@id":"https:\/\/yestothenet.com\/agence-de-communication-fes\/#primaryimage","url":"https:\/\/yestothenet.com\/wp-content\/uploads\/2023\/09\/agence-de-communication-Fes-Meknes-Tanger-Tetouan-A.png","contentUrl":"https:\/\/yestothenet.com\/wp-content\/uploads\/2023\/09\/agence-de-communication-Fes-Meknes-Tanger-Tetouan-A.png"},{"@type":"BreadcrumbList","@id":"https:\/\/yestothenet.com\/agence-de-communication-fes\/#breadcrumb","itemListElement":[{"@type":"ListItem","position":1,"name":"Accueil","item":"https:\/\/yestothenet.com\/"},{"@type":"ListItem","position":2,"name":"&#8230; Agence de communication Fes"}]},{"@type":"WebSite","@id":"https:\/\/yestothenet.com\/#website","url":"https:\/\/yestothenet.com\/","name":"YES TO THE NET","description":"Votre agence de communication \u00e0 Marrakech","publisher":{"@id":"https:\/\/yestothenet.com\/#organization"},"potentialAction":[{"@type":"SearchAction","target":{"@type":"EntryPoint","urlTemplate":"https:\/\/yestothenet.com\/?s={search_term_string}"},"query-input":{"@type":"PropertyValueSpecification","valueRequired":true,"valueName":"search_term_string"}}],"inLanguage":"en-US"},{"@type":"Organization","@id":"https:\/\/yestothenet.com\/#organization","name":"YES TO THE NET","url":"https:\/\/yestothenet.com\/","logo":{"@type":"ImageObject","inLanguage":"en-US","@id":"https:\/\/yestothenet.com\/#\/schema\/logo\/image\/","url":"https:\/\/yestothenet.com\/wp-content\/uploads\/2024\/02\/cropped-YES_THE_TO_NET-removebg-preview.png","contentUrl":"https:\/\/yestothenet.com\/wp-content\/uploads\/2024\/02\/cropped-YES_THE_TO_NET-removebg-preview.png","width":512,"height":512,"caption":"YES TO THE NET"},"image":{"@id":"https:\/\/yestothenet.com\/#\/schema\/logo\/image\/"},"sameAs":["https:\/\/www.instagram.com\/yestothenet\/"]}]}},"_links":{"self":[{"href":"https:\/\/yestothenet.com\/en\/wp-json\/wp\/v2\/pages\/5807","targetHints":{"allow":["GET"]}}],"collection":[{"href":"https:\/\/yestothenet.com\/en\/wp-json\/wp\/v2\/pages"}],"about":[{"href":"https:\/\/yestothenet.com\/en\/wp-json\/wp\/v2\/types\/page"}],"author":[{"embeddable":true,"href":"https:\/\/yestothenet.com\/en\/wp-json\/wp\/v2\/users\/1"}],"replies":[{"embeddable":true,"href":"https:\/\/yestothenet.com\/en\/wp-json\/wp\/v2\/comments?post=5807"}],"version-history":[{"count":12,"href":"https:\/\/yestothenet.com\/en\/wp-json\/wp\/v2\/pages\/5807\/revisions"}],"predecessor-version":[{"id":8572,"href":"https:\/\/yestothenet.com\/en\/wp-json\/wp\/v2\/pages\/5807\/revisions\/8572"}],"wp:attachment":[{"href":"https:\/\/yestothenet.com\/en\/wp-json\/wp\/v2\/media?parent=5807"}],"curies":[{"name":"wp","href":"https:\/\/api.w.org\/{rel}","templated":true}]}}