{"id":7394,"date":"2024-02-29T11:59:14","date_gmt":"2024-02-29T10:59:14","guid":{"rendered":"https:\/\/yestothenet.com\/?page_id=7394"},"modified":"2024-07-18T11:14:38","modified_gmt":"2024-07-18T09:14:38","slug":"referencement-naturel-seo-agadir","status":"publish","type":"page","link":"https:\/\/yestothenet.com\/ar\/referencement-naturel-seo-agadir\/","title":{"rendered":"&#8230; R\u00e9f\u00e9rencement naturel SEO Agadir"},"content":{"rendered":"<div data-elementor-type=\"wp-page\" data-elementor-id=\"7394\" class=\"elementor elementor-7394\" data-elementor-post-type=\"page\">\n\t\t\t\t\t\t<section class=\"elementor-section elementor-top-section elementor-element elementor-element-2db1430 elementor-section-content-middle ot-traditional elementor-section-boxed elementor-section-height-default elementor-section-height-default\" data-id=\"2db1430\" data-element_type=\"section\">\n\t\t\t\t\t\t<div class=\"elementor-container elementor-column-gap-default\">\n\t\t\t\t\t<div class=\"elementor-column elementor-col-100 elementor-top-column elementor-element elementor-element-9ca7f6d ot-flex-column-vertical\" data-id=\"9ca7f6d\" data-element_type=\"column\">\n\t\t\t<div class=\"elementor-widget-wrap elementor-element-populated\">\n\t\t\t\t\t\t<section class=\"elementor-section elementor-inner-section elementor-element elementor-element-ae21701 elementor-section-content-top elementor-section-full_width ot-traditional elementor-section-height-default elementor-section-height-default\" data-id=\"ae21701\" data-element_type=\"section\">\n\t\t\t\t\t\t<div class=\"elementor-container elementor-column-gap-extended\">\n\t\t\t\t\t<div class=\"elementor-column elementor-col-50 elementor-inner-column elementor-element elementor-element-78f9ac9 ot-flex-column-vertical\" data-id=\"78f9ac9\" data-element_type=\"column\">\n\t\t\t<div class=\"elementor-widget-wrap elementor-element-populated\">\n\t\t\t\t\t\t<div class=\"elementor-element elementor-element-25eb330 elementor-widget elementor-widget-image\" data-id=\"25eb330\" data-element_type=\"widget\" data-widget_type=\"image.default\">\n\t\t\t\t<div class=\"elementor-widget-container\">\n\t\t\t\t\t\t\t\t\t\t\t\t\t<img fetchpriority=\"high\" decoding=\"async\" width=\"1024\" height=\"576\" src=\"https:\/\/yestothenet.com\/wp-content\/uploads\/2024\/02\/referencement-naturel-SEO-Agadir-Essaouira-Taroudant-1024x576.jpg\" class=\"attachment-large size-large wp-image-7396\" alt=\"R\u00e9f\u00e9rencement naturel SEO Agadir\" srcset=\"https:\/\/yestothenet.com\/wp-content\/uploads\/2024\/02\/referencement-naturel-SEO-Agadir-Essaouira-Taroudant-1024x576.jpg 1024w, https:\/\/yestothenet.com\/wp-content\/uploads\/2024\/02\/referencement-naturel-SEO-Agadir-Essaouira-Taroudant-300x169.jpg 300w, https:\/\/yestothenet.com\/wp-content\/uploads\/2024\/02\/referencement-naturel-SEO-Agadir-Essaouira-Taroudant-768x432.jpg 768w, https:\/\/yestothenet.com\/wp-content\/uploads\/2024\/02\/referencement-naturel-SEO-Agadir-Essaouira-Taroudant-720x405.jpg 720w, https:\/\/yestothenet.com\/wp-content\/uploads\/2024\/02\/referencement-naturel-SEO-Agadir-Essaouira-Taroudant.jpg 1280w\" sizes=\"(max-width: 1024px) 100vw, 1024px\" \/>\t\t\t\t\t\t\t\t\t\t\t\t\t<\/div>\n\t\t\t\t<\/div>\n\t\t\t\t\t<\/div>\n\t\t<\/div>\n\t\t\t\t<div class=\"elementor-column elementor-col-50 elementor-inner-column elementor-element elementor-element-dce0f81 ot-flex-column-vertical\" data-id=\"dce0f81\" data-element_type=\"column\">\n\t\t\t<div class=\"elementor-widget-wrap elementor-element-populated\">\n\t\t\t\t\t\t<div class=\"elementor-element elementor-element-ea79d5e elementor-widget elementor-widget-iheading\" data-id=\"ea79d5e\" data-element_type=\"widget\" data-widget_type=\"iheading.default\">\n\t\t\t\t<div class=\"elementor-widget-container\">\n\t\t\t\t\t<div class=\"ot-heading\">\r\n\t        <h1 class=\"main-heading\">YES TO THE NET \u2013 R\u00e9f\u00e9rencement naturel SEO Agadir<\/h1>\t    <\/div>\r\n\t    \t\t<\/div>\n\t\t\t\t<\/div>\n\t\t\t\t<div class=\"elementor-element elementor-element-734d7ce elementor-widget elementor-widget-text-editor\" data-id=\"734d7ce\" data-element_type=\"widget\" data-widget_type=\"text-editor.default\">\n\t\t\t\t<div class=\"elementor-widget-container\">\n\t\t\t\t\t\t\t<p>Vous souhaitez augmentez votre visibilit\u00e9 sur le web\u00a0? Votre agence de communication YES TO THE NET met \u00e0 votre disposition un service de <strong>r\u00e9f\u00e9rencement naturel SEO Agadir <\/strong>\u062c\u0648\u062f\u0629 \u0639\u0627\u0644\u064a\u0629.<\/p><p>Nous comprenons l&rsquo;importance d&rsquo;une strat\u00e9gie de <strong><a href=\"https:\/\/yestothenet.com\/ar\/%d8%a7%d9%84%d8%a5%d8%b4%d8%a7%d8%b1%d8%a9-%d8%a5%d9%84%d9%89-%d8%aa%d8%ad%d8%b3%d9%8a%d9%86-%d9%85%d8%ad%d8%b1%d9%83%d8%a7%d8%aa-%d8%a7%d9%84%d8%a8%d8%ad%d8%ab-%d8%a7%d9%84%d8%b7%d8%a8%d9%8a%d8%b9\/\">\u0627\u0644\u0625\u0634\u0627\u0631\u0629 \u0625\u0644\u0649 \u062a\u062d\u0633\u064a\u0646 \u0645\u062d\u0631\u0643\u0627\u062a \u0627\u0644\u0628\u062d\u062b \u0627\u0644\u0637\u0628\u064a\u0639\u064a\u0629<\/a> Agadir <\/strong>efficace pour attirer plus de visiteurs qualifi\u00e9s sur votre site web. En effet, notre service de SEO est con\u00e7u pour placer votre entreprise l\u00e0 o\u00f9 elle doit \u00eatre : en haut des r\u00e9sultats de recherche.<\/p><p>Notre \u00e9quipe d&rsquo;experts de <strong>r\u00e9f\u00e9rencement naturel SEO Agadir<\/strong>\u00a0utilise les derni\u00e8res techniques et outils pour vous assurer d&rsquo;atteindre vos objectifs de visibilit\u00e9 en ligne. Nous sommes passionn\u00e9s par le succ\u00e8s de nos clients et nous nous engageons \u00e0 fournir des strat\u00e9gies personnalis\u00e9es qui r\u00e9pondent \u00e0 vos besoins sp\u00e9cifiques. Contactez-nous d\u00e8s aujourd&rsquo;hui au <a href=\"tel:06 61 26 30 34\"><strong>06 61 26 30 34<\/strong><\/a> pour une consultation gratuite.<\/p>\t\t\t\t\t\t<\/div>\n\t\t\t\t<\/div>\n\t\t\t\t\t<\/div>\n\t\t<\/div>\n\t\t\t\t\t<\/div>\n\t\t<\/section>\n\t\t\t\t\t<\/div>\n\t\t<\/div>\n\t\t\t\t\t<\/div>\n\t\t<\/section>\n\t\t\t\t<section class=\"elementor-section elementor-top-section elementor-element elementor-element-30c462d ot-traditional elementor-section-boxed elementor-section-height-default elementor-section-height-default\" data-id=\"30c462d\" data-element_type=\"section\">\n\t\t\t\t\t\t<div class=\"elementor-container elementor-column-gap-default\">\n\t\t\t\t\t<div class=\"elementor-column elementor-col-100 elementor-top-column elementor-element elementor-element-c788162 ot-flex-column-vertical\" data-id=\"c788162\" data-element_type=\"column\">\n\t\t\t<div class=\"elementor-widget-wrap elementor-element-populated\">\n\t\t\t\t\t\t<section class=\"elementor-section elementor-inner-section elementor-element elementor-element-ab020ed elementor-section-full_width elementor-section-content-bottom ot-traditional elementor-section-height-default elementor-section-height-default\" data-id=\"ab020ed\" data-element_type=\"section\" data-settings=\"{&quot;background_background&quot;:&quot;classic&quot;}\">\n\t\t\t\t\t\t\t<div class=\"elementor-background-overlay\"><\/div>\n\t\t\t\t\t\t\t<div class=\"elementor-container elementor-column-gap-extended\">\n\t\t\t\t\t<div class=\"elementor-column elementor-col-50 elementor-inner-column elementor-element elementor-element-ffaaf2a ot-flex-column-vertical\" data-id=\"ffaaf2a\" data-element_type=\"column\">\n\t\t\t<div class=\"elementor-widget-wrap elementor-element-populated\">\n\t\t\t\t\t\t<div class=\"elementor-element elementor-element-5ff7ce1 elementor-widget elementor-widget-iheading\" data-id=\"5ff7ce1\" data-element_type=\"widget\" data-widget_type=\"iheading.default\">\n\t\t\t\t<div class=\"elementor-widget-container\">\n\t\t\t\t\t<div class=\"ot-heading\">\r\n\t        \t            <span>\/\/ \u0645\u0639 \u0646\u0639\u0645 \u0644\u0644\u0634\u0628\u0643\u0629\u060c<\/span>\r\n\t        <h2 class=\"main-heading\">\u0623\u062d\u062f\u062b \u062b\u0648\u0631\u0629 \u0641\u064a \u062d\u0636\u0648\u0631\u0643 \u0639\u0644\u0649 \u0627\u0644\u0625\u0646\u062a\u0631\u0646\u062a <\/h2>\t    <\/div>\r\n\t    \t\t<\/div>\n\t\t\t\t<\/div>\n\t\t\t\t\t<\/div>\n\t\t<\/div>\n\t\t\t\t<div class=\"elementor-column elementor-col-50 elementor-inner-column elementor-element elementor-element-3fd82f3 ot-flex-column-vertical\" data-id=\"3fd82f3\" data-element_type=\"column\">\n\t\t\t<div class=\"elementor-widget-wrap elementor-element-populated\">\n\t\t\t\t\t\t<div class=\"elementor-element elementor-element-e146430 elementor-align-right elementor-mobile-align-left elementor-widget elementor-widget-button\" data-id=\"e146430\" data-element_type=\"widget\" data-widget_type=\"button.default\">\n\t\t\t\t<div class=\"elementor-widget-container\">\n\t\t\t\t\t<div class=\"elementor-button-wrapper\">\n\t\t\t<a class=\"elementor-button elementor-button-link elementor-size-md\" href=\"https:\/\/yestothenet.com\/ar\/contact\/\">\n\t\t\t\t\t\t<span class=\"elementor-button-content-wrapper\">\n\t\t\t\t\t\t\t\t\t<span class=\"elementor-button-text\">\u0627\u062a\u0635\u0644 \u0628\u0646\u0627<\/span>\n\t\t\t\t\t<\/span>\n\t\t\t\t\t<\/a>\n\t\t<\/div>\n\t\t\t\t<\/div>\n\t\t\t\t<\/div>\n\t\t\t\t\t<\/div>\n\t\t<\/div>\n\t\t\t\t\t<\/div>\n\t\t<\/section>\n\t\t\t\t\t<\/div>\n\t\t<\/div>\n\t\t\t\t\t<\/div>\n\t\t<\/section>\n\t\t\t\t<section class=\"elementor-section elementor-top-section elementor-element elementor-element-81a82a5 ot-traditional elementor-section-boxed elementor-section-height-default elementor-section-height-default\" data-id=\"81a82a5\" data-element_type=\"section\" data-settings=\"{&quot;background_background&quot;:&quot;classic&quot;}\">\n\t\t\t\t\t\t\t<div class=\"elementor-background-overlay\"><\/div>\n\t\t\t\t\t\t\t<div class=\"elementor-container elementor-column-gap-extended\">\n\t\t\t\t\t<div class=\"elementor-column elementor-col-50 elementor-top-column elementor-element elementor-element-18b89c0 ot-flex-column-vertical\" data-id=\"18b89c0\" data-element_type=\"column\">\n\t\t\t<div class=\"elementor-widget-wrap elementor-element-populated\">\n\t\t\t\t\t\t<section class=\"elementor-section elementor-inner-section elementor-element elementor-element-dd648d0 elementor-section-full_width ot-traditional elementor-section-height-default elementor-section-height-default\" data-id=\"dd648d0\" data-element_type=\"section\">\n\t\t\t\t\t\t<div class=\"elementor-container elementor-column-gap-default\">\n\t\t\t\t\t<div class=\"elementor-column elementor-col-100 elementor-inner-column elementor-element elementor-element-9c59460 ot-flex-column-vertical\" data-id=\"9c59460\" data-element_type=\"column\">\n\t\t\t<div class=\"elementor-widget-wrap elementor-element-populated\">\n\t\t\t\t\t\t<div class=\"elementor-element elementor-element-45e921b elementor-widget elementor-widget-iheading\" data-id=\"45e921b\" data-element_type=\"widget\" data-widget_type=\"iheading.default\">\n\t\t\t\t<div class=\"elementor-widget-container\">\n\t\t\t\t\t<div class=\"ot-heading\">\r\n\t        <h2 class=\"main-heading\">Augmentez votre visibilit\u00e9 sur le web avec notre service de r\u00e9f\u00e9rencement naturel SEO Agadir<\/h2>\t    <\/div>\r\n\t    \t\t<\/div>\n\t\t\t\t<\/div>\n\t\t\t\t<div class=\"elementor-element elementor-element-9a4497b elementor-widget elementor-widget-text-editor\" data-id=\"9a4497b\" data-element_type=\"widget\" data-widget_type=\"text-editor.default\">\n\t\t\t\t<div class=\"elementor-widget-container\">\n\t\t\t\t\t\t\t<p>Nous mettons \u00e0 votre disposition une large gamme de services de SEO, \u00e0 savoir\u00a0:<\/p><ul><li style=\"list-style-type: none;\"><ul><li><strong>Audit SEO complet : <\/strong>Nous commen\u00e7ons par analyser votre site web pour identifier les opportunit\u00e9s d&rsquo;optimisation et les obstacles \u00e0 une bonne indexation par les moteurs de recherche.<\/li><li><strong>Recherche de mots-cl\u00e9s :<\/strong> Identification des termes de recherche les plus pertinents pour votre activit\u00e9, garantissant que votre site attire des visiteurs qualifi\u00e9s.<\/li><li><strong>Optimisation sur page :<\/strong> Nous optimisons le contenu et la structure de votre site pour qu&rsquo;il soit non seulement convivial pour les moteurs de recherche mais aussi pour vos visiteurs.<\/li><li><strong>Strat\u00e9gie de contenu :<\/strong> Cr\u00e9ation de contenu pertinent et de qualit\u00e9, con\u00e7u pour engager vos visiteurs et encourager les liens entrants.<\/li><li><strong>Construction de liens :<\/strong> D\u00e9veloppement d&rsquo;un profil de liens solide et naturel pour am\u00e9liorer la cr\u00e9dibilit\u00e9 et l&rsquo;autorit\u00e9 de votre site aux yeux des moteurs de recherche.<\/li><li><strong>Suivi et rapport :<\/strong> Fourniture de rapports d\u00e9taill\u00e9s sur les performances de votre site et ajustements continus de la strat\u00e9gie pour garantir les meilleurs r\u00e9sultats.<\/li><\/ul><\/li><\/ul><p>D\u00e9couvrez comment YES TO THE NET peut vous aider \u00e0 dominer les r\u00e9sultats de recherche et \u00e0 transformer votre visibilit\u00e9 en ligne en succ\u00e8s tangible.<\/p>\t\t\t\t\t\t<\/div>\n\t\t\t\t<\/div>\n\t\t\t\t\t<\/div>\n\t\t<\/div>\n\t\t\t\t\t<\/div>\n\t\t<\/section>\n\t\t\t\t\t<\/div>\n\t\t<\/div>\n\t\t\t\t<div class=\"elementor-column elementor-col-50 elementor-top-column elementor-element elementor-element-8a09494 ot-flex-column-vertical\" data-id=\"8a09494\" data-element_type=\"column\">\n\t\t\t<div class=\"elementor-widget-wrap elementor-element-populated\">\n\t\t\t\t\t\t<div class=\"elementor-element elementor-element-49ce0c4 elementor-widget elementor-widget-image\" data-id=\"49ce0c4\" data-element_type=\"widget\" data-widget_type=\"image.default\">\n\t\t\t\t<div class=\"elementor-widget-container\">\n\t\t\t\t\t\t\t\t\t\t\t\t\t<img decoding=\"async\" width=\"730\" height=\"691\" src=\"https:\/\/yestothenet.com\/wp-content\/uploads\/2024\/02\/referencement-naturel-SEO-Agadir-Essaouira-Taroudant-1.png\" class=\"attachment-large size-large wp-image-7398\" alt=\"R\u00e9f\u00e9rencement naturel SEO Agadir\" srcset=\"https:\/\/yestothenet.com\/wp-content\/uploads\/2024\/02\/referencement-naturel-SEO-Agadir-Essaouira-Taroudant-1.png 730w, https:\/\/yestothenet.com\/wp-content\/uploads\/2024\/02\/referencement-naturel-SEO-Agadir-Essaouira-Taroudant-1-300x284.png 300w, https:\/\/yestothenet.com\/wp-content\/uploads\/2024\/02\/referencement-naturel-SEO-Agadir-Essaouira-Taroudant-1-720x682.png 720w\" sizes=\"(max-width: 730px) 100vw, 730px\" \/>\t\t\t\t\t\t\t\t\t\t\t\t\t<\/div>\n\t\t\t\t<\/div>\n\t\t\t\t\t<\/div>\n\t\t<\/div>\n\t\t\t\t\t<\/div>\n\t\t<\/section>\n\t\t\t\t<\/div>","protected":false},"excerpt":{"rendered":"<p>YES TO THE NET \u2013 R\u00e9f\u00e9rencement naturel SEO Agadir Vous souhaitez augmentez votre visibilit\u00e9 sur le web\u00a0? Votre agence de communication YES TO THE NET met \u00e0 votre disposition un service de r\u00e9f\u00e9rencement naturel SEO Agadir de haute qualit\u00e9. Nous comprenons l&rsquo;importance d&rsquo;une strat\u00e9gie de r\u00e9f\u00e9rencement naturel SEO Agadir efficace pour attirer plus de visiteurs [&hellip;]<\/p>","protected":false},"author":1,"featured_media":0,"parent":0,"menu_order":0,"comment_status":"closed","ping_status":"closed","template":"","meta":{"footnotes":""},"class_list":["post-7394","page","type-page","status-publish","hentry"],"yoast_head":"<!-- This site is optimized with the Yoast SEO plugin v23.6 - https:\/\/yoast.com\/wordpress\/plugins\/seo\/ -->\n<title>R\u00e9f\u00e9rencement naturel SEO Agadir - YES TO THE NET<\/title>\n<meta name=\"description\" content=\"Besoin d\u2019un servie de r\u00e9f\u00e9rencement naturel SEO Agadir de haute qualit\u00e9 ? Contactez l&#039;agence YES TO THE NET.\" \/>\n<meta name=\"robots\" content=\"index, follow, max-snippet:-1, max-image-preview:large, max-video-preview:-1\" \/>\n<link rel=\"canonical\" href=\"https:\/\/yestothenet.com\/ar\/referencement-naturel-seo-agadir\/\" \/>\n<meta property=\"og:locale\" content=\"ar_AR\" \/>\n<meta property=\"og:type\" content=\"article\" \/>\n<meta property=\"og:title\" content=\"R\u00e9f\u00e9rencement naturel SEO Agadir - YES TO THE NET\" \/>\n<meta property=\"og:description\" content=\"Besoin d\u2019un servie de r\u00e9f\u00e9rencement naturel SEO Agadir de haute qualit\u00e9 ? Contactez l&#039;agence YES TO THE NET.\" \/>\n<meta property=\"og:url\" content=\"https:\/\/yestothenet.com\/ar\/referencement-naturel-seo-agadir\/\" \/>\n<meta property=\"og:site_name\" content=\"Yes To The Net\" \/>\n<meta property=\"article:publisher\" content=\"https:\/\/www.instagram.com\/yestothenet\/\" \/>\n<meta property=\"article:modified_time\" content=\"2024-07-18T09:14:38+00:00\" \/>\n<meta property=\"og:image\" content=\"https:\/\/yestothenet.com\/wp-content\/uploads\/2024\/02\/referencement-naturel-SEO-Agadir-Essaouira-Taroudant-1024x576.jpg\" \/>\n<meta name=\"twitter:card\" content=\"summary_large_image\" \/>\n<meta name=\"twitter:label1\" content=\"\u0648\u0642\u062a \u0627\u0644\u0642\u0631\u0627\u0621\u0629 \u0627\u0644\u0645\u064f\u0642\u062f\u0651\u0631\" \/>\n\t<meta name=\"twitter:data1\" content=\"3 \u062f\u0642\u0627\u0626\u0642\" \/>\n<script type=\"application\/ld+json\" class=\"yoast-schema-graph\">{\"@context\":\"https:\/\/schema.org\",\"@graph\":[{\"@type\":\"WebPage\",\"@id\":\"https:\/\/yestothenet.com\/referencement-naturel-seo-agadir\/\",\"url\":\"https:\/\/yestothenet.com\/referencement-naturel-seo-agadir\/\",\"name\":\"R\u00e9f\u00e9rencement naturel SEO Agadir - YES TO THE NET\",\"isPartOf\":{\"@id\":\"https:\/\/yestothenet.com\/#website\"},\"primaryImageOfPage\":{\"@id\":\"https:\/\/yestothenet.com\/referencement-naturel-seo-agadir\/#primaryimage\"},\"image\":{\"@id\":\"https:\/\/yestothenet.com\/referencement-naturel-seo-agadir\/#primaryimage\"},\"thumbnailUrl\":\"https:\/\/yestothenet.com\/wp-content\/uploads\/2024\/02\/referencement-naturel-SEO-Agadir-Essaouira-Taroudant-1024x576.jpg\",\"datePublished\":\"2024-02-29T10:59:14+00:00\",\"dateModified\":\"2024-07-18T09:14:38+00:00\",\"description\":\"Besoin d\u2019un servie de r\u00e9f\u00e9rencement naturel SEO Agadir de haute qualit\u00e9 ? Contactez l'agence YES TO THE NET.\",\"breadcrumb\":{\"@id\":\"https:\/\/yestothenet.com\/referencement-naturel-seo-agadir\/#breadcrumb\"},\"inLanguage\":\"ar\",\"potentialAction\":[{\"@type\":\"ReadAction\",\"target\":[\"https:\/\/yestothenet.com\/referencement-naturel-seo-agadir\/\"]}]},{\"@type\":\"ImageObject\",\"inLanguage\":\"ar\",\"@id\":\"https:\/\/yestothenet.com\/referencement-naturel-seo-agadir\/#primaryimage\",\"url\":\"https:\/\/yestothenet.com\/wp-content\/uploads\/2024\/02\/referencement-naturel-SEO-Agadir-Essaouira-Taroudant-1024x576.jpg\",\"contentUrl\":\"https:\/\/yestothenet.com\/wp-content\/uploads\/2024\/02\/referencement-naturel-SEO-Agadir-Essaouira-Taroudant-1024x576.jpg\"},{\"@type\":\"BreadcrumbList\",\"@id\":\"https:\/\/yestothenet.com\/referencement-naturel-seo-agadir\/#breadcrumb\",\"itemListElement\":[{\"@type\":\"ListItem\",\"position\":1,\"name\":\"Accueil\",\"item\":\"https:\/\/yestothenet.com\/\"},{\"@type\":\"ListItem\",\"position\":2,\"name\":\"&#8230; R\u00e9f\u00e9rencement naturel SEO Agadir\"}]},{\"@type\":\"WebSite\",\"@id\":\"https:\/\/yestothenet.com\/#website\",\"url\":\"https:\/\/yestothenet.com\/\",\"name\":\"YES TO THE NET\",\"description\":\"Votre agence de communication \u00e0 Marrakech\",\"publisher\":{\"@id\":\"https:\/\/yestothenet.com\/#organization\"},\"potentialAction\":[{\"@type\":\"SearchAction\",\"target\":{\"@type\":\"EntryPoint\",\"urlTemplate\":\"https:\/\/yestothenet.com\/?s={search_term_string}\"},\"query-input\":{\"@type\":\"PropertyValueSpecification\",\"valueRequired\":true,\"valueName\":\"search_term_string\"}}],\"inLanguage\":\"ar\"},{\"@type\":\"Organization\",\"@id\":\"https:\/\/yestothenet.com\/#organization\",\"name\":\"YES TO THE NET\",\"url\":\"https:\/\/yestothenet.com\/\",\"logo\":{\"@type\":\"ImageObject\",\"inLanguage\":\"ar\",\"@id\":\"https:\/\/yestothenet.com\/#\/schema\/logo\/image\/\",\"url\":\"https:\/\/yestothenet.com\/wp-content\/uploads\/2024\/02\/cropped-YES_THE_TO_NET-removebg-preview.png\",\"contentUrl\":\"https:\/\/yestothenet.com\/wp-content\/uploads\/2024\/02\/cropped-YES_THE_TO_NET-removebg-preview.png\",\"width\":512,\"height\":512,\"caption\":\"YES TO THE NET\"},\"image\":{\"@id\":\"https:\/\/yestothenet.com\/#\/schema\/logo\/image\/\"},\"sameAs\":[\"https:\/\/www.instagram.com\/yestothenet\/\"]}]}<\/script>\n<!-- \/ Yoast SEO plugin. -->","yoast_head_json":{"title":"R\u00e9f\u00e9rencement naturel SEO Agadir - YES TO THE NET","description":"Besoin d\u2019un servie de r\u00e9f\u00e9rencement naturel SEO Agadir de haute qualit\u00e9 ? Contactez l'agence YES TO THE NET.","robots":{"index":"index","follow":"follow","max-snippet":"max-snippet:-1","max-image-preview":"max-image-preview:large","max-video-preview":"max-video-preview:-1"},"canonical":"https:\/\/yestothenet.com\/ar\/referencement-naturel-seo-agadir\/","og_locale":"ar_AR","og_type":"article","og_title":"R\u00e9f\u00e9rencement naturel SEO Agadir - YES TO THE NET","og_description":"Besoin d\u2019un servie de r\u00e9f\u00e9rencement naturel SEO Agadir de haute qualit\u00e9 ? Contactez l'agence YES TO THE NET.","og_url":"https:\/\/yestothenet.com\/ar\/referencement-naturel-seo-agadir\/","og_site_name":"Yes To The Net","article_publisher":"https:\/\/www.instagram.com\/yestothenet\/","article_modified_time":"2024-07-18T09:14:38+00:00","og_image":[{"url":"https:\/\/yestothenet.com\/wp-content\/uploads\/2024\/02\/referencement-naturel-SEO-Agadir-Essaouira-Taroudant-1024x576.jpg"}],"twitter_card":"summary_large_image","twitter_misc":{"\u0648\u0642\u062a \u0627\u0644\u0642\u0631\u0627\u0621\u0629 \u0627\u0644\u0645\u064f\u0642\u062f\u0651\u0631":"3 \u062f\u0642\u0627\u0626\u0642"},"schema":{"@context":"https:\/\/schema.org","@graph":[{"@type":"WebPage","@id":"https:\/\/yestothenet.com\/referencement-naturel-seo-agadir\/","url":"https:\/\/yestothenet.com\/referencement-naturel-seo-agadir\/","name":"R\u00e9f\u00e9rencement naturel SEO Agadir - YES TO THE NET","isPartOf":{"@id":"https:\/\/yestothenet.com\/#website"},"primaryImageOfPage":{"@id":"https:\/\/yestothenet.com\/referencement-naturel-seo-agadir\/#primaryimage"},"image":{"@id":"https:\/\/yestothenet.com\/referencement-naturel-seo-agadir\/#primaryimage"},"thumbnailUrl":"https:\/\/yestothenet.com\/wp-content\/uploads\/2024\/02\/referencement-naturel-SEO-Agadir-Essaouira-Taroudant-1024x576.jpg","datePublished":"2024-02-29T10:59:14+00:00","dateModified":"2024-07-18T09:14:38+00:00","description":"Besoin d\u2019un servie de r\u00e9f\u00e9rencement naturel SEO Agadir de haute qualit\u00e9 ? Contactez l'agence YES TO THE NET.","breadcrumb":{"@id":"https:\/\/yestothenet.com\/referencement-naturel-seo-agadir\/#breadcrumb"},"inLanguage":"ar","potentialAction":[{"@type":"ReadAction","target":["https:\/\/yestothenet.com\/referencement-naturel-seo-agadir\/"]}]},{"@type":"ImageObject","inLanguage":"ar","@id":"https:\/\/yestothenet.com\/referencement-naturel-seo-agadir\/#primaryimage","url":"https:\/\/yestothenet.com\/wp-content\/uploads\/2024\/02\/referencement-naturel-SEO-Agadir-Essaouira-Taroudant-1024x576.jpg","contentUrl":"https:\/\/yestothenet.com\/wp-content\/uploads\/2024\/02\/referencement-naturel-SEO-Agadir-Essaouira-Taroudant-1024x576.jpg"},{"@type":"BreadcrumbList","@id":"https:\/\/yestothenet.com\/referencement-naturel-seo-agadir\/#breadcrumb","itemListElement":[{"@type":"ListItem","position":1,"name":"Accueil","item":"https:\/\/yestothenet.com\/"},{"@type":"ListItem","position":2,"name":"&#8230; R\u00e9f\u00e9rencement naturel SEO Agadir"}]},{"@type":"WebSite","@id":"https:\/\/yestothenet.com\/#website","url":"https:\/\/yestothenet.com\/","name":"YES TO THE NET","description":"Votre agence de communication \u00e0 Marrakech","publisher":{"@id":"https:\/\/yestothenet.com\/#organization"},"potentialAction":[{"@type":"SearchAction","target":{"@type":"EntryPoint","urlTemplate":"https:\/\/yestothenet.com\/?s={search_term_string}"},"query-input":{"@type":"PropertyValueSpecification","valueRequired":true,"valueName":"search_term_string"}}],"inLanguage":"ar"},{"@type":"Organization","@id":"https:\/\/yestothenet.com\/#organization","name":"YES TO THE NET","url":"https:\/\/yestothenet.com\/","logo":{"@type":"ImageObject","inLanguage":"ar","@id":"https:\/\/yestothenet.com\/#\/schema\/logo\/image\/","url":"https:\/\/yestothenet.com\/wp-content\/uploads\/2024\/02\/cropped-YES_THE_TO_NET-removebg-preview.png","contentUrl":"https:\/\/yestothenet.com\/wp-content\/uploads\/2024\/02\/cropped-YES_THE_TO_NET-removebg-preview.png","width":512,"height":512,"caption":"YES TO THE NET"},"image":{"@id":"https:\/\/yestothenet.com\/#\/schema\/logo\/image\/"},"sameAs":["https:\/\/www.instagram.com\/yestothenet\/"]}]}},"_links":{"self":[{"href":"https:\/\/yestothenet.com\/ar\/wp-json\/wp\/v2\/pages\/7394","targetHints":{"allow":["GET"]}}],"collection":[{"href":"https:\/\/yestothenet.com\/ar\/wp-json\/wp\/v2\/pages"}],"about":[{"href":"https:\/\/yestothenet.com\/ar\/wp-json\/wp\/v2\/types\/page"}],"author":[{"embeddable":true,"href":"https:\/\/yestothenet.com\/ar\/wp-json\/wp\/v2\/users\/1"}],"replies":[{"embeddable":true,"href":"https:\/\/yestothenet.com\/ar\/wp-json\/wp\/v2\/comments?post=7394"}],"version-history":[{"count":11,"href":"https:\/\/yestothenet.com\/ar\/wp-json\/wp\/v2\/pages\/7394\/revisions"}],"predecessor-version":[{"id":8539,"href":"https:\/\/yestothenet.com\/ar\/wp-json\/wp\/v2\/pages\/7394\/revisions\/8539"}],"wp:attachment":[{"href":"https:\/\/yestothenet.com\/ar\/wp-json\/wp\/v2\/media?parent=7394"}],"curies":[{"name":"wp","href":"https:\/\/api.w.org\/{rel}","templated":true}]}}