{"id":7153,"date":"2024-01-18T15:22:39","date_gmt":"2024-01-18T14:22:39","guid":{"rendered":"https:\/\/yestothenet.com\/?page_id=7153"},"modified":"2024-01-18T15:32:35","modified_gmt":"2024-01-18T14:32:35","slug":"creation-application-web-fes-meknes-tanger-tetouan","status":"publish","type":"page","link":"https:\/\/yestothenet.com\/ar\/creation-application-web-fes-meknes-tanger-tetouan\/","title":{"rendered":"&#8230; Cr\u00e9ation application Web Fes, Meknes, Tanger, Tetouan"},"content":{"rendered":"<div data-elementor-type=\"wp-page\" data-elementor-id=\"7153\" class=\"elementor elementor-7153\" data-elementor-post-type=\"page\">\n\t\t\t\t\t\t<section class=\"elementor-section elementor-top-section elementor-element elementor-element-2db1430 elementor-section-content-middle ot-traditional elementor-section-boxed elementor-section-height-default elementor-section-height-default\" data-id=\"2db1430\" data-element_type=\"section\">\n\t\t\t\t\t\t<div class=\"elementor-container elementor-column-gap-default\">\n\t\t\t\t\t<div class=\"elementor-column elementor-col-100 elementor-top-column elementor-element elementor-element-9ca7f6d ot-flex-column-vertical\" data-id=\"9ca7f6d\" data-element_type=\"column\">\n\t\t\t<div class=\"elementor-widget-wrap elementor-element-populated\">\n\t\t\t\t\t\t<section class=\"elementor-section elementor-inner-section elementor-element elementor-element-ae21701 elementor-section-content-top elementor-section-full_width ot-traditional elementor-section-height-default elementor-section-height-default\" data-id=\"ae21701\" data-element_type=\"section\">\n\t\t\t\t\t\t<div class=\"elementor-container elementor-column-gap-extended\">\n\t\t\t\t\t<div class=\"elementor-column elementor-col-50 elementor-inner-column elementor-element elementor-element-78f9ac9 ot-flex-column-vertical\" data-id=\"78f9ac9\" data-element_type=\"column\">\n\t\t\t<div class=\"elementor-widget-wrap elementor-element-populated\">\n\t\t\t\t\t\t<div class=\"elementor-element elementor-element-25eb330 elementor-widget elementor-widget-image\" data-id=\"25eb330\" data-element_type=\"widget\" data-widget_type=\"image.default\">\n\t\t\t\t<div class=\"elementor-widget-container\">\n\t\t\t\t\t\t\t\t\t\t\t\t\t<img fetchpriority=\"high\" decoding=\"async\" width=\"550\" height=\"411\" src=\"https:\/\/yestothenet.com\/wp-content\/uploads\/2024\/01\/Creation-application-Web-Fes-Meknes-Tanger-Tetouan-1.png\" class=\"attachment-large size-large wp-image-7159\" alt=\"\u0625\u0646\u0634\u0627\u0621 \u062a\u0637\u0628\u064a\u0642\u0627\u062a \u0627\u0644\u0648\u064a\u0628 \u0641\u064a \u0641\u0627\u0633\u060c \u0645\u0643\u0646\u0627\u0633\u060c \u0637\u0646\u062c\u0629\u060c \u062a\u0637\u0648\u0627\u0646\" srcset=\"https:\/\/yestothenet.com\/wp-content\/uploads\/2024\/01\/Creation-application-Web-Fes-Meknes-Tanger-Tetouan-1.png 550w, https:\/\/yestothenet.com\/wp-content\/uploads\/2024\/01\/Creation-application-Web-Fes-Meknes-Tanger-Tetouan-1-300x224.png 300w\" sizes=\"(max-width: 550px) 100vw, 550px\" \/>\t\t\t\t\t\t\t\t\t\t\t\t\t<\/div>\n\t\t\t\t<\/div>\n\t\t\t\t\t<\/div>\n\t\t<\/div>\n\t\t\t\t<div class=\"elementor-column elementor-col-50 elementor-inner-column elementor-element elementor-element-dce0f81 ot-flex-column-vertical\" data-id=\"dce0f81\" data-element_type=\"column\">\n\t\t\t<div class=\"elementor-widget-wrap elementor-element-populated\">\n\t\t\t\t\t\t<div class=\"elementor-element elementor-element-ea79d5e elementor-widget elementor-widget-iheading\" data-id=\"ea79d5e\" data-element_type=\"widget\" data-widget_type=\"iheading.default\">\n\t\t\t\t<div class=\"elementor-widget-container\">\n\t\t\t\t\t<div class=\"ot-heading\">\r\n\t        <h1 class=\"main-heading\">YES TO THE NET \u2013 Cr\u00e9ation application Web Fes, Meknes, Tanger, Tetouan<\/h1>\t    <\/div>\r\n\t    \t\t<\/div>\n\t\t\t\t<\/div>\n\t\t\t\t<div class=\"elementor-element elementor-element-734d7ce elementor-widget elementor-widget-text-editor\" data-id=\"734d7ce\" data-element_type=\"widget\" data-widget_type=\"text-editor.default\">\n\t\t\t\t<div class=\"elementor-widget-container\">\n\t\t\t\t\t\t\t<p>\u00cates-vous en qu\u00eate d&rsquo;une r\u00e9volution pour votre pr\u00e9sence en ligne ? Notre service de <strong>cr\u00e9ation application Web Fes, Meknes, Tanger, Tetouan <\/strong>est la solution optimale pour vous. Notre agence de communication YES TO THE NET est reconnue pour son professionnalisme et son expertise dans le domaine de marketing digital.<\/p><p>Notre mission est de fournir des solutions sur mesure qui non seulement r\u00e9pondent aux besoins sp\u00e9cifiques de nos clients mais les propulsent \u00e9galement vers le succ\u00e8s. Avec une \u00e9quipe d&rsquo;experts dans la <strong><span style=\"color: #33cccc;\"><a style=\"color: #33cccc;\" href=\"https:\/\/yestothenet.com\/ar\/%d8%a5%d9%86%d8%b4%d8%a7%d8%a1-%d8%aa%d8%b7%d8%a8%d9%8a%d9%82%d8%a7%d8%aa-%d8%a7%d9%84%d9%88%d9%8a%d8%a8\/\">\u0625\u0646\u0634\u0627\u0621 \u062a\u0637\u0628\u064a\u0642\u0627\u062a \u0627\u0644\u0648\u064a\u0628<\/a><\/span> \u0641\u0627\u0633\u060c \u0645\u0643\u0646\u0627\u0633\u060c \u0637\u0646\u062c\u0629\u060c \u062a\u0637\u0648\u0627\u0646<\/strong> passionn\u00e9s par l&rsquo;innovation et la technologie, nous sommes pr\u00eats \u00e0 relever tous les d\u00e9fis pour vous aider \u00e0 atteindre vos objectifs.<\/p><p>Avec notre approche personnalis\u00e9e, notre expertise technologique et notre engagement envers la satisfaction du client, nous sommes pr\u00eats \u00e0 transformer vos visions en r\u00e9alit\u00e9s num\u00e9riques r\u00e9ussies. Contactez-nous aujourd&rsquo;hui au <span style=\"color: #33cccc;\"><a style=\"color: #33cccc;\" href=\"tel:06 61 26 30 34\"><strong>06 61 26 30 34<\/strong><\/a><\/span> pour plus d\u2019information concernant notre service de <strong>cr\u00e9ation application Web Fes, Meknes, Tanger<\/strong>.<\/p>\t\t\t\t\t\t<\/div>\n\t\t\t\t<\/div>\n\t\t\t\t\t<\/div>\n\t\t<\/div>\n\t\t\t\t\t<\/div>\n\t\t<\/section>\n\t\t\t\t\t<\/div>\n\t\t<\/div>\n\t\t\t\t\t<\/div>\n\t\t<\/section>\n\t\t\t\t<section class=\"elementor-section elementor-top-section elementor-element elementor-element-30c462d ot-traditional elementor-section-boxed elementor-section-height-default elementor-section-height-default\" data-id=\"30c462d\" data-element_type=\"section\">\n\t\t\t\t\t\t<div class=\"elementor-container elementor-column-gap-default\">\n\t\t\t\t\t<div class=\"elementor-column elementor-col-100 elementor-top-column elementor-element elementor-element-c788162 ot-flex-column-vertical\" data-id=\"c788162\" data-element_type=\"column\">\n\t\t\t<div class=\"elementor-widget-wrap elementor-element-populated\">\n\t\t\t\t\t\t<section class=\"elementor-section elementor-inner-section elementor-element elementor-element-ab020ed elementor-section-full_width elementor-section-content-bottom ot-traditional elementor-section-height-default elementor-section-height-default\" data-id=\"ab020ed\" data-element_type=\"section\" data-settings=\"{&quot;background_background&quot;:&quot;classic&quot;}\">\n\t\t\t\t\t\t\t<div class=\"elementor-background-overlay\"><\/div>\n\t\t\t\t\t\t\t<div class=\"elementor-container elementor-column-gap-extended\">\n\t\t\t\t\t<div class=\"elementor-column elementor-col-50 elementor-inner-column elementor-element elementor-element-ffaaf2a ot-flex-column-vertical\" data-id=\"ffaaf2a\" data-element_type=\"column\">\n\t\t\t<div class=\"elementor-widget-wrap elementor-element-populated\">\n\t\t\t\t\t\t<div class=\"elementor-element elementor-element-5ff7ce1 elementor-widget elementor-widget-iheading\" data-id=\"5ff7ce1\" data-element_type=\"widget\" data-widget_type=\"iheading.default\">\n\t\t\t\t<div class=\"elementor-widget-container\">\n\t\t\t\t\t<div class=\"ot-heading\">\r\n\t        \t            <span>\/\/ \u0645\u0639 \u0646\u0639\u0645 \u0644\u0644\u0634\u0628\u0643\u0629\u060c<\/span>\r\n\t        <h2 class=\"main-heading\">\u0623\u062d\u062f\u062b \u062b\u0648\u0631\u0629 \u0641\u064a \u062d\u0636\u0648\u0631\u0643 \u0639\u0644\u0649 \u0627\u0644\u0625\u0646\u062a\u0631\u0646\u062a <\/h2>\t    <\/div>\r\n\t    \t\t<\/div>\n\t\t\t\t<\/div>\n\t\t\t\t\t<\/div>\n\t\t<\/div>\n\t\t\t\t<div class=\"elementor-column elementor-col-50 elementor-inner-column elementor-element elementor-element-3fd82f3 ot-flex-column-vertical\" data-id=\"3fd82f3\" data-element_type=\"column\">\n\t\t\t<div class=\"elementor-widget-wrap elementor-element-populated\">\n\t\t\t\t\t\t<div class=\"elementor-element elementor-element-e146430 elementor-align-right elementor-mobile-align-left elementor-widget elementor-widget-button\" data-id=\"e146430\" data-element_type=\"widget\" data-widget_type=\"button.default\">\n\t\t\t\t<div class=\"elementor-widget-container\">\n\t\t\t\t\t<div class=\"elementor-button-wrapper\">\n\t\t\t<a class=\"elementor-button elementor-button-link elementor-size-md\" href=\"https:\/\/yestothenet.com\/ar\/contact\/\">\n\t\t\t\t\t\t<span class=\"elementor-button-content-wrapper\">\n\t\t\t\t\t\t\t\t\t<span class=\"elementor-button-text\">\u0627\u062a\u0635\u0644 \u0628\u0646\u0627<\/span>\n\t\t\t\t\t<\/span>\n\t\t\t\t\t<\/a>\n\t\t<\/div>\n\t\t\t\t<\/div>\n\t\t\t\t<\/div>\n\t\t\t\t\t<\/div>\n\t\t<\/div>\n\t\t\t\t\t<\/div>\n\t\t<\/section>\n\t\t\t\t\t<\/div>\n\t\t<\/div>\n\t\t\t\t\t<\/div>\n\t\t<\/section>\n\t\t\t\t<section class=\"elementor-section elementor-top-section elementor-element elementor-element-81a82a5 ot-traditional elementor-section-boxed elementor-section-height-default elementor-section-height-default\" data-id=\"81a82a5\" data-element_type=\"section\" data-settings=\"{&quot;background_background&quot;:&quot;classic&quot;}\">\n\t\t\t\t\t\t\t<div class=\"elementor-background-overlay\"><\/div>\n\t\t\t\t\t\t\t<div class=\"elementor-container elementor-column-gap-extended\">\n\t\t\t\t\t<div class=\"elementor-column elementor-col-50 elementor-top-column elementor-element elementor-element-18b89c0 ot-flex-column-vertical\" data-id=\"18b89c0\" data-element_type=\"column\">\n\t\t\t<div class=\"elementor-widget-wrap elementor-element-populated\">\n\t\t\t\t\t\t<section class=\"elementor-section elementor-inner-section elementor-element elementor-element-dd648d0 elementor-section-full_width ot-traditional elementor-section-height-default elementor-section-height-default\" data-id=\"dd648d0\" data-element_type=\"section\">\n\t\t\t\t\t\t<div class=\"elementor-container elementor-column-gap-default\">\n\t\t\t\t\t<div class=\"elementor-column elementor-col-100 elementor-inner-column elementor-element elementor-element-9c59460 ot-flex-column-vertical\" data-id=\"9c59460\" data-element_type=\"column\">\n\t\t\t<div class=\"elementor-widget-wrap elementor-element-populated\">\n\t\t\t\t\t\t<div class=\"elementor-element elementor-element-45e921b elementor-widget elementor-widget-iheading\" data-id=\"45e921b\" data-element_type=\"widget\" data-widget_type=\"iheading.default\">\n\t\t\t\t<div class=\"elementor-widget-container\">\n\t\t\t\t\t<div class=\"ot-heading\">\r\n\t        <h2 class=\"main-heading\">Contactez votre Partenaire pour un service de cr\u00e9ation application Web Fes, Meknes, Tanger, Tetouan sur mesure <\/h2>\t    <\/div>\r\n\t    \t\t<\/div>\n\t\t\t\t<\/div>\n\t\t\t\t<div class=\"elementor-element elementor-element-9a4497b elementor-widget elementor-widget-text-editor\" data-id=\"9a4497b\" data-element_type=\"widget\" data-widget_type=\"text-editor.default\">\n\t\t\t\t<div class=\"elementor-widget-container\">\n\t\t\t\t\t\t\t<p>Chez YES TO THE NET, nous croyons que chaque projet est unique. Notre approche est donc personnalis\u00e9e pour s&rsquo;aligner parfaitement avec votre vision et vos exigences sp\u00e9cifiques. Nous d\u00e9butons chaque projet par une analyse approfondie de vos besoins, suivie par la planification et la conception d&rsquo;une strat\u00e9gie sur mesure. Nos d\u00e9veloppeurs, designers et chefs de projet travaillent en \u00e9troite collaboration avec vous tout au long du processus de cr\u00e9ation pour garantir que l&rsquo;application finale d\u00e9passe vos attentes. Que vous soyez une startup innovante ou une entreprise \u00e9tablie, nous avons l&rsquo;expertise et la passion n\u00e9cessaires pour transformer vos id\u00e9es en une r\u00e9alit\u00e9 num\u00e9rique captivante.<\/p><p style=\"text-align: center;\"><strong>Des Technologies de Pointe pour des Solutions Avanc\u00e9es<\/strong><\/p><p>L&rsquo;innovation est au c\u0153ur de YES TO THE NET. Nous utilisons les derni\u00e8res technologies et pratiques de d\u00e9veloppement pour garantir que votre application web ne soit pas seulement esth\u00e9tiquement agr\u00e9able, mais aussi fonctionnelle, s\u00e9curis\u00e9e et facile \u00e0 utiliser. Notre \u00e9quipe ma\u00eetrise une multitude de langages de programmation, frameworks et outils de d\u00e9veloppement, nous permettant de cr\u00e9er des applications robustes et \u00e9volutives. De plus, notre expertise en mati\u00e8re de SEO et de marketing digital assure que votre application ne se contente pas d&rsquo;exister, mais brille et atteint sa cible efficacement sur le march\u00e9 en ligne.<\/p>\t\t\t\t\t\t<\/div>\n\t\t\t\t<\/div>\n\t\t\t\t\t<\/div>\n\t\t<\/div>\n\t\t\t\t\t<\/div>\n\t\t<\/section>\n\t\t\t\t\t<\/div>\n\t\t<\/div>\n\t\t\t\t<div class=\"elementor-column elementor-col-50 elementor-top-column elementor-element elementor-element-8a09494 ot-flex-column-vertical\" data-id=\"8a09494\" data-element_type=\"column\">\n\t\t\t<div class=\"elementor-widget-wrap elementor-element-populated\">\n\t\t\t\t\t\t<div class=\"elementor-element elementor-element-49ce0c4 elementor-widget elementor-widget-image\" data-id=\"49ce0c4\" data-element_type=\"widget\" data-widget_type=\"image.default\">\n\t\t\t\t<div class=\"elementor-widget-container\">\n\t\t\t\t\t\t\t\t\t\t\t\t\t<img decoding=\"async\" width=\"1024\" height=\"536\" src=\"https:\/\/yestothenet.com\/wp-content\/uploads\/2024\/01\/Creation-application-Web-Fes-Meknes-Tanger-Tetouan-1024x536.png\" class=\"attachment-large size-large wp-image-7160\" alt=\"\u0625\u0646\u0634\u0627\u0621 \u062a\u0637\u0628\u064a\u0642\u0627\u062a \u0627\u0644\u0648\u064a\u0628 \u0641\u064a \u0641\u0627\u0633\u060c \u0645\u0643\u0646\u0627\u0633\u060c \u0637\u0646\u062c\u0629\u060c \u062a\u0637\u0648\u0627\u0646\" srcset=\"https:\/\/yestothenet.com\/wp-content\/uploads\/2024\/01\/Creation-application-Web-Fes-Meknes-Tanger-Tetouan-1024x536.png 1024w, https:\/\/yestothenet.com\/wp-content\/uploads\/2024\/01\/Creation-application-Web-Fes-Meknes-Tanger-Tetouan-300x157.png 300w, https:\/\/yestothenet.com\/wp-content\/uploads\/2024\/01\/Creation-application-Web-Fes-Meknes-Tanger-Tetouan-768x402.png 768w, https:\/\/yestothenet.com\/wp-content\/uploads\/2024\/01\/Creation-application-Web-Fes-Meknes-Tanger-Tetouan-720x377.png 720w, https:\/\/yestothenet.com\/wp-content\/uploads\/2024\/01\/Creation-application-Web-Fes-Meknes-Tanger-Tetouan.png 1170w\" sizes=\"(max-width: 1024px) 100vw, 1024px\" \/>\t\t\t\t\t\t\t\t\t\t\t\t\t<\/div>\n\t\t\t\t<\/div>\n\t\t\t\t\t<\/div>\n\t\t<\/div>\n\t\t\t\t\t<\/div>\n\t\t<\/section>\n\t\t\t\t<\/div>","protected":false},"excerpt":{"rendered":"<p>YES TO THE NET \u2013 Cr\u00e9ation application Web Fes, Meknes, Tanger, Tetouan \u00cates-vous en qu\u00eate d&rsquo;une r\u00e9volution pour votre pr\u00e9sence en ligne ? Notre service de cr\u00e9ation application Web Fes, Meknes, Tanger, Tetouan est la solution optimale pour vous. Notre agence de communication YES TO THE NET est reconnue pour son professionnalisme et son expertise [&hellip;]<\/p>","protected":false},"author":1,"featured_media":0,"parent":0,"menu_order":0,"comment_status":"closed","ping_status":"closed","template":"","meta":{"footnotes":""},"class_list":["post-7153","page","type-page","status-publish","hentry"],"yoast_head":"<!-- This site is optimized with the Yoast SEO plugin v23.6 - https:\/\/yoast.com\/wordpress\/plugins\/seo\/ -->\n<title>Cr\u00e9ation application Web Fes, Meknes, Tanger, Tetouan<\/title>\n<meta name=\"description\" content=\"R\u00e9volutionnez votre pr\u00e9sence en ligne avec le service sur mesure de cr\u00e9ation application Web Fes, Meknes, Tanger, Tetouan de YES TO THE NET.\" \/>\n<meta name=\"robots\" content=\"index, follow, max-snippet:-1, max-image-preview:large, max-video-preview:-1\" \/>\n<link rel=\"canonical\" href=\"https:\/\/yestothenet.com\/ar\/creation-application-web-fes-meknes-tanger-tetouan\/\" \/>\n<meta property=\"og:locale\" content=\"ar_AR\" \/>\n<meta property=\"og:type\" content=\"article\" \/>\n<meta property=\"og:title\" content=\"Cr\u00e9ation application Web Fes, Meknes, Tanger, Tetouan\" \/>\n<meta property=\"og:description\" content=\"R\u00e9volutionnez votre pr\u00e9sence en ligne avec le service sur mesure de cr\u00e9ation application Web Fes, Meknes, Tanger, Tetouan de YES TO THE NET.\" \/>\n<meta property=\"og:url\" content=\"https:\/\/yestothenet.com\/ar\/creation-application-web-fes-meknes-tanger-tetouan\/\" \/>\n<meta property=\"og:site_name\" content=\"Yes To The Net\" \/>\n<meta property=\"article:publisher\" content=\"https:\/\/www.instagram.com\/yestothenet\/\" \/>\n<meta property=\"article:modified_time\" content=\"2024-01-18T14:32:35+00:00\" \/>\n<meta property=\"og:image\" content=\"https:\/\/yestothenet.com\/wp-content\/uploads\/2024\/01\/Creation-application-Web-Fes-Meknes-Tanger-Tetouan-1.png\" \/>\n<meta name=\"twitter:card\" content=\"summary_large_image\" \/>\n<meta name=\"twitter:label1\" content=\"\u0648\u0642\u062a \u0627\u0644\u0642\u0631\u0627\u0621\u0629 \u0627\u0644\u0645\u064f\u0642\u062f\u0651\u0631\" \/>\n\t<meta name=\"twitter:data1\" content=\"3 \u062f\u0642\u0627\u0626\u0642\" \/>\n<script type=\"application\/ld+json\" class=\"yoast-schema-graph\">{\"@context\":\"https:\/\/schema.org\",\"@graph\":[{\"@type\":\"WebPage\",\"@id\":\"https:\/\/yestothenet.com\/creation-application-web-fes-meknes-tanger-tetouan\/\",\"url\":\"https:\/\/yestothenet.com\/creation-application-web-fes-meknes-tanger-tetouan\/\",\"name\":\"Cr\u00e9ation application Web Fes, Meknes, Tanger, Tetouan\",\"isPartOf\":{\"@id\":\"https:\/\/yestothenet.com\/#website\"},\"primaryImageOfPage\":{\"@id\":\"https:\/\/yestothenet.com\/creation-application-web-fes-meknes-tanger-tetouan\/#primaryimage\"},\"image\":{\"@id\":\"https:\/\/yestothenet.com\/creation-application-web-fes-meknes-tanger-tetouan\/#primaryimage\"},\"thumbnailUrl\":\"https:\/\/yestothenet.com\/wp-content\/uploads\/2024\/01\/Creation-application-Web-Fes-Meknes-Tanger-Tetouan-1.png\",\"datePublished\":\"2024-01-18T14:22:39+00:00\",\"dateModified\":\"2024-01-18T14:32:35+00:00\",\"description\":\"R\u00e9volutionnez votre pr\u00e9sence en ligne avec le service sur mesure de cr\u00e9ation application Web Fes, Meknes, Tanger, Tetouan de YES TO THE NET.\",\"breadcrumb\":{\"@id\":\"https:\/\/yestothenet.com\/creation-application-web-fes-meknes-tanger-tetouan\/#breadcrumb\"},\"inLanguage\":\"ar\",\"potentialAction\":[{\"@type\":\"ReadAction\",\"target\":[\"https:\/\/yestothenet.com\/creation-application-web-fes-meknes-tanger-tetouan\/\"]}]},{\"@type\":\"ImageObject\",\"inLanguage\":\"ar\",\"@id\":\"https:\/\/yestothenet.com\/creation-application-web-fes-meknes-tanger-tetouan\/#primaryimage\",\"url\":\"https:\/\/yestothenet.com\/wp-content\/uploads\/2024\/01\/Creation-application-Web-Fes-Meknes-Tanger-Tetouan-1.png\",\"contentUrl\":\"https:\/\/yestothenet.com\/wp-content\/uploads\/2024\/01\/Creation-application-Web-Fes-Meknes-Tanger-Tetouan-1.png\"},{\"@type\":\"BreadcrumbList\",\"@id\":\"https:\/\/yestothenet.com\/creation-application-web-fes-meknes-tanger-tetouan\/#breadcrumb\",\"itemListElement\":[{\"@type\":\"ListItem\",\"position\":1,\"name\":\"Accueil\",\"item\":\"https:\/\/yestothenet.com\/\"},{\"@type\":\"ListItem\",\"position\":2,\"name\":\"&#8230; Cr\u00e9ation application Web Fes, Meknes, Tanger, Tetouan\"}]},{\"@type\":\"WebSite\",\"@id\":\"https:\/\/yestothenet.com\/#website\",\"url\":\"https:\/\/yestothenet.com\/\",\"name\":\"YES TO THE NET\",\"description\":\"Votre agence de communication \u00e0 Marrakech\",\"publisher\":{\"@id\":\"https:\/\/yestothenet.com\/#organization\"},\"potentialAction\":[{\"@type\":\"SearchAction\",\"target\":{\"@type\":\"EntryPoint\",\"urlTemplate\":\"https:\/\/yestothenet.com\/?s={search_term_string}\"},\"query-input\":{\"@type\":\"PropertyValueSpecification\",\"valueRequired\":true,\"valueName\":\"search_term_string\"}}],\"inLanguage\":\"ar\"},{\"@type\":\"Organization\",\"@id\":\"https:\/\/yestothenet.com\/#organization\",\"name\":\"YES TO THE NET\",\"url\":\"https:\/\/yestothenet.com\/\",\"logo\":{\"@type\":\"ImageObject\",\"inLanguage\":\"ar\",\"@id\":\"https:\/\/yestothenet.com\/#\/schema\/logo\/image\/\",\"url\":\"https:\/\/yestothenet.com\/wp-content\/uploads\/2024\/02\/cropped-YES_THE_TO_NET-removebg-preview.png\",\"contentUrl\":\"https:\/\/yestothenet.com\/wp-content\/uploads\/2024\/02\/cropped-YES_THE_TO_NET-removebg-preview.png\",\"width\":512,\"height\":512,\"caption\":\"YES TO THE NET\"},\"image\":{\"@id\":\"https:\/\/yestothenet.com\/#\/schema\/logo\/image\/\"},\"sameAs\":[\"https:\/\/www.instagram.com\/yestothenet\/\"]}]}<\/script>\n<!-- \/ Yoast SEO plugin. -->","yoast_head_json":{"title":"Cr\u00e9ation application Web Fes, Meknes, Tanger, Tetouan","description":"R\u00e9volutionnez votre pr\u00e9sence en ligne avec le service sur mesure de cr\u00e9ation application Web Fes, Meknes, Tanger, Tetouan de YES TO THE NET.","robots":{"index":"index","follow":"follow","max-snippet":"max-snippet:-1","max-image-preview":"max-image-preview:large","max-video-preview":"max-video-preview:-1"},"canonical":"https:\/\/yestothenet.com\/ar\/creation-application-web-fes-meknes-tanger-tetouan\/","og_locale":"ar_AR","og_type":"article","og_title":"Cr\u00e9ation application Web Fes, Meknes, Tanger, Tetouan","og_description":"R\u00e9volutionnez votre pr\u00e9sence en ligne avec le service sur mesure de cr\u00e9ation application Web Fes, Meknes, Tanger, Tetouan de YES TO THE NET.","og_url":"https:\/\/yestothenet.com\/ar\/creation-application-web-fes-meknes-tanger-tetouan\/","og_site_name":"Yes To The Net","article_publisher":"https:\/\/www.instagram.com\/yestothenet\/","article_modified_time":"2024-01-18T14:32:35+00:00","og_image":[{"url":"https:\/\/yestothenet.com\/wp-content\/uploads\/2024\/01\/Creation-application-Web-Fes-Meknes-Tanger-Tetouan-1.png"}],"twitter_card":"summary_large_image","twitter_misc":{"\u0648\u0642\u062a \u0627\u0644\u0642\u0631\u0627\u0621\u0629 \u0627\u0644\u0645\u064f\u0642\u062f\u0651\u0631":"3 \u062f\u0642\u0627\u0626\u0642"},"schema":{"@context":"https:\/\/schema.org","@graph":[{"@type":"WebPage","@id":"https:\/\/yestothenet.com\/creation-application-web-fes-meknes-tanger-tetouan\/","url":"https:\/\/yestothenet.com\/creation-application-web-fes-meknes-tanger-tetouan\/","name":"Cr\u00e9ation application Web Fes, Meknes, Tanger, Tetouan","isPartOf":{"@id":"https:\/\/yestothenet.com\/#website"},"primaryImageOfPage":{"@id":"https:\/\/yestothenet.com\/creation-application-web-fes-meknes-tanger-tetouan\/#primaryimage"},"image":{"@id":"https:\/\/yestothenet.com\/creation-application-web-fes-meknes-tanger-tetouan\/#primaryimage"},"thumbnailUrl":"https:\/\/yestothenet.com\/wp-content\/uploads\/2024\/01\/Creation-application-Web-Fes-Meknes-Tanger-Tetouan-1.png","datePublished":"2024-01-18T14:22:39+00:00","dateModified":"2024-01-18T14:32:35+00:00","description":"R\u00e9volutionnez votre pr\u00e9sence en ligne avec le service sur mesure de cr\u00e9ation application Web Fes, Meknes, Tanger, Tetouan de YES TO THE NET.","breadcrumb":{"@id":"https:\/\/yestothenet.com\/creation-application-web-fes-meknes-tanger-tetouan\/#breadcrumb"},"inLanguage":"ar","potentialAction":[{"@type":"ReadAction","target":["https:\/\/yestothenet.com\/creation-application-web-fes-meknes-tanger-tetouan\/"]}]},{"@type":"ImageObject","inLanguage":"ar","@id":"https:\/\/yestothenet.com\/creation-application-web-fes-meknes-tanger-tetouan\/#primaryimage","url":"https:\/\/yestothenet.com\/wp-content\/uploads\/2024\/01\/Creation-application-Web-Fes-Meknes-Tanger-Tetouan-1.png","contentUrl":"https:\/\/yestothenet.com\/wp-content\/uploads\/2024\/01\/Creation-application-Web-Fes-Meknes-Tanger-Tetouan-1.png"},{"@type":"BreadcrumbList","@id":"https:\/\/yestothenet.com\/creation-application-web-fes-meknes-tanger-tetouan\/#breadcrumb","itemListElement":[{"@type":"ListItem","position":1,"name":"Accueil","item":"https:\/\/yestothenet.com\/"},{"@type":"ListItem","position":2,"name":"&#8230; Cr\u00e9ation application Web Fes, Meknes, Tanger, Tetouan"}]},{"@type":"WebSite","@id":"https:\/\/yestothenet.com\/#website","url":"https:\/\/yestothenet.com\/","name":"YES TO THE NET","description":"Votre agence de communication \u00e0 Marrakech","publisher":{"@id":"https:\/\/yestothenet.com\/#organization"},"potentialAction":[{"@type":"SearchAction","target":{"@type":"EntryPoint","urlTemplate":"https:\/\/yestothenet.com\/?s={search_term_string}"},"query-input":{"@type":"PropertyValueSpecification","valueRequired":true,"valueName":"search_term_string"}}],"inLanguage":"ar"},{"@type":"Organization","@id":"https:\/\/yestothenet.com\/#organization","name":"YES TO THE NET","url":"https:\/\/yestothenet.com\/","logo":{"@type":"ImageObject","inLanguage":"ar","@id":"https:\/\/yestothenet.com\/#\/schema\/logo\/image\/","url":"https:\/\/yestothenet.com\/wp-content\/uploads\/2024\/02\/cropped-YES_THE_TO_NET-removebg-preview.png","contentUrl":"https:\/\/yestothenet.com\/wp-content\/uploads\/2024\/02\/cropped-YES_THE_TO_NET-removebg-preview.png","width":512,"height":512,"caption":"YES TO THE NET"},"image":{"@id":"https:\/\/yestothenet.com\/#\/schema\/logo\/image\/"},"sameAs":["https:\/\/www.instagram.com\/yestothenet\/"]}]}},"_links":{"self":[{"href":"https:\/\/yestothenet.com\/ar\/wp-json\/wp\/v2\/pages\/7153","targetHints":{"allow":["GET"]}}],"collection":[{"href":"https:\/\/yestothenet.com\/ar\/wp-json\/wp\/v2\/pages"}],"about":[{"href":"https:\/\/yestothenet.com\/ar\/wp-json\/wp\/v2\/types\/page"}],"author":[{"embeddable":true,"href":"https:\/\/yestothenet.com\/ar\/wp-json\/wp\/v2\/users\/1"}],"replies":[{"embeddable":true,"href":"https:\/\/yestothenet.com\/ar\/wp-json\/wp\/v2\/comments?post=7153"}],"version-history":[{"count":7,"href":"https:\/\/yestothenet.com\/ar\/wp-json\/wp\/v2\/pages\/7153\/revisions"}],"predecessor-version":[{"id":7163,"href":"https:\/\/yestothenet.com\/ar\/wp-json\/wp\/v2\/pages\/7153\/revisions\/7163"}],"wp:attachment":[{"href":"https:\/\/yestothenet.com\/ar\/wp-json\/wp\/v2\/media?parent=7153"}],"curies":[{"name":"wp","href":"https:\/\/api.w.org\/{rel}","templated":true}]}}