{"id":5906,"date":"2023-10-16T18:09:57","date_gmt":"2023-10-16T16:09:57","guid":{"rendered":"https:\/\/yestothenet.com\/?page_id=5906"},"modified":"2023-12-20T16:42:25","modified_gmt":"2023-12-20T15:42:25","slug":"seo-rabat-kenitra","status":"publish","type":"page","link":"https:\/\/yestothenet.com\/ar\/seo-rabat-kenitra\/","title":{"rendered":"&#8230; SEO Rabat, Kenitra"},"content":{"rendered":"<div data-elementor-type=\"wp-page\" data-elementor-id=\"5906\" class=\"elementor elementor-5906\" data-elementor-post-type=\"page\">\n\t\t\t\t\t\t<section class=\"elementor-section elementor-top-section elementor-element elementor-element-2db1430 elementor-section-content-middle ot-traditional elementor-section-boxed elementor-section-height-default elementor-section-height-default\" data-id=\"2db1430\" data-element_type=\"section\">\n\t\t\t\t\t\t<div class=\"elementor-container elementor-column-gap-default\">\n\t\t\t\t\t<div class=\"elementor-column elementor-col-100 elementor-top-column elementor-element elementor-element-9ca7f6d ot-flex-column-vertical\" data-id=\"9ca7f6d\" data-element_type=\"column\">\n\t\t\t<div class=\"elementor-widget-wrap elementor-element-populated\">\n\t\t\t\t\t\t<section class=\"elementor-section elementor-inner-section elementor-element elementor-element-ae21701 elementor-section-content-top elementor-section-full_width ot-traditional elementor-section-height-default elementor-section-height-default\" data-id=\"ae21701\" data-element_type=\"section\">\n\t\t\t\t\t\t<div class=\"elementor-container elementor-column-gap-extended\">\n\t\t\t\t\t<div class=\"elementor-column elementor-col-50 elementor-inner-column elementor-element elementor-element-78f9ac9 ot-flex-column-vertical\" data-id=\"78f9ac9\" data-element_type=\"column\">\n\t\t\t<div class=\"elementor-widget-wrap elementor-element-populated\">\n\t\t\t\t\t\t<div class=\"elementor-element elementor-element-25eb330 elementor-widget__width-initial elementor-widget elementor-widget-image\" data-id=\"25eb330\" data-element_type=\"widget\" data-widget_type=\"image.default\">\n\t\t\t\t<div class=\"elementor-widget-container\">\n\t\t\t\t\t\t\t\t\t\t\t\t\t<img fetchpriority=\"high\" decoding=\"async\" width=\"600\" height=\"600\" src=\"https:\/\/yestothenet.com\/wp-content\/uploads\/2023\/10\/SEO-Rabat-Kenitra.png\" class=\"attachment-large size-large wp-image-5909\" alt=\"SEO Rabat, Kenitra\" srcset=\"https:\/\/yestothenet.com\/wp-content\/uploads\/2023\/10\/SEO-Rabat-Kenitra.png 600w, https:\/\/yestothenet.com\/wp-content\/uploads\/2023\/10\/SEO-Rabat-Kenitra-300x300.png 300w, https:\/\/yestothenet.com\/wp-content\/uploads\/2023\/10\/SEO-Rabat-Kenitra-150x150.png 150w\" sizes=\"(max-width: 600px) 100vw, 600px\" \/>\t\t\t\t\t\t\t\t\t\t\t\t\t<\/div>\n\t\t\t\t<\/div>\n\t\t\t\t\t<\/div>\n\t\t<\/div>\n\t\t\t\t<div class=\"elementor-column elementor-col-50 elementor-inner-column elementor-element elementor-element-dce0f81 ot-flex-column-vertical\" data-id=\"dce0f81\" data-element_type=\"column\">\n\t\t\t<div class=\"elementor-widget-wrap elementor-element-populated\">\n\t\t\t\t\t\t<div class=\"elementor-element elementor-element-ea79d5e elementor-widget elementor-widget-iheading\" data-id=\"ea79d5e\" data-element_type=\"widget\" data-widget_type=\"iheading.default\">\n\t\t\t\t<div class=\"elementor-widget-container\">\n\t\t\t\t\t<div class=\"ot-heading\">\r\n\t        <h1 class=\"main-heading\">\nYES TO THE NET \u2013 Votre SEO Rabat, Kenitra de confiance <\/h1>\t    <\/div>\r\n\t    \t\t<\/div>\n\t\t\t\t<\/div>\n\t\t\t\t<div class=\"elementor-element elementor-element-734d7ce elementor-widget__width-initial elementor-widget elementor-widget-text-editor\" data-id=\"734d7ce\" data-element_type=\"widget\" data-widget_type=\"text-editor.default\">\n\t\t\t\t<div class=\"elementor-widget-container\">\n\t\t\t\t\t\t\t<p>Parce que votre site web est l&rsquo;ambassadeur num\u00e9rique de votre entreprise, l\u2019agence YES TO THE NET vous proposer un service <strong>SEO Rabat, Kenitra<\/strong> \u0630\u0627\u062a \u062c\u0648\u062f\u0629 \u0639\u0627\u0644\u064a\u0629 \u062c\u062f\u064b\u0627.<\/p><p>Avec notre agence <strong><span style=\"color: #33cccc;\"><a style=\"color: #33cccc;\" href=\"https:\/\/yestothenet.com\/ar\/%d8%a7%d9%84%d8%a5%d8%b4%d8%a7%d8%b1%d8%a9-%d8%a5%d9%84%d9%89-%d8%aa%d8%ad%d8%b3%d9%8a%d9%86-%d9%85%d8%ad%d8%b1%d9%83%d8%a7%d8%aa-%d8%a7%d9%84%d8%a8%d8%ad%d8%ab-%d8%a7%d9%84%d8%b7%d8%a8%d9%8a%d8%b9\/\">\u062a\u062d\u0633\u064a\u0646 \u0645\u062d\u0631\u0643\u0627\u062a \u0627\u0644\u0628\u062d\u062b<\/a><\/span> \u0627\u0644\u0631\u0628\u0627\u0637\u060c \u0627\u0644\u0642\u0646\u064a\u0637\u0631\u0629<\/strong>, vous b\u00e9n\u00e9ficiez de :<\/p><p>Optimisation avanc\u00e9e : Notre approche ax\u00e9e sur les donn\u00e9es, l&rsquo;analyse de la concurrence et la recherche de mots-cl\u00e9s vous garantit une visibilit\u00e9 accrue.<\/p><p>Contenu de qualit\u00e9 : Nous cr\u00e9ons du contenu riche et pertinent pour votre audience, am\u00e9liorant l&rsquo;engagement et renfor\u00e7ant votre autorit\u00e9 en ligne.<\/p><p>Backlinks de qualit\u00e9 : Nous construisons un r\u00e9seau de backlinks de haute qualit\u00e9 pour renforcer votre cr\u00e9dibilit\u00e9 aux yeux des moteurs de recherche.<\/p><p>Rapports transparents : Restez inform\u00e9 de chaque avanc\u00e9e gr\u00e2ce \u00e0 nos rapports d\u00e9taill\u00e9s.<\/p><p>Suivi et ajustements : Nous restons \u00e0 l&rsquo;\u00e9coute des tendances et ajustons constamment votre strat\u00e9gie pour maximiser les r\u00e9sultats.<\/p>\t\t\t\t\t\t<\/div>\n\t\t\t\t<\/div>\n\t\t\t\t\t<\/div>\n\t\t<\/div>\n\t\t\t\t\t<\/div>\n\t\t<\/section>\n\t\t\t\t\t<\/div>\n\t\t<\/div>\n\t\t\t\t\t<\/div>\n\t\t<\/section>\n\t\t\t\t<section class=\"elementor-section elementor-top-section elementor-element elementor-element-50bde43 ot-traditional elementor-section-boxed elementor-section-height-default elementor-section-height-default\" data-id=\"50bde43\" data-element_type=\"section\">\n\t\t\t\t\t\t<div class=\"elementor-container elementor-column-gap-default\">\n\t\t\t\t\t<div class=\"elementor-column elementor-col-100 elementor-top-column elementor-element elementor-element-f8e54d9 ot-flex-column-vertical\" data-id=\"f8e54d9\" data-element_type=\"column\">\n\t\t\t<div class=\"elementor-widget-wrap elementor-element-populated\">\n\t\t\t\t\t\t<div class=\"elementor-element elementor-element-f88d326 elementor-widget elementor-widget-text-editor\" data-id=\"f88d326\" data-element_type=\"widget\" data-widget_type=\"text-editor.default\">\n\t\t\t\t<div class=\"elementor-widget-container\">\n\t\t\t\t\t\t\t<p>Laissez notre agence <strong>SEO Rabat, Kenitra<\/strong> propulser votre site web vers de nouveaux sommets. Contactez-nous d\u00e8s aujourd&rsquo;hui au <span style=\"color: #33cccc;\"><a style=\"color: #33cccc;\" href=\"tel:06 61 26 30 34\"><strong>06 61 26 30 34<\/strong><\/a><\/span> pour booster votre visibilit\u00e9 en ligne !<\/p>\t\t\t\t\t\t<\/div>\n\t\t\t\t<\/div>\n\t\t\t\t\t<\/div>\n\t\t<\/div>\n\t\t\t\t\t<\/div>\n\t\t<\/section>\n\t\t\t\t<section class=\"elementor-section elementor-top-section elementor-element elementor-element-30c462d ot-traditional elementor-section-boxed elementor-section-height-default elementor-section-height-default\" data-id=\"30c462d\" data-element_type=\"section\">\n\t\t\t\t\t\t<div class=\"elementor-container elementor-column-gap-default\">\n\t\t\t\t\t<div class=\"elementor-column elementor-col-100 elementor-top-column elementor-element elementor-element-c788162 ot-flex-column-vertical\" data-id=\"c788162\" data-element_type=\"column\">\n\t\t\t<div class=\"elementor-widget-wrap elementor-element-populated\">\n\t\t\t\t\t\t<section class=\"elementor-section elementor-inner-section elementor-element elementor-element-ab020ed elementor-section-full_width elementor-section-content-bottom ot-traditional elementor-section-height-default elementor-section-height-default\" data-id=\"ab020ed\" data-element_type=\"section\" data-settings=\"{&quot;background_background&quot;:&quot;classic&quot;}\">\n\t\t\t\t\t\t\t<div class=\"elementor-background-overlay\"><\/div>\n\t\t\t\t\t\t\t<div class=\"elementor-container elementor-column-gap-extended\">\n\t\t\t\t\t<div class=\"elementor-column elementor-col-50 elementor-inner-column elementor-element elementor-element-ffaaf2a ot-flex-column-vertical\" data-id=\"ffaaf2a\" data-element_type=\"column\">\n\t\t\t<div class=\"elementor-widget-wrap elementor-element-populated\">\n\t\t\t\t\t\t<div class=\"elementor-element elementor-element-5ff7ce1 elementor-widget elementor-widget-iheading\" data-id=\"5ff7ce1\" data-element_type=\"widget\" data-widget_type=\"iheading.default\">\n\t\t\t\t<div class=\"elementor-widget-container\">\n\t\t\t\t\t<div class=\"ot-heading\">\r\n\t        \t            <span>\/\/ \u0641\u064a \u0646\u0639\u0645 \u0644\u0644\u0634\u0628\u0643\u0629\u060c<\/span>\r\n\t        <h2 class=\"main-heading\">\u062a\u062d\u0633\u064a\u0646 \u0638\u0647\u0648\u0631\u0643 \u0639\u0644\u0649 \u0627\u0644\u0625\u0646\u062a\u0631\u0646\u062a<\/h2>\t    <\/div>\r\n\t    \t\t<\/div>\n\t\t\t\t<\/div>\n\t\t\t\t\t<\/div>\n\t\t<\/div>\n\t\t\t\t<div class=\"elementor-column elementor-col-50 elementor-inner-column elementor-element elementor-element-3fd82f3 ot-flex-column-vertical\" data-id=\"3fd82f3\" data-element_type=\"column\">\n\t\t\t<div class=\"elementor-widget-wrap elementor-element-populated\">\n\t\t\t\t\t\t<div class=\"elementor-element elementor-element-e146430 elementor-align-right elementor-mobile-align-left elementor-widget elementor-widget-button\" data-id=\"e146430\" data-element_type=\"widget\" data-widget_type=\"button.default\">\n\t\t\t\t<div class=\"elementor-widget-container\">\n\t\t\t\t\t<div class=\"elementor-button-wrapper\">\n\t\t\t<a class=\"elementor-button elementor-button-link elementor-size-md\" href=\"https:\/\/yestothenet.com\/ar\/contact\/\">\n\t\t\t\t\t\t<span class=\"elementor-button-content-wrapper\">\n\t\t\t\t\t\t\t\t\t<span class=\"elementor-button-text\">\u0627\u062a\u0635\u0644 \u0628\u0646\u0627<\/span>\n\t\t\t\t\t<\/span>\n\t\t\t\t\t<\/a>\n\t\t<\/div>\n\t\t\t\t<\/div>\n\t\t\t\t<\/div>\n\t\t\t\t\t<\/div>\n\t\t<\/div>\n\t\t\t\t\t<\/div>\n\t\t<\/section>\n\t\t\t\t\t<\/div>\n\t\t<\/div>\n\t\t\t\t\t<\/div>\n\t\t<\/section>\n\t\t\t\t<section class=\"elementor-section elementor-top-section elementor-element elementor-element-81a82a5 ot-traditional elementor-section-boxed elementor-section-height-default elementor-section-height-default\" data-id=\"81a82a5\" data-element_type=\"section\" data-settings=\"{&quot;background_background&quot;:&quot;classic&quot;}\">\n\t\t\t\t\t\t\t<div class=\"elementor-background-overlay\"><\/div>\n\t\t\t\t\t\t\t<div class=\"elementor-container elementor-column-gap-extended\">\n\t\t\t\t\t<div class=\"elementor-column elementor-col-50 elementor-top-column elementor-element elementor-element-18b89c0 ot-flex-column-vertical\" data-id=\"18b89c0\" data-element_type=\"column\">\n\t\t\t<div class=\"elementor-widget-wrap elementor-element-populated\">\n\t\t\t\t\t\t<div class=\"elementor-element elementor-element-45e921b elementor-widget elementor-widget-iheading\" data-id=\"45e921b\" data-element_type=\"widget\" data-widget_type=\"iheading.default\">\n\t\t\t\t<div class=\"elementor-widget-container\">\n\t\t\t\t\t<div class=\"ot-heading\">\r\n\t        <h2 class=\"main-heading\">Optimisez Votre Pr\u00e9sence en Ligne avec un service SEO Rabat, Kenitra<\/h2>\t    <\/div>\r\n\t    \t\t<\/div>\n\t\t\t\t<\/div>\n\t\t\t\t<section class=\"elementor-section elementor-inner-section elementor-element elementor-element-dd648d0 elementor-section-full_width ot-traditional elementor-section-height-default elementor-section-height-default\" data-id=\"dd648d0\" data-element_type=\"section\">\n\t\t\t\t\t\t<div class=\"elementor-container elementor-column-gap-default\">\n\t\t\t\t\t<div class=\"elementor-column elementor-col-100 elementor-inner-column elementor-element elementor-element-9c59460 ot-flex-column-vertical\" data-id=\"9c59460\" data-element_type=\"column\">\n\t\t\t<div class=\"elementor-widget-wrap elementor-element-populated\">\n\t\t\t\t\t\t<div class=\"elementor-element elementor-element-9a4497b elementor-widget elementor-widget-text-editor\" data-id=\"9a4497b\" data-element_type=\"widget\" data-widget_type=\"text-editor.default\">\n\t\t\t\t<div class=\"elementor-widget-container\">\n\t\t\t\t\t\t\t<p>Le SEO est un ensemble de pratiques visant \u00e0 am\u00e9liorer la visibilit\u00e9 de votre site web sur les moteurs de recherche tels que Google, Bing, et Yahoo. En investissant dans une strat\u00e9gie de r\u00e9f\u00e9rencement efficace, vous augmentez vos chances d&rsquo;appara\u00eetre en t\u00eate des r\u00e9sultats de recherche lorsque les clients potentiels recherchent des produits ou des services similaires aux v\u00f4tres. Voici pourquoi le SEO est essentiel pour votre entreprise :<\/p><ol><li>Visibilit\u00e9 accrue<\/li><\/ol><p>Le SEO bien ex\u00e9cut\u00e9 place votre site web devant un public plus large. Les utilisateurs ont tendance \u00e0 cliquer sur les premiers r\u00e9sultats de recherche, ce qui signifie que si vous \u00eates en haut de la page, vous avez de meilleures chances d&rsquo;attirer leur attention.<\/p><ol start=\"2\"><li>Trafic de qualit\u00e9<\/li><\/ol><p>L&rsquo;objectif du SEO n&rsquo;est pas seulement d&rsquo;attirer plus de trafic, mais du trafic qualifi\u00e9. En optimisant votre site pour les mots-cl\u00e9s pertinents, vous attirez des visiteurs int\u00e9ress\u00e9s par vos produits ou services, ce qui augmente les chances de conversion.<\/p><ol start=\"3\"><li>Rentabilit\u00e9 \u00e0 long terme<\/li><\/ol><p>Contrairement \u00e0 la publicit\u00e9 payante, les r\u00e9sultats du SEO sont durables. Une fois que vous avez \u00e9tabli une position solide dans les r\u00e9sultats de recherche, vous pouvez continuer \u00e0 b\u00e9n\u00e9ficier d&rsquo;un trafic organique sans co\u00fbts publicitaires \u00e9lev\u00e9s.<\/p><ol start=\"4\"><li>Cr\u00e9dibilit\u00e9 et confiance<\/li><\/ol><p>Les utilisateurs ont tendance \u00e0 faire confiance aux sites qui apparaissent en haut des r\u00e9sultats de recherche. Une forte pr\u00e9sence dans les r\u00e9sultats de recherche renforce la cr\u00e9dibilit\u00e9 de votre entreprise.<\/p>\t\t\t\t\t\t<\/div>\n\t\t\t\t<\/div>\n\t\t\t\t\t<\/div>\n\t\t<\/div>\n\t\t\t\t\t<\/div>\n\t\t<\/section>\n\t\t\t\t\t<\/div>\n\t\t<\/div>\n\t\t\t\t<div class=\"elementor-column elementor-col-50 elementor-top-column elementor-element elementor-element-8a09494 ot-flex-column-vertical\" data-id=\"8a09494\" data-element_type=\"column\">\n\t\t\t<div class=\"elementor-widget-wrap\">\n\t\t\t\t\t\t\t<\/div>\n\t\t<\/div>\n\t\t\t\t\t<\/div>\n\t\t<\/section>\n\t\t\t\t<\/div>","protected":false},"excerpt":{"rendered":"<p>YES TO THE NET \u2013 Votre SEO Rabat, Kenitra de confiance Parce que votre site web est l&rsquo;ambassadeur num\u00e9rique de votre entreprise, l\u2019agence YES TO THE NET vous proposer un service SEO Rabat, Kenitra de tr\u00e8s haute qualit\u00e9. Avec notre agence SEO Rabat, Kenitra, vous b\u00e9n\u00e9ficiez de : Optimisation avanc\u00e9e : Notre approche ax\u00e9e sur [&hellip;]<\/p>","protected":false},"author":1,"featured_media":0,"parent":0,"menu_order":0,"comment_status":"closed","ping_status":"closed","template":"","meta":{"footnotes":""},"class_list":["post-5906","page","type-page","status-publish","hentry"],"yoast_head":"<!-- This site is optimized with the Yoast SEO plugin v23.6 - https:\/\/yoast.com\/wordpress\/plugins\/seo\/ -->\n<title>SEO Rabat, Kenitra \u2013 YES TO THE NET<\/title>\n<meta name=\"description\" content=\"Vous avez besoin d\u2019une agence SEO Rabat, Kenitra ? YES TO THE NET saura r\u00e9pondre parfaitement \u00e0 vos attentes.\" \/>\n<meta name=\"robots\" content=\"index, follow, max-snippet:-1, max-image-preview:large, max-video-preview:-1\" \/>\n<link rel=\"canonical\" href=\"https:\/\/yestothenet.com\/ar\/seo-rabat-kenitra\/\" \/>\n<meta property=\"og:locale\" content=\"ar_AR\" \/>\n<meta property=\"og:type\" content=\"article\" \/>\n<meta property=\"og:title\" content=\"SEO Rabat, Kenitra \u2013 YES TO THE NET\" \/>\n<meta property=\"og:description\" content=\"Vous avez besoin d\u2019une agence SEO Rabat, Kenitra ? YES TO THE NET saura r\u00e9pondre parfaitement \u00e0 vos attentes.\" \/>\n<meta property=\"og:url\" content=\"https:\/\/yestothenet.com\/ar\/seo-rabat-kenitra\/\" \/>\n<meta property=\"og:site_name\" content=\"Yes To The Net\" \/>\n<meta property=\"article:publisher\" content=\"https:\/\/www.instagram.com\/yestothenet\/\" \/>\n<meta property=\"article:modified_time\" content=\"2023-12-20T15:42:25+00:00\" \/>\n<meta property=\"og:image\" content=\"https:\/\/yestothenet.com\/wp-content\/uploads\/2023\/10\/SEO-Rabat-Kenitra.png\" \/>\n<meta name=\"twitter:card\" content=\"summary_large_image\" \/>\n<meta name=\"twitter:label1\" content=\"\u0648\u0642\u062a \u0627\u0644\u0642\u0631\u0627\u0621\u0629 \u0627\u0644\u0645\u064f\u0642\u062f\u0651\u0631\" \/>\n\t<meta name=\"twitter:data1\" content=\"3 \u062f\u0642\u0627\u0626\u0642\" \/>\n<script type=\"application\/ld+json\" class=\"yoast-schema-graph\">{\"@context\":\"https:\/\/schema.org\",\"@graph\":[{\"@type\":\"WebPage\",\"@id\":\"https:\/\/yestothenet.com\/seo-rabat-kenitra\/\",\"url\":\"https:\/\/yestothenet.com\/seo-rabat-kenitra\/\",\"name\":\"SEO Rabat, Kenitra \u2013 YES TO THE NET\",\"isPartOf\":{\"@id\":\"https:\/\/yestothenet.com\/#website\"},\"primaryImageOfPage\":{\"@id\":\"https:\/\/yestothenet.com\/seo-rabat-kenitra\/#primaryimage\"},\"image\":{\"@id\":\"https:\/\/yestothenet.com\/seo-rabat-kenitra\/#primaryimage\"},\"thumbnailUrl\":\"https:\/\/yestothenet.com\/wp-content\/uploads\/2023\/10\/SEO-Rabat-Kenitra.png\",\"datePublished\":\"2023-10-16T16:09:57+00:00\",\"dateModified\":\"2023-12-20T15:42:25+00:00\",\"description\":\"Vous avez besoin d\u2019une agence SEO Rabat, Kenitra ? YES TO THE NET saura r\u00e9pondre parfaitement \u00e0 vos attentes.\",\"breadcrumb\":{\"@id\":\"https:\/\/yestothenet.com\/seo-rabat-kenitra\/#breadcrumb\"},\"inLanguage\":\"ar\",\"potentialAction\":[{\"@type\":\"ReadAction\",\"target\":[\"https:\/\/yestothenet.com\/seo-rabat-kenitra\/\"]}]},{\"@type\":\"ImageObject\",\"inLanguage\":\"ar\",\"@id\":\"https:\/\/yestothenet.com\/seo-rabat-kenitra\/#primaryimage\",\"url\":\"https:\/\/yestothenet.com\/wp-content\/uploads\/2023\/10\/SEO-Rabat-Kenitra.png\",\"contentUrl\":\"https:\/\/yestothenet.com\/wp-content\/uploads\/2023\/10\/SEO-Rabat-Kenitra.png\"},{\"@type\":\"BreadcrumbList\",\"@id\":\"https:\/\/yestothenet.com\/seo-rabat-kenitra\/#breadcrumb\",\"itemListElement\":[{\"@type\":\"ListItem\",\"position\":1,\"name\":\"Accueil\",\"item\":\"https:\/\/yestothenet.com\/\"},{\"@type\":\"ListItem\",\"position\":2,\"name\":\"&#8230; SEO Rabat, Kenitra\"}]},{\"@type\":\"WebSite\",\"@id\":\"https:\/\/yestothenet.com\/#website\",\"url\":\"https:\/\/yestothenet.com\/\",\"name\":\"YES TO THE NET\",\"description\":\"Votre agence de communication \u00e0 Marrakech\",\"publisher\":{\"@id\":\"https:\/\/yestothenet.com\/#organization\"},\"potentialAction\":[{\"@type\":\"SearchAction\",\"target\":{\"@type\":\"EntryPoint\",\"urlTemplate\":\"https:\/\/yestothenet.com\/?s={search_term_string}\"},\"query-input\":{\"@type\":\"PropertyValueSpecification\",\"valueRequired\":true,\"valueName\":\"search_term_string\"}}],\"inLanguage\":\"ar\"},{\"@type\":\"Organization\",\"@id\":\"https:\/\/yestothenet.com\/#organization\",\"name\":\"YES TO THE NET\",\"url\":\"https:\/\/yestothenet.com\/\",\"logo\":{\"@type\":\"ImageObject\",\"inLanguage\":\"ar\",\"@id\":\"https:\/\/yestothenet.com\/#\/schema\/logo\/image\/\",\"url\":\"https:\/\/yestothenet.com\/wp-content\/uploads\/2024\/02\/cropped-YES_THE_TO_NET-removebg-preview.png\",\"contentUrl\":\"https:\/\/yestothenet.com\/wp-content\/uploads\/2024\/02\/cropped-YES_THE_TO_NET-removebg-preview.png\",\"width\":512,\"height\":512,\"caption\":\"YES TO THE NET\"},\"image\":{\"@id\":\"https:\/\/yestothenet.com\/#\/schema\/logo\/image\/\"},\"sameAs\":[\"https:\/\/www.instagram.com\/yestothenet\/\"]}]}<\/script>\n<!-- \/ Yoast SEO plugin. -->","yoast_head_json":{"title":"SEO Rabat, Kenitra \u2013 YES TO THE NET","description":"Vous avez besoin d\u2019une agence SEO Rabat, Kenitra ? YES TO THE NET saura r\u00e9pondre parfaitement \u00e0 vos attentes.","robots":{"index":"index","follow":"follow","max-snippet":"max-snippet:-1","max-image-preview":"max-image-preview:large","max-video-preview":"max-video-preview:-1"},"canonical":"https:\/\/yestothenet.com\/ar\/seo-rabat-kenitra\/","og_locale":"ar_AR","og_type":"article","og_title":"SEO Rabat, Kenitra \u2013 YES TO THE NET","og_description":"Vous avez besoin d\u2019une agence SEO Rabat, Kenitra ? YES TO THE NET saura r\u00e9pondre parfaitement \u00e0 vos attentes.","og_url":"https:\/\/yestothenet.com\/ar\/seo-rabat-kenitra\/","og_site_name":"Yes To The Net","article_publisher":"https:\/\/www.instagram.com\/yestothenet\/","article_modified_time":"2023-12-20T15:42:25+00:00","og_image":[{"url":"https:\/\/yestothenet.com\/wp-content\/uploads\/2023\/10\/SEO-Rabat-Kenitra.png"}],"twitter_card":"summary_large_image","twitter_misc":{"\u0648\u0642\u062a \u0627\u0644\u0642\u0631\u0627\u0621\u0629 \u0627\u0644\u0645\u064f\u0642\u062f\u0651\u0631":"3 \u062f\u0642\u0627\u0626\u0642"},"schema":{"@context":"https:\/\/schema.org","@graph":[{"@type":"WebPage","@id":"https:\/\/yestothenet.com\/seo-rabat-kenitra\/","url":"https:\/\/yestothenet.com\/seo-rabat-kenitra\/","name":"SEO Rabat, Kenitra \u2013 YES TO THE NET","isPartOf":{"@id":"https:\/\/yestothenet.com\/#website"},"primaryImageOfPage":{"@id":"https:\/\/yestothenet.com\/seo-rabat-kenitra\/#primaryimage"},"image":{"@id":"https:\/\/yestothenet.com\/seo-rabat-kenitra\/#primaryimage"},"thumbnailUrl":"https:\/\/yestothenet.com\/wp-content\/uploads\/2023\/10\/SEO-Rabat-Kenitra.png","datePublished":"2023-10-16T16:09:57+00:00","dateModified":"2023-12-20T15:42:25+00:00","description":"Vous avez besoin d\u2019une agence SEO Rabat, Kenitra ? YES TO THE NET saura r\u00e9pondre parfaitement \u00e0 vos attentes.","breadcrumb":{"@id":"https:\/\/yestothenet.com\/seo-rabat-kenitra\/#breadcrumb"},"inLanguage":"ar","potentialAction":[{"@type":"ReadAction","target":["https:\/\/yestothenet.com\/seo-rabat-kenitra\/"]}]},{"@type":"ImageObject","inLanguage":"ar","@id":"https:\/\/yestothenet.com\/seo-rabat-kenitra\/#primaryimage","url":"https:\/\/yestothenet.com\/wp-content\/uploads\/2023\/10\/SEO-Rabat-Kenitra.png","contentUrl":"https:\/\/yestothenet.com\/wp-content\/uploads\/2023\/10\/SEO-Rabat-Kenitra.png"},{"@type":"BreadcrumbList","@id":"https:\/\/yestothenet.com\/seo-rabat-kenitra\/#breadcrumb","itemListElement":[{"@type":"ListItem","position":1,"name":"Accueil","item":"https:\/\/yestothenet.com\/"},{"@type":"ListItem","position":2,"name":"&#8230; SEO Rabat, Kenitra"}]},{"@type":"WebSite","@id":"https:\/\/yestothenet.com\/#website","url":"https:\/\/yestothenet.com\/","name":"YES TO THE NET","description":"Votre agence de communication \u00e0 Marrakech","publisher":{"@id":"https:\/\/yestothenet.com\/#organization"},"potentialAction":[{"@type":"SearchAction","target":{"@type":"EntryPoint","urlTemplate":"https:\/\/yestothenet.com\/?s={search_term_string}"},"query-input":{"@type":"PropertyValueSpecification","valueRequired":true,"valueName":"search_term_string"}}],"inLanguage":"ar"},{"@type":"Organization","@id":"https:\/\/yestothenet.com\/#organization","name":"YES TO THE NET","url":"https:\/\/yestothenet.com\/","logo":{"@type":"ImageObject","inLanguage":"ar","@id":"https:\/\/yestothenet.com\/#\/schema\/logo\/image\/","url":"https:\/\/yestothenet.com\/wp-content\/uploads\/2024\/02\/cropped-YES_THE_TO_NET-removebg-preview.png","contentUrl":"https:\/\/yestothenet.com\/wp-content\/uploads\/2024\/02\/cropped-YES_THE_TO_NET-removebg-preview.png","width":512,"height":512,"caption":"YES TO THE NET"},"image":{"@id":"https:\/\/yestothenet.com\/#\/schema\/logo\/image\/"},"sameAs":["https:\/\/www.instagram.com\/yestothenet\/"]}]}},"_links":{"self":[{"href":"https:\/\/yestothenet.com\/ar\/wp-json\/wp\/v2\/pages\/5906","targetHints":{"allow":["GET"]}}],"collection":[{"href":"https:\/\/yestothenet.com\/ar\/wp-json\/wp\/v2\/pages"}],"about":[{"href":"https:\/\/yestothenet.com\/ar\/wp-json\/wp\/v2\/types\/page"}],"author":[{"embeddable":true,"href":"https:\/\/yestothenet.com\/ar\/wp-json\/wp\/v2\/users\/1"}],"replies":[{"embeddable":true,"href":"https:\/\/yestothenet.com\/ar\/wp-json\/wp\/v2\/comments?post=5906"}],"version-history":[{"count":8,"href":"https:\/\/yestothenet.com\/ar\/wp-json\/wp\/v2\/pages\/5906\/revisions"}],"predecessor-version":[{"id":6806,"href":"https:\/\/yestothenet.com\/ar\/wp-json\/wp\/v2\/pages\/5906\/revisions\/6806"}],"wp:attachment":[{"href":"https:\/\/yestothenet.com\/ar\/wp-json\/wp\/v2\/media?parent=5906"}],"curies":[{"name":"wp","href":"https:\/\/api.w.org\/{rel}","templated":true}]}}