{"id":5880,"date":"2023-10-09T17:56:29","date_gmt":"2023-10-09T15:56:29","guid":{"rendered":"https:\/\/yestothenet.com\/?page_id=5880"},"modified":"2023-12-20T16:42:52","modified_gmt":"2023-12-20T15:42:52","slug":"seo-laayoune-dakhla","status":"publish","type":"page","link":"https:\/\/yestothenet.com\/ar\/seo-laayoune-dakhla\/","title":{"rendered":"\u2026 SEO \u0627\u0644\u0639\u064a\u0648\u0646\u060c \u0627\u0644\u062f\u0627\u062e\u0644\u0629"},"content":{"rendered":"<div data-elementor-type=\"wp-page\" data-elementor-id=\"5880\" class=\"elementor elementor-5880\" data-elementor-post-type=\"page\">\n\t\t\t\t\t\t<section class=\"elementor-section elementor-top-section elementor-element elementor-element-2db1430 elementor-section-content-middle ot-traditional elementor-section-boxed elementor-section-height-default elementor-section-height-default\" data-id=\"2db1430\" data-element_type=\"section\">\n\t\t\t\t\t\t<div class=\"elementor-container elementor-column-gap-default\">\n\t\t\t\t\t<div class=\"elementor-column elementor-col-100 elementor-top-column elementor-element elementor-element-9ca7f6d ot-flex-column-vertical\" data-id=\"9ca7f6d\" data-element_type=\"column\">\n\t\t\t<div class=\"elementor-widget-wrap elementor-element-populated\">\n\t\t\t\t\t\t<section class=\"elementor-section elementor-inner-section elementor-element elementor-element-ae21701 elementor-section-content-top elementor-section-full_width ot-traditional elementor-section-height-default elementor-section-height-default\" data-id=\"ae21701\" data-element_type=\"section\">\n\t\t\t\t\t\t<div class=\"elementor-container elementor-column-gap-extended\">\n\t\t\t\t\t<div class=\"elementor-column elementor-col-50 elementor-inner-column elementor-element elementor-element-78f9ac9 ot-flex-column-vertical\" data-id=\"78f9ac9\" data-element_type=\"column\">\n\t\t\t<div class=\"elementor-widget-wrap elementor-element-populated\">\n\t\t\t\t\t\t<div class=\"elementor-element elementor-element-25eb330 elementor-widget__width-initial elementor-widget elementor-widget-image\" data-id=\"25eb330\" data-element_type=\"widget\" data-widget_type=\"image.default\">\n\t\t\t\t<div class=\"elementor-widget-container\">\n\t\t\t\t\t\t\t\t\t\t\t\t\t<img fetchpriority=\"high\" decoding=\"async\" width=\"1024\" height=\"973\" src=\"https:\/\/yestothenet.com\/wp-content\/uploads\/2023\/10\/SEO-Laayoune-Dakhla-1024x973.png\" class=\"attachment-large size-large wp-image-5883\" alt=\"SEO Laayoune, Dakhla\" srcset=\"https:\/\/yestothenet.com\/wp-content\/uploads\/2023\/10\/SEO-Laayoune-Dakhla-1024x973.png 1024w, https:\/\/yestothenet.com\/wp-content\/uploads\/2023\/10\/SEO-Laayoune-Dakhla-300x285.png 300w, https:\/\/yestothenet.com\/wp-content\/uploads\/2023\/10\/SEO-Laayoune-Dakhla-768x730.png 768w, https:\/\/yestothenet.com\/wp-content\/uploads\/2023\/10\/SEO-Laayoune-Dakhla-720x684.png 720w, https:\/\/yestothenet.com\/wp-content\/uploads\/2023\/10\/SEO-Laayoune-Dakhla-600x570.png 600w, https:\/\/yestothenet.com\/wp-content\/uploads\/2023\/10\/SEO-Laayoune-Dakhla.png 1079w\" sizes=\"(max-width: 1024px) 100vw, 1024px\" \/>\t\t\t\t\t\t\t\t\t\t\t\t\t<\/div>\n\t\t\t\t<\/div>\n\t\t\t\t\t<\/div>\n\t\t<\/div>\n\t\t\t\t<div class=\"elementor-column elementor-col-50 elementor-inner-column elementor-element elementor-element-dce0f81 ot-flex-column-vertical\" data-id=\"dce0f81\" data-element_type=\"column\">\n\t\t\t<div class=\"elementor-widget-wrap elementor-element-populated\">\n\t\t\t\t\t\t<div class=\"elementor-element elementor-element-ea79d5e elementor-widget elementor-widget-iheading\" data-id=\"ea79d5e\" data-element_type=\"widget\" data-widget_type=\"iheading.default\">\n\t\t\t\t<div class=\"elementor-widget-container\">\n\t\t\t\t\t<div class=\"ot-heading\">\r\n\t        <h1 class=\"main-heading\">\nYES TO THE NET \u2013 SEO Laayoune, Dakhla<\/h1>\t    <\/div>\r\n\t    \t\t<\/div>\n\t\t\t\t<\/div>\n\t\t\t\t<div class=\"elementor-element elementor-element-734d7ce elementor-widget__width-initial elementor-widget elementor-widget-text-editor\" data-id=\"734d7ce\" data-element_type=\"widget\" data-widget_type=\"text-editor.default\">\n\t\t\t\t<div class=\"elementor-widget-container\">\n\t\t\t\t\t\t\t<p>Vous souhaitez am\u00e9liorer votre E-r\u00e9putation\u00a0et vous avez besoin d\u2019un sp\u00e9cialiste en <strong>SEO Laayoune, Dakhla\u00a0<\/strong>? L\u2019agence YES TO THE NET est reconnue par son professionnalisme et son expertise dans le domaine de la communication digitale.<\/p><p>Nous mettons \u00e0 votre disposition un service <strong><span style=\"color: #33cccc;\"><a style=\"color: #33cccc;\" href=\"https:\/\/yestothenet.com\/ar\/%d8%a7%d9%84%d8%a5%d8%b4%d8%a7%d8%b1%d8%a9-%d8%a5%d9%84%d9%89-%d8%aa%d8%ad%d8%b3%d9%8a%d9%86-%d9%85%d8%ad%d8%b1%d9%83%d8%a7%d8%aa-%d8%a7%d9%84%d8%a8%d8%ad%d8%ab-%d8%a7%d9%84%d8%b7%d8%a8%d9%8a%d8%b9\/\">\u062a\u062d\u0633\u064a\u0646 \u0645\u062d\u0631\u0643\u0627\u062a \u0627\u0644\u0628\u062d\u062b<\/a><\/span> \u0627\u0644\u0639\u064a\u0648\u0646\u060c \u0627\u0644\u062f\u0627\u062e\u0644\u0629\u00a0<\/strong>qui comprend\u00a0:<\/p><ul><li>Un audit approfondi de votre site, des analyses statistiques et la cr\u00e9ation d&rsquo;un plan d&rsquo;action personnalis\u00e9 visant \u00e0 am\u00e9liorer votre visibilit\u00e9 sur les mots-cl\u00e9s qui ont un impact sur votre chiffre d&rsquo;affaires.<\/li><li>La recherche de nouveaux mots-cl\u00e9s pertinents et le suivi de votre positionnement sur ceux-ci.<\/li><li>Des optimisations techniques r\u00e9alis\u00e9es par notre \u00e9quipe de d\u00e9veloppeurs exp\u00e9riment\u00e9s pour am\u00e9liorer les performances de votre site.<\/li><li>La cr\u00e9ation de contenus <strong>SEO Laayoune, Dakhla\u00a0<\/strong>conviviaux et \u00e0 forte valeur ajout\u00e9e.<\/li><li>L&rsquo;am\u00e9lioration de votre taux de conversion en ajoutant des fonctionnalit\u00e9s et en apportant des am\u00e9liorations ergonomiques et esth\u00e9tiques \u00e0 votre site.<\/li><li>La cr\u00e9ation de backlinks de qualit\u00e9 \u00e0 partir de sites li\u00e9s \u00e0 votre domaine d&rsquo;activit\u00e9.<\/li><li>La fourniture de rapports r\u00e9guliers d\u00e9taillant les actions effectu\u00e9es, accompagn\u00e9s d&rsquo;explications pour chaque action entreprise.<\/li><\/ul>\t\t\t\t\t\t<\/div>\n\t\t\t\t<\/div>\n\t\t\t\t\t<\/div>\n\t\t<\/div>\n\t\t\t\t\t<\/div>\n\t\t<\/section>\n\t\t\t\t\t<\/div>\n\t\t<\/div>\n\t\t\t\t\t<\/div>\n\t\t<\/section>\n\t\t\t\t<section class=\"elementor-section elementor-top-section elementor-element elementor-element-50bde43 ot-traditional elementor-section-boxed elementor-section-height-default elementor-section-height-default\" data-id=\"50bde43\" data-element_type=\"section\">\n\t\t\t\t\t\t<div class=\"elementor-container elementor-column-gap-default\">\n\t\t\t\t\t<div class=\"elementor-column elementor-col-100 elementor-top-column elementor-element elementor-element-f8e54d9 ot-flex-column-vertical\" data-id=\"f8e54d9\" data-element_type=\"column\">\n\t\t\t<div class=\"elementor-widget-wrap elementor-element-populated\">\n\t\t\t\t\t\t<div class=\"elementor-element elementor-element-f88d326 elementor-widget elementor-widget-text-editor\" data-id=\"f88d326\" data-element_type=\"widget\" data-widget_type=\"text-editor.default\">\n\t\t\t\t<div class=\"elementor-widget-container\">\n\t\t\t\t\t\t\t<p>Pour en apprendre plus sur nos diff\u00e9rents services ou obtenir un rendez-vous, appelez-nous au <span style=\"color: #33cccc;\"><a style=\"color: #33cccc;\" href=\"tel:06 61 26 30 34\"><strong>06 61 26 30 34<\/strong><\/a><\/span>.<\/p>\t\t\t\t\t\t<\/div>\n\t\t\t\t<\/div>\n\t\t\t\t\t<\/div>\n\t\t<\/div>\n\t\t\t\t\t<\/div>\n\t\t<\/section>\n\t\t\t\t<section class=\"elementor-section elementor-top-section elementor-element elementor-element-30c462d ot-traditional elementor-section-boxed elementor-section-height-default elementor-section-height-default\" data-id=\"30c462d\" data-element_type=\"section\">\n\t\t\t\t\t\t<div class=\"elementor-container elementor-column-gap-default\">\n\t\t\t\t\t<div class=\"elementor-column elementor-col-100 elementor-top-column elementor-element elementor-element-c788162 ot-flex-column-vertical\" data-id=\"c788162\" data-element_type=\"column\">\n\t\t\t<div class=\"elementor-widget-wrap elementor-element-populated\">\n\t\t\t\t\t\t<section class=\"elementor-section elementor-inner-section elementor-element elementor-element-ab020ed elementor-section-full_width elementor-section-content-bottom ot-traditional elementor-section-height-default elementor-section-height-default\" data-id=\"ab020ed\" data-element_type=\"section\" data-settings=\"{&quot;background_background&quot;:&quot;classic&quot;}\">\n\t\t\t\t\t\t\t<div class=\"elementor-background-overlay\"><\/div>\n\t\t\t\t\t\t\t<div class=\"elementor-container elementor-column-gap-extended\">\n\t\t\t\t\t<div class=\"elementor-column elementor-col-50 elementor-inner-column elementor-element elementor-element-ffaaf2a ot-flex-column-vertical\" data-id=\"ffaaf2a\" data-element_type=\"column\">\n\t\t\t<div class=\"elementor-widget-wrap elementor-element-populated\">\n\t\t\t\t\t\t<div class=\"elementor-element elementor-element-5ff7ce1 elementor-widget elementor-widget-iheading\" data-id=\"5ff7ce1\" data-element_type=\"widget\" data-widget_type=\"iheading.default\">\n\t\t\t\t<div class=\"elementor-widget-container\">\n\t\t\t\t\t<div class=\"ot-heading\">\r\n\t        \t            <span>\/\/ \u0641\u064a \u0646\u0639\u0645 \u0644\u0644\u0634\u0628\u0643\u0629\u060c<\/span>\r\n\t        <h2 class=\"main-heading\">\u062a\u062d\u0633\u064a\u0646 \u0638\u0647\u0648\u0631\u0643 \u0639\u0644\u0649 \u0627\u0644\u0625\u0646\u062a\u0631\u0646\u062a<\/h2>\t    <\/div>\r\n\t    \t\t<\/div>\n\t\t\t\t<\/div>\n\t\t\t\t\t<\/div>\n\t\t<\/div>\n\t\t\t\t<div class=\"elementor-column elementor-col-50 elementor-inner-column elementor-element elementor-element-3fd82f3 ot-flex-column-vertical\" data-id=\"3fd82f3\" data-element_type=\"column\">\n\t\t\t<div class=\"elementor-widget-wrap elementor-element-populated\">\n\t\t\t\t\t\t<div class=\"elementor-element elementor-element-e146430 elementor-align-right elementor-mobile-align-left elementor-widget elementor-widget-button\" data-id=\"e146430\" data-element_type=\"widget\" data-widget_type=\"button.default\">\n\t\t\t\t<div class=\"elementor-widget-container\">\n\t\t\t\t\t<div class=\"elementor-button-wrapper\">\n\t\t\t<a class=\"elementor-button elementor-button-link elementor-size-md\" href=\"https:\/\/yestothenet.com\/ar\/contact\/\">\n\t\t\t\t\t\t<span class=\"elementor-button-content-wrapper\">\n\t\t\t\t\t\t\t\t\t<span class=\"elementor-button-text\">\u0627\u062a\u0635\u0644 \u0628\u0646\u0627<\/span>\n\t\t\t\t\t<\/span>\n\t\t\t\t\t<\/a>\n\t\t<\/div>\n\t\t\t\t<\/div>\n\t\t\t\t<\/div>\n\t\t\t\t\t<\/div>\n\t\t<\/div>\n\t\t\t\t\t<\/div>\n\t\t<\/section>\n\t\t\t\t\t<\/div>\n\t\t<\/div>\n\t\t\t\t\t<\/div>\n\t\t<\/section>\n\t\t\t\t<section class=\"elementor-section elementor-top-section elementor-element elementor-element-81a82a5 ot-traditional elementor-section-boxed elementor-section-height-default elementor-section-height-default\" data-id=\"81a82a5\" data-element_type=\"section\" data-settings=\"{&quot;background_background&quot;:&quot;classic&quot;}\">\n\t\t\t\t\t\t\t<div class=\"elementor-background-overlay\"><\/div>\n\t\t\t\t\t\t\t<div class=\"elementor-container elementor-column-gap-extended\">\n\t\t\t\t\t<div class=\"elementor-column elementor-col-50 elementor-top-column elementor-element elementor-element-18b89c0 ot-flex-column-vertical\" data-id=\"18b89c0\" data-element_type=\"column\">\n\t\t\t<div class=\"elementor-widget-wrap elementor-element-populated\">\n\t\t\t\t\t\t<div class=\"elementor-element elementor-element-45e921b elementor-widget elementor-widget-iheading\" data-id=\"45e921b\" data-element_type=\"widget\" data-widget_type=\"iheading.default\">\n\t\t\t\t<div class=\"elementor-widget-container\">\n\t\t\t\t\t<div class=\"ot-heading\">\r\n\t        <h2 class=\"main-heading\">Contactez votre expert en SEO Laayoune, Dakhla de r\u00e9f\u00e9rence  <\/h2>\t    <\/div>\r\n\t    \t\t<\/div>\n\t\t\t\t<\/div>\n\t\t\t\t<section class=\"elementor-section elementor-inner-section elementor-element elementor-element-dd648d0 elementor-section-full_width ot-traditional elementor-section-height-default elementor-section-height-default\" data-id=\"dd648d0\" data-element_type=\"section\">\n\t\t\t\t\t\t<div class=\"elementor-container elementor-column-gap-default\">\n\t\t\t\t\t<div class=\"elementor-column elementor-col-100 elementor-inner-column elementor-element elementor-element-9c59460 ot-flex-column-vertical\" data-id=\"9c59460\" data-element_type=\"column\">\n\t\t\t<div class=\"elementor-widget-wrap elementor-element-populated\">\n\t\t\t\t\t\t<div class=\"elementor-element elementor-element-9a4497b elementor-widget elementor-widget-text-editor\" data-id=\"9a4497b\" data-element_type=\"widget\" data-widget_type=\"text-editor.default\">\n\t\t\t\t<div class=\"elementor-widget-container\">\n\t\t\t\t\t\t\t<p>Optimiser la visibilit\u00e9 de votre site web de mani\u00e8re naturelle est essentiel pour accro\u00eetre sa pr\u00e9sence en ligne de mani\u00e8re durable. Chez YES TO THE NET, nous sommes une agence sp\u00e9cialis\u00e9e dans le domaine du r\u00e9f\u00e9rencement naturel (SEO) et nous vous offrons l&rsquo;expertise d&rsquo;une \u00e9quipe de professionnels aguerris dans ce domaine.<\/p><p>Nous comprenons que chaque secteur d&rsquo;activit\u00e9 a ses propres besoins et exigences en mati\u00e8re de r\u00e9f\u00e9rencement, c&rsquo;est pourquoi nos services sont con\u00e7us pour \u00eatre flexibles et adaptables \u00e0 une vaste gamme d&rsquo;industries.<\/p><p>Que vous \u00e9voluiez dans le secteur du commerce, de l&rsquo;industrie, des services, du tourisme, de la restauration, des associations ou des collectivit\u00e9s, notre \u00e9quipe de consultants exp\u00e9riment\u00e9s est pr\u00eate \u00e0 concevoir et \u00e0 mettre en \u0153uvre une strat\u00e9gie de r\u00e9f\u00e9rencement sur mesure pour r\u00e9pondre \u00e0 vos objectifs sp\u00e9cifiques.<\/p>\t\t\t\t\t\t<\/div>\n\t\t\t\t<\/div>\n\t\t\t\t\t<\/div>\n\t\t<\/div>\n\t\t\t\t\t<\/div>\n\t\t<\/section>\n\t\t\t\t\t<\/div>\n\t\t<\/div>\n\t\t\t\t<div class=\"elementor-column elementor-col-50 elementor-top-column elementor-element elementor-element-8a09494 ot-flex-column-vertical\" data-id=\"8a09494\" data-element_type=\"column\">\n\t\t\t<div class=\"elementor-widget-wrap elementor-element-populated\">\n\t\t\t\t\t\t<div class=\"elementor-element elementor-element-69d94ca elementor-widget elementor-widget-image\" data-id=\"69d94ca\" data-element_type=\"widget\" data-widget_type=\"image.default\">\n\t\t\t\t<div class=\"elementor-widget-container\">\n\t\t\t\t\t\t\t\t\t\t\t\t\t<img decoding=\"async\" width=\"440\" height=\"325\" src=\"https:\/\/yestothenet.com\/wp-content\/uploads\/2023\/10\/SEO-Laayoune-Dakhla-2.png\" class=\"attachment-medium_large size-medium_large wp-image-5884\" alt=\"SEO Laayoune, Dakhla\" srcset=\"https:\/\/yestothenet.com\/wp-content\/uploads\/2023\/10\/SEO-Laayoune-Dakhla-2.png 440w, https:\/\/yestothenet.com\/wp-content\/uploads\/2023\/10\/SEO-Laayoune-Dakhla-2-300x222.png 300w\" sizes=\"(max-width: 440px) 100vw, 440px\" \/>\t\t\t\t\t\t\t\t\t\t\t\t\t<\/div>\n\t\t\t\t<\/div>\n\t\t\t\t\t<\/div>\n\t\t<\/div>\n\t\t\t\t\t<\/div>\n\t\t<\/section>\n\t\t\t\t<\/div>","protected":false},"excerpt":{"rendered":"<p>YES TO THE NET \u2013 SEO Laayoune, Dakhla Vous souhaitez am\u00e9liorer votre E-r\u00e9putation\u00a0et vous avez besoin d\u2019un sp\u00e9cialiste en SEO Laayoune, Dakhla\u00a0? L\u2019agence YES TO THE NET est reconnue par son professionnalisme et son expertise dans le domaine de la communication digitale. Nous mettons \u00e0 votre disposition un service SEO Laayoune, Dakhla\u00a0qui comprend\u00a0: Un audit [&hellip;]<\/p>","protected":false},"author":1,"featured_media":0,"parent":0,"menu_order":0,"comment_status":"closed","ping_status":"closed","template":"","meta":{"footnotes":""},"class_list":["post-5880","page","type-page","status-publish","hentry"],"yoast_head":"<!-- This site is optimized with the Yoast SEO plugin v23.6 - https:\/\/yoast.com\/wordpress\/plugins\/seo\/ -->\n<title>SEO Laayoune, Dakhla \u2013 YES TO THE NET<\/title>\n<meta name=\"description\" content=\"Avec YES TO THE NET, experts SEO Laayoune, Dakhla, atteignez vos objectifs en ligne gr\u00e2ce \u00e0 des solutions adapt\u00e9es \u00e0 tous les secteurs.\" \/>\n<meta name=\"robots\" content=\"index, follow, max-snippet:-1, max-image-preview:large, max-video-preview:-1\" \/>\n<link rel=\"canonical\" href=\"https:\/\/yestothenet.com\/ar\/seo-laayoune-dakhla\/\" \/>\n<meta property=\"og:locale\" content=\"ar_AR\" \/>\n<meta property=\"og:type\" content=\"article\" \/>\n<meta property=\"og:title\" content=\"SEO Laayoune, Dakhla \u2013 YES TO THE NET\" \/>\n<meta property=\"og:description\" content=\"Avec YES TO THE NET, experts SEO Laayoune, Dakhla, atteignez vos objectifs en ligne gr\u00e2ce \u00e0 des solutions adapt\u00e9es \u00e0 tous les secteurs.\" \/>\n<meta property=\"og:url\" content=\"https:\/\/yestothenet.com\/ar\/seo-laayoune-dakhla\/\" \/>\n<meta property=\"og:site_name\" content=\"Yes To The Net\" \/>\n<meta property=\"article:publisher\" content=\"https:\/\/www.instagram.com\/yestothenet\/\" \/>\n<meta property=\"article:modified_time\" content=\"2023-12-20T15:42:52+00:00\" \/>\n<meta property=\"og:image\" content=\"https:\/\/yestothenet.com\/wp-content\/uploads\/2023\/10\/SEO-Laayoune-Dakhla-1024x973.png\" \/>\n<meta name=\"twitter:card\" content=\"summary_large_image\" \/>\n<meta name=\"twitter:label1\" content=\"\u0648\u0642\u062a \u0627\u0644\u0642\u0631\u0627\u0621\u0629 \u0627\u0644\u0645\u064f\u0642\u062f\u0651\u0631\" \/>\n\t<meta name=\"twitter:data1\" content=\"3 \u062f\u0642\u0627\u0626\u0642\" \/>\n<script type=\"application\/ld+json\" class=\"yoast-schema-graph\">{\"@context\":\"https:\/\/schema.org\",\"@graph\":[{\"@type\":\"WebPage\",\"@id\":\"https:\/\/yestothenet.com\/seo-laayoune-dakhla\/\",\"url\":\"https:\/\/yestothenet.com\/seo-laayoune-dakhla\/\",\"name\":\"SEO Laayoune, Dakhla \u2013 YES TO THE NET\",\"isPartOf\":{\"@id\":\"https:\/\/yestothenet.com\/#website\"},\"primaryImageOfPage\":{\"@id\":\"https:\/\/yestothenet.com\/seo-laayoune-dakhla\/#primaryimage\"},\"image\":{\"@id\":\"https:\/\/yestothenet.com\/seo-laayoune-dakhla\/#primaryimage\"},\"thumbnailUrl\":\"https:\/\/yestothenet.com\/wp-content\/uploads\/2023\/10\/SEO-Laayoune-Dakhla-1024x973.png\",\"datePublished\":\"2023-10-09T15:56:29+00:00\",\"dateModified\":\"2023-12-20T15:42:52+00:00\",\"description\":\"Avec YES TO THE NET, experts SEO Laayoune, Dakhla, atteignez vos objectifs en ligne gr\u00e2ce \u00e0 des solutions adapt\u00e9es \u00e0 tous les secteurs.\",\"breadcrumb\":{\"@id\":\"https:\/\/yestothenet.com\/seo-laayoune-dakhla\/#breadcrumb\"},\"inLanguage\":\"ar\",\"potentialAction\":[{\"@type\":\"ReadAction\",\"target\":[\"https:\/\/yestothenet.com\/seo-laayoune-dakhla\/\"]}]},{\"@type\":\"ImageObject\",\"inLanguage\":\"ar\",\"@id\":\"https:\/\/yestothenet.com\/seo-laayoune-dakhla\/#primaryimage\",\"url\":\"https:\/\/yestothenet.com\/wp-content\/uploads\/2023\/10\/SEO-Laayoune-Dakhla-1024x973.png\",\"contentUrl\":\"https:\/\/yestothenet.com\/wp-content\/uploads\/2023\/10\/SEO-Laayoune-Dakhla-1024x973.png\"},{\"@type\":\"BreadcrumbList\",\"@id\":\"https:\/\/yestothenet.com\/seo-laayoune-dakhla\/#breadcrumb\",\"itemListElement\":[{\"@type\":\"ListItem\",\"position\":1,\"name\":\"Accueil\",\"item\":\"https:\/\/yestothenet.com\/\"},{\"@type\":\"ListItem\",\"position\":2,\"name\":\"&#8230; SEO Laayoune, Dakhla\"}]},{\"@type\":\"WebSite\",\"@id\":\"https:\/\/yestothenet.com\/#website\",\"url\":\"https:\/\/yestothenet.com\/\",\"name\":\"YES TO THE NET\",\"description\":\"Votre agence de communication \u00e0 Marrakech\",\"publisher\":{\"@id\":\"https:\/\/yestothenet.com\/#organization\"},\"potentialAction\":[{\"@type\":\"SearchAction\",\"target\":{\"@type\":\"EntryPoint\",\"urlTemplate\":\"https:\/\/yestothenet.com\/?s={search_term_string}\"},\"query-input\":{\"@type\":\"PropertyValueSpecification\",\"valueRequired\":true,\"valueName\":\"search_term_string\"}}],\"inLanguage\":\"ar\"},{\"@type\":\"Organization\",\"@id\":\"https:\/\/yestothenet.com\/#organization\",\"name\":\"YES TO THE NET\",\"url\":\"https:\/\/yestothenet.com\/\",\"logo\":{\"@type\":\"ImageObject\",\"inLanguage\":\"ar\",\"@id\":\"https:\/\/yestothenet.com\/#\/schema\/logo\/image\/\",\"url\":\"https:\/\/yestothenet.com\/wp-content\/uploads\/2024\/02\/cropped-YES_THE_TO_NET-removebg-preview.png\",\"contentUrl\":\"https:\/\/yestothenet.com\/wp-content\/uploads\/2024\/02\/cropped-YES_THE_TO_NET-removebg-preview.png\",\"width\":512,\"height\":512,\"caption\":\"YES TO THE NET\"},\"image\":{\"@id\":\"https:\/\/yestothenet.com\/#\/schema\/logo\/image\/\"},\"sameAs\":[\"https:\/\/www.instagram.com\/yestothenet\/\"]}]}<\/script>\n<!-- \/ Yoast SEO plugin. -->","yoast_head_json":{"title":"SEO Laayoune, Dakhla \u2013 YES TO THE NET","description":"Avec YES TO THE NET, experts SEO Laayoune, Dakhla, atteignez vos objectifs en ligne gr\u00e2ce \u00e0 des solutions adapt\u00e9es \u00e0 tous les secteurs.","robots":{"index":"index","follow":"follow","max-snippet":"max-snippet:-1","max-image-preview":"max-image-preview:large","max-video-preview":"max-video-preview:-1"},"canonical":"https:\/\/yestothenet.com\/ar\/seo-laayoune-dakhla\/","og_locale":"ar_AR","og_type":"article","og_title":"SEO Laayoune, Dakhla \u2013 YES TO THE NET","og_description":"Avec YES TO THE NET, experts SEO Laayoune, Dakhla, atteignez vos objectifs en ligne gr\u00e2ce \u00e0 des solutions adapt\u00e9es \u00e0 tous les secteurs.","og_url":"https:\/\/yestothenet.com\/ar\/seo-laayoune-dakhla\/","og_site_name":"Yes To The Net","article_publisher":"https:\/\/www.instagram.com\/yestothenet\/","article_modified_time":"2023-12-20T15:42:52+00:00","og_image":[{"url":"https:\/\/yestothenet.com\/wp-content\/uploads\/2023\/10\/SEO-Laayoune-Dakhla-1024x973.png"}],"twitter_card":"summary_large_image","twitter_misc":{"\u0648\u0642\u062a \u0627\u0644\u0642\u0631\u0627\u0621\u0629 \u0627\u0644\u0645\u064f\u0642\u062f\u0651\u0631":"3 \u062f\u0642\u0627\u0626\u0642"},"schema":{"@context":"https:\/\/schema.org","@graph":[{"@type":"WebPage","@id":"https:\/\/yestothenet.com\/seo-laayoune-dakhla\/","url":"https:\/\/yestothenet.com\/seo-laayoune-dakhla\/","name":"SEO Laayoune, Dakhla \u2013 YES TO THE NET","isPartOf":{"@id":"https:\/\/yestothenet.com\/#website"},"primaryImageOfPage":{"@id":"https:\/\/yestothenet.com\/seo-laayoune-dakhla\/#primaryimage"},"image":{"@id":"https:\/\/yestothenet.com\/seo-laayoune-dakhla\/#primaryimage"},"thumbnailUrl":"https:\/\/yestothenet.com\/wp-content\/uploads\/2023\/10\/SEO-Laayoune-Dakhla-1024x973.png","datePublished":"2023-10-09T15:56:29+00:00","dateModified":"2023-12-20T15:42:52+00:00","description":"Avec YES TO THE NET, experts SEO Laayoune, Dakhla, atteignez vos objectifs en ligne gr\u00e2ce \u00e0 des solutions adapt\u00e9es \u00e0 tous les secteurs.","breadcrumb":{"@id":"https:\/\/yestothenet.com\/seo-laayoune-dakhla\/#breadcrumb"},"inLanguage":"ar","potentialAction":[{"@type":"ReadAction","target":["https:\/\/yestothenet.com\/seo-laayoune-dakhla\/"]}]},{"@type":"ImageObject","inLanguage":"ar","@id":"https:\/\/yestothenet.com\/seo-laayoune-dakhla\/#primaryimage","url":"https:\/\/yestothenet.com\/wp-content\/uploads\/2023\/10\/SEO-Laayoune-Dakhla-1024x973.png","contentUrl":"https:\/\/yestothenet.com\/wp-content\/uploads\/2023\/10\/SEO-Laayoune-Dakhla-1024x973.png"},{"@type":"BreadcrumbList","@id":"https:\/\/yestothenet.com\/seo-laayoune-dakhla\/#breadcrumb","itemListElement":[{"@type":"ListItem","position":1,"name":"Accueil","item":"https:\/\/yestothenet.com\/"},{"@type":"ListItem","position":2,"name":"&#8230; SEO Laayoune, Dakhla"}]},{"@type":"WebSite","@id":"https:\/\/yestothenet.com\/#website","url":"https:\/\/yestothenet.com\/","name":"YES TO THE NET","description":"Votre agence de communication \u00e0 Marrakech","publisher":{"@id":"https:\/\/yestothenet.com\/#organization"},"potentialAction":[{"@type":"SearchAction","target":{"@type":"EntryPoint","urlTemplate":"https:\/\/yestothenet.com\/?s={search_term_string}"},"query-input":{"@type":"PropertyValueSpecification","valueRequired":true,"valueName":"search_term_string"}}],"inLanguage":"ar"},{"@type":"Organization","@id":"https:\/\/yestothenet.com\/#organization","name":"YES TO THE NET","url":"https:\/\/yestothenet.com\/","logo":{"@type":"ImageObject","inLanguage":"ar","@id":"https:\/\/yestothenet.com\/#\/schema\/logo\/image\/","url":"https:\/\/yestothenet.com\/wp-content\/uploads\/2024\/02\/cropped-YES_THE_TO_NET-removebg-preview.png","contentUrl":"https:\/\/yestothenet.com\/wp-content\/uploads\/2024\/02\/cropped-YES_THE_TO_NET-removebg-preview.png","width":512,"height":512,"caption":"YES TO THE NET"},"image":{"@id":"https:\/\/yestothenet.com\/#\/schema\/logo\/image\/"},"sameAs":["https:\/\/www.instagram.com\/yestothenet\/"]}]}},"_links":{"self":[{"href":"https:\/\/yestothenet.com\/ar\/wp-json\/wp\/v2\/pages\/5880","targetHints":{"allow":["GET"]}}],"collection":[{"href":"https:\/\/yestothenet.com\/ar\/wp-json\/wp\/v2\/pages"}],"about":[{"href":"https:\/\/yestothenet.com\/ar\/wp-json\/wp\/v2\/types\/page"}],"author":[{"embeddable":true,"href":"https:\/\/yestothenet.com\/ar\/wp-json\/wp\/v2\/users\/1"}],"replies":[{"embeddable":true,"href":"https:\/\/yestothenet.com\/ar\/wp-json\/wp\/v2\/comments?post=5880"}],"version-history":[{"count":8,"href":"https:\/\/yestothenet.com\/ar\/wp-json\/wp\/v2\/pages\/5880\/revisions"}],"predecessor-version":[{"id":6809,"href":"https:\/\/yestothenet.com\/ar\/wp-json\/wp\/v2\/pages\/5880\/revisions\/6809"}],"wp:attachment":[{"href":"https:\/\/yestothenet.com\/ar\/wp-json\/wp\/v2\/media?parent=5880"}],"curies":[{"name":"wp","href":"https:\/\/api.w.org\/{rel}","templated":true}]}}