{"id":5474,"date":"2023-09-01T13:43:48","date_gmt":"2023-09-01T11:43:48","guid":{"rendered":"http:\/\/yestothenet.com\/?page_id=5474"},"modified":"2024-09-24T13:55:09","modified_gmt":"2024-09-24T11:55:09","slug":"plan-de-site","status":"publish","type":"page","link":"https:\/\/yestothenet.com\/ar\/%d8%ae%d8%b1%d9%8a%d8%b7%d8%a9-%d8%a7%d9%84%d9%85%d9%88%d9%82%d8%b9\/","title":{"rendered":"\u062e\u0631\u064a\u0637\u0629 \u0627\u0644\u0645\u0648\u0642\u0639"},"content":{"rendered":"<div data-elementor-type=\"wp-page\" data-elementor-id=\"5474\" class=\"elementor elementor-5474\" data-elementor-post-type=\"page\">\n\t\t\t\t\t\t<section class=\"elementor-section elementor-top-section elementor-element elementor-element-138251b ot-traditional elementor-section-boxed elementor-section-height-default elementor-section-height-default\" data-id=\"138251b\" data-element_type=\"section\">\n\t\t\t\t\t\t<div class=\"elementor-container elementor-column-gap-default\">\n\t\t\t\t\t<div class=\"elementor-column elementor-col-100 elementor-top-column elementor-element elementor-element-1b04217 ot-flex-column-vertical\" data-id=\"1b04217\" data-element_type=\"column\">\n\t\t\t<div class=\"elementor-widget-wrap elementor-element-populated\">\n\t\t\t\t\t\t<section class=\"elementor-section elementor-inner-section elementor-element elementor-element-ff8267e elementor-section-full_width elementor-section-content-bottom ot-traditional elementor-section-height-default elementor-section-height-default\" data-id=\"ff8267e\" data-element_type=\"section\" data-settings=\"{&quot;background_background&quot;:&quot;classic&quot;}\">\n\t\t\t\t\t\t\t<div class=\"elementor-background-overlay\"><\/div>\n\t\t\t\t\t\t\t<div class=\"elementor-container elementor-column-gap-extended\">\n\t\t\t\t\t<div class=\"elementor-column elementor-col-50 elementor-inner-column elementor-element elementor-element-9e0fbef ot-flex-column-vertical\" data-id=\"9e0fbef\" data-element_type=\"column\">\n\t\t\t<div class=\"elementor-widget-wrap elementor-element-populated\">\n\t\t\t\t\t\t<div class=\"elementor-element elementor-element-875a79c elementor-widget elementor-widget-iheading\" data-id=\"875a79c\" data-element_type=\"widget\" data-widget_type=\"iheading.default\">\n\t\t\t\t<div class=\"elementor-widget-container\">\n\t\t\t\t\t<div class=\"ot-heading\">\r\n\t        <h1 class=\"main-heading\">\u062e\u0631\u064a\u0637\u0629 \u0627\u0644\u0645\u0648\u0642\u0639:<\/h1>\t    <\/div>\r\n\t    \t\t<\/div>\n\t\t\t\t<\/div>\n\t\t\t\t\t<\/div>\n\t\t<\/div>\n\t\t\t\t<div class=\"elementor-column elementor-col-50 elementor-inner-column elementor-element elementor-element-3a82f24 ot-flex-column-vertical\" data-id=\"3a82f24\" data-element_type=\"column\">\n\t\t\t<div class=\"elementor-widget-wrap\">\n\t\t\t\t\t\t\t<\/div>\n\t\t<\/div>\n\t\t\t\t\t<\/div>\n\t\t<\/section>\n\t\t\t\t\t<\/div>\n\t\t<\/div>\n\t\t\t\t\t<\/div>\n\t\t<\/section>\n\t\t\t\t<section class=\"elementor-section elementor-top-section elementor-element elementor-element-998542c ot-traditional elementor-section-boxed elementor-section-height-default elementor-section-height-default\" data-id=\"998542c\" data-element_type=\"section\">\n\t\t\t\t\t\t<div class=\"elementor-container elementor-column-gap-default\">\n\t\t\t\t\t<div class=\"elementor-column elementor-col-100 elementor-top-column elementor-element elementor-element-0717c0a ot-flex-column-vertical\" data-id=\"0717c0a\" data-element_type=\"column\">\n\t\t\t<div class=\"elementor-widget-wrap elementor-element-populated\">\n\t\t\t\t\t\t<div class=\"elementor-element elementor-element-0f469e1 elementor-widget elementor-widget-text-editor\" data-id=\"0f469e1\" data-element_type=\"widget\" data-widget_type=\"text-editor.default\">\n\t\t\t\t<div class=\"elementor-widget-container\">\n\t\t\t\t\t\t\t<h2>\u0635<span style=\"color: #000000;\">\u0627\u0644\u0623\u0639\u0645\u0627\u0631:<\/span><\/h2><ul class=\"wsp-pages-list\"><li class=\"page_item page-item-2451\"><strong><span style=\"color: #000000;\"><a style=\"color: #000000;\" href=\"https:\/\/yestothenet.com\/ar\">\u0645\u0631\u062d\u0628\u0627\u064b<\/a><\/span><\/strong><\/li><li class=\"page_item page-item-5103\"><strong><span style=\"color: #000000;\"><a style=\"color: #000000;\" href=\"https:\/\/yestothenet.com\/ar\/%d9%88%d9%83%d8%a7%d9%84%d8%a9-%d9%85%d8%b1%d8%a7%d9%83%d8%b4-%d9%84%d9%84%d8%a7%d9%86%d8%aa%d8%b1%d9%86%d8%aa\/\">\u0648\u0643\u0627\u0644\u0629<\/a><\/span><\/strong><\/li><li class=\"page_item page-item-6031\"><span style=\"color: #000000;\"><strong>\u062e\u062f\u0645\u0627\u062a<\/strong>\u00a0<\/span><br \/><ul class=\"wsp-pages-list\"><li><span style=\"color: #000000;\"><a style=\"color: #000000;\" href=\"https:\/\/yestothenet.com\/ar\/%d8%a5%d9%86%d8%b4%d8%a7%d8%a1-%d9%85%d9%88%d9%82%d8%b9-%d9%88%d9%8a%d8%a8\/\">\u0645\u0648\u0642\u0639 \u0625\u0644\u0643\u062a\u0631\u0648\u0646\u064a<\/a><\/span><\/li><li><span style=\"color: #000000;\"><a style=\"color: #000000;\" href=\"https:\/\/yestothenet.com\/ar\/%d8%a7%d8%b3%d8%aa%d8%b1%d8%a7%d8%aa%d9%8a%d8%ac%d9%8a%d8%a7%d8%aa-%d8%a7%d9%84%d8%aa%d8%b3%d9%88%d9%8a%d9%82\/\">\u0627\u0633\u062a\u0631\u0627\u062a\u064a\u062c\u064a\u0627\u062a \u0627\u0644\u062a\u0633\u0648\u064a\u0642<\/a><\/span><\/li><li class=\"page_item page-item-6468\"><span style=\"color: #000000;\"><a style=\"color: #000000;\" href=\"https:\/\/yestothenet.com\/ar\/%d8%a5%d9%86%d8%b4%d8%a7%d8%a1-%d8%aa%d8%b7%d8%a8%d9%8a%d9%82%d8%a7%d8%aa-%d8%a7%d9%84%d9%87%d8%a7%d8%aa%d9%81-%d8%a7%d9%84%d9%85%d8%ad%d9%85%d9%88%d9%84\/\">\u0625\u0646\u0634\u0627\u0621 \u062a\u0637\u0628\u064a\u0642\u0627\u062a \u0627\u0644\u0647\u0627\u062a\u0641 \u0627\u0644\u0645\u062d\u0645\u0648\u0644<\/a><\/span><\/li><li class=\"page_item page-item-6441\"><span style=\"color: #000000;\"><a style=\"color: #000000;\" href=\"https:\/\/yestothenet.com\/ar\/%d8%a5%d9%86%d8%b4%d8%a7%d8%a1-%d8%aa%d8%b7%d8%a8%d9%8a%d9%82%d8%a7%d8%aa-%d8%a7%d9%84%d9%88%d9%8a%d8%a8\/\">\u0625\u0646\u0634\u0627\u0621 \u062a\u0637\u0628\u064a\u0642\u0627\u062a \u0627\u0644\u0648\u064a\u0628<\/a><\/span><\/li><li><span style=\"color: #000000;\"><a style=\"color: #000000;\" href=\"https:\/\/yestothenet.com\/ar\/%d8%a7%d9%84%d8%a5%d8%b4%d8%a7%d8%b1%d8%a9-%d8%a5%d9%84%d9%89-%d8%aa%d8%ad%d8%b3%d9%8a%d9%86-%d9%85%d8%ad%d8%b1%d9%83%d8%a7%d8%aa-%d8%a7%d9%84%d8%a8%d8%ad%d8%ab-%d8%a7%d9%84%d8%b7%d8%a8%d9%8a%d8%b9\/\">\u0627\u0644\u0625\u0634\u0627\u0631\u0629 \u0625\u0644\u0649 \u062a\u062d\u0633\u064a\u0646 \u0645\u062d\u0631\u0643\u0627\u062a \u0627\u0644\u0628\u062d\u062b \u0627\u0644\u0637\u0628\u064a\u0639\u064a\u0629<\/a><\/span><\/li><li><span style=\"color: #000000;\"><a style=\"color: #000000;\" href=\"https:\/\/yestothenet.com\/ar\/%d8%aa%d8%ad%d8%b3%d9%8a%d9%86-%d9%85%d8%ad%d8%b1%d9%83%d8%a7%d8%aa-%d8%a7%d9%84%d8%a8%d8%ad%d8%ab-%d8%a7%d9%84%d9%85%d8%af%d9%81%d9%88%d8%b9%d8%a9\/\">\u0627\u0644\u0645\u0631\u0627\u062c\u0639 \u0627\u0644\u0645\u062f\u0641\u0648\u0639\u0629 \u0645\u0646 SEA<\/a><\/span><\/li><li><span style=\"color: #000000;\"><a style=\"color: #000000;\" href=\"https:\/\/yestothenet.com\/ar\/%d8%a7%d9%84%d8%aa%d8%b5%d9%85%d9%8a%d9%85-%d8%a7%d9%84%d8%ac%d8%b1%d8%a7%d9%81%d9%8a%d9%83%d9%8a\/\">\u0627\u0644\u062a\u0635\u0645\u064a\u0645 \u0627\u0644\u062c\u0631\u0627\u0641\u064a\u0643\u064a<\/a><\/span><\/li><li><span style=\"color: #000000;\"><a style=\"color: #000000;\" href=\"https:\/\/yestothenet.com\/ar\/%d8%a5%d8%af%d8%a7%d8%b1%d8%a9-%d8%a7%d9%84%d9%85%d8%ac%d8%aa%d9%85%d8%b9\/\">\u0625\u062f\u0627\u0631\u0629 \u0627\u0644\u0645\u062c\u062a\u0645\u0639<\/a><\/span><\/li><\/ul><\/li><li><strong><span style=\"color: #000000;\">\u062e\u062f\u0645\u0627\u062a \u0627\u0644\u0627\u0633\u062a\u0639\u0627\u0646\u0629 \u0628\u0645\u0635\u0627\u062f\u0631 \u062e\u0627\u0631\u062c\u064a\u0629<\/span><\/strong><br \/><ul class=\"wsp-pages-list\"><li><span style=\"color: #000000;\"><a style=\"color: #000000;\" href=\"https:\/\/yestothenet.com\/ar\/%d8%a7%d9%84%d8%a7%d8%b3%d8%aa%d8%b9%d8%a7%d9%86%d8%a9-%d8%a8%d9%85%d8%b5%d8%a7%d8%af%d8%b1-%d8%ae%d8%a7%d8%b1%d8%ac%d9%8a%d8%a9-%d9%81%d9%8a-%d9%85%d8%ac%d8%a7%d9%84-%d8%aa%d9%83%d9%86%d9%88%d9%84\/\">\u0627\u0644\u0627\u0633\u062a\u0639\u0627\u0646\u0629 \u0628\u0645\u0635\u0627\u062f\u0631 \u062e\u0627\u0631\u062c\u064a\u0629<\/a><\/span><\/li><li><span style=\"color: #000000;\"><a style=\"color: #000000;\" href=\"https:\/\/yestothenet.com\/ar\/%d9%88%d9%83%d8%a7%d9%84%d8%a9-%d9%88%d9%8a%d8%a8-%d8%ae%d8%a7%d8%b1%d8%ac%d9%8a%d8%a9-%d8%a7%d9%84%d9%85%d8%ba%d8%b1%d8%a8\/\">\u0648\u0643\u0627\u0644\u0629 \u0648\u064a\u0628 \u062e\u0627\u0631\u062c\u064a\u0629 \u0627\u0644\u0645\u063a\u0631\u0628<\/a><\/span><br \/><ul class=\"wsp-pages-list\"><li class=\"page_item page-item-7810\"><span style=\"color: #008080;\"><a style=\"color: #008080;\" href=\"https:\/\/yestothenet.com\/ar\/%d8%a5%d9%86%d8%b4%d8%a7%d8%a1-%d8%aa%d8%b7%d8%a8%d9%8a%d9%82%d8%a7%d8%aa-%d8%a7%d9%84%d9%87%d8%a7%d8%aa%d9%81-%d8%a7%d9%84%d9%85%d8%ad%d9%85%d9%88%d9%84-%d8%a7%d9%84%d8%ae%d8%a7%d8%b1%d8%ac%d9%8a\/\">\u0625\u0646\u0634\u0627\u0621 \u062a\u0637\u0628\u064a\u0642\u0627\u062a \u0627\u0644\u0647\u0627\u062a\u0641 \u0627\u0644\u0645\u062d\u0645\u0648\u0644 \u0627\u0644\u062e\u0627\u0631\u062c\u064a\u0629<\/a><\/span><\/li><li class=\"page_item page-item-7773\"><span style=\"color: #008080;\"><a style=\"color: #008080;\" href=\"https:\/\/yestothenet.com\/ar\/%d8%a5%d9%86%d8%b4%d8%a7%d8%a1-%d8%aa%d8%b7%d8%a8%d9%8a%d9%82%d8%a7%d8%aa-%d8%a7%d9%84%d9%88%d9%8a%d8%a8-%d8%a7%d9%84%d8%ae%d8%a7%d8%b1%d8%ac%d9%8a%d8%a9\/\">\u0625\u0646\u0634\u0627\u0621 \u062a\u0637\u0628\u064a\u0642\u0627\u062a \u0627\u0644\u0648\u064a\u0628 \u0627\u0644\u062e\u0627\u0631\u062c\u064a\u0629<\/a><\/span><\/li><li><span style=\"color: #008080;\"><a style=\"color: #008080;\" href=\"https:\/\/yestothenet.com\/ar\/%d8%a7%d9%84%d9%85%d8%b1%d8%a7%d8%ac%d8%b9-%d8%a7%d9%84%d8%b7%d8%a8%d9%8a%d8%b9%d9%8a%d8%a9-%d9%84%d8%aa%d8%ad%d8%b3%d9%8a%d9%86-%d9%85%d8%ad%d8%b1%d9%83%d8%a7%d8%aa-%d8%a7%d9%84%d8%a8%d8%ad%d8%ab\/\">\u0627\u0644\u0645\u0631\u0627\u062c\u0639 \u0627\u0644\u0637\u0628\u064a\u0639\u064a\u0629 \u0644\u062a\u062d\u0633\u064a\u0646 \u0645\u062d\u0631\u0643\u0627\u062a \u0627\u0644\u0628\u062d\u062b \u0627\u0644\u062e\u0627\u0631\u062c\u064a\u0629<\/a><\/span><\/li><li class=\"page_item page-item-7835\"><span style=\"color: #008080;\"><a style=\"color: #008080;\" href=\"https:\/\/yestothenet.com\/ar\/%d8%a5%d9%86%d8%b4%d8%a7%d8%a1-%d9%85%d9%88%d9%82%d8%b9-%d9%88%d9%8a%d8%a8-%d8%ae%d8%a7%d8%b1%d8%ac%d9%8a\/\">\u0625\u0646\u0634\u0627\u0621 \u0645\u0648\u0642\u0639 \u0648\u064a\u0628 \u062e\u0627\u0631\u062c\u064a<\/a><\/span><\/li><\/ul><\/li><li><span style=\"color: #000000;\"><a style=\"color: #000000;\" href=\"https:\/\/yestothenet.com\/ar\/%d9%88%d9%83%d8%a7%d9%84%d8%a9-%d9%88%d9%8a%d8%a8-%d9%82%d8%b1%d9%8a%d8%a8%d8%a9-%d9%85%d9%86-%d8%a7%d9%84%d8%b4%d8%a7%d8%b7%d8%a6-%d8%a7%d9%84%d9%85%d8%ba%d8%b1%d8%a8\/\">\u0648\u0643\u0627\u0644\u0629 \u0648\u064a\u0628 \u0646\u064a\u0631\u0634\u0648\u0631 \u0627\u0644\u0645\u063a\u0631\u0628<\/a><\/span><\/li><\/ul><\/li><li><strong><span style=\"color: #000000;\"><a style=\"color: #000000;\" href=\"https:\/\/yestothenet.com\/ar\/%d9%85%d8%b1%d8%a7%d8%ac%d8%b9\/\">\u0645\u0631\u0627\u062c\u0639<\/a><\/span><\/strong><br \/><ul class=\"wsp-pages-list\"><li class=\"page_item page-item-6733\"><span style=\"color: #000000;\"><a style=\"color: #000000;\" href=\"https:\/\/yestothenet.com\/ar\/%d9%85%d8%b1%d8%ac%d8%b9-%d8%a3%d9%84%d9%83%d9%88%d9%86\/\">\u0645\u0631\u062c\u0639 ALCON<\/a><\/span><\/li><li class=\"page_item page-item-6633\"><span style=\"color: #000000;\"><a style=\"color: #000000;\" href=\"https:\/\/yestothenet.com\/ar\/%d9%85%d8%b1%d8%ac%d8%b9-%d9%85%d8%b3%d8%a7%d8%b9%d8%af-%d9%81%d8%a7%d8%b1%d9%8a%d9%84%d9%88%d9%83%d8%b3\/\">\u0645\u0631\u062c\u0639 ASSILOR \u2013 VARILUX<\/a><\/span><\/li><li class=\"page_item page-item-6668\"><span style=\"color: #000000;\"><a style=\"color: #000000;\" href=\"https:\/\/yestothenet.com\/ar\/%d9%85%d8%b1%d8%ac%d8%b9-%d8%a3%d9%88%d8%b4%d8%a7%d9%86\/\">\u0645\u0631\u062c\u0639 \u0623\u0648\u0634\u0627\u0646<\/a><\/span><\/li><li class=\"page_item page-item-6710\"><span style=\"color: #000000;\"><a style=\"color: #000000;\" href=\"https:\/\/yestothenet.com\/ar\/%d9%85%d8%b1%d8%ac%d8%b9-cged\/\">\u0645\u0631\u062c\u0639 CGED<\/a><\/span><\/li><li class=\"page_item page-item-6745\"><span style=\"color: #000000;\"><a style=\"color: #000000;\" href=\"https:\/\/yestothenet.com\/ar\/%d9%85%d8%b1%d8%ac%d8%b9-%d9%83%d8%b1%d9%8a%d8%a8%d8%aa%d9%88%d8%a8%d8%a7%d8%aa%d8%b1%d9%8a%d9%85%d9%88%d9%8a%d9%86\/\">\u0645\u0631\u062c\u0639 CRYPTOBATRICOMONIAL<\/a><\/span><\/li><li class=\"page_item page-item-6722\"><span style=\"color: #000000;\"><a style=\"color: #000000;\" href=\"https:\/\/yestothenet.com\/ar\/%d9%85%d8%b1%d8%ac%d8%b9-%d9%84%d9%8a%d9%83%d9%84%d9%8a%d8%b1\/\">\u0645\u0631\u062c\u0639 \u0625\u064a. \u0644\u064a\u0643\u0644\u064a\u0631<\/a><\/span><\/li><li class=\"page_item page-item-6648\"><span style=\"color: #000000;\"><a style=\"color: #000000;\" href=\"https:\/\/yestothenet.com\/ar\/%d9%85%d8%b1%d8%ac%d8%b9-mnh\/\">\u0645\u0631\u062c\u0639 MNH<\/a><\/span><\/li><li class=\"page_item page-item-6236\"><span style=\"color: #000000;\"><a style=\"color: #000000;\" href=\"https:\/\/yestothenet.com\/ar\/%d9%85%d8%b1%d8%ac%d8%b9-%d9%86%d8%a7%d9%8a%d9%83%d9%8a\/\">\u0645\u0631\u062c\u0639 \u0646\u0627\u064a\u0643\u064a<\/a><\/span><\/li><li class=\"page_item page-item-6699\"><span style=\"color: #000000;\"><a style=\"color: #000000;\" href=\"https:\/\/yestothenet.com\/ar\/%d9%85%d8%b1%d8%ac%d8%b9-%d8%a8%d8%a7%d9%86%d9%88%d9%81%d8%b1%d8%a7%d9%86%d8%b3\/\">\u0645\u0631\u062c\u0639 \u0628\u0627\u0646\u0648\u0641\u0631\u0627\u0646\u0633<\/a><\/span><\/li><\/ul><\/li><li class=\"page_item page-item-7447\"><strong><span style=\"color: #000000;\"><a style=\"color: #000000;\" href=\"https:\/\/yestothenet.com\/ar\/%d9%85%d8%af%d9%88%d9%86%d8%a9\/\">\u0645\u062f\u0648\u0646\u0629<\/a><\/span><\/strong><\/li><li class=\"page_item page-item-5233\"><strong><span style=\"color: #000000;\"><a style=\"color: #000000;\" href=\"https:\/\/yestothenet.com\/ar\/contact\/\">\u0627\u062a\u0635\u0627\u0644<\/a><\/span><\/strong><\/li><li><span style=\"color: #000000;\"><strong><a style=\"color: #000000;\" href=\"https:\/\/yestothenet.com\/ar\/plan-site\/\">\u062e\u0631\u064a\u0637\u0629 \u0627\u0644\u0645\u0648\u0642\u0639<\/a><\/strong><\/span><\/li><\/ul>\t\t\t\t\t\t<\/div>\n\t\t\t\t<\/div>\n\t\t\t\t\t<\/div>\n\t\t<\/div>\n\t\t\t\t\t<\/div>\n\t\t<\/section>\n\t\t\t\t<\/div>","protected":false},"excerpt":{"rendered":"<p>Plan de site : Pages : accueil Agence Services\u00a0 Site web Strat\u00e9gies marketing Cr\u00e9ation application Mobile Cr\u00e9ation application Web R\u00e9f\u00e9rencement Naturel SEO R\u00e9f\u00e9rencement Payant SEA Conception graphique Community management Services Outsourcing Outsourcing Agence web offshore Maroc Cr\u00e9ation d\u2019application mobile offshore Cr\u00e9ation d\u2019application web offshore R\u00e9f\u00e9rencement naturel SEO Offshore Cr\u00e9ation site web Offshore Agence web Nearshore [&hellip;]<\/p>","protected":false},"author":1,"featured_media":0,"parent":0,"menu_order":0,"comment_status":"closed","ping_status":"closed","template":"","meta":{"footnotes":""},"class_list":["post-5474","page","type-page","status-publish","hentry"],"yoast_head":"<!-- This site is optimized with the Yoast SEO plugin v23.6 - https:\/\/yoast.com\/wordpress\/plugins\/seo\/ -->\n<title>Plan de site - Yes To The Net<\/title>\n<meta name=\"robots\" content=\"index, follow, max-snippet:-1, max-image-preview:large, max-video-preview:-1\" \/>\n<link rel=\"canonical\" href=\"https:\/\/yestothenet.com\/ar\/\u062e\u0631\u064a\u0637\u0629-\u0627\u0644\u0645\u0648\u0642\u0639\/\" \/>\n<meta property=\"og:locale\" content=\"ar_AR\" \/>\n<meta property=\"og:type\" content=\"article\" \/>\n<meta property=\"og:title\" content=\"Plan de site - Yes To The Net\" \/>\n<meta property=\"og:description\" content=\"Plan de site : Pages : accueil Agence Services\u00a0 Site web Strat\u00e9gies marketing Cr\u00e9ation application Mobile Cr\u00e9ation application Web R\u00e9f\u00e9rencement Naturel SEO R\u00e9f\u00e9rencement Payant SEA Conception graphique Community management Services Outsourcing Outsourcing Agence web offshore Maroc Cr\u00e9ation d\u2019application mobile offshore Cr\u00e9ation d\u2019application web offshore R\u00e9f\u00e9rencement naturel SEO Offshore Cr\u00e9ation site web Offshore Agence web Nearshore [&hellip;]\" \/>\n<meta property=\"og:url\" content=\"https:\/\/yestothenet.com\/ar\/\u062e\u0631\u064a\u0637\u0629-\u0627\u0644\u0645\u0648\u0642\u0639\/\" \/>\n<meta property=\"og:site_name\" content=\"Yes To The Net\" \/>\n<meta property=\"article:publisher\" content=\"https:\/\/www.instagram.com\/yestothenet\/\" \/>\n<meta property=\"article:modified_time\" content=\"2024-09-24T11:55:09+00:00\" \/>\n<meta property=\"og:image\" content=\"https:\/\/yestothenet.com\/wp-content\/uploads\/2020\/09\/YES-THE-TO-NET-1.jpeg\" \/>\n\t<meta property=\"og:image:width\" content=\"1280\" \/>\n\t<meta property=\"og:image:height\" content=\"536\" \/>\n\t<meta property=\"og:image:type\" content=\"image\/jpeg\" \/>\n<meta name=\"twitter:card\" content=\"summary_large_image\" \/>\n<meta name=\"twitter:label1\" content=\"\u0648\u0642\u062a \u0627\u0644\u0642\u0631\u0627\u0621\u0629 \u0627\u0644\u0645\u064f\u0642\u062f\u0651\u0631\" \/>\n\t<meta name=\"twitter:data1\" content=\"\u062f\u0642\u064a\u0642\u0629 \u0648\u0627\u062d\u062f\u0629\" \/>\n<script type=\"application\/ld+json\" class=\"yoast-schema-graph\">{\"@context\":\"https:\/\/schema.org\",\"@graph\":[{\"@type\":\"WebPage\",\"@id\":\"https:\/\/yestothenet.com\/plan-de-site\/\",\"url\":\"https:\/\/yestothenet.com\/plan-de-site\/\",\"name\":\"Plan de site - Yes To The Net\",\"isPartOf\":{\"@id\":\"https:\/\/yestothenet.com\/#website\"},\"datePublished\":\"2023-09-01T11:43:48+00:00\",\"dateModified\":\"2024-09-24T11:55:09+00:00\",\"breadcrumb\":{\"@id\":\"https:\/\/yestothenet.com\/plan-de-site\/#breadcrumb\"},\"inLanguage\":\"ar\",\"potentialAction\":[{\"@type\":\"ReadAction\",\"target\":[\"https:\/\/yestothenet.com\/plan-de-site\/\"]}]},{\"@type\":\"BreadcrumbList\",\"@id\":\"https:\/\/yestothenet.com\/plan-de-site\/#breadcrumb\",\"itemListElement\":[{\"@type\":\"ListItem\",\"position\":1,\"name\":\"Accueil\",\"item\":\"https:\/\/yestothenet.com\/\"},{\"@type\":\"ListItem\",\"position\":2,\"name\":\"Plan de site\"}]},{\"@type\":\"WebSite\",\"@id\":\"https:\/\/yestothenet.com\/#website\",\"url\":\"https:\/\/yestothenet.com\/\",\"name\":\"YES TO THE NET\",\"description\":\"Votre agence de communication \u00e0 Marrakech\",\"publisher\":{\"@id\":\"https:\/\/yestothenet.com\/#organization\"},\"potentialAction\":[{\"@type\":\"SearchAction\",\"target\":{\"@type\":\"EntryPoint\",\"urlTemplate\":\"https:\/\/yestothenet.com\/?s={search_term_string}\"},\"query-input\":{\"@type\":\"PropertyValueSpecification\",\"valueRequired\":true,\"valueName\":\"search_term_string\"}}],\"inLanguage\":\"ar\"},{\"@type\":\"Organization\",\"@id\":\"https:\/\/yestothenet.com\/#organization\",\"name\":\"YES TO THE NET\",\"url\":\"https:\/\/yestothenet.com\/\",\"logo\":{\"@type\":\"ImageObject\",\"inLanguage\":\"ar\",\"@id\":\"https:\/\/yestothenet.com\/#\/schema\/logo\/image\/\",\"url\":\"https:\/\/yestothenet.com\/wp-content\/uploads\/2024\/02\/cropped-YES_THE_TO_NET-removebg-preview.png\",\"contentUrl\":\"https:\/\/yestothenet.com\/wp-content\/uploads\/2024\/02\/cropped-YES_THE_TO_NET-removebg-preview.png\",\"width\":512,\"height\":512,\"caption\":\"YES TO THE NET\"},\"image\":{\"@id\":\"https:\/\/yestothenet.com\/#\/schema\/logo\/image\/\"},\"sameAs\":[\"https:\/\/www.instagram.com\/yestothenet\/\"]}]}<\/script>\n<!-- \/ Yoast SEO plugin. -->","yoast_head_json":{"title":"Plan de site - Yes To The Net","robots":{"index":"index","follow":"follow","max-snippet":"max-snippet:-1","max-image-preview":"max-image-preview:large","max-video-preview":"max-video-preview:-1"},"canonical":"https:\/\/yestothenet.com\/ar\/\u062e\u0631\u064a\u0637\u0629-\u0627\u0644\u0645\u0648\u0642\u0639\/","og_locale":"ar_AR","og_type":"article","og_title":"Plan de site - Yes To The Net","og_description":"Plan de site : Pages : accueil Agence Services\u00a0 Site web Strat\u00e9gies marketing Cr\u00e9ation application Mobile Cr\u00e9ation application Web R\u00e9f\u00e9rencement Naturel SEO R\u00e9f\u00e9rencement Payant SEA Conception graphique Community management Services Outsourcing Outsourcing Agence web offshore Maroc Cr\u00e9ation d\u2019application mobile offshore Cr\u00e9ation d\u2019application web offshore R\u00e9f\u00e9rencement naturel SEO Offshore Cr\u00e9ation site web Offshore Agence web Nearshore [&hellip;]","og_url":"https:\/\/yestothenet.com\/ar\/\u062e\u0631\u064a\u0637\u0629-\u0627\u0644\u0645\u0648\u0642\u0639\/","og_site_name":"Yes To The Net","article_publisher":"https:\/\/www.instagram.com\/yestothenet\/","article_modified_time":"2024-09-24T11:55:09+00:00","og_image":[{"width":1280,"height":536,"url":"https:\/\/yestothenet.com\/wp-content\/uploads\/2020\/09\/YES-THE-TO-NET-1.jpeg","type":"image\/jpeg"}],"twitter_card":"summary_large_image","twitter_misc":{"\u0648\u0642\u062a \u0627\u0644\u0642\u0631\u0627\u0621\u0629 \u0627\u0644\u0645\u064f\u0642\u062f\u0651\u0631":"\u062f\u0642\u064a\u0642\u0629 \u0648\u0627\u062d\u062f\u0629"},"schema":{"@context":"https:\/\/schema.org","@graph":[{"@type":"WebPage","@id":"https:\/\/yestothenet.com\/plan-de-site\/","url":"https:\/\/yestothenet.com\/plan-de-site\/","name":"Plan de site - Yes To The Net","isPartOf":{"@id":"https:\/\/yestothenet.com\/#website"},"datePublished":"2023-09-01T11:43:48+00:00","dateModified":"2024-09-24T11:55:09+00:00","breadcrumb":{"@id":"https:\/\/yestothenet.com\/plan-de-site\/#breadcrumb"},"inLanguage":"ar","potentialAction":[{"@type":"ReadAction","target":["https:\/\/yestothenet.com\/plan-de-site\/"]}]},{"@type":"BreadcrumbList","@id":"https:\/\/yestothenet.com\/plan-de-site\/#breadcrumb","itemListElement":[{"@type":"ListItem","position":1,"name":"Accueil","item":"https:\/\/yestothenet.com\/"},{"@type":"ListItem","position":2,"name":"Plan de site"}]},{"@type":"WebSite","@id":"https:\/\/yestothenet.com\/#website","url":"https:\/\/yestothenet.com\/","name":"YES TO THE NET","description":"Votre agence de communication \u00e0 Marrakech","publisher":{"@id":"https:\/\/yestothenet.com\/#organization"},"potentialAction":[{"@type":"SearchAction","target":{"@type":"EntryPoint","urlTemplate":"https:\/\/yestothenet.com\/?s={search_term_string}"},"query-input":{"@type":"PropertyValueSpecification","valueRequired":true,"valueName":"search_term_string"}}],"inLanguage":"ar"},{"@type":"Organization","@id":"https:\/\/yestothenet.com\/#organization","name":"YES TO THE NET","url":"https:\/\/yestothenet.com\/","logo":{"@type":"ImageObject","inLanguage":"ar","@id":"https:\/\/yestothenet.com\/#\/schema\/logo\/image\/","url":"https:\/\/yestothenet.com\/wp-content\/uploads\/2024\/02\/cropped-YES_THE_TO_NET-removebg-preview.png","contentUrl":"https:\/\/yestothenet.com\/wp-content\/uploads\/2024\/02\/cropped-YES_THE_TO_NET-removebg-preview.png","width":512,"height":512,"caption":"YES TO THE NET"},"image":{"@id":"https:\/\/yestothenet.com\/#\/schema\/logo\/image\/"},"sameAs":["https:\/\/www.instagram.com\/yestothenet\/"]}]}},"_links":{"self":[{"href":"https:\/\/yestothenet.com\/ar\/wp-json\/wp\/v2\/pages\/5474","targetHints":{"allow":["GET"]}}],"collection":[{"href":"https:\/\/yestothenet.com\/ar\/wp-json\/wp\/v2\/pages"}],"about":[{"href":"https:\/\/yestothenet.com\/ar\/wp-json\/wp\/v2\/types\/page"}],"author":[{"embeddable":true,"href":"https:\/\/yestothenet.com\/ar\/wp-json\/wp\/v2\/users\/1"}],"replies":[{"embeddable":true,"href":"https:\/\/yestothenet.com\/ar\/wp-json\/wp\/v2\/comments?post=5474"}],"version-history":[{"count":109,"href":"https:\/\/yestothenet.com\/ar\/wp-json\/wp\/v2\/pages\/5474\/revisions"}],"predecessor-version":[{"id":9081,"href":"https:\/\/yestothenet.com\/ar\/wp-json\/wp\/v2\/pages\/5474\/revisions\/9081"}],"wp:attachment":[{"href":"https:\/\/yestothenet.com\/ar\/wp-json\/wp\/v2\/media?parent=5474"}],"curies":[{"name":"wp","href":"https:\/\/api.w.org\/{rel}","templated":true}]}}